{"id":101707,"date":"2023-06-09T14:26:09","date_gmt":"2023-06-09T12:26:09","guid":{"rendered":"https:\/\/staging.sp-ps.ch\/nos-positions\/dossiers-a-z\/impots-et-finances\/"},"modified":"2023-06-09T14:26:13","modified_gmt":"2023-06-09T12:26:13","slug":"impots-et-finances","status":"publish","type":"page","link":"https:\/\/staging.sp-ps.ch\/fr\/nos-positions\/dossiers-a-z\/impots-et-finances\/","title":{"rendered":"Imp\u00f4ts et finances"},"content":{"rendered":"\t\t<div data-elementor-type=\"wp-page\" data-elementor-id=\"101707\" class=\"elementor elementor-101707 elementor-16743\" data-elementor-post-type=\"page\">\n\t\t\t\t\t\t<section class=\"elementor-section elementor-top-section elementor-element elementor-element-84e48be elementor-section-boxed elementor-section-height-default elementor-section-height-default\" data-id=\"84e48be\" data-element_type=\"section\" data-e-type=\"section\" data-settings=\"{&quot;jet_parallax_layout_list&quot;:[],&quot;background_background&quot;:&quot;classic&quot;}\">\n\t\t\t\t\t\t<div class=\"elementor-container elementor-column-gap-wide\">\n\t\t\t\t\t<div class=\"elementor-column elementor-col-100 elementor-top-column elementor-element elementor-element-8785caa\" data-id=\"8785caa\" data-element_type=\"column\" data-e-type=\"column\">\n\t\t\t<div class=\"elementor-widget-wrap elementor-element-populated\">\n\t\t\t\t\t\t<div class=\"elementor-element elementor-element-016fc48 elementor-widget elementor-widget-heading\" data-id=\"016fc48\" data-element_type=\"widget\" data-e-type=\"widget\" data-widget_type=\"heading.default\">\n\t\t\t\t<div class=\"elementor-widget-container\">\n\t\t\t\t\t<h1 class=\"elementor-heading-title elementor-size-default\">Imp\u00f4ts et finances<\/h1>\t\t\t\t<\/div>\n\t\t\t\t<\/div>\n\t\t\t\t<div class=\"elementor-element elementor-element-1fa1f76 elementor-widget elementor-widget-jet-breadcrumbs\" data-id=\"1fa1f76\" data-element_type=\"widget\" data-e-type=\"widget\" data-widget_type=\"jet-breadcrumbs.default\">\n\t\t\t\t<div class=\"elementor-widget-container\">\n\t\t\t\t\t<div class=\"elementor-jet-breadcrumbs jet-blocks\">\n\t\t<div class=\"jet-breadcrumbs\">\n\t\t<div class=\"jet-breadcrumbs__content\">\n\t\t<div class=\"jet-breadcrumbs__wrap\">\n\t\t<\/div>\n\t\t<\/div>\n\t\t<\/div><\/div>\t\t\t\t<\/div>\n\t\t\t\t<\/div>\n\t\t\t\t<div class=\"elementor-element elementor-element-dc7c703 elementor-widget__width-initial elementor-widget elementor-widget-text-editor\" data-id=\"dc7c703\" data-element_type=\"widget\" data-e-type=\"widget\" data-widget_type=\"text-editor.default\">\n\t\t\t\t<div class=\"elementor-widget-container\">\n\t\t\t\t\t\t\t\t\t<p>Le PS s&#8217;engage pour une soci\u00e9t\u00e9 juste et progressiste avec une \u00e9galit\u00e9 des chances pour toutes et tous. Pour cela, il faut un \u00c9tat capable d&#8217;agir et disposant des ressources n\u00e9cessaires \u00e0 l\u2019accomplissement de ses t\u00e2ches.\u00a0<\/p>\n\t\t\t\t\t\t\t\t<\/div>\n\t\t\t\t<\/div>\n\t\t\t\t\t<\/div>\n\t\t<\/div>\n\t\t\t\t\t<\/div>\n\t\t<\/section>\n\t\t\t\t<section class=\"elementor-section elementor-top-section elementor-element elementor-element-8253aaa elementor-section-full_width elementor-section-height-min-height elementor-section-height-default elementor-section-items-middle\" data-id=\"8253aaa\" data-element_type=\"section\" data-e-type=\"section\" data-settings=\"{&quot;jet_parallax_layout_list&quot;:[]}\">\n\t\t\t\t\t\t<div class=\"elementor-container elementor-column-gap-no\">\n\t\t\t\t\t<div class=\"elementor-column elementor-col-100 elementor-top-column elementor-element elementor-element-ed5b4da\" data-id=\"ed5b4da\" data-element_type=\"column\" data-e-type=\"column\">\n\t\t\t<div class=\"elementor-widget-wrap elementor-element-populated\">\n\t\t\t\t\t\t<div class=\"elementor-element elementor-element-b20977b elementor-widget elementor-widget-image\" data-id=\"b20977b\" data-element_type=\"widget\" data-e-type=\"widget\" data-widget_type=\"image.default\">\n\t\t\t\t<div class=\"elementor-widget-container\">\n\t\t\t\t\t\t\t\t\t\t\t\t\t\t\t<img fetchpriority=\"high\" decoding=\"async\" width=\"2400\" height=\"1600\" src=\"https:\/\/staging.sp-ps.ch\/wp-content\/uploads\/2022\/06\/recha-oktaviani-h2aDKwigQeA-unsplash.jpg\" class=\"attachment-full size-full wp-image-14439\" alt=\"\" srcset=\"https:\/\/staging.sp-ps.ch\/wp-content\/uploads\/2022\/06\/recha-oktaviani-h2aDKwigQeA-unsplash.jpg 2400w, https:\/\/staging.sp-ps.ch\/wp-content\/uploads\/2022\/06\/recha-oktaviani-h2aDKwigQeA-unsplash-300x200.jpg 300w, https:\/\/staging.sp-ps.ch\/wp-content\/uploads\/2022\/06\/recha-oktaviani-h2aDKwigQeA-unsplash-1024x683.jpg 1024w, https:\/\/staging.sp-ps.ch\/wp-content\/uploads\/2022\/06\/recha-oktaviani-h2aDKwigQeA-unsplash-768x512.jpg 768w, https:\/\/staging.sp-ps.ch\/wp-content\/uploads\/2022\/06\/recha-oktaviani-h2aDKwigQeA-unsplash-1536x1024.jpg 1536w, https:\/\/staging.sp-ps.ch\/wp-content\/uploads\/2022\/06\/recha-oktaviani-h2aDKwigQeA-unsplash-2048x1365.jpg 2048w\" sizes=\"(max-width: 2400px) 100vw, 2400px\" \/>\t\t\t\t\t\t\t\t\t\t\t\t\t\t\t<\/div>\n\t\t\t\t<\/div>\n\t\t\t\t\t<\/div>\n\t\t<\/div>\n\t\t\t\t\t<\/div>\n\t\t<\/section>\n\t\t\t\t<section class=\"elementor-section elementor-top-section elementor-element elementor-element-5dff960 elementor-section-boxed elementor-section-height-default elementor-section-height-default\" data-id=\"5dff960\" data-element_type=\"section\" data-e-type=\"section\" data-settings=\"{&quot;jet_parallax_layout_list&quot;:[]}\">\n\t\t\t\t\t\t<div class=\"elementor-container elementor-column-gap-default\">\n\t\t\t\t\t<div class=\"elementor-column elementor-col-100 elementor-top-column elementor-element elementor-element-b46103d\" data-id=\"b46103d\" data-element_type=\"column\" data-e-type=\"column\">\n\t\t\t<div class=\"elementor-widget-wrap elementor-element-populated\">\n\t\t\t\t\t\t<div class=\"elementor-element elementor-element-8e74481 elementor-widget elementor-widget-spps_button_list\" data-id=\"8e74481\" data-element_type=\"widget\" data-e-type=\"widget\" data-widget_type=\"spps_button_list.default\">\n\t\t\t\t<div class=\"elementor-widget-container\">\n\t\t\t\t\t<div class=\"button-list-wrapper wrapper-spacing-default  \"><div class=\"button-list-title\"><h2>Imp\u00f4ts et finances<\/h2><\/div><div class=\"button-list-container\"><div class=\"button-list-text\"><p>Le PS s'engage pour une soci\u00e9t\u00e9 juste et progressiste avec une \u00e9galit\u00e9 des chances pour toutes et tous. Pour cela, il faut un \u00c9tat capable d'agir et disposant des ressources n\u00e9cessaires \u00e0 l\u2019accomplissement de ses t\u00e2ches. L'\u00c9tat doit garantir aux citoyennes et citoyens la s\u00e9curit\u00e9 sociale, l\u2019acc\u00e8s \u00e0 une formation de qualit\u00e9, de bonnes infrastructures dans le domaine du service public ainsi que des \u00e9quipements publics, ou encore permettre une offre culturelle vari\u00e9e. Ces d\u00e9penses publiques sont financ\u00e9es par les recettes fiscales.<\/p>\n<p>Le PS exige donc une plus grande \u00e9quit\u00e9 fiscale. Concr\u00e8tement, cela signifie une charge fiscale \u00e9quitable pour toutes et tous selon le principe de la capacit\u00e9 \u00e9conomique. La justice fiscale signifie\u00a0: pas de privil\u00e8ges pour des int\u00e9r\u00eats particuliers, les grandes entreprises, les investisseurs et les sp\u00e9culateurs. Le PS veut un syst\u00e8me fiscal \u00e9quitable qui lutte contre l'\u00e9cart croissant entre les riches et les pauvres. L'imposition doit \u00eatre renforc\u00e9e l\u00e0 o\u00f9 la fortune s'accumule sans que des prestations de travail soient fournies \u2014 c'est-\u00e0-dire en cas d'h\u00e9ritage, de gains en capital, d'int\u00e9r\u00eats et de gains immobiliers ainsi que de transactions financi\u00e8res. Les lacunes fiscales telles que l'imposition forfaitaire doivent \u00eatre supprim\u00e9es, les nouveaux privil\u00e8ges fiscaux doivent \u00eatre combattus et les d\u00e9ductions fiscales doivent \u00eatre minimis\u00e9es de mani\u00e8re g\u00e9n\u00e9rale. Les diff\u00e9rences cantonales en mati\u00e8re de charge fiscale sont d\u00e9sormais si \u00e9lev\u00e9es que la solidarit\u00e9 intercantonale et donc la coh\u00e9sion nationale sont menac\u00e9es : la concurrence fiscale ne conna\u00eet que des perdantes et des perdants.<\/p>\n<h3>Nos revendications<\/h3>\n<ul style ='list-style: none;'>\n<li style =\"background-image:url('https:\/\/staging.sp-ps.ch\/wp-content\/plugins\/elementor\/assets\/images\/placeholder.png'); background-size:0px;\"><strong>Lutter contre les nouveaux privil\u00e8ges fiscaux<\/strong> tels que la taxe au tonnage pour les entreprises de navigation et de mati\u00e8res premi\u00e8res.<\/li>\n<li style =\"background-image:url('https:\/\/staging.sp-ps.ch\/wp-content\/plugins\/elementor\/assets\/images\/placeholder.png'); background-size:0px;\"><strong>Cr\u00e9er une taxe sur les transactions financi\u00e8res coordonn\u00e9e au niveau international.<\/strong> Elle doit contribuer \u00e0 financer les investissements dans les domaines de la recherche et de la formation ainsi que pour la transition \u00e9nerg\u00e9tique. Elle constitue en outre un instrument pour endiguer les op\u00e9rations sp\u00e9culatives improductives.<\/li>\n<li style =\"background-image:url('https:\/\/staging.sp-ps.ch\/wp-content\/plugins\/elementor\/assets\/images\/placeholder.png'); background-size:0px;\"><strong>Introduire un imp\u00f4t progressif sur les gains en capital<\/strong> pour corriger le d\u00e9ficit d'imposition des plus-values boursi\u00e8res, des titres et des valeurs r\u00e9elles. Les revenus du capital doivent \u00eatre plus fortement impos\u00e9s que les revenus du travail.<\/li>\n<li style =\"background-image:url('https:\/\/staging.sp-ps.ch\/wp-content\/plugins\/elementor\/assets\/images\/placeholder.png'); background-size:0px;\"><strong>Harmoniser les taux d'imposition des entreprises dans toute la Suisse.<\/strong> Poursuivre le d\u00e9veloppement de l'imp\u00f4t minimum de l'OCDE pour les grands groupes. Garantir une r\u00e9partition \u00e9quitable des recettes suppl\u00e9mentaires.<\/li>\n<li style =\"background-image:url('https:\/\/staging.sp-ps.ch\/wp-content\/plugins\/elementor\/assets\/images\/placeholder.png'); background-size:0px;\"><strong>La coop\u00e9ration suisse au d\u00e9veloppement doit contribuer \u00e0 la mise en place de syst\u00e8mes fiscaux performants et transparents dans ses \u00c9tats partenaires,<\/strong> qui luttent efficacement contre l'\u00e9vasion fiscale. Il est particuli\u00e8rement urgent de mettre en place des strat\u00e9gies efficaces contre l'\u00e9vasion fiscale dans le commerce des mati\u00e8res premi\u00e8res.<\/li>\n<li style =\"background-image:url('https:\/\/staging.sp-ps.ch\/wp-content\/plugins\/elementor\/assets\/images\/placeholder.png'); background-size:0px;\">La Suisse doit prendre des mesures pr\u00e9coces aux niveaux national et international afin d'<strong>\u00e9viter que les crypto-monnaies ne soient utilis\u00e9es pour l'\u00e9vasion fiscale<\/strong>, le blanchiment d'argent et d'autres flux financiers illicites.<\/li>\n<li style =\"background-image:url('https:\/\/staging.sp-ps.ch\/wp-content\/plugins\/elementor\/assets\/images\/placeholder.png'); background-size:0px;\">Les <strong>cons\u00e9quences de la num\u00e9risation sur les recettes fiscales doivent \u00eatre \u00e9tudi\u00e9es<\/strong> de mani\u00e8re prospective et diff\u00e9rents concepts de solution doivent \u00eatre \u00e9labor\u00e9s.<\/li>\n<\/ul>\n<\/div><\/div><\/div>\t\t\t\t<\/div>\n\t\t\t\t<\/div>\n\t\t\t\t\t<\/div>\n\t\t<\/div>\n\t\t\t\t\t<\/div>\n\t\t<\/section>\n\t\t\t\t<\/div>\n\t\t","protected":false},"excerpt":{"rendered":"<p>Imp\u00f4ts et finances Le PS s&#8217;engage pour une soci\u00e9t\u00e9 juste et progressiste avec une \u00e9galit\u00e9 des chances pour toutes et tous. Pour cela, il faut un \u00c9tat capable d&#8217;agir et [&hellip;]<\/p>\n","protected":false},"author":1,"featured_media":0,"parent":17197,"menu_order":13,"comment_status":"closed","ping_status":"closed","template":"","meta":{"footnotes":""},"class_list":["post-101707","page","type-page","status-publish","hentry"],"_links":{"self":[{"href":"https:\/\/staging.sp-ps.ch\/fr\/wp-json\/wp\/v2\/pages\/101707","targetHints":{"allow":["GET"]}}],"collection":[{"href":"https:\/\/staging.sp-ps.ch\/fr\/wp-json\/wp\/v2\/pages"}],"about":[{"href":"https:\/\/staging.sp-ps.ch\/fr\/wp-json\/wp\/v2\/types\/page"}],"author":[{"embeddable":true,"href":"https:\/\/staging.sp-ps.ch\/fr\/wp-json\/wp\/v2\/users\/1"}],"replies":[{"embeddable":true,"href":"https:\/\/staging.sp-ps.ch\/fr\/wp-json\/wp\/v2\/comments?post=101707"}],"version-history":[{"count":1,"href":"https:\/\/staging.sp-ps.ch\/fr\/wp-json\/wp\/v2\/pages\/101707\/revisions"}],"predecessor-version":[{"id":101708,"href":"https:\/\/staging.sp-ps.ch\/fr\/wp-json\/wp\/v2\/pages\/101707\/revisions\/101708"}],"up":[{"embeddable":true,"href":"https:\/\/staging.sp-ps.ch\/fr\/wp-json\/wp\/v2\/pages\/17197"}],"wp:attachment":[{"href":"https:\/\/staging.sp-ps.ch\/fr\/wp-json\/wp\/v2\/media?parent=101707"}],"curies":[{"name":"wp","href":"https:\/\/api.w.org\/{rel}","templated":true}]}}