{"id":104558,"date":"2023-09-25T16:34:42","date_gmt":"2023-09-25T14:34:42","guid":{"rendered":"https:\/\/staging.sp-ps.ch\/?page_id=104558"},"modified":"2026-01-29T12:51:35","modified_gmt":"2026-01-29T11:51:35","slug":"4-egalite","status":"publish","type":"page","link":"https:\/\/staging.sp-ps.ch\/fr\/manuels-des-sections\/4-egalite\/","title":{"rendered":"Manuel des sections 4 \u00ab Egalit\u00e9 dans les sections \u00bb"},"content":{"rendered":"\t\t<div data-elementor-type=\"wp-page\" data-elementor-id=\"104558\" class=\"elementor elementor-104558 elementor-104557\" data-elementor-post-type=\"page\">\n\t\t\t\t\t\t<section class=\"elementor-section elementor-top-section elementor-element elementor-element-1d2bca0 elementor-section-boxed elementor-section-height-default elementor-section-height-default\" data-id=\"1d2bca0\" data-element_type=\"section\" data-e-type=\"section\" data-settings=\"{&quot;jet_parallax_layout_list&quot;:[],&quot;background_background&quot;:&quot;classic&quot;}\">\n\t\t\t\t\t\t<div class=\"elementor-container elementor-column-gap-wide\">\n\t\t\t\t\t<div class=\"elementor-column elementor-col-100 elementor-top-column elementor-element elementor-element-0bcc30c\" data-id=\"0bcc30c\" data-element_type=\"column\" data-e-type=\"column\">\n\t\t\t<div class=\"elementor-widget-wrap elementor-element-populated\">\n\t\t\t\t\t\t<div class=\"elementor-element elementor-element-b811fae elementor-widget elementor-widget-heading\" data-id=\"b811fae\" data-element_type=\"widget\" data-e-type=\"widget\" data-widget_type=\"heading.default\">\n\t\t\t\t<div class=\"elementor-widget-container\">\n\t\t\t\t\t<h1 class=\"elementor-heading-title elementor-size-default\">Manuel des sections 4 \u00ab Egalit\u00e9 dans les sections \u00bb<\/h1>\t\t\t\t<\/div>\n\t\t\t\t<\/div>\n\t\t\t\t<div class=\"elementor-element elementor-element-395a8b2 elementor-widget elementor-widget-jet-breadcrumbs\" data-id=\"395a8b2\" data-element_type=\"widget\" data-e-type=\"widget\" data-widget_type=\"jet-breadcrumbs.default\">\n\t\t\t\t<div class=\"elementor-widget-container\">\n\t\t\t\t\t<div class=\"elementor-jet-breadcrumbs jet-blocks\">\n\t\t<div class=\"jet-breadcrumbs\">\n\t\t<div class=\"jet-breadcrumbs__content\">\n\t\t<div class=\"jet-breadcrumbs__wrap\">\n\t\t<\/div>\n\t\t<\/div>\n\t\t<\/div><\/div>\t\t\t\t<\/div>\n\t\t\t\t<\/div>\n\t\t\t\t\t<\/div>\n\t\t<\/div>\n\t\t\t\t\t<\/div>\n\t\t<\/section>\n\t\t\t\t<section class=\"elementor-section elementor-top-section elementor-element elementor-element-be30af5 elementor-section-boxed elementor-section-height-default elementor-section-height-default\" data-id=\"be30af5\" data-element_type=\"section\" data-e-type=\"section\" data-settings=\"{&quot;jet_parallax_layout_list&quot;:[]}\">\n\t\t\t\t\t\t<div class=\"elementor-container elementor-column-gap-wide\">\n\t\t\t\t\t<div class=\"elementor-column elementor-col-100 elementor-top-column elementor-element elementor-element-53664ee\" data-id=\"53664ee\" data-element_type=\"column\" data-e-type=\"column\">\n\t\t\t<div class=\"elementor-widget-wrap elementor-element-populated\">\n\t\t\t\t\t\t<div class=\"elementor-element elementor-element-2e60164 elementor-widget elementor-widget-spacer\" data-id=\"2e60164\" data-element_type=\"widget\" data-e-type=\"widget\" data-widget_type=\"spacer.default\">\n\t\t\t\t<div class=\"elementor-widget-container\">\n\t\t\t\t\t\t\t<div class=\"elementor-spacer\">\n\t\t\t<div class=\"elementor-spacer-inner\"><\/div>\n\t\t<\/div>\n\t\t\t\t\t\t<\/div>\n\t\t\t\t<\/div>\n\t\t\t\t<div class=\"elementor-element elementor-element-e0c6d87 elementor-widget elementor-widget-spps_title_text\" data-id=\"e0c6d87\" data-element_type=\"widget\" data-e-type=\"widget\" data-widget_type=\"spps_title_text.default\">\n\t\t\t\t<div class=\"elementor-widget-container\">\n\t\t\t\t\t<div class=\"title-text-wrapper \"><div class=\"title-text-container\"><div class=\"title-text-text\"><div class=\"body\"><div class=\"body\"><p>La nouvelle version du manuel des sections 4 peut \u00eatre command\u00e9e gratuitement sous forme de brochure imprim\u00e9e au <a href=\"https:\/\/staging.sp-ps.ch\/fr\/shop-sections\/\">shop pour les sections du PS Suisse<\/a> ou \u00e0\u00a0<a href=\"mailto:info@pssuisse.ch\">info@pssuisse.ch<\/a><strong><br \/><\/strong><\/p><\/div><\/div><\/div><\/div><\/div>\t\t\t\t<\/div>\n\t\t\t\t<\/div>\n\t\t\t\t\t<\/div>\n\t\t<\/div>\n\t\t\t\t\t<\/div>\n\t\t<\/section>\n\t\t\t\t<section class=\"elementor-section elementor-top-section elementor-element elementor-element-2ab4fb0 elementor-section-boxed elementor-section-height-default elementor-section-height-default\" data-id=\"2ab4fb0\" data-element_type=\"section\" data-e-type=\"section\" data-settings=\"{&quot;jet_parallax_layout_list&quot;:[]}\">\n\t\t\t\t\t\t<div class=\"elementor-container elementor-column-gap-default\">\n\t\t\t\t\t<div class=\"elementor-column elementor-col-100 elementor-top-column elementor-element elementor-element-500b82f\" data-id=\"500b82f\" data-element_type=\"column\" data-e-type=\"column\">\n\t\t\t<div class=\"elementor-widget-wrap elementor-element-populated\">\n\t\t\t\t\t\t<div class=\"elementor-element elementor-element-d72e1c2 elementor-widget elementor-widget-spps_button\" data-id=\"d72e1c2\" data-element_type=\"widget\" data-e-type=\"widget\" data-widget_type=\"spps_button.default\">\n\t\t\t\t<div class=\"elementor-widget-container\">\n\t\t\t\t\t<div class=\"button-wrapper button-wrapper-center\"><a href=\"https:\/\/staging.sp-ps.ch\/wp-content\/uploads\/2025\/09\/SPSchweiz_Sektionshandbuch_B4_F_WEB.pdf\"  target=\"_self\" class=\"button-link button-link-download\" >Ici tu peux t\u00e9l\u00e9charger le nouveau manuel des s\u00e9ctions 4 en PDF<\/a><\/div>\t\t\t\t<\/div>\n\t\t\t\t<\/div>\n\t\t\t\t\t<\/div>\n\t\t<\/div>\n\t\t\t\t\t<\/div>\n\t\t<\/section>\n\t\t\t\t<section class=\"elementor-section elementor-top-section elementor-element elementor-element-24b3a7a elementor-section-boxed elementor-section-height-default elementor-section-height-default\" data-id=\"24b3a7a\" data-element_type=\"section\" data-e-type=\"section\" data-settings=\"{&quot;jet_parallax_layout_list&quot;:[]}\">\n\t\t\t\t\t\t<div class=\"elementor-container elementor-column-gap-default\">\n\t\t\t\t\t<div class=\"elementor-column elementor-col-100 elementor-top-column elementor-element elementor-element-23577b5\" data-id=\"23577b5\" data-element_type=\"column\" data-e-type=\"column\">\n\t\t\t<div class=\"elementor-widget-wrap elementor-element-populated\">\n\t\t\t\t\t\t<div class=\"elementor-element elementor-element-039c614 elementor-widget elementor-widget-spps_button_list\" data-id=\"039c614\" data-element_type=\"widget\" data-e-type=\"widget\" data-widget_type=\"spps_button_list.default\">\n\t\t\t\t<div class=\"elementor-widget-container\">\n\t\t\t\t\t<div class=\"button-list-wrapper wrapper-spacing-small  \"><div class=\"button-list-title\"><h3>Documents relatifs au manuel 4 \u00ab Egalit\u00e9 dans les sections \u00bb<\/h3><\/div><div class=\"button-list-container\"><div class=\"button-list-text\"><p>Ces documents sont con\u00e7us \u00e0 titre d\u2019exemples. En r\u00e8gle g\u00e9n\u00e9rale, ce ne sont pas des documents officiels du PS Suisse. Ils doivent \u00eatre adapt\u00e9s \u00e0 la situation et aux conditions locales.<\/p>\n<\/div><div class=\"button-list-items\"><div class=\"button-list-item\"><div class=\"button-wrapper \"><a href=\"hthttps:\/\/staging.sp-ps.ch\/wp-content\/uploads\/2025\/09\/FR_Genderwatchprotokoll_Modele.xlsx\"  target=\"_self\" class=\"button-link button-link-default\" >Mod\u00e8le pour un Protocole Gender Watch<span class=\"button-media-date\">18.04.2026<\/span><\/a><\/div><\/div><\/div><\/div><\/div>\t\t\t\t<\/div>\n\t\t\t\t<\/div>\n\t\t\t\t\t<\/div>\n\t\t<\/div>\n\t\t\t\t\t<\/div>\n\t\t<\/section>\n\t\t\t\t<\/div>\n\t\t","protected":false},"excerpt":{"rendered":"<p>Manuel des sections 4 \u00ab Egalit\u00e9 dans les sections \u00bb La nouvelle version du manuel des sections 4 peut \u00eatre command\u00e9e gratuitement sous forme de brochure imprim\u00e9e au shop pour [&hellip;]<\/p>\n","protected":false},"author":23,"featured_media":0,"parent":67367,"menu_order":11,"comment_status":"closed","ping_status":"closed","template":"","meta":{"footnotes":""},"class_list":["post-104558","page","type-page","status-publish","hentry"],"_links":{"self":[{"href":"https:\/\/staging.sp-ps.ch\/fr\/wp-json\/wp\/v2\/pages\/104558","targetHints":{"allow":["GET"]}}],"collection":[{"href":"https:\/\/staging.sp-ps.ch\/fr\/wp-json\/wp\/v2\/pages"}],"about":[{"href":"https:\/\/staging.sp-ps.ch\/fr\/wp-json\/wp\/v2\/types\/page"}],"author":[{"embeddable":true,"href":"https:\/\/staging.sp-ps.ch\/fr\/wp-json\/wp\/v2\/users\/23"}],"replies":[{"embeddable":true,"href":"https:\/\/staging.sp-ps.ch\/fr\/wp-json\/wp\/v2\/comments?post=104558"}],"version-history":[{"count":16,"href":"https:\/\/staging.sp-ps.ch\/fr\/wp-json\/wp\/v2\/pages\/104558\/revisions"}],"predecessor-version":[{"id":177920,"href":"https:\/\/staging.sp-ps.ch\/fr\/wp-json\/wp\/v2\/pages\/104558\/revisions\/177920"}],"up":[{"embeddable":true,"href":"https:\/\/staging.sp-ps.ch\/fr\/wp-json\/wp\/v2\/pages\/67367"}],"wp:attachment":[{"href":"https:\/\/staging.sp-ps.ch\/fr\/wp-json\/wp\/v2\/media?parent=104558"}],"curies":[{"name":"wp","href":"https:\/\/api.w.org\/{rel}","templated":true}]}}