{"id":109917,"date":"2023-08-22T18:12:31","date_gmt":"2023-08-22T16:12:31","guid":{"rendered":"https:\/\/staging.sp-ps.ch\/en-un-clin-doeuil\/"},"modified":"2023-09-12T17:16:20","modified_gmt":"2023-09-12T15:16:20","slug":"nos-themes-de-campagne-en-bref","status":"publish","type":"page","link":"https:\/\/staging.sp-ps.ch\/fr\/nos-themes-de-campagne-en-bref\/","title":{"rendered":"Nos th\u00e8mes de campagne en bref"},"content":{"rendered":"\t\t<div data-elementor-type=\"wp-page\" data-elementor-id=\"109917\" class=\"elementor elementor-109917 elementor-95275\" data-elementor-post-type=\"page\">\n\t\t\t\t\t\t<section class=\"elementor-section elementor-top-section elementor-element elementor-element-6e6beb4 elementor-section-boxed elementor-section-height-default elementor-section-height-default\" data-id=\"6e6beb4\" data-element_type=\"section\" data-e-type=\"section\" data-settings=\"{&quot;jet_parallax_layout_list&quot;:[],&quot;background_background&quot;:&quot;classic&quot;}\">\n\t\t\t\t\t\t<div class=\"elementor-container elementor-column-gap-wide\">\n\t\t\t\t\t<div class=\"elementor-column elementor-col-100 elementor-top-column elementor-element elementor-element-045ce66\" data-id=\"045ce66\" data-element_type=\"column\" data-e-type=\"column\">\n\t\t\t<div class=\"elementor-widget-wrap elementor-element-populated\">\n\t\t\t\t\t\t<div class=\"elementor-element elementor-element-36365cb elementor-widget elementor-widget-heading\" data-id=\"36365cb\" data-element_type=\"widget\" data-e-type=\"widget\" data-widget_type=\"heading.default\">\n\t\t\t\t<div class=\"elementor-widget-container\">\n\t\t\t\t\t<h1 class=\"elementor-heading-title elementor-size-default\">Nous prenons parti pour une Suisse solidaire.<\/h1>\t\t\t\t<\/div>\n\t\t\t\t<\/div>\n\t\t\t\t<div class=\"elementor-element elementor-element-2917823 elementor-widget elementor-widget-jet-breadcrumbs\" data-id=\"2917823\" data-element_type=\"widget\" data-e-type=\"widget\" data-widget_type=\"jet-breadcrumbs.default\">\n\t\t\t\t<div class=\"elementor-widget-container\">\n\t\t\t\t\t<div class=\"elementor-jet-breadcrumbs jet-blocks\">\n\t\t<div class=\"jet-breadcrumbs\">\n\t\t<div class=\"jet-breadcrumbs__content\">\n\t\t<div class=\"jet-breadcrumbs__wrap\">\n\t\t<\/div>\n\t\t<\/div>\n\t\t<\/div><\/div>\t\t\t\t<\/div>\n\t\t\t\t<\/div>\n\t\t\t\t\t<\/div>\n\t\t<\/div>\n\t\t\t\t\t<\/div>\n\t\t<\/section>\n\t\t\t\t<section class=\"elementor-section elementor-top-section elementor-element elementor-element-a23f233 elementor-section-content-middle elementor-reverse-mobile elementor-section-boxed elementor-section-height-default elementor-section-height-default\" data-id=\"a23f233\" data-element_type=\"section\" data-e-type=\"section\" data-settings=\"{&quot;jet_parallax_layout_list&quot;:[]}\">\n\t\t\t\t\t\t<div class=\"elementor-container elementor-column-gap-wide\">\n\t\t\t\t\t<div class=\"elementor-column elementor-col-50 elementor-top-column elementor-element elementor-element-fd2c081\" data-id=\"fd2c081\" data-element_type=\"column\" data-e-type=\"column\">\n\t\t\t<div class=\"elementor-widget-wrap elementor-element-populated\">\n\t\t\t\t\t\t<div class=\"elementor-element elementor-element-49a4073 elementor-hidden-mobile elementor-widget elementor-widget-spacer\" data-id=\"49a4073\" data-element_type=\"widget\" data-e-type=\"widget\" data-widget_type=\"spacer.default\">\n\t\t\t\t<div class=\"elementor-widget-container\">\n\t\t\t\t\t\t\t<div class=\"elementor-spacer\">\n\t\t\t<div class=\"elementor-spacer-inner\"><\/div>\n\t\t<\/div>\n\t\t\t\t\t\t<\/div>\n\t\t\t\t<\/div>\n\t\t\t\t<div class=\"elementor-element elementor-element-e50b906 elementor-widget elementor-widget-spps_title_text\" data-id=\"e50b906\" data-element_type=\"widget\" data-e-type=\"widget\" data-widget_type=\"spps_title_text.default\">\n\t\t\t\t<div class=\"elementor-widget-container\">\n\t\t\t\t\t<div class=\"title-text-wrapper \"><div class=\"title-text-title\"><h2>Nous prenons parti pour le pouvoir d'achat.<\/h2><\/div><div class=\"title-text-container\"><div class=\"title-text-text\"><p>La Suisse est un pays riche. Mais les fins de mois sont difficiles pour de nombreuses personnes\u00a0: les loyers et les primes d\u2019assurance-maladie augmentent sans cesse. Quant au pouvoir d\u2019achat, il est lui aussi sous pression. Nous voulons que tout le monde ait assez d\u2019argent pour vivre, m\u00eame celles et ceux qui ne gagnent pas des millions. Nous nous engageons donc pour des loyers abordables, des primes d\u2019assurance-maladie plus basses et des retraites dignes.<\/p>\n<\/div><\/div><\/div>\t\t\t\t<\/div>\n\t\t\t\t<\/div>\n\t\t\t\t<div class=\"elementor-element elementor-element-238e5b0 elementor-widget elementor-widget-spps_button\" data-id=\"238e5b0\" data-element_type=\"widget\" data-e-type=\"widget\" data-widget_type=\"spps_button.default\">\n\t\t\t\t<div class=\"elementor-widget-container\">\n\t\t\t\t\t<div class=\"button-wrapper button-wrapper-left\"><a href=\"https:\/\/staging.sp-ps.ch\/fr\/renforcer-le-pouvoir-dachat\/\"  target=\"_self\" class=\"button-link button-link-default\" >Savoir plus<\/a><\/div>\t\t\t\t<\/div>\n\t\t\t\t<\/div>\n\t\t\t\t\t<\/div>\n\t\t<\/div>\n\t\t\t\t<div class=\"elementor-column elementor-col-50 elementor-top-column elementor-element elementor-element-aa3c1dd\" data-id=\"aa3c1dd\" data-element_type=\"column\" data-e-type=\"column\">\n\t\t\t<div class=\"elementor-widget-wrap elementor-element-populated\">\n\t\t\t\t\t\t<div class=\"elementor-element elementor-element-c049d62 elementor-hidden-desktop elementor-hidden-tablet elementor-widget elementor-widget-spacer\" data-id=\"c049d62\" data-element_type=\"widget\" data-e-type=\"widget\" data-widget_type=\"spacer.default\">\n\t\t\t\t<div class=\"elementor-widget-container\">\n\t\t\t\t\t\t\t<div class=\"elementor-spacer\">\n\t\t\t<div class=\"elementor-spacer-inner\"><\/div>\n\t\t<\/div>\n\t\t\t\t\t\t<\/div>\n\t\t\t\t<\/div>\n\t\t\t\t<div class=\"elementor-element elementor-element-d79341c elementor-widget elementor-widget-image\" data-id=\"d79341c\" data-element_type=\"widget\" data-e-type=\"widget\" data-widget_type=\"image.default\">\n\t\t\t\t<div class=\"elementor-widget-container\">\n\t\t\t\t\t\t\t\t\t\t\t\t\t\t\t<img fetchpriority=\"high\" decoding=\"async\" width=\"2000\" height=\"956\" src=\"https:\/\/staging.sp-ps.ch\/wp-content\/uploads\/2023\/09\/Bild-Kaufkraft-2000x956.jpg\" class=\"attachment-spps-sujet-f12 size-spps-sujet-f12 wp-image-112654\" alt=\"\" srcset=\"https:\/\/staging.sp-ps.ch\/wp-content\/uploads\/2023\/09\/Bild-Kaufkraft-2000x956.jpg 2000w, https:\/\/staging.sp-ps.ch\/wp-content\/uploads\/2023\/09\/Bild-Kaufkraft-1000x478.jpg 1000w\" sizes=\"(max-width: 2000px) 100vw, 2000px\" \/>\t\t\t\t\t\t\t\t\t\t\t\t\t\t\t<\/div>\n\t\t\t\t<\/div>\n\t\t\t\t\t<\/div>\n\t\t<\/div>\n\t\t\t\t\t<\/div>\n\t\t<\/section>\n\t\t\t\t<section class=\"elementor-section elementor-top-section elementor-element elementor-element-116746b elementor-reverse-mobile elementor-section-content-middle elementor-section-boxed elementor-section-height-default elementor-section-height-default\" data-id=\"116746b\" data-element_type=\"section\" data-e-type=\"section\" data-settings=\"{&quot;jet_parallax_layout_list&quot;:[]}\">\n\t\t\t\t\t\t<div class=\"elementor-container elementor-column-gap-wide\">\n\t\t\t\t\t<div class=\"elementor-column elementor-col-50 elementor-top-column elementor-element elementor-element-480121b\" data-id=\"480121b\" data-element_type=\"column\" data-e-type=\"column\">\n\t\t\t<div class=\"elementor-widget-wrap elementor-element-populated\">\n\t\t\t\t\t\t<div class=\"elementor-element elementor-element-76bbf68 elementor-hidden-desktop elementor-hidden-tablet elementor-widget elementor-widget-spacer\" data-id=\"76bbf68\" data-element_type=\"widget\" data-e-type=\"widget\" data-widget_type=\"spacer.default\">\n\t\t\t\t<div class=\"elementor-widget-container\">\n\t\t\t\t\t\t\t<div class=\"elementor-spacer\">\n\t\t\t<div class=\"elementor-spacer-inner\"><\/div>\n\t\t<\/div>\n\t\t\t\t\t\t<\/div>\n\t\t\t\t<\/div>\n\t\t\t\t<div class=\"elementor-element elementor-element-8459921 elementor-widget elementor-widget-image\" data-id=\"8459921\" data-element_type=\"widget\" data-e-type=\"widget\" data-widget_type=\"image.default\">\n\t\t\t\t<div class=\"elementor-widget-container\">\n\t\t\t\t\t\t\t\t\t\t\t\t\t\t\t<img decoding=\"async\" width=\"2000\" height=\"956\" src=\"https:\/\/staging.sp-ps.ch\/wp-content\/uploads\/2023\/09\/DSC_0827FR-2000x956.jpg\" class=\"attachment-spps-sujet-f12 size-spps-sujet-f12 wp-image-112683\" alt=\"\" srcset=\"https:\/\/staging.sp-ps.ch\/wp-content\/uploads\/2023\/09\/DSC_0827FR-2000x956.jpg 2000w, https:\/\/staging.sp-ps.ch\/wp-content\/uploads\/2023\/09\/DSC_0827FR-1000x478.jpg 1000w\" sizes=\"(max-width: 2000px) 100vw, 2000px\" \/>\t\t\t\t\t\t\t\t\t\t\t\t\t\t\t<\/div>\n\t\t\t\t<\/div>\n\t\t\t\t\t<\/div>\n\t\t<\/div>\n\t\t\t\t<div class=\"elementor-column elementor-col-50 elementor-top-column elementor-element elementor-element-bb247d9\" data-id=\"bb247d9\" data-element_type=\"column\" data-e-type=\"column\">\n\t\t\t<div class=\"elementor-widget-wrap elementor-element-populated\">\n\t\t\t\t\t\t<div class=\"elementor-element elementor-element-7407f35 elementor-hidden-mobile elementor-widget elementor-widget-spacer\" data-id=\"7407f35\" data-element_type=\"widget\" data-e-type=\"widget\" data-widget_type=\"spacer.default\">\n\t\t\t\t<div class=\"elementor-widget-container\">\n\t\t\t\t\t\t\t<div class=\"elementor-spacer\">\n\t\t\t<div class=\"elementor-spacer-inner\"><\/div>\n\t\t<\/div>\n\t\t\t\t\t\t<\/div>\n\t\t\t\t<\/div>\n\t\t\t\t<div class=\"elementor-element elementor-element-6a52150 elementor-widget elementor-widget-spps_title_text\" data-id=\"6a52150\" data-element_type=\"widget\" data-e-type=\"widget\" data-widget_type=\"spps_title_text.default\">\n\t\t\t\t<div class=\"elementor-widget-container\">\n\t\t\t\t\t<div class=\"title-text-wrapper \"><div class=\"title-text-title\"><h2>Nous prenons parti pour l'\u00e9galit\u00e9.<\/h2><\/div><div class=\"title-text-container\"><div class=\"title-text-text\"><p>Ces derni\u00e8res ann\u00e9es, nous avons enfin pu progresser en mati\u00e8re d\u2019\u00e9galit\u00e9. Mais nous sommes encore loin d\u2019avoir atteint notre objectif. La situation financi\u00e8re des femmes est toujours nettement moins bonne que celle des hommes. Les parents tentent encore tant bien que mal de concilier vie familiale et vie professionnelle. Les femmes et les personnes queer subissent encore le sexisme, entre autres formes de violences. C\u2019est pour ces raisons que nous nous engageons pour des retraites plus \u00e9lev\u00e9es pour les femmes, des places en cr\u00e8che abordables et le respect de toutes et tous, quelle que soit la personne qu\u2019on aime ou le genre auquel on s\u2019identifie.<\/p>\n<\/div><\/div><\/div>\t\t\t\t<\/div>\n\t\t\t\t<\/div>\n\t\t\t\t<div class=\"elementor-element elementor-element-0794fe3 elementor-widget elementor-widget-spps_button\" data-id=\"0794fe3\" data-element_type=\"widget\" data-e-type=\"widget\" data-widget_type=\"spps_button.default\">\n\t\t\t\t<div class=\"elementor-widget-container\">\n\t\t\t\t\t<div class=\"button-wrapper button-wrapper-left\"><a href=\"https:\/\/staging.sp-ps.ch\/fr\/egalite\/\"  target=\"_self\" class=\"button-link button-link-default\" >Savoir plus<\/a><\/div>\t\t\t\t<\/div>\n\t\t\t\t<\/div>\n\t\t\t\t\t<\/div>\n\t\t<\/div>\n\t\t\t\t\t<\/div>\n\t\t<\/section>\n\t\t\t\t<section class=\"elementor-section elementor-top-section elementor-element elementor-element-e03d316 elementor-section-content-middle elementor-reverse-mobile elementor-section-boxed elementor-section-height-default elementor-section-height-default\" data-id=\"e03d316\" data-element_type=\"section\" data-e-type=\"section\" data-settings=\"{&quot;jet_parallax_layout_list&quot;:[]}\">\n\t\t\t\t\t\t<div class=\"elementor-container elementor-column-gap-wide\">\n\t\t\t\t\t<div class=\"elementor-column elementor-col-50 elementor-top-column elementor-element elementor-element-72317e1\" data-id=\"72317e1\" data-element_type=\"column\" data-e-type=\"column\">\n\t\t\t<div class=\"elementor-widget-wrap elementor-element-populated\">\n\t\t\t\t\t\t<div class=\"elementor-element elementor-element-d5adee8 elementor-hidden-mobile elementor-widget elementor-widget-spacer\" data-id=\"d5adee8\" data-element_type=\"widget\" data-e-type=\"widget\" data-widget_type=\"spacer.default\">\n\t\t\t\t<div class=\"elementor-widget-container\">\n\t\t\t\t\t\t\t<div class=\"elementor-spacer\">\n\t\t\t<div class=\"elementor-spacer-inner\"><\/div>\n\t\t<\/div>\n\t\t\t\t\t\t<\/div>\n\t\t\t\t<\/div>\n\t\t\t\t<div class=\"elementor-element elementor-element-6620498 elementor-widget elementor-widget-spps_title_text\" data-id=\"6620498\" data-element_type=\"widget\" data-e-type=\"widget\" data-widget_type=\"spps_title_text.default\">\n\t\t\t\t<div class=\"elementor-widget-container\">\n\t\t\t\t\t<div class=\"title-text-wrapper \"><div class=\"title-text-title\"><h2>Nous prenons parti pour le climat et la s\u00e9curit\u00e9 d\u2019approvisionnement.<\/h2><\/div><div class=\"title-text-container\"><div class=\"title-text-text\"><p>La protection du climat et la s\u00e9curit\u00e9 de l\u2019approvisionnement \u00e9nerg\u00e9tique sont les plus grands d\u00e9fis auxquels nous sommes confront\u00e9-es aujourd\u2019hui. Nous ne pouvons les aborder qu\u2019ensemble. Nous voulons lancer une offensive solaire avec des investissements publics. Nous voulons faire avancer l\u2019assainissement des b\u00e2timents dans toute la Suisse et d\u00e9velopper les transports publics. Et nous nous engageons pour une place financi\u00e8re propre : la Suisse ne doit plus faire d\u2019investissements qui menacent le climat et la plan\u00e8te.<\/p>\n<\/div><\/div><\/div>\t\t\t\t<\/div>\n\t\t\t\t<\/div>\n\t\t\t\t<div class=\"elementor-element elementor-element-2b2d613 elementor-widget elementor-widget-spps_button\" data-id=\"2b2d613\" data-element_type=\"widget\" data-e-type=\"widget\" data-widget_type=\"spps_button.default\">\n\t\t\t\t<div class=\"elementor-widget-container\">\n\t\t\t\t\t<div class=\"button-wrapper button-wrapper-left\"><a href=\"https:\/\/staging.sp-ps.ch\/fr\/protection-du-climat-et-securite-de-lapprovisionnement\/\"  target=\"_self\" class=\"button-link button-link-default\" >Savoir plus<\/a><\/div>\t\t\t\t<\/div>\n\t\t\t\t<\/div>\n\t\t\t\t\t<\/div>\n\t\t<\/div>\n\t\t\t\t<div class=\"elementor-column elementor-col-50 elementor-top-column elementor-element elementor-element-0cf2f88\" data-id=\"0cf2f88\" data-element_type=\"column\" data-e-type=\"column\">\n\t\t\t<div class=\"elementor-widget-wrap elementor-element-populated\">\n\t\t\t\t\t\t<div class=\"elementor-element elementor-element-5b767ba elementor-hidden-desktop elementor-hidden-tablet elementor-widget elementor-widget-spacer\" data-id=\"5b767ba\" data-element_type=\"widget\" data-e-type=\"widget\" data-widget_type=\"spacer.default\">\n\t\t\t\t<div class=\"elementor-widget-container\">\n\t\t\t\t\t\t\t<div class=\"elementor-spacer\">\n\t\t\t<div class=\"elementor-spacer-inner\"><\/div>\n\t\t<\/div>\n\t\t\t\t\t\t<\/div>\n\t\t\t\t<\/div>\n\t\t\t\t<div class=\"elementor-element elementor-element-e7e82b8 elementor-widget elementor-widget-image\" data-id=\"e7e82b8\" data-element_type=\"widget\" data-e-type=\"widget\" data-widget_type=\"image.default\">\n\t\t\t\t<div class=\"elementor-widget-container\">\n\t\t\t\t\t\t\t\t\t\t\t\t\t\t\t<img decoding=\"async\" width=\"2000\" height=\"956\" src=\"https:\/\/staging.sp-ps.ch\/wp-content\/uploads\/2023\/09\/Bild-Klimaschutz-2000x956.jpg\" class=\"attachment-spps-sujet-f12 size-spps-sujet-f12 wp-image-112660\" alt=\"\" srcset=\"https:\/\/staging.sp-ps.ch\/wp-content\/uploads\/2023\/09\/Bild-Klimaschutz-2000x956.jpg 2000w, https:\/\/staging.sp-ps.ch\/wp-content\/uploads\/2023\/09\/Bild-Klimaschutz-1000x478.jpg 1000w\" sizes=\"(max-width: 2000px) 100vw, 2000px\" \/>\t\t\t\t\t\t\t\t\t\t\t\t\t\t\t<\/div>\n\t\t\t\t<\/div>\n\t\t\t\t\t<\/div>\n\t\t<\/div>\n\t\t\t\t\t<\/div>\n\t\t<\/section>\n\t\t\t\t<section class=\"elementor-section elementor-top-section elementor-element elementor-element-68e354e elementor-section-content-middle elementor-section-boxed elementor-section-height-default elementor-section-height-default\" data-id=\"68e354e\" data-element_type=\"section\" data-e-type=\"section\" data-settings=\"{&quot;jet_parallax_layout_list&quot;:[]}\">\n\t\t\t\t\t\t<div class=\"elementor-container elementor-column-gap-wide\">\n\t\t\t\t\t<div class=\"elementor-column elementor-col-50 elementor-top-column elementor-element elementor-element-04429b0\" data-id=\"04429b0\" data-element_type=\"column\" data-e-type=\"column\">\n\t\t\t<div class=\"elementor-widget-wrap elementor-element-populated\">\n\t\t\t\t\t\t<div class=\"elementor-element elementor-element-4599fa5 elementor-widget elementor-widget-spacer\" data-id=\"4599fa5\" data-element_type=\"widget\" data-e-type=\"widget\" data-widget_type=\"spacer.default\">\n\t\t\t\t<div class=\"elementor-widget-container\">\n\t\t\t\t\t\t\t<div class=\"elementor-spacer\">\n\t\t\t<div class=\"elementor-spacer-inner\"><\/div>\n\t\t<\/div>\n\t\t\t\t\t\t<\/div>\n\t\t\t\t<\/div>\n\t\t\t\t\t<\/div>\n\t\t<\/div>\n\t\t\t\t<div class=\"elementor-column elementor-col-50 elementor-top-column elementor-element elementor-element-b039a3e elementor-hidden-mobile\" data-id=\"b039a3e\" data-element_type=\"column\" data-e-type=\"column\">\n\t\t\t<div class=\"elementor-widget-wrap\">\n\t\t\t\t\t\t\t<\/div>\n\t\t<\/div>\n\t\t\t\t\t<\/div>\n\t\t<\/section>\n\t\t\t\t<section class=\"elementor-section elementor-top-section elementor-element elementor-element-0ae8de2 elementor-section-boxed elementor-section-height-default elementor-section-height-default\" data-id=\"0ae8de2\" data-element_type=\"section\" data-e-type=\"section\" data-settings=\"{&quot;jet_parallax_layout_list&quot;:[],&quot;background_background&quot;:&quot;classic&quot;}\">\n\t\t\t\t\t\t<div class=\"elementor-container elementor-column-gap-wide\">\n\t\t\t\t\t<div class=\"elementor-column elementor-col-100 elementor-top-column elementor-element elementor-element-ce900e0\" data-id=\"ce900e0\" data-element_type=\"column\" data-e-type=\"column\">\n\t\t\t<div class=\"elementor-widget-wrap elementor-element-populated\">\n\t\t\t\t\t\t<div class=\"elementor-element elementor-element-c227486 elementor-widget elementor-widget-spps_call_to_action\" data-id=\"c227486\" data-element_type=\"widget\" data-e-type=\"widget\" data-widget_type=\"spps_call_to_action.default\">\n\t\t\t\t<div class=\"elementor-widget-container\">\n\t\t\t\t\t<div class=\"call-to-action-wrapper  \" style=\"background:#E4002B\" ><div class=\"call-to-action-title\"><h2>Nous prenons parti pour une Suisse solidaire.<\/h2><\/div><div class=\"call-to-action-container\"><div class=\"call-to-action-text\"><p>Court, concis &amp; clair : informe-toi sur nos principaux th\u00e8mes pour les \u00e9lections au Conseil national et au Conseil des \u00c9tats de 2023.<\/p>\n<\/div><div class=\"call-to-action-buttons call-to-action-buttons-left\"><div class=\"button-wrapper \"><a href=\"https:\/\/staging.sp-ps.ch\/wp-content\/uploads\/2022\/11\/230425_SPS_Wahlplattform_Broschure_A5_FR_ONLINE.pdf\"  target=\"_self\" class=\"button-link button-link-download\"  style='color:#E4002B' onMouseOver=\"this.style.color='white';this.style.background='#E4002B'\" onMouseOut=\"this.style.color='#E4002B';this.style.background='#EBEBEB'\">Plateforme \u00e9lectorale 2023<\/a><\/div><\/div><\/div><\/div>\t\t\t\t<\/div>\n\t\t\t\t<\/div>\n\t\t\t\t\t<\/div>\n\t\t<\/div>\n\t\t\t\t\t<\/div>\n\t\t<\/section>\n\t\t\t\t<\/div>\n\t\t","protected":false},"excerpt":{"rendered":"<p>Nous prenons parti pour une Suisse solidaire. Nous prenons parti pour le pouvoir d&#8217;achat. La Suisse est un pays riche. Mais les fins de mois sont difficiles pour de nombreuses [&hellip;]<\/p>\n","protected":false},"author":64,"featured_media":0,"parent":0,"menu_order":0,"comment_status":"closed","ping_status":"closed","template":"","meta":{"footnotes":""},"class_list":["post-109917","page","type-page","status-publish","hentry"],"_links":{"self":[{"href":"https:\/\/staging.sp-ps.ch\/fr\/wp-json\/wp\/v2\/pages\/109917","targetHints":{"allow":["GET"]}}],"collection":[{"href":"https:\/\/staging.sp-ps.ch\/fr\/wp-json\/wp\/v2\/pages"}],"about":[{"href":"https:\/\/staging.sp-ps.ch\/fr\/wp-json\/wp\/v2\/types\/page"}],"author":[{"embeddable":true,"href":"https:\/\/staging.sp-ps.ch\/fr\/wp-json\/wp\/v2\/users\/64"}],"replies":[{"embeddable":true,"href":"https:\/\/staging.sp-ps.ch\/fr\/wp-json\/wp\/v2\/comments?post=109917"}],"version-history":[{"count":10,"href":"https:\/\/staging.sp-ps.ch\/fr\/wp-json\/wp\/v2\/pages\/109917\/revisions"}],"predecessor-version":[{"id":112688,"href":"https:\/\/staging.sp-ps.ch\/fr\/wp-json\/wp\/v2\/pages\/109917\/revisions\/112688"}],"wp:attachment":[{"href":"https:\/\/staging.sp-ps.ch\/fr\/wp-json\/wp\/v2\/media?parent=109917"}],"curies":[{"name":"wp","href":"https:\/\/api.w.org\/{rel}","templated":true}]}}