{"id":111906,"date":"2023-09-03T17:26:13","date_gmt":"2023-09-03T15:26:13","guid":{"rendered":"https:\/\/staging.sp-ps.ch\/?page_id=111906"},"modified":"2024-01-17T11:43:31","modified_gmt":"2024-01-17T10:43:31","slug":"renforcer-le-pouvoir-dachat","status":"publish","type":"page","link":"https:\/\/staging.sp-ps.ch\/fr\/renforcer-le-pouvoir-dachat\/","title":{"rendered":"Renforcer le pouvoir d\u2019achat"},"content":{"rendered":"\t\t<div data-elementor-type=\"wp-page\" data-elementor-id=\"111906\" class=\"elementor elementor-111906\" data-elementor-post-type=\"page\">\n\t\t\t\t\t\t<section class=\"elementor-section elementor-top-section elementor-element elementor-element-5b5151c elementor-section-boxed elementor-section-height-default elementor-section-height-default\" data-id=\"5b5151c\" data-element_type=\"section\" data-e-type=\"section\" data-settings=\"{&quot;jet_parallax_layout_list&quot;:[],&quot;background_background&quot;:&quot;classic&quot;}\">\n\t\t\t\t\t\t<div class=\"elementor-container elementor-column-gap-wide\">\n\t\t\t\t\t<div class=\"elementor-column elementor-col-100 elementor-top-column elementor-element elementor-element-b5d044c\" data-id=\"b5d044c\" data-element_type=\"column\" data-e-type=\"column\">\n\t\t\t<div class=\"elementor-widget-wrap elementor-element-populated\">\n\t\t\t\t\t\t<div class=\"elementor-element elementor-element-3b2453a elementor-widget elementor-widget-heading\" data-id=\"3b2453a\" data-element_type=\"widget\" data-e-type=\"widget\" data-widget_type=\"heading.default\">\n\t\t\t\t<div class=\"elementor-widget-container\">\n\t\t\t\t\t<h1 class=\"elementor-heading-title elementor-size-default\">Nous prenons parti pour le pouvoir d'achat.<\/h1>\t\t\t\t<\/div>\n\t\t\t\t<\/div>\n\t\t\t\t<div class=\"elementor-element elementor-element-c8f6968 elementor-widget elementor-widget-jet-breadcrumbs\" data-id=\"c8f6968\" data-element_type=\"widget\" data-e-type=\"widget\" data-widget_type=\"jet-breadcrumbs.default\">\n\t\t\t\t<div class=\"elementor-widget-container\">\n\t\t\t\t\t<div class=\"elementor-jet-breadcrumbs jet-blocks\">\n\t\t<div class=\"jet-breadcrumbs\">\n\t\t<div class=\"jet-breadcrumbs__content\">\n\t\t<div class=\"jet-breadcrumbs__wrap\">\n\t\t<\/div>\n\t\t<\/div>\n\t\t<\/div><\/div>\t\t\t\t<\/div>\n\t\t\t\t<\/div>\n\t\t\t\t<div class=\"elementor-element elementor-element-cdede67 elementor-widget__width-initial elementor-widget elementor-widget-text-editor\" data-id=\"cdede67\" data-element_type=\"widget\" data-e-type=\"widget\" data-widget_type=\"text-editor.default\">\n\t\t\t\t<div class=\"elementor-widget-container\">\n\t\t\t\t\t\t\t\t\t<p>Les int\u00e9r\u00eats de la population avant ceux de l\u2019\u00e9conomie. Nous prenons parti pour le pouvoir d\u2019achat et la prosp\u00e9rit\u00e9 commune.\u00a0<\/p>\n\t\t\t\t\t\t\t\t<\/div>\n\t\t\t\t<\/div>\n\t\t\t\t\t<\/div>\n\t\t<\/div>\n\t\t\t\t\t<\/div>\n\t\t<\/section>\n\t\t\t\t<section class=\"elementor-section elementor-top-section elementor-element elementor-element-8916c73 elementor-section-boxed elementor-section-height-default elementor-section-height-default\" data-id=\"8916c73\" data-element_type=\"section\" data-e-type=\"section\" data-settings=\"{&quot;jet_parallax_layout_list&quot;:[]}\">\n\t\t\t\t\t\t<div class=\"elementor-container elementor-column-gap-wide\">\n\t\t\t\t\t<div class=\"elementor-column elementor-col-100 elementor-top-column elementor-element elementor-element-0285c8e\" data-id=\"0285c8e\" data-element_type=\"column\" data-e-type=\"column\">\n\t\t\t<div class=\"elementor-widget-wrap elementor-element-populated\">\n\t\t\t\t\t\t<div class=\"elementor-element elementor-element-c7e1c60 elementor-widget elementor-widget-image\" data-id=\"c7e1c60\" data-element_type=\"widget\" data-e-type=\"widget\" data-widget_type=\"image.default\">\n\t\t\t\t<div class=\"elementor-widget-container\">\n\t\t\t\t\t\t\t\t\t\t\t\t\t\t\t<img fetchpriority=\"high\" decoding=\"async\" width=\"2000\" height=\"956\" src=\"https:\/\/staging.sp-ps.ch\/wp-content\/uploads\/2022\/10\/slide_laden-2000x956.webp\" class=\"attachment-spps-sujet-f12 size-spps-sujet-f12 wp-image-83255\" alt=\"\" srcset=\"https:\/\/staging.sp-ps.ch\/wp-content\/uploads\/2022\/10\/slide_laden-2000x956.webp 2000w, https:\/\/staging.sp-ps.ch\/wp-content\/uploads\/2022\/10\/slide_laden-1000x478.webp 1000w\" sizes=\"(max-width: 2000px) 100vw, 2000px\" \/>\t\t\t\t\t\t\t\t\t\t\t\t\t\t\t<\/div>\n\t\t\t\t<\/div>\n\t\t\t\t<div class=\"elementor-element elementor-element-c0e6b07 elementor-widget elementor-widget-spps_title_text\" data-id=\"c0e6b07\" data-element_type=\"widget\" data-e-type=\"widget\" data-widget_type=\"spps_title_text.default\">\n\t\t\t\t<div class=\"elementor-widget-container\">\n\t\t\t\t\t<div class=\"title-text-wrapper \"><div class=\"title-text-title\"><h2>La raison de notre engagement <\/h2><\/div><div class=\"title-text-container\"><div class=\"title-text-text\"><p>La Suisse est riche. Malgr\u00e9 cela, les fins de mois restent difficiles pour un grand nombre de personnes. Le panier d\u2019achat co\u00fbte de plus en plus cher, les primes d\u2019assurance-maladie augmentent sans cesse alors que les salaires et les rentes AVS stagnent, voire diminuent. L\u2019augmentation du co\u00fbt de la vie frappe les m\u00e9nages de plein fouet. Tandis que le pouvoir d\u2019achat de la population s\u2019affaiblit, les b\u00e9n\u00e9fices des multinationales et des actionnaires montent en fl\u00e8che. Ainsi va la volont\u00e9 politique : pendant que les nombreux lobbyistes qui si\u00e8gent au Parlement agissent en faveur des multinationales, des assurances, des banques, des caisses maladies ou encore du secteur immobilier, celles et ceux qui ne jouissent pas d\u2019un revenu annuel \u00e0 6 chiffres sont laiss\u00e9-es pour compte.<\/p>\n<\/div><\/div><\/div>\t\t\t\t<\/div>\n\t\t\t\t<\/div>\n\t\t\t\t<div class=\"elementor-element elementor-element-28fabd8 elementor-widget elementor-widget-spps_call_to_action\" data-id=\"28fabd8\" data-element_type=\"widget\" data-e-type=\"widget\" data-widget_type=\"spps_call_to_action.default\">\n\t\t\t\t<div class=\"elementor-widget-container\">\n\t\t\t\t\t<div class=\"call-to-action-wrapper  \" style=\"background:#E4002B\" ><div class=\"call-to-action-title\"><h2>Initiative d'all\u00e8gement des primes<\/h2><\/div><div class=\"call-to-action-container\"><div class=\"call-to-action-text\"><p>Au cours des 20 derni\u00e8res ann\u00e9es, les primes d\u2019assurance-maladie ont doubl\u00e9, ce qui ronge le pouvoir d\u2019achat. Avec notre initiative d\u2019all\u00e8gement des primes, nous voulons qu\u2019aucun m\u00e9nage ne consacre plus de 10% de son revenu pour payer les primes d\u2019assurance-maladie.<\/p>\n<\/div><div class=\"call-to-action-buttons call-to-action-buttons-left\"><div class=\"button-wrapper \"><a href=\"https:\/\/primes-abordables.ch\/\"  target=\"_self\" class=\"button-link button-link-default\"  style='color:#E4002B' onMouseOver=\"this.style.color='white';this.style.background='#E4002B'\" onMouseOut=\"this.style.color='#E4002B';this.style.background='#EBEBEB'\">Plus d'information<\/a><\/div><\/div><\/div><\/div>\t\t\t\t<\/div>\n\t\t\t\t<\/div>\n\t\t\t\t<div class=\"elementor-element elementor-element-100216c elementor-widget elementor-widget-spps_title_text\" data-id=\"100216c\" data-element_type=\"widget\" data-e-type=\"widget\" data-widget_type=\"spps_title_text.default\">\n\t\t\t\t<div class=\"elementor-widget-container\">\n\t\t\t\t\t<div class=\"title-text-wrapper wrapper-spacing-default\"><div class=\"title-text-title\"><h2>Comment atteindre notre objectif<\/h2><\/div><div class=\"title-text-container\"><div class=\"title-text-text\"><p>Tout le monde devrait pouvoir b\u00e9n\u00e9ficier de la prosp\u00e9rit\u00e9 de notre pays. Mais nous en sommes encore loin : seule une minorit\u00e9 de privil\u00e9gi\u00e9-es voit sa situation s\u2019am\u00e9liorer, alors qu\u2019une grande partie de la population voit la sienne se d\u00e9grader. Nous voulons un retour au juste \u00e9quilibre, par le renforcement du pouvoir d\u2019achat.<\/p><\/div><\/div><\/div>\t\t\t\t<\/div>\n\t\t\t\t<\/div>\n\t\t\t\t<div class=\"elementor-element elementor-element-836e75f elementor-widget elementor-widget-spps_title_text\" data-id=\"836e75f\" data-element_type=\"widget\" data-e-type=\"widget\" data-widget_type=\"spps_title_text.default\">\n\t\t\t\t<div class=\"elementor-widget-container\">\n\t\t\t\t\t<div class=\"title-text-wrapper \"><div class=\"title-text-title\"><h2>Des salaires et des rentes honn\u00eates<\/h2><\/div><div class=\"title-text-container\"><div class=\"title-text-text\"><p>Nous exigeons un niveau de salaire qui permette aux familles et aux personnes seules de se maintenir \u00e0 flot. Dans le contexte d\u2019inflation, c\u2019est plus que jamais n\u00e9cessaire. Que l\u2019on ait travaill\u00e9 au service d\u2019un-e employeur-se, comme petit-e ind\u00e9pendant-e ou sans r\u00e9mun\u00e9ration au sein de la famille, tout travail m\u00e9rite retraite ! Celles et ceux qui ont travaill\u00e9 toute leur vie doivent pouvoir profiter de leur retraite de mani\u00e8re digne. C\u2019est pourquoi nous engageons toutes nos forces pour am\u00e9liorer le niveau des rentes AVS de tout le monde.<\/p>\n<\/div><\/div><\/div>\t\t\t\t<\/div>\n\t\t\t\t<\/div>\n\t\t\t\t<div class=\"elementor-element elementor-element-7fefe25 elementor-widget elementor-widget-spps_title_text\" data-id=\"7fefe25\" data-element_type=\"widget\" data-e-type=\"widget\" data-widget_type=\"spps_title_text.default\">\n\t\t\t\t<div class=\"elementor-widget-container\">\n\t\t\t\t\t<div class=\"title-text-wrapper \"><div class=\"title-text-title\"><h2>Le co\u00fbt de la vie doit rester abordable<\/h2><\/div><div class=\"title-text-container\"><div class=\"title-text-text\"><p>Nous sommes le lobby de la population. Nous voulons que la majorit\u00e9 de la population puisse vivre dignement de ses revenus, m\u00eame quand on ne jouit pas d\u2019un salaire de millionnaire. Les locataires de Suisse d\u00e9boursent chaque ann\u00e9e 14 milliards de francs en trop pour leurs loyers. Cette estimation vertigineuse repr\u00e9sente le grand \u00e9cart entre les loyers effectifs et ce qu\u2019ils seraient si la loi \u00e9tait correctement appliqu\u00e9e. D\u2019ailleurs, ces rendements abusifs sur les loyers ne sont pas seuls responsables de la diminution du pouvoir d\u2019achat. Au sein des m\u00e9nages, l\u2019augmentation d\u00e9mesur\u00e9e des primes d\u2019assurance-maladie, du co\u00fbt de l\u2019alimentation ou encore des tarifs de transports publics grignotent peu \u00e0 peu le pouvoir d\u2019achat. Nous refusons cet \u00e9tat de fait.<\/p>\n<\/div><\/div><\/div>\t\t\t\t<\/div>\n\t\t\t\t<\/div>\n\t\t\t\t<div class=\"elementor-element elementor-element-0c5f853 elementor-widget elementor-widget-spps_title_text\" data-id=\"0c5f853\" data-element_type=\"widget\" data-e-type=\"widget\" data-widget_type=\"spps_title_text.default\">\n\t\t\t\t<div class=\"elementor-widget-container\">\n\t\t\t\t\t<div class=\"title-text-wrapper \"><div class=\"title-text-title\"><h2>Pour une Suisse plus juste<\/h2><\/div><div class=\"title-text-container\"><div class=\"title-text-text\"><p>Nous nous opposons \u00e0 la politique fiscale actuelle, ax\u00e9e sur les int\u00e9r\u00eats des grand-es actionnaires et des multinationales aux profits colossaux. Les innombrables privil\u00e8ges fiscaux accord\u00e9s aux grosses fortunes ont un co\u00fbt bien r\u00e9el : soit un d\u00e9mant\u00e8lement des services publics, soit une augmentation des taxes et imp\u00f4ts. En fin de compte, c\u2019est la population qui paie l\u2019addition. Nous voulons renverser la vapeur et renforcer son pouvoir d\u2019achat, pour une Suisse plus juste, plus solidaire<\/p>\n<\/div><\/div><\/div>\t\t\t\t<\/div>\n\t\t\t\t<\/div>\n\t\t\t\t<div class=\"elementor-element elementor-element-5c32221 elementor-widget elementor-widget-spps_call_to_action\" data-id=\"5c32221\" data-element_type=\"widget\" data-e-type=\"widget\" data-widget_type=\"spps_call_to_action.default\">\n\t\t\t\t<div class=\"elementor-widget-container\">\n\t\t\t\t\t<div class=\"call-to-action-wrapper  \" style=\"background:#E4002B\" ><div class=\"call-to-action-title\"><h2>Nous prenons parti pour une Suisse solidaire.<\/h2><\/div><div class=\"call-to-action-container\"><div class=\"call-to-action-text\"><p>Court, concis &amp; clair : informe-toi sur nos principaux th\u00e8mes pour les \u00e9lections au Conseil national et au Conseil des \u00c9tats de 2023.<\/p>\n<\/div><div class=\"call-to-action-buttons call-to-action-buttons-left\"><div class=\"button-wrapper \"><a href=\"https:\/\/staging.sp-ps.ch\/wp-content\/uploads\/2022\/11\/230425_SPS_Wahlplattform_Broschure_A5_FR_ONLINE.pdf\"  target=\"_self\" class=\"button-link button-link-download\"  style='color:#E4002B' onMouseOver=\"this.style.color='white';this.style.background='#E4002B'\" onMouseOut=\"this.style.color='#E4002B';this.style.background='#EBEBEB'\">Plateforme \u00e9lectorale 2023<\/a><\/div><div class=\"button-wrapper \"><a href=\"https:\/\/staging.sp-ps.ch\/wp-content\/uploads\/2023\/05\/230119_SPS_Analyse_Kaufkraft_A5_FR.pdf\"  target=\"_self\" class=\"button-link button-link-download\"  style='color:#E4002B' onMouseOver=\"this.style.color='white';this.style.background='#E4002B'\" onMouseOut=\"this.style.color='#E4002B';this.style.background='#EBEBEB'\">Document d\u2019analyse : le pouvoir d\u2019achat est sous pression<\/a><\/div><\/div><\/div><\/div>\t\t\t\t<\/div>\n\t\t\t\t<\/div>\n\t\t\t\t\t<\/div>\n\t\t<\/div>\n\t\t\t\t\t<\/div>\n\t\t<\/section>\n\t\t\t\t<\/div>\n\t\t","protected":false},"excerpt":{"rendered":"<p>Nous prenons parti pour le pouvoir d&#8217;achat. Les int\u00e9r\u00eats de la population avant ceux de l\u2019\u00e9conomie. Nous prenons parti pour le pouvoir d\u2019achat et la prosp\u00e9rit\u00e9 commune.\u00a0 La raison de [&hellip;]<\/p>\n","protected":false},"author":64,"featured_media":0,"parent":0,"menu_order":0,"comment_status":"closed","ping_status":"closed","template":"","meta":{"footnotes":""},"class_list":["post-111906","page","type-page","status-publish","hentry"],"_links":{"self":[{"href":"https:\/\/staging.sp-ps.ch\/fr\/wp-json\/wp\/v2\/pages\/111906","targetHints":{"allow":["GET"]}}],"collection":[{"href":"https:\/\/staging.sp-ps.ch\/fr\/wp-json\/wp\/v2\/pages"}],"about":[{"href":"https:\/\/staging.sp-ps.ch\/fr\/wp-json\/wp\/v2\/types\/page"}],"author":[{"embeddable":true,"href":"https:\/\/staging.sp-ps.ch\/fr\/wp-json\/wp\/v2\/users\/64"}],"replies":[{"embeddable":true,"href":"https:\/\/staging.sp-ps.ch\/fr\/wp-json\/wp\/v2\/comments?post=111906"}],"version-history":[{"count":5,"href":"https:\/\/staging.sp-ps.ch\/fr\/wp-json\/wp\/v2\/pages\/111906\/revisions"}],"predecessor-version":[{"id":121858,"href":"https:\/\/staging.sp-ps.ch\/fr\/wp-json\/wp\/v2\/pages\/111906\/revisions\/121858"}],"wp:attachment":[{"href":"https:\/\/staging.sp-ps.ch\/fr\/wp-json\/wp\/v2\/media?parent=111906"}],"curies":[{"name":"wp","href":"https:\/\/api.w.org\/{rel}","templated":true}]}}