{"id":112209,"date":"2023-09-05T16:25:13","date_gmt":"2023-09-05T14:25:13","guid":{"rendered":"https:\/\/staging.sp-ps.ch\/langue-des-signes\/"},"modified":"2025-02-18T17:16:43","modified_gmt":"2025-02-18T16:16:43","slug":"langue-des-signes","status":"publish","type":"page","link":"https:\/\/staging.sp-ps.ch\/fr\/langue-des-signes\/","title":{"rendered":"Langue des signes"},"content":{"rendered":"\t\t<div data-elementor-type=\"wp-page\" data-elementor-id=\"112209\" class=\"elementor elementor-112209 elementor-112179\" data-elementor-post-type=\"page\">\n\t\t\t\t\t\t<section class=\"elementor-section elementor-top-section elementor-element elementor-element-b1ea7a7 elementor-section-boxed elementor-section-height-default elementor-section-height-default\" data-id=\"b1ea7a7\" data-element_type=\"section\" data-e-type=\"section\" data-settings=\"{&quot;jet_parallax_layout_list&quot;:[],&quot;background_background&quot;:&quot;classic&quot;}\">\n\t\t\t\t\t\t<div class=\"elementor-container elementor-column-gap-wide\">\n\t\t\t\t\t<div class=\"elementor-column elementor-col-100 elementor-top-column elementor-element elementor-element-43612ad\" data-id=\"43612ad\" data-element_type=\"column\" data-e-type=\"column\">\n\t\t\t<div class=\"elementor-widget-wrap elementor-element-populated\">\n\t\t\t\t\t\t<div class=\"elementor-element elementor-element-84086ce elementor-widget elementor-widget-heading\" data-id=\"84086ce\" data-element_type=\"widget\" data-e-type=\"widget\" data-widget_type=\"heading.default\">\n\t\t\t\t<div class=\"elementor-widget-container\">\n\t\t\t\t\t<h1 class=\"elementor-heading-title elementor-size-default\"><a href=\"https:\/\/youtu.be\/NKLJmbal-wE\">Nous prenons parti pour une Suisse solidaire : Le PS en langue des signes<\/a><\/h1>\t\t\t\t<\/div>\n\t\t\t\t<\/div>\n\t\t\t\t<div class=\"elementor-element elementor-element-edf0f45 elementor-widget elementor-widget-jet-breadcrumbs\" data-id=\"edf0f45\" data-element_type=\"widget\" data-e-type=\"widget\" data-widget_type=\"jet-breadcrumbs.default\">\n\t\t\t\t<div class=\"elementor-widget-container\">\n\t\t\t\t\t<div class=\"elementor-jet-breadcrumbs jet-blocks\">\n\t\t<div class=\"jet-breadcrumbs\">\n\t\t<div class=\"jet-breadcrumbs__content\">\n\t\t<div class=\"jet-breadcrumbs__wrap\">\n\t\t<\/div>\n\t\t<\/div>\n\t\t<\/div><\/div>\t\t\t\t<\/div>\n\t\t\t\t<\/div>\n\t\t\t\t\t<\/div>\n\t\t<\/div>\n\t\t\t\t\t<\/div>\n\t\t<\/section>\n\t\t\t\t<section class=\"elementor-section elementor-top-section elementor-element elementor-element-eb3d549 elementor-section-boxed elementor-section-height-default elementor-section-height-default\" data-id=\"eb3d549\" data-element_type=\"section\" data-e-type=\"section\" data-settings=\"{&quot;jet_parallax_layout_list&quot;:[]}\">\n\t\t\t\t\t\t<div class=\"elementor-container elementor-column-gap-default\">\n\t\t\t\t\t<div class=\"elementor-column elementor-col-100 elementor-top-column elementor-element elementor-element-28e7c0b\" data-id=\"28e7c0b\" data-element_type=\"column\" data-e-type=\"column\">\n\t\t\t<div class=\"elementor-widget-wrap elementor-element-populated\">\n\t\t\t\t<div class=\"lyte-wrapper\" title=\"Pr&eacute;sentation du PS en langue des signes\" style=\"width:420px;max-width:100%;margin:5px;\"><div class=\"lyMe hidef\" id=\"WYL_NKLJmbal-wE\" itemprop=\"video\" itemscope itemtype=\"https:\/\/schema.org\/VideoObject\"><div><meta itemprop=\"thumbnailUrl\" content=\"https:\/\/staging.sp-ps.ch\/youtubeLyteCache.php?origThumbUrl=https%3A%2F%2Fi.ytimg.com%2Fvi%2FNKLJmbal-wE%2Fmaxresdefault.jpg\" \/><meta itemprop=\"embedURL\" content=\"https:\/\/www.youtube.com\/embed\/NKLJmbal-wE\" \/><meta itemprop=\"duration\" content=\"PT5M52S\" \/><meta itemprop=\"uploadDate\" content=\"2025-02-18T14:12:57Z\" \/><\/div><meta itemprop=\"accessibilityFeature\" content=\"captions\" \/><div id=\"lyte_NKLJmbal-wE\" data-src=\"https:\/\/staging.sp-ps.ch\/youtubeLyteCache.php?origThumbUrl=https%3A%2F%2Fi.ytimg.com%2Fvi%2FNKLJmbal-wE%2Fmaxresdefault.jpg\" class=\"pL\"><div class=\"tC\"><div class=\"tT\" itemprop=\"name\">Pr\u00e9sentation du PS en langue des signes<\/div><\/div><div class=\"play\"><\/div><div class=\"ctrl\"><div class=\"Lctrl\"><\/div><div class=\"Rctrl\"><\/div><\/div><\/div><noscript><a href=\"https:\/\/youtu.be\/NKLJmbal-wE\" rel=\"nofollow\"><img fetchpriority=\"high\" decoding=\"async\" src=\"https:\/\/staging.sp-ps.ch\/youtubeLyteCache.php?origThumbUrl=https%3A%2F%2Fi.ytimg.com%2Fvi%2FNKLJmbal-wE%2F0.jpg\" alt=\"Pr&eacute;sentation du PS en langue des signes\" width=\"420\" height=\"216\" \/><br \/>Lire cette vid\u00e9o sur YouTube<\/a><\/noscript><meta itemprop=\"description\" content=\"Qu&#039;est-ce que le PS ? Que repr\u00e9sente-t-il ? C&#039;est ce que nous t&#039;expliquons dans cette vid\u00e9o. Les sous-titres peuvent \u00eatre activ\u00e9s via la fonction sous-titres de YouTube.\"><\/div><\/div><div class=\"lL\" style=\"max-width:100%;width:420px;margin:5px;\"><\/div>\t\t\t<\/div>\n\t\t<\/div>\n\t\t\t\t\t<\/div>\n\t\t<\/section>\n\t\t\t\t<\/div>\n\t\t","protected":false},"excerpt":{"rendered":"<p>Nous prenons parti pour une Suisse solidaire : Le PS en langue des signes http:\/\/NKLJmbal-wE<\/p>\n","protected":false},"author":64,"featured_media":0,"parent":0,"menu_order":0,"comment_status":"closed","ping_status":"closed","template":"","meta":{"footnotes":""},"class_list":["post-112209","page","type-page","status-publish","hentry"],"_links":{"self":[{"href":"https:\/\/staging.sp-ps.ch\/fr\/wp-json\/wp\/v2\/pages\/112209","targetHints":{"allow":["GET"]}}],"collection":[{"href":"https:\/\/staging.sp-ps.ch\/fr\/wp-json\/wp\/v2\/pages"}],"about":[{"href":"https:\/\/staging.sp-ps.ch\/fr\/wp-json\/wp\/v2\/types\/page"}],"author":[{"embeddable":true,"href":"https:\/\/staging.sp-ps.ch\/fr\/wp-json\/wp\/v2\/users\/64"}],"replies":[{"embeddable":true,"href":"https:\/\/staging.sp-ps.ch\/fr\/wp-json\/wp\/v2\/comments?post=112209"}],"version-history":[{"count":11,"href":"https:\/\/staging.sp-ps.ch\/fr\/wp-json\/wp\/v2\/pages\/112209\/revisions"}],"predecessor-version":[{"id":154679,"href":"https:\/\/staging.sp-ps.ch\/fr\/wp-json\/wp\/v2\/pages\/112209\/revisions\/154679"}],"wp:attachment":[{"href":"https:\/\/staging.sp-ps.ch\/fr\/wp-json\/wp\/v2\/media?parent=112209"}],"curies":[{"name":"wp","href":"https:\/\/api.w.org\/{rel}","templated":true}]}}