{"id":126976,"date":"2024-03-13T09:27:37","date_gmt":"2024-03-13T08:27:37","guid":{"rendered":"https:\/\/staging.sp-ps.ch\/le-ps-suisse-en-langage-simplifiee\/"},"modified":"2024-03-13T11:57:01","modified_gmt":"2024-03-13T10:57:01","slug":"le-ps-suisse-en-langage-simplifie","status":"publish","type":"page","link":"https:\/\/staging.sp-ps.ch\/fr\/le-ps-suisse-en-langage-simplifie\/","title":{"rendered":"Le PS Suisse en langage simplifi\u00e9"},"content":{"rendered":"\t\t<div data-elementor-type=\"wp-page\" data-elementor-id=\"126976\" class=\"elementor elementor-126976 elementor-126317\" data-elementor-post-type=\"page\">\n\t\t\t\t\t\t<section class=\"elementor-section elementor-top-section elementor-element elementor-element-9955e76 elementor-section-boxed elementor-section-height-default elementor-section-height-default\" data-id=\"9955e76\" data-element_type=\"section\" data-e-type=\"section\" data-settings=\"{&quot;jet_parallax_layout_list&quot;:[],&quot;background_background&quot;:&quot;classic&quot;}\">\n\t\t\t\t\t\t<div class=\"elementor-container elementor-column-gap-wide\">\n\t\t\t\t\t<div class=\"elementor-column elementor-col-100 elementor-top-column elementor-element elementor-element-f2544ba\" data-id=\"f2544ba\" data-element_type=\"column\" data-e-type=\"column\">\n\t\t\t<div class=\"elementor-widget-wrap elementor-element-populated\">\n\t\t\t\t\t\t<div class=\"elementor-element elementor-element-e261211 elementor-widget elementor-widget-heading\" data-id=\"e261211\" data-element_type=\"widget\" data-e-type=\"widget\" data-widget_type=\"heading.default\">\n\t\t\t\t<div class=\"elementor-widget-container\">\n\t\t\t\t\t<h1 class=\"elementor-heading-title elementor-size-default\">Le PS Suisse en langage simplifi\u00e9<\/h1>\t\t\t\t<\/div>\n\t\t\t\t<\/div>\n\t\t\t\t<div class=\"elementor-element elementor-element-195c2e1 elementor-widget elementor-widget-jet-breadcrumbs\" data-id=\"195c2e1\" data-element_type=\"widget\" data-e-type=\"widget\" data-widget_type=\"jet-breadcrumbs.default\">\n\t\t\t\t<div class=\"elementor-widget-container\">\n\t\t\t\t\t<div class=\"elementor-jet-breadcrumbs jet-blocks\">\n\t\t<div class=\"jet-breadcrumbs\">\n\t\t<div class=\"jet-breadcrumbs__content\">\n\t\t<div class=\"jet-breadcrumbs__wrap\">\n\t\t<\/div>\n\t\t<\/div>\n\t\t<\/div><\/div>\t\t\t\t<\/div>\n\t\t\t\t<\/div>\n\t\t\t\t\t<\/div>\n\t\t<\/div>\n\t\t\t\t\t<\/div>\n\t\t<\/section>\n\t\t\t\t<section class=\"elementor-section elementor-top-section elementor-element elementor-element-f475bf4 elementor-section-boxed elementor-section-height-default elementor-section-height-default\" data-id=\"f475bf4\" data-element_type=\"section\" data-e-type=\"section\" data-settings=\"{&quot;jet_parallax_layout_list&quot;:[]}\">\n\t\t\t\t\t\t<div class=\"elementor-container elementor-column-gap-default\">\n\t\t\t\t\t<div class=\"elementor-column elementor-col-100 elementor-top-column elementor-element elementor-element-f90873d\" data-id=\"f90873d\" data-element_type=\"column\" data-e-type=\"column\">\n\t\t\t<div class=\"elementor-widget-wrap elementor-element-populated\">\n\t\t\t\t\t\t<div class=\"elementor-element elementor-element-322b620 elementor-widget elementor-widget-spps_button_list\" data-id=\"322b620\" data-element_type=\"widget\" data-e-type=\"widget\" data-widget_type=\"spps_button_list.default\">\n\t\t\t\t<div class=\"elementor-widget-container\">\n\t\t\t\t\t<div class=\"button-list-wrapper wrapper-spacing-default  \"><div class=\"button-list-title\"><h2>Le PS s\u2019engage pour une Suisse pour tous les gens<\/h2><\/div><div class=\"button-list-container\"><div class=\"button-list-text\"><p>&nbsp;<\/p>\n<h3>Explication des mots soulign\u00e9s<\/h3>\n<p>Certains mots dans le texte sont soulign\u00e9s. <br \/>Par exemple <u>parti<\/u> ou <u>climat<\/u>. <br \/>Cela veut dire que ces mots sont expliqu\u00e9s <br \/>\u00e0 la fin du texte.<\/p>\n<p>&nbsp;<\/p>\n<h3>Le PS, c\u2019est quoi\u00a0?<\/h3>\n<p>PS veut dire <u>Parti<\/u> socialiste suisse. <br \/>Le PS est un <u>parti<\/u> politique. <br \/>Il se bat depuis plus de 100 ans <br \/>pour tous les gens en Suisse.<\/p>\n<p>Le PS est le deuxi\u00e8me plus grand <u>parti<\/u> de Suisse. <br \/>Il compte 34\u00a0000 membres. <br \/>Le PS est repr\u00e9sent\u00e9 au gouvernement<br \/>par un conseiller f\u00e9d\u00e9ral et une conseill\u00e8re f\u00e9d\u00e9rale.<\/p>\n<p><strong>\u00a0<\/strong><\/p>\n<h3>Quelles id\u00e9es sont importantes pour le PS\u00a0?<\/h3>\n<p>3 id\u00e9es sont tr\u00e8s importantes pour le PS\u00a0:<\/p>\n<p>&nbsp;<\/p>\n<h4>1. Les gens doivent avoir assez d\u2019argent pour vivre.<\/h4>\n<p>La Suisse est un pays riche. <br \/>Mais beaucoup de gens n\u2019ont pas assez d\u2019argent pour vivre. <br \/>La vie co\u00fbte toujours plus cher. <br \/>Par exemple\u00a0:<\/p>\n<ul style ='list-style: none;'>\n<li style =\"background-image:url('https:\/\/staging.sp-ps.ch\/wp-content\/plugins\/elementor\/assets\/images\/placeholder.png'); background-size:0px;\">Les loyers des appartements co\u00fbtent toujours plus cher.<\/li>\n<li style =\"background-image:url('https:\/\/staging.sp-ps.ch\/wp-content\/plugins\/elementor\/assets\/images\/placeholder.png'); background-size:0px;\">La caisse-maladie co\u00fbte toujours plus cher.<\/li>\n<\/ul>\n<p>Les gens doivent avoir assez d\u2019argent pour vivre. <br \/>Le PS s\u2019engage\u00a0:<\/p>\n<ul style ='list-style: none;'>\n<li style =\"background-image:url('https:\/\/staging.sp-ps.ch\/wp-content\/plugins\/elementor\/assets\/images\/placeholder.png'); background-size:0px;\">Les gens doivent pouvoir payer le loyer d'un appartement.<\/li>\n<li style =\"background-image:url('https:\/\/staging.sp-ps.ch\/wp-content\/plugins\/elementor\/assets\/images\/placeholder.png'); background-size:0px;\">La caisse-maladie ne doit pas co\u00fbter toujours plus.<\/li>\n<li style =\"background-image:url('https:\/\/staging.sp-ps.ch\/wp-content\/plugins\/elementor\/assets\/images\/placeholder.png'); background-size:0px;\">Les gens doivent tous recevoir une bonne rente.<\/li>\n<\/ul>\n<p>&nbsp;<\/p>\n<h4>2. Les gens doivent tous avoir les m\u00eames droits.<\/h4>\n<p>En Suisse, il n\u2019y a pas encore d\u2019\u00e9galit\u00e9 pour tous. <br \/>Par exemple\u00a0:<\/p>\n<ul style ='list-style: none;'>\n<li style =\"background-image:url('https:\/\/staging.sp-ps.ch\/wp-content\/plugins\/elementor\/assets\/images\/placeholder.png'); background-size:0px;\">Les femmes gagnent moins d\u2019argent que les hommes.<\/li>\n<li style =\"background-image:url('https:\/\/staging.sp-ps.ch\/wp-content\/plugins\/elementor\/assets\/images\/placeholder.png'); background-size:0px;\">Les cr\u00e8ches sont trop ch\u00e8res pour les parents.<\/li>\n<li style =\"background-image:url('https:\/\/staging.sp-ps.ch\/wp-content\/plugins\/elementor\/assets\/images\/placeholder.png'); background-size:0px;\">Les personnes de couleur ou les personnes avec un handicap<br \/>ne sont pas bien trait\u00e9es.<\/li>\n<li style =\"background-image:url('https:\/\/staging.sp-ps.ch\/wp-content\/plugins\/elementor\/assets\/images\/placeholder.png'); background-size:0px;\">Les femmes et les <u>personnes queer<\/u> sont confront\u00e9es \u00e0 la violence.<\/li>\n<\/ul>\n<p>Le PS s\u2019engage\u00a0:<\/p>\n<ul style ='list-style: none;'>\n<li style =\"background-image:url('https:\/\/staging.sp-ps.ch\/wp-content\/plugins\/elementor\/assets\/images\/placeholder.png'); background-size:0px;\">Les femmes doivent avoir assez d\u2019argent \u00e0 la retraite.<\/li>\n<li style =\"background-image:url('https:\/\/staging.sp-ps.ch\/wp-content\/plugins\/elementor\/assets\/images\/placeholder.png'); background-size:0px;\">Les familles doivent avoir assez d\u2019argent pour payer la cr\u00e8che.<\/li>\n<li style =\"background-image:url('https:\/\/staging.sp-ps.ch\/wp-content\/plugins\/elementor\/assets\/images\/placeholder.png'); background-size:0px;\">Toutes les personnes doivent \u00eatre trait\u00e9es de la m\u00eame mani\u00e8re.<\/li>\n<\/ul>\n<h4>\u00a0<\/h4>\n<h4>3. Le <u>climat<\/u> et la nature doivent \u00eatre prot\u00e9g\u00e9s. <br \/>Et il faut assez d\u2019<u>\u00e9nergie<\/u> pour tout le monde.<\/h4>\n<p>Le PS s\u2019engage\u00a0:<\/p>\n<ul style ='list-style: none;'>\n<li style =\"background-image:url('https:\/\/staging.sp-ps.ch\/wp-content\/plugins\/elementor\/assets\/images\/placeholder.png'); background-size:0px;\">Il faut beaucoup plus d\u2019<u>\u00e9nergie<\/u> solaire. <br \/>Par exemple les panneaux solaires.<\/li>\n<li style =\"background-image:url('https:\/\/staging.sp-ps.ch\/wp-content\/plugins\/elementor\/assets\/images\/placeholder.png'); background-size:0px;\">Il faut installer des chauffages sans p\u00e9trole dans les maisons.<\/li>\n<li style =\"background-image:url('https:\/\/staging.sp-ps.ch\/wp-content\/plugins\/elementor\/assets\/images\/placeholder.png'); background-size:0px;\">Il faut d\u00e9velopper les transports publics.<br \/>Autrement dit, il faut plus de bus et de trams dans tout le pays.<\/li>\n<li style =\"background-image:url('https:\/\/staging.sp-ps.ch\/wp-content\/plugins\/elementor\/assets\/images\/placeholder.png'); background-size:0px;\">La Suisse doit donner de l\u2019argent pour aider \u00e0 prot\u00e9ger le <u>climat<\/u>. <br \/>Et il ne faut plus donner de l\u2019argent dans des entreprises <br \/>qui sont mauvaises pour le <u>climat<\/u>.<\/li>\n<li style =\"background-image:url('https:\/\/staging.sp-ps.ch\/wp-content\/plugins\/elementor\/assets\/images\/placeholder.png'); background-size:0px;\">Les lieux de vie des animaux et des plantes doivent \u00eatre prot\u00e9g\u00e9s. <br \/>Par exemple les for\u00eats, les arbres et les jardins.<\/li>\n<\/ul>\n<h3>\u00a0<\/h3>\n<h3>Quelles autres id\u00e9es sont importantes pour le PS\u00a0?<\/h3>\n<p>Le PS s\u2019engage aussi pour beaucoup d\u2019autres id\u00e9es. <br \/>Par exemple\u00a0:<\/p>\n<ul style ='list-style: none;'>\n<li style =\"background-image:url('https:\/\/staging.sp-ps.ch\/wp-content\/plugins\/elementor\/assets\/images\/placeholder.png'); background-size:0px;\">La paix<\/li>\n<li style =\"background-image:url('https:\/\/staging.sp-ps.ch\/wp-content\/plugins\/elementor\/assets\/images\/placeholder.png'); background-size:0px;\">La naturalisation facilit\u00e9e des \u00e9trangers<br \/>Autrement dit\u00a0: les personnes qui vivent en Suisse depuis longtemps<br \/>doivent pouvoir devenir Suisses plus facilement<\/li>\n<li style =\"background-image:url('https:\/\/staging.sp-ps.ch\/wp-content\/plugins\/elementor\/assets\/images\/placeholder.png'); background-size:0px;\">Les droits des personnes en situation de handicap<\/li>\n<\/ul>\n<p>&nbsp;<\/p>\n<h3>Avec qui travaille le PS\u00a0?<\/h3>\n<p>Le PS travaille avec beaucoup d\u2019autres <br \/>qui s\u2019engagent pour les m\u00eames id\u00e9es. <br \/>Par exemple, les associations de d\u00e9fense de l\u2019environnement,<br \/>d\u2019autres <u>partis<\/u> ou des organisations.<\/p>\n<p>&nbsp;<\/p>\n<h3>O\u00f9 trouver d\u2019autres informations sur le PS\u00a0?<\/h3>\n<p>Le PS est pr\u00e9sent sur Facebook, Instagram, Tiktok et X. <br \/>Tu peux nous suivre sur ces r\u00e9seaux<br \/>ou en lire plus sur notre site web.<\/p>\n<h3>\u00a0<\/h3>\n<h3>Tu veux participer\u00a0?<\/h3>\n<p>Nous sommes tr\u00e8s contents <br \/>si tu veux devenir membre du PS.<\/p>\n<p>Ensemble nous formons le <u>parti<\/u><br \/>et nous nous engageons pour une Suisse sociale.<\/p>\n<p>Tu peux remplir le formulaire pour devenir membre. <br \/>Ou nous appeler. <br \/>Voici le num\u00e9ro\u00a0: 031 329 65 65<\/p>\n<h4>Nous t\u2019attendons\u00a0!<\/h4>\n<p><strong>\u00a0<\/strong><\/p>\n<h3>Explication des mots soulign\u00e9s<\/h3>\n<p><strong>\u00c9nergie<\/strong> <br \/>L\u2019\u00e9nergie, c\u2019est par exemple le p\u00e9trole ou le gaz. <br \/>Ces \u00e9nergies sont utilis\u00e9es pour le chauffage. <br \/>L\u2019\u00e9nergie, c\u2019est aussi l\u2019\u00e9lectricit\u00e9.<\/p>\n<p><strong>Climat<br \/><\/strong>Le m\u00e9t\u00e9o varie beaucoup. <br \/>Par exemple\u00a0: parfois il fait chaud <br \/>et parfois il fait froid. <br \/>Parfois, il y a du vent. <br \/>En hiver, il y a de la neige.<\/p>\n<p>Toutes ces diff\u00e9rentes m\u00e9t\u00e9os sont le climat.<\/p>\n<p><strong>Parti<br \/><\/strong>Un parti c\u2019est comme un groupe ou un club. <br \/>Un parti r\u00e9unit des gens qui ont les m\u00eames id\u00e9es politiques. <br \/>Ces gens sont d\u2019accord sur la mani\u00e8re de diriger le pays. <br \/>Les gens qui ont les m\u00eames id\u00e9es peuvent voter pour ce parti.<\/p>\n<p>La plupart des politiciennes et politiciens appartiennent \u00e0 un parti.<\/p>\n<p><strong>Personnes queer<\/strong><br \/>Queer est un mot anglais. <br \/>Il se prononce ainsi\u00a0: couir.<\/p>\n<p>Beaucoup de personnes pensent<br \/>qu\u2019il y a seulement des hommes et des femmes. <br \/>Et que les femmes aiment seulement les hommes. <br \/>Et que les hommes aiment seulement les femmes. <br \/>Mais ce n\u2019est pas vrai.<\/p>\n<p>Il y a toutes sortes de gens. <br \/>Il y a des personnes diff\u00e9rentes. <br \/>Il y a des personnes qui aiment autrement. <br \/>Il y a des personnes qui ressentent les choses autrement.<\/p>\n<p>Ces personnes sont appel\u00e9es personnes queer.<\/p>\n<\/div><\/div><\/div>\t\t\t\t<\/div>\n\t\t\t\t<\/div>\n\t\t\t\t\t<\/div>\n\t\t<\/div>\n\t\t\t\t\t<\/div>\n\t\t<\/section>\n\t\t\t\t<\/div>\n\t\t","protected":false},"excerpt":{"rendered":"<p>Le PS Suisse en langage simplifi\u00e9 Le PS s\u2019engage pour une Suisse pour tous les gens &nbsp; Explication des mots soulign\u00e9s Certains mots dans le texte sont soulign\u00e9s. Par exemple [&hellip;]<\/p>\n","protected":false},"author":64,"featured_media":0,"parent":0,"menu_order":0,"comment_status":"closed","ping_status":"closed","template":"","meta":{"footnotes":""},"class_list":["post-126976","page","type-page","status-publish","hentry"],"_links":{"self":[{"href":"https:\/\/staging.sp-ps.ch\/fr\/wp-json\/wp\/v2\/pages\/126976","targetHints":{"allow":["GET"]}}],"collection":[{"href":"https:\/\/staging.sp-ps.ch\/fr\/wp-json\/wp\/v2\/pages"}],"about":[{"href":"https:\/\/staging.sp-ps.ch\/fr\/wp-json\/wp\/v2\/types\/page"}],"author":[{"embeddable":true,"href":"https:\/\/staging.sp-ps.ch\/fr\/wp-json\/wp\/v2\/users\/64"}],"replies":[{"embeddable":true,"href":"https:\/\/staging.sp-ps.ch\/fr\/wp-json\/wp\/v2\/comments?post=126976"}],"version-history":[{"count":8,"href":"https:\/\/staging.sp-ps.ch\/fr\/wp-json\/wp\/v2\/pages\/126976\/revisions"}],"predecessor-version":[{"id":127042,"href":"https:\/\/staging.sp-ps.ch\/fr\/wp-json\/wp\/v2\/pages\/126976\/revisions\/127042"}],"wp:attachment":[{"href":"https:\/\/staging.sp-ps.ch\/fr\/wp-json\/wp\/v2\/media?parent=126976"}],"curies":[{"name":"wp","href":"https:\/\/api.w.org\/{rel}","templated":true}]}}