{"id":128245,"date":"2024-03-28T10:18:24","date_gmt":"2024-03-28T09:18:24","guid":{"rendered":"https:\/\/staging.sp-ps.ch\/oui-a-la-loi-sur-lelectricite\/"},"modified":"2024-05-14T10:11:04","modified_gmt":"2024-05-14T08:11:04","slug":"oui-a-la-loi-sur-lelectricite","status":"publish","type":"page","link":"https:\/\/staging.sp-ps.ch\/fr\/oui-a-la-loi-sur-lelectricite\/","title":{"rendered":"Oui \u00e0 la loi sur l\u2019\u00e9lectricit\u00e9"},"content":{"rendered":"\t\t<div data-elementor-type=\"wp-page\" data-elementor-id=\"128245\" class=\"elementor elementor-128245 elementor-128148\" data-elementor-post-type=\"page\">\n\t\t\t\t\t\t<section class=\"elementor-section elementor-top-section elementor-element elementor-element-35f82ac elementor-section-boxed elementor-section-height-default elementor-section-height-default\" data-id=\"35f82ac\" data-element_type=\"section\" data-e-type=\"section\" data-settings=\"{&quot;jet_parallax_layout_list&quot;:[]}\">\n\t\t\t\t\t\t<div class=\"elementor-container elementor-column-gap-default\">\n\t\t\t\t\t<div class=\"elementor-column elementor-col-100 elementor-top-column elementor-element elementor-element-274bc43\" data-id=\"274bc43\" data-element_type=\"column\" data-e-type=\"column\">\n\t\t\t<div class=\"elementor-widget-wrap elementor-element-populated\">\n\t\t\t\t\t\t<div class=\"elementor-element elementor-element-c3d2157 elementor-widget-mobile__width-inherit e-transform e-transform elementor-widget elementor-widget-elementor_spps_campaignheader_widget\" data-id=\"c3d2157\" data-element_type=\"widget\" data-e-type=\"widget\" data-settings=\"{&quot;_animation&quot;:&quot;none&quot;,&quot;_transform_translateX_effect&quot;:{&quot;unit&quot;:&quot;px&quot;,&quot;size&quot;:&quot;&quot;,&quot;sizes&quot;:[]},&quot;_transform_translateX_effect_tablet&quot;:{&quot;unit&quot;:&quot;px&quot;,&quot;size&quot;:&quot;&quot;,&quot;sizes&quot;:[]},&quot;_transform_translateX_effect_mobile&quot;:{&quot;unit&quot;:&quot;px&quot;,&quot;size&quot;:&quot;&quot;,&quot;sizes&quot;:[]},&quot;_transform_translateY_effect&quot;:{&quot;unit&quot;:&quot;px&quot;,&quot;size&quot;:&quot;&quot;,&quot;sizes&quot;:[]},&quot;_transform_translateY_effect_tablet&quot;:{&quot;unit&quot;:&quot;px&quot;,&quot;size&quot;:&quot;&quot;,&quot;sizes&quot;:[]},&quot;_transform_translateY_effect_mobile&quot;:{&quot;unit&quot;:&quot;px&quot;,&quot;size&quot;:&quot;&quot;,&quot;sizes&quot;:[]},&quot;_transform_scale_effect&quot;:{&quot;unit&quot;:&quot;px&quot;,&quot;size&quot;:&quot;&quot;,&quot;sizes&quot;:[]},&quot;_transform_scale_effect_tablet&quot;:{&quot;unit&quot;:&quot;px&quot;,&quot;size&quot;:&quot;&quot;,&quot;sizes&quot;:[]},&quot;_transform_scale_effect_mobile&quot;:{&quot;unit&quot;:&quot;px&quot;,&quot;size&quot;:&quot;&quot;,&quot;sizes&quot;:[]}}\" data-widget_type=\"elementor_spps_campaignheader_widget.default\">\n\t\t\t\t<div class=\"elementor-widget-container\">\n\t\t\t\t\t<header class=\"petitionHeader\">  <div class=\"petitionHeader__content\">      <h1 class=\"petitionHeader__title\">      <\/h1>  <img decoding=\"async\"  alt=\"Hintergrundbild \"        src=\"https:\/\/staging.sp-ps.ch\/wp-content\/uploads\/2024\/05\/Bild-Klimaschutz-scaled-1.jpg\"        sizes=\"100vw\"        class=\"petitionHeader__img\">    <div class=\"petitionHeader__introWrapper\">      <h2 class=\"petitionHeader__intro\"><\/h2>    <\/div>  <\/div><\/header>\t\t\t\t<\/div>\n\t\t\t\t<\/div>\n\t\t\t\t<div class=\"elementor-element elementor-element-30aa24e elementor-absolute elementor-widget__width-auto elementor-widget-mobile__width-auto elementor-widget elementor-widget-text-editor\" data-id=\"30aa24e\" data-element_type=\"widget\" data-e-type=\"widget\" data-settings=\"{&quot;_position&quot;:&quot;absolute&quot;}\" data-widget_type=\"text-editor.default\">\n\t\t\t\t<div class=\"elementor-widget-container\">\n\t\t\t\t\t\t\t\t\t<p><span style=\"color: #ffffff;\"><strong>OUI \u00c0 LA LOI SUR L\u2019\u00c9LECTRICIT\u00c9<\/strong><\/span><\/p><h2><span style=\"color: #ffffff;\">POUR LE CLIMAT ET LA S\u00c9CURIT\u00c9 DE L&#8217;APPROVISIONNEMENT<\/span><\/h2>\t\t\t\t\t\t\t\t<\/div>\n\t\t\t\t<\/div>\n\t\t\t\t<div class=\"elementor-element elementor-element-292f791 elementor-widget elementor-widget-spps_button_list\" data-id=\"292f791\" data-element_type=\"widget\" data-e-type=\"widget\" data-widget_type=\"spps_button_list.default\">\n\t\t\t\t<div class=\"elementor-widget-container\">\n\t\t\t\t\t<div class=\"button-list-wrapper   \"><div class=\"button-list-title\"><h2>Oui \u00e0 la loi sur l\u2019\u00e9lectricit\u00e9<\/h2><\/div><div class=\"button-list-container\"><div class=\"button-list-text\"><p>La protection du climat et la s\u00e9curit\u00e9 de l\u2019approvisionnement \u00e9nerg\u00e9tique sont les d\u00e9fis les plus importants de notre \u00e9poque. Nous devons devenir le plus rapidement possible ind\u00e9pendant-es du p\u00e9trole, du gaz et de l\u2019uranium. Cela sera possible en votant OUI \u00e0 la loi sur l\u2019\u00e9lectricit\u00e9 le 9 juin prochain.<\/p><p>\u00a0<\/p><h3>D\u00e9veloppons l\u2019\u00e9nergie solaire, Prot\u00e9geons le climat<\/h3><p>La loi sur l\u2019\u00e9lectricit\u00e9 permet un d\u00e9veloppement rapide des \u00e9nergies renouvelables, en particulier du solaire. Plus de 80\u00a0% des installations seront construites sur des b\u00e2timents et des infrastructures. A cette fin, il existe par exemple une obligation d\u2019installer des panneaux solaires sur les b\u00e2timents de taille importante ainsi que sur les infrastructures de la Conf\u00e9d\u00e9ration.<\/p><p>\u00a0<\/p><h3>Des objectifs concrets pour la production d\u2019\u00e9lectricit\u00e9<\/h3><p>Afin de prot\u00e9ger le climat et de renforcer la s\u00e9curit\u00e9 de l\u2019approvisionnement \u00e9nerg\u00e9tique, la loi sur les \u00e9nergies renouvelables d\u00e9finit des objectifs concrets : la production d\u2019\u00e9lectricit\u00e9 \u00e0 partir de sources renouvelables comme l\u2019\u00e9olien et le solaire doit augmenter sensiblement d\u2019ici 2035 (au moins 35 TWh, +30 TWh par rapport \u00e0 aujourd'hui) et la force hydraulique doit \u00eatre l\u00e9g\u00e8rement d\u00e9velopp\u00e9e (37,9 TWh, +0,5 TWh par rapport \u00e0 aujourd\u2019hui). En outre, l\u2019augmentation de l\u2019efficacit\u00e9 doit permettre d\u2019\u00e9conomiser de l'\u00e9lectricit\u00e9 (-2 TWh).<\/p><p>\u00a0<\/p><h3><u><\/u>Renforcer la s\u00e9curit\u00e9 de l\u2019approvisionnement \u00e9nerg\u00e9tique<\/h3><p>En d\u00e9veloppant massivement l\u2019\u00e9nergie renouvelable produite localement, nous renfor\u00e7ons la s\u00e9curit\u00e9 de l\u2019approvisionnement et devenons ind\u00e9pendant-es du p\u00e9trole, du gaz et de l\u2019uranium provenant de l\u2019\u00e9tranger. Cela garantit des prix avantageux et stables au lieu de chocs de prix dus \u00e0 la situation g\u00e9opolitique.<\/p><p>\u00a0<\/p><h3>Conclusion<\/h3><p>La loi sur l\u2019\u00e9lectricit\u00e9 permet de d\u00e9velopper les \u00e9nergies renouvelables \u00e0 grande \u00e9chelle, notamment l\u2019\u00e9nergie solaire sur les b\u00e2timents et infrastructures existants. La loi constitue ainsi une \u00e9tape importante pour s\u2019affranchir enfin du p\u00e9trole, du gaz et de l\u2019uranium. En votant OUI \u00e0 ce projet, la protection du climat et la s\u00e9curit\u00e9 de l\u2019approvisionnement \u00e9nerg\u00e9tique seront renforc\u00e9es.<\/p><\/div><\/div><\/div>\t\t\t\t<\/div>\n\t\t\t\t<\/div>\n\t\t\t\t<div class=\"elementor-element elementor-element-4745b10 elementor-widget elementor-widget-spacer\" data-id=\"4745b10\" data-element_type=\"widget\" data-e-type=\"widget\" data-widget_type=\"spacer.default\">\n\t\t\t\t<div class=\"elementor-widget-container\">\n\t\t\t\t\t\t\t<div class=\"elementor-spacer\">\n\t\t\t<div class=\"elementor-spacer-inner\"><\/div>\n\t\t<\/div>\n\t\t\t\t\t\t<\/div>\n\t\t\t\t<\/div>\n\t\t\t\t\t<\/div>\n\t\t<\/div>\n\t\t\t\t\t<\/div>\n\t\t<\/section>\n\t\t\t\t<section class=\"elementor-section elementor-top-section elementor-element elementor-element-b9239a7 elementor-section-boxed elementor-section-height-default elementor-section-height-default\" data-id=\"b9239a7\" data-element_type=\"section\" data-e-type=\"section\" data-settings=\"{&quot;jet_parallax_layout_list&quot;:[],&quot;background_background&quot;:&quot;classic&quot;}\">\n\t\t\t\t\t\t\t<div class=\"elementor-background-overlay\"><\/div>\n\t\t\t\t\t\t\t<div class=\"elementor-container elementor-column-gap-default\">\n\t\t\t\t\t<div class=\"elementor-column elementor-col-50 elementor-top-column elementor-element elementor-element-a01cd48\" data-id=\"a01cd48\" data-element_type=\"column\" data-e-type=\"column\">\n\t\t\t<div class=\"elementor-widget-wrap elementor-element-populated\">\n\t\t\t\t\t\t<div class=\"elementor-element elementor-element-11999a1 elementor-widget-tablet__width-initial elementor-widget-mobile__width-inherit elementor-widget elementor-widget-image\" data-id=\"11999a1\" data-element_type=\"widget\" data-e-type=\"widget\" data-widget_type=\"image.default\">\n\t\t\t\t<div class=\"elementor-widget-container\">\n\t\t\t\t\t\t\t\t\t\t\t\t\t\t\t<img fetchpriority=\"high\" decoding=\"async\" width=\"768\" height=\"768\" src=\"https:\/\/staging.sp-ps.ch\/wp-content\/uploads\/2015\/06\/VD_NR_2023_SP_Nordmann_Roger_1605-G-768x768.jpg\" class=\"attachment-medium_large size-medium_large wp-image-117968\" alt=\"Conseiller National Roger Nordmann (VD)\" srcset=\"https:\/\/staging.sp-ps.ch\/wp-content\/uploads\/2015\/06\/VD_NR_2023_SP_Nordmann_Roger_1605-G-768x768.jpg 768w, https:\/\/staging.sp-ps.ch\/wp-content\/uploads\/2015\/06\/VD_NR_2023_SP_Nordmann_Roger_1605-G-300x300.jpg 300w, https:\/\/staging.sp-ps.ch\/wp-content\/uploads\/2015\/06\/VD_NR_2023_SP_Nordmann_Roger_1605-G-1024x1024.jpg 1024w, https:\/\/staging.sp-ps.ch\/wp-content\/uploads\/2015\/06\/VD_NR_2023_SP_Nordmann_Roger_1605-G-150x150.jpg 150w, https:\/\/staging.sp-ps.ch\/wp-content\/uploads\/2015\/06\/VD_NR_2023_SP_Nordmann_Roger_1605-G-1536x1536.jpg 1536w, https:\/\/staging.sp-ps.ch\/wp-content\/uploads\/2015\/06\/VD_NR_2023_SP_Nordmann_Roger_1605-G-1000x1000.jpg 1000w, https:\/\/staging.sp-ps.ch\/wp-content\/uploads\/2015\/06\/VD_NR_2023_SP_Nordmann_Roger_1605-G-600x600.jpg 600w, https:\/\/staging.sp-ps.ch\/wp-content\/uploads\/2015\/06\/VD_NR_2023_SP_Nordmann_Roger_1605-G.jpg 2000w\" sizes=\"(max-width: 768px) 100vw, 768px\" \/>\t\t\t\t\t\t\t\t\t\t\t\t\t\t\t<\/div>\n\t\t\t\t<\/div>\n\t\t\t\t\t<\/div>\n\t\t<\/div>\n\t\t\t\t<div class=\"elementor-column elementor-col-50 elementor-top-column elementor-element elementor-element-766dcf8\" data-id=\"766dcf8\" data-element_type=\"column\" data-e-type=\"column\">\n\t\t\t<div class=\"elementor-widget-wrap elementor-element-populated\">\n\t\t\t\t\t\t<div class=\"elementor-element elementor-element-45fe004 elementor-widget-tablet__width-initial elementor-widget elementor-widget-text-editor\" data-id=\"45fe004\" data-element_type=\"widget\" data-e-type=\"widget\" data-widget_type=\"text-editor.default\">\n\t\t\t\t<div class=\"elementor-widget-container\">\n\t\t\t\t\t\t\t\t\t<p style=\"text-align: left;\"><em>\u00ab La loi sur l&#8217;\u00e9lectricit\u00e9 permet de d\u00e9velopper les \u00e9nergies renouvelables \u00e0 grande \u00e9chelle, notamment l&#8217;\u00e9nergie solaire sur les b\u00e2timents et infrastructures existants. Cela renforce la protection du climat et rend la Suisse ind\u00e9pendante du p\u00e9trole et du gaz import\u00e9s de l&#8217;\u00e9tranger. \u00bb<\/em><\/p><p><strong>Roger Nordmann, <br \/>Conseiller national PS<\/strong><\/p>\t\t\t\t\t\t\t\t<\/div>\n\t\t\t\t<\/div>\n\t\t\t\t\t<\/div>\n\t\t<\/div>\n\t\t\t\t\t<\/div>\n\t\t<\/section>\n\t\t\t\t<section class=\"elementor-section elementor-top-section elementor-element elementor-element-7ebd307 elementor-section-boxed elementor-section-height-default elementor-section-height-default\" data-id=\"7ebd307\" data-element_type=\"section\" data-e-type=\"section\" data-settings=\"{&quot;jet_parallax_layout_list&quot;:[]}\">\n\t\t\t\t\t\t<div class=\"elementor-container elementor-column-gap-default\">\n\t\t\t\t\t<div class=\"elementor-column elementor-col-100 elementor-top-column elementor-element elementor-element-923ff8d\" data-id=\"923ff8d\" data-element_type=\"column\" data-e-type=\"column\">\n\t\t\t<div class=\"elementor-widget-wrap elementor-element-populated\">\n\t\t\t\t\t\t<div class=\"elementor-element elementor-element-8f17cb7 elementor-widget elementor-widget-spacer\" data-id=\"8f17cb7\" data-element_type=\"widget\" data-e-type=\"widget\" data-widget_type=\"spacer.default\">\n\t\t\t\t<div class=\"elementor-widget-container\">\n\t\t\t\t\t\t\t<div class=\"elementor-spacer\">\n\t\t\t<div class=\"elementor-spacer-inner\"><\/div>\n\t\t<\/div>\n\t\t\t\t\t\t<\/div>\n\t\t\t\t<\/div>\n\t\t\t\t\t<\/div>\n\t\t<\/div>\n\t\t\t\t\t<\/div>\n\t\t<\/section>\n\t\t\t\t<section class=\"elementor-section elementor-top-section elementor-element elementor-element-619bb70 elementor-section-boxed elementor-section-height-default elementor-section-height-default\" data-id=\"619bb70\" data-element_type=\"section\" data-e-type=\"section\" data-settings=\"{&quot;jet_parallax_layout_list&quot;:[],&quot;background_background&quot;:&quot;classic&quot;}\">\n\t\t\t\t\t\t\t<div class=\"elementor-background-overlay\"><\/div>\n\t\t\t\t\t\t\t<div class=\"elementor-container elementor-column-gap-default\">\n\t\t\t\t\t<div class=\"elementor-column elementor-col-50 elementor-top-column elementor-element elementor-element-ce89ac1\" data-id=\"ce89ac1\" data-element_type=\"column\" data-e-type=\"column\">\n\t\t\t<div class=\"elementor-widget-wrap elementor-element-populated\">\n\t\t\t\t\t\t<div class=\"elementor-element elementor-element-99872c6 elementor-widget-tablet__width-initial elementor-widget elementor-widget-text-editor\" data-id=\"99872c6\" data-element_type=\"widget\" data-e-type=\"widget\" data-widget_type=\"text-editor.default\">\n\t\t\t\t<div class=\"elementor-widget-container\">\n\t\t\t\t\t\t\t\t\t<p style=\"text-align: left;\"><em>\u00ab Pour la loi sur l&#8217;\u00e9lectricit\u00e9, les milieux politiques et \u00e9conomiques on travaill\u00e9 conjointement avec les organisations environnementales. Cette loi est une solution \u00e9quilibr\u00e9e qui nous fait tous avancer<\/em><em>. \u00bb<\/em><\/p><p><strong>Nadine Masshardt, <br \/>Conseill\u00e8re nationale du PS et pr\u00e9sidente de la Fondation Suisse de l&#8217;Energie<\/strong><\/p>\t\t\t\t\t\t\t\t<\/div>\n\t\t\t\t<\/div>\n\t\t\t\t\t<\/div>\n\t\t<\/div>\n\t\t\t\t<div class=\"elementor-column elementor-col-50 elementor-top-column elementor-element elementor-element-2d018cf\" data-id=\"2d018cf\" data-element_type=\"column\" data-e-type=\"column\">\n\t\t\t<div class=\"elementor-widget-wrap elementor-element-populated\">\n\t\t\t\t\t\t<div class=\"elementor-element elementor-element-c1a938e elementor-widget-tablet__width-initial elementor-widget-mobile__width-inherit elementor-widget elementor-widget-image\" data-id=\"c1a938e\" data-element_type=\"widget\" data-e-type=\"widget\" data-widget_type=\"image.default\">\n\t\t\t\t<div class=\"elementor-widget-container\">\n\t\t\t\t\t\t\t\t\t\t\t\t\t\t\t<img decoding=\"async\" width=\"768\" height=\"768\" src=\"https:\/\/staging.sp-ps.ch\/wp-content\/uploads\/2024\/05\/BE_NR_2023_SP_Masshardt_Nadine_1671-G-768x768.jpg\" class=\"attachment-medium_large size-medium_large wp-image-132515\" alt=\"\" srcset=\"https:\/\/staging.sp-ps.ch\/wp-content\/uploads\/2024\/05\/BE_NR_2023_SP_Masshardt_Nadine_1671-G-768x768.jpg 768w, https:\/\/staging.sp-ps.ch\/wp-content\/uploads\/2024\/05\/BE_NR_2023_SP_Masshardt_Nadine_1671-G-300x300.jpg 300w, https:\/\/staging.sp-ps.ch\/wp-content\/uploads\/2024\/05\/BE_NR_2023_SP_Masshardt_Nadine_1671-G-1024x1024.jpg 1024w, https:\/\/staging.sp-ps.ch\/wp-content\/uploads\/2024\/05\/BE_NR_2023_SP_Masshardt_Nadine_1671-G-150x150.jpg 150w, https:\/\/staging.sp-ps.ch\/wp-content\/uploads\/2024\/05\/BE_NR_2023_SP_Masshardt_Nadine_1671-G-1536x1536.jpg 1536w, https:\/\/staging.sp-ps.ch\/wp-content\/uploads\/2024\/05\/BE_NR_2023_SP_Masshardt_Nadine_1671-G-1000x1000.jpg 1000w, https:\/\/staging.sp-ps.ch\/wp-content\/uploads\/2024\/05\/BE_NR_2023_SP_Masshardt_Nadine_1671-G-600x600.jpg 600w, https:\/\/staging.sp-ps.ch\/wp-content\/uploads\/2024\/05\/BE_NR_2023_SP_Masshardt_Nadine_1671-G.jpg 2000w\" sizes=\"(max-width: 768px) 100vw, 768px\" \/>\t\t\t\t\t\t\t\t\t\t\t\t\t\t\t<\/div>\n\t\t\t\t<\/div>\n\t\t\t\t\t<\/div>\n\t\t<\/div>\n\t\t\t\t\t<\/div>\n\t\t<\/section>\n\t\t\t\t<section class=\"elementor-section elementor-top-section elementor-element elementor-element-a95239e elementor-section-boxed elementor-section-height-default elementor-section-height-default\" data-id=\"a95239e\" data-element_type=\"section\" data-e-type=\"section\" data-settings=\"{&quot;jet_parallax_layout_list&quot;:[]}\">\n\t\t\t\t\t\t<div class=\"elementor-container elementor-column-gap-default\">\n\t\t\t\t\t<div class=\"elementor-column elementor-col-100 elementor-top-column elementor-element elementor-element-26cafcb\" data-id=\"26cafcb\" data-element_type=\"column\" data-e-type=\"column\">\n\t\t\t<div class=\"elementor-widget-wrap elementor-element-populated\">\n\t\t\t\t\t\t<div class=\"elementor-element elementor-element-17b9711 elementor-widget elementor-widget-spacer\" data-id=\"17b9711\" data-element_type=\"widget\" data-e-type=\"widget\" data-widget_type=\"spacer.default\">\n\t\t\t\t<div class=\"elementor-widget-container\">\n\t\t\t\t\t\t\t<div class=\"elementor-spacer\">\n\t\t\t<div class=\"elementor-spacer-inner\"><\/div>\n\t\t<\/div>\n\t\t\t\t\t\t<\/div>\n\t\t\t\t<\/div>\n\t\t\t\t\t<\/div>\n\t\t<\/div>\n\t\t\t\t\t<\/div>\n\t\t<\/section>\n\t\t\t\t<section class=\"elementor-section elementor-top-section elementor-element elementor-element-436ae63 elementor-section-boxed elementor-section-height-default elementor-section-height-default\" data-id=\"436ae63\" data-element_type=\"section\" data-e-type=\"section\" data-settings=\"{&quot;jet_parallax_layout_list&quot;:[],&quot;background_background&quot;:&quot;classic&quot;}\">\n\t\t\t\t\t\t\t<div class=\"elementor-background-overlay\"><\/div>\n\t\t\t\t\t\t\t<div class=\"elementor-container elementor-column-gap-default\">\n\t\t\t\t\t<div class=\"elementor-column elementor-col-50 elementor-top-column elementor-element elementor-element-ebd3f26\" data-id=\"ebd3f26\" data-element_type=\"column\" data-e-type=\"column\">\n\t\t\t<div class=\"elementor-widget-wrap elementor-element-populated\">\n\t\t\t\t\t\t<div class=\"elementor-element elementor-element-eab8af6 elementor-widget-tablet__width-initial elementor-widget-mobile__width-inherit elementor-widget elementor-widget-image\" data-id=\"eab8af6\" data-element_type=\"widget\" data-e-type=\"widget\" data-widget_type=\"image.default\">\n\t\t\t\t<div class=\"elementor-widget-container\">\n\t\t\t\t\t\t\t\t\t\t\t\t\t\t\t<img decoding=\"async\" width=\"768\" height=\"768\" src=\"https:\/\/staging.sp-ps.ch\/wp-content\/uploads\/2024\/05\/AG_NR_2023_SP_Wermuth_Cedric_1094-G-768x768.jpg\" class=\"attachment-medium_large size-medium_large wp-image-132518\" alt=\"\" srcset=\"https:\/\/staging.sp-ps.ch\/wp-content\/uploads\/2024\/05\/AG_NR_2023_SP_Wermuth_Cedric_1094-G-768x768.jpg 768w, https:\/\/staging.sp-ps.ch\/wp-content\/uploads\/2024\/05\/AG_NR_2023_SP_Wermuth_Cedric_1094-G-300x300.jpg 300w, https:\/\/staging.sp-ps.ch\/wp-content\/uploads\/2024\/05\/AG_NR_2023_SP_Wermuth_Cedric_1094-G-1024x1024.jpg 1024w, https:\/\/staging.sp-ps.ch\/wp-content\/uploads\/2024\/05\/AG_NR_2023_SP_Wermuth_Cedric_1094-G-150x150.jpg 150w, https:\/\/staging.sp-ps.ch\/wp-content\/uploads\/2024\/05\/AG_NR_2023_SP_Wermuth_Cedric_1094-G-1536x1536.jpg 1536w, https:\/\/staging.sp-ps.ch\/wp-content\/uploads\/2024\/05\/AG_NR_2023_SP_Wermuth_Cedric_1094-G-1000x1000.jpg 1000w, https:\/\/staging.sp-ps.ch\/wp-content\/uploads\/2024\/05\/AG_NR_2023_SP_Wermuth_Cedric_1094-G-600x600.jpg 600w, https:\/\/staging.sp-ps.ch\/wp-content\/uploads\/2024\/05\/AG_NR_2023_SP_Wermuth_Cedric_1094-G.jpg 2000w\" sizes=\"(max-width: 768px) 100vw, 768px\" \/>\t\t\t\t\t\t\t\t\t\t\t\t\t\t\t<\/div>\n\t\t\t\t<\/div>\n\t\t\t\t\t<\/div>\n\t\t<\/div>\n\t\t\t\t<div class=\"elementor-column elementor-col-50 elementor-top-column elementor-element elementor-element-2c89bb7\" data-id=\"2c89bb7\" data-element_type=\"column\" data-e-type=\"column\">\n\t\t\t<div class=\"elementor-widget-wrap elementor-element-populated\">\n\t\t\t\t\t\t<div class=\"elementor-element elementor-element-a69626c elementor-widget-tablet__width-initial elementor-widget elementor-widget-text-editor\" data-id=\"a69626c\" data-element_type=\"widget\" data-e-type=\"widget\" data-widget_type=\"text-editor.default\">\n\t\t\t\t<div class=\"elementor-widget-container\">\n\t\t\t\t\t\t\t\t\t<p style=\"text-align: left;\"><em>\u00ab La protection du climat et un approvisionnement \u00e9nerg\u00e9tique s\u00fbr sont les plus grandes pr\u00e9occupations de notre \u00e9poque. Avec la loi sur l&#8217;\u00e9lectricit\u00e9, nous faisons un pas important en avant &#8211; notamment gr\u00e2ce \u00e0 l&#8217;installation de panneaux solaires sur les b\u00e2timents existants. \u00bb<\/em><\/p><p><strong>C\u00e9dric Wermuth, <br \/>Co-Pr\u00e9sident PS Suisse<\/strong><\/p>\t\t\t\t\t\t\t\t<\/div>\n\t\t\t\t<\/div>\n\t\t\t\t\t<\/div>\n\t\t<\/div>\n\t\t\t\t\t<\/div>\n\t\t<\/section>\n\t\t\t\t<\/div>\n\t\t","protected":false},"excerpt":{"rendered":"<p>OUI \u00c0 LA LOI SUR L\u2019\u00c9LECTRICIT\u00c9 POUR LE CLIMAT ET LA S\u00c9CURIT\u00c9 DE L&#8217;APPROVISIONNEMENT Oui \u00e0 la loi sur l\u2019\u00e9lectricit\u00e9 La protection du climat et la s\u00e9curit\u00e9 de l\u2019approvisionnement \u00e9nerg\u00e9tique [&hellip;]<\/p>\n","protected":false},"author":64,"featured_media":0,"parent":0,"menu_order":0,"comment_status":"closed","ping_status":"closed","template":"","meta":{"footnotes":""},"class_list":["post-128245","page","type-page","status-publish","hentry"],"_links":{"self":[{"href":"https:\/\/staging.sp-ps.ch\/fr\/wp-json\/wp\/v2\/pages\/128245","targetHints":{"allow":["GET"]}}],"collection":[{"href":"https:\/\/staging.sp-ps.ch\/fr\/wp-json\/wp\/v2\/pages"}],"about":[{"href":"https:\/\/staging.sp-ps.ch\/fr\/wp-json\/wp\/v2\/types\/page"}],"author":[{"embeddable":true,"href":"https:\/\/staging.sp-ps.ch\/fr\/wp-json\/wp\/v2\/users\/64"}],"replies":[{"embeddable":true,"href":"https:\/\/staging.sp-ps.ch\/fr\/wp-json\/wp\/v2\/comments?post=128245"}],"version-history":[{"count":65,"href":"https:\/\/staging.sp-ps.ch\/fr\/wp-json\/wp\/v2\/pages\/128245\/revisions"}],"predecessor-version":[{"id":132732,"href":"https:\/\/staging.sp-ps.ch\/fr\/wp-json\/wp\/v2\/pages\/128245\/revisions\/132732"}],"wp:attachment":[{"href":"https:\/\/staging.sp-ps.ch\/fr\/wp-json\/wp\/v2\/media?parent=128245"}],"curies":[{"name":"wp","href":"https:\/\/api.w.org\/{rel}","templated":true}]}}