{"id":128251,"date":"2024-03-28T10:37:53","date_gmt":"2024-03-28T09:37:53","guid":{"rendered":"https:\/\/staging.sp-ps.ch\/non-a-linitiative-sur-la-vaccination-obligatoire\/"},"modified":"2024-04-05T21:45:50","modified_gmt":"2024-04-05T19:45:50","slug":"non-a-linitiative-sur-la-vaccination-obligatoire","status":"publish","type":"page","link":"https:\/\/staging.sp-ps.ch\/fr\/non-a-linitiative-sur-la-vaccination-obligatoire\/","title":{"rendered":"Non \u00e0 l&#8217;initiative sur la vaccination obligatoire"},"content":{"rendered":"\t\t<div data-elementor-type=\"wp-page\" data-elementor-id=\"128251\" class=\"elementor elementor-128251 elementor-128154\" data-elementor-post-type=\"page\">\n\t\t\t\t\t\t<section class=\"elementor-section elementor-top-section elementor-element elementor-element-702c13f elementor-section-boxed elementor-section-height-default elementor-section-height-default\" data-id=\"702c13f\" data-element_type=\"section\" data-e-type=\"section\" data-settings=\"{&quot;jet_parallax_layout_list&quot;:[]}\">\n\t\t\t\t\t\t<div class=\"elementor-container elementor-column-gap-default\">\n\t\t\t\t\t<div class=\"elementor-column elementor-col-100 elementor-top-column elementor-element elementor-element-bd558d1\" data-id=\"bd558d1\" data-element_type=\"column\" data-e-type=\"column\">\n\t\t\t<div class=\"elementor-widget-wrap elementor-element-populated\">\n\t\t\t\t\t\t<div class=\"elementor-element elementor-element-f41ff37 elementor-widget elementor-widget-spps_button_list\" data-id=\"f41ff37\" data-element_type=\"widget\" data-e-type=\"widget\" data-widget_type=\"spps_button_list.default\">\n\t\t\t\t<div class=\"elementor-widget-container\">\n\t\t\t\t\t<div class=\"button-list-wrapper wrapper-spacing-default  \"><div class=\"button-list-title\"><h2>Non \u00e0 l'initiative sur la vaccination obligatoire<\/h2><\/div><div class=\"button-list-container\"><div class=\"button-list-text\"><h3>\u00a0<\/h3>\n<h3>Contexte<\/h3>\n<p>Durant deux ans, le virus SRAS-CoV2 a domin\u00e9 une grande partie de la vie sociale en Suisse. Diverses mesures, parfois radicales, ont \u00e9t\u00e9 \u00e9dict\u00e9es afin de prot\u00e9ger la population contre le virus et d\u2019\u00e9viter la surcharge des structures de soins. La mise au point rapide de vaccins \u00e0 travers le monde et leur disponibilit\u00e9 pour la population ont elles aussi jou\u00e9 un r\u00f4le important, car la vaccination constitue le moyen de protection le plus efficace contre les maladies transmissibles. Avant m\u00eame qu\u2019un vaccin ne soit autoris\u00e9 en Suisse, le Mouvement suisse pour la libert\u00e9 (Freiheitliche Bewegung Schweiz) a lanc\u00e9, le 1er d\u00e9cembre 2020, l\u2019initiative \u00ab Pour la libert\u00e9 et l\u2019int\u00e9grit\u00e9 physique \u00bb.<\/p>\n<p>Tant le Conseil f\u00e9d\u00e9ral que le Conseil national rejettent l\u2019initiative sans y opposer de contre-projet. Seul le groupe parlementaire UDC a soutenu l\u2019initiative.<\/p>\n<p>&nbsp;<\/p>\n<h3><strong>L\u2019initiative<\/strong><\/h3>\n<p>L\u2019initiative demande l\u2019ajout d\u2019un (nouvel) alin\u00e9a 2bis \u00e0 l\u2019article 10 de la Constitution f\u00e9d\u00e9rale (Droit \u00e0 la vie et libert\u00e9 personnelle). Cet alin\u00e9a pr\u00e9voit que les atteintes \u00e0 l\u2019int\u00e9grit\u00e9 physique ou psychique d\u2019une personne requi\u00e8rent son consentement. Si la personne concern\u00e9e refuse de donner son consentement, elle ne doit ni se voir infliger une peine, ni subir de pr\u00e9judices sociaux ou professionnels.<\/p>\n<p>&nbsp;<\/p>\n<h3><strong>Les<\/strong><strong>\u00a0<\/strong><strong>raisons<\/strong><strong> de <\/strong><strong>voter<\/strong><strong> non<\/strong><\/h3>\n<ul style ='list-style: none;'>\n<li style =\"background-image:url('https:\/\/staging.sp-ps.ch\/wp-content\/plugins\/elementor\/assets\/images\/placeholder.png'); background-size:0px;\">\n<h4><strong>Formulation<\/strong><strong>\u00a0<\/strong><strong>trop<\/strong><strong>\u00a0<\/strong><strong>g\u00e9n\u00e9rale<\/strong><\/h4>\n<\/li>\n<\/ul>\n<p style=\"padding-left: 40px;\">Le texte de l\u2019initiative ne contient pas la moindre mention explicite des vaccinations. L\u2019initiative exige de mani\u00e8re g\u00e9n\u00e9rale que toute atteinte de l\u2019\u00c9tat \u00e0 l\u2019int\u00e9grit\u00e9 physique ou psychique soit soumise au consentement de la personne concern\u00e9e. Ainsi, non seulement l\u2019initiative a une port\u00e9e trop vaste, mais encore elle est inadapt\u00e9e. En outre, l\u2019initiative affecte notamment le monopole de l\u2019\u00c9tat en mati\u00e8re de pouvoirs (police, poursuites et ex\u00e9cution des peines, arm\u00e9e, \u00e9trangers et asile, etc.). En ce sens, l\u2019initiative va bien au-del\u00e0 du sujet de la vaccination. Elle cr\u00e9e ainsi de nouveaux probl\u00e8mes et conduit \u00e0 une ins\u00e9curit\u00e9 juridique dans diff\u00e9rents domaines. Enfin, elle limite \u00e9galement trop fortement la marge de man\u0153uvre des autorit\u00e9s dans la lutte contre la pand\u00e9mie.<\/p>\n<p>&nbsp;<\/p>\n<ul style ='list-style: none;'>\n<li style =\"background-image:url('https:\/\/staging.sp-ps.ch\/wp-content\/plugins\/elementor\/assets\/images\/placeholder.png'); background-size:0px;\">\n<h4><strong>Le principe suivant est d\u00e9j\u00e0 en vigueur aujourd\u2019hui : pas de vaccination sans consentement<\/strong><\/h4>\n<\/li>\n<\/ul>\n<p style=\"padding-left: 40px;\">Aujourd\u2019hui d\u00e9j\u00e0, en Suisse, personne ne peut \u00eatre forc\u00e9 de se faire vacciner contre sa volont\u00e9. Toute vaccination requiert le consentement de la personne concern\u00e9e. N\u00e9anmoins, pour une personne, le refus de se faire vacciner peut avoir des cons\u00e9quences professionnelles ou sociales. Pour les professionnel-les de la sant\u00e9, le transfert dans un autre service, par exemple, n\u2019est pas \u00e0 exclure. Pour lutter contre les \u00e9pid\u00e9mies, la loi sur les \u00e9pid\u00e9mies (LEp) pr\u00e9voit en outre la possibilit\u00e9 pour les cantons ou le Conseil f\u00e9d\u00e9ral de d\u00e9clarer une vaccination obligatoire pour certains groupes de personnes et pour une dur\u00e9e limit\u00e9e. Cela lorsqu\u2019il existe un danger important et que la population ne peut pas \u00eatre prot\u00e9g\u00e9e par d\u2019autres mesures. En 2013, lors de la votation sur la loi (r\u00e9vis\u00e9e) sur les \u00e9pid\u00e9mies, le peuple suisse s\u2019est clairement prononc\u00e9 en faveur de la possibilit\u00e9 d\u2019une vaccination obligatoire limit\u00e9e.<\/p>\n<\/div><\/div><\/div>\t\t\t\t<\/div>\n\t\t\t\t<\/div>\n\t\t\t\t\t<\/div>\n\t\t<\/div>\n\t\t\t\t\t<\/div>\n\t\t<\/section>\n\t\t\t\t<\/div>\n\t\t","protected":false},"excerpt":{"rendered":"<p>Non \u00e0 l&#8217;initiative sur la vaccination obligatoire \u00a0 Contexte Durant deux ans, le virus SRAS-CoV2 a domin\u00e9 une grande partie de la vie sociale en Suisse. Diverses mesures, parfois radicales, [&hellip;]<\/p>\n","protected":false},"author":64,"featured_media":0,"parent":0,"menu_order":0,"comment_status":"closed","ping_status":"closed","template":"","meta":{"footnotes":""},"class_list":["post-128251","page","type-page","status-publish","hentry"],"_links":{"self":[{"href":"https:\/\/staging.sp-ps.ch\/fr\/wp-json\/wp\/v2\/pages\/128251","targetHints":{"allow":["GET"]}}],"collection":[{"href":"https:\/\/staging.sp-ps.ch\/fr\/wp-json\/wp\/v2\/pages"}],"about":[{"href":"https:\/\/staging.sp-ps.ch\/fr\/wp-json\/wp\/v2\/types\/page"}],"author":[{"embeddable":true,"href":"https:\/\/staging.sp-ps.ch\/fr\/wp-json\/wp\/v2\/users\/64"}],"replies":[{"embeddable":true,"href":"https:\/\/staging.sp-ps.ch\/fr\/wp-json\/wp\/v2\/comments?post=128251"}],"version-history":[{"count":5,"href":"https:\/\/staging.sp-ps.ch\/fr\/wp-json\/wp\/v2\/pages\/128251\/revisions"}],"predecessor-version":[{"id":128272,"href":"https:\/\/staging.sp-ps.ch\/fr\/wp-json\/wp\/v2\/pages\/128251\/revisions\/128272"}],"wp:attachment":[{"href":"https:\/\/staging.sp-ps.ch\/fr\/wp-json\/wp\/v2\/media?parent=128251"}],"curies":[{"name":"wp","href":"https:\/\/api.w.org\/{rel}","templated":true}]}}