{"id":130067,"date":"2024-04-17T13:00:32","date_gmt":"2024-04-17T11:00:32","guid":{"rendered":"https:\/\/staging.sp-ps.ch\/?page_id=130067"},"modified":"2024-12-03T13:52:44","modified_gmt":"2024-12-03T12:52:44","slug":"ou-commencer","status":"publish","type":"page","link":"https:\/\/staging.sp-ps.ch\/fr\/guide-site-web\/ou-commencer\/","title":{"rendered":"O\u00f9 commencer avec le nouveau site web ?"},"content":{"rendered":"\t\t<div data-elementor-type=\"wp-page\" data-elementor-id=\"130067\" class=\"elementor elementor-130067 elementor-120475\" data-elementor-post-type=\"page\">\n\t\t\t\t\t\t<section class=\"elementor-section elementor-top-section elementor-element elementor-element-a99e07b elementor-section-boxed elementor-section-height-default elementor-section-height-default\" data-id=\"a99e07b\" data-element_type=\"section\" data-e-type=\"section\" data-settings=\"{&quot;jet_parallax_layout_list&quot;:[]}\">\n\t\t\t\t\t\t<div class=\"elementor-container elementor-column-gap-default\">\n\t\t\t\t\t<div class=\"elementor-column elementor-col-100 elementor-top-column elementor-element elementor-element-68f4707\" data-id=\"68f4707\" data-element_type=\"column\" data-e-type=\"column\">\n\t\t\t<div class=\"elementor-widget-wrap elementor-element-populated\">\n\t\t\t\t\t\t<div class=\"elementor-element elementor-element-03432b1 elementor-widget elementor-widget-spps_button_list\" data-id=\"03432b1\" data-element_type=\"widget\" data-e-type=\"widget\" data-widget_type=\"spps_button_list.default\">\n\t\t\t\t<div class=\"elementor-widget-container\">\n\t\t\t\t\t<div class=\"button-list-wrapper wrapper-spacing-default  \"><div class=\"button-list-title\"><h2>Le nouveau site web est pr\u00eat.<br>Par o\u00f9 commencer ?<\/h2><\/div><div class=\"button-list-container\"><div class=\"button-list-text\"><p>Ta section (ou ton parti cantonal) a command\u00e9 un nouveau site web et a d\u00e9sormais acc\u00e8s \u00e0 la nouvelle plateforme. Le nouveau site web propose d'innombrables fonctions et possibilit\u00e9s. C'est super - mais aussi un peu d\u00e9routant au d\u00e9but.<\/p><p>Voici une suggestion \u00e9tape par \u00e9tape sur la meilleure fa\u00e7on d'aborder le passage au nouveau site web.<\/p><h5>1) Clarifier les responsabilit\u00e9s<\/h5><p>Une premi\u00e8re \u00e9tape consiste \u00e0 clarifier au sein de la section qui est responsable de la migration et qui g\u00e9rera ensuite quels contenus sur le site web. Une fois cette d\u00e9cision prise, nous pouvons cr\u00e9er les acc\u00e8s correspondants.<\/p><p>Nous recommandons de ne cr\u00e9er des acc\u00e8s que pour les personnes qui effectueront effectivement des modifications sur le site web. Il n'est pas recommand\u00e9 de cr\u00e9er des acc\u00e8s \u00ab de r\u00e9serve \u00bb.<\/p><h5>2) V\u00e9rifier ton login et faire tes premiers pas dans WordPress<\/h5><p>Tu as re\u00e7u une invitation par e-mail pour te connecter \u00e0 ton nouveau site web. Le mieux est de v\u00e9rifier tout de suite si tu peux te connecter et de d\u00e9finir un bon mot de passe.<\/p><p>Tu trouveras plus d'informations sur la s\u00e9curit\u00e9 des mots de passe <a href=\"https:\/\/staging.sp-ps.ch\/fr\/guide-site-web\/les-bases\/\">ici<\/a> dans le manuel. Sur la m\u00eame page, tu trouveras aussi des indications sur la mani\u00e8re de t'orienter dans le tableau de bord de WordPress.<\/p><h5>3) G\u00e9rer l'h\u00e9bergement du domaine<\/h5><p>Si le site web de ta section n'est pas d\u00e9j\u00e0 h\u00e9berg\u00e9 par le PS Suisse, il vaut la peine de clarifier tr\u00e8s t\u00f4t qui a acc\u00e8s \u00e0 la configuration de votre domaine et comment. C'est un sujet assez technique, mais on ne peut pas y \u00e9chapper.<\/p><p>Si vous souhaitez continuer \u00e0 enregistrer vous-m\u00eame le domaine, il faudra \u00eatre en mesure de modifier les enregistrements DNS A dans la configuration du serveur de noms. Si vous ne savez pas comment faire, il serait judicieux de vous renseigner d\u00e8s maintenant sur la question.<\/p><p>Si vous souhaitez confier l'enregistrement du domaine au PS Suisse, il est d\u00e9j\u00e0 possible de le faire avant de changer de site web.<\/p><h5>4) \u00c9laborer le menu<\/h5><p>Le mod\u00e8le que vous avez re\u00e7u contient d\u00e9j\u00e0 toute une s\u00e9lection d'entr\u00e9es de menu (inspir\u00e9es du site web du PS de la ville de Saint-Gall). Vous n'aurez probablement pas besoin de toutes ces options.<\/p><p>Dans un premier temps, il vaut la peine de noter bri\u00e8vement sur un papier les entr\u00e9es de menu que vous souhaitez. Tu peux t'inspirer de la structure existante du mod\u00e8le, mais aussi bien s\u00fbr de votre site web actuel (si vous en avez un). La seule restriction est qu'il ne peut y avoir plus de quatre \u00e9l\u00e9ments au niveau sup\u00e9rieur de la hi\u00e9rarchie (c.-\u00e0-d. les \u00e9l\u00e9ments du menu qui sont visibles en permanence), car il n'y a pas de place pour plus.<\/p><p>En plus du menu principal en haut de la page, il y a aussi un menu plus discret dans le pied de page en bas \u00e0 gauche. Il faut donc \u00e9galement d\u00e9terminer quelles sont les pages que vous voulez \u00e0 nouveau mettre en \u00e9vidence dans ce second menu.<\/p><h5>5) Ajouter des personnes<\/h5><p>Il y a de grandes chances que ta section ait besoin de pages pour pr\u00e9senter votre comit\u00e9 ou d'autres instances dirigeantes. Dans un premier temps, tu peux ajouter des personnes \u00e0 la base de donn\u00e9es du nouveau site web. <a href=\"https:\/\/staging.sp-ps.ch\/website-manual\/website-manual-personen\/\">Tu trouveras ici le mode d'emploi<\/a> pour savoir comment proc\u00e9der.<\/p><h5>6) Cr\u00e9er des pages statiques<\/h5><p>Il faut maintenant cr\u00e9er les pages auxquelles le menu doit renvoyer. Dans de nombreux cas, tu pourras simplement adapter une page qui existe d\u00e9j\u00e0 dans le mod\u00e8le. Tu peux voir comment modifier les pages existantes <a href=\"https:\/\/staging.sp-ps.ch\/fr\/guide-site-web\/les-bases\/\">ici<\/a> dans le manuel. Ici [TODO], le manuel explique comment cr\u00e9er de nouvelles pages.<\/p><p>Pour \u00e9diter le contenu des pages, nous utilisons un \u00e9diteur appel\u00e9 \"Elementor\". Tu peux trouver <a href=\"https:\/\/staging.sp-ps.ch\/website-manual\/website-manual-elementor\/\">ici<\/a> des explications sur l'\u00e9dition des pages.<\/p><h5>7) Cr\u00e9er le menu<\/h5><p>Tu est maintenant pr\u00eat \u00e0 personnaliser le menu en fonction du plan que tu as \u00e9labor\u00e9 plus t\u00f4t. Le manuel explique <a href=\"https:\/\/staging.sp-ps.ch\/website-manual\/menu\/\">ici<\/a> comment cr\u00e9er de nouvelles entr\u00e9es de menu et comment modifier ou supprimer les entr\u00e9es existantes.<\/p><p>Personnalise le menu principal selon les besoins de ta section et n'oublie pas que tu peux aussi personnaliser le pied de page.<\/p><h5>8) Organiser les articles de blog, les communiqu\u00e9s de presse, etc.<\/h5><p>Vous aurez tr\u00e8s probablement des contenus d'actualit\u00e9 \u00e0 partager, par exemple des communiqu\u00e9s de presse, des articles de blog ou des courriers des lecteurs. Tu trouveras ici [TODO] des informations sur la meilleure mani\u00e8re d'organiser ces contenus.<\/p><p>S'il y a de nombreux articles sur votre site actuel que vous souhaitez reprendre, tu peux prendre contact avec nous pour voir s'il est possible d'automatiser le transfert de certains contenus.<\/p><h5>9) La page d'accueil<\/h5><p><a href=\"https:\/\/staging.sp-ps.ch\/fr\/guide-site-web\/page-d-accueil\/\">Voici<\/a> comment modifier la page d'accueil. Il est par exemple possible de saisir les mots d'ordre pour les prochaines votations. Tu peux aussi remplacer les images d'arri\u00e8re-plan standard par vos propres photos. Enfin, il est possible d'ins\u00e9rer un bloc suppl\u00e9mentaire dans la partie inf\u00e9rieure de la page d'accueil pour ajouter d'autres contenus.<\/p><h5>10) Remplir l'agenda<\/h5><p>Pour que les personnes qui visitent votre site soient inform\u00e9es des \u00e9v\u00e9nements importants \u00e0 venir, vous pouvez les inscrire dans l'agenda. Vous en saurez plus <a href=\"https:\/\/staging.sp-ps.ch\/website-manual\/website-manual-veranstaltungen-und-agenda\/\">ici<\/a>.<\/p><h5>11) Newsletter<\/h5><p>Les inscriptions \u00e0 la newsletter sont enregistr\u00e9es via un formulaire WPForms. Si vous n'avez pas de newsletter, vous pouvez supprimer la section d\u00e9di\u00e9e dans le pied de page, par exemple de la page d'accueil, et supprimer le pop-up de la newsletter sous \"Templates\" dans le tableau de bord.<\/p><p>Si vous g\u00e9rez d\u00e9j\u00e0 une liste de diffusion de newsletters, il existe diff\u00e9rentes m\u00e9thodes pour traiter les inscriptions aux newsletters, par exemple en vous faisant envoyer une notification via le formulaire ou en reliant directement le formulaire \u00e0 votre outil de newsletter (comme Mailchimp ou Brevo).<\/p><h5>12) Contr\u00f4ler les formulaires<\/h5><p>Si vous utilisez des formulaires (par exemple un formulaire de contact ou un formulaire d'inscription \u00e0 une newsletter), v\u00e9rifiez rapidement si l'adresse e-mail de r\u00e9ception est correctement enregistr\u00e9e. Vous trouverez plus d'informations sur les param\u00e8tres de notification des formulaires <a href=\"https:\/\/staging.sp-ps.ch\/website-manual\/website-manual-formulare\/\">ici<\/a>.<\/p><h5>13) La mise en ligne<\/h5><p>Lorsque la configuration de votre site web provisoire te semble satisfaisante, il est temps de passer \u00e0 la phase de lancement. Prends contact avec le PS Suisse pour convenir d'un rendez-vous. Si ta section g\u00e8re elle-m\u00eame le domaine, l\u00e0 modification de l'enregistrement DNS A doit se faire \u00e0 peu pr\u00e8s en m\u00eame temps que les derni\u00e8res adaptations de la configuration du site c\u00f4t\u00e9 serveur. Ensuite, plus rien ne pourra se mettre en travers du chemin de votre nouveau site web. \ud83d\ude42<\/p><h5>Et ensuite?<\/h5><p>Le nouveau site web offre de nombreuses fonctionnalit\u00e9s utiles pour la section. \u00c7a vaut donc la peine de jeter un coup d'\u0153il \u00e0 quelques sujets plus avanc\u00e9s, par exemple les pages <a href=\"https:\/\/staging.sp-ps.ch\/website-manual\/website-manual-formulare\/\">Formulaires<\/a> et <a href=\"https:\/\/staging.sp-ps.ch\/website-manual\/website-manual-online-kampagnen\/\">P\u00e9titions en ligne et autres campagnes.<\/a><\/p><\/div><\/div><\/div>\t\t\t\t<\/div>\n\t\t\t\t<\/div>\n\t\t\t\t\t<\/div>\n\t\t<\/div>\n\t\t\t\t\t<\/div>\n\t\t<\/section>\n\t\t\t\t<\/div>\n\t\t","protected":false},"excerpt":{"rendered":"<p>Le nouveau site web est pr\u00eat.Par o\u00f9 commencer ? Ta section (ou ton parti cantonal) a command\u00e9 un nouveau site web et a d\u00e9sormais acc\u00e8s \u00e0 la nouvelle plateforme. Le [&hellip;]<\/p>\n","protected":false},"author":4,"featured_media":0,"parent":130079,"menu_order":0,"comment_status":"closed","ping_status":"closed","template":"","meta":{"footnotes":""},"class_list":["post-130067","page","type-page","status-publish","hentry"],"_links":{"self":[{"href":"https:\/\/staging.sp-ps.ch\/fr\/wp-json\/wp\/v2\/pages\/130067","targetHints":{"allow":["GET"]}}],"collection":[{"href":"https:\/\/staging.sp-ps.ch\/fr\/wp-json\/wp\/v2\/pages"}],"about":[{"href":"https:\/\/staging.sp-ps.ch\/fr\/wp-json\/wp\/v2\/types\/page"}],"author":[{"embeddable":true,"href":"https:\/\/staging.sp-ps.ch\/fr\/wp-json\/wp\/v2\/users\/4"}],"replies":[{"embeddable":true,"href":"https:\/\/staging.sp-ps.ch\/fr\/wp-json\/wp\/v2\/comments?post=130067"}],"version-history":[{"count":38,"href":"https:\/\/staging.sp-ps.ch\/fr\/wp-json\/wp\/v2\/pages\/130067\/revisions"}],"predecessor-version":[{"id":149205,"href":"https:\/\/staging.sp-ps.ch\/fr\/wp-json\/wp\/v2\/pages\/130067\/revisions\/149205"}],"up":[{"embeddable":true,"href":"https:\/\/staging.sp-ps.ch\/fr\/wp-json\/wp\/v2\/pages\/130079"}],"wp:attachment":[{"href":"https:\/\/staging.sp-ps.ch\/fr\/wp-json\/wp\/v2\/media?parent=130067"}],"curies":[{"name":"wp","href":"https:\/\/api.w.org\/{rel}","templated":true}]}}