{"id":130079,"date":"2024-04-17T13:17:41","date_gmt":"2024-04-17T11:17:41","guid":{"rendered":"https:\/\/staging.sp-ps.ch\/?page_id=130079"},"modified":"2025-08-05T13:33:41","modified_gmt":"2025-08-05T11:33:41","slug":"guide-site-web","status":"publish","type":"page","link":"https:\/\/staging.sp-ps.ch\/fr\/guide-site-web\/","title":{"rendered":"Guide du site web"},"content":{"rendered":"\t\t<div data-elementor-type=\"wp-page\" data-elementor-id=\"130079\" class=\"elementor elementor-130079 elementor-91667\" data-elementor-post-type=\"page\">\n\t\t\t\t\t\t<section class=\"elementor-section elementor-top-section elementor-element elementor-element-a3813de elementor-section-boxed elementor-section-height-default elementor-section-height-default\" data-id=\"a3813de\" data-element_type=\"section\" data-e-type=\"section\" data-settings=\"{&quot;jet_parallax_layout_list&quot;:[]}\">\n\t\t\t\t\t\t<div class=\"elementor-container elementor-column-gap-default\">\n\t\t\t\t\t<div class=\"elementor-column elementor-col-100 elementor-top-column elementor-element elementor-element-245afaf\" data-id=\"245afaf\" data-element_type=\"column\" data-e-type=\"column\">\n\t\t\t<div class=\"elementor-widget-wrap elementor-element-populated\">\n\t\t\t\t\t\t<div class=\"elementor-element elementor-element-cbaf68a elementor-widget elementor-widget-spps_button_list\" data-id=\"cbaf68a\" data-element_type=\"widget\" data-e-type=\"widget\" data-widget_type=\"spps_button_list.default\">\n\t\t\t\t<div class=\"elementor-widget-container\">\n\t\t\t\t\t<div class=\"button-list-wrapper wrapper-spacing-default  \"><div class=\"button-list-title\"><h2>Guide du site web<\/h2><\/div><div class=\"button-list-container\"><div class=\"button-list-text\"><p>Ces pages te donnent des informations sur le fonctionnement de la plate-forme du site web du PS Suisse.<\/p>\n<p>Tu n'es pas oblig\u00e9 de tout lire ni de regarder toutes les vid\u00e9os. Mais nous te recommandons de survoler au moins rapidement la plupart des sujets afin d'avoir une vue d'ensemble de tout ce que le site propose.<\/p>\n<p>&nbsp;<\/p>\n<h3>Table des mati\u00e8res<\/h3>\n<\/div><div class=\"button-list-items\"><div class=\"button-list-item\"><div class=\"button-wrapper \"><a href=\"https:\/\/staging.sp-ps.ch\/fr\/guide-site-web\/ou-commencer\/\"  target=\"_self\" class=\"button-link button-link-default\" >Nous avons un nouveau site web. Par o\u00f9 commencer ?<span class=\"button-media-date\">18.04.2026<\/span><\/a><\/div><\/div><div class=\"button-list-item\"><div class=\"button-wrapper \"><a href=\"https:\/\/staging.sp-ps.ch\/fr\/guide-site-web\/les-bases\/\"  target=\"_self\" class=\"button-link button-link-default\" >1. Fondements<span class=\"button-media-date\">18.04.2026<\/span><\/a><\/div><\/div><div class=\"button-list-item\"><div class=\"button-wrapper \"><a href=\"https:\/\/staging.sp-ps.ch\/website-manual\/website-manual-elementor\/\"  target=\"_self\" class=\"button-link button-link-default\" >2. Elementor<span class=\"button-media-date\">18.04.2026<\/span><\/a><\/div><\/div><div class=\"button-list-item\"><div class=\"button-wrapper \"><a href=\"https:\/\/staging.sp-ps.ch\/fr\/guide-site-web\/manuel-du-site-web-editeur-de-metadonnees\/\"  target=\"_self\" class=\"button-link button-link-default\" >3. M\u00e9tadonn\u00e9es : slug, cat\u00e9gories, image de la contribution, etc.<span class=\"button-media-date\">18.04.2026<\/span><\/a><\/div><\/div><div class=\"button-list-item\"><div class=\"button-wrapper \"><a href=\"https:\/\/staging.sp-ps.ch\/website-manual\/website-manual-personen\/\"  target=\"_self\" class=\"button-link button-link-default\" >4. Personnes<span class=\"button-media-date\">18.04.2026<\/span><\/a><\/div><\/div><div class=\"button-list-item\"><div class=\"button-wrapper \"><a href=\"https:\/\/staging.sp-ps.ch\/fr\/guide-site-web\/manuel-du-site-web-fichiers-et-medias\/\"  target=\"_self\" class=\"button-link button-link-default\" >5. Fichiers et m\u00e9dias<span class=\"button-media-date\">18.04.2026<\/span><\/a><\/div><\/div><div class=\"button-list-item\"><div class=\"button-wrapper \"><a href=\"https:\/\/staging.sp-ps.ch\/fr\/guide-site-web\/page-d-accueil\/\"  target=\"_self\" class=\"button-link button-link-default\" >6. La page d'accueil (y compris les paroles, etc.)<span class=\"button-media-date\">18.04.2026<\/span><\/a><\/div><\/div><div class=\"button-list-item\"><div class=\"button-wrapper \"><a href=\"https:\/\/staging.sp-ps.ch\/website-manual\/menu\/\"  target=\"_self\" class=\"button-link button-link-default\" >7. Le menu<span class=\"button-media-date\">18.04.2026<\/span><\/a><\/div><\/div><div class=\"button-list-item\"><div class=\"button-wrapper \"><a href=\"https:\/\/staging.sp-ps.ch\/fr\/guide-site-web\/formulaires\/\"  target=\"_self\" class=\"button-link button-link-default\" >8. Formulaires<span class=\"button-media-date\">18.04.2026<\/span><\/a><\/div><\/div><div class=\"button-list-item\"><div class=\"button-wrapper \"><a href=\"https:\/\/staging.sp-ps.ch\/website-manual\/website-manual-online-kampagnen\/\"  target=\"_self\" class=\"button-link button-link-default\" >9. Sites de campagne, p\u00e9titions et signatures en ligne<span class=\"button-media-date\">18.04.2026<\/span><\/a><\/div><\/div><div class=\"button-list-item\"><div class=\"button-wrapper \"><a href=\"#\"  target=\"_self\" class=\"button-link button-link-default\" >10. Formulaires de dons<span class=\"button-media-date\">18.04.2026<\/span><\/a><\/div><\/div><div class=\"button-list-item\"><div class=\"button-wrapper \"><a href=\"https:\/\/staging.sp-ps.ch\/website-manual\/website-manual-veranstaltungen-und-agenda\/\"  target=\"_self\" class=\"button-link button-link-default\" >11. \u00c9v\u00e9nements, agenda et calendrier<span class=\"button-media-date\">18.04.2026<\/span><\/a><\/div><\/div><div class=\"button-list-item\"><div class=\"button-wrapper \"><a href=\"#\"  target=\"_self\" class=\"button-link button-link-default\" >12. Popups<span class=\"button-media-date\">18.04.2026<\/span><\/a><\/div><\/div><div class=\"button-list-item\"><div class=\"button-wrapper \"><a href=\"https:\/\/staging.sp-ps.ch\/fr\/guide-site-web\/redirections\/\"  target=\"_self\" class=\"button-link button-link-default\" >13. Redirections<span class=\"button-media-date\">18.04.2026<\/span><\/a><\/div><\/div><div class=\"button-list-item\"><div class=\"button-wrapper \"><a href=\"https:\/\/staging.sp-ps.ch\/fr\/guide-site-web\/medias-sociaux\/\"  target=\"_self\" class=\"button-link button-link-default\" >14. Partager des contenus sur les m\u00e9dias sociaux<span class=\"button-media-date\">18.04.2026<\/span><\/a><\/div><\/div><div class=\"button-list-item\"><div class=\"button-wrapper \"><a href=\"https:\/\/staging.sp-ps.ch\/fr\/guide-site-web\/manuel-du-site-web-diffusion-de-contenus\/\"  target=\"_self\" class=\"button-link button-link-default\" >15. Distribution de contenus sur d'autres pages<span class=\"button-media-date\">18.04.2026<\/span><\/a><\/div><\/div><div class=\"button-list-item\"><div class=\"button-wrapper \"><a href=\"#\"  target=\"_self\" class=\"button-link button-link-default\" >16. Statistiques d'utilisation<span class=\"button-media-date\">18.04.2026<\/span><\/a><\/div><\/div><div class=\"button-list-item\"><div class=\"button-wrapper \"><a href=\"#\"  target=\"_self\" class=\"button-link button-link-default\" >17. Ce qu'il ne faut JAMAIS faire<span class=\"button-media-date\">18.04.2026<\/span><\/a><\/div><\/div><div class=\"button-list-item\"><div class=\"button-wrapper \"><a href=\"#\"  target=\"_self\" class=\"button-link button-link-default\" >18. Informations compl\u00e9mentaires pour les admins<span class=\"button-media-date\">18.04.2026<\/span><\/a><\/div><\/div><div class=\"button-list-item\"><div class=\"button-wrapper \"><a href=\"https:\/\/staging.sp-ps.ch\/fr\/guide-site-web\/administratif\/\"  target=\"_self\" class=\"button-link button-link-default\" >19. Affaires administratives et support<span class=\"button-media-date\">18.04.2026<\/span><\/a><\/div><\/div><\/div><\/div><\/div>\t\t\t\t<\/div>\n\t\t\t\t<\/div>\n\t\t\t\t\t<\/div>\n\t\t<\/div>\n\t\t\t\t\t<\/div>\n\t\t<\/section>\n\t\t\t\t<\/div>\n\t\t","protected":false},"excerpt":{"rendered":"<p>Guide du site web Ces pages te donnent des informations sur le fonctionnement de la plate-forme du site web du PS Suisse. Tu n&#8217;es pas oblig\u00e9 de tout lire ni [&hellip;]<\/p>\n","protected":false},"author":4,"featured_media":0,"parent":0,"menu_order":0,"comment_status":"closed","ping_status":"closed","template":"","meta":{"footnotes":""},"class_list":["post-130079","page","type-page","status-publish","hentry"],"_links":{"self":[{"href":"https:\/\/staging.sp-ps.ch\/fr\/wp-json\/wp\/v2\/pages\/130079","targetHints":{"allow":["GET"]}}],"collection":[{"href":"https:\/\/staging.sp-ps.ch\/fr\/wp-json\/wp\/v2\/pages"}],"about":[{"href":"https:\/\/staging.sp-ps.ch\/fr\/wp-json\/wp\/v2\/types\/page"}],"author":[{"embeddable":true,"href":"https:\/\/staging.sp-ps.ch\/fr\/wp-json\/wp\/v2\/users\/4"}],"replies":[{"embeddable":true,"href":"https:\/\/staging.sp-ps.ch\/fr\/wp-json\/wp\/v2\/comments?post=130079"}],"version-history":[{"count":23,"href":"https:\/\/staging.sp-ps.ch\/fr\/wp-json\/wp\/v2\/pages\/130079\/revisions"}],"predecessor-version":[{"id":166360,"href":"https:\/\/staging.sp-ps.ch\/fr\/wp-json\/wp\/v2\/pages\/130079\/revisions\/166360"}],"wp:attachment":[{"href":"https:\/\/staging.sp-ps.ch\/fr\/wp-json\/wp\/v2\/media?parent=130079"}],"curies":[{"name":"wp","href":"https:\/\/api.w.org\/{rel}","templated":true}]}}