{"id":130330,"date":"2024-04-19T01:09:27","date_gmt":"2024-04-18T23:09:27","guid":{"rendered":"https:\/\/staging.sp-ps.ch\/?page_id=130330"},"modified":"2024-04-29T11:59:07","modified_gmt":"2024-04-29T09:59:07","slug":"les-bases","status":"publish","type":"page","link":"https:\/\/staging.sp-ps.ch\/fr\/guide-site-web\/les-bases\/","title":{"rendered":"Website-Manual: Grundlagen"},"content":{"rendered":"\t\t<div data-elementor-type=\"wp-page\" data-elementor-id=\"130330\" class=\"elementor elementor-130330 elementor-94931\" data-elementor-post-type=\"page\">\n\t\t\t\t\t\t<section class=\"elementor-section elementor-top-section elementor-element elementor-element-b44db39 elementor-section-boxed elementor-section-height-default elementor-section-height-default\" data-id=\"b44db39\" data-element_type=\"section\" data-e-type=\"section\" data-settings=\"{&quot;jet_parallax_layout_list&quot;:[]}\">\n\t\t\t\t\t\t<div class=\"elementor-container elementor-column-gap-default\">\n\t\t\t\t\t<div class=\"elementor-column elementor-col-100 elementor-top-column elementor-element elementor-element-29c8ec0\" data-id=\"29c8ec0\" data-element_type=\"column\" data-e-type=\"column\">\n\t\t\t<div class=\"elementor-widget-wrap elementor-element-populated\">\n\t\t\t\t\t\t<div class=\"elementor-element elementor-element-a52a4b6 elementor-widget elementor-widget-spps_title_text\" data-id=\"a52a4b6\" data-element_type=\"widget\" data-e-type=\"widget\" data-widget_type=\"spps_title_text.default\">\n\t\t\t\t<div class=\"elementor-widget-container\">\n\t\t\t\t\t<div class=\"title-text-wrapper wrapper-spacing-default\"><div class=\"title-text-title\"><h2>Les bases<\/h2><\/div><div class=\"title-text-container\"><\/div><\/div>\t\t\t\t<\/div>\n\t\t\t\t<\/div>\n\t\t\t\t<div class=\"elementor-element elementor-element-be0d34c elementor-widget elementor-widget-spps_tableofcontents\" data-id=\"be0d34c\" data-element_type=\"widget\" data-e-type=\"widget\" data-widget_type=\"spps_tableofcontents.default\">\n\t\t\t\t<div class=\"elementor-widget-container\">\n\t\t\t\t\t<ul data-toc><\/ul><script>\/*! Table of Contents jQuery Plugin - jquery.toc * Copyright (c) 2013-2016 Nikhil Dabas * http:\/\/www.apache.org\/licenses\/LICENSE-2.0 *\/ !function(a){\"use strict\";var b=function(b){return this.each(function(){var c,d,e=a(this),f=e.data(),g=[e],h=this.tagName,i=0;c=a.extend({content:\".elementor-location-single \",headings:\"h3,h4,h5,h6\"},{content:f.toc||void 0,headings:f.tocHeadings||void 0},b),d=c.headings.split(\",\"),a(c.content).find(c.headings).attr(\"id\",function(b,c){var d=function(a){0===a.length&&(a=\"?\");for(var b=a.replace(\/\\s+\/g,\"_\"),c=\"\",d=1;null!==document.getElementById(b+c);)c=\"_\"+d++;return b+c};return c||d(a(this).text())}).each(function(){var b=a(this),c=a.map(d,function(a,c){return b.is(a)?c:void 0})[0];if(c>i){var e=g[0].children(\"li:last\")[0];e&&g.unshift(a(\"<\"+h+\"\/>\").appendTo(e))}else g.splice(0,Math.min(i-c,Math.max(g.length-1,0)));a(\"<li\/>\").appendTo(g[0]).append(a(\"<a\/>\").text(b.text()).attr(\"href\",\"#\"+b.attr(\"id\"))),i=c})})},c=a.fn.toc;a.fn.toc=b,a.fn.toc.noConflict=function(){return a.fn.toc=c,this},a(function(){b.call(a(\"[data-toc]\"))})}(window.jQuery);<\/script>\t\t\t\t<\/div>\n\t\t\t\t<\/div>\n\t\t\t\t<div class=\"elementor-element elementor-element-8115c43 elementor-widget elementor-widget-spps_title_text\" data-id=\"8115c43\" data-element_type=\"widget\" data-e-type=\"widget\" data-widget_type=\"spps_title_text.default\">\n\t\t\t\t<div class=\"elementor-widget-container\">\n\t\t\t\t\t<div class=\"title-text-wrapper \"><div class=\"title-text-container\"><div class=\"title-text-text\"><p>Le site web du PS Suisse utilise une plateforme que le parti met \u00e0 disposition des sections pour leur propres sites (voir <a href=\"\/website-manual\/website-administratives\/\">ici<\/a> pour en savoir plus sur cette offre). Cette plateforme est bas\u00e9e sur WordPress, le syst\u00e8me de gestion de contenu le plus r\u00e9pandu au monde. Elle propose diverses extensions adapt\u00e9es sp\u00e9cifiquement aux besoins du PS, par exemple pour la diffusion de p\u00e9titions en ligne, la pr\u00e9sentation de mots d'ordre ou la cr\u00e9ation de listes de personnes.<\/p><h4>Login<\/h4><p>Pour pouvoir \u00e9diter le site web, tu as besoin d'un compte. Tu recevras un mail avec lequel tu pourras te connecter et d\u00e9finir ton mot de passe. Ensuite, tu pourras trouver la page de login en ajoutant \"\/wp-admin\" apr\u00e8s le nom de domaine de ton site. La page de connexion du PS Suisse est donc par exemple https:\/\/staging.sp-ps.ch\/wp-admin .<\/p><h4>S\u00e9curit\u00e9 et mots de passe<\/h4><p>La gestion d'un site web implique certaines responsabilit\u00e9s. Si tu n'es pas prudent, il y a un risque que des donn\u00e9es personnelles (par exemples tir\u00e9es de p\u00e9titions) tombent entre de mauvaises mains. Voici les principaux conseils que tu dois suivre concernant ton mot de passe :<\/p><ol><li>Ne communique jamais ton mot de passe si on te le demande. Le PS ne te demandera jamais de te connecter ou de transmettre ton mot de passe, que ce soit par t\u00e9l\u00e9phone ou par mail.<\/li><li>Evite les mots ou phrases \u00e9vidents qui se trouvent dans n'importe quel dictionnaire ou r\u00e9pertoire, par exemple \"anniversaire\" ou \"Erica\".<\/li><li>N'utilise jamais le m\u00eame mot de passe \u00e0 plusieurs endroits diff\u00e9rents. Utilise un mot de passe unique pour chaque compte.<\/li><li>Utilise un gestionnaire de mots de passe comme <a href=\"https:\/\/bitwarden.com\/\">Bitwarden<\/a> pour stocker et g\u00e9rer tes mots de passe en toute s\u00e9curit\u00e9. Les gestionnaires de mots de passe peuvent \u00e9galement t'aider \u00e0 g\u00e9n\u00e9rer des mots de passe uniques.<\/li><li>N'utilise pas d'informations personnelles telles que des dates de naissance, des noms de membres de ta famille ou d'animaux de compagnie dans ton mot de passe.<\/li><li>Utilise des phrases enti\u00e8res au lieu d'un seul mot. C'est tr\u00e8s difficile \u00e0 deviner, mais facile \u00e0 retenir. Par exemple, \"J'aime manger de la pizza \u00e0 l'ananas\".<\/li><\/ol><h4>Premi\u00e8res bases : login, tableau de bord, types de contenu<\/h4><p>Lorsque tu te connectes \u00e0 la plateforme, tu acc\u00e8des d'abord au tableau de bord. Sur le c\u00f4t\u00e9 gauche, tu peux voir le menu avec les diff\u00e9rents types de contenu et les param\u00e8tres.<\/p><\/div><\/div><\/div>\t\t\t\t<\/div>\n\t\t\t\t<\/div>\n\t\t\t\t<section class=\"elementor-section elementor-inner-section elementor-element elementor-element-335c7b7 elementor-section-boxed elementor-section-height-default elementor-section-height-default\" data-id=\"335c7b7\" data-element_type=\"section\" data-e-type=\"section\" data-settings=\"{&quot;jet_parallax_layout_list&quot;:[]}\">\n\t\t\t\t\t\t<div class=\"elementor-container elementor-column-gap-default\">\n\t\t\t\t\t<div class=\"elementor-column elementor-col-50 elementor-inner-column elementor-element elementor-element-a5b2031\" data-id=\"a5b2031\" data-element_type=\"column\" data-e-type=\"column\">\n\t\t\t<div class=\"elementor-widget-wrap elementor-element-populated\">\n\t\t\t\t\t\t<div class=\"elementor-element elementor-element-202be52 elementor-widget elementor-widget-video\" data-id=\"202be52\" data-element_type=\"widget\" data-e-type=\"widget\" data-settings=\"{&quot;video_type&quot;:&quot;hosted&quot;,&quot;controls&quot;:&quot;yes&quot;}\" data-widget_type=\"video.default\">\n\t\t\t\t<div class=\"elementor-widget-container\">\n\t\t\t\t\t\t\t<div class=\"e-hosted-video elementor-wrapper elementor-open-inline\">\n\t\t\t\t\t<video class=\"elementor-video\" src=\"https:\/\/staging.sp-ps.ch\/wp-content\/uploads\/2023\/12\/Dashboard.m4v\" controls=\"\" preload=\"metadata\" controlsList=\"nodownload\"><\/video>\n\t\t\t\t<\/div>\n\t\t\t\t\t\t<\/div>\n\t\t\t\t<\/div>\n\t\t\t\t\t<\/div>\n\t\t<\/div>\n\t\t\t\t<div class=\"elementor-column elementor-col-50 elementor-inner-column elementor-element elementor-element-b38305d\" data-id=\"b38305d\" data-element_type=\"column\" data-e-type=\"column\">\n\t\t\t<div class=\"elementor-widget-wrap elementor-element-populated\">\n\t\t\t\t\t\t<div class=\"elementor-element elementor-element-2a46a71 elementor-widget elementor-widget-text-editor\" data-id=\"2a46a71\" data-element_type=\"widget\" data-e-type=\"widget\" data-widget_type=\"text-editor.default\">\n\t\t\t\t<div class=\"elementor-widget-container\">\n\t\t\t\t\t\t\t\t\tCette vid\u00e9o explique\n<ul>\n \t<li>Le login<\/li>\n \t<li>Le tableau de bord<\/li>\n \t<li>Les types de contenu<\/li>\n \t<li>Les param\u00e8tres utilisateur comme la langue de l&#8217;interface<\/li>\n<\/ul>\t\t\t\t\t\t\t\t<\/div>\n\t\t\t\t<\/div>\n\t\t\t\t\t<\/div>\n\t\t<\/div>\n\t\t\t\t\t<\/div>\n\t\t<\/section>\n\t\t\t\t<div class=\"elementor-element elementor-element-1584a7c elementor-widget elementor-widget-spps_title_text\" data-id=\"1584a7c\" data-element_type=\"widget\" data-e-type=\"widget\" data-widget_type=\"spps_title_text.default\">\n\t\t\t\t<div class=\"elementor-widget-container\">\n\t\t\t\t\t<div class=\"title-text-wrapper \"><div class=\"title-text-container\"><div class=\"title-text-text\"><p>Sur notre plateforme, il existe les types de contenu suivants (parfois \u00e9galement appel\u00e9s \"type de post\") :<\/p><ul><li style=\"list-style-type: none;\"><ul><li><b>Articles <\/b>: les contenus tels que les communiqu\u00e9s de presse, les entr\u00e9es de blog, les articles de journaux ou autres contenus d'actualit\u00e9.<\/li><li><strong>M\u00e9dias<\/strong> : les fichiers qui ont \u00e9t\u00e9 t\u00e9l\u00e9vers\u00e9s sur la plateforme, par exemple des PDF, des images ou des vid\u00e9os.<\/li><li><strong>Pages<\/strong> : similaires aux articles, mais g\u00e9n\u00e9ralement utilis\u00e9es pour des contenus plut\u00f4t statiques, et souvent r\u00e9pertori\u00e9es dans le menu.<\/li><li><strong>Quotes<\/strong> : citations qui peuvent \u00eatre int\u00e9gr\u00e9s \u00e0 des articles ou des pages. (Plus d'informations \u00e0 ce sujet dans TODO).<\/li><li><strong>Fichiers<\/strong> : un syst\u00e8me de classement pour les fichiers, qui permet ensuite de les afficher dans des listes. (Plus d'informations \u00e0 ce sujet <a href=\"\/website-manual\/dateien-und-medien\/\">ici<\/a>).<\/li><li><strong>Personnes<\/strong> : un annuaire contenant des descriptions de personnes ainsi que leur photo, qui peuvent ensuite \u00eatre utilis\u00e9es dans des listes. (Voir <a href=\"https:\/\/staging.sp-ps.ch\/website-manual\/website-manual-personen\/\">ici<\/a>\u00a0pour en savoir plus).<\/li><li><strong>Campagne<\/strong> : similaire aux pages, mais avec des fonctions suppl\u00e9mentaires. (Voir <a href=\"https:\/\/staging.sp-ps.ch\/website-manual\/website-manual-online-kampagnen\/\">ici<\/a>\u00a0pour en savoir plus).<\/li><li><strong>Mots d'ordre<\/strong> : les recommandations de vote qui peuvent \u00eatre affich\u00e9es sur la page d'accueil et dans le menu. (Voir <a href=\"https:\/\/staging.sp-ps.ch\/website-manual\/website-manual-startseite-parolen-etc\/\">ici<\/a>\u00a0pour en savoir plus).<\/li><\/ul><\/li><\/ul><ul><li style=\"list-style-type: none;\">\u00a0<\/li><\/ul><ul><li style=\"list-style-type: none;\">\u00a0<\/li><\/ul><p>Comment acc\u00e9der au contenu que je souhaite \u00e9diter ?<\/p><h4>Les diff\u00e9rents \u00e9diteurs<\/h4><p>Notre plateforme propose diff\u00e9rents \u00e9diteurs. Les deux principaux sont :<\/p><ul><li>Elementor : La plupart des contenus sont \u00e9dit\u00e9s avec cet outil qui offre de nombreuses possibilit\u00e9s de mise en page.<\/li><li>L'\u00e9diteur standard de WordPress (\u00e9galement appel\u00e9 \"\u00e9diteur de m\u00e9tadonn\u00e9es\") : Il te permet de configurer divers param\u00e8tres de ta page ou de ton article.<\/li><\/ul><p>TODO<\/p><p>Cette vid\u00e9o te montre comment acc\u00e9der \u00e0 Elementor et \u00e0 l'\u00e9diteur de m\u00e9tadonn\u00e9es, et ce que tu peux y faire.<\/p><p>(En plus de cela, il y a aussi l'\u00e9diteur WPML, qui est expliqu\u00e9 dans le chapitre sur le multilinguisme, et l'article sur les \u00e9v\u00e9nements, qui est \u00e9galement mentionn\u00e9 dans l'article correspondant).<\/p><\/div><\/div><\/div>\t\t\t\t<\/div>\n\t\t\t\t<\/div>\n\t\t\t\t<div class=\"elementor-element elementor-element-2632f37 elementor-widget elementor-widget-spps_button\" data-id=\"2632f37\" data-element_type=\"widget\" data-e-type=\"widget\" data-widget_type=\"spps_button.default\">\n\t\t\t\t<div class=\"elementor-widget-container\">\n\t\t\t\t\t<div class=\"button-wrapper button-wrapper-left\"><a href=\"\/website-manual\/website-manual-elementor\/\"  target=\"_self\" class=\"button-link button-link-default\" >En savoir plus sur Elementor<\/a><\/div>\t\t\t\t<\/div>\n\t\t\t\t<\/div>\n\t\t\t\t<div class=\"elementor-element elementor-element-24c6e5f elementor-widget elementor-widget-spps_button\" data-id=\"24c6e5f\" data-element_type=\"widget\" data-e-type=\"widget\" data-widget_type=\"spps_button.default\">\n\t\t\t\t<div class=\"elementor-widget-container\">\n\t\t\t\t\t<div class=\"button-wrapper button-wrapper-left\"><a href=\"\/website-manual\/website-manual-metadaten-slug-kategorien-beitragsbild-etc\/\"  target=\"_self\" class=\"button-link button-link-default\" >En savoir plus sur l'\u00e9diteur de m\u00e9tadonn\u00e9es<\/a><\/div>\t\t\t\t<\/div>\n\t\t\t\t<\/div>\n\t\t\t\t<div class=\"elementor-element elementor-element-a19ce69 elementor-widget elementor-widget-spps_title_text\" data-id=\"a19ce69\" data-element_type=\"widget\" data-e-type=\"widget\" data-widget_type=\"spps_title_text.default\">\n\t\t\t\t<div class=\"elementor-widget-container\">\n\t\t\t\t\t<div class=\"title-text-wrapper wrapper-spacing-default\"><div class=\"title-text-title\"><h2>Les premiers pas<\/h2><\/div><div class=\"title-text-container\"><\/div><\/div>\t\t\t\t<\/div>\n\t\t\t\t<\/div>\n\t\t\t\t<div class=\"elementor-element elementor-element-e6f784d elementor-widget elementor-widget-spps_title_text\" data-id=\"e6f784d\" data-element_type=\"widget\" data-e-type=\"widget\" data-widget_type=\"spps_title_text.default\">\n\t\t\t\t<div class=\"elementor-widget-container\">\n\t\t\t\t\t<div class=\"title-text-wrapper \"><div class=\"title-text-title\"><h3>Cr\u00e9er et traduire des articles<\/h3><\/div><div class=\"title-text-container\"><\/div><\/div>\t\t\t\t<\/div>\n\t\t\t\t<\/div>\n\t\t\t\t<section class=\"elementor-section elementor-inner-section elementor-element elementor-element-b4043c0 elementor-section-boxed elementor-section-height-default elementor-section-height-default\" data-id=\"b4043c0\" data-element_type=\"section\" data-e-type=\"section\" data-settings=\"{&quot;jet_parallax_layout_list&quot;:[]}\">\n\t\t\t\t\t\t<div class=\"elementor-container elementor-column-gap-default\">\n\t\t\t\t\t<div class=\"elementor-column elementor-col-50 elementor-inner-column elementor-element elementor-element-d5ede42\" data-id=\"d5ede42\" data-element_type=\"column\" data-e-type=\"column\">\n\t\t\t<div class=\"elementor-widget-wrap elementor-element-populated\">\n\t\t\t\t\t\t<div class=\"elementor-element elementor-element-28b1135 elementor-widget elementor-widget-spps_title_text\" data-id=\"28b1135\" data-element_type=\"widget\" data-e-type=\"widget\" data-widget_type=\"spps_title_text.default\">\n\t\t\t\t<div class=\"elementor-widget-container\">\n\t\t\t\t\t<div class=\"title-text-wrapper \"><div class=\"title-text-container\"><div class=\"title-text-text\"><p>Cr\u00e9er un article (par exemple un communiqu\u00e9 de presse)<\/p><\/div><\/div><\/div>\t\t\t\t<\/div>\n\t\t\t\t<\/div>\n\t\t\t\t<div class=\"elementor-element elementor-element-9860bc6 elementor-widget elementor-widget-video\" data-id=\"9860bc6\" data-element_type=\"widget\" data-e-type=\"widget\" data-settings=\"{&quot;video_type&quot;:&quot;hosted&quot;,&quot;controls&quot;:&quot;yes&quot;}\" data-widget_type=\"video.default\">\n\t\t\t\t<div class=\"elementor-widget-container\">\n\t\t\t\t\t\t\t<div class=\"e-hosted-video elementor-wrapper elementor-open-inline\">\n\t\t\t\t\t<video class=\"elementor-video\" src=\"https:\/\/staging.sp-ps.ch\/wp-content\/uploads\/2023\/08\/MM_veroeffentlichen.m4v\" controls=\"\" preload=\"metadata\" controlsList=\"nodownload\"><\/video>\n\t\t\t\t<\/div>\n\t\t\t\t\t\t<\/div>\n\t\t\t\t<\/div>\n\t\t\t\t\t<\/div>\n\t\t<\/div>\n\t\t\t\t<div class=\"elementor-column elementor-col-50 elementor-inner-column elementor-element elementor-element-b7d7682\" data-id=\"b7d7682\" data-element_type=\"column\" data-e-type=\"column\">\n\t\t\t<div class=\"elementor-widget-wrap elementor-element-populated\">\n\t\t\t\t\t\t<div class=\"elementor-element elementor-element-0047a71 elementor-widget elementor-widget-spps_title_text\" data-id=\"0047a71\" data-element_type=\"widget\" data-e-type=\"widget\" data-widget_type=\"spps_title_text.default\">\n\t\t\t\t<div class=\"elementor-widget-container\">\n\t\t\t\t\t<div class=\"title-text-wrapper \"><div class=\"title-text-container\"><div class=\"title-text-text\"><p>Traduire un article (par exemple un communiqu\u00e9 de presse)<\/p><\/div><\/div><\/div>\t\t\t\t<\/div>\n\t\t\t\t<\/div>\n\t\t\t\t<div class=\"elementor-element elementor-element-4891331 elementor-widget elementor-widget-video\" data-id=\"4891331\" data-element_type=\"widget\" data-e-type=\"widget\" data-settings=\"{&quot;video_type&quot;:&quot;hosted&quot;,&quot;controls&quot;:&quot;yes&quot;}\" data-widget_type=\"video.default\">\n\t\t\t\t<div class=\"elementor-widget-container\">\n\t\t\t\t\t\t\t<div class=\"e-hosted-video elementor-wrapper elementor-open-inline\">\n\t\t\t\t\t<video class=\"elementor-video\" src=\"https:\/\/staging.sp-ps.ch\/wp-content\/uploads\/2023\/08\/MM_uebersetzen.m4v\" controls=\"\" preload=\"metadata\" controlsList=\"nodownload\"><\/video>\n\t\t\t\t<\/div>\n\t\t\t\t\t\t<\/div>\n\t\t\t\t<\/div>\n\t\t\t\t\t<\/div>\n\t\t<\/div>\n\t\t\t\t\t<\/div>\n\t\t<\/section>\n\t\t\t\t\t<\/div>\n\t\t<\/div>\n\t\t\t\t\t<\/div>\n\t\t<\/section>\n\t\t\t\t<\/div>\n\t\t","protected":false},"excerpt":{"rendered":"<p>Les bases Le site web du PS Suisse utilise une plateforme que le parti met \u00e0 disposition des sections pour leur propres sites (voir ici pour en savoir plus sur [&hellip;]<\/p>\n","protected":false},"author":4,"featured_media":0,"parent":130079,"menu_order":0,"comment_status":"closed","ping_status":"closed","template":"","meta":{"footnotes":""},"class_list":["post-130330","page","type-page","status-publish","hentry"],"_links":{"self":[{"href":"https:\/\/staging.sp-ps.ch\/fr\/wp-json\/wp\/v2\/pages\/130330","targetHints":{"allow":["GET"]}}],"collection":[{"href":"https:\/\/staging.sp-ps.ch\/fr\/wp-json\/wp\/v2\/pages"}],"about":[{"href":"https:\/\/staging.sp-ps.ch\/fr\/wp-json\/wp\/v2\/types\/page"}],"author":[{"embeddable":true,"href":"https:\/\/staging.sp-ps.ch\/fr\/wp-json\/wp\/v2\/users\/4"}],"replies":[{"embeddable":true,"href":"https:\/\/staging.sp-ps.ch\/fr\/wp-json\/wp\/v2\/comments?post=130330"}],"version-history":[{"count":19,"href":"https:\/\/staging.sp-ps.ch\/fr\/wp-json\/wp\/v2\/pages\/130330\/revisions"}],"predecessor-version":[{"id":131337,"href":"https:\/\/staging.sp-ps.ch\/fr\/wp-json\/wp\/v2\/pages\/130330\/revisions\/131337"}],"up":[{"embeddable":true,"href":"https:\/\/staging.sp-ps.ch\/fr\/wp-json\/wp\/v2\/pages\/130079"}],"wp:attachment":[{"href":"https:\/\/staging.sp-ps.ch\/fr\/wp-json\/wp\/v2\/media?parent=130330"}],"curies":[{"name":"wp","href":"https:\/\/api.w.org\/{rel}","templated":true}]}}