{"id":130338,"date":"2024-04-19T01:52:07","date_gmt":"2024-04-18T23:52:07","guid":{"rendered":"https:\/\/staging.sp-ps.ch\/?page_id=130338"},"modified":"2024-04-29T15:33:36","modified_gmt":"2024-04-29T13:33:36","slug":"page-d-accueil","status":"publish","type":"page","link":"https:\/\/staging.sp-ps.ch\/fr\/guide-site-web\/page-d-accueil\/","title":{"rendered":"Guide du site web : Page d&#8217;accueil, recommendations de vote, etc."},"content":{"rendered":"\t\t<div data-elementor-type=\"wp-page\" data-elementor-id=\"130338\" class=\"elementor elementor-130338 elementor-94997\" data-elementor-post-type=\"page\">\n\t\t\t\t\t\t<section class=\"elementor-section elementor-top-section elementor-element elementor-element-4b76771 elementor-section-boxed elementor-section-height-default elementor-section-height-default\" data-id=\"4b76771\" data-element_type=\"section\" data-e-type=\"section\" data-settings=\"{&quot;jet_parallax_layout_list&quot;:[]}\">\n\t\t\t\t\t\t<div class=\"elementor-container elementor-column-gap-default\">\n\t\t\t\t\t<div class=\"elementor-column elementor-col-100 elementor-top-column elementor-element elementor-element-eb3d942\" data-id=\"eb3d942\" data-element_type=\"column\" data-e-type=\"column\">\n\t\t\t<div class=\"elementor-widget-wrap elementor-element-populated\">\n\t\t\t\t\t\t<div class=\"elementor-element elementor-element-e53d40d elementor-widget elementor-widget-spps_title_text\" data-id=\"e53d40d\" data-element_type=\"widget\" data-e-type=\"widget\" data-widget_type=\"spps_title_text.default\">\n\t\t\t\t<div class=\"elementor-widget-container\">\n\t\t\t\t\t<div class=\"title-text-wrapper wrapper-spacing-default\"><div class=\"title-text-title\"><h2>Page d'accueil (mots d'ordre, etc.)<\/h2><\/div><div class=\"title-text-container\"><div class=\"title-text-text\"><p>La page d'accueil se compose de diff\u00e9rents \u00e9l\u00e9ments :<\/p><\/div><\/div><\/div>\t\t\t\t<\/div>\n\t\t\t\t<\/div>\n\t\t\t\t<div class=\"elementor-element elementor-element-41435d9 elementor-widget elementor-widget-image\" data-id=\"41435d9\" data-element_type=\"widget\" data-e-type=\"widget\" data-widget_type=\"image.default\">\n\t\t\t\t<div class=\"elementor-widget-container\">\n\t\t\t\t\t\t\t\t\t\t\t\t\t\t\t<img fetchpriority=\"high\" decoding=\"async\" width=\"800\" height=\"647\" src=\"https:\/\/staging.sp-ps.ch\/wp-content\/uploads\/2023\/03\/startpage-1024x828.webp\" class=\"attachment-large size-large wp-image-95000\" alt=\"\" srcset=\"https:\/\/staging.sp-ps.ch\/wp-content\/uploads\/2023\/03\/startpage-1024x828.webp 1024w, https:\/\/staging.sp-ps.ch\/wp-content\/uploads\/2023\/03\/startpage-300x243.webp 300w, https:\/\/staging.sp-ps.ch\/wp-content\/uploads\/2023\/03\/startpage-768x621.webp 768w, https:\/\/staging.sp-ps.ch\/wp-content\/uploads\/2023\/03\/startpage-1536x1242.webp 1536w, https:\/\/staging.sp-ps.ch\/wp-content\/uploads\/2023\/03\/startpage.webp 1855w\" sizes=\"(max-width: 800px) 100vw, 800px\" \/>\t\t\t\t\t\t\t\t\t\t\t\t\t\t\t<\/div>\n\t\t\t\t<\/div>\n\t\t\t\t<div class=\"elementor-element elementor-element-2c301ec elementor-widget elementor-widget-spps_title_text\" data-id=\"2c301ec\" data-element_type=\"widget\" data-e-type=\"widget\" data-widget_type=\"spps_title_text.default\">\n\t\t\t\t<div class=\"elementor-widget-container\">\n\t\t\t\t\t<div class=\"title-text-wrapper \"><div class=\"title-text-container\"><div class=\"title-text-text\"><ol><li style=\"list-style-type: none;\"><ol><li><strong>Le menu WordPress.<\/strong> Il est visible uniquement lorsque tu es connect\u00e9.<\/li><li><strong>Le menu du site web<\/strong>. Une page s\u00e9par\u00e9e d\u00e9crit ici [TODO] comment tu peux modifier le menu.<\/li><li><strong>L'arri\u00e8re-plan<\/strong>. Plus de d\u00e9tails plus bas sur cette page.<\/li><li><strong>Les vignettes des campagnes.<\/strong> Une page s\u00e9par\u00e9e d\u00e9crit ici [TODO] comment fonctionnent les campagnes.<\/li><li><strong>Les mots d'ordre<\/strong>. Plus de d\u00e9tails en bas de cette page.<\/li><li><strong>Les autres contenus de la page.<\/strong> Tu peux les modifier avec Elementor comme sur une page normale. On y trouve g\u00e9n\u00e9ralement une liste de communiqu\u00e9s de presse, mais tu peux aussi y ins\u00e9rer des vid\u00e9os, des formulaires, des galeries de photos, etc.<\/li><\/ol><\/li><\/ol><p>.<\/p><h2>(3) Image, vid\u00e9o ou slider d'arri\u00e8re-plan<\/h2><p>.<br \/>Il existe trois options pour l'arri\u00e8re-plan de la page d'accueil :<\/p><ul><li>Une image<\/li><li>Une vid\u00e9o<\/li><li>Un \"slider\" (diaporama)<\/li><\/ul><p>Les param\u00e8tres d\u00e9di\u00e9s se trouvent dans les options de th\u00e8me sous \"Arri\u00e8re-plan page d'accueil (de\/fr\/it)\" et peuvent \u00eatre configur\u00e9s diff\u00e9remment pour chaque langue. Voici comment acc\u00e9der aux options de th\u00e8me depuis le tableau de bord :<\/p><\/div><\/div><\/div>\t\t\t\t<\/div>\n\t\t\t\t<\/div>\n\t\t\t\t<div class=\"elementor-element elementor-element-e195bbb elementor-widget elementor-widget-image\" data-id=\"e195bbb\" data-element_type=\"widget\" data-e-type=\"widget\" data-widget_type=\"image.default\">\n\t\t\t\t<div class=\"elementor-widget-container\">\n\t\t\t\t\t\t\t\t\t\t\t\t\t\t\t<img decoding=\"async\" width=\"397\" height=\"258\" src=\"https:\/\/staging.sp-ps.ch\/wp-content\/uploads\/2023\/03\/themeoptions.png\" class=\"attachment-medium_large size-medium_large wp-image-95007\" alt=\"\" srcset=\"https:\/\/staging.sp-ps.ch\/wp-content\/uploads\/2023\/03\/themeoptions.png 397w, https:\/\/staging.sp-ps.ch\/wp-content\/uploads\/2023\/03\/themeoptions-300x195.png 300w\" sizes=\"(max-width: 397px) 100vw, 397px\" \/>\t\t\t\t\t\t\t\t\t\t\t\t\t\t\t<\/div>\n\t\t\t\t<\/div>\n\t\t\t\t<div class=\"elementor-element elementor-element-0aaed13 elementor-widget elementor-widget-spps_title_text\" data-id=\"0aaed13\" data-element_type=\"widget\" data-e-type=\"widget\" data-widget_type=\"spps_title_text.default\">\n\t\t\t\t<div class=\"elementor-widget-container\">\n\t\t\t\t\t<div class=\"title-text-wrapper \"><div class=\"title-text-container\"><div class=\"title-text-text\"><p>Si l'on choisit \"Image\" ou \"Vid\u00e9o\", on peut s\u00e9lectionner un fichier dans la m\u00e9diath\u00e8que ou t\u00e9l\u00e9verser un nouveau fichier. Si l'on choisit \"Slider\", on doit ins\u00e9rer l'ID du slider que l'on souhaite utiliser.<\/p><\/div><\/div><\/div>\t\t\t\t<\/div>\n\t\t\t\t<\/div>\n\t\t\t\t<div class=\"elementor-element elementor-element-254d8af elementor-widget elementor-widget-image\" data-id=\"254d8af\" data-element_type=\"widget\" data-e-type=\"widget\" data-widget_type=\"image.default\">\n\t\t\t\t<div class=\"elementor-widget-container\">\n\t\t\t\t\t\t\t\t\t\t\t\t\t\t\t<img decoding=\"async\" width=\"800\" height=\"312\" src=\"https:\/\/staging.sp-ps.ch\/wp-content\/uploads\/2023\/03\/slider1-1024x399.png\" class=\"attachment-large size-large wp-image-95010\" alt=\"\" srcset=\"https:\/\/staging.sp-ps.ch\/wp-content\/uploads\/2023\/03\/slider1-1024x399.png 1024w, https:\/\/staging.sp-ps.ch\/wp-content\/uploads\/2023\/03\/slider1-300x117.png 300w, https:\/\/staging.sp-ps.ch\/wp-content\/uploads\/2023\/03\/slider1-768x299.png 768w, https:\/\/staging.sp-ps.ch\/wp-content\/uploads\/2023\/03\/slider1.png 1052w\" sizes=\"(max-width: 800px) 100vw, 800px\" \/>\t\t\t\t\t\t\t\t\t\t\t\t\t\t\t<\/div>\n\t\t\t\t<\/div>\n\t\t\t\t<div class=\"elementor-element elementor-element-fff9553 elementor-widget elementor-widget-spps_title_text\" data-id=\"fff9553\" data-element_type=\"widget\" data-e-type=\"widget\" data-widget_type=\"spps_title_text.default\">\n\t\t\t\t<div class=\"elementor-widget-container\">\n\t\t\t\t\t<div class=\"title-text-wrapper \"><div class=\"title-text-container\"><div class=\"title-text-text\"><p>Pour modifier ou cr\u00e9er un slider (c'est-\u00e0-dire une succession d'images qui d\u00e9fileront comme un diaporama), il faut s\u00e9lectionner le menu \"Smart Slider\" dans le tableau de bord.<\/p><\/div><\/div><\/div>\t\t\t\t<\/div>\n\t\t\t\t<\/div>\n\t\t\t\t<div class=\"elementor-element elementor-element-062e763 elementor-widget elementor-widget-image\" data-id=\"062e763\" data-element_type=\"widget\" data-e-type=\"widget\" data-widget_type=\"image.default\">\n\t\t\t\t<div class=\"elementor-widget-container\">\n\t\t\t\t\t\t\t\t\t\t\t\t\t\t\t<img loading=\"lazy\" decoding=\"async\" width=\"341\" height=\"143\" src=\"https:\/\/staging.sp-ps.ch\/wp-content\/uploads\/2023\/03\/slider2.png\" class=\"attachment-large size-large wp-image-95013\" alt=\"\" srcset=\"https:\/\/staging.sp-ps.ch\/wp-content\/uploads\/2023\/03\/slider2.png 341w, https:\/\/staging.sp-ps.ch\/wp-content\/uploads\/2023\/03\/slider2-300x126.png 300w\" sizes=\"(max-width: 341px) 100vw, 341px\" \/>\t\t\t\t\t\t\t\t\t\t\t\t\t\t\t<\/div>\n\t\t\t\t<\/div>\n\t\t\t\t<div class=\"elementor-element elementor-element-0e03a5f elementor-widget elementor-widget-spps_title_text\" data-id=\"0e03a5f\" data-element_type=\"widget\" data-e-type=\"widget\" data-widget_type=\"spps_title_text.default\">\n\t\t\t\t<div class=\"elementor-widget-container\">\n\t\t\t\t\t<div class=\"title-text-wrapper \"><div class=\"title-text-container\"><div class=\"title-text-text\"><p>Les introductions aux Smart Sliders se trouvent ici :<\/p><ul><li><a href=\"https:\/\/smartslider.helpscoutdocs.com\/\">https:\/\/smartslider.helpscoutdocs.com\/<\/a><\/li><li><a href=\"https:\/\/www.youtube.com\/watch?v=3PPtkRU7D74&amp;list=PLSawiBnEUNfvVeY7M8Yx7UdyOpBEmoH7Z\">https:\/\/www.youtube.com\/watch?v=3PPtkRU7D74&amp;list=PLSawiBnEUNfvVeY7M8Yx7UdyOpBEmoH7Z<\/a><\/li><\/ul><p>Si la question de l'attribution d'une licence se pose, il est possible d'acc\u00e9der directement au tableau de bord ici :<\/p><h4><img loading=\"lazy\" decoding=\"async\" class=\"alignnone wp-image-121068 size-large\" src=\"https:\/\/staging.sp-ps.ch\/wp-content\/uploads\/2023\/12\/smartslider-1024x416.png\" alt=\"\" width=\"800\" height=\"325\" srcset=\"https:\/\/staging.sp-ps.ch\/wp-content\/uploads\/2023\/12\/smartslider-1024x416.png 1024w, https:\/\/staging.sp-ps.ch\/wp-content\/uploads\/2023\/12\/smartslider-300x122.png 300w, https:\/\/staging.sp-ps.ch\/wp-content\/uploads\/2023\/12\/smartslider-768x312.png 768w, https:\/\/staging.sp-ps.ch\/wp-content\/uploads\/2023\/12\/smartslider.png 1055w\" sizes=\"(max-width: 800px) 100vw, 800px\" \/><\/h4><p>(Le PS a les licences appropri\u00e9es pour ses Smart Sliders, mais cela n'est pas toujours reconnu correctement sur les sites des sections)<\/p><\/div><\/div><\/div>\t\t\t\t<\/div>\n\t\t\t\t<\/div>\n\t\t\t\t<div class=\"elementor-element elementor-element-b8511bd elementor-widget elementor-widget-spps_button_list\" data-id=\"b8511bd\" data-element_type=\"widget\" data-e-type=\"widget\" data-widget_type=\"spps_button_list.default\">\n\t\t\t\t<div class=\"elementor-widget-container\">\n\t\t\t\t\t<div class=\"button-list-wrapper   \"><div class=\"button-list-title\"><h3>Mod\u00e8les de slider<\/h3><\/div><div class=\"button-list-container\"><div class=\"button-list-text\"><p>Ci-dessous, vous trouverez un mod\u00e8le de slider que vous pouvez utiliser librement. Pour vous en servir, effectuez un clic droit sur le lien et s\u00e9lectionner \"Enregistrer sous...\".<\/p><\/div><div class=\"button-list-items\"><div class=\"button-list-item\"><div class=\"button-wrapper \"><a href=\"https:\/\/sp-ps.ch\/wp-content\/uploads\/2024\/02\/Startseite-Wahlen-2023-d.ss3\"  target=\"_self\" class=\"button-link button-link-download\" >Mod\u00e8le de slider : personnes en couleur et en n\/b - allemand<span class=\"button-media-date\">19.04.2026<\/span><\/a><\/div><\/div><div class=\"button-list-item\"><div class=\"button-wrapper \"><a href=\"https:\/\/sp-ps.ch\/wp-content\/uploads\/2024\/02\/Startseite-Wahlen-2023-f.ss3\"  target=\"_self\" class=\"button-link button-link-download\" >Mod\u00e8le de slider : personnes en couleur et en n\/b - fran\u00e7ais<span class=\"button-media-date\">19.04.2026<\/span><\/a><\/div><\/div><div class=\"button-list-item\"><div class=\"button-wrapper \"><a href=\"https:\/\/sp-ps.ch\/wp-content\/uploads\/2024\/02\/Startseite-Wahlen-2023-i.ss3\"  target=\"_self\" class=\"button-link button-link-download\" >Mod\u00e8le de slider : personnes en couleur et en n\/b - italien<span class=\"button-media-date\">19.04.2026<\/span><\/a><\/div><\/div><\/div><\/div><\/div>\t\t\t\t<\/div>\n\t\t\t\t<\/div>\n\t\t\t\t<div class=\"elementor-element elementor-element-1722ce3 elementor-widget elementor-widget-spps_title_text\" data-id=\"1722ce3\" data-element_type=\"widget\" data-e-type=\"widget\" data-widget_type=\"spps_title_text.default\">\n\t\t\t\t<div class=\"elementor-widget-container\">\n\t\t\t\t\t<div class=\"title-text-wrapper \"><div class=\"title-text-title\"><h2>(5) Mots d'ordre<\/h2><\/div><div class=\"title-text-container\"><div class=\"title-text-text\"><p>Le titre des mots d'ordre (\u00e9criture blanche sur fond noir) peut \u00eatre saisi sous \"Apparence\" =&gt; \"Options de th\u00e8me\" =&gt; \"Mots d'ordre Page d'accueil (fr)\" et ensuite cliquer sur \"Save\" en bas.<\/p><p>Pour les sites web des partis cantonaux et des sections, le titre s\u00e9lectionn\u00e9 par le PS Suisse est repris si aucun autre titre n'est d\u00e9fini dans les options de th\u00e8me. Vous trouverez plus d'informations sur la diffusion de contenus <a href=\"\/website-manual\/verteilen-von-inhalten\/\">ici<\/a>.<\/p><\/div><\/div><\/div>\t\t\t\t<\/div>\n\t\t\t\t<\/div>\n\t\t\t\t<div class=\"elementor-element elementor-element-f5cf9a0 elementor-widget elementor-widget-image\" data-id=\"f5cf9a0\" data-element_type=\"widget\" data-e-type=\"widget\" data-widget_type=\"image.default\">\n\t\t\t\t<div class=\"elementor-widget-container\">\n\t\t\t\t\t\t\t\t\t\t\t\t\t\t\t<img decoding=\"async\" width=\"397\" height=\"258\" src=\"https:\/\/staging.sp-ps.ch\/wp-content\/uploads\/2023\/03\/themeoptions.png\" class=\"attachment-medium_large size-medium_large wp-image-95007\" alt=\"\" srcset=\"https:\/\/staging.sp-ps.ch\/wp-content\/uploads\/2023\/03\/themeoptions.png 397w, https:\/\/staging.sp-ps.ch\/wp-content\/uploads\/2023\/03\/themeoptions-300x195.png 300w\" sizes=\"(max-width: 397px) 100vw, 397px\" \/>\t\t\t\t\t\t\t\t\t\t\t\t\t\t\t<\/div>\n\t\t\t\t<\/div>\n\t\t\t\t<div class=\"elementor-element elementor-element-68f24e6 elementor-widget elementor-widget-spps_title_text\" data-id=\"68f24e6\" data-element_type=\"widget\" data-e-type=\"widget\" data-widget_type=\"spps_title_text.default\">\n\t\t\t\t<div class=\"elementor-widget-container\">\n\t\t\t\t\t<div class=\"title-text-wrapper \"><div class=\"title-text-container\"><div class=\"title-text-text\"><p>Les diff\u00e9rents mots d'ordre peuvent \u00eatre saisis ou modifi\u00e9s sous \"mots d'ordre\" :<\/p><\/div><\/div><\/div>\t\t\t\t<\/div>\n\t\t\t\t<\/div>\n\t\t\t\t<div class=\"elementor-element elementor-element-c0150a9 elementor-widget elementor-widget-image\" data-id=\"c0150a9\" data-element_type=\"widget\" data-e-type=\"widget\" data-widget_type=\"image.default\">\n\t\t\t\t<div class=\"elementor-widget-container\">\n\t\t\t\t\t\t\t\t\t\t\t\t\t\t\t<img loading=\"lazy\" decoding=\"async\" width=\"620\" height=\"511\" src=\"https:\/\/staging.sp-ps.ch\/wp-content\/uploads\/2023\/05\/parolen.png\" class=\"attachment-large size-large wp-image-98710\" alt=\"\" srcset=\"https:\/\/staging.sp-ps.ch\/wp-content\/uploads\/2023\/05\/parolen.png 620w, https:\/\/staging.sp-ps.ch\/wp-content\/uploads\/2023\/05\/parolen-300x247.png 300w\" sizes=\"(max-width: 620px) 100vw, 620px\" \/>\t\t\t\t\t\t\t\t\t\t\t\t\t\t\t<\/div>\n\t\t\t\t<\/div>\n\t\t\t\t<div class=\"elementor-element elementor-element-6b17284 elementor-widget elementor-widget-spps_title_text\" data-id=\"6b17284\" data-element_type=\"widget\" data-e-type=\"widget\" data-widget_type=\"spps_title_text.default\">\n\t\t\t\t<div class=\"elementor-widget-container\">\n\t\t\t\t\t<div class=\"title-text-wrapper wrapper-spacing-default\"><div class=\"title-text-title\"><h2>(6) Ajouter un nouveau bloc<\/h2><\/div><div class=\"title-text-container\"><div class=\"title-text-text\"><p>TODO: Video<\/p><\/div><\/div><\/div>\t\t\t\t<\/div>\n\t\t\t\t<\/div>\n\t\t\t\t<div class=\"elementor-element elementor-element-d26b610 elementor-widget elementor-widget-spps_title_text\" data-id=\"d26b610\" data-element_type=\"widget\" data-e-type=\"widget\" data-widget_type=\"spps_title_text.default\">\n\t\t\t\t<div class=\"elementor-widget-container\">\n\t\t\t\t\t<div class=\"title-text-wrapper wrapper-spacing-default\"><div class=\"title-text-container\"><div class=\"title-text-text\"><h4>Modifier quels articles sont list\u00e9s<\/h4><p>TODO: Video<\/p><\/div><\/div><\/div>\t\t\t\t<\/div>\n\t\t\t\t<\/div>\n\t\t\t\t\t<\/div>\n\t\t<\/div>\n\t\t\t\t\t<\/div>\n\t\t<\/section>\n\t\t\t\t<\/div>\n\t\t","protected":false},"excerpt":{"rendered":"<p>Page d&#8217;accueil (mots d&#8217;ordre, etc.) La page d&#8217;accueil se compose de diff\u00e9rents \u00e9l\u00e9ments : Le menu WordPress. Il est visible uniquement lorsque tu es connect\u00e9. Le menu du site web. [&hellip;]<\/p>\n","protected":false},"author":4,"featured_media":0,"parent":130079,"menu_order":0,"comment_status":"closed","ping_status":"closed","template":"","meta":{"footnotes":""},"class_list":["post-130338","page","type-page","status-publish","hentry"],"_links":{"self":[{"href":"https:\/\/staging.sp-ps.ch\/fr\/wp-json\/wp\/v2\/pages\/130338","targetHints":{"allow":["GET"]}}],"collection":[{"href":"https:\/\/staging.sp-ps.ch\/fr\/wp-json\/wp\/v2\/pages"}],"about":[{"href":"https:\/\/staging.sp-ps.ch\/fr\/wp-json\/wp\/v2\/types\/page"}],"author":[{"embeddable":true,"href":"https:\/\/staging.sp-ps.ch\/fr\/wp-json\/wp\/v2\/users\/4"}],"replies":[{"embeddable":true,"href":"https:\/\/staging.sp-ps.ch\/fr\/wp-json\/wp\/v2\/comments?post=130338"}],"version-history":[{"count":35,"href":"https:\/\/staging.sp-ps.ch\/fr\/wp-json\/wp\/v2\/pages\/130338\/revisions"}],"predecessor-version":[{"id":131394,"href":"https:\/\/staging.sp-ps.ch\/fr\/wp-json\/wp\/v2\/pages\/130338\/revisions\/131394"}],"up":[{"embeddable":true,"href":"https:\/\/staging.sp-ps.ch\/fr\/wp-json\/wp\/v2\/pages\/130079"}],"wp:attachment":[{"href":"https:\/\/staging.sp-ps.ch\/fr\/wp-json\/wp\/v2\/media?parent=130338"}],"curies":[{"name":"wp","href":"https:\/\/api.w.org\/{rel}","templated":true}]}}