{"id":132493,"date":"2024-05-13T15:56:10","date_gmt":"2024-05-13T13:56:10","guid":{"rendered":"https:\/\/staging.sp-ps.ch\/?page_id=132493"},"modified":"2024-05-13T16:05:09","modified_gmt":"2024-05-13T14:05:09","slug":"medias-sociaux","status":"publish","type":"page","link":"https:\/\/staging.sp-ps.ch\/fr\/guide-site-web\/medias-sociaux\/","title":{"rendered":"Partager du contenu sur les m\u00e9dias sociaux"},"content":{"rendered":"\t\t<div data-elementor-type=\"wp-page\" data-elementor-id=\"132493\" class=\"elementor elementor-132493 elementor-132414\" data-elementor-post-type=\"page\">\n\t\t\t\t\t\t<section class=\"elementor-section elementor-top-section elementor-element elementor-element-c36db8c elementor-section-boxed elementor-section-height-default elementor-section-height-default\" data-id=\"c36db8c\" data-element_type=\"section\" data-e-type=\"section\" data-settings=\"{&quot;jet_parallax_layout_list&quot;:[]}\">\n\t\t\t\t\t\t<div class=\"elementor-container elementor-column-gap-default\">\n\t\t\t\t\t<div class=\"elementor-column elementor-col-100 elementor-top-column elementor-element elementor-element-f7bc114\" data-id=\"f7bc114\" data-element_type=\"column\" data-e-type=\"column\">\n\t\t\t<div class=\"elementor-widget-wrap elementor-element-populated\">\n\t\t\t\t\t\t<div class=\"elementor-element elementor-element-3067324 elementor-widget elementor-widget-spps_title_text\" data-id=\"3067324\" data-element_type=\"widget\" data-e-type=\"widget\" data-widget_type=\"spps_title_text.default\">\n\t\t\t\t<div class=\"elementor-widget-container\">\n\t\t\t\t\t<div class=\"title-text-wrapper wrapper-spacing-default\"><div class=\"title-text-title\"><h2>Partager du contenu sur les m\u00e9dias sociaux<\/h2><\/div><div class=\"title-text-container\"><\/div><\/div>\t\t\t\t<\/div>\n\t\t\t\t<\/div>\n\t\t\t\t<div class=\"elementor-element elementor-element-8377f93 elementor-widget elementor-widget-spps_tableofcontents\" data-id=\"8377f93\" data-element_type=\"widget\" data-e-type=\"widget\" data-widget_type=\"spps_tableofcontents.default\">\n\t\t\t\t<div class=\"elementor-widget-container\">\n\t\t\t\t\t<ul data-toc><\/ul><script>\/*! Table of Contents jQuery Plugin - jquery.toc * Copyright (c) 2013-2016 Nikhil Dabas * http:\/\/www.apache.org\/licenses\/LICENSE-2.0 *\/ !function(a){\"use strict\";var b=function(b){return this.each(function(){var c,d,e=a(this),f=e.data(),g=[e],h=this.tagName,i=0;c=a.extend({content:\".elementor-location-single \",headings:\"h3,h4,h5,h6\"},{content:f.toc||void 0,headings:f.tocHeadings||void 0},b),d=c.headings.split(\",\"),a(c.content).find(c.headings).attr(\"id\",function(b,c){var d=function(a){0===a.length&&(a=\"?\");for(var b=a.replace(\/\\s+\/g,\"_\"),c=\"\",d=1;null!==document.getElementById(b+c);)c=\"_\"+d++;return b+c};return c||d(a(this).text())}).each(function(){var b=a(this),c=a.map(d,function(a,c){return b.is(a)?c:void 0})[0];if(c>i){var e=g[0].children(\"li:last\")[0];e&&g.unshift(a(\"<\"+h+\"\/>\").appendTo(e))}else g.splice(0,Math.min(i-c,Math.max(g.length-1,0)));a(\"<li\/>\").appendTo(g[0]).append(a(\"<a\/>\").text(b.text()).attr(\"href\",\"#\"+b.attr(\"id\"))),i=c})})},c=a.fn.toc;a.fn.toc=b,a.fn.toc.noConflict=function(){return a.fn.toc=c,this},a(function(){b.call(a(\"[data-toc]\"))})}(window.jQuery);<\/script>\t\t\t\t<\/div>\n\t\t\t\t<\/div>\n\t\t\t\t<div class=\"elementor-element elementor-element-1b1e37a elementor-widget elementor-widget-spps_title_text\" data-id=\"1b1e37a\" data-element_type=\"widget\" data-e-type=\"widget\" data-widget_type=\"spps_title_text.default\">\n\t\t\t\t<div class=\"elementor-widget-container\">\n\t\t\t\t\t<div class=\"title-text-wrapper wrapper-spacing-small\"><div class=\"title-text-title\"><h3>Images et textes d'aper\u00e7u<\/h3><\/div><div class=\"title-text-container\"><div class=\"title-text-text\"><p>Sur certaines plates-formes, des images et des textes d'aper\u00e7u s'affichent lorsque l'on partage un lien. En voici quelques exemples :<\/p><\/div><\/div><\/div>\t\t\t\t<\/div>\n\t\t\t\t<\/div>\n\t\t\t\t<section class=\"elementor-section elementor-inner-section elementor-element elementor-element-80f51f8 elementor-section-boxed elementor-section-height-default elementor-section-height-default\" data-id=\"80f51f8\" data-element_type=\"section\" data-e-type=\"section\" data-settings=\"{&quot;jet_parallax_layout_list&quot;:[]}\">\n\t\t\t\t\t\t<div class=\"elementor-container elementor-column-gap-default\">\n\t\t\t\t\t<div class=\"elementor-column elementor-col-33 elementor-inner-column elementor-element elementor-element-adea7ee\" data-id=\"adea7ee\" data-element_type=\"column\" data-e-type=\"column\">\n\t\t\t<div class=\"elementor-widget-wrap elementor-element-populated\">\n\t\t\t\t\t\t<div class=\"elementor-element elementor-element-e7c5084 elementor-widget elementor-widget-image\" data-id=\"e7c5084\" data-element_type=\"widget\" data-e-type=\"widget\" data-widget_type=\"image.default\">\n\t\t\t\t<div class=\"elementor-widget-container\">\n\t\t\t\t\t\t\t\t\t\t\t\t\t\t\t<img fetchpriority=\"high\" decoding=\"async\" width=\"510\" height=\"351\" src=\"https:\/\/staging.sp-ps.ch\/wp-content\/uploads\/2024\/05\/wa.png\" class=\"attachment-large size-large wp-image-132456\" alt=\"\" srcset=\"https:\/\/staging.sp-ps.ch\/wp-content\/uploads\/2024\/05\/wa.png 510w, https:\/\/staging.sp-ps.ch\/wp-content\/uploads\/2024\/05\/wa-300x206.png 300w\" sizes=\"(max-width: 510px) 100vw, 510px\" \/>\t\t\t\t\t\t\t\t\t\t\t\t\t\t\t<\/div>\n\t\t\t\t<\/div>\n\t\t\t\t<div class=\"elementor-element elementor-element-1de9f3b elementor-widget elementor-widget-spps_title_text\" data-id=\"1de9f3b\" data-element_type=\"widget\" data-e-type=\"widget\" data-widget_type=\"spps_title_text.default\">\n\t\t\t\t<div class=\"elementor-widget-container\">\n\t\t\t\t\t<div class=\"title-text-wrapper \"><div class=\"title-text-container\"><div class=\"title-text-text\"><p>Aper\u00e7u sur Whatsapp<\/p><\/div><\/div><\/div>\t\t\t\t<\/div>\n\t\t\t\t<\/div>\n\t\t\t\t\t<\/div>\n\t\t<\/div>\n\t\t\t\t<div class=\"elementor-column elementor-col-33 elementor-inner-column elementor-element elementor-element-998ef2d\" data-id=\"998ef2d\" data-element_type=\"column\" data-e-type=\"column\">\n\t\t\t<div class=\"elementor-widget-wrap elementor-element-populated\">\n\t\t\t\t\t\t<div class=\"elementor-element elementor-element-6135102 elementor-widget elementor-widget-image\" data-id=\"6135102\" data-element_type=\"widget\" data-e-type=\"widget\" data-widget_type=\"image.default\">\n\t\t\t\t<div class=\"elementor-widget-container\">\n\t\t\t\t\t\t\t\t\t\t\t\t\t\t\t<img decoding=\"async\" width=\"597\" height=\"421\" src=\"https:\/\/staging.sp-ps.ch\/wp-content\/uploads\/2024\/05\/tw.png\" class=\"attachment-large size-large wp-image-132453\" alt=\"\" srcset=\"https:\/\/staging.sp-ps.ch\/wp-content\/uploads\/2024\/05\/tw.png 597w, https:\/\/staging.sp-ps.ch\/wp-content\/uploads\/2024\/05\/tw-300x212.png 300w\" sizes=\"(max-width: 597px) 100vw, 597px\" \/>\t\t\t\t\t\t\t\t\t\t\t\t\t\t\t<\/div>\n\t\t\t\t<\/div>\n\t\t\t\t<div class=\"elementor-element elementor-element-fbc3b20 elementor-widget elementor-widget-spps_title_text\" data-id=\"fbc3b20\" data-element_type=\"widget\" data-e-type=\"widget\" data-widget_type=\"spps_title_text.default\">\n\t\t\t\t<div class=\"elementor-widget-container\">\n\t\t\t\t\t<div class=\"title-text-wrapper \"><div class=\"title-text-container\"><div class=\"title-text-text\"><p>Aper\u00e7u sur Twitter<\/p><\/div><\/div><\/div>\t\t\t\t<\/div>\n\t\t\t\t<\/div>\n\t\t\t\t\t<\/div>\n\t\t<\/div>\n\t\t\t\t<div class=\"elementor-column elementor-col-33 elementor-inner-column elementor-element elementor-element-222b8eb\" data-id=\"222b8eb\" data-element_type=\"column\" data-e-type=\"column\">\n\t\t\t<div class=\"elementor-widget-wrap elementor-element-populated\">\n\t\t\t\t\t\t<div class=\"elementor-element elementor-element-7b65e1b elementor-widget elementor-widget-image\" data-id=\"7b65e1b\" data-element_type=\"widget\" data-e-type=\"widget\" data-widget_type=\"image.default\">\n\t\t\t\t<div class=\"elementor-widget-container\">\n\t\t\t\t\t\t\t\t\t\t\t\t\t\t\t<img decoding=\"async\" width=\"774\" height=\"530\" src=\"https:\/\/staging.sp-ps.ch\/wp-content\/uploads\/2024\/05\/fb.png\" class=\"attachment-large size-large wp-image-132450\" alt=\"\" srcset=\"https:\/\/staging.sp-ps.ch\/wp-content\/uploads\/2024\/05\/fb.png 774w, https:\/\/staging.sp-ps.ch\/wp-content\/uploads\/2024\/05\/fb-300x205.png 300w, https:\/\/staging.sp-ps.ch\/wp-content\/uploads\/2024\/05\/fb-768x526.png 768w\" sizes=\"(max-width: 774px) 100vw, 774px\" \/>\t\t\t\t\t\t\t\t\t\t\t\t\t\t\t<\/div>\n\t\t\t\t<\/div>\n\t\t\t\t<div class=\"elementor-element elementor-element-3eb86ec elementor-widget elementor-widget-spps_title_text\" data-id=\"3eb86ec\" data-element_type=\"widget\" data-e-type=\"widget\" data-widget_type=\"spps_title_text.default\">\n\t\t\t\t<div class=\"elementor-widget-container\">\n\t\t\t\t\t<div class=\"title-text-wrapper \"><div class=\"title-text-container\"><div class=\"title-text-text\"><p>Aper\u00e7u sur Facebook<\/p><\/div><\/div><\/div>\t\t\t\t<\/div>\n\t\t\t\t<\/div>\n\t\t\t\t\t<\/div>\n\t\t<\/div>\n\t\t\t\t\t<\/div>\n\t\t<\/section>\n\t\t\t\t\t<\/div>\n\t\t<\/div>\n\t\t\t\t\t<\/div>\n\t\t<\/section>\n\t\t\t\t<section class=\"elementor-section elementor-top-section elementor-element elementor-element-1a98b91 elementor-section-boxed elementor-section-height-default elementor-section-height-default\" data-id=\"1a98b91\" data-element_type=\"section\" data-e-type=\"section\" data-settings=\"{&quot;jet_parallax_layout_list&quot;:[]}\">\n\t\t\t\t\t\t<div class=\"elementor-container elementor-column-gap-default\">\n\t\t\t\t\t<div class=\"elementor-column elementor-col-100 elementor-top-column elementor-element elementor-element-a0b3195\" data-id=\"a0b3195\" data-element_type=\"column\" data-e-type=\"column\">\n\t\t\t<div class=\"elementor-widget-wrap elementor-element-populated\">\n\t\t\t\t\t\t<div class=\"elementor-element elementor-element-f8c2b00 elementor-widget elementor-widget-spps_title_text\" data-id=\"f8c2b00\" data-element_type=\"widget\" data-e-type=\"widget\" data-widget_type=\"spps_title_text.default\">\n\t\t\t\t<div class=\"elementor-widget-container\">\n\t\t\t\t\t<div class=\"title-text-wrapper \"><div class=\"title-text-container\"><div class=\"title-text-text\"><p>Le site web utilise un plugin pour mettre \u00e0 disposition ces images d'aper\u00e7u. La logique suivante est appliqu\u00e9e :<\/p><ol><li>Si aucune autre image n'est disponible, le logo SP est utilis\u00e9 comme image d'aper\u00e7u.<\/li><li>Pour les contributions, l'image de la contribution est utilis\u00e9e si aucune image d'aper\u00e7u sp\u00e9ciale n'est d\u00e9finie.<\/li><li>Pour toutes les pages, contributions, campagnes, etc., il est possible de d\u00e9finir les titres, les textes en bas de \"l'affichage des m\u00e9tadonn\u00e9es\" dans l'onglet \"Social\", les textes d'aper\u00e7u et l'image d'aper\u00e7u. \"OpenGraph\" est la technologie utilis\u00e9e pour Facebook, Whatsapp et d'autres plates-formes. Dans l'onglet \"SEO\", il est \u00e9galement possible d'influencer la pr\u00e9visualisation sur Google.<\/li><\/ol><p><img loading=\"lazy\" decoding=\"async\" class=\"alignnone size-large wp-image-132474\" src=\"https:\/\/staging.sp-ps.ch\/wp-content\/uploads\/2024\/05\/config-1024x606.png\" alt=\"\" width=\"800\" height=\"473\" srcset=\"https:\/\/staging.sp-ps.ch\/wp-content\/uploads\/2024\/05\/config-1024x606.png 1024w, https:\/\/staging.sp-ps.ch\/wp-content\/uploads\/2024\/05\/config-300x177.png 300w, https:\/\/staging.sp-ps.ch\/wp-content\/uploads\/2024\/05\/config-768x454.png 768w, https:\/\/staging.sp-ps.ch\/wp-content\/uploads\/2024\/05\/config.png 1429w\" sizes=\"(max-width: 800px) 100vw, 800px\" \/><\/p><p>\u00a0<\/p><p>Sur toutes les plateformes, il peut s'\u00e9couler un certain temps - jusqu'\u00e0 plusieurs jours - avant que les changements ne se fassent sentir. On peut essayer d'acc\u00e9l\u00e9rer ce processus <a href=\"https:\/\/developers.facebook.com\/tools\/debug\">avec cet outil pour Facebook<\/a> et <a href=\"https:\/\/cards-dev.twitter.com\/validator\">cet outil pour Twitter<\/a>.<\/p><h3>\u00a0<\/h3><h3>Boutons pour le partage de liens<\/h3><p>Whatsapp, Twitter et Facebook permettent de cr\u00e9er des liens permettant de partager des contenus sur les plates-formes correspondantes. Sur Facebook, on ne peut proposer que le lien \u00e0 partager, sur Twitter et Whatsapp \u00e9galement un texte.<\/p><p>Lorsque l'on clique sur les boutons, l'application ou le site web correspondant s'ouvre. Voici trois exemples de tels boutons :<\/p><\/div><\/div><\/div>\t\t\t\t<\/div>\n\t\t\t\t<\/div>\n\t\t\t\t<div class=\"elementor-element elementor-element-a413b96 elementor-widget elementor-widget-spps_button\" data-id=\"a413b96\" data-element_type=\"widget\" data-e-type=\"widget\" data-widget_type=\"spps_button.default\">\n\t\t\t\t<div class=\"elementor-widget-container\">\n\t\t\t\t\t<div class=\"button-wrapper button-wrapper-left\"><a href=\"https:\/\/twitter.com\/intent\/tweet?text=Hier+w%C3%A4re+ein+vorgeschlagerer+Text+f%C3%BCr+einen+Tweet%2C+inkl.+Link+z.B.+zu+https%3A%2F%2Fgaza-appell.ch%2F\"  target=\"_self\" class=\"button-link button-link-twitter\" >Partager sur Twitter&nbsp;&nbsp;<i class=\"fab fa-twitter\"><\/i><\/a><\/div>\t\t\t\t<\/div>\n\t\t\t\t<\/div>\n\t\t\t\t<div class=\"elementor-element elementor-element-6051caa elementor-widget elementor-widget-spps_button\" data-id=\"6051caa\" data-element_type=\"widget\" data-e-type=\"widget\" data-widget_type=\"spps_button.default\">\n\t\t\t\t<div class=\"elementor-widget-container\">\n\t\t\t\t\t<div class=\"button-wrapper button-wrapper-left\"><a href=\"https:\/\/api.whatsapp.com\/send?text=Hier+w%C3%A4re+ein+vorgeschlagerer+Text+f%C3%BCr+einen+Tweet%2C+inkl.+Link+z.B.+zu+https%3A%2F%2Fgaza-appell.ch%2F\"  target=\"_self\" class=\"button-link button-link-whatsapp\" >Partager sur Whatsapp&nbsp;&nbsp;<i class=\"fab fa-whatsapp\"><\/i><\/a><\/div>\t\t\t\t<\/div>\n\t\t\t\t<\/div>\n\t\t\t\t<div class=\"elementor-element elementor-element-1acec51 elementor-widget elementor-widget-spps_button\" data-id=\"1acec51\" data-element_type=\"widget\" data-e-type=\"widget\" data-widget_type=\"spps_button.default\">\n\t\t\t\t<div class=\"elementor-widget-container\">\n\t\t\t\t\t<div class=\"button-wrapper button-wrapper-left\"><a href=\"https:\/\/www.facebook.com\/sharer\/sharer.php?u=https:\/\/gaza-appell.ch\/\"  target=\"_self\" class=\"button-link button-link-facebook\" >Partager sur Facebook&nbsp;&nbsp;<i class=\"fab fa-facebook\"><\/i><\/a><\/div>\t\t\t\t<\/div>\n\t\t\t\t<\/div>\n\t\t\t\t<div class=\"elementor-element elementor-element-625c3f8 elementor-widget elementor-widget-spps_title_text\" data-id=\"625c3f8\" data-element_type=\"widget\" data-e-type=\"widget\" data-widget_type=\"spps_title_text.default\">\n\t\t\t\t<div class=\"elementor-widget-container\">\n\t\t\t\t\t<div class=\"title-text-wrapper \"><div class=\"title-text-container\"><div class=\"title-text-text\"><p>L'\u00e9l\u00e9ment \"Bouton\" permet de cr\u00e9er de tels liens en choisissant le type correspondant :<\/p><p><img loading=\"lazy\" decoding=\"async\" class=\"alignnone size-full wp-image-132477\" src=\"https:\/\/staging.sp-ps.ch\/wp-content\/uploads\/2024\/05\/button.png\" alt=\"\" width=\"466\" height=\"465\" srcset=\"https:\/\/staging.sp-ps.ch\/wp-content\/uploads\/2024\/05\/button.png 466w, https:\/\/staging.sp-ps.ch\/wp-content\/uploads\/2024\/05\/button-300x300.png 300w, https:\/\/staging.sp-ps.ch\/wp-content\/uploads\/2024\/05\/button-150x150.png 150w, https:\/\/staging.sp-ps.ch\/wp-content\/uploads\/2024\/05\/button-1000x1000.png 1000w, https:\/\/staging.sp-ps.ch\/wp-content\/uploads\/2024\/05\/button-600x600.png 600w\" sizes=\"(max-width: 466px) 100vw, 466px\" \/><\/p><\/div><\/div><\/div>\t\t\t\t<\/div>\n\t\t\t\t<\/div>\n\t\t\t\t\t<\/div>\n\t\t<\/div>\n\t\t\t\t\t<\/div>\n\t\t<\/section>\n\t\t\t\t<\/div>\n\t\t","protected":false},"excerpt":{"rendered":"<p>Partager du contenu sur les m\u00e9dias sociaux Images et textes d&#8217;aper\u00e7u Sur certaines plates-formes, des images et des textes d&#8217;aper\u00e7u s&#8217;affichent lorsque l&#8217;on partage un lien. En voici quelques exemples [&hellip;]<\/p>\n","protected":false},"author":4,"featured_media":0,"parent":130079,"menu_order":0,"comment_status":"closed","ping_status":"closed","template":"","meta":{"footnotes":""},"class_list":["post-132493","page","type-page","status-publish","hentry"],"_links":{"self":[{"href":"https:\/\/staging.sp-ps.ch\/fr\/wp-json\/wp\/v2\/pages\/132493","targetHints":{"allow":["GET"]}}],"collection":[{"href":"https:\/\/staging.sp-ps.ch\/fr\/wp-json\/wp\/v2\/pages"}],"about":[{"href":"https:\/\/staging.sp-ps.ch\/fr\/wp-json\/wp\/v2\/types\/page"}],"author":[{"embeddable":true,"href":"https:\/\/staging.sp-ps.ch\/fr\/wp-json\/wp\/v2\/users\/4"}],"replies":[{"embeddable":true,"href":"https:\/\/staging.sp-ps.ch\/fr\/wp-json\/wp\/v2\/comments?post=132493"}],"version-history":[{"count":5,"href":"https:\/\/staging.sp-ps.ch\/fr\/wp-json\/wp\/v2\/pages\/132493\/revisions"}],"predecessor-version":[{"id":132508,"href":"https:\/\/staging.sp-ps.ch\/fr\/wp-json\/wp\/v2\/pages\/132493\/revisions\/132508"}],"up":[{"embeddable":true,"href":"https:\/\/staging.sp-ps.ch\/fr\/wp-json\/wp\/v2\/pages\/130079"}],"wp:attachment":[{"href":"https:\/\/staging.sp-ps.ch\/fr\/wp-json\/wp\/v2\/media?parent=132493"}],"curies":[{"name":"wp","href":"https:\/\/api.w.org\/{rel}","templated":true}]}}