{"id":139307,"date":"2024-08-20T11:38:54","date_gmt":"2024-08-20T09:38:54","guid":{"rendered":"https:\/\/staging.sp-ps.ch\/?page_id=139307"},"modified":"2024-08-20T11:40:10","modified_gmt":"2024-08-20T09:40:10","slug":"faire-un-don-pour-les-autocollants","status":"publish","type":"page","link":"https:\/\/staging.sp-ps.ch\/fr\/parti\/ps-femmes\/faire-un-don-pour-les-autocollants\/","title":{"rendered":"Faire un don pour les autocollants !"},"content":{"rendered":"\t\t<div data-elementor-type=\"wp-page\" data-elementor-id=\"139307\" class=\"elementor elementor-139307 elementor-139306\" data-elementor-post-type=\"page\">\n\t\t\t\t\t\t<section class=\"elementor-section elementor-top-section elementor-element elementor-element-01f30a3 elementor-section-boxed elementor-section-height-default elementor-section-height-default\" data-id=\"01f30a3\" data-element_type=\"section\" data-e-type=\"section\" data-settings=\"{&quot;jet_parallax_layout_list&quot;:[]}\">\n\t\t\t\t\t\t<div class=\"elementor-container elementor-column-gap-default\">\n\t\t\t\t\t<div class=\"elementor-column elementor-col-100 elementor-top-column elementor-element elementor-element-a5e2131\" data-id=\"a5e2131\" data-element_type=\"column\" data-e-type=\"column\">\n\t\t\t<div class=\"elementor-widget-wrap elementor-element-populated\">\n\t\t\t\t\t\t<div class=\"elementor-element elementor-element-ff67a52 elementor-widget elementor-widget-heading\" data-id=\"ff67a52\" data-element_type=\"widget\" data-e-type=\"widget\" data-widget_type=\"heading.default\">\n\t\t\t\t<div class=\"elementor-widget-container\">\n\t\t\t\t\t<h2 class=\"elementor-heading-title elementor-size-default\">Faire un don pour les autocollants !<\/h2>\t\t\t\t<\/div>\n\t\t\t\t<\/div>\n\t\t\t\t\t<\/div>\n\t\t<\/div>\n\t\t\t\t\t<\/div>\n\t\t<\/section>\n\t\t\t\t<section class=\"elementor-section elementor-top-section elementor-element elementor-element-65e14c0 elementor-section-boxed elementor-section-height-default elementor-section-height-default\" data-id=\"65e14c0\" data-element_type=\"section\" data-e-type=\"section\" data-settings=\"{&quot;jet_parallax_layout_list&quot;:[]}\">\n\t\t\t\t\t\t<div class=\"elementor-container elementor-column-gap-default\">\n\t\t\t\t\t<div class=\"elementor-column elementor-col-100 elementor-top-column elementor-element elementor-element-5d86b1c\" data-id=\"5d86b1c\" data-element_type=\"column\" data-e-type=\"column\">\n\t\t\t<div class=\"elementor-widget-wrap elementor-element-populated\">\n\t\t\t\t\t\t<div class=\"elementor-element elementor-element-65b66ba elementor-widget elementor-widget-html\" data-id=\"65b66ba\" data-element_type=\"widget\" data-e-type=\"widget\" data-widget_type=\"html.default\">\n\t\t\t\t<div class=\"elementor-widget-container\">\n\t\t\t\t\t<div class=\"rnw-widget-container\"><\/div>\r\n<script src=\"https:\/\/tamaro.raisenow.com\/sp-schweiz\/latest\/widget.js\"><\/script>\r\n<script>\r\nwindow.rnw.tamaro.runWidget('.rnw-widget-container', {\r\n\r\n\t\/***************Settings**************\/\r\n\r\n\t\/\/ Sprache w\u00e4hlen (de,fr,it)\r\n\tlanguage: 'fr',\r\n\r\n\t\/\/ Kampagnen-ID setzen (Projekt-UID aus Sextant)\r\n\tpurposeDetails: {\r\n\t\tp1: {\r\n\t\t\tstored_campaign_id: 35365925,\r\n\t\t},\r\n\t},\r\n\r\n\t\/\/ Purpose (p1) in allen Sprachen hinterlegen\r\n\ttranslations: {\r\n\t\tde: {\r\n\t\t\tpurposes: {\r\n\t\t\t\tp1: 'Kampagne \u00abOpferschutz jetzt!\u00bb',\r\n\t\t\t},\r\n\t\t\tpayment_methods: {\r\n\t\t\t\tdd: 'Lastschriftenverfahren (LSV\/DD)',\r\n\t\t\t},\r\n\t\t\tpayment_form: {\r\n\t\t\t\tdatenschutz: '<\/br><\/br><\/br>Das Bundesgesetz \u00fcber die politischen Rechte (BPR) verbietet die Annahme von anonymen Spenden. Wir sind deshalb verpflichtet die Postadresse abzufragen. Mit deiner Spende erkl\u00e4rst du dich einverstanden, dass die SP dich auf dem Laufenden halten darf. Mehr dazu <a href=\"https:\/\/staging.sp-ps.ch\/datenschutz-policy\/\" target=\"_blank\">hier<\/a>.',\r\n\t\t\t},\r\n\t\t},\r\n\t\tfr: {\r\n\t\t\tpurposes: {\r\n\t\t\t\tp1: 'campagne \u00ab Prot\u00e9geons les victimes maintenant !\u00bb',\r\n\t\t\t},\r\n\t\t\tpayment_methods: {\r\n\t\t\t\tdd: 'Recouvrement direct (LSV\/DD)',\r\n\t\t\t},\r\n\t\t\tpayment_form: {\r\n\t\t\t\tdatenschutz: '<\/br><\/br><\/br>La loi f\u00e9d\u00e9rale sur les droits politiques (LDP) interdit la r\u00e9ception de dons anonymes. Nous avons donc l\\'obligation de demander l\\'adresse postale. En faisant un don, vous acceptez que le PS vous tienne au courant de ses activit\u00e9s. En savoir plus <a href=\"https:\/\/staging.sp-ps.ch\/fr\/politique-de-protection-des-donnees\/\" target=\"_blank\">ici<\/a>.',\r\n\t\t\t},\r\n\t\t},\r\n\t\tit: {\r\n\t\t\tpurposes: {\r\n\t\t\t\tp1: 'campagna \u00abProtezione delle vittime adesso!\u00bb',\r\n\t\t\t},\r\n\t\t\tpayment_methods: {\r\n\t\t\t\tdd: 'Addebito diretto (LSV\/DD)',\r\n\t\t\t},\r\n\t\t\tpayment_form: {\r\n\t\t\t\tdatenschutz: '<\/br><\/br><\/br>La Legge federale sui diritti politici (LDP) vieta l\\'accettazione di donazioni anonime. Siamo pertanto obbligati a richiedere l\\'indirizzo postale. Con la tua donazione accetti che il PS ti informi sulle sue attivit\u00e0. Maggiori informazioni <a href=\"https:\/\/staging.sp-ps.ch\/datenschutz-policy\/\" target=\"_blank\">qui<\/a>.',\r\n\t\t\t},\r\n\t\t}, \r\n\t},\r\n\r\n\t\/\/ Standard-Betr\u00e4ge setzen\r\n\tamounts: [\r\n\t\t{\r\n\t\t\t\"if\": \"paymentType() == onetime\",\r\n\t\t\t\"then\": [25,65,145,300],\r\n\t\t},\r\n\t\t{\r\n\t\t\t\"if\": \"recurringInterval() == monthly && paymentType() == recurring\",\r\n\t\t\t\"then\": [10,20,30,50],\r\n\t\t},\r\n\t\t{\r\n\t\t\t\"if\": \"recurringInterval() == quarterly && paymentType() == recurring\",\r\n\t\t\t\"then\": [30,60,90,150],\r\n\t\t},\r\n\t\t{\r\n\t\t\t\"if\": \"recurringInterval() == semestral && paymentType() == recurring\",\r\n\t\t\t\"then\": [60,120,180,300],\r\n\t\t},\r\n\t\t{\r\n\t\t\t\"if\": \"recurringInterval() == yearly && paymentType() == recurring\",\r\n\t\t\t\"then\": [120,240,360,600],\r\n\t\t},\r\n\t],\r\n\r\n\t\/\/ Regelm\u00e4ssige Spenden aktivieren (optional) und Layout w\u00e4hlen (compact\/list)\r\n\tpaymentTypes: [\r\n\t\t'onetime',\r\n\t\t\/\/'recurring'\r\n\t],\r\n\trecurringIntervalsLayout: 'compact',\r\n\r\n\t\/\/ Stored_hidden_parameter aktivieren und setzen (optional)\r\n\tpaymentFormPrefill: {\r\n\t\tstored_customer_email_permission: true,\r\n\t\tstored_customer_donation_receipt: true,\r\n\t\tstored_customer_country: 'CH',\r\n\t\tstored_sxt_address_source: '1008',\r\n\t\tstored_sxt_product_id: '209933',\r\n\t\t\/\/stored_hidden_parameter: 'myValue',\r\n\t},\r\n\r\n\t\/\/ Sonstige Konfigurationen (nur bei begr\u00fcndetem Bedarf anpassen)\r\n\ttestMode: false,\r\n\tdebug: false,\r\n\tpurposes: ['p1'],\r\n\tshowFields: {\r\n\t\t'stored_customer_email_permission': false,\r\n\t\t'stored_customer_donation_receipt': false,\r\n\t\t'stored_customer_birthdate': false\r\n\t},\r\n\tshowFooter: false,\r\n\tslots: {\r\n\t\tend: [{\r\n        \tcomponent: 'content',\r\n       \t\ttext_html: 'payment_form.datenschutz',\r\n\t\t}],\r\n\t},\r\n\t\/\/minimumCustomAmount: [15],\r\n\t\/\/allowCustomAmount: true,\r\n\t\/\/layout: 'list',\r\n})\r\n<\/script>\r\n\r\n<style>\r\n\t\/*Prim\u00e4rfarben anpassen (optional)*\/\r\n\t:root {\r\n\t\t--tamaro-primary-color: #E4002B;\r\n\t\t--tamaro-primary-color__hover: rgba(228,0,43,0.75);\r\n\t\t--tamaro-primary-bg-color: rgba(228,0,43,0.03);\r\n\t\t--tamaro-border-color: #b5b5b5;\r\n\t\t\/*font-size: inherit;*\/\r\n\t}      \r\n<\/style>\t\t\t\t<\/div>\n\t\t\t\t<\/div>\n\t\t\t\t\t<\/div>\n\t\t<\/div>\n\t\t\t\t\t<\/div>\n\t\t<\/section>\n\t\t\t\t<\/div>\n\t\t","protected":false},"excerpt":{"rendered":"<p>Faire un don pour les autocollants !<\/p>\n","protected":false},"author":74,"featured_media":0,"parent":30460,"menu_order":1,"comment_status":"closed","ping_status":"closed","template":"","meta":{"footnotes":""},"class_list":["post-139307","page","type-page","status-publish","hentry"],"_links":{"self":[{"href":"https:\/\/staging.sp-ps.ch\/fr\/wp-json\/wp\/v2\/pages\/139307","targetHints":{"allow":["GET"]}}],"collection":[{"href":"https:\/\/staging.sp-ps.ch\/fr\/wp-json\/wp\/v2\/pages"}],"about":[{"href":"https:\/\/staging.sp-ps.ch\/fr\/wp-json\/wp\/v2\/types\/page"}],"author":[{"embeddable":true,"href":"https:\/\/staging.sp-ps.ch\/fr\/wp-json\/wp\/v2\/users\/74"}],"replies":[{"embeddable":true,"href":"https:\/\/staging.sp-ps.ch\/fr\/wp-json\/wp\/v2\/comments?post=139307"}],"version-history":[{"count":8,"href":"https:\/\/staging.sp-ps.ch\/fr\/wp-json\/wp\/v2\/pages\/139307\/revisions"}],"predecessor-version":[{"id":139335,"href":"https:\/\/staging.sp-ps.ch\/fr\/wp-json\/wp\/v2\/pages\/139307\/revisions\/139335"}],"up":[{"embeddable":true,"href":"https:\/\/staging.sp-ps.ch\/fr\/wp-json\/wp\/v2\/pages\/30460"}],"wp:attachment":[{"href":"https:\/\/staging.sp-ps.ch\/fr\/wp-json\/wp\/v2\/media?parent=139307"}],"curies":[{"name":"wp","href":"https:\/\/api.w.org\/{rel}","templated":true}]}}