{"id":143669,"date":"2024-09-30T10:39:52","date_gmt":"2024-09-30T08:39:52","guid":{"rendered":"https:\/\/staging.sp-ps.ch\/?page_id=143669"},"modified":"2024-09-30T10:45:18","modified_gmt":"2024-09-30T08:45:18","slug":"faire-un-don-pour-le-journal-de-vote-2","status":"publish","type":"page","link":"https:\/\/staging.sp-ps.ch\/fr\/faire-un-don\/faire-un-don-pour-le-journal-de-vote-2\/","title":{"rendered":"Faire un don pour le journal de vote !"},"content":{"rendered":"\t\t<div data-elementor-type=\"wp-post\" data-elementor-id=\"143669\" class=\"elementor elementor-143669 elementor-143668\" data-elementor-post-type=\"page\">\n\t\t\t\t\t\t<section class=\"elementor-section elementor-top-section elementor-element elementor-element-62f6b133e8df9 elementor-section-boxed elementor-section-height-default elementor-section-height-default\" data-id=\"62f6b133e8df9\" data-element_type=\"section\" data-e-type=\"section\" data-settings=\"{&quot;jet_parallax_layout_list&quot;:[],&quot;background_background&quot;:&quot;classic&quot;}\">\n\t\t\t\t\t\t<div class=\"elementor-container elementor-column-gap-wide\">\n\t\t\t\t\t<div class=\"elementor-column elementor-col-100 elementor-top-column elementor-element elementor-element-62f6b133e8dfa\" data-id=\"62f6b133e8dfa\" data-element_type=\"column\" data-e-type=\"column\">\n\t\t\t<div class=\"elementor-widget-wrap elementor-element-populated\">\n\t\t\t\t\t\t<div class=\"elementor-element elementor-element-62f6b133e8d6a elementor-widget elementor-widget-heading\" data-id=\"62f6b133e8d6a\" data-element_type=\"widget\" data-e-type=\"widget\" data-widget_type=\"heading.default\">\n\t\t\t\t<div class=\"elementor-widget-container\">\n\t\t\t\t\t<h1 class=\"elementor-heading-title elementor-size-default\">Faire un don pour le journal de vote !<\/h1>\t\t\t\t<\/div>\n\t\t\t\t<\/div>\n\t\t\t\t<div class=\"elementor-element elementor-element-62f6b133e8de1 elementor-widget elementor-widget-jet-breadcrumbs\" data-id=\"62f6b133e8de1\" data-element_type=\"widget\" data-e-type=\"widget\" data-widget_type=\"jet-breadcrumbs.default\">\n\t\t\t\t<div class=\"elementor-widget-container\">\n\t\t\t\t\t<div class=\"elementor-jet-breadcrumbs jet-blocks\">\n\t\t<div class=\"jet-breadcrumbs\">\n\t\t<div class=\"jet-breadcrumbs__content\">\n\t\t<div class=\"jet-breadcrumbs__wrap\">\n\t\t<\/div>\n\t\t<\/div>\n\t\t<\/div><\/div>\t\t\t\t<\/div>\n\t\t\t\t<\/div>\n\t\t\t\t<div class=\"elementor-element elementor-element-ec77c90 elementor-widget__width-initial elementor-widget elementor-widget-text-editor\" data-id=\"ec77c90\" data-element_type=\"widget\" data-e-type=\"widget\" data-widget_type=\"text-editor.default\">\n\t\t\t\t<div class=\"elementor-widget-container\">\n\t\t\t\t\t\t\t\t\t<p>Malgr\u00e9 des loyers toujours plus \u00e9lev\u00e9s, le lobby immobilier veut affaiblir les droits des locataires.\u00a0 Ensemble, nous pouvons emp\u00eacher cela dans les urnes le 24 novembre. Afin d\u2019informer la population sur le projet, nous souhaitons envoyer un journal de vote \u00e0 500\u2019000 m\u00e9nages. Mais il nous manque encore 50\u2019000 francs. Souhaitez-vous nous soutenir avec un don ?<\/p>\t\t\t\t\t\t\t\t<\/div>\n\t\t\t\t<\/div>\n\t\t\t\t\t<\/div>\n\t\t<\/div>\n\t\t\t\t\t<\/div>\n\t\t<\/section>\n\t\t\t\t<section class=\"elementor-section elementor-top-section elementor-element elementor-element-62f6b133e8dfc elementor-section-boxed elementor-section-height-default elementor-section-height-default\" data-id=\"62f6b133e8dfc\" data-element_type=\"section\" data-e-type=\"section\" data-settings=\"{&quot;jet_parallax_layout_list&quot;:[]}\">\n\t\t\t\t\t\t<div class=\"elementor-container elementor-column-gap-wide\">\n\t\t\t\t\t<div class=\"elementor-column elementor-col-100 elementor-top-column elementor-element elementor-element-62f6b133e8dfd\" data-id=\"62f6b133e8dfd\" data-element_type=\"column\" data-e-type=\"column\">\n\t\t\t<div class=\"elementor-widget-wrap elementor-element-populated\">\n\t\t\t\t\t\t<div class=\"elementor-element elementor-element-1719e67 elementor-widget elementor-widget-html\" data-id=\"1719e67\" data-element_type=\"widget\" data-e-type=\"widget\" data-widget_type=\"html.default\">\n\t\t\t\t<div class=\"elementor-widget-container\">\n\t\t\t\t\t<link id=\"css\" rel=\"stylesheet\" href=\"https:\/\/tel.sp-ps.ch\/js\/barometer\/style.css\"> \r\n<div id=\"barometer-container\"><\/div>\r\n<script id=\"js\" src=\"https:\/\/tel.sp-ps.ch\/js\/barometer\/barometer.js\"><\/script>\r\n<script>\r\n    let baro = new Barometer();\r\n\r\n    \/***************Settings**************\/\r\n    \/\/ Display language\r\n    baro.lang = \"fr\";\r\n    \r\n    \/\/ RaiseNow campaign id or stored_hidden_parameter\r\n    baro.campaign = \"nl20240930zeitung\";\r\n    \r\n    \/\/ When true, baro.campaign is a campaign id\r\n    \/\/ When false, baro.campaign is a stored_hidden_parameter\r\n    baro.campaign_is_id = false;\r\n    \r\n    \/\/ Goal in CHF\r\n    baro.goal = 30000;\r\n    \r\n    \/\/ Donation amount, which is not in RaiseNow in CHF\r\n    baro.offline_amount = 1124;\r\n    \r\n    \/\/ Count of donateurs who gave money offline\r\n    baro.offline_backers = 16;\r\n    \r\n    \/\/ When true, barometer shows how much of the money-goal is reached\r\n    \/\/ when false, barometer shows how much of the backer-goal is reached\r\n    baro.baro_show_revenue = true;\r\n    \r\n    \/\/ When true, text will be displayed, how much money (online and offline) is raised in CHF\r\n    baro.show_donation_revenue = true;\r\n    \r\n    \/\/ When true, displays the collected money in relation to the goal\r\n    baro.show_donation_revenue_with_goal = true;\r\n    \r\n    \/\/ When true, shows how many of the object (e.g. posters) are financed\r\n    baro.show_text_donation_object = false;\r\n    \r\n    \/\/ Object name, for which money is collected. Needs to be adjusted to grammer\r\n    \/\/ sentenced will be in the following form: \r\n    \/\/ DE - 8 von 10 Plakaten finanziert\r\n    \/\/ FR - 4 affiches sur 10 financ\u00e9s\r\n    \/\/ IT - Finanziati 4 di 10 cartelloni\r\n    baro.donation_object = [\"DE\", \"FR\", \"IT\"];\r\n\r\n    \/\/ Price for each object\r\n    baro.donation_object_price = 100;\r\n\r\n    \/\/ When true, displays how many donateurs gave money (offline and online)\r\n    baro.show_text_amount_backers = true;\r\n\r\n    \/\/ When true, displays how many donateurs gave money (offline and online) \r\n    \/\/ in relation to the goal\r\n    baro.show_text_amount_backers_with_goal = false;    \r\n    \r\n    \/\/ Count goal for donateurs\r\n    baro.goal_backers = 500;\r\n    \r\n    \/\/ When true, the average given money is displayed\r\n    baro.mean = true;\r\n    \r\n    \/\/ End date for campaign\r\n    baro.end_date = \"2023-10-22\";\r\n    \r\n    \/\/ When true, displays how many days of the campaign are remaining\r\n    baro.show_days_remaining = false;\r\n    \r\n    \/\/ Color of the progress bar\r\n    \/\/ SP red: #e5022e\r\n    baro.progress_color = \"#e5022e\";\r\n    \r\n    \/\/ Background color of progress bar\r\n    \/\/ default grey: #c5ced5\r\n    baro.back_color = '#c5ced5';\r\n\r\n    baro.render();\r\n<\/script>\r\n\t\t\t\t<\/div>\n\t\t\t\t<\/div>\n\t\t\t\t<div class=\"elementor-element elementor-element-62f6b133e8dfe elementor-widget elementor-widget-spacer\" data-id=\"62f6b133e8dfe\" data-element_type=\"widget\" data-e-type=\"widget\" data-widget_type=\"spacer.default\">\n\t\t\t\t<div class=\"elementor-widget-container\">\n\t\t\t\t\t\t\t<div class=\"elementor-spacer\">\n\t\t\t<div class=\"elementor-spacer-inner\"><\/div>\n\t\t<\/div>\n\t\t\t\t\t\t<\/div>\n\t\t\t\t<\/div>\n\t\t\t\t<div class=\"elementor-element elementor-element-0f1afa8 elementor-widget elementor-widget-html\" data-id=\"0f1afa8\" data-element_type=\"widget\" data-e-type=\"widget\" data-widget_type=\"html.default\">\n\t\t\t\t<div class=\"elementor-widget-container\">\n\t\t\t\t\t<div class=\"rnw-widget-container\"><\/div>\r\n<script src=\"https:\/\/tamaro.raisenow.com\/sp-schweiz\/latest\/widget.js\"><\/script>\r\n<script>\r\nwindow.rnw.tamaro.runWidget('.rnw-widget-container', {\r\n\r\n\t\/***************Settings**************\/\r\n\r\n\t\/\/ Sprache w\u00e4hlen (de,fr,it)\r\n\tlanguage: 'fr',\r\n\r\n\t\/\/ Kampagnen-ID setzen (Projekt-UID aus Sextant)\r\n\tpurposeDetails: {\r\n\t\tp1: {\r\n\t\t\tstored_campaign_id: 35623973,\r\n\t\t},\r\n\t},\r\n\r\n\t\/\/ Purpose (p1) in allen Sprachen hinterlegen\r\n\ttranslations: {\r\n\t\tde: {\r\n\t\t\tpurposes: {\r\n\t\t\t\tp1: 'Miet-Referenden',\r\n\t\t\t},\r\n\t\t\tpayment_methods: {\r\n\t\t\t\tdd: 'Lastschriftenverfahren (LSV\/DD)',\r\n\t\t\t},\r\n\t\t\tpayment_form: {\r\n\t\t\t\tdatenschutz: '<\/br><\/br><\/br>Das Bundesgesetz \u00fcber die politischen Rechte (BPR) verbietet die Annahme von anonymen Spenden. Wir sind deshalb verpflichtet die Postadresse abzufragen. Mit deiner Spende erkl\u00e4rst du dich einverstanden, dass die SP dich auf dem Laufenden halten darf. Mehr dazu <a href=\"https:\/\/staging.sp-ps.ch\/datenschutz-policy\/\" target=\"_blank\">hier<\/a>.',\r\n\t\t\t},\r\n\t\t},\r\n\t\tfr: {\r\n\t\t\tpurposes: {\r\n\t\t\t\tp1: 'r\u00e9f\u00e9rendums sur les loyers',\r\n\t\t\t},\r\n\t\t\tpayment_methods: {\r\n\t\t\t\tdd: 'Recouvrement direct (LSV\/DD)',\r\n\t\t\t},\r\n\t\t\tpayment_form: {\r\n\t\t\t\tdatenschutz: '<\/br><\/br><\/br>La loi f\u00e9d\u00e9rale sur les droits politiques (LDP) interdit la r\u00e9ception de dons anonymes. Nous avons donc l\\'obligation de demander l\\'adresse postale. En faisant un don, vous acceptez que le PS vous tienne au courant de ses activit\u00e9s. En savoir plus <a href=\"https:\/\/staging.sp-ps.ch\/fr\/politique-de-protection-des-donnees\/\" target=\"_blank\">ici<\/a>.',\r\n\t\t\t},\r\n\t\t},\r\n\t\tit: {\r\n\t\t\tpurposes: {\r\n\t\t\t\tp1: 'referendum sull\\'affitto',\r\n\t\t\t},\r\n\t\t\tpayment_methods: {\r\n\t\t\t\tdd: 'Addebito diretto (LSV\/DD)',\r\n\t\t\t},\r\n\t\t\tpayment_form: {\r\n\t\t\t\tdatenschutz: '<\/br><\/br><\/br>La Legge federale sui diritti politici (LDP) vieta l\\'accettazione di donazioni anonime. Siamo pertanto obbligati a richiedere l\\'indirizzo postale. Con la tua donazione accetti che il PS ti informi sulle sue attivit\u00e0. Maggiori informazioni <a href=\"https:\/\/staging.sp-ps.ch\/datenschutz-policy\/\" target=\"_blank\">qui<\/a>.',\r\n\t\t\t},\r\n\t\t}, \r\n\t},\r\n\r\n\t\/\/ Standard-Betr\u00e4ge setzen\r\n\tamounts: [\r\n\t\t{\r\n\t\t\t\"if\": \"paymentType() == onetime\",\r\n\t\t\t\"then\": [45,90,180,400],\r\n\t\t},\r\n\t\t{\r\n\t\t\t\"if\": \"recurringInterval() == monthly && paymentType() == recurring\",\r\n\t\t\t\"then\": [10,20,30,50],\r\n\t\t},\r\n\t\t{\r\n\t\t\t\"if\": \"recurringInterval() == quarterly && paymentType() == recurring\",\r\n\t\t\t\"then\": [30,60,90,150],\r\n\t\t},\r\n\t\t{\r\n\t\t\t\"if\": \"recurringInterval() == semestral && paymentType() == recurring\",\r\n\t\t\t\"then\": [60,120,180,300],\r\n\t\t},\r\n\t\t{\r\n\t\t\t\"if\": \"recurringInterval() == yearly && paymentType() == recurring\",\r\n\t\t\t\"then\": [120,240,360,600],\r\n\t\t},\r\n\t],\r\n\r\n\t\/\/ Regelm\u00e4ssige Spenden aktivieren (optional) und Layout w\u00e4hlen (compact\/list)\r\n\tpaymentTypes: [\r\n\t\t'onetime',\r\n\t\t\/\/'recurring'\r\n\t],\r\n\trecurringIntervalsLayout: 'compact',\r\n\r\n\t\/\/ Stored_hidden_parameter aktivieren und setzen (optional)\r\n\tpaymentFormPrefill: {\r\n\t\tstored_customer_email_permission: true,\r\n\t\tstored_customer_donation_receipt: true,\r\n\t\tstored_customer_country: 'CH',\r\n\t\tstored_sxt_address_source: '1008',\r\n\t\tstored_sxt_product_id: '209933',\r\n\t\tstored_hidden_parameter: 'nl20240930zeitung',\r\n\t},\r\n\r\n\t\/\/ Sonstige Konfigurationen (nur bei begr\u00fcndetem Bedarf anpassen)\r\n\ttestMode: false,\r\n\tdebug: false,\r\n\tpurposes: ['p1'],\r\n\tshowFields: {\r\n\t\t'stored_customer_email_permission': false,\r\n\t\t'stored_customer_donation_receipt': false,\r\n\t\t'stored_customer_birthdate': false\r\n\t},\r\n\tshowFooter: false,\r\n\tslots: {\r\n\t\tend: [{\r\n        \tcomponent: 'content',\r\n       \t\ttext_html: 'payment_form.datenschutz',\r\n\t\t}],\r\n\t},\r\n\t\/\/minimumCustomAmount: [15],\r\n\t\/\/allowCustomAmount: true,\r\n\t\/\/layout: 'list',\r\n})\r\n<\/script>\r\n\r\n<style>\r\n\t\/*Prim\u00e4rfarben anpassen (optional)*\/\r\n\t:root {\r\n\t\t--tamaro-primary-color: #E4002B;\r\n\t\t--tamaro-primary-color__hover: rgba(228,0,43,0.75);\r\n\t\t--tamaro-primary-bg-color: rgba(228,0,43,0.03);\r\n\t\t--tamaro-border-color: #b5b5b5;\r\n\t\t\/*font-size: inherit;*\/\r\n\t}      \r\n<\/style>\t\t\t\t<\/div>\n\t\t\t\t<\/div>\n\t\t\t\t\t<\/div>\n\t\t<\/div>\n\t\t\t\t\t<\/div>\n\t\t<\/section>\n\t\t\t\t<\/div>\n\t\t","protected":false},"excerpt":{"rendered":"<p>Faire un don pour le journal de vote ! Malgr\u00e9 des loyers toujours plus \u00e9lev\u00e9s, le lobby immobilier veut affaiblir les droits des locataires.\u00a0 Ensemble, nous pouvons emp\u00eacher cela dans [&hellip;]<\/p>\n","protected":false},"author":6,"featured_media":0,"parent":30422,"menu_order":16,"comment_status":"open","ping_status":"closed","template":"","meta":{"footnotes":""},"class_list":["post-143669","page","type-page","status-publish","hentry"],"_links":{"self":[{"href":"https:\/\/staging.sp-ps.ch\/fr\/wp-json\/wp\/v2\/pages\/143669","targetHints":{"allow":["GET"]}}],"collection":[{"href":"https:\/\/staging.sp-ps.ch\/fr\/wp-json\/wp\/v2\/pages"}],"about":[{"href":"https:\/\/staging.sp-ps.ch\/fr\/wp-json\/wp\/v2\/types\/page"}],"author":[{"embeddable":true,"href":"https:\/\/staging.sp-ps.ch\/fr\/wp-json\/wp\/v2\/users\/6"}],"replies":[{"embeddable":true,"href":"https:\/\/staging.sp-ps.ch\/fr\/wp-json\/wp\/v2\/comments?post=143669"}],"version-history":[{"count":4,"href":"https:\/\/staging.sp-ps.ch\/fr\/wp-json\/wp\/v2\/pages\/143669\/revisions"}],"predecessor-version":[{"id":143676,"href":"https:\/\/staging.sp-ps.ch\/fr\/wp-json\/wp\/v2\/pages\/143669\/revisions\/143676"}],"up":[{"embeddable":true,"href":"https:\/\/staging.sp-ps.ch\/fr\/wp-json\/wp\/v2\/pages\/30422"}],"wp:attachment":[{"href":"https:\/\/staging.sp-ps.ch\/fr\/wp-json\/wp\/v2\/media?parent=143669"}],"curies":[{"name":"wp","href":"https:\/\/api.w.org\/{rel}","templated":true}]}}