{"id":144119,"date":"2025-01-15T10:45:29","date_gmt":"2025-01-15T09:45:29","guid":{"rendered":"https:\/\/staging.sp-ps.ch\/?page_id=144119"},"modified":"2026-03-04T12:04:08","modified_gmt":"2026-03-04T11:04:08","slug":"naturalisation","status":"publish","type":"page","link":"https:\/\/staging.sp-ps.ch\/fr\/parti\/ps-migrant-e-s\/naturalisation\/","title":{"rendered":"Informations sur la naturalisation"},"content":{"rendered":"\t\t<div data-elementor-type=\"wp-page\" data-elementor-id=\"144119\" class=\"elementor elementor-144119 elementor-144118\" data-elementor-post-type=\"page\">\n\t\t\t\t\t\t<section class=\"elementor-section elementor-top-section elementor-element elementor-element-ad5ddcb elementor-section-boxed elementor-section-height-default elementor-section-height-default\" data-id=\"ad5ddcb\" data-element_type=\"section\" data-e-type=\"section\" data-settings=\"{&quot;jet_parallax_layout_list&quot;:[],&quot;background_background&quot;:&quot;classic&quot;}\">\n\t\t\t\t\t\t<div class=\"elementor-container elementor-column-gap-wide\">\n\t\t\t\t\t<div class=\"elementor-column elementor-col-100 elementor-top-column elementor-element elementor-element-50ae415\" data-id=\"50ae415\" data-element_type=\"column\" data-e-type=\"column\">\n\t\t\t<div class=\"elementor-widget-wrap elementor-element-populated\">\n\t\t\t\t\t\t<div class=\"elementor-element elementor-element-6788875 elementor-widget elementor-widget-heading\" data-id=\"6788875\" data-element_type=\"widget\" data-e-type=\"widget\" data-widget_type=\"heading.default\">\n\t\t\t\t<div class=\"elementor-widget-container\">\n\t\t\t\t\t<h1 class=\"elementor-heading-title elementor-size-default\">La naturalisation \u2013 informations essentielles<\/h1>\t\t\t\t<\/div>\n\t\t\t\t<\/div>\n\t\t\t\t<div class=\"elementor-element elementor-element-7fd26ff elementor-widget elementor-widget-jet-breadcrumbs\" data-id=\"7fd26ff\" data-element_type=\"widget\" data-e-type=\"widget\" data-widget_type=\"jet-breadcrumbs.default\">\n\t\t\t\t<div class=\"elementor-widget-container\">\n\t\t\t\t\t<div class=\"elementor-jet-breadcrumbs jet-blocks\">\n\t\t<div class=\"jet-breadcrumbs\">\n\t\t<div class=\"jet-breadcrumbs__content\">\n\t\t<div class=\"jet-breadcrumbs__wrap\">\n\t\t<\/div>\n\t\t<\/div>\n\t\t<\/div><\/div>\t\t\t\t<\/div>\n\t\t\t\t<\/div>\n\t\t\t\t<div class=\"elementor-element elementor-element-6e1e3af elementor-widget__width-initial elementor-widget elementor-widget-text-editor\" data-id=\"6e1e3af\" data-element_type=\"widget\" data-e-type=\"widget\" data-widget_type=\"text-editor.default\">\n\t\t\t\t<div class=\"elementor-widget-container\">\n\t\t\t\t\t\t\t\t\t<p><b>Qu&#8217;est-ce que la naturalisation<\/b><br \/>Lorsqu&#8217;une personne \u00e9trang\u00e8re est naturalis\u00e9e, elle obtient le passeport suisse. Cela lui permet de voter et d&#8217;\u00e9lire en Suisse. Elle peut \u00e9galement participer davantage \u00e0 la vie sociale et politique.<\/p>\t\t\t\t\t\t\t\t<\/div>\n\t\t\t\t<\/div>\n\t\t\t\t\t<\/div>\n\t\t<\/div>\n\t\t\t\t\t<\/div>\n\t\t<\/section>\n\t\t\t\t<section class=\"elementor-section elementor-top-section elementor-element elementor-element-c2bc9b7 elementor-section-boxed elementor-section-height-default elementor-section-height-default\" data-id=\"c2bc9b7\" data-element_type=\"section\" data-e-type=\"section\" data-settings=\"{&quot;jet_parallax_layout_list&quot;:[]}\">\n\t\t\t\t\t\t<div class=\"elementor-container elementor-column-gap-default\">\n\t\t\t\t\t<div class=\"elementor-column elementor-col-100 elementor-top-column elementor-element elementor-element-b2e04b6\" data-id=\"b2e04b6\" data-element_type=\"column\" data-e-type=\"column\">\n\t\t\t<div class=\"elementor-widget-wrap\">\n\t\t\t\t\t\t\t<\/div>\n\t\t<\/div>\n\t\t\t\t\t<\/div>\n\t\t<\/section>\n\t\t\t\t<section class=\"elementor-section elementor-top-section elementor-element elementor-element-96b7dab elementor-section-boxed elementor-section-height-default elementor-section-height-default\" data-id=\"96b7dab\" data-element_type=\"section\" data-e-type=\"section\" data-settings=\"{&quot;jet_parallax_layout_list&quot;:[]}\">\n\t\t\t\t\t\t<div class=\"elementor-container elementor-column-gap-default\">\n\t\t\t\t\t<div class=\"elementor-column elementor-col-100 elementor-top-column elementor-element elementor-element-242fc84\" data-id=\"242fc84\" data-element_type=\"column\" data-e-type=\"column\">\n\t\t\t<div class=\"elementor-widget-wrap elementor-element-populated\">\n\t\t\t\t\t\t<div class=\"elementor-element elementor-element-fe11327 elementor-widget elementor-widget-spps_title_text\" data-id=\"fe11327\" data-element_type=\"widget\" data-e-type=\"widget\" data-widget_type=\"spps_title_text.default\">\n\t\t\t\t<div class=\"elementor-widget-container\">\n\t\t\t\t\t<div class=\"title-text-wrapper \"><div class=\"title-text-title\"><h2>L'essentiel en bref<\/h2><\/div><div class=\"title-text-container\"><div class=\"title-text-text\"><p>La naturalisation permet d'obtenir la <strong>nationalit\u00e9 suisse<\/strong>. Elle donne le droit de voter et d'\u00e9lire.<\/p><p>Les r\u00e8gles de naturalisation <strong>varient<\/strong> selon le canton et la commune.\u00a0<\/p><p>La Suisse autorise la <strong>double nationalit\u00e9<\/strong>. Cela signifie qu'il est possible de conserver sa nationalit\u00e9 d'origine, si le pays d'origine le permet.<\/p><p>Il existe deux types de naturalisation :\u00a0<\/p><ul><li><strong>La naturalisation ordinaire <\/strong>(pour les personnes qui vivent depuis longtemps en Suisse)<\/li><li><strong>La naturalisation facilit\u00e9e<\/strong> (pour les personnes ayant de la famille suisse)<\/li><\/ul><\/div><\/div><\/div>\t\t\t\t<\/div>\n\t\t\t\t<\/div>\n\t\t\t\t<div class=\"elementor-element elementor-element-3cdcc3c elementor-widget elementor-widget-spps_title_text\" data-id=\"3cdcc3c\" data-element_type=\"widget\" data-e-type=\"widget\" id=\"naturalisationordinaire\" data-widget_type=\"spps_title_text.default\">\n\t\t\t\t<div class=\"elementor-widget-container\">\n\t\t\t\t\t<div class=\"title-text-wrapper \"><div class=\"title-text-title\"><h2>La naturalisation ordinaire<\/h2><\/div><div class=\"title-text-container\"><div class=\"title-text-text\"><p>Pour les personnes qui vivent depuis longtemps en Suisse.<\/p><\/div><\/div><\/div>\t\t\t\t<\/div>\n\t\t\t\t<\/div>\n\t\t\t\t<div class=\"elementor-element elementor-element-75c7725 elementor-widget-tablet__width-initial elementor-widget elementor-widget-accordion\" data-id=\"75c7725\" data-element_type=\"widget\" data-e-type=\"widget\" data-widget_type=\"accordion.default\">\n\t\t\t\t<div class=\"elementor-widget-container\">\n\t\t\t\t\t\t\t<div class=\"elementor-accordion\">\n\t\t\t\t\t\t\t<div class=\"elementor-accordion-item\">\n\t\t\t\t\t<div id=\"elementor-tab-title-1231\" class=\"elementor-tab-title\" data-tab=\"1\" role=\"button\" aria-controls=\"elementor-tab-content-1231\" aria-expanded=\"false\">\n\t\t\t\t\t\t\t\t\t\t\t\t\t<span class=\"elementor-accordion-icon elementor-accordion-icon-left\" aria-hidden=\"true\">\n\t\t\t\t\t\t\t\t\t\t\t\t\t\t\t<span class=\"elementor-accordion-icon-closed\"><i class=\"fas fa-plus\"><\/i><\/span>\n\t\t\t\t\t\t\t\t<span class=\"elementor-accordion-icon-opened\"><i class=\"fas fa-minus\"><\/i><\/span>\n\t\t\t\t\t\t\t\t\t\t\t\t\t\t<\/span>\n\t\t\t\t\t\t\t\t\t\t\t\t<a class=\"elementor-accordion-title\" tabindex=\"0\">Qui peut se faire naturaliser ?<\/a>\n\t\t\t\t\t<\/div>\n\t\t\t\t\t<div id=\"elementor-tab-content-1231\" class=\"elementor-tab-content elementor-clearfix\" data-tab=\"1\" role=\"region\" aria-labelledby=\"elementor-tab-title-1231\"><ul>\n<li>Les personnes titulaires d&#8217;un permis C.<\/li>\n<li>Les personnes li\u00e9es par un partenariat enregistr\u00e9 avec une personne suisse.<\/li>\n<\/ul>\n<\/div>\n\t\t\t\t<\/div>\n\t\t\t\t\t\t\t<div class=\"elementor-accordion-item\">\n\t\t\t\t\t<div id=\"elementor-tab-title-1232\" class=\"elementor-tab-title\" data-tab=\"2\" role=\"button\" aria-controls=\"elementor-tab-content-1232\" aria-expanded=\"false\">\n\t\t\t\t\t\t\t\t\t\t\t\t\t<span class=\"elementor-accordion-icon elementor-accordion-icon-left\" aria-hidden=\"true\">\n\t\t\t\t\t\t\t\t\t\t\t\t\t\t\t<span class=\"elementor-accordion-icon-closed\"><i class=\"fas fa-plus\"><\/i><\/span>\n\t\t\t\t\t\t\t\t<span class=\"elementor-accordion-icon-opened\"><i class=\"fas fa-minus\"><\/i><\/span>\n\t\t\t\t\t\t\t\t\t\t\t\t\t\t<\/span>\n\t\t\t\t\t\t\t\t\t\t\t\t<a class=\"elementor-accordion-title\" tabindex=\"0\">Quelles sont les conditions ?<\/a>\n\t\t\t\t\t<\/div>\n\t\t\t\t\t<div id=\"elementor-tab-content-1232\" class=\"elementor-tab-content elementor-clearfix\" data-tab=\"2\" role=\"region\" aria-labelledby=\"elementor-tab-title-1232\"><ul><li><strong>Vivre en Suisse depuis au moins 10 ans<\/strong> (dont 3 ans au cours des 5 ans pr\u00e9c\u00e9dant le d\u00e9p\u00f4t de la demande).<\/li><li>Autres points importants :<ul><li>Conna\u00eetre la Suisse et son mode de vie.<\/li><li>Ne repr\u00e9senter aucun danger pour le pays.<\/li><li>Conna\u00eetre une langue nationale (niveau B1 \u00e0 l\u2019oral et niveau A1 \u00e0 l\u2019\u00e9crit).<\/li><\/ul><\/li><li>Le canton peut fixer des conditions suppl\u00e9mentaires, par exemple :<ul><li>Une dur\u00e9e de s\u00e9jour minimale dans la commune et le canton (par ex. de 2 \u00e0 5 ans).<\/li><li>Des tests de connaissances sur la Suisse et le canton.<\/li><\/ul><\/li><\/ul><\/div>\n\t\t\t\t<\/div>\n\t\t\t\t\t\t\t<div class=\"elementor-accordion-item\">\n\t\t\t\t\t<div id=\"elementor-tab-title-1233\" class=\"elementor-tab-title\" data-tab=\"3\" role=\"button\" aria-controls=\"elementor-tab-content-1233\" aria-expanded=\"false\">\n\t\t\t\t\t\t\t\t\t\t\t\t\t<span class=\"elementor-accordion-icon elementor-accordion-icon-left\" aria-hidden=\"true\">\n\t\t\t\t\t\t\t\t\t\t\t\t\t\t\t<span class=\"elementor-accordion-icon-closed\"><i class=\"fas fa-plus\"><\/i><\/span>\n\t\t\t\t\t\t\t\t<span class=\"elementor-accordion-icon-opened\"><i class=\"fas fa-minus\"><\/i><\/span>\n\t\t\t\t\t\t\t\t\t\t\t\t\t\t<\/span>\n\t\t\t\t\t\t\t\t\t\t\t\t<a class=\"elementor-accordion-title\" tabindex=\"0\">Combien co\u00fbte la naturalisation ?<\/a>\n\t\t\t\t\t<\/div>\n\t\t\t\t\t<div id=\"elementor-tab-content-1233\" class=\"elementor-tab-content elementor-clearfix\" data-tab=\"3\" role=\"region\" aria-labelledby=\"elementor-tab-title-1233\"><p>Les co\u00fbts d\u00e9pendent du canton et de la commune. Mais en moyenne :\u00a0<\/p>\n<ul>\n<li>Commune : de 500 \u00e0 1 000 francs par personne.<\/li>\n<li>Canton : jusqu&#8217;\u00e0 2 000 francs par personne.<\/li>\n<li>Conf\u00e9d\u00e9ration :\n<ul>\n<li>Couple avec ou sans enfants mineurs : 150 francs.<\/li>\n<li>Personne seule avec ou sans enfants mineurs : 100 francs.<\/li>\n<li>Personne seule mineure : 50 francs.<\/li>\n<\/ul>\n<\/li>\n<\/ul><\/div>\n\t\t\t\t<\/div>\n\t\t\t\t\t\t\t<div class=\"elementor-accordion-item\">\n\t\t\t\t\t<div id=\"elementor-tab-title-1234\" class=\"elementor-tab-title\" data-tab=\"4\" role=\"button\" aria-controls=\"elementor-tab-content-1234\" aria-expanded=\"false\">\n\t\t\t\t\t\t\t\t\t\t\t\t\t<span class=\"elementor-accordion-icon elementor-accordion-icon-left\" aria-hidden=\"true\">\n\t\t\t\t\t\t\t\t\t\t\t\t\t\t\t<span class=\"elementor-accordion-icon-closed\"><i class=\"fas fa-plus\"><\/i><\/span>\n\t\t\t\t\t\t\t\t<span class=\"elementor-accordion-icon-opened\"><i class=\"fas fa-minus\"><\/i><\/span>\n\t\t\t\t\t\t\t\t\t\t\t\t\t\t<\/span>\n\t\t\t\t\t\t\t\t\t\t\t\t<a class=\"elementor-accordion-title\" tabindex=\"0\">Comment se d\u00e9roule la naturalisation ?<\/a>\n\t\t\t\t\t<\/div>\n\t\t\t\t\t<div id=\"elementor-tab-content-1234\" class=\"elementor-tab-content elementor-clearfix\" data-tab=\"4\" role=\"region\" aria-labelledby=\"elementor-tab-title-1234\"><ol>\n<li>Le formulaire de demande de naturalisation ordinaire peut \u00eatre obtenu aupr\u00e8s de la commune ou du canton.<\/li>\n<li>La demande doit \u00eatre d\u00e9pos\u00e9e aupr\u00e8s de la commune ou du canton.<\/li>\n<li>Ensuite, un entretien personnel sera organis\u00e9 pour informer des \u00e9tapes suivantes.<\/li>\n<li>L&#8217;ensemble de la proc\u00e9dure dure environ <strong>2 ans<\/strong>.<\/li>\n<\/ol><\/div>\n\t\t\t\t<\/div>\n\t\t\t\t\t\t\t\t<\/div>\n\t\t\t\t\t\t<\/div>\n\t\t\t\t<\/div>\n\t\t\t\t<div class=\"elementor-element elementor-element-90929bf elementor-widget elementor-widget-spps_title_text\" data-id=\"90929bf\" data-element_type=\"widget\" data-e-type=\"widget\" data-widget_type=\"spps_title_text.default\">\n\t\t\t\t<div class=\"elementor-widget-container\">\n\t\t\t\t\t<div class=\"title-text-wrapper \"><div class=\"title-text-title\"><h2>La naturalisation facilit\u00e9e<\/h2><\/div><div class=\"title-text-container\"><div class=\"title-text-text\"><p>La naturalisation facilit\u00e9e permet d'acqu\u00e9rir la nationalit\u00e9 plus rapidement. Elle est pr\u00e9vue pour les personnes ayant de la famille suisse.<\/p><\/div><\/div><\/div>\t\t\t\t<\/div>\n\t\t\t\t<\/div>\n\t\t\t\t<div class=\"elementor-element elementor-element-e649276 elementor-widget elementor-widget-accordion\" data-id=\"e649276\" data-element_type=\"widget\" data-e-type=\"widget\" data-widget_type=\"accordion.default\">\n\t\t\t\t<div class=\"elementor-widget-container\">\n\t\t\t\t\t\t\t<div class=\"elementor-accordion\">\n\t\t\t\t\t\t\t<div class=\"elementor-accordion-item\">\n\t\t\t\t\t<div id=\"elementor-tab-title-2411\" class=\"elementor-tab-title\" data-tab=\"1\" role=\"button\" aria-controls=\"elementor-tab-content-2411\" aria-expanded=\"false\">\n\t\t\t\t\t\t\t\t\t\t\t\t\t<span class=\"elementor-accordion-icon elementor-accordion-icon-left\" aria-hidden=\"true\">\n\t\t\t\t\t\t\t\t\t\t\t\t\t\t\t<span class=\"elementor-accordion-icon-closed\"><i class=\"fas fa-plus\"><\/i><\/span>\n\t\t\t\t\t\t\t\t<span class=\"elementor-accordion-icon-opened\"><i class=\"fas fa-minus\"><\/i><\/span>\n\t\t\t\t\t\t\t\t\t\t\t\t\t\t<\/span>\n\t\t\t\t\t\t\t\t\t\t\t\t<a class=\"elementor-accordion-title\" tabindex=\"0\">Qui peut obtenir la naturalisation facilit\u00e9e ?<\/a>\n\t\t\t\t\t<\/div>\n\t\t\t\t\t<div id=\"elementor-tab-content-2411\" class=\"elementor-tab-content elementor-clearfix\" data-tab=\"1\" role=\"region\" aria-labelledby=\"elementor-tab-title-2411\"><ul><li><span style=\"background-color: transparent; color: var( --e-global-color-text );\">Les personnes mari\u00e9es \u00e0 une personne suisse.<\/span><\/li><li style=\"font-size: 19px;\">Les enfants d\u2019une personne suisse.<\/li><li style=\"font-size: 19px;\">Les \u00e9tranger-\u00e8res de la <b>troisi\u00e8me g\u00e9n\u00e9ration <\/b>qui sont n\u00e9-es en Suisse.<\/li><li style=\"font-size: 19px;\">Les enfants apatrides mineurs.<\/li><\/ul><\/div>\n\t\t\t\t<\/div>\n\t\t\t\t\t\t\t<div class=\"elementor-accordion-item\">\n\t\t\t\t\t<div id=\"elementor-tab-title-2412\" class=\"elementor-tab-title\" data-tab=\"2\" role=\"button\" aria-controls=\"elementor-tab-content-2412\" aria-expanded=\"false\">\n\t\t\t\t\t\t\t\t\t\t\t\t\t<span class=\"elementor-accordion-icon elementor-accordion-icon-left\" aria-hidden=\"true\">\n\t\t\t\t\t\t\t\t\t\t\t\t\t\t\t<span class=\"elementor-accordion-icon-closed\"><i class=\"fas fa-plus\"><\/i><\/span>\n\t\t\t\t\t\t\t\t<span class=\"elementor-accordion-icon-opened\"><i class=\"fas fa-minus\"><\/i><\/span>\n\t\t\t\t\t\t\t\t\t\t\t\t\t\t<\/span>\n\t\t\t\t\t\t\t\t\t\t\t\t<a class=\"elementor-accordion-title\" tabindex=\"0\">Quelles sont les conditions ?<\/a>\n\t\t\t\t\t<\/div>\n\t\t\t\t\t<div id=\"elementor-tab-content-2412\" class=\"elementor-tab-content elementor-clearfix\" data-tab=\"2\" role=\"region\" aria-labelledby=\"elementor-tab-title-2412\"><ul><li>La dur\u00e9e de s\u00e9jour exig\u00e9e est moins longue que pour la naturalisation ordinaire.<\/li><li style=\"font-size: 19px;\">Les autres conditions sont les m\u00eames que pour la naturalisation ordinaire.<\/li><li style=\"font-size: 19px;\">Il existe un <a href=\"https:\/\/beta.sem.admin.ch\/selfcheck\/fr\/\">auto-test<\/a>\u00a0<span style=\"background-color: transparent; color: var( --e-global-color-text );\">pour v\u00e9rifier si l&#8217;on remplit les conditions.<\/span><\/li><\/ul><\/div>\n\t\t\t\t<\/div>\n\t\t\t\t\t\t\t<div class=\"elementor-accordion-item\">\n\t\t\t\t\t<div id=\"elementor-tab-title-2413\" class=\"elementor-tab-title\" data-tab=\"3\" role=\"button\" aria-controls=\"elementor-tab-content-2413\" aria-expanded=\"false\">\n\t\t\t\t\t\t\t\t\t\t\t\t\t<span class=\"elementor-accordion-icon elementor-accordion-icon-left\" aria-hidden=\"true\">\n\t\t\t\t\t\t\t\t\t\t\t\t\t\t\t<span class=\"elementor-accordion-icon-closed\"><i class=\"fas fa-plus\"><\/i><\/span>\n\t\t\t\t\t\t\t\t<span class=\"elementor-accordion-icon-opened\"><i class=\"fas fa-minus\"><\/i><\/span>\n\t\t\t\t\t\t\t\t\t\t\t\t\t\t<\/span>\n\t\t\t\t\t\t\t\t\t\t\t\t<a class=\"elementor-accordion-title\" tabindex=\"0\">Combien co\u00fbte la naturalisation facilit\u00e9e ?<\/a>\n\t\t\t\t\t<\/div>\n\t\t\t\t\t<div id=\"elementor-tab-content-2413\" class=\"elementor-tab-content elementor-clearfix\" data-tab=\"3\" role=\"region\" aria-labelledby=\"elementor-tab-title-2413\"><ul><li style=\"font-size: 19px;\">Mineur-es de moins de 12 ans\u00a0:<strong> 250 francs<\/strong>.<\/li><li style=\"font-size: 19px;\">Mineur-es de 12 ans et plus : <strong>650 francs<\/strong>.<\/li><li style=\"font-size: 19px;\">Adultes\u00a0: <strong>900 francs<\/strong>.<\/li><\/ul><\/div>\n\t\t\t\t<\/div>\n\t\t\t\t\t\t\t<div class=\"elementor-accordion-item\">\n\t\t\t\t\t<div id=\"elementor-tab-title-2414\" class=\"elementor-tab-title\" data-tab=\"4\" role=\"button\" aria-controls=\"elementor-tab-content-2414\" aria-expanded=\"false\">\n\t\t\t\t\t\t\t\t\t\t\t\t\t<span class=\"elementor-accordion-icon elementor-accordion-icon-left\" aria-hidden=\"true\">\n\t\t\t\t\t\t\t\t\t\t\t\t\t\t\t<span class=\"elementor-accordion-icon-closed\"><i class=\"fas fa-plus\"><\/i><\/span>\n\t\t\t\t\t\t\t\t<span class=\"elementor-accordion-icon-opened\"><i class=\"fas fa-minus\"><\/i><\/span>\n\t\t\t\t\t\t\t\t\t\t\t\t\t\t<\/span>\n\t\t\t\t\t\t\t\t\t\t\t\t<a class=\"elementor-accordion-title\" tabindex=\"0\">Comment se d\u00e9roule la naturalisation facilit\u00e9e ?<\/a>\n\t\t\t\t\t<\/div>\n\t\t\t\t\t<div id=\"elementor-tab-content-2414\" class=\"elementor-tab-content elementor-clearfix\" data-tab=\"4\" role=\"region\" aria-labelledby=\"elementor-tab-title-2414\"><ol><li style=\"font-size: 19px;\">Le formulaire officiel peut \u00eatre obtenu aupr\u00e8s des autorit\u00e9s ou du <b>Secr\u00e9tariat d\u2019\u00c9tat aux migrations \u00e0 Berne (SEM)<\/b>.<\/li><li style=\"font-size: 19px;\">Le formulaire doit \u00eatre envoy\u00e9 au SEM \u00e0 Berne.<\/li><li style=\"font-size: 19px;\">La proc\u00e9dure dure environ <strong>2 ans<\/strong>.<\/li><\/ol><\/div>\n\t\t\t\t<\/div>\n\t\t\t\t\t\t\t\t<\/div>\n\t\t\t\t\t\t<\/div>\n\t\t\t\t<\/div>\n\t\t\t\t<div class=\"elementor-element elementor-element-cec3f1a elementor-widget elementor-widget-spps_title_text\" data-id=\"cec3f1a\" data-element_type=\"widget\" data-e-type=\"widget\" data-widget_type=\"spps_title_text.default\">\n\t\t\t\t<div class=\"elementor-widget-container\">\n\t\t\t\t\t<div class=\"title-text-wrapper \"><div class=\"title-text-title\"><h2>Informations par canton<\/h2><\/div><div class=\"title-text-container\"><div class=\"title-text-text\"><p>En Suisse, chaque canton a ses propres r\u00e8gles en mati\u00e8re de naturalisation. Il est donc important de se renseigner sur les conditions sp\u00e9cifiques dans son propre canton.\u00a0<\/p><p>S\u00e9lectionne ton canton pour \u00eatre redirig\u00e9 vers son site et obtenir plus d'informations sur la naturalisation.<\/p><\/div><\/div><\/div>\t\t\t\t<\/div>\n\t\t\t\t<\/div>\n\t\t\t\t<div class=\"elementor-element elementor-element-59d60c6 elementor-widget elementor-widget-wpforms\" data-id=\"59d60c6\" data-element_type=\"widget\" data-e-type=\"widget\" data-widget_type=\"wpforms.default\">\n\t\t\t\t<div class=\"elementor-widget-container\">\n\t\t\t\t\t<div class=\"wpforms-container wpforms-container-full\" id=\"wpforms-148929\"><form id=\"wpforms-form-148929\" class=\"wpforms-validate wpforms-form wpforms-ajax-form\" data-formid=\"148929\" method=\"post\" enctype=\"multipart\/form-data\" action=\"\/fr\/wp-json\/wp\/v2\/pages\/144119\" data-token=\"160262c0b0759e171d2403176a5b2d73\" data-token-time=\"1776500393\"><noscript class=\"wpforms-error-noscript\">Veuillez activer JavaScript dans votre navigateur pour remplir ce formulaire.<\/noscript><div class=\"wpforms-field-container\">\t\t<div id=\"wpforms-148929-field_2-container\"\n\t\t\tclass=\"wpforms-field wpforms-field-text\"\n\t\t\tdata-field-type=\"text\"\n\t\t\tdata-field-id=\"2\"\n\t\t\t>\n\t\t\t<label class=\"wpforms-field-label\" for=\"wpforms-148929-field_2\" >Canton<\/label>\n\t\t\t<input type=\"text\" id=\"wpforms-148929-field_2\" class=\"wpforms-field-medium\" name=\"wpforms[fields][2]\" >\n\t\t<\/div>\n\t\t<div id=\"wpforms-148929-field_1-container\" class=\"wpforms-field wpforms-field-select wpforms-field-select-style-modern\" data-field-id=\"1\"><label class=\"wpforms-field-label\" for=\"wpforms-148929-field_1\">Canton<\/label><select id=\"wpforms-148929-field_1\" class=\"wpforms-field-small choicesjs-select\" data-size-class=\"wpforms-field-row wpforms-field-small\" data-search-enabled=\"1\" name=\"wpforms[fields][1]\"><option value=\"\" class=\"placeholder\" disabled  selected='selected'>S\u00e9lectionner<\/option><option value=\"Argovie\"  class=\"choice-5 depth-1\"  >Argovie<\/option><option value=\"Appenzell Rhodes-Ext\u00e9rieures\"  class=\"choice-4 depth-1\"  >Appenzell Rhodes-Ext\u00e9rieures<\/option><option value=\"Appenzell Rhodes-Int\u00e9rieures\"  class=\"choice-9 depth-1\"  >Appenzell Rhodes-Int\u00e9rieures<\/option><option value=\"B\u00e2le-Campagne\"  class=\"choice-8 depth-1\"  >B\u00e2le-Campagne<\/option><option value=\"B\u00e2le-Ville\"  class=\"choice-7 depth-1\"  >B\u00e2le-Ville<\/option><option value=\"Berne\"  class=\"choice-3 depth-1\"  >Berne<\/option><option value=\"Fribourg\"  class=\"choice-6 depth-1\"  >Fribourg<\/option><option value=\"Gen\u00e8ve\"  class=\"choice-16 depth-1\"  >Gen\u00e8ve<\/option><option value=\"Glaris\"  class=\"choice-15 depth-1\"  >Glaris<\/option><option value=\"Grisons\"  class=\"choice-14 depth-1\"  >Grisons<\/option><option value=\"Jura\"  class=\"choice-13 depth-1\"  >Jura<\/option><option value=\"Lucerne\"  class=\"choice-12 depth-1\"  >Lucerne<\/option><option value=\"Neuch\u00e2tel\"  class=\"choice-11 depth-1\"  >Neuch\u00e2tel<\/option><option value=\"Nidwald\"  class=\"choice-10 depth-1\"  >Nidwald<\/option><option value=\"Obwald\"  class=\"choice-24 depth-1\"  >Obwald<\/option><option value=\"Saint-Gall\"  class=\"choice-23 depth-1\"  >Saint-Gall<\/option><option value=\"Schaffhouse\"  class=\"choice-22 depth-1\"  >Schaffhouse<\/option><option value=\"Schwyz\"  class=\"choice-21 depth-1\"  >Schwyz<\/option><option value=\"Soleure\"  class=\"choice-20 depth-1\"  >Soleure<\/option><option value=\"Tessin\"  class=\"choice-19 depth-1\"  >Tessin<\/option><option value=\"Thurgovie\"  class=\"choice-18 depth-1\"  >Thurgovie<\/option><option value=\"Uri\"  class=\"choice-17 depth-1\"  >Uri<\/option><option value=\"Valais\"  class=\"choice-26 depth-1\"  >Valais<\/option><option value=\"Vaud\"  class=\"choice-25 depth-1\"  >Vaud<\/option><option value=\"Zoug\"  class=\"choice-27 depth-1\"  >Zoug<\/option><option value=\"Zurich\"  class=\"choice-1 depth-1\"  >Zurich<\/option><\/select><\/div><script>\n\t\t\t\t( function() {\n\t\t\t\t\tconst style = document.createElement( 'style' );\n\t\t\t\t\tstyle.appendChild( document.createTextNode( '#wpforms-148929-field_2-container { position: absolute !important; overflow: hidden !important; display: inline !important; height: 1px !important; width: 1px !important; z-index: -1000 !important; padding: 0 !important; } #wpforms-148929-field_2-container input { visibility: hidden; } #wpforms-conversational-form-page #wpforms-148929-field_2-container label { counter-increment: none; }' ) );\n\t\t\t\t\tdocument.head.appendChild( style );\n\t\t\t\t\tdocument.currentScript?.remove();\n\t\t\t\t} )();\n\t\t\t<\/script><\/div><!-- .wpforms-field-container --><div class=\"wpforms-submit-container\" ><input type=\"hidden\" name=\"wpforms[id]\" value=\"148929\"><input type=\"hidden\" name=\"page_title\" value=\"\"><input type=\"hidden\" name=\"page_url\" value=\"https:\/\/staging.sp-ps.ch\/fr\/wp-json\/wp\/v2\/pages\/144119\"><input type=\"hidden\" name=\"url_referer\" value=\"\"><button type=\"submit\" name=\"wpforms[submit]\" id=\"wpforms-submit-148929\" class=\"wpforms-submit\" data-alt-text=\"En cours de traitement ...\" data-submit-text=\"Plus d&#039;informations\" aria-live=\"assertive\" value=\"wpforms-submit\">Plus d&#039;informations<\/button><img decoding=\"async\" src=\"https:\/\/staging.sp-ps.ch\/wp-content\/plugins\/wpforms\/assets\/images\/submit-spin.svg\" class=\"wpforms-submit-spinner\" style=\"display: none;\" width=\"26\" height=\"26\" alt=\"Chargement en cours\"><\/div><\/form><\/div>  <!-- .wpforms-container -->\t\t\t\t<\/div>\n\t\t\t\t<\/div>\n\t\t\t\t<div class=\"elementor-element elementor-element-efa1e53 elementor-widget elementor-widget-spps_title_text\" data-id=\"efa1e53\" data-element_type=\"widget\" data-e-type=\"widget\" data-widget_type=\"spps_title_text.default\">\n\t\t\t\t<div class=\"elementor-widget-container\">\n\t\t\t\t\t<div class=\"title-text-wrapper \"><div class=\"title-text-title\"><h2>Aide \u00e0 la naturalisation<\/h2><\/div><div class=\"title-text-container\"><div class=\"title-text-text\"><p>Vous avez des questions sur la naturalisation ? Vous trouverez <a href=\"https:\/\/staging.sp-ps.ch\/fr\/parti\/ps-migrant-e-s\/aide-a-la-naturalisation\/\" target=\"_blank\" rel=\"noopener\">ici<\/a> de l'aide.<\/p><\/div><\/div><\/div>\t\t\t\t<\/div>\n\t\t\t\t<\/div>\n\t\t\t\t\t<\/div>\n\t\t<\/div>\n\t\t\t\t\t<\/div>\n\t\t<\/section>\n\t\t\t\t<\/div>\n\t\t","protected":false},"excerpt":{"rendered":"<p>La naturalisation \u2013 informations essentielles Qu&#8217;est-ce que la naturalisationLorsqu&#8217;une personne \u00e9trang\u00e8re est naturalis\u00e9e, elle obtient le passeport suisse. Cela lui permet de voter et d&#8217;\u00e9lire en Suisse. Elle peut \u00e9galement [&hellip;]<\/p>\n","protected":false},"author":82,"featured_media":0,"parent":30462,"menu_order":1,"comment_status":"closed","ping_status":"closed","template":"","meta":{"footnotes":""},"class_list":["post-144119","page","type-page","status-publish","hentry"],"_links":{"self":[{"href":"https:\/\/staging.sp-ps.ch\/fr\/wp-json\/wp\/v2\/pages\/144119","targetHints":{"allow":["GET"]}}],"collection":[{"href":"https:\/\/staging.sp-ps.ch\/fr\/wp-json\/wp\/v2\/pages"}],"about":[{"href":"https:\/\/staging.sp-ps.ch\/fr\/wp-json\/wp\/v2\/types\/page"}],"author":[{"embeddable":true,"href":"https:\/\/staging.sp-ps.ch\/fr\/wp-json\/wp\/v2\/users\/82"}],"replies":[{"embeddable":true,"href":"https:\/\/staging.sp-ps.ch\/fr\/wp-json\/wp\/v2\/comments?post=144119"}],"version-history":[{"count":47,"href":"https:\/\/staging.sp-ps.ch\/fr\/wp-json\/wp\/v2\/pages\/144119\/revisions"}],"predecessor-version":[{"id":179678,"href":"https:\/\/staging.sp-ps.ch\/fr\/wp-json\/wp\/v2\/pages\/144119\/revisions\/179678"}],"up":[{"embeddable":true,"href":"https:\/\/staging.sp-ps.ch\/fr\/wp-json\/wp\/v2\/pages\/30462"}],"wp:attachment":[{"href":"https:\/\/staging.sp-ps.ch\/fr\/wp-json\/wp\/v2\/media?parent=144119"}],"curies":[{"name":"wp","href":"https:\/\/api.w.org\/{rel}","templated":true}]}}