{"id":154078,"date":"2025-02-07T10:54:17","date_gmt":"2025-02-07T09:54:17","guid":{"rendered":"https:\/\/staging.sp-ps.ch\/?page_id=154078"},"modified":"2026-01-13T16:33:21","modified_gmt":"2026-01-13T15:33:21","slug":"actualites","status":"publish","type":"page","link":"https:\/\/staging.sp-ps.ch\/fr\/parti\/ps-migrant-e-s\/actualites\/","title":{"rendered":"Communiqu\u00e9s de presse"},"content":{"rendered":"\t\t<div data-elementor-type=\"wp-page\" data-elementor-id=\"154078\" class=\"elementor elementor-154078 elementor-154077\" data-elementor-post-type=\"page\">\n\t\t\t\t\t\t<section class=\"elementor-section elementor-top-section elementor-element elementor-element-be2387b elementor-section-boxed elementor-section-height-default elementor-section-height-default\" data-id=\"be2387b\" data-element_type=\"section\" data-e-type=\"section\" data-settings=\"{&quot;jet_parallax_layout_list&quot;:[],&quot;background_background&quot;:&quot;classic&quot;}\">\n\t\t\t\t\t\t<div class=\"elementor-container elementor-column-gap-wide\">\n\t\t\t\t\t<div class=\"elementor-column elementor-col-100 elementor-top-column elementor-element elementor-element-87edfc1\" data-id=\"87edfc1\" data-element_type=\"column\" data-e-type=\"column\">\n\t\t\t<div class=\"elementor-widget-wrap elementor-element-populated\">\n\t\t\t\t\t\t<div class=\"elementor-element elementor-element-ded6d5f elementor-widget elementor-widget-heading\" data-id=\"ded6d5f\" data-element_type=\"widget\" data-e-type=\"widget\" data-widget_type=\"heading.default\">\n\t\t\t\t<div class=\"elementor-widget-container\">\n\t\t\t\t\t<h1 class=\"elementor-heading-title elementor-size-default\">Actualit\u00e9s<\/h1>\t\t\t\t<\/div>\n\t\t\t\t<\/div>\n\t\t\t\t<div class=\"elementor-element elementor-element-491a023 elementor-widget elementor-widget-jet-breadcrumbs\" data-id=\"491a023\" data-element_type=\"widget\" data-e-type=\"widget\" data-widget_type=\"jet-breadcrumbs.default\">\n\t\t\t\t<div class=\"elementor-widget-container\">\n\t\t\t\t\t<div class=\"elementor-jet-breadcrumbs jet-blocks\">\n\t\t<div class=\"jet-breadcrumbs\">\n\t\t<div class=\"jet-breadcrumbs__content\">\n\t\t<div class=\"jet-breadcrumbs__wrap\">\n\t\t<\/div>\n\t\t<\/div>\n\t\t<\/div><\/div>\t\t\t\t<\/div>\n\t\t\t\t<\/div>\n\t\t\t\t\t<\/div>\n\t\t<\/div>\n\t\t\t\t\t<\/div>\n\t\t<\/section>\n\t\t\t\t<section class=\"elementor-section elementor-top-section elementor-element elementor-element-27b39a7 elementor-section-boxed elementor-section-height-default elementor-section-height-default\" data-id=\"27b39a7\" data-element_type=\"section\" data-e-type=\"section\" data-settings=\"{&quot;jet_parallax_layout_list&quot;:[]}\">\n\t\t\t\t\t\t<div class=\"elementor-container elementor-column-gap-default\">\n\t\t\t\t\t<div class=\"elementor-column elementor-col-100 elementor-top-column elementor-element elementor-element-f99cdef\" data-id=\"f99cdef\" data-element_type=\"column\" data-e-type=\"column\">\n\t\t\t<div class=\"elementor-widget-wrap elementor-element-populated\">\n\t\t\t\t\t\t<div class=\"elementor-element elementor-element-4c2e652 elementor-widget elementor-widget-spacer\" data-id=\"4c2e652\" data-element_type=\"widget\" data-e-type=\"widget\" data-widget_type=\"spacer.default\">\n\t\t\t\t<div class=\"elementor-widget-container\">\n\t\t\t\t\t\t\t<div class=\"elementor-spacer\">\n\t\t\t<div class=\"elementor-spacer-inner\"><\/div>\n\t\t<\/div>\n\t\t\t\t\t\t<\/div>\n\t\t\t\t<\/div>\n\t\t\t\t<div class=\"elementor-element elementor-element-58a7e1d elementor-grid-2 elementor-grid-tablet-2 elementor-grid-mobile-1 elementor-posts--thumbnail-top elementor-widget elementor-widget-posts\" data-id=\"58a7e1d\" data-element_type=\"widget\" data-e-type=\"widget\" data-settings=\"{&quot;classic_columns&quot;:&quot;2&quot;,&quot;classic_row_gap&quot;:{&quot;unit&quot;:&quot;px&quot;,&quot;size&quot;:60,&quot;sizes&quot;:[]},&quot;pagination_type&quot;:&quot;numbers&quot;,&quot;classic_columns_tablet&quot;:&quot;2&quot;,&quot;classic_columns_mobile&quot;:&quot;1&quot;,&quot;classic_row_gap_tablet&quot;:{&quot;unit&quot;:&quot;px&quot;,&quot;size&quot;:&quot;&quot;,&quot;sizes&quot;:[]},&quot;classic_row_gap_mobile&quot;:{&quot;unit&quot;:&quot;px&quot;,&quot;size&quot;:&quot;&quot;,&quot;sizes&quot;:[]}}\" data-widget_type=\"posts.classic\">\n\t\t\t\t<div class=\"elementor-widget-container\">\n\t\t\t\t\t\t\t<div class=\"elementor-posts-container elementor-posts elementor-posts--skin-classic elementor-grid\" role=\"list\">\n\t\t\t\t<article class=\"elementor-post elementor-grid-item post-177531 post type-post status-publish format-standard has-post-thumbnail hentry category-autres-campagnes-et-debats category-ps-migrant-e-s tag-ps-migrant-e-s cpt-channel-communiques-de-presse\" role=\"listitem\">\n\t\t\t\t<a class=\"elementor-post__thumbnail__link\" href=\"https:\/\/staging.sp-ps.ch\/fr\/artikel\/syrie-le-conseil-federal-doit-enfin-agir-pour-proteger-les-minorites-et-la-population-civile\/\" tabindex=\"-1\" >\n\t\t\t<div class=\"elementor-post__thumbnail\"><img fetchpriority=\"high\" decoding=\"async\" width=\"300\" height=\"200\" src=\"https:\/\/staging.sp-ps.ch\/wp-content\/uploads\/2026\/01\/salah-darwish-7RLkhT9awgk-unsplash-300x200.jpg\" class=\"attachment-medium size-medium wp-image-177535\" alt=\"\" srcset=\"https:\/\/staging.sp-ps.ch\/wp-content\/uploads\/2026\/01\/salah-darwish-7RLkhT9awgk-unsplash-300x200.jpg 300w, https:\/\/staging.sp-ps.ch\/wp-content\/uploads\/2026\/01\/salah-darwish-7RLkhT9awgk-unsplash-1024x683.jpg 1024w, https:\/\/staging.sp-ps.ch\/wp-content\/uploads\/2026\/01\/salah-darwish-7RLkhT9awgk-unsplash-768x512.jpg 768w, https:\/\/staging.sp-ps.ch\/wp-content\/uploads\/2026\/01\/salah-darwish-7RLkhT9awgk-unsplash-1536x1024.jpg 1536w, https:\/\/staging.sp-ps.ch\/wp-content\/uploads\/2026\/01\/salah-darwish-7RLkhT9awgk-unsplash-2048x1365.jpg 2048w\" sizes=\"(max-width: 300px) 100vw, 300px\" \/><\/div>\n\t\t<\/a>\n\t\t\t\t<div class=\"elementor-post__text\">\n\t\t\t\t<h3 class=\"elementor-post__title\">\n\t\t\t<a href=\"https:\/\/staging.sp-ps.ch\/fr\/artikel\/syrie-le-conseil-federal-doit-enfin-agir-pour-proteger-les-minorites-et-la-population-civile\/\" >\n\t\t\t\tSyrie\u2009: le Conseil f\u00e9d\u00e9ral doit enfin agir pour prot\u00e9ger les minorit\u00e9s et la population civile\t\t\t<\/a>\n\t\t<\/h3>\n\t\t\t\t<div class=\"elementor-post__meta-data\">\n\t\t\t\t\t<span class=\"elementor-post-date\">\n\t\t\t21 janvier 2026\t\t<\/span>\n\t\t\t\t<\/div>\n\t\t\t\t<div class=\"elementor-post__excerpt\">\n\t\t\t<p>Compte tenu de l\u2019escalade continue en Syrie, le PS Migrant-es demande au Conseil f\u00e9d\u00e9ral, dans une p\u00e9tition, de respecter son engagement en faveur de la protection des minorit\u00e9s ethniques et<\/p>\n\t\t<\/div>\n\t\t\n\t\t<a class=\"elementor-post__read-more\" href=\"https:\/\/staging.sp-ps.ch\/fr\/artikel\/syrie-le-conseil-federal-doit-enfin-agir-pour-proteger-les-minorites-et-la-population-civile\/\" aria-label=\"En savoir plus sur Syrie\u2009: le Conseil f\u00e9d\u00e9ral doit enfin agir pour prot\u00e9ger les minorit\u00e9s et la population civile\" tabindex=\"-1\" >\n\t\t\tWeiter lesen\t\t<\/a>\n\n\t\t\t\t<\/div>\n\t\t\t\t<\/article>\n\t\t\t\t<article class=\"elementor-post elementor-grid-item post-95633 post type-post status-publish format-standard has-post-thumbnail hentry category-ps-migrant-e-s tag-ps-migrant-e-s cpt-channel-communiques-de-presse\" role=\"listitem\">\n\t\t\t\t<a class=\"elementor-post__thumbnail__link\" href=\"https:\/\/staging.sp-ps.ch\/fr\/artikel\/elections-federales-2023-renforcer-la-participation-politique-des-personnes-issues-de-la-migration\/\" tabindex=\"-1\" >\n\t\t\t<div class=\"elementor-post__thumbnail\"><img decoding=\"async\" width=\"300\" height=\"169\" src=\"https:\/\/staging.sp-ps.ch\/wp-content\/uploads\/2023\/04\/DSCF4369-300x169.jpg\" class=\"attachment-medium size-medium wp-image-96267\" alt=\"\" srcset=\"https:\/\/staging.sp-ps.ch\/wp-content\/uploads\/2023\/04\/DSCF4369-300x169.jpg 300w, https:\/\/staging.sp-ps.ch\/wp-content\/uploads\/2023\/04\/DSCF4369-1024x576.jpg 1024w, https:\/\/staging.sp-ps.ch\/wp-content\/uploads\/2023\/04\/DSCF4369-768x432.jpg 768w, https:\/\/staging.sp-ps.ch\/wp-content\/uploads\/2023\/04\/DSCF4369-1536x864.jpg 1536w, https:\/\/staging.sp-ps.ch\/wp-content\/uploads\/2023\/04\/DSCF4369-2048x1152.jpg 2048w\" sizes=\"(max-width: 300px) 100vw, 300px\" \/><\/div>\n\t\t<\/a>\n\t\t\t\t<div class=\"elementor-post__text\">\n\t\t\t\t<h3 class=\"elementor-post__title\">\n\t\t\t<a href=\"https:\/\/staging.sp-ps.ch\/fr\/artikel\/elections-federales-2023-renforcer-la-participation-politique-des-personnes-issues-de-la-migration\/\" >\n\t\t\t\t\u00c9lections f\u00e9d\u00e9rales 2023\u2009: renforcer la participation politique des personnes issues de la migration\t\t\t<\/a>\n\t\t<\/h3>\n\t\t\t\t<div class=\"elementor-post__meta-data\">\n\t\t\t\t\t<span class=\"elementor-post-date\">\n\t\t\t1 avril 2023\t\t<\/span>\n\t\t\t\t<\/div>\n\t\t\t\t<div class=\"elementor-post__excerpt\">\n\t\t\t<p>Plus de deux millions de personnes en Suisse \u2014 un quart de la population \u2014 n\u2019ont pas le droit de vote et sont largement exclues du processus politique. En vue<\/p>\n\t\t<\/div>\n\t\t\n\t\t<a class=\"elementor-post__read-more\" href=\"https:\/\/staging.sp-ps.ch\/fr\/artikel\/elections-federales-2023-renforcer-la-participation-politique-des-personnes-issues-de-la-migration\/\" aria-label=\"En savoir plus sur \u00c9lections f\u00e9d\u00e9rales 2023\u2009: renforcer la participation politique des personnes issues de la migration\" tabindex=\"-1\" >\n\t\t\tWeiter lesen\t\t<\/a>\n\n\t\t\t\t<\/div>\n\t\t\t\t<\/article>\n\t\t\t\t<article class=\"elementor-post elementor-grid-item post-58163 post type-post status-publish format-standard hentry category-non-classifiee category-ps-migrant-e-s tag-ps-migrant-e-s cpt-channel-communiques-de-presse\" role=\"listitem\">\n\t\t\t\t<div class=\"elementor-post__text\">\n\t\t\t\t<h3 class=\"elementor-post__title\">\n\t\t\t<a href=\"https:\/\/staging.sp-ps.ch\/fr\/artikel\/le-ps-migrant-e-s-lance-une-campagne-contre-les-primes-discriminatoires\/\" >\n\t\t\t\tLe PS Migrant-e-s lance une campagne contre les primes discriminatoires\t\t\t<\/a>\n\t\t<\/h3>\n\t\t\t\t<div class=\"elementor-post__meta-data\">\n\t\t\t\t\t<span class=\"elementor-post-date\">\n\t\t\t1 juillet 2021\t\t<\/span>\n\t\t\t\t<\/div>\n\t\t\t\t<div class=\"elementor-post__excerpt\">\n\t\t\t<p>Les personnes \u00e9trang\u00e8res paient en Suisse jusqu\u2019\u00e0 80 % de plus que les personnes avec un passeport suisse lorsqu\u2019elles souscrivent une assurance automobile. Pour le PS Migrant-e-s, cette pratique est absolument arbitraire. C\u2019est pourquoi il lance une campagne contre cette pratique discriminatoire des primes d\u2019assurances.<\/p>\n\t\t<\/div>\n\t\t\n\t\t<a class=\"elementor-post__read-more\" href=\"https:\/\/staging.sp-ps.ch\/fr\/artikel\/le-ps-migrant-e-s-lance-une-campagne-contre-les-primes-discriminatoires\/\" aria-label=\"En savoir plus sur Le PS Migrant-e-s lance une campagne contre les primes discriminatoires\" tabindex=\"-1\" >\n\t\t\tWeiter lesen\t\t<\/a>\n\n\t\t\t\t<\/div>\n\t\t\t\t<\/article>\n\t\t\t\t<article class=\"elementor-post elementor-grid-item post-58037 post type-post status-publish format-standard hentry category-migration-et-integration-thema-fr category-non-classifiee category-ps-migrant-e-s category-sante-thema-fr tag-ps-migrant-e-s cpt-channel-communiques-de-presse\" role=\"listitem\">\n\t\t\t\t<div class=\"elementor-post__text\">\n\t\t\t\t<h3 class=\"elementor-post__title\">\n\t\t\t<a href=\"https:\/\/staging.sp-ps.ch\/fr\/artikel\/acces-aux-informations-medicales-pour-toutes-et-tous\/\" >\n\t\t\t\tAcc\u00e8s aux informations m\u00e9dicales pour toutes et tous !\t\t\t<\/a>\n\t\t<\/h3>\n\t\t\t\t<div class=\"elementor-post__meta-data\">\n\t\t\t\t\t<span class=\"elementor-post-date\">\n\t\t\t19 septembre 2020\t\t<\/span>\n\t\t\t\t<\/div>\n\t\t\t\t<div class=\"elementor-post__excerpt\">\n\t\t\t<p>Toutes les cat\u00e9gories de la population doivent \u00eatre pleinement inform\u00e9es en mati\u00e8re de sant\u00e9. En Suisse, il existe des lacunes \u00e0 cet \u00e9gard, notamment chez les migrant-e-s. C\u2019est pourquoi le PS Migrant-e-s a adopt\u00e9 un plan d\u2019action coronavirus lors de sa Conf\u00e9rence annuelle \u00e0 Berne. Ce plan demande de fournir des informations et conseils \u00e0 la population migrante dans les diff\u00e9rentes langues maternelles de celle-ci.<\/p>\n\t\t<\/div>\n\t\t\n\t\t<a class=\"elementor-post__read-more\" href=\"https:\/\/staging.sp-ps.ch\/fr\/artikel\/acces-aux-informations-medicales-pour-toutes-et-tous\/\" aria-label=\"En savoir plus sur Acc\u00e8s aux informations m\u00e9dicales pour toutes et tous !\" tabindex=\"-1\" >\n\t\t\tWeiter lesen\t\t<\/a>\n\n\t\t\t\t<\/div>\n\t\t\t\t<\/article>\n\t\t\t\t<article class=\"elementor-post elementor-grid-item post-57920 post type-post status-publish format-standard hentry category-elections-federales-2019 category-migration-et-integration-thema-fr category-non-classifiee category-ps-migrant-e-s tag-ps-migrant-e-s cpt-channel-communiques-de-presse\" role=\"listitem\">\n\t\t\t\t<div class=\"elementor-post__text\">\n\t\t\t\t<h3 class=\"elementor-post__title\">\n\t\t\t<a href=\"https:\/\/staging.sp-ps.ch\/fr\/artikel\/reconnaissance-du-travail-accompli-par-le-ps-migrant-e-s\/\" >\n\t\t\t\tReconnaissance du travail accompli par le PS Migrant-e-s\t\t\t<\/a>\n\t\t<\/h3>\n\t\t\t\t<div class=\"elementor-post__meta-data\">\n\t\t\t\t\t<span class=\"elementor-post-date\">\n\t\t\t21 octobre 2019\t\t<\/span>\n\t\t\t\t<\/div>\n\t\t\t\t<div class=\"elementor-post__excerpt\">\n\t\t\t<p>Mustafa Atici, pr\u00e9sident du PS Migrant-e-s Suisse, a \u00e9t\u00e9 \u00e9lu au Conseil national ! Dans le canton de B\u00e2le-Ville, il a obtenu un excellent r\u00e9sultat et repr\u00e9sentera d\u00e9sormais directement les valeurs du PS Migrant-e-s au Parlement. Le PS Migrant-e-s f\u00e9licite chaleureusement Mustafa Atici pour ce nouveau poste.<\/p>\n\t\t<\/div>\n\t\t\n\t\t<a class=\"elementor-post__read-more\" href=\"https:\/\/staging.sp-ps.ch\/fr\/artikel\/reconnaissance-du-travail-accompli-par-le-ps-migrant-e-s\/\" aria-label=\"En savoir plus sur Reconnaissance du travail accompli par le PS Migrant-e-s\" tabindex=\"-1\" >\n\t\t\tWeiter lesen\t\t<\/a>\n\n\t\t\t\t<\/div>\n\t\t\t\t<\/article>\n\t\t\t\t<article class=\"elementor-post elementor-grid-item post-57858 post type-post status-publish format-standard hentry category-elections-federales-2019 category-migration-et-integration-thema-fr category-non-classifiee category-ps-migrant-e-s tag-ps-migrant-e-s cpt-channel-communiques-de-presse\" role=\"listitem\">\n\t\t\t\t<div class=\"elementor-post__text\">\n\t\t\t\t<h3 class=\"elementor-post__title\">\n\t\t\t<a href=\"https:\/\/staging.sp-ps.ch\/fr\/artikel\/pour-plus-de-diversite-a-berne-des-le-20-octobre\/\" >\n\t\t\t\tPour plus de diversit\u00e9 \u00e0 Berne d\u00e8s le 20 octobre\t\t\t<\/a>\n\t\t<\/h3>\n\t\t\t\t<div class=\"elementor-post__meta-data\">\n\t\t\t\t\t<span class=\"elementor-post-date\">\n\t\t\t5 septembre 2019\t\t<\/span>\n\t\t\t\t<\/div>\n\t\t\t\t<div class=\"elementor-post__excerpt\">\n\t\t\t<p>Le PS s\u2019engage depuis toujours pour la justice sociale et l\u2019int\u00e9gration de toutes et tous dans notre pays. Notre objectif est de mieux refl\u00e9ter la diversit\u00e9 de notre soci\u00e9t\u00e9 au Parlement d\u00e8s le 20 octobre. De nombreux candidat-e-s d&#8217;origine \u00e9trang\u00e8re sont en bonne place sur les listes principales du PS et ont de r\u00e9elles chances d&#8217;\u00eatre \u00e9lus.<\/p>\n\t\t<\/div>\n\t\t\n\t\t<a class=\"elementor-post__read-more\" href=\"https:\/\/staging.sp-ps.ch\/fr\/artikel\/pour-plus-de-diversite-a-berne-des-le-20-octobre\/\" aria-label=\"En savoir plus sur Pour plus de diversit\u00e9 \u00e0 Berne d\u00e8s le 20 octobre\" tabindex=\"-1\" >\n\t\t\tWeiter lesen\t\t<\/a>\n\n\t\t\t\t<\/div>\n\t\t\t\t<\/article>\n\t\t\t\t<\/div>\n\t\t\n\t\t\t\t<div class=\"e-load-more-anchor\" data-page=\"1\" data-max-page=\"2\" data-next-page=\"https:\/\/staging.sp-ps.ch\/fr\/wp-json\/wp\/v2\/pages\/154078\/page\/2\/\"><\/div>\n\t\t\t\t<nav class=\"elementor-pagination\" aria-label=\"Pagination\">\n\t\t\t<span aria-current=\"page\" class=\"page-numbers current\"><span class=\"elementor-screen-only\">Page<\/span>1<\/span>\n<a class=\"page-numbers\" href=\"https:\/\/staging.sp-ps.ch\/fr\/wp-json\/wp\/v2\/pages\/154078\/page\/2\/\"><span class=\"elementor-screen-only\">Page<\/span>2<\/a>\t\t<\/nav>\n\t\t\t\t\t\t<\/div>\n\t\t\t\t<\/div>\n\t\t\t\t\t<\/div>\n\t\t<\/div>\n\t\t\t\t\t<\/div>\n\t\t<\/section>\n\t\t\t\t<\/div>\n\t\t","protected":false},"excerpt":{"rendered":"<p>Actualit\u00e9s<\/p>\n","protected":false},"author":83,"featured_media":0,"parent":30462,"menu_order":2,"comment_status":"closed","ping_status":"closed","template":"","meta":{"footnotes":""},"class_list":["post-154078","page","type-page","status-publish","hentry"],"_links":{"self":[{"href":"https:\/\/staging.sp-ps.ch\/fr\/wp-json\/wp\/v2\/pages\/154078","targetHints":{"allow":["GET"]}}],"collection":[{"href":"https:\/\/staging.sp-ps.ch\/fr\/wp-json\/wp\/v2\/pages"}],"about":[{"href":"https:\/\/staging.sp-ps.ch\/fr\/wp-json\/wp\/v2\/types\/page"}],"author":[{"embeddable":true,"href":"https:\/\/staging.sp-ps.ch\/fr\/wp-json\/wp\/v2\/users\/83"}],"replies":[{"embeddable":true,"href":"https:\/\/staging.sp-ps.ch\/fr\/wp-json\/wp\/v2\/comments?post=154078"}],"version-history":[{"count":18,"href":"https:\/\/staging.sp-ps.ch\/fr\/wp-json\/wp\/v2\/pages\/154078\/revisions"}],"predecessor-version":[{"id":176534,"href":"https:\/\/staging.sp-ps.ch\/fr\/wp-json\/wp\/v2\/pages\/154078\/revisions\/176534"}],"up":[{"embeddable":true,"href":"https:\/\/staging.sp-ps.ch\/fr\/wp-json\/wp\/v2\/pages\/30462"}],"wp:attachment":[{"href":"https:\/\/staging.sp-ps.ch\/fr\/wp-json\/wp\/v2\/media?parent=154078"}],"curies":[{"name":"wp","href":"https:\/\/api.w.org\/{rel}","templated":true}]}}