{"id":164403,"date":"2025-07-02T14:00:50","date_gmt":"2025-07-02T12:00:50","guid":{"rendered":"https:\/\/staging.sp-ps.ch\/guide-site-web\/manuel-du-site-web-editeur-de-metadonnees\/"},"modified":"2025-07-02T14:00:53","modified_gmt":"2025-07-02T12:00:53","slug":"manuel-du-site-web-editeur-de-metadonnees","status":"publish","type":"page","link":"https:\/\/staging.sp-ps.ch\/fr\/guide-site-web\/manuel-du-site-web-editeur-de-metadonnees\/","title":{"rendered":"Manuel du site Web : \u00c9diteur de m\u00e9tadonn\u00e9es"},"content":{"rendered":"\t\t<div data-elementor-type=\"wp-page\" data-elementor-id=\"164403\" class=\"elementor elementor-164403 elementor-95019\" data-elementor-post-type=\"page\">\n\t\t\t\t\t\t<section class=\"elementor-section elementor-top-section elementor-element elementor-element-769f5ed elementor-section-boxed elementor-section-height-default elementor-section-height-default\" data-id=\"769f5ed\" data-element_type=\"section\" data-e-type=\"section\" data-settings=\"{&quot;jet_parallax_layout_list&quot;:[]}\">\n\t\t\t\t\t\t<div class=\"elementor-container elementor-column-gap-default\">\n\t\t\t\t\t<div class=\"elementor-column elementor-col-100 elementor-top-column elementor-element elementor-element-17f23a1\" data-id=\"17f23a1\" data-element_type=\"column\" data-e-type=\"column\">\n\t\t\t<div class=\"elementor-widget-wrap elementor-element-populated\">\n\t\t\t\t\t\t<div class=\"elementor-element elementor-element-d81c986 elementor-widget elementor-widget-spps_title_text\" data-id=\"d81c986\" data-element_type=\"widget\" data-e-type=\"widget\" data-widget_type=\"spps_title_text.default\">\n\t\t\t\t<div class=\"elementor-widget-container\">\n\t\t\t\t\t<div class=\"title-text-wrapper wrapper-spacing-default\"><div class=\"title-text-title\"><h2>Manuel du site Web : \u00c9diteur de m\u00e9tadonn\u00e9es<\/h2><\/div><div class=\"title-text-container\"><div class=\"title-text-text\">Lorem ipsum<\/div><\/div><\/div>\t\t\t\t<\/div>\n\t\t\t\t<\/div>\n\t\t\t\t\t<\/div>\n\t\t<\/div>\n\t\t\t\t\t<\/div>\n\t\t<\/section>\n\t\t\t\t<\/div>\n\t\t","protected":false},"excerpt":{"rendered":"<p>Manuel du site Web : \u00c9diteur de m\u00e9tadonn\u00e9es Lorem ipsum<\/p>\n","protected":false},"author":4,"featured_media":0,"parent":130079,"menu_order":0,"comment_status":"closed","ping_status":"closed","template":"","meta":{"footnotes":""},"class_list":["post-164403","page","type-page","status-publish","hentry"],"_links":{"self":[{"href":"https:\/\/staging.sp-ps.ch\/fr\/wp-json\/wp\/v2\/pages\/164403","targetHints":{"allow":["GET"]}}],"collection":[{"href":"https:\/\/staging.sp-ps.ch\/fr\/wp-json\/wp\/v2\/pages"}],"about":[{"href":"https:\/\/staging.sp-ps.ch\/fr\/wp-json\/wp\/v2\/types\/page"}],"author":[{"embeddable":true,"href":"https:\/\/staging.sp-ps.ch\/fr\/wp-json\/wp\/v2\/users\/4"}],"replies":[{"embeddable":true,"href":"https:\/\/staging.sp-ps.ch\/fr\/wp-json\/wp\/v2\/comments?post=164403"}],"version-history":[{"count":1,"href":"https:\/\/staging.sp-ps.ch\/fr\/wp-json\/wp\/v2\/pages\/164403\/revisions"}],"predecessor-version":[{"id":164404,"href":"https:\/\/staging.sp-ps.ch\/fr\/wp-json\/wp\/v2\/pages\/164403\/revisions\/164404"}],"up":[{"embeddable":true,"href":"https:\/\/staging.sp-ps.ch\/fr\/wp-json\/wp\/v2\/pages\/130079"}],"wp:attachment":[{"href":"https:\/\/staging.sp-ps.ch\/fr\/wp-json\/wp\/v2\/media?parent=164403"}],"curies":[{"name":"wp","href":"https:\/\/api.w.org\/{rel}","templated":true}]}}