{"id":166020,"date":"2025-07-28T15:49:19","date_gmt":"2025-07-28T13:49:19","guid":{"rendered":"https:\/\/staging.sp-ps.ch\/guide-site-web\/manuel-du-site-web-metadonnees-slug-categories-image-de-larticle-etc\/"},"modified":"2025-07-28T15:49:19","modified_gmt":"2025-07-28T13:49:19","slug":"manuel-du-site-web-metadonnees-slug-categories-image-de-larticle-etc","status":"publish","type":"page","link":"https:\/\/staging.sp-ps.ch\/fr\/guide-site-web\/manuel-du-site-web-metadonnees-slug-categories-image-de-larticle-etc\/","title":{"rendered":"Manuel du site web : m\u00e9tadonn\u00e9es : slug, cat\u00e9gories, image de l&#8217;article, etc."},"content":{"rendered":"","protected":false},"excerpt":{"rendered":"","protected":false},"author":4,"featured_media":0,"parent":130079,"menu_order":0,"comment_status":"closed","ping_status":"closed","template":"","meta":{"footnotes":""},"class_list":["post-166020","page","type-page","status-publish","hentry"],"_links":{"self":[{"href":"https:\/\/staging.sp-ps.ch\/fr\/wp-json\/wp\/v2\/pages\/166020","targetHints":{"allow":["GET"]}}],"collection":[{"href":"https:\/\/staging.sp-ps.ch\/fr\/wp-json\/wp\/v2\/pages"}],"about":[{"href":"https:\/\/staging.sp-ps.ch\/fr\/wp-json\/wp\/v2\/types\/page"}],"author":[{"embeddable":true,"href":"https:\/\/staging.sp-ps.ch\/fr\/wp-json\/wp\/v2\/users\/4"}],"replies":[{"embeddable":true,"href":"https:\/\/staging.sp-ps.ch\/fr\/wp-json\/wp\/v2\/comments?post=166020"}],"version-history":[{"count":0,"href":"https:\/\/staging.sp-ps.ch\/fr\/wp-json\/wp\/v2\/pages\/166020\/revisions"}],"up":[{"embeddable":true,"href":"https:\/\/staging.sp-ps.ch\/fr\/wp-json\/wp\/v2\/pages\/130079"}],"wp:attachment":[{"href":"https:\/\/staging.sp-ps.ch\/fr\/wp-json\/wp\/v2\/media?parent=166020"}],"curies":[{"name":"wp","href":"https:\/\/api.w.org\/{rel}","templated":true}]}}