{"id":166028,"date":"2025-07-28T16:50:44","date_gmt":"2025-07-28T14:50:44","guid":{"rendered":"https:\/\/staging.sp-ps.ch\/guide-site-web\/manuel-du-site-web-diffusion-de-contenus\/"},"modified":"2025-07-28T16:50:47","modified_gmt":"2025-07-28T14:50:47","slug":"manuel-du-site-web-diffusion-de-contenus","status":"publish","type":"page","link":"https:\/\/staging.sp-ps.ch\/fr\/guide-site-web\/manuel-du-site-web-diffusion-de-contenus\/","title":{"rendered":"Manuel du site Web : diffusion de contenus"},"content":{"rendered":"\t\t<div data-elementor-type=\"wp-page\" data-elementor-id=\"166028\" class=\"elementor elementor-166028 elementor-128798\" data-elementor-post-type=\"page\">\n\t\t\t\t\t\t<section class=\"elementor-section elementor-top-section elementor-element elementor-element-b44db39 elementor-section-boxed elementor-section-height-default elementor-section-height-default\" data-id=\"b44db39\" data-element_type=\"section\" data-e-type=\"section\" data-settings=\"{&quot;jet_parallax_layout_list&quot;:[]}\">\n\t\t\t\t\t\t<div class=\"elementor-container elementor-column-gap-default\">\n\t\t\t\t\t<div class=\"elementor-column elementor-col-100 elementor-top-column elementor-element elementor-element-29c8ec0\" data-id=\"29c8ec0\" data-element_type=\"column\" data-e-type=\"column\">\n\t\t\t<div class=\"elementor-widget-wrap elementor-element-populated\">\n\t\t\t\t\t\t<div class=\"elementor-element elementor-element-a52a4b6 elementor-widget elementor-widget-spps_title_text\" data-id=\"a52a4b6\" data-element_type=\"widget\" data-e-type=\"widget\" data-widget_type=\"spps_title_text.default\">\n\t\t\t\t<div class=\"elementor-widget-container\">\n\t\t\t\t\t<div class=\"title-text-wrapper wrapper-spacing-default\"><div class=\"title-text-title\"><h2>Diffusion de contenus <\/h2><\/div><div class=\"title-text-container\"><\/div><\/div>\t\t\t\t<\/div>\n\t\t\t\t<\/div>\n\t\t\t\t<div class=\"elementor-element elementor-element-be0d34c elementor-widget elementor-widget-spps_tableofcontents\" data-id=\"be0d34c\" data-element_type=\"widget\" data-e-type=\"widget\" data-widget_type=\"spps_tableofcontents.default\">\n\t\t\t\t<div class=\"elementor-widget-container\">\n\t\t\t\t\t<ul data-toc><\/ul><script>\/*! Table of Contents jQuery Plugin - jquery.toc * Copyright (c) 2013-2016 Nikhil Dabas * http:\/\/www.apache.org\/licenses\/LICENSE-2.0 *\/ !function(a){\"use strict\";var b=function(b){return this.each(function(){var c,d,e=a(this),f=e.data(),g=[e],h=this.tagName,i=0;c=a.extend({content:\".elementor-location-single \",headings:\"h3,h4,h5,h6\"},{content:f.toc||void 0,headings:f.tocHeadings||void 0},b),d=c.headings.split(\",\"),a(c.content).find(c.headings).attr(\"id\",function(b,c){var d=function(a){0===a.length&&(a=\"?\");for(var b=a.replace(\/\\s+\/g,\"_\"),c=\"\",d=1;null!==document.getElementById(b+c);)c=\"_\"+d++;return b+c};return c||d(a(this).text())}).each(function(){var b=a(this),c=a.map(d,function(a,c){return b.is(a)?c:void 0})[0];if(c>i){var e=g[0].children(\"li:last\")[0];e&&g.unshift(a(\"<\"+h+\"\/>\").appendTo(e))}else g.splice(0,Math.min(i-c,Math.max(g.length-1,0)));a(\"<li\/>\").appendTo(g[0]).append(a(\"<a\/>\").text(b.text()).attr(\"href\",\"#\"+b.attr(\"id\"))),i=c})})},c=a.fn.toc;a.fn.toc=b,a.fn.toc.noConflict=function(){return a.fn.toc=c,this},a(function(){b.call(a(\"[data-toc]\"))})}(window.jQuery);<\/script>\t\t\t\t<\/div>\n\t\t\t\t<\/div>\n\t\t\t\t<div class=\"elementor-element elementor-element-8115c43 elementor-widget elementor-widget-spps_title_text\" data-id=\"8115c43\" data-element_type=\"widget\" data-e-type=\"widget\" data-widget_type=\"spps_title_text.default\">\n\t\t\t\t<div class=\"elementor-widget-container\">\n\t\t\t\t\t<div class=\"title-text-wrapper \"><div class=\"title-text-container\"><div class=\"title-text-text\"><h4>Introduction<\/h4>\n<p>Les diff\u00e9rentes instances du site web peuvent \u00eatre configur\u00e9es de mani\u00e8re \u00e0 r\u00e9cup\u00e9rer certains contenus d'instances \u00ab sup\u00e9rieures \u00bb. Les instances du site web des partis cantonaux r\u00e9cup\u00e8rent ainsi les contenus du PS Suisse, les instances du site web des sections r\u00e9cup\u00e8rent les contenus du parti cantonal, etc.<\/p>\n<p>Les contenus \u00ab provenant du haut \u00bb sont redistribu\u00e9s \u00ab vers le bas \u00bb lorsque leur statut est d\u00e9fini sur \u00ab publi\u00e9 \u00bb.<\/p>\n<h4>Quels sont les contenus distribu\u00e9s ?<\/h4>\n<p>Les mots d'ordre et les campagnes sont distribu\u00e9s, pour autant que cette option soit activ\u00e9e pour le mot d'ordre ou la campagne en question.<\/p>\n<p>Les mots d'ordre de vote sont regroup\u00e9s par niveau \u00e9tatique sur la page d'accueil, tandis que les campagnes sont affich\u00e9es \u00e0 droite de la page d'accueil.<\/p>\n<p>Si l'int\u00e9r\u00eat est suffisant, nous examinerons la possibilit\u00e9 de diffuser d'autres contenus tels que des \u00e9v\u00e9nements ou des communiqu\u00e9s de presse.<\/p>\n<h4>Comment fonctionne la configuration ?<\/h4>\n<p>La configuration se trouve dans le tableau de bord sous \u00ab Design \u00bb =&gt; \u00ab Options du th\u00e8me \u00bb =&gt; \u00ab Obtention automatique des slogans et des campagnes \u00bb :<\/p>\n<p>Les param\u00e8tres suivants peuvent \u00eatre d\u00e9finis :<\/p>\n<ul>\n<li>Si les slogans \/ campagnes doivent effectivement \u00eatre obtenus \u00ab depuis le haut \u00bb.<\/li>\n<li>L'instance du site web \u00e0 partir de laquelle le contenu doit \u00eatre obtenu.<\/li>\n<li>La langue dans laquelle le contenu doit \u00eatre obtenu. Si le contenu doit \u00eatre obtenu en plusieurs langues, veuillez s\u00e9lectionner \u00ab WPML \u00bb.<\/li>\n<li>Si les slogans et les campagnes doivent d'abord avoir le statut \u00ab Brouillon \u00bb. Nous tendons \u00e0 le d\u00e9conseiller, en particulier pour les partis cantonaux. La raison en est que les contenus ayant le statut \u00ab Brouillon \u00bb ne sont pas diffus\u00e9s, c'est-\u00e0-dire que si vous oubliez de modifier le statut, les sections associ\u00e9es ne recevront pas les slogans.<\/li>\n<li>Il est possible d'indiquer une adresse e-mail qui sera inform\u00e9e lorsque de nouveaux contenus auront \u00e9t\u00e9 publi\u00e9s.<\/li>\n<\/ul>\n<p>Le titre principal de la liste des slogans sur la page d'accueil (texte blanc sur fond noir) est repris de l'instance \u00ab sup\u00e9rieure \u00bb. Le titre peut toutefois \u00eatre remplac\u00e9 dans les param\u00e8tres sous \u00ab Design \u00bb =&gt; \u00ab Theme Options \u00bb.<\/p>\n<h4>Comment pouvons-nous adapter les mots d'ordre ou les publier plus tard ?<\/h4>\n<p>Si votre parti cantonal ou votre section adopte un mot d'ordre diff\u00e9rent de celui du PS Suisse ou souhaite publier son mot d'ordre plus tard, vous pouvez bien s\u00fbr le modifier \u00e0 tout moment dans le tableau de bord sous \u00ab Mots d'ordre \u00bb. Pour en savoir plus, cliquez <a href=\"https:\/\/staging.sp-ps.ch\/fr\/guide-site-web\/page-d-accueil\/\">ici<\/a>.<\/p>\n<\/div><\/div><\/div>\t\t\t\t<\/div>\n\t\t\t\t<\/div>\n\t\t\t\t\t<\/div>\n\t\t<\/div>\n\t\t\t\t\t<\/div>\n\t\t<\/section>\n\t\t\t\t<\/div>\n\t\t","protected":false},"excerpt":{"rendered":"<p>Diffusion de contenus Introduction Les diff\u00e9rentes instances du site web peuvent \u00eatre configur\u00e9es de mani\u00e8re \u00e0 r\u00e9cup\u00e9rer certains contenus d&#8217;instances \u00ab sup\u00e9rieures \u00bb. Les instances du site web des partis [&hellip;]<\/p>\n","protected":false},"author":4,"featured_media":0,"parent":130079,"menu_order":1,"comment_status":"closed","ping_status":"closed","template":"","meta":{"footnotes":""},"class_list":["post-166028","page","type-page","status-publish","hentry"],"_links":{"self":[{"href":"https:\/\/staging.sp-ps.ch\/fr\/wp-json\/wp\/v2\/pages\/166028","targetHints":{"allow":["GET"]}}],"collection":[{"href":"https:\/\/staging.sp-ps.ch\/fr\/wp-json\/wp\/v2\/pages"}],"about":[{"href":"https:\/\/staging.sp-ps.ch\/fr\/wp-json\/wp\/v2\/types\/page"}],"author":[{"embeddable":true,"href":"https:\/\/staging.sp-ps.ch\/fr\/wp-json\/wp\/v2\/users\/4"}],"replies":[{"embeddable":true,"href":"https:\/\/staging.sp-ps.ch\/fr\/wp-json\/wp\/v2\/comments?post=166028"}],"version-history":[{"count":1,"href":"https:\/\/staging.sp-ps.ch\/fr\/wp-json\/wp\/v2\/pages\/166028\/revisions"}],"predecessor-version":[{"id":166029,"href":"https:\/\/staging.sp-ps.ch\/fr\/wp-json\/wp\/v2\/pages\/166028\/revisions\/166029"}],"up":[{"embeddable":true,"href":"https:\/\/staging.sp-ps.ch\/fr\/wp-json\/wp\/v2\/pages\/130079"}],"wp:attachment":[{"href":"https:\/\/staging.sp-ps.ch\/fr\/wp-json\/wp\/v2\/media?parent=166028"}],"curies":[{"name":"wp","href":"https:\/\/api.w.org\/{rel}","templated":true}]}}