{"id":16955,"date":"2022-06-20T13:39:49","date_gmt":"2022-06-20T11:39:49","guid":{"rendered":"https:\/\/test.sp-ps.ch\/praesidium\/"},"modified":"2024-10-14T11:07:13","modified_gmt":"2024-10-14T09:07:13","slug":"presidence","status":"publish","type":"page","link":"https:\/\/staging.sp-ps.ch\/fr\/personnes\/presidence\/","title":{"rendered":"Pr\u00e9sidence"},"content":{"rendered":"\t\t<div data-elementor-type=\"wp-page\" data-elementor-id=\"16955\" class=\"elementor elementor-16955 elementor-493\" data-elementor-post-type=\"page\">\n\t\t\t\t\t\t<section class=\"elementor-section elementor-top-section elementor-element elementor-element-31a5513 elementor-section-boxed elementor-section-height-default elementor-section-height-default\" data-id=\"31a5513\" data-element_type=\"section\" data-e-type=\"section\" data-settings=\"{&quot;jet_parallax_layout_list&quot;:[],&quot;background_background&quot;:&quot;classic&quot;}\">\n\t\t\t\t\t\t<div class=\"elementor-container elementor-column-gap-wide\">\n\t\t\t\t\t<div class=\"elementor-column elementor-col-100 elementor-top-column elementor-element elementor-element-4459831\" data-id=\"4459831\" data-element_type=\"column\" data-e-type=\"column\">\n\t\t\t<div class=\"elementor-widget-wrap elementor-element-populated\">\n\t\t\t\t\t\t<div class=\"elementor-element elementor-element-3c0e2c5 elementor-widget elementor-widget-jet-breadcrumbs\" data-id=\"3c0e2c5\" data-element_type=\"widget\" data-e-type=\"widget\" data-widget_type=\"jet-breadcrumbs.default\">\n\t\t\t\t<div class=\"elementor-widget-container\">\n\t\t\t\t\t<div class=\"elementor-jet-breadcrumbs jet-blocks\">\n\t\t<div class=\"jet-breadcrumbs\">\n\t\t<div class=\"jet-breadcrumbs__content\">\n\t\t<div class=\"jet-breadcrumbs__wrap\">\n\t\t<\/div>\n\t\t<\/div>\n\t\t<\/div><\/div>\t\t\t\t<\/div>\n\t\t\t\t<\/div>\n\t\t\t\t<div class=\"elementor-element elementor-element-8f0f8dc elementor-widget__width-initial elementor-widget elementor-widget-text-editor\" data-id=\"8f0f8dc\" data-element_type=\"widget\" data-e-type=\"widget\" data-widget_type=\"text-editor.default\">\n\t\t\t\t<div class=\"elementor-widget-container\">\n\t\t\t\t\t\t\t\t\t<p>La Pr\u00e9sidence est le principal organe op\u00e9ratif du parti responsable de sa politique au quotidien. Elle se compose du ou de la pr\u00e9sident-e, des vice-pr\u00e9sident-es, du ou de la pr\u00e9sident-e du Groupe socialiste aux Chambres f\u00e9d\u00e9rales et du Secr\u00e9tariat g\u00e9n\u00e9ral.<\/p>\t\t\t\t\t\t\t\t<\/div>\n\t\t\t\t<\/div>\n\t\t\t\t\t<\/div>\n\t\t<\/div>\n\t\t\t\t\t<\/div>\n\t\t<\/section>\n\t\t\t\t<section class=\"elementor-section elementor-top-section elementor-element elementor-element-58b4d8c elementor-section-boxed elementor-section-height-default elementor-section-height-default\" data-id=\"58b4d8c\" data-element_type=\"section\" data-e-type=\"section\" data-settings=\"{&quot;jet_parallax_layout_list&quot;:[]}\">\n\t\t\t\t\t\t<div class=\"elementor-container elementor-column-gap-wide\">\n\t\t\t\t\t<div class=\"elementor-column elementor-col-100 elementor-top-column elementor-element elementor-element-c58b4b7\" data-id=\"c58b4b7\" data-element_type=\"column\" data-e-type=\"column\">\n\t\t\t<div class=\"elementor-widget-wrap elementor-element-populated\">\n\t\t\t\t\t\t<div class=\"elementor-element elementor-element-8da753b elementor-widget elementor-widget-spps_person_grid\" data-id=\"8da753b\" data-element_type=\"widget\" data-e-type=\"widget\" data-widget_type=\"spps_person_grid.default\">\n\t\t\t\t<div class=\"elementor-widget-container\">\n\t\t\t\t\t<div class=\"button-list-wrapper wrapper-spacing-default\"><div class=\"button-list-title\"><h2>Pr\u00e9sident-e<\/h2><\/div><div class=\"button-list-container\"><div class=\"persons persons-grid-2\"><div class=\"persons-items\"><div class=\"persons-item\"><div class=\"person-container\"><div class=\"person-portrait\"><a href=\"https:\/\/staging.sp-ps.ch\/fr\/person\/mattea-meyer\/\"><img decoding=\"async\" src=\"https:\/\/staging.sp-ps.ch\/wp-content\/uploads\/2015\/07\/ZH_NR_2023_SP_Meyer_Mattea_4081-1-600x600.jpg?v=1699524711\" alt=\"Mattea Meyer\" loading=\"lazy\"><\/a><\/div><div class=\"person-content\"><a href=\"https:\/\/staging.sp-ps.ch\/fr\/person\/mattea-meyer\/\" class=\"person-name\"><p><strong>Mattea Meyer<\/strong><\/p><\/a><p class=\"person-position\">Conseill\u00e8re nationale ZH, Co-Pr\u00e9sidente du PS Suisse<\/p><ul class=\"person-kontakt list-pills list-pills-grey\"><li><a href=\"mailto:mattea.meyer@parl.ch\">E-Mail<\/a><\/li><\/ul><\/div><\/div><\/div><div class=\"persons-item\"><div class=\"person-container\"><div class=\"person-portrait\"><a href=\"https:\/\/staging.sp-ps.ch\/fr\/person\/cedric-wermuth\/\"><img decoding=\"async\" src=\"https:\/\/staging.sp-ps.ch\/wp-content\/uploads\/2015\/05\/AG_NR_2023_SP_Wermuth_Cedric_1094-G-600x600.jpg?v=1699528322\" alt=\"C\u00e9dric Wermuth\" loading=\"lazy\"><\/a><\/div><div class=\"person-content\"><a href=\"https:\/\/staging.sp-ps.ch\/fr\/person\/cedric-wermuth\/\" class=\"person-name\"><p><strong>C\u00e9dric Wermuth<\/strong><\/p><\/a><p class=\"person-position\">Conseiller national AG, Co-Pr\u00e9sident du PS Suisse<\/p><ul class=\"person-kontakt list-pills list-pills-grey\"><li><a href=\"mailto:cedric.wermuth@parl.ch\">E-Mail<\/a><\/li><\/ul><\/div><\/div><\/div><\/div><\/div><\/div><\/div>\t\t\t\t<\/div>\n\t\t\t\t<\/div>\n\t\t\t\t<div class=\"elementor-element elementor-element-c6cf856 elementor-widget elementor-widget-spps_person_grid\" data-id=\"c6cf856\" data-element_type=\"widget\" data-e-type=\"widget\" data-widget_type=\"spps_person_grid.default\">\n\t\t\t\t<div class=\"elementor-widget-container\">\n\t\t\t\t\t<div class=\"button-list-wrapper wrapper-spacing-default\"><div class=\"button-list-title\"><h2>Membres de la pr\u00e9sidence<\/h2><\/div><div class=\"button-list-container\"><div class=\"persons persons-grid-2\"><div class=\"persons-items\"><div class=\"persons-item\"><div class=\"person-container\"><div class=\"person-portrait\"><a href=\"https:\/\/staging.sp-ps.ch\/fr\/person\/jacqueline-badran\/\"><img decoding=\"async\" src=\"https:\/\/staging.sp-ps.ch\/wp-content\/uploads\/2015\/07\/ZH_NR_2023_SP_Jacqueline-Badran_3850-G-600x600.jpg?v=1698920622\" alt=\"Jacqueline Badran\" loading=\"lazy\"><\/a><\/div><div class=\"person-content\"><a href=\"https:\/\/staging.sp-ps.ch\/fr\/person\/jacqueline-badran\/\" class=\"person-name\"><p><strong>Jacqueline Badran<\/strong><\/p><\/a><p class=\"person-position\">Conseill\u00e8re nationale VD, vice-pr\u00e9sidente du PS Suisse<\/p><ul class=\"person-kontakt list-pills list-pills-grey\"><li><a href=\"mailto:jacqueline.badran@parl.ch\">E-Mail<\/a><\/li><\/ul><\/div><\/div><\/div><div class=\"persons-item\"><div class=\"person-container\"><div class=\"person-portrait\"><a href=\"https:\/\/staging.sp-ps.ch\/fr\/person\/samuel-bendahan\/\"><img decoding=\"async\" src=\"https:\/\/staging.sp-ps.ch\/wp-content\/uploads\/2015\/06\/VD_NR_2023_SP_Bendahan_Samuel_0086-G-600x600.jpg?v=1698929139\" alt=\"Samuel Bendahan\" loading=\"lazy\"><\/a><\/div><div class=\"person-content\"><a href=\"https:\/\/staging.sp-ps.ch\/fr\/person\/samuel-bendahan\/\" class=\"person-name\"><p><strong>Samuel Bendahan<\/strong><\/p><\/a><p class=\"person-position\">Conseiller national VD et co-pr\u00e9sident du Groupe socialiste aux Chambres f\u00e9d\u00e9rales<\/p><ul class=\"person-kontakt list-pills list-pills-grey\"><li><a href=\"mailto:samuel.bendahan@parl.ch\">E-Mail<\/a><\/li><\/ul><\/div><\/div><\/div><div class=\"persons-item\"><div class=\"person-container\"><div class=\"person-portrait\"><a href=\"https:\/\/staging.sp-ps.ch\/fr\/person\/tom-cassee\/\"><img decoding=\"async\" src=\"https:\/\/staging.sp-ps.ch\/wp-content\/uploads\/2022\/06\/dscf5334-2-600x600.jpg?v=1659529679\" alt=\"Tom Cassee\" loading=\"lazy\"><\/a><\/div><div class=\"person-content\"><a href=\"https:\/\/staging.sp-ps.ch\/fr\/person\/tom-cassee\/\" class=\"person-name\"><p><strong>Tom Cassee<\/strong><\/p><\/a><p class=\"person-position\">Secr\u00e9taire g\u00e9n\u00e9ral<\/p><ul class=\"person-kontakt list-pills list-pills-grey\"><li><a href=\"tel:+41313296978\">+41 31 329 69 78<\/a><\/li><li><a href=\"mailto:tom.cassee@spschweiz.ch\">E-Mail<\/a><\/li><\/ul><\/div><\/div><\/div><div class=\"persons-item\"><div class=\"person-container\"><div class=\"person-portrait\"><a href=\"https:\/\/staging.sp-ps.ch\/fr\/person\/140826\/\"><img decoding=\"async\" src=\"https:\/\/staging.sp-ps.ch\/wp-content\/uploads\/2024\/08\/240629_Mirjam_Hostetmann_klein-600x600.jpg?v=1724832569\" alt=\"Mirjam Hostetmann\" loading=\"lazy\"><\/a><\/div><div class=\"person-content\"><a href=\"https:\/\/staging.sp-ps.ch\/fr\/person\/140826\/\" class=\"person-name\"><p><strong>Mirjam Hostetmann<\/strong><\/p><\/a><p class=\"person-position\">Pr\u00e9sidente JS, vice-pr\u00e9sidente PS Suisse<\/p><ul class=\"person-kontakt list-pills list-pills-grey\"><li><a href=\"mailto:mirjam.hostetmann@juso.ch\">E-Mail<\/a><\/li><\/ul><\/div><\/div><\/div><div class=\"persons-item\"><div class=\"person-container\"><div class=\"person-portrait\"><a href=\"https:\/\/staging.sp-ps.ch\/fr\/person\/baptiste-hurni\/\"><img decoding=\"async\" src=\"https:\/\/staging.sp-ps.ch\/wp-content\/uploads\/2019\/10\/NE_NR_2023_PS_Hurni_Baptiste_1543-600x600.jpg?v=1699523803\" alt=\"Baptiste Hurni\" loading=\"lazy\"><\/a><\/div><div class=\"person-content\"><a href=\"https:\/\/staging.sp-ps.ch\/fr\/person\/baptiste-hurni\/\" class=\"person-name\"><p><strong>Baptiste Hurni<\/strong><\/p><\/a><p class=\"person-position\">Conseiller aux \u00c9tats NE, vice-pr\u00e9sident du PS Suisse<\/p><ul class=\"person-kontakt list-pills list-pills-grey\"><li><a href=\"mailto:baptiste.hurni@parl.ch\">E-Mail<\/a><\/li><\/ul><\/div><\/div><\/div><div class=\"persons-item\"><div class=\"person-container\"><div class=\"person-portrait\"><a href=\"https:\/\/staging.sp-ps.ch\/fr\/person\/samira-marti\/\"><img decoding=\"async\" src=\"https:\/\/staging.sp-ps.ch\/wp-content\/uploads\/2023\/10\/BL_NR_2023_SP_Marti_Samira_5446-G-600x600.jpg?v=1709397624\" alt=\"Samira Marti\" loading=\"lazy\"><\/a><\/div><div class=\"person-content\"><a href=\"https:\/\/staging.sp-ps.ch\/fr\/person\/samira-marti\/\" class=\"person-name\"><p><strong>Samira Marti<\/strong><\/p><\/a><p class=\"person-position\">Conseill\u00e8re nationale BL, co-pr\u00e9sidente du Groupe socialiste aux Chambres f\u00e9d\u00e9rales<\/p><ul class=\"person-kontakt list-pills list-pills-grey\"><li><a href=\"mailto:samira.marti@parl.ch\">E-Mail<\/a><\/li><\/ul><\/div><\/div><\/div><div class=\"persons-item\"><div class=\"person-container\"><div class=\"person-portrait\"><a href=\"https:\/\/staging.sp-ps.ch\/fr\/person\/valerie-piller-carrard\/\"><img decoding=\"async\" src=\"https:\/\/staging.sp-ps.ch\/wp-content\/uploads\/2015\/06\/FR_NR_2023_SP_Piller_Carrard_Valerie_5610-G-600x600.jpg?v=1699526024\" alt=\"Val\u00e9rie Piller Carrard\" loading=\"lazy\"><\/a><\/div><div class=\"person-content\"><a href=\"https:\/\/staging.sp-ps.ch\/fr\/person\/valerie-piller-carrard\/\" class=\"person-name\"><p><strong>Val\u00e9rie Piller Carrard<\/strong><\/p><\/a><p class=\"person-position\">Conseill\u00e8re nationale FR, vice-pr\u00e9sidente du PS Suisse<\/p><ul class=\"person-kontakt list-pills list-pills-grey\"><li><a href=\"mailto:valerie.piller_carrard@parl.ch\">E-Mail<\/a><\/li><\/ul><\/div><\/div><\/div><div class=\"persons-item\"><div class=\"person-container\"><div class=\"person-portrait\"><a href=\"https:\/\/staging.sp-ps.ch\/fr\/person\/jon-pult\/\"><img decoding=\"async\" src=\"https:\/\/staging.sp-ps.ch\/wp-content\/uploads\/2019\/11\/GR_NR_2023_SP_Pult_Jon_1648-G-600x600.jpg?v=1699526112\" alt=\"Jon Pult\" loading=\"lazy\"><\/a><\/div><div class=\"person-content\"><a href=\"https:\/\/staging.sp-ps.ch\/fr\/person\/jon-pult\/\" class=\"person-name\"><p><strong>Jon Pult<\/strong><\/p><\/a><p class=\"person-position\">Conseiller national GR, vice-pr\u00e9sident du PS Suisse<\/p><ul class=\"person-kontakt list-pills list-pills-grey\"><li><a href=\"mailto:jon.pult@parl.ch\">E-Mail<\/a><\/li><\/ul><\/div><\/div><\/div><div class=\"persons-item\"><div class=\"person-container\"><div class=\"person-portrait\"><a href=\"https:\/\/staging.sp-ps.ch\/fr\/person\/david-roth\/\"><img decoding=\"async\" src=\"https:\/\/staging.sp-ps.ch\/wp-content\/uploads\/2014\/09\/LU_NR_2023_SP_Roth_David_5939-G-600x600.jpg?v=1699526453\" alt=\"David Roth\" loading=\"lazy\"><\/a><\/div><div class=\"person-content\"><a href=\"https:\/\/staging.sp-ps.ch\/fr\/person\/david-roth\/\" class=\"person-name\"><p><strong>David Roth<\/strong><\/p><\/a><p class=\"person-position\">Conseiller national LU, vice-pr\u00e9sident du PS Suisse<\/p><ul class=\"person-kontakt list-pills list-pills-grey\"><li><a href=\"mailto:david.roth@spschweiz.ch\">E-Mail<\/a><\/li><\/ul><\/div><\/div><\/div><\/div><\/div><\/div><\/div>\t\t\t\t<\/div>\n\t\t\t\t<\/div>\n\t\t\t\t<div class=\"elementor-element elementor-element-6b0428e elementor-widget elementor-widget-spps_person_grid\" data-id=\"6b0428e\" data-element_type=\"widget\" data-e-type=\"widget\" data-widget_type=\"spps_person_grid.default\">\n\t\t\t\t<div class=\"elementor-widget-container\">\n\t\t\t\t\t<div class=\"button-list-wrapper wrapper-spacing-default\"><div class=\"button-list-title\"><h2>Pr\u00e9sident du Groupe socialiste<\/h2><\/div><div class=\"button-list-container\"><div class=\"persons persons-grid-2\"><div class=\"persons-items\"><div class=\"persons-item\"><div class=\"person-container\"><div class=\"person-portrait\"><a href=\"https:\/\/staging.sp-ps.ch\/fr\/person\/samuel-bendahan\/\"><img decoding=\"async\" src=\"https:\/\/staging.sp-ps.ch\/wp-content\/uploads\/2015\/06\/VD_NR_2023_SP_Bendahan_Samuel_0086-G-600x600.jpg?v=1698929139\" alt=\"Samuel Bendahan\" loading=\"lazy\"><\/a><\/div><div class=\"person-content\"><a href=\"https:\/\/staging.sp-ps.ch\/fr\/person\/samuel-bendahan\/\" class=\"person-name\"><p><strong>Samuel Bendahan<\/strong><\/p><\/a><p class=\"person-position\">Conseiller national VD et co-pr\u00e9sident du Groupe socialiste aux Chambres f\u00e9d\u00e9rales<\/p><ul class=\"person-kontakt list-pills list-pills-grey\"><li><a href=\"mailto:samuel.bendahan@parl.ch\">E-Mail<\/a><\/li><\/ul><\/div><\/div><\/div><div class=\"persons-item\"><div class=\"person-container\"><div class=\"person-portrait\"><a href=\"https:\/\/staging.sp-ps.ch\/fr\/person\/samira-marti\/\"><img decoding=\"async\" src=\"https:\/\/staging.sp-ps.ch\/wp-content\/uploads\/2023\/10\/BL_NR_2023_SP_Marti_Samira_5446-G-600x600.jpg?v=1709397624\" alt=\"Samira Marti\" loading=\"lazy\"><\/a><\/div><div class=\"person-content\"><a href=\"https:\/\/staging.sp-ps.ch\/fr\/person\/samira-marti\/\" class=\"person-name\"><p><strong>Samira Marti<\/strong><\/p><\/a><p class=\"person-position\">Conseill\u00e8re nationale BL, co-pr\u00e9sidente du Groupe socialiste aux Chambres f\u00e9d\u00e9rales<\/p><ul class=\"person-kontakt list-pills list-pills-grey\"><li><a href=\"mailto:samira.marti@parl.ch\">E-Mail<\/a><\/li><\/ul><\/div><\/div><\/div><\/div><\/div><\/div><\/div>\t\t\t\t<\/div>\n\t\t\t\t<\/div>\n\t\t\t\t<div class=\"elementor-element elementor-element-f4f0c5a elementor-widget elementor-widget-spps_person_grid\" data-id=\"f4f0c5a\" data-element_type=\"widget\" data-e-type=\"widget\" data-widget_type=\"spps_person_grid.default\">\n\t\t\t\t<div class=\"elementor-widget-container\">\n\t\t\t\t\t<div class=\"button-list-wrapper wrapper-spacing-default\"><div class=\"button-list-title\"><h2>Secr\u00e9tariat g\u00e9n\u00e9ral<\/h2><\/div><div class=\"button-list-container\"><div class=\"persons persons-grid-2\"><div class=\"persons-items\"><div class=\"persons-item\"><div class=\"person-container\"><div class=\"person-portrait\"><a href=\"https:\/\/staging.sp-ps.ch\/fr\/person\/tom-cassee\/\"><img decoding=\"async\" src=\"https:\/\/staging.sp-ps.ch\/wp-content\/uploads\/2022\/06\/dscf5334-2-600x600.jpg?v=1659529679\" alt=\"Tom Cassee\" loading=\"lazy\"><\/a><\/div><div class=\"person-content\"><a href=\"https:\/\/staging.sp-ps.ch\/fr\/person\/tom-cassee\/\" class=\"person-name\"><p><strong>Tom Cassee<\/strong><\/p><\/a><p class=\"person-position\">Secr\u00e9taire g\u00e9n\u00e9ral<\/p><ul class=\"person-kontakt list-pills list-pills-grey\"><li><a href=\"tel:+41313296978\">+41 31 329 69 78<\/a><\/li><li><a href=\"mailto:tom.cassee@spschweiz.ch\">E-Mail<\/a><\/li><\/ul><\/div><\/div><\/div><\/div><\/div><\/div><\/div>\t\t\t\t<\/div>\n\t\t\t\t<\/div>\n\t\t\t\t\t<\/div>\n\t\t<\/div>\n\t\t\t\t\t<\/div>\n\t\t<\/section>\n\t\t\t\t<\/div>\n\t\t","protected":false},"excerpt":{"rendered":"<p>La Pr\u00e9sidence est le principal organe op\u00e9ratif du parti responsable de sa politique au quotidien. Elle se compose du ou de la pr\u00e9sident-e, des vice-pr\u00e9sident-es, du ou de la pr\u00e9sident-e [&hellip;]<\/p>\n","protected":false},"author":1,"featured_media":0,"parent":30434,"menu_order":0,"comment_status":"closed","ping_status":"closed","template":"","meta":{"footnotes":""},"class_list":["post-16955","page","type-page","status-publish","hentry"],"_links":{"self":[{"href":"https:\/\/staging.sp-ps.ch\/fr\/wp-json\/wp\/v2\/pages\/16955","targetHints":{"allow":["GET"]}}],"collection":[{"href":"https:\/\/staging.sp-ps.ch\/fr\/wp-json\/wp\/v2\/pages"}],"about":[{"href":"https:\/\/staging.sp-ps.ch\/fr\/wp-json\/wp\/v2\/types\/page"}],"author":[{"embeddable":true,"href":"https:\/\/staging.sp-ps.ch\/fr\/wp-json\/wp\/v2\/users\/1"}],"replies":[{"embeddable":true,"href":"https:\/\/staging.sp-ps.ch\/fr\/wp-json\/wp\/v2\/comments?post=16955"}],"version-history":[{"count":7,"href":"https:\/\/staging.sp-ps.ch\/fr\/wp-json\/wp\/v2\/pages\/16955\/revisions"}],"predecessor-version":[{"id":141149,"href":"https:\/\/staging.sp-ps.ch\/fr\/wp-json\/wp\/v2\/pages\/16955\/revisions\/141149"}],"up":[{"embeddable":true,"href":"https:\/\/staging.sp-ps.ch\/fr\/wp-json\/wp\/v2\/pages\/30434"}],"wp:attachment":[{"href":"https:\/\/staging.sp-ps.ch\/fr\/wp-json\/wp\/v2\/media?parent=16955"}],"curies":[{"name":"wp","href":"https:\/\/api.w.org\/{rel}","templated":true}]}}