{"id":169997,"date":"2025-10-13T10:56:29","date_gmt":"2025-10-13T08:56:29","guid":{"rendered":"https:\/\/staging.sp-ps.ch\/?page_id=169997"},"modified":"2025-11-11T11:24:16","modified_gmt":"2025-11-11T10:24:16","slug":"oui-a-linitiative-pour-lavenir","status":"publish","type":"page","link":"https:\/\/staging.sp-ps.ch\/fr\/oui-a-linitiative-pour-lavenir\/","title":{"rendered":"OUI \u00e0 l&#8217;Initiative pour l&#8217;avenir"},"content":{"rendered":"\t\t<div data-elementor-type=\"wp-page\" data-elementor-id=\"169997\" class=\"elementor elementor-169997 elementor-169996\" data-elementor-post-type=\"page\">\n\t\t\t\t\t\t<section class=\"elementor-section elementor-top-section elementor-element elementor-element-35f82ac elementor-section-boxed elementor-section-height-default elementor-section-height-default\" data-id=\"35f82ac\" data-element_type=\"section\" data-e-type=\"section\" data-settings=\"{&quot;jet_parallax_layout_list&quot;:[],&quot;background_background&quot;:&quot;classic&quot;}\">\n\t\t\t\t\t\t\t<div class=\"elementor-background-overlay\"><\/div>\n\t\t\t\t\t\t\t<div class=\"elementor-container elementor-column-gap-default\">\n\t\t\t\t\t<div class=\"elementor-column elementor-col-100 elementor-top-column elementor-element elementor-element-274bc43\" data-id=\"274bc43\" data-element_type=\"column\" data-e-type=\"column\">\n\t\t\t<div class=\"elementor-widget-wrap elementor-element-populated\">\n\t\t\t\t\t\t<div class=\"elementor-element elementor-element-c0832ef elementor-widget elementor-widget-image\" data-id=\"c0832ef\" data-element_type=\"widget\" data-e-type=\"widget\" data-widget_type=\"image.default\">\n\t\t\t\t<div class=\"elementor-widget-container\">\n\t\t\t\t\t\t\t\t\t\t\t\t\t\t\t<img fetchpriority=\"high\" decoding=\"async\" width=\"800\" height=\"300\" src=\"https:\/\/staging.sp-ps.ch\/wp-content\/uploads\/2025\/10\/251015_SPS_IFEZ_OnlineFormate_1920x720px_FR-1024x384.jpg\" class=\"attachment-large size-large wp-image-170556\" alt=\"\" srcset=\"https:\/\/staging.sp-ps.ch\/wp-content\/uploads\/2025\/10\/251015_SPS_IFEZ_OnlineFormate_1920x720px_FR-1024x384.jpg 1024w, https:\/\/staging.sp-ps.ch\/wp-content\/uploads\/2025\/10\/251015_SPS_IFEZ_OnlineFormate_1920x720px_FR-300x113.jpg 300w, https:\/\/staging.sp-ps.ch\/wp-content\/uploads\/2025\/10\/251015_SPS_IFEZ_OnlineFormate_1920x720px_FR-768x288.jpg 768w, https:\/\/staging.sp-ps.ch\/wp-content\/uploads\/2025\/10\/251015_SPS_IFEZ_OnlineFormate_1920x720px_FR-1536x576.jpg 1536w, https:\/\/staging.sp-ps.ch\/wp-content\/uploads\/2025\/10\/251015_SPS_IFEZ_OnlineFormate_1920x720px_FR.jpg 1920w\" sizes=\"(max-width: 800px) 100vw, 800px\" \/>\t\t\t\t\t\t\t\t\t\t\t\t\t\t\t<\/div>\n\t\t\t\t<\/div>\n\t\t\t\t\t<\/div>\n\t\t<\/div>\n\t\t\t\t\t<\/div>\n\t\t<\/section>\n\t\t\t\t<section class=\"elementor-section elementor-top-section elementor-element elementor-element-ad098da elementor-section-boxed elementor-section-height-default elementor-section-height-default\" data-id=\"ad098da\" data-element_type=\"section\" data-e-type=\"section\" data-settings=\"{&quot;jet_parallax_layout_list&quot;:[],&quot;background_background&quot;:&quot;classic&quot;}\">\n\t\t\t\t\t\t\t<div class=\"elementor-background-overlay\"><\/div>\n\t\t\t\t\t\t\t<div class=\"elementor-container elementor-column-gap-default\">\n\t\t\t\t\t<div class=\"elementor-column elementor-col-100 elementor-top-column elementor-element elementor-element-b400f5b\" data-id=\"b400f5b\" data-element_type=\"column\" data-e-type=\"column\">\n\t\t\t<div class=\"elementor-widget-wrap elementor-element-populated\">\n\t\t\t\t\t\t<div class=\"elementor-element elementor-element-bd7abc7 elementor-widget elementor-widget-spps_button_list\" data-id=\"bd7abc7\" data-element_type=\"widget\" data-e-type=\"widget\" data-widget_type=\"spps_button_list.default\">\n\t\t\t\t<div class=\"elementor-widget-container\">\n\t\t\t\t\t<div class=\"button-list-wrapper   \"><div class=\"button-list-title\"><h2>OUI \u00e0 l'initiative pour l'avenir <\/h2><\/div><div class=\"button-list-container\"><div class=\"button-list-text\"><p>La crise climatique est le plus grand d\u00e9fi de notre \u00e9poque. Alors que la majorit\u00e9 de la population m\u00e8ne une vie plus durable et r\u00e9duit ses \u00e9missions, les super-riches produisent de plus en plus de gaz \u00e0 effet de serre. Avec leurs investissements de plusieurs milliards, leurs jets priv\u00e9s, leurs yachts et leurs m\u00e9ga-villas, ils et elles continuent de nuire au climat. Gr\u00e2ce \u00e0 l'initiative pour l'avenir, les h\u00e9ritages sup\u00e9rieurs \u00e0 50 millions de francs seront impos\u00e9s de mani\u00e8re \u00e9quitable. Ainsi, chaque ann\u00e9e, des milliards seront investis dans la protection du climat et, dans le m\u00eame temps, l'extr\u00eame in\u00e9galit\u00e9 des richesses sera combattue.<\/p><h3><strong>C'est pourquoi nous disons OUI :<\/strong><\/h3><ul style ='list-style: none;'><li style =\"background-image:url('https:\/\/staging.sp-ps.ch\/wp-content\/plugins\/elementor\/assets\/images\/placeholder.png'); background-size:0px;\"><strong>Celui\/Celle qui cause des dommages doit en supporter les co\u00fbts : <\/strong>l'accumulation d'\u00e9normes fortunes va de pair avec la destruction de notre climat. Ceux et celles qui en profitent le plus et qui causent le plus de dommages doivent imp\u00e9rativement supporter une partie des co\u00fbts. Avec un imp\u00f4t sur les successions \u00e0 partir de 50 millions de francs, les super-riches contribuent \u00e0 la r\u00e9paration des dommages qu\u2019ils et elles causent.<\/li><li style =\"background-image:url('https:\/\/staging.sp-ps.ch\/wp-content\/plugins\/elementor\/assets\/images\/placeholder.png'); background-size:0px;\"><strong>Mettre fin \u00e0 l'in\u00e9galit\u00e9 croissante :<\/strong> la fortune des 300 personnes les plus riches de Suisse a doubl\u00e9 en 20 ans pour atteindre plus de 830 milliards de francs, tandis que les salaires de la population en g\u00e9n\u00e9ral stagnent. 80 % de la fortune des super-riches est h\u00e9rit\u00e9e. Cette r\u00e9partition extr\u00eamement in\u00e9galitaire des richesses affaiblit le pouvoir d'achat de la population. Avec l'initiative pour l'avenir, nous pouvons freiner les in\u00e9galit\u00e9s et renforcer le pouvoir d'achat.<\/li><li style =\"background-image:url('https:\/\/staging.sp-ps.ch\/wp-content\/plugins\/elementor\/assets\/images\/placeholder.png'); background-size:0px;\"><strong>Prot\u00e9ger la d\u00e9mocratie :<\/strong> les super-riches nuisent non seulement au climat, mais mettent \u00e9galement en danger notre d\u00e9mocratie. De plus en plus de milliardaires investissent dans les m\u00e9dias et peuvent ainsi distiller leurs id\u00e9es, parfois de droite, souvent d\u2019extr\u00eame droite comme bon leur semble \u2013 comme Christophe Blocher par exemple.\u00a0 Avec un imp\u00f4t sur les successions de plus de 50 millions de francs, nous veillons \u00e0 r\u00e9duire la concentration extr\u00eame des richesses et limitons leur influence politique.<\/li><\/ul><\/div><\/div><\/div>\t\t\t\t<\/div>\n\t\t\t\t<\/div>\n\t\t\t\t\t<\/div>\n\t\t<\/div>\n\t\t\t\t\t<\/div>\n\t\t<\/section>\n\t\t\t\t<\/div>\n\t\t","protected":false},"excerpt":{"rendered":"<p>OUI \u00e0 l&#8217;initiative pour l&#8217;avenir La crise climatique est le plus grand d\u00e9fi de notre \u00e9poque. Alors que la majorit\u00e9 de la population m\u00e8ne une vie plus durable et r\u00e9duit [&hellip;]<\/p>\n","protected":false},"author":99,"featured_media":0,"parent":0,"menu_order":4,"comment_status":"closed","ping_status":"closed","template":"","meta":{"footnotes":""},"class_list":["post-169997","page","type-page","status-publish","hentry"],"_links":{"self":[{"href":"https:\/\/staging.sp-ps.ch\/fr\/wp-json\/wp\/v2\/pages\/169997","targetHints":{"allow":["GET"]}}],"collection":[{"href":"https:\/\/staging.sp-ps.ch\/fr\/wp-json\/wp\/v2\/pages"}],"about":[{"href":"https:\/\/staging.sp-ps.ch\/fr\/wp-json\/wp\/v2\/types\/page"}],"author":[{"embeddable":true,"href":"https:\/\/staging.sp-ps.ch\/fr\/wp-json\/wp\/v2\/users\/99"}],"replies":[{"embeddable":true,"href":"https:\/\/staging.sp-ps.ch\/fr\/wp-json\/wp\/v2\/comments?post=169997"}],"version-history":[{"count":10,"href":"https:\/\/staging.sp-ps.ch\/fr\/wp-json\/wp\/v2\/pages\/169997\/revisions"}],"predecessor-version":[{"id":170567,"href":"https:\/\/staging.sp-ps.ch\/fr\/wp-json\/wp\/v2\/pages\/169997\/revisions\/170567"}],"wp:attachment":[{"href":"https:\/\/staging.sp-ps.ch\/fr\/wp-json\/wp\/v2\/media?parent=169997"}],"curies":[{"name":"wp","href":"https:\/\/api.w.org\/{rel}","templated":true}]}}