{"id":17216,"date":"2023-02-02T15:54:10","date_gmt":"2023-02-02T14:54:10","guid":{"rendered":"https:\/\/test.sp-ps.ch\/dossiers-a-z\/politique-familiale\/"},"modified":"2023-02-02T15:59:26","modified_gmt":"2023-02-02T14:59:26","slug":"politique-familiale","status":"publish","type":"page","link":"https:\/\/staging.sp-ps.ch\/fr\/nos-positions\/dossiers-a-z\/politique-familiale\/","title":{"rendered":"Politique familiale"},"content":{"rendered":"\t\t<div data-elementor-type=\"wp-page\" data-elementor-id=\"17216\" class=\"elementor elementor-17216 elementor-14444\" data-elementor-post-type=\"page\">\n\t\t\t\t\t\t<section class=\"elementor-section elementor-top-section elementor-element elementor-element-2923709 elementor-section-boxed elementor-section-height-default elementor-section-height-default\" data-id=\"2923709\" data-element_type=\"section\" data-e-type=\"section\" data-settings=\"{&quot;jet_parallax_layout_list&quot;:[],&quot;background_background&quot;:&quot;classic&quot;}\">\n\t\t\t\t\t\t<div class=\"elementor-container elementor-column-gap-wide\">\n\t\t\t\t\t<div class=\"elementor-column elementor-col-100 elementor-top-column elementor-element elementor-element-5931e9c\" data-id=\"5931e9c\" data-element_type=\"column\" data-e-type=\"column\">\n\t\t\t<div class=\"elementor-widget-wrap elementor-element-populated\">\n\t\t\t\t\t\t<div class=\"elementor-element elementor-element-9c8d920 elementor-widget elementor-widget-heading\" data-id=\"9c8d920\" data-element_type=\"widget\" data-e-type=\"widget\" data-widget_type=\"heading.default\">\n\t\t\t\t<div class=\"elementor-widget-container\">\n\t\t\t\t\t<h1 class=\"elementor-heading-title elementor-size-default\">Politique familiale<\/h1>\t\t\t\t<\/div>\n\t\t\t\t<\/div>\n\t\t\t\t<div class=\"elementor-element elementor-element-9f79e63 elementor-widget elementor-widget-jet-breadcrumbs\" data-id=\"9f79e63\" data-element_type=\"widget\" data-e-type=\"widget\" data-widget_type=\"jet-breadcrumbs.default\">\n\t\t\t\t<div class=\"elementor-widget-container\">\n\t\t\t\t\t<div class=\"elementor-jet-breadcrumbs jet-blocks\">\n\t\t<div class=\"jet-breadcrumbs\">\n\t\t<div class=\"jet-breadcrumbs__content\">\n\t\t<div class=\"jet-breadcrumbs__wrap\">\n\t\t<\/div>\n\t\t<\/div>\n\t\t<\/div><\/div>\t\t\t\t<\/div>\n\t\t\t\t<\/div>\n\t\t\t\t<div class=\"elementor-element elementor-element-0036a2b elementor-widget__width-initial elementor-widget elementor-widget-text-editor\" data-id=\"0036a2b\" data-element_type=\"widget\" data-e-type=\"widget\" data-widget_type=\"text-editor.default\">\n\t\t\t\t<div class=\"elementor-widget-container\">\n\t\t\t\t\t\t\t\t\t<p>Le PS veut une politique familiale moderne et solidaire. La conciliation entre vie familiale et vie professionnelle en fait partie. C&#8217;est une n\u00e9cessit\u00e9 pour les parents, mais elle profite aussi \u00e0 l&#8217;\u00e9conomie. Le PS s&#8217;engage pour une bonne offre d\u2019accueil extrafamilial pour toutes et tous et non pour une minorit\u00e9 disposant de bons revenus.<\/p>\t\t\t\t\t\t\t\t<\/div>\n\t\t\t\t<\/div>\n\t\t\t\t\t<\/div>\n\t\t<\/div>\n\t\t\t\t\t<\/div>\n\t\t<\/section>\n\t\t\t\t<section class=\"elementor-section elementor-top-section elementor-element elementor-element-e254cbb elementor-section-full_width elementor-section-height-min-height elementor-section-height-default elementor-section-items-middle\" data-id=\"e254cbb\" data-element_type=\"section\" data-e-type=\"section\" data-settings=\"{&quot;jet_parallax_layout_list&quot;:[]}\">\n\t\t\t\t\t\t<div class=\"elementor-container elementor-column-gap-no\">\n\t\t\t\t\t<div class=\"elementor-column elementor-col-100 elementor-top-column elementor-element elementor-element-003081e\" data-id=\"003081e\" data-element_type=\"column\" data-e-type=\"column\">\n\t\t\t<div class=\"elementor-widget-wrap elementor-element-populated\">\n\t\t\t\t\t\t<div class=\"elementor-element elementor-element-3c7715b elementor-widget elementor-widget-image\" data-id=\"3c7715b\" data-element_type=\"widget\" data-e-type=\"widget\" data-widget_type=\"image.default\">\n\t\t\t\t<div class=\"elementor-widget-container\">\n\t\t\t\t\t\t\t\t\t\t\t\t\t\t\t<img fetchpriority=\"high\" decoding=\"async\" width=\"2400\" height=\"1600\" src=\"https:\/\/staging.sp-ps.ch\/wp-content\/uploads\/2022\/06\/kelli-mcclintock-wBgAVAGjzFg-unsplash-1.jpg\" class=\"attachment-full size-full wp-image-14451\" alt=\"\" srcset=\"https:\/\/staging.sp-ps.ch\/wp-content\/uploads\/2022\/06\/kelli-mcclintock-wBgAVAGjzFg-unsplash-1.jpg 2400w, https:\/\/staging.sp-ps.ch\/wp-content\/uploads\/2022\/06\/kelli-mcclintock-wBgAVAGjzFg-unsplash-1-300x200.jpg 300w, https:\/\/staging.sp-ps.ch\/wp-content\/uploads\/2022\/06\/kelli-mcclintock-wBgAVAGjzFg-unsplash-1-1024x683.jpg 1024w, https:\/\/staging.sp-ps.ch\/wp-content\/uploads\/2022\/06\/kelli-mcclintock-wBgAVAGjzFg-unsplash-1-768x512.jpg 768w, https:\/\/staging.sp-ps.ch\/wp-content\/uploads\/2022\/06\/kelli-mcclintock-wBgAVAGjzFg-unsplash-1-1536x1024.jpg 1536w, https:\/\/staging.sp-ps.ch\/wp-content\/uploads\/2022\/06\/kelli-mcclintock-wBgAVAGjzFg-unsplash-1-2048x1365.jpg 2048w\" sizes=\"(max-width: 2400px) 100vw, 2400px\" \/>\t\t\t\t\t\t\t\t\t\t\t\t\t\t\t<\/div>\n\t\t\t\t<\/div>\n\t\t\t\t\t<\/div>\n\t\t<\/div>\n\t\t\t\t\t<\/div>\n\t\t<\/section>\n\t\t\t\t<section class=\"elementor-section elementor-top-section elementor-element elementor-element-53d9cc3 elementor-section-boxed elementor-section-height-default elementor-section-height-default\" data-id=\"53d9cc3\" data-element_type=\"section\" data-e-type=\"section\" data-settings=\"{&quot;jet_parallax_layout_list&quot;:[]}\">\n\t\t\t\t\t\t<div class=\"elementor-container elementor-column-gap-wide\">\n\t\t\t\t\t<div class=\"elementor-column elementor-col-100 elementor-top-column elementor-element elementor-element-b56da2f\" data-id=\"b56da2f\" data-element_type=\"column\" data-e-type=\"column\">\n\t\t\t<div class=\"elementor-widget-wrap elementor-element-populated\">\n\t\t\t\t\t\t<div class=\"elementor-element elementor-element-ae2bce2 elementor-widget elementor-widget-spps_title_text\" data-id=\"ae2bce2\" data-element_type=\"widget\" data-e-type=\"widget\" data-widget_type=\"spps_title_text.default\">\n\t\t\t\t<div class=\"elementor-widget-container\">\n\t\t\t\t\t<div class=\"title-text-wrapper wrapper-spacing-default\"><div class=\"title-text-title\"><h2>Politique familiale<\/h2><\/div><div class=\"title-text-container\"><div class=\"title-text-text\"><p>Le PS veut une politique familiale moderne et solidaire. La conciliation entre vie familiale et vie professionnelle en fait partie. C'est une n\u00e9cessit\u00e9 pour les parents, mais elle profite aussi \u00e0 l'\u00e9conomie. Le PS s'engage pour une bonne offre d\u2019accueil extrafamilial pour toutes et tous et non pour une minorit\u00e9 disposant de bons revenus. Car aucun couple ne devrait \u00eatre contraint de renoncer \u00e0 avoir des enfants pour des raisons financi\u00e8res ou organisationnelles. Malheureusement, les enfants restent le risque de pauvret\u00e9 num\u00e9ro un dans notre pays, en particulier pour les familles monoparentales. Cela doit changer !<\/p><h3>Le PS Suisse \u00e9met les revendications suivantes\u00a0:<\/h3><ul><li>Un nombre suffisant de places de cr\u00e8che abordables et de bonne qualit\u00e9 dans toute la Suisse. Les frais de cr\u00e8che ne doivent pas d\u00e9passer 10 % du revenu des parents.<\/li><li>Les familles disposant de faibles revenus doivent \u00eatre mieux soutenues afin que les enfants ne tombent plus dans la pauvret\u00e9. Pour cela, il faut une loi-cadre nationale.<\/li><li>Nous avons enfin besoin en Suisse d'un cong\u00e9 parental digne de ce nom pour toutes et tous\u00a0: le PS Suisse demande l'introduction d'un cong\u00e9 parental de 38 semaines au total.<\/li><\/ul><p>\u00a0<\/p><\/div><\/div><\/div>\t\t\t\t<\/div>\n\t\t\t\t<\/div>\n\t\t\t\t<div class=\"elementor-element elementor-element-200a887 elementor-widget elementor-widget-spps_button_list\" data-id=\"200a887\" data-element_type=\"widget\" data-e-type=\"widget\" data-widget_type=\"spps_button_list.default\">\n\t\t\t\t<div class=\"elementor-widget-container\">\n\t\t\t\t\t<div class=\"button-list-wrapper wrapper-spacing-small  \"><div class=\"button-list-title\"><h3>Prises de position<\/h3><\/div><div class=\"button-list-container\"><div class=\"button-list-items\"><div class=\"button-list-item\"><div class=\"button-wrapper \"><a href=\"https:\/\/staging.sp-ps.ch\/wp-content\/uploads\/2022\/06\/positionspapier_betreuungsgutschriften_statt_steuergeschenke.pdf\"  target=\"_self\" class=\"button-link button-link-download\" >Bons de garde au lieu des cadeaux fiscaux (2007) &#091;en allemand&#093;<span class=\"button-media-date\">19.03.2007<\/span><\/a><\/div><\/div><\/div><\/div><\/div>\t\t\t\t<\/div>\n\t\t\t\t<\/div>\n\t\t\t\t<div class=\"elementor-element elementor-element-9496fa2 elementor-widget elementor-widget-spps_button_list\" data-id=\"9496fa2\" data-element_type=\"widget\" data-e-type=\"widget\" data-widget_type=\"spps_button_list.default\">\n\t\t\t\t<div class=\"elementor-widget-container\">\n\t\t\t\t\t<div class=\"button-list-wrapper wrapper-spacing-small  \"><div class=\"button-list-title\"><h3>R\u00e9solutions<\/h3><\/div><div class=\"button-list-container\"><div class=\"button-list-items\"><div class=\"button-list-item\"><div class=\"button-wrapper \"><a href=\"https:\/\/staging.sp-ps.ch\/wp-content\/uploads\/2024\/03\/Les-familles-ont-besoin-de-temps_pas-de-conge-parental-sans-amelioration-pour-les-deux-parents.pdf\"  target=\"_self\" class=\"button-link button-link-download\" >Les familles ont besoin de temps (2024)<span class=\"button-media-date\">07.03.2024<\/span><\/a><\/div><\/div><div class=\"button-list-item\"><div class=\"button-wrapper \"><a href=\"https:\/\/staging.sp-ps.ch\/wp-content\/uploads\/2022\/06\/vaterschaftsurlaub_verabschiedet_f_0.pdf\"  target=\"_self\" class=\"button-link button-link-download\" >\u00ab Pour une politique \u00e9galitaire et familiale progressiste : pour einfin aller de l\u2019avant ! \u00bb (2016) &#091;en allemand&#093;<span class=\"button-media-date\">18.04.2016<\/span><\/a><\/div><\/div><div class=\"button-list-item\"><div class=\"button-wrapper \"><a href=\"https:\/\/staging.sp-ps.ch\/wp-content\/uploads\/2022\/06\/familienpolitik_f.pdf\"  target=\"_self\" class=\"button-link button-link-download\" >Politique familiale (2015)<span class=\"button-media-date\">07.12.2015<\/span><\/a><\/div><\/div><div class=\"button-list-item\"><div class=\"button-wrapper \"><a href=\"https:\/\/staging.sp-ps.ch\/wp-content\/uploads\/2022\/06\/un_cheque_pour_chaque_enfant_initiative_pour_les_cheques-enfants.pdf\"  target=\"_self\" class=\"button-link button-link-download\" >Un ch\u00e8que pour chaque enfant (initiative pour les ch\u00e8ques-enfants) (2014)<span class=\"button-media-date\">26.09.2014<\/span><\/a><\/div><\/div><\/div><\/div><\/div>\t\t\t\t<\/div>\n\t\t\t\t<\/div>\n\t\t\t\t<div class=\"elementor-element elementor-element-9f139df elementor-widget elementor-widget-spps_button_list\" data-id=\"9f139df\" data-element_type=\"widget\" data-e-type=\"widget\" data-widget_type=\"spps_button_list.default\">\n\t\t\t\t<div class=\"elementor-widget-container\">\n\t\t\t\t\t<div class=\"button-list-wrapper wrapper-spacing-small  \"><div class=\"button-list-title\"><h3>Consultations<\/h3><\/div><div class=\"button-list-container\"><div class=\"button-list-items\"><div class=\"button-list-item\"><div class=\"button-wrapper \"><a href=\"https:\/\/staging.sp-ps.ch\/wp-content\/uploads\/2026\/02\/2026-03-13-Vernehmlassungsantwort-der-SP-Schweiz-VNL-zum-Haager-Unterhaltsuebereinkommen.pdf\"  target=\"_self\" class=\"button-link button-link-download\" >Convention de La Haye des cr\u00e9ances d\u2019entretien (2026) &#091;en allemand&#093;<span class=\"button-media-date\">13.02.2026<\/span><\/a><\/div><\/div><div class=\"button-list-item\"><div class=\"button-wrapper \"><a href=\"https:\/\/staging.sp-ps.ch\/wp-content\/uploads\/2026\/02\/2026-02-05-Vernehmlassungantwort-der-SP-Schweiz_VO-Aenderungen-Einschraenkung-Reisefreiheit.pdf\"  target=\"_self\" class=\"button-link button-link-download\" >Modification Ordonnances relatifs aux restrictions de voyage \u00e0 l'\u00e9tranger (2026) &#091;en allemand&#093;<span class=\"button-media-date\">05.02.2026<\/span><\/a><\/div><\/div><div class=\"button-list-item\"><div class=\"button-wrapper \"><a href=\"https:\/\/staging.sp-ps.ch\/wp-content\/uploads\/2026\/01\/2026-01-08-Vernehmlassungantwort-der-SP-Schweiz_Pa-Iv-Jost-v2.pdf\"  target=\"_self\" class=\"button-link button-link-download\" >Iv. pa. Jost. Des familles fortes gr\u00e2ce \u00e0 des allocations adapt\u00e9es (2026) &#091;en allemand&#093;<span class=\"button-media-date\">12.01.2026<\/span><\/a><\/div><\/div><div class=\"button-list-item\"><div class=\"button-wrapper \"><a href=\"https:\/\/staging.sp-ps.ch\/wp-content\/uploads\/2025\/12\/2025-12-19-Vernehmlassungssantwort-der-SP-Schweiz-Elterliche-Sorge-Einwohnerregister.pdf\"  target=\"_self\" class=\"button-link button-link-download\" >Inscription autorit\u00e9 parentale registres des habitants (2025) &#091;en allemand&#093;<span class=\"button-media-date\">18.12.2025<\/span><\/a><\/div><\/div><div class=\"button-list-item\"><div class=\"button-wrapper \"><a href=\"https:\/\/staging.sp-ps.ch\/wp-content\/uploads\/2025\/10\/2025-10-15-Vernehmlassungsantwort-der-SP-Schweiz-Alternierende-Obhut.pdf\"  target=\"_self\" class=\"button-link button-link-download\" >Iv. pa. Kamerzin: garde altern\u00e9e en cas d\u2019autorit\u00e9 parentale conjointe (2025) &#091;en allemand&#093;<span class=\"button-media-date\">14.10.2025<\/span><\/a><\/div><\/div><div class=\"button-list-item\"><div class=\"button-wrapper \"><a href=\"https:\/\/staging.sp-ps.ch\/wp-content\/uploads\/2024\/10\/2024-10-17-Vernehmlassungsantwort-der-SP-Schweiz-Stiefkindadoption.pdf\"  target=\"_self\" class=\"button-link button-link-download\" >Adoption facilit\u00e9e de l\u2019enfant du conjoint ou du partenaire (2024) &#091;en allemand&#093;<span class=\"button-media-date\">18.10.2024<\/span><\/a><\/div><\/div><div class=\"button-list-item\"><div class=\"button-wrapper \"><a href=\"https:\/\/staging.sp-ps.ch\/wp-content\/uploads\/2024\/01\/2024-01-05-Vernehmlassungsantwort-der-SP-Schweiz-LwG-Mo-19.3445-angemess.-Entschaedigung-im-Scheidungsfall-1.pdf\"  target=\"_self\" class=\"button-link button-link-download\" >Indemnisation de le-la conjoint(e) d\u2019un exploitant agricole en cas de divorce (2024) &#091;en allemand&#093;<span class=\"button-media-date\">08.01.2024<\/span><\/a><\/div><\/div><div class=\"button-list-item button-list-item-hidden\"><div class=\"button-wrapper \"><a href=\"https:\/\/staging.sp-ps.ch\/wp-content\/uploads\/2023\/11\/2023-10-25-Vernehmlassungsantwort-SP-Schweiz_Gewaltfreie-Erziehung.pdf\"  target=\"_self\" class=\"button-link button-link-download\" >R\u00e9vision du Code civil suisse (\u00c9ducation sans violence) (2023) &#091;en allemand&#093;<span class=\"button-media-date\">24.11.2023<\/span><\/a><\/div><\/div><div class=\"button-list-item button-list-item-hidden\"><div class=\"button-wrapper \"><a href=\"https:\/\/staging.sp-ps.ch\/wp-content\/uploads\/2022\/09\/SP-Stellungnahme-Pa.Iv_.-21.403-WBK-NR-Anstossfinanzierung.pdf\"  target=\"_self\" class=\"button-link button-link-download\" >Financement de d\u00e9part (2022) &#091;en allemand&#093;<span class=\"button-media-date\">17.09.2022<\/span><\/a><\/div><\/div><div class=\"button-list-item button-list-item-hidden\"><div class=\"button-wrapper \"><a href=\"https:\/\/staging.sp-ps.ch\/wp-content\/uploads\/2022\/06\/20220524_consultation_octroyer_le_conge_pour_le_parent_survivant_1.pdf\"  target=\"_self\" class=\"button-link button-link-download\" >Octroyer le cong\u00e9 de maternit\u00e9 au p\u00e8re en cas de d\u00e9c\u00e8s de la m\u00e8re (2022)<span class=\"button-media-date\">24.05.2022<\/span><\/a><\/div><\/div><div class=\"button-list-item button-list-item-hidden\"><div class=\"button-wrapper \"><a href=\"https:\/\/staging.sp-ps.ch\/wp-content\/uploads\/2022\/06\/2021-10-29_vernehmlassungsantwort_sp_schweiz_minderjahrigenehen_def.pdf\"  target=\"_self\" class=\"button-link button-link-download\" >Mesures de lutte contre les mariages avec un mineur (2021) &#091;en allemand&#093;<span class=\"button-media-date\">29.10.2021<\/span><\/a><\/div><\/div><div class=\"button-list-item button-list-item-hidden\"><div class=\"button-wrapper \"><a href=\"https:\/\/staging.sp-ps.ch\/wp-content\/uploads\/2022\/06\/20200915_consultation_modification_de_la_loi_sur_les_allocations_familiales_1.pdf\"  target=\"_self\" class=\"button-link button-link-download\" >Modification de la loi sur les allocations familiales (LAFam) (2020)<span class=\"button-media-date\">15.09.2020<\/span><\/a><\/div><\/div><div class=\"button-list-item button-list-item-hidden\"><div class=\"button-wrapper \"><a href=\"https:\/\/staging.sp-ps.ch\/wp-content\/uploads\/2022\/06\/18-489_cp_conge_de_paternite_1.pdf\"  target=\"_self\" class=\"button-link button-link-download\" >Contre-projet indirect \u00e0 l\u2019initiative pour un cong\u00e9 de paternit\u00e9 (2019)<span class=\"button-media-date\">25.02.2019<\/span><\/a><\/div><\/div><div class=\"button-list-item button-list-item-hidden\"><div class=\"button-wrapper \"><a href=\"https:\/\/staging.sp-ps.ch\/wp-content\/uploads\/2022\/06\/2018-06-15_vernehmlassungsantwort_sp_schweiz_teilrevision_zstv_def_0.pdf\"  target=\"_self\" class=\"button-link button-link-download\" >R\u00e9vision de l\u2019ordonnance sur l\u2019\u00e9tat civil (2018) &#091;en allemand&#093;<span class=\"button-media-date\">15.06.2018<\/span><\/a><\/div><\/div><div class=\"button-list-item button-list-item-hidden\"><div class=\"button-wrapper \"><a href=\"https:\/\/staging.sp-ps.ch\/wp-content\/uploads\/2022\/06\/2018-05-25_vernehmlassung_sp_schweiz_iprg-erbrecht_def_0.pdf\"  target=\"_self\" class=\"button-link button-link-download\" >Loi f\u00e9d\u00e9rale sur le droit international priv\u00e9 (Successions) (2018) &#091;en allemand&#093;<span class=\"button-media-date\">25.05.2018<\/span><\/a><\/div><\/div><div class=\"button-list-item button-list-item-hidden\"><div class=\"button-wrapper \"><a href=\"https:\/\/staging.sp-ps.ch\/wp-content\/uploads\/2022\/06\/18-420_iv._pa._romano_0.pdf\"  target=\"_self\" class=\"button-link button-link-download\" >Allocations en cas d'adoption d'un enfant (2018)<span class=\"button-media-date\">23.05.2018<\/span><\/a><\/div><\/div><div class=\"button-list-item button-list-item-hidden\"><div class=\"button-wrapper \"><a href=\"https:\/\/staging.sp-ps.ch\/wp-content\/uploads\/2022\/06\/17-395_modification_de_la_lafam_1.pdf\"  target=\"_self\" class=\"button-link button-link-download\" >Modification de la loi sur les allocations familiales (LAFam) (2018)<span class=\"button-media-date\">06.03.2018<\/span><\/a><\/div><\/div><div class=\"button-list-item button-list-item-hidden\"><div class=\"button-wrapper \"><a href=\"https:\/\/staging.sp-ps.ch\/wp-content\/uploads\/2022\/06\/17-382_inkassohilfe_bei_familienrechtlichen_unterhaltsanspruchen.pdf\"  target=\"_self\" class=\"button-link button-link-download\" >Aide au recouvrement des cr\u00e9ances d\u2019entretien du droit de la famille (2017) &#091;en allemand&#093;<span class=\"button-media-date\">21.11.2017<\/span><\/a><\/div><\/div><div class=\"button-list-item button-list-item-hidden\"><div class=\"button-wrapper \"><a href=\"https:\/\/staging.sp-ps.ch\/wp-content\/uploads\/2022\/06\/17-344_steuerliche_berucksichtigung_der_kinderdrittbetreuungskosten.pdf\"  target=\"_self\" class=\"button-link button-link-download\" >Prise en compte fiscale des frais de garde des enfants par des tiers (2017) &#091;en allemand&#093;<span class=\"button-media-date\">12.07.2017<\/span><\/a><\/div><\/div><div class=\"button-list-item button-list-item-hidden\"><div class=\"button-wrapper \"><a href=\"https:\/\/staging.sp-ps.ch\/wp-content\/uploads\/2022\/06\/16-258_anderung_erbrecht_zgb.pdf\"  target=\"_self\" class=\"button-link button-link-download\" >Droit des successions (2016) &#091;en allemand&#093;<span class=\"button-media-date\">31.05.2016<\/span><\/a><\/div><\/div><div class=\"button-list-item button-list-item-hidden\"><div class=\"button-wrapper \"><a href=\"https:\/\/staging.sp-ps.ch\/wp-content\/uploads\/2022\/06\/15-219_bg_finanzhilfen_fur_familienerganzende_kinderbetreuung.pdf\"  target=\"_self\" class=\"button-link button-link-download\" >Aides financi\u00e8res \u00e0 l\u2019accueil extra-familial pour enfants (2015) &#091;en allemand&#093;<span class=\"button-media-date\">04.12.2015<\/span><\/a><\/div><\/div><div class=\"button-list-item button-list-item-hidden\"><div class=\"button-wrapper \"><a href=\"https:\/\/staging.sp-ps.ch\/wp-content\/uploads\/2022\/06\/150527_vernehmlassung_fakultativprotokoll_krk_0.pdf\"  target=\"_self\" class=\"button-link button-link-download\" >Convention relative aux droits de l\u2019enfant (2015) &#091;en allemand&#093;<span class=\"button-media-date\">27.05.2015<\/span><\/a><\/div><\/div><div class=\"button-list-item button-list-item-hidden\"><div class=\"button-wrapper \"><a href=\"https:\/\/staging.sp-ps.ch\/wp-content\/uploads\/2022\/06\/erweiterung_des_adoptionsrechts.pdf\"  target=\"_self\" class=\"button-link button-link-download\" >Extension du droit de l'adoption (2014) &#091;en allemand&#093;<span class=\"button-media-date\">24.03.2014<\/span><\/a><\/div><\/div><div class=\"button-list-item button-list-item-hidden\"><div class=\"button-wrapper \"><a href=\"https:\/\/staging.sp-ps.ch\/wp-content\/uploads\/2022\/06\/vernehmlassung_zur_staerkung_des_kinderschutzes.pdf\"  target=\"_self\" class=\"button-link button-link-download\" >Am\u00e9lioration de la protection de l'enfance (2014) &#091;en allemand&#093;<span class=\"button-media-date\">23.03.2014<\/span><\/a><\/div><\/div><div class=\"button-list-item button-list-item-hidden\"><div class=\"button-wrapper \"><a href=\"https:\/\/staging.sp-ps.ch\/wp-content\/uploads\/2022\/06\/vernehmlassungsantwort_ausgewogene_paar-_und_familienbesteuerung.pdf\"  target=\"_self\" class=\"button-link button-link-download\" >R\u00e9\u00e9quilibrer l'imposition des couples et de la famille (2013) &#091;en allemand&#093;<span class=\"button-media-date\">30.11.2012<\/span><\/a><\/div><\/div><div class=\"button-list-item button-list-item-hidden\"><div class=\"button-wrapper \"><a href=\"https:\/\/staging.sp-ps.ch\/wp-content\/uploads\/2022\/06\/vorsorgeausgleich_bei_scheidung.pdf\"  target=\"_self\" class=\"button-link button-link-download\" >Partage de la pr\u00e9voyance professionnelle en cas de divorce (2010) &#091;en allemand&#093;<span class=\"button-media-date\">26.03.2010<\/span><\/a><\/div><\/div><div class=\"button-list-item button-list-item-hidden\"><div class=\"button-wrapper \"><a href=\"https:\/\/staging.sp-ps.ch\/wp-content\/uploads\/2022\/06\/verordnung_ueber_die_ausserfamiliaere_betreuung_von_kindern.pdf\"  target=\"_self\" class=\"button-link button-link-download\" >Ordonnance sur la prise en charge extrafamiliale d'enfants (2009) &#091;en allemand&#093;<span class=\"button-media-date\">14.09.2009<\/span><\/a><\/div><\/div><div class=\"button-list-item button-list-item-hidden\"><div class=\"button-wrapper \"><a href=\"https:\/\/staging.sp-ps.ch\/wp-content\/uploads\/2022\/06\/neuregelung_der_elterlichen_sorge.pdf\"  target=\"_self\" class=\"button-link button-link-download\" >Autorit\u00e9 parentale conjointe (2009) &#091;en allemand&#093;<span class=\"button-media-date\">16.04.2009<\/span><\/a><\/div><\/div><div class=\"button-list-item button-list-item-hidden\"><div class=\"button-wrapper \"><a href=\"https:\/\/staging.sp-ps.ch\/wp-content\/uploads\/2022\/06\/steuerliche_entlastung_von_familien_mit_kindern_0.pdf\"  target=\"_self\" class=\"button-link button-link-download\" >All\u00e8gements fiscaux en faveur des familles avec enfants (2009) &#091;en allemand&#093;<span class=\"button-media-date\">14.04.2009<\/span><\/a><\/div><\/div><\/div><div class=\"button-list-more\"><div class=\"button-wrapper button-wrapper-right\"><a href=\"#\" class=\"button-link button-link-open button-link-toggle-on\" data-button-list-toggle>Aufklappen<\/a><a href=\"#\" class=\"button-link button-link-close button-link-toggle-off\" data-button-list-toggle>Zuklappen<\/a><\/div><\/div><\/div><\/div>\t\t\t\t<\/div>\n\t\t\t\t<\/div>\n\t\t\t\t<div class=\"elementor-element elementor-element-e0f58bf elementor-widget elementor-widget-global elementor-global-29880 elementor-global-29866 elementor-widget-spps_call_to_action\" data-id=\"e0f58bf\" data-element_type=\"widget\" data-e-type=\"widget\" data-widget_type=\"spps_call_to_action.default\">\n\t\t\t\t<div class=\"elementor-widget-container\">\n\t\t\t\t\t<div class=\"call-to-action-wrapper wrapper-spacing-default \" style=\"background:#E4002B\" ><div class=\"call-to-action-title\"><h2>S'engager<\/h2><\/div><div class=\"call-to-action-container\"><div class=\"call-to-action-text\"><p>Deviens membre du PS Suisse d\u00e8s aujourd'hui.<\/p><\/div><div class=\"call-to-action-buttons call-to-action-buttons-left\"><div class=\"button-wrapper \"><a href=\"https:\/\/staging.sp-ps.ch\/fr\/devenir-membre\"  target=\"_blank\" class=\"button-link button-link-default\"  style='color:#E4002B' onMouseOver=\"this.style.color='white';this.style.background='#E4002B'\" onMouseOut=\"this.style.color='#E4002B';this.style.background='#EBEBEB'\">Continuer<\/a><\/div><\/div><\/div><\/div>\t\t\t\t<\/div>\n\t\t\t\t<\/div>\n\t\t\t\t\t<\/div>\n\t\t<\/div>\n\t\t\t\t\t<\/div>\n\t\t<\/section>\n\t\t\t\t<\/div>\n\t\t","protected":false},"excerpt":{"rendered":"<p>Politique familiale Le PS veut une politique familiale moderne et solidaire. La conciliation entre vie familiale et vie professionnelle en fait partie. C&#8217;est une n\u00e9cessit\u00e9 pour les parents, mais elle [&hellip;]<\/p>\n","protected":false},"author":1,"featured_media":0,"parent":17197,"menu_order":3,"comment_status":"closed","ping_status":"closed","template":"","meta":{"footnotes":""},"class_list":["post-17216","page","type-page","status-publish","hentry"],"_links":{"self":[{"href":"https:\/\/staging.sp-ps.ch\/fr\/wp-json\/wp\/v2\/pages\/17216","targetHints":{"allow":["GET"]}}],"collection":[{"href":"https:\/\/staging.sp-ps.ch\/fr\/wp-json\/wp\/v2\/pages"}],"about":[{"href":"https:\/\/staging.sp-ps.ch\/fr\/wp-json\/wp\/v2\/types\/page"}],"author":[{"embeddable":true,"href":"https:\/\/staging.sp-ps.ch\/fr\/wp-json\/wp\/v2\/users\/1"}],"replies":[{"embeddable":true,"href":"https:\/\/staging.sp-ps.ch\/fr\/wp-json\/wp\/v2\/comments?post=17216"}],"version-history":[{"count":9,"href":"https:\/\/staging.sp-ps.ch\/fr\/wp-json\/wp\/v2\/pages\/17216\/revisions"}],"predecessor-version":[{"id":90446,"href":"https:\/\/staging.sp-ps.ch\/fr\/wp-json\/wp\/v2\/pages\/17216\/revisions\/90446"}],"up":[{"embeddable":true,"href":"https:\/\/staging.sp-ps.ch\/fr\/wp-json\/wp\/v2\/pages\/17197"}],"wp:attachment":[{"href":"https:\/\/staging.sp-ps.ch\/fr\/wp-json\/wp\/v2\/media?parent=17216"}],"curies":[{"name":"wp","href":"https:\/\/api.w.org\/{rel}","templated":true}]}}