{"id":174896,"date":"2025-12-16T16:16:11","date_gmt":"2025-12-16T15:16:11","guid":{"rendered":"https:\/\/staging.sp-ps.ch\/?page_id=174896"},"modified":"2025-12-16T16:22:39","modified_gmt":"2025-12-16T15:22:39","slug":"non-initiative-anti-ssr","status":"publish","type":"page","link":"https:\/\/staging.sp-ps.ch\/fr\/non-initiative-anti-ssr\/","title":{"rendered":"NON \u00e0 l\u2019initiative anti-SSR"},"content":{"rendered":"\t\t<div data-elementor-type=\"wp-page\" data-elementor-id=\"174896\" class=\"elementor elementor-174896 elementor-174895\" data-elementor-post-type=\"page\">\n\t\t\t\t\t\t<section class=\"elementor-section elementor-top-section elementor-element elementor-element-35f82ac elementor-section-boxed elementor-section-height-default elementor-section-height-default\" data-id=\"35f82ac\" data-element_type=\"section\" data-e-type=\"section\" data-settings=\"{&quot;jet_parallax_layout_list&quot;:[],&quot;background_background&quot;:&quot;classic&quot;}\">\n\t\t\t\t\t\t\t<div class=\"elementor-background-overlay\"><\/div>\n\t\t\t\t\t\t\t<div class=\"elementor-container elementor-column-gap-default\">\n\t\t\t\t\t<div class=\"elementor-column elementor-col-100 elementor-top-column elementor-element elementor-element-274bc43\" data-id=\"274bc43\" data-element_type=\"column\" data-e-type=\"column\">\n\t\t\t<div class=\"elementor-widget-wrap elementor-element-populated\">\n\t\t\t\t\t\t<div class=\"elementor-element elementor-element-c0832ef elementor-widget elementor-widget-image\" data-id=\"c0832ef\" data-element_type=\"widget\" data-e-type=\"widget\" data-widget_type=\"image.default\">\n\t\t\t\t<div class=\"elementor-widget-container\">\n\t\t\t\t\t\t\t\t\t\t\t\t\t\t\t<img fetchpriority=\"high\" decoding=\"async\" width=\"800\" height=\"534\" src=\"https:\/\/staging.sp-ps.ch\/wp-content\/uploads\/2025\/12\/251209_SPS_Halbierungsinitiative_Visualisierung_F4_Strasse_FR_klein-min-1024x683.png\" class=\"attachment-large size-large wp-image-174927\" alt=\"\" srcset=\"https:\/\/staging.sp-ps.ch\/wp-content\/uploads\/2025\/12\/251209_SPS_Halbierungsinitiative_Visualisierung_F4_Strasse_FR_klein-min-1024x683.png 1024w, https:\/\/staging.sp-ps.ch\/wp-content\/uploads\/2025\/12\/251209_SPS_Halbierungsinitiative_Visualisierung_F4_Strasse_FR_klein-min-300x200.png 300w, https:\/\/staging.sp-ps.ch\/wp-content\/uploads\/2025\/12\/251209_SPS_Halbierungsinitiative_Visualisierung_F4_Strasse_FR_klein-min-768x512.png 768w, https:\/\/staging.sp-ps.ch\/wp-content\/uploads\/2025\/12\/251209_SPS_Halbierungsinitiative_Visualisierung_F4_Strasse_FR_klein-min-1536x1024.png 1536w, https:\/\/staging.sp-ps.ch\/wp-content\/uploads\/2025\/12\/251209_SPS_Halbierungsinitiative_Visualisierung_F4_Strasse_FR_klein-min-2048x1365.png 2048w\" sizes=\"(max-width: 800px) 100vw, 800px\" \/>\t\t\t\t\t\t\t\t\t\t\t\t\t\t\t<\/div>\n\t\t\t\t<\/div>\n\t\t\t\t\t<\/div>\n\t\t<\/div>\n\t\t\t\t\t<\/div>\n\t\t<\/section>\n\t\t\t\t<section class=\"elementor-section elementor-top-section elementor-element elementor-element-ad098da elementor-section-boxed elementor-section-height-default elementor-section-height-default\" data-id=\"ad098da\" data-element_type=\"section\" data-e-type=\"section\" data-settings=\"{&quot;jet_parallax_layout_list&quot;:[],&quot;background_background&quot;:&quot;classic&quot;}\">\n\t\t\t\t\t\t\t<div class=\"elementor-background-overlay\"><\/div>\n\t\t\t\t\t\t\t<div class=\"elementor-container elementor-column-gap-default\">\n\t\t\t\t\t<div class=\"elementor-column elementor-col-100 elementor-top-column elementor-element elementor-element-b400f5b\" data-id=\"b400f5b\" data-element_type=\"column\" data-e-type=\"column\">\n\t\t\t<div class=\"elementor-widget-wrap elementor-element-populated\">\n\t\t\t\t\t\t<div class=\"elementor-element elementor-element-bd7abc7 elementor-widget elementor-widget-spps_button_list\" data-id=\"bd7abc7\" data-element_type=\"widget\" data-e-type=\"widget\" data-widget_type=\"spps_button_list.default\">\n\t\t\t\t<div class=\"elementor-widget-container\">\n\t\t\t\t\t<div class=\"button-list-wrapper   \"><div class=\"button-list-title\"><h2>NON \u00e0 l\u2019initiative anti-SSR <\/h2><\/div><div class=\"button-list-container\"><div class=\"button-list-text\"><p>En Suisse, Christoph Blocher s\u2019offre des journaux gratuits, tandis qu\u2019\u00e0 l\u2019international, Elon Musk et Mark Zuckerberg contr\u00f4lent les plus grandes plateformes de r\u00e9seaux sociaux avec X et Meta. Leur objectif est clair : moins de faits ind\u00e9pendants, plus de propagande cibl\u00e9e. Il n\u2019est donc pas \u00e9tonnant que l\u2019UDC s\u2019en prenne aux m\u00e9dias ind\u00e9pendants avec son initiative anti-SSR afin d\u2019imposer son agenda politique. \u00c0 une \u00e9poque o\u00f9 les forces conservatrices gagnent du terrain dans le monde entier et o\u00f9 les <em>fake news<\/em> et la d\u00e9sinformation se multiplient, des m\u00e9dias ind\u00e9pendants et de qualit\u00e9 sont indispensables. L\u2019initiative anti-SSR vise pr\u00e9cis\u00e9ment \u00e0 les d\u00e9truire.<\/p>\n<p>\u00a0<\/p>\n<h3>Voici pourquoi nous disons NON \u00e0 l\u2019initiative anti-SSR :<\/h3>\n<ul style ='list-style: none;'>\n<li style =\"background-image:url('https:\/\/staging.sp-ps.ch\/wp-content\/plugins\/elementor\/assets\/images\/placeholder.png'); background-size:0px;\"><strong>Moins de faits, plus de <em>fake news<\/em> : <\/strong>la SSR fournit chaque jour des informations ind\u00e9pendantes et de qualit\u00e9. Les coupes massives en cas de \u00ab\u00a0oui\u00a0\u00bb \u00e0 l\u2019initiative rendront cela impossible. R\u00e9sultat : une influence d\u00e9cupl\u00e9e pour Elon Musk, Mark Zuckerberg et compagnie, qui diffusent de mani\u00e8re cibl\u00e9e des <em>fake news<\/em> et leurs id\u00e9ologies conservatrices via leurs plateformes.<\/li>\n<li style =\"background-image:url('https:\/\/staging.sp-ps.ch\/wp-content\/plugins\/elementor\/assets\/images\/placeholder.png'); background-size:0px;\"><strong>Une information ind\u00e9pendante est plus importante que jamais : <\/strong>les milieux conservateurs gagnent en puissance et la d\u00e9mocratie est soumise \u00e0 une pression croissante. Des m\u00e9dias ind\u00e9pendants et de qualit\u00e9 sont la base d\u2019une information fiable. En les affaiblissant, nous offrons aux milliardaires et aux forces conservatrices le contr\u00f4le de l\u2019information. Nous ne voulons pas d\u2019une Suisse o\u00f9 Christoph Blocher et ses sbires d\u00e9cident de ce qui est \u00e9voqu\u00e9 dans les m\u00e9dias.<\/li>\n<li style =\"background-image:url('https:\/\/staging.sp-ps.ch\/wp-content\/plugins\/elementor\/assets\/images\/placeholder.png'); background-size:0px;\"><strong>Des contenus sans pression des clics et de la publicit\u00e9 : <\/strong>les m\u00e9dias de qualit\u00e9 sont soumis \u00e0 une pression croissante. Les contenus rapides et sensationnalistes sont r\u00e9compens\u00e9s. Ce qui ne se \u00ab\u00a0vend\u00a0\u00bb pas dispara\u00eet : l\u2019information, le divertissement, le sport, la culture et les productions suisses sont menac\u00e9s. La SSR est la garante d\u2019une offre par et pour la Suisse romande. Sans elle, des \u00e9v\u00e9nements comme l\u2019Eurovision ou l\u2019Euro de football ne seraient plus qu\u2019accessibles via des plateformes priv\u00e9es aux prix exorbitants. Si la SSR est affaiblie, ce sont de grands groupes m\u00e9diatiques al\u00e9maniques qui prendront le relais.<\/li>\n<\/ul><\/div><\/div><\/div>\t\t\t\t<\/div>\n\t\t\t\t<\/div>\n\t\t\t\t\t<\/div>\n\t\t<\/div>\n\t\t\t\t\t<\/div>\n\t\t<\/section>\n\t\t\t\t<\/div>\n\t\t","protected":false},"excerpt":{"rendered":"<p>NON \u00e0 l\u2019initiative anti-SSR En Suisse, Christoph Blocher s\u2019offre des journaux gratuits, tandis qu\u2019\u00e0 l\u2019international, Elon Musk et Mark Zuckerberg contr\u00f4lent les plus grandes plateformes de r\u00e9seaux sociaux avec X [&hellip;]<\/p>\n","protected":false},"author":83,"featured_media":174925,"parent":0,"menu_order":5,"comment_status":"closed","ping_status":"closed","template":"","meta":{"footnotes":""},"class_list":["post-174896","page","type-page","status-publish","has-post-thumbnail","hentry"],"_links":{"self":[{"href":"https:\/\/staging.sp-ps.ch\/fr\/wp-json\/wp\/v2\/pages\/174896","targetHints":{"allow":["GET"]}}],"collection":[{"href":"https:\/\/staging.sp-ps.ch\/fr\/wp-json\/wp\/v2\/pages"}],"about":[{"href":"https:\/\/staging.sp-ps.ch\/fr\/wp-json\/wp\/v2\/types\/page"}],"author":[{"embeddable":true,"href":"https:\/\/staging.sp-ps.ch\/fr\/wp-json\/wp\/v2\/users\/83"}],"replies":[{"embeddable":true,"href":"https:\/\/staging.sp-ps.ch\/fr\/wp-json\/wp\/v2\/comments?post=174896"}],"version-history":[{"count":19,"href":"https:\/\/staging.sp-ps.ch\/fr\/wp-json\/wp\/v2\/pages\/174896\/revisions"}],"predecessor-version":[{"id":174948,"href":"https:\/\/staging.sp-ps.ch\/fr\/wp-json\/wp\/v2\/pages\/174896\/revisions\/174948"}],"wp:featuredmedia":[{"embeddable":true,"href":"https:\/\/staging.sp-ps.ch\/fr\/wp-json\/wp\/v2\/media\/174925"}],"wp:attachment":[{"href":"https:\/\/staging.sp-ps.ch\/fr\/wp-json\/wp\/v2\/media?parent=174896"}],"curies":[{"name":"wp","href":"https:\/\/api.w.org\/{rel}","templated":true}]}}