{"id":17490,"date":"2023-10-04T16:56:38","date_gmt":"2023-10-04T14:56:38","guid":{"rendered":"https:\/\/test.sp-ps.ch\/ps-internationale\/"},"modified":"2026-03-10T13:33:37","modified_gmt":"2026-03-10T12:33:37","slug":"ps-international","status":"publish","type":"page","link":"https:\/\/staging.sp-ps.ch\/fr\/parti\/ps-international\/","title":{"rendered":"PS international"},"content":{"rendered":"\t\t<div data-elementor-type=\"wp-page\" data-elementor-id=\"17490\" class=\"elementor elementor-17490 elementor-361\" data-elementor-post-type=\"page\">\n\t\t\t\t\t\t<section class=\"elementor-section elementor-top-section elementor-element elementor-element-3f776ce elementor-section-boxed elementor-section-height-default elementor-section-height-default\" data-id=\"3f776ce\" data-element_type=\"section\" data-e-type=\"section\" data-settings=\"{&quot;jet_parallax_layout_list&quot;:[],&quot;background_background&quot;:&quot;classic&quot;}\">\n\t\t\t\t\t\t<div class=\"elementor-container elementor-column-gap-wide\">\n\t\t\t\t\t<div class=\"elementor-column elementor-col-100 elementor-top-column elementor-element elementor-element-a03e23a\" data-id=\"a03e23a\" data-element_type=\"column\" data-e-type=\"column\">\n\t\t\t<div class=\"elementor-widget-wrap elementor-element-populated\">\n\t\t\t\t\t\t<div class=\"elementor-element elementor-element-f02606b elementor-widget elementor-widget-heading\" data-id=\"f02606b\" data-element_type=\"widget\" data-e-type=\"widget\" data-widget_type=\"heading.default\">\n\t\t\t\t<div class=\"elementor-widget-container\">\n\t\t\t\t\t<h1 class=\"elementor-heading-title elementor-size-default\">PS international<\/h1>\t\t\t\t<\/div>\n\t\t\t\t<\/div>\n\t\t\t\t<div class=\"elementor-element elementor-element-1d89017 elementor-widget elementor-widget-jet-breadcrumbs\" data-id=\"1d89017\" data-element_type=\"widget\" data-e-type=\"widget\" data-widget_type=\"jet-breadcrumbs.default\">\n\t\t\t\t<div class=\"elementor-widget-container\">\n\t\t\t\t\t<div class=\"elementor-jet-breadcrumbs jet-blocks\">\n\t\t<div class=\"jet-breadcrumbs\">\n\t\t<div class=\"jet-breadcrumbs__content\">\n\t\t<div class=\"jet-breadcrumbs__wrap\">\n\t\t<\/div>\n\t\t<\/div>\n\t\t<\/div><\/div>\t\t\t\t<\/div>\n\t\t\t\t<\/div>\n\t\t\t\t<div class=\"elementor-element elementor-element-2218032 elementor-widget__width-initial elementor-widget elementor-widget-text-editor\" data-id=\"2218032\" data-element_type=\"widget\" data-e-type=\"widget\" data-widget_type=\"text-editor.default\">\n\t\t\t\t<div class=\"elementor-widget-container\">\n\t\t\t\t\t\t\t\t\tLes membres du PS vivant \u00e0 l\u2019\u00e9tranger, en expatriation temporaire ou durable se regroupent dans la section internationale du PS Suisse. Le PS Suisse international (abr\u00e9g\u00e9 : Le PS international) cr\u00e9e un lien fort entre les membres PS du monde entier et les membres de l\u2019int\u00e9rieur.\t\t\t\t\t\t\t\t<\/div>\n\t\t\t\t<\/div>\n\t\t\t\t\t<\/div>\n\t\t<\/div>\n\t\t\t\t\t<\/div>\n\t\t<\/section>\n\t\t\t\t<section class=\"elementor-section elementor-top-section elementor-element elementor-element-703c7a9 elementor-section-full_width elementor-section-height-min-height elementor-section-height-default elementor-section-items-middle\" data-id=\"703c7a9\" data-element_type=\"section\" data-e-type=\"section\" data-settings=\"{&quot;jet_parallax_layout_list&quot;:[]}\">\n\t\t\t\t\t\t<div class=\"elementor-container elementor-column-gap-no\">\n\t\t\t\t\t<div class=\"elementor-column elementor-col-100 elementor-top-column elementor-element elementor-element-c197f04\" data-id=\"c197f04\" data-element_type=\"column\" data-e-type=\"column\">\n\t\t\t<div class=\"elementor-widget-wrap elementor-element-populated\">\n\t\t\t\t\t\t<div class=\"elementor-element elementor-element-86bacd7 elementor-widget elementor-widget-image\" data-id=\"86bacd7\" data-element_type=\"widget\" data-e-type=\"widget\" data-widget_type=\"image.default\">\n\t\t\t\t<div class=\"elementor-widget-container\">\n\t\t\t\t\t\t\t\t\t\t\t\t\t\t\t<img fetchpriority=\"high\" decoding=\"async\" width=\"2400\" height=\"1600\" src=\"https:\/\/staging.sp-ps.ch\/wp-content\/uploads\/2022\/06\/elena-mozhvilo-eA32JIBsSu8-unsplash.jpg\" class=\"attachment-full size-full wp-image-17375\" alt=\"\" srcset=\"https:\/\/staging.sp-ps.ch\/wp-content\/uploads\/2022\/06\/elena-mozhvilo-eA32JIBsSu8-unsplash.jpg 2400w, https:\/\/staging.sp-ps.ch\/wp-content\/uploads\/2022\/06\/elena-mozhvilo-eA32JIBsSu8-unsplash-300x200.jpg 300w, https:\/\/staging.sp-ps.ch\/wp-content\/uploads\/2022\/06\/elena-mozhvilo-eA32JIBsSu8-unsplash-1024x683.jpg 1024w, https:\/\/staging.sp-ps.ch\/wp-content\/uploads\/2022\/06\/elena-mozhvilo-eA32JIBsSu8-unsplash-768x512.jpg 768w, https:\/\/staging.sp-ps.ch\/wp-content\/uploads\/2022\/06\/elena-mozhvilo-eA32JIBsSu8-unsplash-1536x1024.jpg 1536w, https:\/\/staging.sp-ps.ch\/wp-content\/uploads\/2022\/06\/elena-mozhvilo-eA32JIBsSu8-unsplash-2048x1365.jpg 2048w\" sizes=\"(max-width: 2400px) 100vw, 2400px\" \/>\t\t\t\t\t\t\t\t\t\t\t\t\t\t\t<\/div>\n\t\t\t\t<\/div>\n\t\t\t\t\t<\/div>\n\t\t<\/div>\n\t\t\t\t\t<\/div>\n\t\t<\/section>\n\t\t\t\t<section class=\"elementor-section elementor-top-section elementor-element elementor-element-1922097 elementor-section-boxed elementor-section-height-default elementor-section-height-default\" data-id=\"1922097\" data-element_type=\"section\" data-e-type=\"section\" data-settings=\"{&quot;jet_parallax_layout_list&quot;:[]}\">\n\t\t\t\t\t\t<div class=\"elementor-container elementor-column-gap-wide\">\n\t\t\t\t\t<div class=\"elementor-column elementor-col-100 elementor-top-column elementor-element elementor-element-aa9f6ff\" data-id=\"aa9f6ff\" data-element_type=\"column\" data-e-type=\"column\">\n\t\t\t<div class=\"elementor-widget-wrap elementor-element-populated\">\n\t\t\t\t\t\t<div class=\"elementor-element elementor-element-f178c3a elementor-widget elementor-widget-spps_title_text\" data-id=\"f178c3a\" data-element_type=\"widget\" data-e-type=\"widget\" data-widget_type=\"spps_title_text.default\">\n\t\t\t\t<div class=\"elementor-widget-container\">\n\t\t\t\t\t<div class=\"title-text-wrapper wrapper-spacing-default\"><div class=\"title-text-title\"><h2>PS internationale <\/h2><\/div><div class=\"title-text-container\"><div class=\"title-text-text\">Les membres du PS vivant \u00e0 l\u2019\u00e9tranger, en expatriation temporaire ou durable se regroupent dans la section internationale du PS Suisse. Le PS Suisse international (abr\u00e9g\u00e9 : Le PS international) cr\u00e9e un lien fort entre les membres PS du monde entier et les membres de l\u2019int\u00e9rieur. Le PS accorde une grande importance aux droits politiques des Suissesses et Suisses de l\u2019\u00e9tranger, leurs activ\u00e9s et int\u00e9r\u00eats.\r\n\r\nLa Section internationale du PS Suisse a ceci de particulier qu'elle d\u00e9pend directement du parti suisse, \u00e0 l'instar des partis cantonaux. La Section internationale a le droit d'\u00eatre repr\u00e9sent\u00e9e et de faire des propositions aussi bien au Congr\u00e8s du parti que lors de l'Assembl\u00e9e des d\u00e9l\u00e9gu\u00e9s. L'assembl\u00e9e g\u00e9n\u00e9rale de la Section internationale a lieu une fois par an. Entre temps, les membres du PS Suisse communiquent notamment par voie \u00e9lectronique. Le comit\u00e9 est responsable des affaires courantes.<\/div><\/div><\/div>\t\t\t\t<\/div>\n\t\t\t\t<\/div>\n\t\t\t\t<div class=\"elementor-element elementor-element-9db138f elementor-widget elementor-widget-spps_button_list\" data-id=\"9db138f\" data-element_type=\"widget\" data-e-type=\"widget\" data-widget_type=\"spps_button_list.default\">\n\t\t\t\t<div class=\"elementor-widget-container\">\n\t\t\t\t\t<div class=\"button-list-wrapper   \"><div class=\"button-list-title\"><h3>Contact<\/h3><\/div><div class=\"button-list-container\"><div class=\"button-list-text\"><p>Vous avez encore des questions ? Nous y r\u00e9pondrons volontiers \u00e0 l'adresse courriel suivante : <a href=\"mailto:international@pssuisse.ch\">international@pssuisse.ch<\/a><\/p><\/div><\/div><\/div>\t\t\t\t<\/div>\n\t\t\t\t<\/div>\n\t\t\t\t<div class=\"elementor-element elementor-element-6660db7 elementor-widget elementor-widget-spps_person_grid\" data-id=\"6660db7\" data-element_type=\"widget\" data-e-type=\"widget\" data-widget_type=\"spps_person_grid.default\">\n\t\t\t\t<div class=\"elementor-widget-container\">\n\t\t\t\t\t<div class=\"button-list-wrapper wrapper-spacing-small\"><div class=\"button-list-title\"><h3>Copr\u00e9sidence<\/h3><\/div><div class=\"button-list-container\"><div class=\"persons persons-grid-2\"><div class=\"persons-items\"><div class=\"persons-item\"><div class=\"person-container\"><div class=\"person-portrait\"><a href=\"https:\/\/staging.sp-ps.ch\/fr\/person\/moritz-bondeli\/\"><img decoding=\"async\" src=\"https:\/\/staging.sp-ps.ch\/wp-content\/uploads\/2025\/11\/bondeli-profilbild--600x600.jpg?v=1762335769\" alt=\"Moritz Bondeli\" loading=\"lazy\"><\/a><\/div><div class=\"person-content\"><a href=\"https:\/\/staging.sp-ps.ch\/fr\/person\/moritz-bondeli\/\" class=\"person-name\"><p><strong>Moritz Bondeli<\/strong><\/p><\/a><p class=\"person-position\">Copr\u00e9sident du PS International<\/p><ul class=\"person-kontakt list-pills list-pills-grey\"><li><a href=\"mailto:praesidium-international@spschweiz.ch\">E-Mail<\/a><\/li><\/ul><\/div><\/div><\/div><div class=\"persons-item\"><div class=\"person-container\"><div class=\"person-portrait\"><a href=\"https:\/\/staging.sp-ps.ch\/fr\/person\/christophe-margot\/\"><img decoding=\"async\" src=\"https:\/\/staging.sp-ps.ch\/wp-content\/uploads\/2025\/11\/margot-profilbild-600x600.jpg?v=1762336303\" alt=\"Christophe Margot\" loading=\"lazy\"><\/a><\/div><div class=\"person-content\"><a href=\"https:\/\/staging.sp-ps.ch\/fr\/person\/christophe-margot\/\" class=\"person-name\"><p><strong>Christophe Margot<\/strong><\/p><\/a><p class=\"person-position\">Copr\u00e9sident du PS International<\/p><ul class=\"person-kontakt list-pills list-pills-grey\"><li><a href=\"mailto:praesidium-international@spschweiz.ch\">E-Mail<\/a><\/li><\/ul><\/div><\/div><\/div><\/div><\/div><\/div><\/div>\t\t\t\t<\/div>\n\t\t\t\t<\/div>\n\t\t\t\t<div class=\"elementor-element elementor-element-63e5c48 elementor-widget elementor-widget-spps_button_list\" data-id=\"63e5c48\" data-element_type=\"widget\" data-e-type=\"widget\" data-widget_type=\"spps_button_list.default\">\n\t\t\t\t<div class=\"elementor-widget-container\">\n\t\t\t\t\t<div class=\"button-list-wrapper wrapper-spacing-small  \"><div class=\"button-list-title\"><h3>Les documents principaux du PS International<\/h3><\/div><div class=\"button-list-container\"><div class=\"button-list-items\"><div class=\"button-list-item\"><div class=\"button-wrapper \"><a href=\"https:\/\/staging.sp-ps.ch\/wp-content\/uploads\/2022\/06\/statuts-ps-international_f_1.pdf\"  target=\"_self\" class=\"button-link button-link-download\" >Les statuts du PS International<span class=\"button-media-date\">18.04.2026<\/span><\/a><\/div><\/div><\/div><\/div><\/div>\t\t\t\t<\/div>\n\t\t\t\t<\/div>\n\t\t\t\t<div class=\"elementor-element elementor-element-51c065a elementor-widget elementor-widget-global elementor-global-29880 elementor-global-29866 elementor-widget-spps_call_to_action\" data-id=\"51c065a\" data-element_type=\"widget\" data-e-type=\"widget\" data-widget_type=\"spps_call_to_action.default\">\n\t\t\t\t<div class=\"elementor-widget-container\">\n\t\t\t\t\t<div class=\"call-to-action-wrapper wrapper-spacing-default \" style=\"background:#E4002B\" ><div class=\"call-to-action-title\"><h2>S'engager<\/h2><\/div><div class=\"call-to-action-container\"><div class=\"call-to-action-text\"><p>Deviens membre du PS Suisse d\u00e8s aujourd'hui.<\/p><\/div><div class=\"call-to-action-buttons call-to-action-buttons-left\"><div class=\"button-wrapper \"><a href=\"https:\/\/staging.sp-ps.ch\/fr\/devenir-membre\"  target=\"_blank\" class=\"button-link button-link-default\"  style='color:#E4002B' onMouseOver=\"this.style.color='white';this.style.background='#E4002B'\" onMouseOut=\"this.style.color='#E4002B';this.style.background='#EBEBEB'\">Continuer<\/a><\/div><\/div><\/div><\/div>\t\t\t\t<\/div>\n\t\t\t\t<\/div>\n\t\t\t\t\t<\/div>\n\t\t<\/div>\n\t\t\t\t\t<\/div>\n\t\t<\/section>\n\t\t\t\t<\/div>\n\t\t","protected":false},"excerpt":{"rendered":"<p>PS international Les membres du PS vivant \u00e0 l\u2019\u00e9tranger, en expatriation temporaire ou durable se regroupent dans la section internationale du PS Suisse. Le PS Suisse international (abr\u00e9g\u00e9 : Le [&hellip;]<\/p>\n","protected":false},"author":1,"featured_media":0,"parent":30425,"menu_order":11,"comment_status":"closed","ping_status":"closed","template":"","meta":{"footnotes":""},"class_list":["post-17490","page","type-page","status-publish","hentry"],"_links":{"self":[{"href":"https:\/\/staging.sp-ps.ch\/fr\/wp-json\/wp\/v2\/pages\/17490","targetHints":{"allow":["GET"]}}],"collection":[{"href":"https:\/\/staging.sp-ps.ch\/fr\/wp-json\/wp\/v2\/pages"}],"about":[{"href":"https:\/\/staging.sp-ps.ch\/fr\/wp-json\/wp\/v2\/types\/page"}],"author":[{"embeddable":true,"href":"https:\/\/staging.sp-ps.ch\/fr\/wp-json\/wp\/v2\/users\/1"}],"replies":[{"embeddable":true,"href":"https:\/\/staging.sp-ps.ch\/fr\/wp-json\/wp\/v2\/comments?post=17490"}],"version-history":[{"count":17,"href":"https:\/\/staging.sp-ps.ch\/fr\/wp-json\/wp\/v2\/pages\/17490\/revisions"}],"predecessor-version":[{"id":179915,"href":"https:\/\/staging.sp-ps.ch\/fr\/wp-json\/wp\/v2\/pages\/17490\/revisions\/179915"}],"up":[{"embeddable":true,"href":"https:\/\/staging.sp-ps.ch\/fr\/wp-json\/wp\/v2\/pages\/30425"}],"wp:attachment":[{"href":"https:\/\/staging.sp-ps.ch\/fr\/wp-json\/wp\/v2\/media?parent=17490"}],"curies":[{"name":"wp","href":"https:\/\/api.w.org\/{rel}","templated":true}]}}