{"id":29849,"date":"2023-02-09T12:08:45","date_gmt":"2023-02-09T11:08:45","guid":{"rendered":"https:\/\/test.sp-ps.ch\/ce-que-nous-defendons\/dossiers-a-z\/logement-et-location\/"},"modified":"2026-03-17T10:58:51","modified_gmt":"2026-03-17T09:58:51","slug":"logement-et-location","status":"publish","type":"page","link":"https:\/\/staging.sp-ps.ch\/fr\/nos-positions\/dossiers-a-z\/logement-et-location\/","title":{"rendered":"Logement et location"},"content":{"rendered":"\t\t<div data-elementor-type=\"wp-page\" data-elementor-id=\"29849\" class=\"elementor elementor-29849 elementor-15738\" data-elementor-post-type=\"page\">\n\t\t\t\t\t\t<section class=\"elementor-section elementor-top-section elementor-element elementor-element-763d2f5 elementor-section-boxed elementor-section-height-default elementor-section-height-default\" data-id=\"763d2f5\" data-element_type=\"section\" data-e-type=\"section\" data-settings=\"{&quot;jet_parallax_layout_list&quot;:[],&quot;background_background&quot;:&quot;classic&quot;}\">\n\t\t\t\t\t\t<div class=\"elementor-container elementor-column-gap-wide\">\n\t\t\t\t\t<div class=\"elementor-column elementor-col-100 elementor-top-column elementor-element elementor-element-d49c518\" data-id=\"d49c518\" data-element_type=\"column\" data-e-type=\"column\">\n\t\t\t<div class=\"elementor-widget-wrap elementor-element-populated\">\n\t\t\t\t\t\t<div class=\"elementor-element elementor-element-cb27d09 elementor-widget elementor-widget-heading\" data-id=\"cb27d09\" data-element_type=\"widget\" data-e-type=\"widget\" data-widget_type=\"heading.default\">\n\t\t\t\t<div class=\"elementor-widget-container\">\n\t\t\t\t\t<h1 class=\"elementor-heading-title elementor-size-default\">Logement et location<\/h1>\t\t\t\t<\/div>\n\t\t\t\t<\/div>\n\t\t\t\t<div class=\"elementor-element elementor-element-cd162d9 elementor-widget elementor-widget-jet-breadcrumbs\" data-id=\"cd162d9\" data-element_type=\"widget\" data-e-type=\"widget\" data-widget_type=\"jet-breadcrumbs.default\">\n\t\t\t\t<div class=\"elementor-widget-container\">\n\t\t\t\t\t<div class=\"elementor-jet-breadcrumbs jet-blocks\">\n\t\t<div class=\"jet-breadcrumbs\">\n\t\t<div class=\"jet-breadcrumbs__content\">\n\t\t<div class=\"jet-breadcrumbs__wrap\">\n\t\t<\/div>\n\t\t<\/div>\n\t\t<\/div><\/div>\t\t\t\t<\/div>\n\t\t\t\t<\/div>\n\t\t\t\t<div class=\"elementor-element elementor-element-5288d6e elementor-widget__width-initial elementor-widget elementor-widget-text-editor\" data-id=\"5288d6e\" data-element_type=\"widget\" data-e-type=\"widget\" data-widget_type=\"text-editor.default\">\n\t\t\t\t<div class=\"elementor-widget-container\">\n\t\t\t\t\t\t\t\t\tLa sp\u00e9culation et la cupidit\u00e9 d\u00e9bouchent sur des loyers toujours plus \u00e9lev\u00e9s. Pour cr\u00e9er des logements abordables pour toutes et tous, il faut contr\u00f4ler les prix des terrains et promouvoir les habitations \u00e0 caract\u00e8re social. Le sol national est un bien pr\u00e9cieux et limit\u00e9.\t\t\t\t\t\t\t\t<\/div>\n\t\t\t\t<\/div>\n\t\t\t\t\t<\/div>\n\t\t<\/div>\n\t\t\t\t\t<\/div>\n\t\t<\/section>\n\t\t\t\t<section class=\"elementor-section elementor-top-section elementor-element elementor-element-068d80d elementor-section-full_width elementor-section-height-min-height elementor-section-height-default elementor-section-items-middle\" data-id=\"068d80d\" data-element_type=\"section\" data-e-type=\"section\" data-settings=\"{&quot;jet_parallax_layout_list&quot;:[]}\">\n\t\t\t\t\t\t<div class=\"elementor-container elementor-column-gap-no\">\n\t\t\t\t\t<div class=\"elementor-column elementor-col-100 elementor-top-column elementor-element elementor-element-ac4dafb\" data-id=\"ac4dafb\" data-element_type=\"column\" data-e-type=\"column\">\n\t\t\t<div class=\"elementor-widget-wrap elementor-element-populated\">\n\t\t\t\t\t\t<div class=\"elementor-element elementor-element-11dcb3e elementor-widget elementor-widget-image\" data-id=\"11dcb3e\" data-element_type=\"widget\" data-e-type=\"widget\" data-widget_type=\"image.default\">\n\t\t\t\t<div class=\"elementor-widget-container\">\n\t\t\t\t\t\t\t\t\t\t\t\t\t\t\t<img fetchpriority=\"high\" decoding=\"async\" width=\"2400\" height=\"1600\" src=\"https:\/\/staging.sp-ps.ch\/wp-content\/uploads\/2022\/06\/wiktor-karkocha-Dt3y3dQR6Qk-unsplash.jpg\" class=\"attachment-full size-full wp-image-15742\" alt=\"\" srcset=\"https:\/\/staging.sp-ps.ch\/wp-content\/uploads\/2022\/06\/wiktor-karkocha-Dt3y3dQR6Qk-unsplash.jpg 2400w, https:\/\/staging.sp-ps.ch\/wp-content\/uploads\/2022\/06\/wiktor-karkocha-Dt3y3dQR6Qk-unsplash-300x200.jpg 300w, https:\/\/staging.sp-ps.ch\/wp-content\/uploads\/2022\/06\/wiktor-karkocha-Dt3y3dQR6Qk-unsplash-1024x683.jpg 1024w, https:\/\/staging.sp-ps.ch\/wp-content\/uploads\/2022\/06\/wiktor-karkocha-Dt3y3dQR6Qk-unsplash-768x512.jpg 768w, https:\/\/staging.sp-ps.ch\/wp-content\/uploads\/2022\/06\/wiktor-karkocha-Dt3y3dQR6Qk-unsplash-1536x1024.jpg 1536w, https:\/\/staging.sp-ps.ch\/wp-content\/uploads\/2022\/06\/wiktor-karkocha-Dt3y3dQR6Qk-unsplash-2048x1365.jpg 2048w\" sizes=\"(max-width: 2400px) 100vw, 2400px\" \/>\t\t\t\t\t\t\t\t\t\t\t\t\t\t\t<\/div>\n\t\t\t\t<\/div>\n\t\t\t\t\t<\/div>\n\t\t<\/div>\n\t\t\t\t\t<\/div>\n\t\t<\/section>\n\t\t\t\t<section class=\"elementor-section elementor-top-section elementor-element elementor-element-56faaef elementor-section-boxed elementor-section-height-default elementor-section-height-default\" data-id=\"56faaef\" data-element_type=\"section\" data-e-type=\"section\" data-settings=\"{&quot;jet_parallax_layout_list&quot;:[]}\">\n\t\t\t\t\t\t<div class=\"elementor-container elementor-column-gap-wide\">\n\t\t\t\t\t<div class=\"elementor-column elementor-col-100 elementor-top-column elementor-element elementor-element-5ad660d\" data-id=\"5ad660d\" data-element_type=\"column\" data-e-type=\"column\">\n\t\t\t<div class=\"elementor-widget-wrap elementor-element-populated\">\n\t\t\t\t\t\t<div class=\"elementor-element elementor-element-8bbc5d7 elementor-widget elementor-widget-spps_title_text\" data-id=\"8bbc5d7\" data-element_type=\"widget\" data-e-type=\"widget\" data-widget_type=\"spps_title_text.default\">\n\t\t\t\t<div class=\"elementor-widget-container\">\n\t\t\t\t\t<div class=\"title-text-wrapper wrapper-spacing-default\"><div class=\"title-text-title\"><h2>Logement et location<\/h2><\/div><div class=\"title-text-container\"><div class=\"title-text-text\">La sp\u00e9culation et la cupidit\u00e9 d\u00e9bouchent sur des loyers toujours plus \u00e9lev\u00e9s. Pour cr\u00e9er des logements abordables pour toutes et tous, il faut contr\u00f4ler les prix des terrains et promouvoir les habitations \u00e0 caract\u00e8re social. Le sol national est un bien pr\u00e9cieux et limit\u00e9. Par cons\u00e9quent, au lieu de construire des zones r\u00e9sidentielles pour les super-riches, il faut densifier les constructions, repenser notre mobilit\u00e9 et prot\u00e9ger les terres agricoles.<\/div><\/div><\/div>\t\t\t\t<\/div>\n\t\t\t\t<\/div>\n\t\t\t\t<div class=\"elementor-element elementor-element-c7d170d elementor-widget elementor-widget-spps_button_list\" data-id=\"c7d170d\" data-element_type=\"widget\" data-e-type=\"widget\" data-widget_type=\"spps_button_list.default\">\n\t\t\t\t<div class=\"elementor-widget-container\">\n\t\t\t\t\t<div class=\"button-list-wrapper wrapper-spacing-small  \"><div class=\"button-list-title\"><h3>Prises de position<\/h3><\/div><div class=\"button-list-container\"><div class=\"button-list-items\"><div class=\"button-list-item\"><div class=\"button-wrapper \"><a href=\"https:\/\/staging.sp-ps.ch\/wp-content\/uploads\/2026\/03\/Mettre-fin-aux-loyers-abusifs_reorienter-limmobilier-vers-linteret-general.pdf\"  target=\"_self\" class=\"button-link button-link-download\" >Mettre fin aux loyers abusifs, r\u00e9orienter l\u2019immobilier vers l\u2019int\u00e9r\u00eat g\u00e9n\u00e9ral (2026)<span class=\"button-media-date\">05.03.2026<\/span><\/a><\/div><\/div><\/div><\/div><\/div>\t\t\t\t<\/div>\n\t\t\t\t<\/div>\n\t\t\t\t<div class=\"elementor-element elementor-element-d1a26f2 elementor-widget elementor-widget-spps_button_list\" data-id=\"d1a26f2\" data-element_type=\"widget\" data-e-type=\"widget\" data-widget_type=\"spps_button_list.default\">\n\t\t\t\t<div class=\"elementor-widget-container\">\n\t\t\t\t\t<div class=\"button-list-wrapper wrapper-spacing-small  \"><div class=\"button-list-title\"><h3>R\u00e9solutions<\/h3><\/div><div class=\"button-list-container\"><div class=\"button-list-items\"><div class=\"button-list-item\"><div class=\"button-wrapper \"><a href=\"https:\/\/staging.sp-ps.ch\/wp-content\/uploads\/2023\/08\/soziale_Wohnpolitik_f.pdf\"  target=\"_self\" class=\"button-link button-link-download\" >Pour une politique du logement socialement \u00e9quitable (2023)<span class=\"button-media-date\">26.08.2023<\/span><\/a><\/div><\/div><div class=\"button-list-item\"><div class=\"button-wrapper \"><a href=\"https:\/\/staging.sp-ps.ch\/wp-content\/uploads\/2023\/02\/mal-logement_resolution_f.pdf\"  target=\"_self\" class=\"button-link button-link-download\" >Face au mal-logement, l\u2019urgence d\u2019une politique nationale d\u2019h\u00e9bergement socialiste (2023)<span class=\"button-media-date\">25.02.2023<\/span><\/a><\/div><\/div><div class=\"button-list-item\"><div class=\"button-wrapper \"><a href=\"https:\/\/staging.sp-ps.ch\/wp-content\/uploads\/2022\/06\/ensemble_pour_des_agglomerations_dynamiques_2.pdf\"  target=\"_self\" class=\"button-link button-link-download\" >Ensemle pour des agglom\u00e9rations dynamiques 2<span class=\"button-media-date\">14.11.2014<\/span><\/a><\/div><\/div><div class=\"button-list-item\"><div class=\"button-wrapper \"><a href=\"https:\/\/staging.sp-ps.ch\/wp-content\/uploads\/2022\/06\/ensemble_pour_des_agglomerations_dynamiques_1.pdf\"  target=\"_self\" class=\"button-link button-link-download\" >Ensemble pour des agglom\u00e9rations dynamiques 1<span class=\"button-media-date\">14.11.2014<\/span><\/a><\/div><\/div><div class=\"button-list-item\"><div class=\"button-wrapper \"><a href=\"https:\/\/staging.sp-ps.ch\/wp-content\/uploads\/2022\/06\/2011-03-26_resolution_erschwinglicher-wohnraum-fuer-alle_f.pdf\"  target=\"_self\" class=\"button-link button-link-download\" >Des logements abordables pour toutes et tous ! (2011)<span class=\"button-media-date\">05.04.2011<\/span><\/a><\/div><\/div><\/div><\/div><\/div>\t\t\t\t<\/div>\n\t\t\t\t<\/div>\n\t\t\t\t<div class=\"elementor-element elementor-element-20c3337 elementor-widget elementor-widget-spps_button_list\" data-id=\"20c3337\" data-element_type=\"widget\" data-e-type=\"widget\" data-widget_type=\"spps_button_list.default\">\n\t\t\t\t<div class=\"elementor-widget-container\">\n\t\t\t\t\t<div class=\"button-list-wrapper wrapper-spacing-small  \"><div class=\"button-list-title\"><h3>Consultations<\/h3><\/div><div class=\"button-list-container\"><div class=\"button-list-items\"><div class=\"button-list-item\"><div class=\"button-wrapper \"><a href=\"https:\/\/staging.sp-ps.ch\/wp-content\/uploads\/2024\/12\/2024-12-22-Vernehmlassungsantwort-der-SP-Schweiz-_WFG.pdf\"  target=\"_self\" class=\"button-link button-link-download\" >Modification de la loi sur le logement (2024) &#091;en allemand&#093;<span class=\"button-media-date\">23.12.2024<\/span><\/a><\/div><\/div><div class=\"button-list-item\"><div class=\"button-wrapper \"><a href=\"https:\/\/staging.sp-ps.ch\/wp-content\/uploads\/2024\/12\/2024-12-22-Vernehmlassungsantwort-der-SP-Schweiz_Stockwerkeigentum.pdf\"  target=\"_self\" class=\"button-link button-link-download\" >Modification du droit de la propri\u00e9t\u00e9 par \u00e9tage (2024) &#091;en allemand&#093;<span class=\"button-media-date\">23.12.2024<\/span><\/a><\/div><\/div><div class=\"button-list-item\"><div class=\"button-wrapper \"><a href=\"https:\/\/staging.sp-ps.ch\/wp-content\/uploads\/2024\/04\/2024-03-01-Vernehmlassungsantwort-SP-Schweiz-Mietrecht.pdf\"  target=\"_self\" class=\"button-link button-link-download\" >Loyer initial et loyers usuels dans la localit\u00e9 ou le quartier (2024) &#091;en allemand&#093;<span class=\"button-media-date\">15.04.2024<\/span><\/a><\/div><\/div><div class=\"button-list-item\"><div class=\"button-wrapper \"><a href=\"https:\/\/staging.sp-ps.ch\/wp-content\/uploads\/2022\/06\/2021-12-03_vernehmlassungsantwort_sp_schweiz_parlamentarische_initiativen_mietrecht_def_1.pdf\"  target=\"_self\" class=\"button-link button-link-download\" >CO (droit du bail) : mise en \u0153uvre des initiatives parlementaires relatives au droit du bail (2021) &#091;en allemand&#093;<span class=\"button-media-date\">03.12.2021<\/span><\/a><\/div><\/div><div class=\"button-list-item\"><div class=\"button-wrapper \"><a href=\"https:\/\/staging.sp-ps.ch\/wp-content\/uploads\/2022\/06\/2020-12-17_vernehmlassungsantwort_sp_schweiz_besitzesschutz_def_1.pdf\"  target=\"_self\" class=\"button-link button-link-download\" >Modification du code civil (Protection contre les atteintes \u00e0 la possession d\u2019un immeuble) (2020) &#091;en allemand&#093;<span class=\"button-media-date\">17.12.2020<\/span><\/a><\/div><\/div><div class=\"button-list-item button-list-item-hidden\"><div class=\"button-wrapper \"><a href=\"https:\/\/staging.sp-ps.ch\/wp-content\/uploads\/2022\/06\/20-631_bundesgesetz_covid-19-geschaftsmietengesetz.pdf\"  target=\"_self\" class=\"button-link button-link-download\" >Loi COVID-19 sur les loyers commerciaux (2020) &#091;en allemand&#093;<span class=\"button-media-date\">04.08.2020<\/span><\/a><\/div><\/div><div class=\"button-list-item button-list-item-hidden\"><div class=\"button-wrapper \"><a href=\"https:\/\/staging.sp-ps.ch\/wp-content\/uploads\/2022\/06\/19-522_systemwechsel_wohneigentumsbesteuerung_0.pdf\"  target=\"_self\" class=\"button-link button-link-download\" >Imposition du logement. Changement de syst\u00e8me (2019) &#091;en allemand&#093;<span class=\"button-media-date\">12.07.2019<\/span><\/a><\/div><\/div><div class=\"button-list-item button-list-item-hidden\"><div class=\"button-wrapper \"><a href=\"https:\/\/staging.sp-ps.ch\/wp-content\/uploads\/2022\/06\/19-522_systemwechsel_wohneigentumsbesteuerung_fragebogen_0.pdf\"  target=\"_self\" class=\"button-link button-link-download\" >Imposition du logement. Changement de syst\u00e8me : questionnaire (2019) &#091;en allemand&#093;<span class=\"button-media-date\">12.07.2019<\/span><\/a><\/div><\/div><div class=\"button-list-item button-list-item-hidden\"><div class=\"button-wrapper \"><a href=\"https:\/\/staging.sp-ps.ch\/wp-content\/uploads\/2022\/06\/18-465_anderung_verordnung_miete_und_pacht_vmwg.pdf\"  target=\"_self\" class=\"button-link button-link-download\" >Modification ordonnance bail \u00e0 loyer et bail \u00e0 ferme d\u2019habitations et de locaux commerciaux (2018) &#091;en allemand&#093;<span class=\"button-media-date\">15.11.2018<\/span><\/a><\/div><\/div><div class=\"button-list-item button-list-item-hidden\"><div class=\"button-wrapper \"><a href=\"https:\/\/staging.sp-ps.ch\/wp-content\/uploads\/2022\/06\/18-448_anderung_grundbuchverordnung.pdf\"  target=\"_self\" class=\"button-link button-link-download\" >Modification de l'ordonnance sur le registre foncier (2018) &#091;en allemand&#093;<span class=\"button-media-date\">26.10.2018<\/span><\/a><\/div><\/div><div class=\"button-list-item button-list-item-hidden\"><div class=\"button-wrapper \"><a href=\"https:\/\/staging.sp-ps.ch\/wp-content\/uploads\/2022\/06\/2018-07-02_vernehmlassungsantwort_sp_schweiz_teilrevision_vmwg_def_0.pdf\"  target=\"_self\" class=\"button-link button-link-download\" >Modification de l\u2019ordonnance sur le bail \u00e0 loyer et le bail \u00e0 ferme d\u2019habitations et de locaux commerciaux (2018) &#091;en allemand&#093;<span class=\"button-media-date\">02.07.2018<\/span><\/a><\/div><\/div><div class=\"button-list-item button-list-item-hidden\"><div class=\"button-wrapper \"><a href=\"https:\/\/staging.sp-ps.ch\/wp-content\/uploads\/2022\/06\/17-378_totalrevision_liegenschaftskostenverordnung_0.pdf\"  target=\"_self\" class=\"button-link button-link-download\" >R\u00e9vision totale de l\u2019ordonnance sur les frais relatifs aux immeubles (2017) &#091;en allemand&#093;<span class=\"button-media-date\">15.11.2017<\/span><\/a><\/div><\/div><div class=\"button-list-item button-list-item-hidden\"><div class=\"button-wrapper \"><a href=\"https:\/\/staging.sp-ps.ch\/wp-content\/uploads\/2022\/06\/17-342_rahmenkredit_zur_aufstockung_fonds_de_roulement_1.pdf\"  target=\"_self\" class=\"button-link button-link-download\" >Fonds de roulement en faveur de la construction de logements d\u2019utilit\u00e9 (2017) &#091;en allemand&#093;<span class=\"button-media-date\">12.07.2017<\/span><\/a><\/div><\/div><div class=\"button-list-item button-list-item-hidden\"><div class=\"button-wrapper \"><a href=\"https:\/\/staging.sp-ps.ch\/wp-content\/uploads\/2022\/06\/170619_vernehmlassung_lex_koller_1.pdf\"  target=\"_self\" class=\"button-link button-link-download\" >\u00ab Lex Koller \u00bb (2017) &#091;en allemand&#093;<span class=\"button-media-date\">19.06.2017<\/span><\/a><\/div><\/div><div class=\"button-list-item button-list-item-hidden\"><div class=\"button-wrapper \"><a href=\"https:\/\/staging.sp-ps.ch\/wp-content\/uploads\/2022\/06\/140824_vernehmlassung_einfuehrung_formularpflicht_mietrecht-2.pdf\"  target=\"_self\" class=\"button-link button-link-download\" >R\u00e9vision de l'ordonnance sur l'am\u00e9nagement du territoire (2013) &#091;en allemand&#093;<span class=\"button-media-date\">24.08.2014<\/span><\/a><\/div><\/div><div class=\"button-list-item button-list-item-hidden\"><div class=\"button-wrapper \"><a href=\"https:\/\/staging.sp-ps.ch\/wp-content\/uploads\/2022\/06\/teilrevision_der_raumplanungsverordnung_2013.pdf\"  target=\"_self\" class=\"button-link button-link-download\" >Formule obligatoire pour le loyer initial (2013) &#091;en allemand&#093;<span class=\"button-media-date\">25.11.2013<\/span><\/a><\/div><\/div><div class=\"button-list-item button-list-item-hidden\"><div class=\"button-wrapper \"><a href=\"https:\/\/staging.sp-ps.ch\/wp-content\/uploads\/2022\/06\/bunesgesetz_ueber_zweitwohnungen_2013.pdf\"  target=\"_self\" class=\"button-link button-link-download\" >Loi sur les r\u00e9sidences secondaires (2013) &#091;en allemand&#093;<span class=\"button-media-date\">18.10.2013<\/span><\/a><\/div><\/div><div class=\"button-list-item button-list-item-hidden\"><div class=\"button-wrapper \"><a href=\"https:\/\/staging.sp-ps.ch\/wp-content\/uploads\/2022\/06\/verordnung_ueber_den_bau_von_zweitwohnungen_2012.pdf\"  target=\"_self\" class=\"button-link button-link-download\" >Ordonnance sur les r\u00e9sidences secondaires (2012) &#091;en allemand&#093;<span class=\"button-media-date\">20.06.2012<\/span><\/a><\/div><\/div><div class=\"button-list-item button-list-item-hidden\"><div class=\"button-wrapper \"><a href=\"https:\/\/staging.sp-ps.ch\/wp-content\/uploads\/2022\/06\/raumplanerische_rahmenbedingungen_fuer_die_lagerung_erneuerbarer_rohstoffe_2012.pdf\"  target=\"_self\" class=\"button-link button-link-download\" >Dispositions r\u00e9gissant le stockage de mati\u00e8res premi\u00e8res renouvelables indig\u00e8nes (2012) &#091;en allemand&#093;<span class=\"button-media-date\">19.03.2012<\/span><\/a><\/div><\/div><div class=\"button-list-item button-list-item-hidden\"><div class=\"button-wrapper \"><a href=\"https:\/\/staging.sp-ps.ch\/wp-content\/uploads\/2022\/06\/indirekter_gegenvorschlag_zu_den_volksinitiativen_bausparen_2010.pdf\"  target=\"_self\" class=\"button-link button-link-download\" >Contre-projet \u00e0 l'initiative \u00ab Acc\u00e9der \u00e0 la propri\u00e9t\u00e9 gr\u00e2ce \u00e0 l'\u00e9pargne-logement \u00bb (2010) &#091;en allemand&#093;<span class=\"button-media-date\">22.12.2010<\/span><\/a><\/div><\/div><div class=\"button-list-item button-list-item-hidden\"><div class=\"button-wrapper \"><a href=\"https:\/\/staging.sp-ps.ch\/wp-content\/uploads\/2022\/06\/revision_des_raumplanungsgesetzes_2009_0.pdf\"  target=\"_self\" class=\"button-link button-link-download\" >R\u00e9vision de la loi sur l'am\u00e9nagement du territoire (2009) &#091;en allemand&#093;<span class=\"button-media-date\">16.04.2009<\/span><\/a><\/div><\/div><div class=\"button-list-item button-list-item-hidden\"><div class=\"button-wrapper \"><a href=\"https:\/\/staging.sp-ps.ch\/wp-content\/uploads\/2022\/06\/plangenehmigungsverfahren_2009_0.pdf\"  target=\"_self\" class=\"button-link button-link-download\" >Proc\u00e9dure d'approbation des plans (2009) &#091;en allemand&#093;<span class=\"button-media-date\">11.02.2009<\/span><\/a><\/div><\/div><\/div><div class=\"button-list-more\"><div class=\"button-wrapper button-wrapper-right\"><a href=\"#\" class=\"button-link button-link-open button-link-toggle-on\" data-button-list-toggle>Aufklappen<\/a><a href=\"#\" class=\"button-link button-link-close button-link-toggle-off\" data-button-list-toggle>Zuklappen<\/a><\/div><\/div><\/div><\/div>\t\t\t\t<\/div>\n\t\t\t\t<\/div>\n\t\t\t\t\t<\/div>\n\t\t<\/div>\n\t\t\t\t\t<\/div>\n\t\t<\/section>\n\t\t\t\t<section class=\"elementor-section elementor-top-section elementor-element elementor-element-5347aa9 elementor-section-boxed elementor-section-height-default elementor-section-height-default\" data-id=\"5347aa9\" data-element_type=\"section\" data-e-type=\"section\" data-settings=\"{&quot;jet_parallax_layout_list&quot;:[]}\">\n\t\t\t\t\t\t<div class=\"elementor-container elementor-column-gap-default\">\n\t\t\t\t\t<div class=\"elementor-column elementor-col-100 elementor-top-column elementor-element elementor-element-7444b18\" data-id=\"7444b18\" data-element_type=\"column\" data-e-type=\"column\">\n\t\t\t<div class=\"elementor-widget-wrap elementor-element-populated\">\n\t\t\t\t\t\t<div class=\"elementor-element elementor-element-287ae45 elementor-widget elementor-widget-spps_call_to_action\" data-id=\"287ae45\" data-element_type=\"widget\" data-e-type=\"widget\" data-widget_type=\"spps_call_to_action.default\">\n\t\t\t\t<div class=\"elementor-widget-container\">\n\t\t\t\t\t<div class=\"call-to-action-wrapper wrapper-spacing-default \" style=\"background:#E4002B\" ><div class=\"call-to-action-title\"><h2>Commission th\u00e9matique \u00ab&nbsp;Logement et politique fonci\u00e8re&nbsp;\u00bb<\/h2><\/div><div class=\"call-to-action-container\"><div class=\"call-to-action-text\"><p>Les commissions th\u00e9matiques d\u00e9veloppent les connaissances th\u00e9matiques sp\u00e9cifiques du parti. Elles coordonnent et soutiennent la politique du PS dans les domaines politiques essentiels - au niveau national, cantonal et communal.<\/p><p>Es-tu int\u00e9ress\u00e9(e) \u00e0 t'engager dans la commission th\u00e9matique \u00ab Logement et politique fonci\u00e8re \u00bb ?<\/p><\/div><div class=\"call-to-action-buttons call-to-action-buttons-left\"><div class=\"button-wrapper \"><a href=\"https:\/\/staging.sp-ps.ch\/fr\/parti\/commissions-thematiques\/logement-et-politique-fonciere\/\"  target=\"_self\" class=\"button-link button-link-default\"  style='color:#E4002B' onMouseOver=\"this.style.color='white';this.style.background='#E4002B'\" onMouseOut=\"this.style.color='#E4002B';this.style.background='#EBEBEB'\">Plus d'informations sur la commission th\u00e9matique<\/a><\/div><\/div><\/div><\/div>\t\t\t\t<\/div>\n\t\t\t\t<\/div>\n\t\t\t\t\t<\/div>\n\t\t<\/div>\n\t\t\t\t\t<\/div>\n\t\t<\/section>\n\t\t\t\t<\/div>\n\t\t","protected":false},"excerpt":{"rendered":"<p>Logement et location La sp\u00e9culation et la cupidit\u00e9 d\u00e9bouchent sur des loyers toujours plus \u00e9lev\u00e9s. Pour cr\u00e9er des logements abordables pour toutes et tous, il faut contr\u00f4ler les prix des [&hellip;]<\/p>\n","protected":false},"author":1,"featured_media":0,"parent":17197,"menu_order":18,"comment_status":"closed","ping_status":"closed","template":"","meta":{"footnotes":""},"class_list":["post-29849","page","type-page","status-publish","hentry"],"_links":{"self":[{"href":"https:\/\/staging.sp-ps.ch\/fr\/wp-json\/wp\/v2\/pages\/29849","targetHints":{"allow":["GET"]}}],"collection":[{"href":"https:\/\/staging.sp-ps.ch\/fr\/wp-json\/wp\/v2\/pages"}],"about":[{"href":"https:\/\/staging.sp-ps.ch\/fr\/wp-json\/wp\/v2\/types\/page"}],"author":[{"embeddable":true,"href":"https:\/\/staging.sp-ps.ch\/fr\/wp-json\/wp\/v2\/users\/1"}],"replies":[{"embeddable":true,"href":"https:\/\/staging.sp-ps.ch\/fr\/wp-json\/wp\/v2\/comments?post=29849"}],"version-history":[{"count":28,"href":"https:\/\/staging.sp-ps.ch\/fr\/wp-json\/wp\/v2\/pages\/29849\/revisions"}],"predecessor-version":[{"id":180347,"href":"https:\/\/staging.sp-ps.ch\/fr\/wp-json\/wp\/v2\/pages\/29849\/revisions\/180347"}],"up":[{"embeddable":true,"href":"https:\/\/staging.sp-ps.ch\/fr\/wp-json\/wp\/v2\/pages\/17197"}],"wp:attachment":[{"href":"https:\/\/staging.sp-ps.ch\/fr\/wp-json\/wp\/v2\/media?parent=29849"}],"curies":[{"name":"wp","href":"https:\/\/api.w.org\/{rel}","templated":true}]}}