{"id":30265,"date":"2023-02-13T15:06:21","date_gmt":"2023-02-13T14:06:21","guid":{"rendered":"https:\/\/test.sp-ps.ch\/ce-que-nous-defendons\/feminisme-et-egalite\/"},"modified":"2023-02-13T15:07:51","modified_gmt":"2023-02-13T14:07:51","slug":"feminisme-et-egalite","status":"publish","type":"page","link":"https:\/\/staging.sp-ps.ch\/fr\/nos-positions\/dossiers-a-z\/feminisme-et-egalite\/","title":{"rendered":"F\u00e9minisme et \u00e9galit\u00e9"},"content":{"rendered":"\t\t<div data-elementor-type=\"wp-page\" data-elementor-id=\"30265\" class=\"elementor elementor-30265 elementor-327\" data-elementor-post-type=\"page\">\n\t\t\t\t\t\t<section class=\"elementor-section elementor-top-section elementor-element elementor-element-159fa42 elementor-section-boxed elementor-section-height-default elementor-section-height-default\" data-id=\"159fa42\" data-element_type=\"section\" data-e-type=\"section\" data-settings=\"{&quot;jet_parallax_layout_list&quot;:[],&quot;background_background&quot;:&quot;classic&quot;}\">\n\t\t\t\t\t\t<div class=\"elementor-container elementor-column-gap-wide\">\n\t\t\t\t\t<div class=\"elementor-column elementor-col-100 elementor-top-column elementor-element elementor-element-ae91224\" data-id=\"ae91224\" data-element_type=\"column\" data-e-type=\"column\">\n\t\t\t<div class=\"elementor-widget-wrap elementor-element-populated\">\n\t\t\t\t\t\t<div class=\"elementor-element elementor-element-ccaee9a elementor-widget elementor-widget-heading\" data-id=\"ccaee9a\" data-element_type=\"widget\" data-e-type=\"widget\" data-widget_type=\"heading.default\">\n\t\t\t\t<div class=\"elementor-widget-container\">\n\t\t\t\t\t<h1 class=\"elementor-heading-title elementor-size-default\">F\u00e9minisme et \u00e9galit\u00e9<\/h1>\t\t\t\t<\/div>\n\t\t\t\t<\/div>\n\t\t\t\t<div class=\"elementor-element elementor-element-0485221 elementor-widget elementor-widget-jet-breadcrumbs\" data-id=\"0485221\" data-element_type=\"widget\" data-e-type=\"widget\" data-widget_type=\"jet-breadcrumbs.default\">\n\t\t\t\t<div class=\"elementor-widget-container\">\n\t\t\t\t\t<div class=\"elementor-jet-breadcrumbs jet-blocks\">\n\t\t<div class=\"jet-breadcrumbs\">\n\t\t<div class=\"jet-breadcrumbs__content\">\n\t\t<div class=\"jet-breadcrumbs__wrap\">\n\t\t<\/div>\n\t\t<\/div>\n\t\t<\/div><\/div>\t\t\t\t<\/div>\n\t\t\t\t<\/div>\n\t\t\t\t<div class=\"elementor-element elementor-element-68bfa1f elementor-widget__width-initial elementor-widget elementor-widget-text-editor\" data-id=\"68bfa1f\" data-element_type=\"widget\" data-e-type=\"widget\" data-widget_type=\"text-editor.default\">\n\t\t\t\t<div class=\"elementor-widget-container\">\n\t\t\t\t\t\t\t\t\t<p>Une soci\u00e9t\u00e9 ne peut fonctionner correctement que si l\u2019ensemble de ses membres a des perspectives d&#8217;avenir. Cela implique l&#8217;\u00e9galit\u00e9 de tous les genres et la protection des droits fondamentaux de tous les individus.<\/p>\n\t\t\t\t\t\t\t\t<\/div>\n\t\t\t\t<\/div>\n\t\t\t\t\t<\/div>\n\t\t<\/div>\n\t\t\t\t\t<\/div>\n\t\t<\/section>\n\t\t\t\t<section class=\"elementor-section elementor-top-section elementor-element elementor-element-ce0f7b1 elementor-section-full_width elementor-section-height-min-height elementor-section-height-default elementor-section-items-middle\" data-id=\"ce0f7b1\" data-element_type=\"section\" data-e-type=\"section\" data-settings=\"{&quot;jet_parallax_layout_list&quot;:[]}\">\n\t\t\t\t\t\t<div class=\"elementor-container elementor-column-gap-no\">\n\t\t\t\t\t<div class=\"elementor-column elementor-col-100 elementor-top-column elementor-element elementor-element-7df4fdd\" data-id=\"7df4fdd\" data-element_type=\"column\" data-e-type=\"column\">\n\t\t\t<div class=\"elementor-widget-wrap elementor-element-populated\">\n\t\t\t\t\t\t<div class=\"elementor-element elementor-element-209bf06 elementor-widget elementor-widget-image\" data-id=\"209bf06\" data-element_type=\"widget\" data-e-type=\"widget\" data-widget_type=\"image.default\">\n\t\t\t\t<div class=\"elementor-widget-container\">\n\t\t\t\t\t\t\t\t\t\t\t\t\t\t\t<img fetchpriority=\"high\" decoding=\"async\" width=\"2400\" height=\"1800\" src=\"https:\/\/staging.sp-ps.ch\/wp-content\/uploads\/2022\/06\/sandy-millar-KhStXRVhfog-unsplash.jpg\" class=\"attachment-full size-full wp-image-16346\" alt=\"\" srcset=\"https:\/\/staging.sp-ps.ch\/wp-content\/uploads\/2022\/06\/sandy-millar-KhStXRVhfog-unsplash.jpg 2400w, https:\/\/staging.sp-ps.ch\/wp-content\/uploads\/2022\/06\/sandy-millar-KhStXRVhfog-unsplash-300x225.jpg 300w, https:\/\/staging.sp-ps.ch\/wp-content\/uploads\/2022\/06\/sandy-millar-KhStXRVhfog-unsplash-1024x768.jpg 1024w, https:\/\/staging.sp-ps.ch\/wp-content\/uploads\/2022\/06\/sandy-millar-KhStXRVhfog-unsplash-768x576.jpg 768w, https:\/\/staging.sp-ps.ch\/wp-content\/uploads\/2022\/06\/sandy-millar-KhStXRVhfog-unsplash-1536x1152.jpg 1536w, https:\/\/staging.sp-ps.ch\/wp-content\/uploads\/2022\/06\/sandy-millar-KhStXRVhfog-unsplash-2048x1536.jpg 2048w\" sizes=\"(max-width: 2400px) 100vw, 2400px\" \/>\t\t\t\t\t\t\t\t\t\t\t\t\t\t\t<\/div>\n\t\t\t\t<\/div>\n\t\t\t\t\t<\/div>\n\t\t<\/div>\n\t\t\t\t\t<\/div>\n\t\t<\/section>\n\t\t\t\t<section class=\"elementor-section elementor-top-section elementor-element elementor-element-c1b188b elementor-section-boxed elementor-section-height-default elementor-section-height-default\" data-id=\"c1b188b\" data-element_type=\"section\" data-e-type=\"section\" data-settings=\"{&quot;jet_parallax_layout_list&quot;:[]}\">\n\t\t\t\t\t\t<div class=\"elementor-container elementor-column-gap-wide\">\n\t\t\t\t\t<div class=\"elementor-column elementor-col-100 elementor-top-column elementor-element elementor-element-543e3a0\" data-id=\"543e3a0\" data-element_type=\"column\" data-e-type=\"column\">\n\t\t\t<div class=\"elementor-widget-wrap elementor-element-populated\">\n\t\t\t\t\t\t<div class=\"elementor-element elementor-element-762e97d elementor-widget elementor-widget-spps_title_text\" data-id=\"762e97d\" data-element_type=\"widget\" data-e-type=\"widget\" data-widget_type=\"spps_title_text.default\">\n\t\t\t\t<div class=\"elementor-widget-container\">\n\t\t\t\t\t<div class=\"title-text-wrapper \"><div class=\"title-text-title\"><h2>F\u00e9minisme et \u00e9galit\u00e9<\/h2><\/div><div class=\"title-text-container\"><div class=\"title-text-text\"><p>Une soci\u00e9t\u00e9 ne peut fonctionner correctement que si l\u2019ensemble de ses membres a des perspectives d'avenir. Cela implique l'\u00e9galit\u00e9 de tous les genres et la protection des droits fondamentaux de tous les individus. Tant que les femmes consacrent la plus grande partie de leur force de travail au travail de soins non r\u00e9mun\u00e9r\u00e9, elles restent largement exclues des perspectives professionnelles plus \u00e9lev\u00e9es. Le principe \u00ab\u00a0salaire \u00e9gal pour un travail de valeur \u00e9gale\u00a0\u00bb doit enfin \u00eatre respect\u00e9. Le PS s'oppose \u00e9galement \u00e0 toute discrimination fond\u00e9e sur le sexe, l'orientation sexuelle ou l'identit\u00e9 de genre. L\u2019\u00e9galit\u00e9 des personnes queer doit \u00eatre totalement garantie et l'homophobie et la transphobie doivent \u00eatre r\u00e9solument combattues.<\/p><p>\u00a0<\/p><h3>Le PS Suisse \u00e9met les revendications suivantes\u00a0:<\/h3><ul><li>Versement de salaires \u00e9gaux pour un travail de valeur \u00e9gale aux femmes et aux hommes par les entreprises. Les entreprises en faute doivent \u00eatre s\u00e9v\u00e8rement sanctionn\u00e9es.<\/li><li>Renforcement de la protection juridique contre la discrimination fond\u00e9e sur le sexe, l'orientation sexuelle, l'identit\u00e9 de genre et le mode de vie, avec des possibilit\u00e9s de contr\u00f4le et de sanction efficaces.<\/li><li>Mise en \u0153uvre compl\u00e8te de la Convention d'Istanbul, notamment par le biais d'une strat\u00e9gie nationale contre la violence \u00e0 l'\u00e9gard des femmes, de la cr\u00e9ation d'un observatoire de la violence \u00e0 l'\u00e9gard des femmes et de la garantie d'une formation suffisante des corps de police et des membres des forces de l'ordre dans le domaine de la violence \u00e0 l'\u00e9gard des femmes et de la violence domestique.<\/li><\/ul><\/div><\/div><\/div>\t\t\t\t<\/div>\n\t\t\t\t<\/div>\n\t\t\t\t<div class=\"elementor-element elementor-element-6092e18 elementor-widget elementor-widget-spps_button_list\" data-id=\"6092e18\" data-element_type=\"widget\" data-e-type=\"widget\" data-widget_type=\"spps_button_list.default\">\n\t\t\t\t<div class=\"elementor-widget-container\">\n\t\t\t\t\t<div class=\"button-list-wrapper wrapper-spacing-small  \"><div class=\"button-list-title\"><h3>Prises de position<\/h3><\/div><div class=\"button-list-container\"><div class=\"button-list-items\"><div class=\"button-list-item\"><div class=\"button-wrapper \"><a href=\"https:\/\/staging.sp-ps.ch\/wp-content\/uploads\/2022\/06\/14052019_mk_6-punkte-plan_gleichstellungspolitik_fr_0.pdf\"  target=\"_self\" class=\"button-link button-link-download\" >Plan en 6 points sur la politique d'\u00e9galit\u00e9 (2019)<span class=\"button-media-date\">21.05.2019<\/span><\/a><\/div><\/div><div class=\"button-list-item\"><div class=\"button-wrapper \"><a href=\"https:\/\/staging.sp-ps.ch\/wp-content\/uploads\/2022\/06\/plan_en_5_points_pour_lutter_contre_la_violence_faite_aux_femmes.pdf\"  target=\"_self\" class=\"button-link button-link-download\" >Plan en 5 points pour lutter contre la violence faite aux femmes (2018)<span class=\"button-media-date\">17.08.2018<\/span><\/a><\/div><\/div><div class=\"button-list-item\"><div class=\"button-wrapper \"><a href=\"https:\/\/staging.sp-ps.ch\/wp-content\/uploads\/2022\/06\/internetvorlage_manifest_def_f_0.pdf\"  target=\"_self\" class=\"button-link button-link-download\" >Papier de position du PS Suisse &#34;Manifeste pour un socialisme pleinement f\u00e9ministe&#34; (2018)<span class=\"button-media-date\">01.11.2017<\/span><\/a><\/div><\/div><div class=\"button-list-item\"><div class=\"button-wrapper \"><a href=\"https:\/\/staging.sp-ps.ch\/wp-content\/uploads\/2022\/06\/positionspapier_lohngleichheit_verabschiedet_f_2.pdf\"  target=\"_self\" class=\"button-link button-link-download\" >Enfin r\u00e9aliser l'\u00e9galit\u00e9 salariale (2015)<span class=\"button-media-date\">28.04.2015<\/span><\/a><\/div><\/div><\/div><\/div><\/div>\t\t\t\t<\/div>\n\t\t\t\t<\/div>\n\t\t\t\t<div class=\"elementor-element elementor-element-00eb436 elementor-widget elementor-widget-spps_button_list\" data-id=\"00eb436\" data-element_type=\"widget\" data-e-type=\"widget\" data-widget_type=\"spps_button_list.default\">\n\t\t\t\t<div class=\"elementor-widget-container\">\n\t\t\t\t\t<div class=\"button-list-wrapper wrapper-spacing-small  \"><div class=\"button-list-title\"><h3>R\u00e9solutions<\/h3><\/div><div class=\"button-list-container\"><div class=\"button-list-items\"><div class=\"button-list-item\"><div class=\"button-wrapper \"><a href=\"https:\/\/staging.sp-ps.ch\/wp-content\/uploads\/2026\/03\/Pour-une-veritable-autodetermination_contre-le-racisme-antimusulman.pdf\"  target=\"_self\" class=\"button-link button-link-download\" >Pour une v\u00e9ritable autod\u00e9termination \u2013 contre le racisme antimusulman. Une r\u00e9solution pour l\u2019\u00e9galit\u00e9, la libert\u00e9 religieuse et la non-discrimination (2026)<span class=\"button-media-date\">04.03.2026<\/span><\/a><\/div><\/div><div class=\"button-list-item\"><div class=\"button-wrapper \"><a href=\"https:\/\/staging.sp-ps.ch\/wp-content\/uploads\/2026\/03\/Assez-de-violences-sexistes_il-est-urgent-dassurer-la-protection-des-victimes.pdf\"  target=\"_self\" class=\"button-link button-link-download\" >Assez de violences sexistes\u2009: il est urgent d\u2019assurer la protection des victimes\u2009! (2026)<span class=\"button-media-date\">04.03.2026<\/span><\/a><\/div><\/div><div class=\"button-list-item\"><div class=\"button-wrapper \"><a href=\"https:\/\/staging.sp-ps.ch\/wp-content\/uploads\/2025\/10\/Soins-de-sante-pour-les-personnes-TRANS.pdf\"  target=\"_self\" class=\"button-link button-link-download\" >Soins de sant\u00e9 pour les personnes TRANS (2025)<span class=\"button-media-date\">28.10.2025<\/span><\/a><\/div><\/div><div class=\"button-list-item\"><div class=\"button-wrapper \"><a href=\"https:\/\/staging.sp-ps.ch\/wp-content\/uploads\/2025\/10\/Pour-une-politique-de-paix-feministe.pdf\"  target=\"_self\" class=\"button-link button-link-download\" >Pour une politique de paix f\u00e9ministe (2025)<span class=\"button-media-date\">28.10.2025<\/span><\/a><\/div><\/div><div class=\"button-list-item\"><div class=\"button-wrapper \"><a href=\"https:\/\/staging.sp-ps.ch\/wp-content\/uploads\/2025\/02\/Une-politique-de-gauche-et-feministe-pour-lutter-contre-le-backlash-de-la-droite-conservatrice.pdf\"  target=\"_self\" class=\"button-link button-link-download\" >Une politique de gauche et f\u00e9ministe pour lutter contre le backlash de la droite conservatrice (2025)<span class=\"button-media-date\">24.02.2025<\/span><\/a><\/div><\/div><div class=\"button-list-item button-list-item-hidden\"><div class=\"button-wrapper \"><a href=\"https:\/\/staging.sp-ps.ch\/wp-content\/uploads\/2024\/10\/Le-travail-du-sexe-est-un-VRAI-travail.pdf\"  target=\"_self\" class=\"button-link button-link-download\" >Le travail du sexe est un (VRAI) travail (2024)<span class=\"button-media-date\">28.10.2024<\/span><\/a><\/div><\/div><div class=\"button-list-item button-list-item-hidden\"><div class=\"button-wrapper \"><a href=\"https:\/\/staging.sp-ps.ch\/wp-content\/uploads\/2024\/10\/Pour-une-protection-globale-et-efficace-des-victimes-de-violence.pdf\"  target=\"_self\" class=\"button-link button-link-download\" >Pour une protection globale et efficace des victimes de violence (2024)<span class=\"button-media-date\">28.10.2024<\/span><\/a><\/div><\/div><div class=\"button-list-item button-list-item-hidden\"><div class=\"button-wrapper \"><a href=\"https:\/\/staging.sp-ps.ch\/wp-content\/uploads\/2023\/02\/combattre_attaques_contre_personnes_queer_resolution_f.pdf\"  target=\"_self\" class=\"button-link button-link-download\" >Combattre les attaques de l\u02bcextr\u00eame droite contre les personnes et les existences queer (2023)<span class=\"button-media-date\">25.02.2023<\/span><\/a><\/div><\/div><div class=\"button-list-item button-list-item-hidden\"><div class=\"button-wrapper \"><a href=\"https:\/\/staging.sp-ps.ch\/wp-content\/uploads\/2022\/10\/Gleichstellungspolitischer-Umbruch-f.pdf\"  target=\"_self\" class=\"button-link button-link-download\" >Pour un changement radical de la politique de l\u2019\u00e9galit\u00e9 : mettons des jambes \u00e0 l\u2019escargot ! (2022)<span class=\"button-media-date\">30.10.2022<\/span><\/a><\/div><\/div><div class=\"button-list-item button-list-item-hidden\"><div class=\"button-wrapper \"><a href=\"https:\/\/staging.sp-ps.ch\/wp-content\/uploads\/2022\/10\/Feministischer-Streik-2023-f.pdf\"  target=\"_self\" class=\"button-link button-link-download\" >Nous sommes en col\u00e8re. En route pour la gr\u00e8ve f\u00e9ministe 2023 ! (2022)<span class=\"button-media-date\">30.10.2022<\/span><\/a><\/div><\/div><div class=\"button-list-item button-list-item-hidden\"><div class=\"button-wrapper \"><a href=\"https:\/\/staging.sp-ps.ch\/wp-content\/uploads\/2022\/06\/intersektionaler_kampf_f.pdf\"  target=\"_self\" class=\"button-link button-link-download\" >50 ans de suffrage f\u00e9minin : Notre lutte intersectionnelle se poursuit ! (2021)<span class=\"button-media-date\">10.02.2021<\/span><\/a><\/div><\/div><div class=\"button-list-item button-list-item-hidden\"><div class=\"button-wrapper \"><a href=\"https:\/\/staging.sp-ps.ch\/wp-content\/uploads\/2022\/06\/individualbesteuerung_f.pdf\"  target=\"_self\" class=\"button-link button-link-download\" >50 ans apr\u00e8s l\u2019introduction du suffrage f\u00e9minin, aider l\u2019id\u00e9e socialiste de l\u2019imposition individuelle \u00e0 faire une perc\u00e9e (2021)<span class=\"button-media-date\">10.02.2021<\/span><\/a><\/div><\/div><div class=\"button-list-item button-list-item-hidden\"><div class=\"button-wrapper \"><a href=\"https:\/\/staging.sp-ps.ch\/wp-content\/uploads\/2022\/06\/individualbesteuerung_f_1.pdf\"  target=\"_self\" class=\"button-link button-link-download\" >50 ans apr\u00e8s l\u2019introduction du suffrage f\u00e9minin, aider l\u2019id\u00e9e socialiste de l\u2019imposition individuelle \u00e0 faire une perc\u00e9e (2021)<span class=\"button-media-date\">10.02.2021<\/span><\/a><\/div><\/div><div class=\"button-list-item button-list-item-hidden\"><div class=\"button-wrapper \"><a href=\"https:\/\/staging.sp-ps.ch\/wp-content\/uploads\/2022\/06\/fk_sexuelle_orientierung_f.pdf\"  target=\"_self\" class=\"button-link button-link-download\" >Commission sp\u00e9cialis\u00e9e \u00ab Orientation sexuelle et identit\u00e9de genre \u00bb du PS Suisse (2020)<span class=\"button-media-date\">29.06.2020<\/span><\/a><\/div><\/div><div class=\"button-list-item button-list-item-hidden\"><div class=\"button-wrapper \"><a href=\"https:\/\/staging.sp-ps.ch\/wp-content\/uploads\/2022\/06\/frauenstreik_f_1.pdf\"  target=\"_self\" class=\"button-link button-link-download\" >Poursuivre sur la lanc\u00e9e de la gr\u00e8ve des femmes !(2019)<span class=\"button-media-date\">02.12.2019<\/span><\/a><\/div><\/div><div class=\"button-list-item button-list-item-hidden\"><div class=\"button-wrapper \"><a href=\"https:\/\/staging.sp-ps.ch\/wp-content\/uploads\/2022\/06\/wahlen_2019_f_0.pdf\"  target=\"_self\" class=\"button-link button-link-download\" >\u00c9lections 2019 et \u00e9galit\u00e9 (2018)<span class=\"button-media-date\">25.06.2018<\/span><\/a><\/div><\/div><div class=\"button-list-item button-list-item-hidden\"><div class=\"button-wrapper \"><a href=\"https:\/\/staging.sp-ps.ch\/wp-content\/uploads\/2022\/06\/resolution_nationale_kundgebung_lohngleichheit_f_0.pdf\"  target=\"_self\" class=\"button-link button-link-download\" >Le 22.09.2018, au rassemblement national en faveur de l'\u00e9galit\u00e9 salariale et contre la discrimination (2018)<span class=\"button-media-date\">21.06.2018<\/span><\/a><\/div><\/div><div class=\"button-list-item button-list-item-hidden\"><div class=\"button-wrapper \"><a href=\"https:\/\/staging.sp-ps.ch\/wp-content\/uploads\/2022\/06\/internet_gleichstellung_f_0.pdf\"  target=\"_self\" class=\"button-link button-link-download\" >Offensive pour l\u2019\u00e9galit\u00e9! (2017)<span class=\"button-media-date\">26.06.2017<\/span><\/a><\/div><\/div><\/div><div class=\"button-list-more\"><div class=\"button-wrapper button-wrapper-right\"><a href=\"#\" class=\"button-link button-link-open button-link-toggle-on\" data-button-list-toggle>Ouvrir<\/a><a href=\"#\" class=\"button-link button-link-close button-link-toggle-off\" data-button-list-toggle>Fermer<\/a><\/div><\/div><\/div><\/div>\t\t\t\t<\/div>\n\t\t\t\t<\/div>\n\t\t\t\t<div class=\"elementor-element elementor-element-1905f4f elementor-widget elementor-widget-spps_button_list\" data-id=\"1905f4f\" data-element_type=\"widget\" data-e-type=\"widget\" data-widget_type=\"spps_button_list.default\">\n\t\t\t\t<div class=\"elementor-widget-container\">\n\t\t\t\t\t<div class=\"button-list-wrapper wrapper-spacing-small  \"><div class=\"button-list-title\"><h3>Consultations<\/h3><\/div><div class=\"button-list-container\"><div class=\"button-list-items\"><div class=\"button-list-item\"><div class=\"button-wrapper \"><a href=\"https:\/\/staging.sp-ps.ch\/wp-content\/uploads\/2025\/10\/2025-10-15-Vernehmlassungsantwort-der-SP-SchweizGegenvorschlag-Inklusions-Initiative.pdf\"  target=\"_self\" class=\"button-link button-link-download\" >Contre-projet indirect Initiative pour l\u2019inclusion (2025) &#091;en allemand&#093;<span class=\"button-media-date\">14.10.2025<\/span><\/a><\/div><\/div><div class=\"button-list-item\"><div class=\"button-wrapper \"><a href=\"https:\/\/staging.sp-ps.ch\/wp-content\/uploads\/2022\/06\/2022-02-03_vernehmlassungsantwort_sp_schweiz_gesichtsverhullung_def.pdf\"  target=\"_self\" class=\"button-link button-link-download\" >Mise en \u0153uvre \u00e0 l\u2019interdiction de se dissimuler le visage (2022) &#091;en allemand&#093;<span class=\"button-media-date\">03.02.2022<\/span><\/a><\/div><\/div><div class=\"button-list-item\"><div class=\"button-wrapper \"><a href=\"https:\/\/staging.sp-ps.ch\/wp-content\/uploads\/2022\/06\/2021-04-30_vernehmlassungsantwort_sp_schweiz_revision_sexualstrafrecht_def_1.pdf\"  target=\"_self\" class=\"button-link button-link-download\" >R\u00e9vision du droit p\u00e9nal en mati\u00e8re sexuelle (2021) &#091;en allemand&#093;<span class=\"button-media-date\">30.04.2021<\/span><\/a><\/div><\/div><div class=\"button-list-item\"><div class=\"button-wrapper \"><a href=\"https:\/\/staging.sp-ps.ch\/wp-content\/uploads\/2022\/06\/2019-05-24_vernehmlassung_sp_schweiz_13.468_pa._iv._ehe_fur_alle_def.pdf\"  target=\"_self\" class=\"button-link button-link-download\" >Mariage civil pour tous (2019) &#091;en allemand&#093;<span class=\"button-media-date\">24.05.2019<\/span><\/a><\/div><\/div><div class=\"button-list-item\"><div class=\"button-wrapper \"><a href=\"https:\/\/staging.sp-ps.ch\/wp-content\/uploads\/2022\/06\/18-449_anderung_zivildienstgesetz.pdf\"  target=\"_self\" class=\"button-link button-link-download\" >Changement d'\u00e9tat civil (2018) &#091;en allemand&#093;<span class=\"button-media-date\">28.09.2018<\/span><\/a><\/div><\/div><div class=\"button-list-item button-list-item-hidden\"><div class=\"button-wrapper \"><a href=\"https:\/\/staging.sp-ps.ch\/wp-content\/uploads\/2022\/06\/17-355_pa.iv_._reynard._kampf_gegen_diskriminierung_aufgrund_sexueller_orientierung_0.pdf\"  target=\"_self\" class=\"button-link button-link-download\" >Lutter contre les discriminations bas\u00e9es sur l'orientation sexuelle (2017) &#091;en allemand&#093;<span class=\"button-media-date\">06.10.2017<\/span><\/a><\/div><\/div><div class=\"button-list-item button-list-item-hidden\"><div class=\"button-wrapper \"><a href=\"https:\/\/staging.sp-ps.ch\/wp-content\/uploads\/2022\/06\/15-235_gleichstellungsgesetz_1.pdf\"  target=\"_self\" class=\"button-link button-link-download\" >Loi sur l\u2019\u00e9galit\u00e9 : \u00e9galit\u00e9 salariale (2016)<span class=\"button-media-date\">02.03.2016<\/span><\/a><\/div><\/div><div class=\"button-list-item button-list-item-hidden\"><div class=\"button-wrapper \"><a href=\"https:\/\/staging.sp-ps.ch\/wp-content\/uploads\/2022\/06\/160128_gewaltschutz_und_istanbulkonvention_def_3.pdf\"  target=\"_self\" class=\"button-link button-link-download\" >Am\u00e9lioration de la protection des victimes de violence & Convention d\u2019Istanbul (2016) &#091;en allemand&#093;<span class=\"button-media-date\">28.01.2016<\/span><\/a><\/div><\/div><div class=\"button-list-item button-list-item-hidden\"><div class=\"button-wrapper \"><a href=\"https:\/\/staging.sp-ps.ch\/wp-content\/uploads\/2022\/06\/erweiterung_des_adoptionsrechts_0.pdf\"  target=\"_self\" class=\"button-link button-link-download\" >Extension du droit de l'adoption (2014) &#091;en allemand&#093;<span class=\"button-media-date\">24.03.2014<\/span><\/a><\/div><\/div><\/div><div class=\"button-list-more\"><div class=\"button-wrapper button-wrapper-right\"><a href=\"#\" class=\"button-link button-link-open button-link-toggle-on\" data-button-list-toggle>Ouvrir<\/a><a href=\"#\" class=\"button-link button-link-close button-link-toggle-off\" data-button-list-toggle>Fermer<\/a><\/div><\/div><\/div><\/div>\t\t\t\t<\/div>\n\t\t\t\t<\/div>\n\t\t\t\t<div class=\"elementor-element elementor-element-8d4c3e1 elementor-widget elementor-widget-spps_button_list\" data-id=\"8d4c3e1\" data-element_type=\"widget\" data-e-type=\"widget\" data-widget_type=\"spps_button_list.default\">\n\t\t\t\t<div class=\"elementor-widget-container\">\n\t\t\t\t\t<div class=\"button-list-wrapper wrapper-spacing-small  \"><div class=\"button-list-title\"><h3>PS Femmes<\/h3><\/div><div class=\"button-list-container\"><div class=\"button-list-items\"><div class=\"button-list-item\"><div class=\"button-wrapper \"><a href=\"https:\/\/staging.sp-ps.ch\/fr\/parti\/ps-femmes\/communique-de-presse\/\"  target=\"_self\" class=\"button-link button-link-default\" >Prises de position, Consultations et r\u00e9solutions du PS Femmes<span class=\"button-media-date\">18.04.2026<\/span><\/a><\/div><\/div><\/div><\/div><\/div>\t\t\t\t<\/div>\n\t\t\t\t<\/div>\n\t\t\t\t<div class=\"elementor-element elementor-element-e0d2ee2 elementor-widget elementor-widget-global elementor-global-29880 elementor-global-29866 elementor-widget-spps_call_to_action\" data-id=\"e0d2ee2\" data-element_type=\"widget\" data-e-type=\"widget\" data-widget_type=\"spps_call_to_action.default\">\n\t\t\t\t<div class=\"elementor-widget-container\">\n\t\t\t\t\t<div class=\"call-to-action-wrapper wrapper-spacing-default \" style=\"background:#E4002B\" ><div class=\"call-to-action-title\"><h2>S'engager<\/h2><\/div><div class=\"call-to-action-container\"><div class=\"call-to-action-text\"><p>Deviens membre du PS Suisse d\u00e8s aujourd'hui.<\/p><\/div><div class=\"call-to-action-buttons call-to-action-buttons-left\"><div class=\"button-wrapper \"><a href=\"https:\/\/staging.sp-ps.ch\/fr\/devenir-membre\"  target=\"_blank\" class=\"button-link button-link-default\"  style='color:#E4002B' onMouseOver=\"this.style.color='white';this.style.background='#E4002B'\" onMouseOut=\"this.style.color='#E4002B';this.style.background='#EBEBEB'\">Continuer<\/a><\/div><\/div><\/div><\/div>\t\t\t\t<\/div>\n\t\t\t\t<\/div>\n\t\t\t\t\t<\/div>\n\t\t<\/div>\n\t\t\t\t\t<\/div>\n\t\t<\/section>\n\t\t\t\t<\/div>\n\t\t","protected":false},"excerpt":{"rendered":"<p>F\u00e9minisme et \u00e9galit\u00e9 Une soci\u00e9t\u00e9 ne peut fonctionner correctement que si l\u2019ensemble de ses membres a des perspectives d&#8217;avenir. Cela implique l&#8217;\u00e9galit\u00e9 de tous les genres et la protection des [&hellip;]<\/p>\n","protected":false},"author":1,"featured_media":0,"parent":17197,"menu_order":4,"comment_status":"closed","ping_status":"closed","template":"","meta":{"footnotes":""},"class_list":["post-30265","page","type-page","status-publish","hentry"],"_links":{"self":[{"href":"https:\/\/staging.sp-ps.ch\/fr\/wp-json\/wp\/v2\/pages\/30265","targetHints":{"allow":["GET"]}}],"collection":[{"href":"https:\/\/staging.sp-ps.ch\/fr\/wp-json\/wp\/v2\/pages"}],"about":[{"href":"https:\/\/staging.sp-ps.ch\/fr\/wp-json\/wp\/v2\/types\/page"}],"author":[{"embeddable":true,"href":"https:\/\/staging.sp-ps.ch\/fr\/wp-json\/wp\/v2\/users\/1"}],"replies":[{"embeddable":true,"href":"https:\/\/staging.sp-ps.ch\/fr\/wp-json\/wp\/v2\/comments?post=30265"}],"version-history":[{"count":20,"href":"https:\/\/staging.sp-ps.ch\/fr\/wp-json\/wp\/v2\/pages\/30265\/revisions"}],"predecessor-version":[{"id":91126,"href":"https:\/\/staging.sp-ps.ch\/fr\/wp-json\/wp\/v2\/pages\/30265\/revisions\/91126"}],"up":[{"embeddable":true,"href":"https:\/\/staging.sp-ps.ch\/fr\/wp-json\/wp\/v2\/pages\/17197"}],"wp:attachment":[{"href":"https:\/\/staging.sp-ps.ch\/fr\/wp-json\/wp\/v2\/media?parent=30265"}],"curies":[{"name":"wp","href":"https:\/\/api.w.org\/{rel}","templated":true}]}}