{"id":30432,"date":"2022-06-30T14:56:57","date_gmt":"2022-06-30T12:56:57","guid":{"rendered":"https:\/\/test.sp-ps.ch\/conseil-federal\/"},"modified":"2024-01-03T17:24:53","modified_gmt":"2024-01-03T16:24:53","slug":"conseil-federal","status":"publish","type":"page","link":"https:\/\/staging.sp-ps.ch\/fr\/personnes\/conseil-federal\/","title":{"rendered":"Conseil f\u00e9d\u00e9ral"},"content":{"rendered":"\t\t<div data-elementor-type=\"wp-page\" data-elementor-id=\"30432\" class=\"elementor elementor-30432 elementor-387\" data-elementor-post-type=\"page\">\n\t\t\t\t\t\t<section class=\"elementor-section elementor-top-section elementor-element elementor-element-b7e19bf elementor-section-boxed elementor-section-height-default elementor-section-height-default\" data-id=\"b7e19bf\" data-element_type=\"section\" data-e-type=\"section\" data-settings=\"{&quot;jet_parallax_layout_list&quot;:[],&quot;background_background&quot;:&quot;classic&quot;}\">\n\t\t\t\t\t\t<div class=\"elementor-container elementor-column-gap-wide\">\n\t\t\t\t\t<div class=\"elementor-column elementor-col-100 elementor-top-column elementor-element elementor-element-399682a\" data-id=\"399682a\" data-element_type=\"column\" data-e-type=\"column\">\n\t\t\t<div class=\"elementor-widget-wrap elementor-element-populated\">\n\t\t\t\t\t\t<div class=\"elementor-element elementor-element-f6b07fa elementor-widget elementor-widget-jet-breadcrumbs\" data-id=\"f6b07fa\" data-element_type=\"widget\" data-e-type=\"widget\" data-widget_type=\"jet-breadcrumbs.default\">\n\t\t\t\t<div class=\"elementor-widget-container\">\n\t\t\t\t\t<div class=\"elementor-jet-breadcrumbs jet-blocks\">\n\t\t<div class=\"jet-breadcrumbs\">\n\t\t<div class=\"jet-breadcrumbs__content\">\n\t\t<div class=\"jet-breadcrumbs__wrap\">\n\t\t<\/div>\n\t\t<\/div>\n\t\t<\/div><\/div>\t\t\t\t<\/div>\n\t\t\t\t<\/div>\n\t\t\t\t<div class=\"elementor-element elementor-element-fb46d42 elementor-widget__width-initial elementor-widget elementor-widget-text-editor\" data-id=\"fb46d42\" data-element_type=\"widget\" data-e-type=\"widget\" data-widget_type=\"text-editor.default\">\n\t\t\t\t<div class=\"elementor-widget-container\">\n\t\t\t\t\t\t\t\t\t<p>Le PS est repr\u00e9sent\u00e9 depuis 1943 au Conseil f\u00e9d\u00e9ral et il dispose \u2013 depuis 1959 \u2013 de deux si\u00e8ges au gouvernement, actuellement occup\u00e9s par \u00c9lisabeth Baume-Schneider et Beat Jans. C\u2019est lors du Congr\u00e8s de 1929 que le PS s\u2019est prononc\u00e9 pour la premi\u00e8re fois en faveur d\u2019une int\u00e9gration au Conseil f\u00e9d\u00e9ral. Il aura cependant d\u00fb attendre 14 ans pour qu\u2019un socialiste y soit enfin \u00e9lu par l\u2019Assembl\u00e9e f\u00e9d\u00e9rale, en l\u2019occurrence le Zurichois Ernst Nobs. En 1953, le PS est \u00e0 nouveau pass\u00e9 dans l\u2019opposition. En effet, le lendemain du rejet de la r\u00e9forme financi\u00e8re, Max Weber a pr\u00e9sent\u00e9 sa d\u00e9mission. Six ans plus tard, le PS est revenu au gouvernement avec les deux si\u00e8ges qu\u2019il compte encore aujourd\u2019hui. Ce fut le d\u00e9but de la \u00ab formule magique \u00bb.<\/p>\t\t\t\t\t\t\t\t<\/div>\n\t\t\t\t<\/div>\n\t\t\t\t\t<\/div>\n\t\t<\/div>\n\t\t\t\t\t<\/div>\n\t\t<\/section>\n\t\t\t\t<section class=\"elementor-section elementor-top-section elementor-element elementor-element-88effc2 elementor-section-boxed elementor-section-height-default elementor-section-height-default\" data-id=\"88effc2\" data-element_type=\"section\" data-e-type=\"section\" data-settings=\"{&quot;jet_parallax_layout_list&quot;:[]}\">\n\t\t\t\t\t\t<div class=\"elementor-container elementor-column-gap-wide\">\n\t\t\t\t\t<div class=\"elementor-column elementor-col-100 elementor-top-column elementor-element elementor-element-9a207ea\" data-id=\"9a207ea\" data-element_type=\"column\" data-e-type=\"column\">\n\t\t\t<div class=\"elementor-widget-wrap elementor-element-populated\">\n\t\t\t\t\t\t<div class=\"elementor-element elementor-element-2c43840 elementor-widget elementor-widget-spps_person_grid\" data-id=\"2c43840\" data-element_type=\"widget\" data-e-type=\"widget\" data-widget_type=\"spps_person_grid.default\">\n\t\t\t\t<div class=\"elementor-widget-container\">\n\t\t\t\t\t<div class=\"button-list-wrapper wrapper-spacing-default\"><div class=\"button-list-title\"><h2>Conseil f\u00e9d\u00e9ral<\/h2><\/div><div class=\"button-list-container\"><div class=\"persons persons-grid-2\"><div class=\"persons-items\"><div class=\"persons-item\"><div class=\"person-container\"><div class=\"person-portrait\"><a href=\"https:\/\/staging.sp-ps.ch\/fr\/person\/elisabeth-baume-schneider\/\"><img decoding=\"async\" src=\"https:\/\/staging.sp-ps.ch\/wp-content\/uploads\/2022\/06\/ju_sr_2021_elisabeth_baume_schneider_quadrat-2-600x600.jpg?v=1659529593\" alt=\"Elisabeth Baume-Schneider\" loading=\"lazy\"><\/a><\/div><div class=\"person-content\"><a href=\"https:\/\/staging.sp-ps.ch\/fr\/person\/elisabeth-baume-schneider\/\" class=\"person-name\"><p><strong>Elisabeth Baume-Schneider<\/strong><\/p><\/a><ul class=\"person-kontakt list-pills list-pills-grey\"><li><a href=\"mailto:info@gs-edi.admin.ch\">E-Mail<\/a><\/li><\/ul><\/div><\/div><\/div><div class=\"persons-item\"><div class=\"person-container\"><div class=\"person-portrait\"><a href=\"https:\/\/staging.sp-ps.ch\/fr\/person\/beat-jans\/\"><img decoding=\"async\" src=\"https:\/\/staging.sp-ps.ch\/wp-content\/uploads\/2014\/07\/BS_NR_2019_SP_Jans_Beat_quadrat-600x600.jpg?v=1704718073\" alt=\"Beat Jans\" loading=\"lazy\"><\/a><\/div><div class=\"person-content\"><a href=\"https:\/\/staging.sp-ps.ch\/fr\/person\/beat-jans\/\" class=\"person-name\"><p><strong>Beat Jans<\/strong><\/p><\/a><ul class=\"person-kontakt list-pills list-pills-grey\"><li><a href=\"mailto:info@gs-ejpd.admin.ch\">E-Mail<\/a><\/li><\/ul><\/div><\/div><\/div><\/div><\/div><\/div><\/div>\t\t\t\t<\/div>\n\t\t\t\t<\/div>\n\t\t\t\t\t<\/div>\n\t\t<\/div>\n\t\t\t\t\t<\/div>\n\t\t<\/section>\n\t\t\t\t<\/div>\n\t\t","protected":false},"excerpt":{"rendered":"<p>Le PS est repr\u00e9sent\u00e9 depuis 1943 au Conseil f\u00e9d\u00e9ral et il dispose \u2013 depuis 1959 \u2013 de deux si\u00e8ges au gouvernement, actuellement occup\u00e9s par \u00c9lisabeth Baume-Schneider et Beat Jans. C\u2019est [&hellip;]<\/p>\n","protected":false},"author":1,"featured_media":0,"parent":30434,"menu_order":2,"comment_status":"closed","ping_status":"closed","template":"","meta":{"footnotes":""},"class_list":["post-30432","page","type-page","status-publish","hentry"],"_links":{"self":[{"href":"https:\/\/staging.sp-ps.ch\/fr\/wp-json\/wp\/v2\/pages\/30432","targetHints":{"allow":["GET"]}}],"collection":[{"href":"https:\/\/staging.sp-ps.ch\/fr\/wp-json\/wp\/v2\/pages"}],"about":[{"href":"https:\/\/staging.sp-ps.ch\/fr\/wp-json\/wp\/v2\/types\/page"}],"author":[{"embeddable":true,"href":"https:\/\/staging.sp-ps.ch\/fr\/wp-json\/wp\/v2\/users\/1"}],"replies":[{"embeddable":true,"href":"https:\/\/staging.sp-ps.ch\/fr\/wp-json\/wp\/v2\/comments?post=30432"}],"version-history":[{"count":12,"href":"https:\/\/staging.sp-ps.ch\/fr\/wp-json\/wp\/v2\/pages\/30432\/revisions"}],"predecessor-version":[{"id":121128,"href":"https:\/\/staging.sp-ps.ch\/fr\/wp-json\/wp\/v2\/pages\/30432\/revisions\/121128"}],"up":[{"embeddable":true,"href":"https:\/\/staging.sp-ps.ch\/fr\/wp-json\/wp\/v2\/pages\/30434"}],"wp:attachment":[{"href":"https:\/\/staging.sp-ps.ch\/fr\/wp-json\/wp\/v2\/media?parent=30432"}],"curies":[{"name":"wp","href":"https:\/\/api.w.org\/{rel}","templated":true}]}}