{"id":30438,"date":"2022-06-30T15:05:25","date_gmt":"2022-06-30T13:05:25","guid":{"rendered":"https:\/\/test.sp-ps.ch\/ce-que-nous-defendons\/programme-de-parti\/"},"modified":"2023-02-09T11:49:26","modified_gmt":"2023-02-09T10:49:26","slug":"programme-de-parti","status":"publish","type":"page","link":"https:\/\/staging.sp-ps.ch\/fr\/nos-positions\/programme-de-parti\/","title":{"rendered":"Programme de parti"},"content":{"rendered":"\t\t<div data-elementor-type=\"wp-page\" data-elementor-id=\"30438\" class=\"elementor elementor-30438 elementor-335\" data-elementor-post-type=\"page\">\n\t\t\t\t\t\t<section class=\"elementor-section elementor-top-section elementor-element elementor-element-d6d0d80 elementor-section-boxed elementor-section-height-default elementor-section-height-default\" data-id=\"d6d0d80\" data-element_type=\"section\" data-e-type=\"section\" data-settings=\"{&quot;jet_parallax_layout_list&quot;:[],&quot;background_background&quot;:&quot;classic&quot;}\">\n\t\t\t\t\t\t<div class=\"elementor-container elementor-column-gap-wide\">\n\t\t\t\t\t<div class=\"elementor-column elementor-col-100 elementor-top-column elementor-element elementor-element-8ed7289\" data-id=\"8ed7289\" data-element_type=\"column\" data-e-type=\"column\">\n\t\t\t<div class=\"elementor-widget-wrap elementor-element-populated\">\n\t\t\t\t\t\t<div class=\"elementor-element elementor-element-b82ecd3 elementor-widget elementor-widget-heading\" data-id=\"b82ecd3\" data-element_type=\"widget\" data-e-type=\"widget\" data-widget_type=\"heading.default\">\n\t\t\t\t<div class=\"elementor-widget-container\">\n\t\t\t\t\t<h1 class=\"elementor-heading-title elementor-size-default\">Programme de parti<\/h1>\t\t\t\t<\/div>\n\t\t\t\t<\/div>\n\t\t\t\t<div class=\"elementor-element elementor-element-aaa06d4 elementor-widget elementor-widget-jet-breadcrumbs\" data-id=\"aaa06d4\" data-element_type=\"widget\" data-e-type=\"widget\" data-widget_type=\"jet-breadcrumbs.default\">\n\t\t\t\t<div class=\"elementor-widget-container\">\n\t\t\t\t\t<div class=\"elementor-jet-breadcrumbs jet-blocks\">\n\t\t<div class=\"jet-breadcrumbs\">\n\t\t<div class=\"jet-breadcrumbs__content\">\n\t\t<div class=\"jet-breadcrumbs__wrap\">\n\t\t<\/div>\n\t\t<\/div>\n\t\t<\/div><\/div>\t\t\t\t<\/div>\n\t\t\t\t<\/div>\n\t\t\t\t<div class=\"elementor-element elementor-element-24a44a3 elementor-widget elementor-widget-text-editor\" data-id=\"24a44a3\" data-element_type=\"widget\" data-e-type=\"widget\" data-widget_type=\"text-editor.default\">\n\t\t\t\t<div class=\"elementor-widget-container\">\n\t\t\t\t\t\t\t\t\tLe programme actuel est le septi\u00e8me du genre depuis la cr\u00e9ation, il y a un si\u00e8cle, du Parti socialiste suisse. Il succ\u00e8de \u00e0 ceux de 1888, 1904, 1920, 1935, 1959 et 1982.\t\t\t\t\t\t\t\t<\/div>\n\t\t\t\t<\/div>\n\t\t\t\t\t<\/div>\n\t\t<\/div>\n\t\t\t\t\t<\/div>\n\t\t<\/section>\n\t\t\t\t<section class=\"elementor-section elementor-top-section elementor-element elementor-element-4ceb1a4 elementor-section-boxed elementor-section-height-default elementor-section-height-default\" data-id=\"4ceb1a4\" data-element_type=\"section\" data-e-type=\"section\" data-settings=\"{&quot;jet_parallax_layout_list&quot;:[]}\">\n\t\t\t\t\t\t<div class=\"elementor-container elementor-column-gap-wide\">\n\t\t\t\t\t<div class=\"elementor-column elementor-col-100 elementor-top-column elementor-element elementor-element-c7a503a\" data-id=\"c7a503a\" data-element_type=\"column\" data-e-type=\"column\">\n\t\t\t<div class=\"elementor-widget-wrap elementor-element-populated\">\n\t\t\t\t\t\t<div class=\"elementor-element elementor-element-bc6f2e9 elementor-widget elementor-widget-spps_title_text\" data-id=\"bc6f2e9\" data-element_type=\"widget\" data-e-type=\"widget\" data-widget_type=\"spps_title_text.default\">\n\t\t\t\t<div class=\"elementor-widget-container\">\n\t\t\t\t\t<div class=\"title-text-wrapper wrapper-spacing-default\"><div class=\"title-text-title\"><h2>Notre programme<\/h2><\/div><div class=\"title-text-container\"><div class=\"title-text-text\"><p>Le programme actuel est le septi\u00e8me du genre depuis la cr\u00e9ation, il y a un si\u00e8cle, du Parti socialiste suisse. Il succ\u00e8de \u00e0 ceux de 1888, 1904, 1920, 1935, 1959 et 1982.<\/p><p>Le programme du parti a toujours eu une importance particuli\u00e8re pour le Parti socialiste. Il exprime, en r\u00e9sum\u00e9, les principes id\u00e9ologiques et caract\u00e9ristiques d'une p\u00e9riode d\u00e9termin\u00e9e et constitue une pr\u00e9sentation des grandes id\u00e9es autour desquelles un nombre aussi grand que possible de membres se rassemblent et qui servent de base \u00e0 leurs actions politiques. Les diff\u00e9rents programmes du PS Suisse traduisent les \u00e9tapes franchies par le mouvement ouvrier dans notre pays. En ce sens, ils constituent une part importante de l'histoire de la Suisse, puisqu'au cours du XXe si\u00e8cle, le socialisme d\u00e9mocratique a profond\u00e9ment marqu\u00e9 et modifi\u00e9 notre pays.<\/p><\/div><\/div><\/div>\t\t\t\t<\/div>\n\t\t\t\t<\/div>\n\t\t\t\t<div class=\"elementor-element elementor-element-44db696 elementor-widget elementor-widget-spps_button_list\" data-id=\"44db696\" data-element_type=\"widget\" data-e-type=\"widget\" data-widget_type=\"spps_button_list.default\">\n\t\t\t\t<div class=\"elementor-widget-container\">\n\t\t\t\t\t<div class=\"button-list-wrapper wrapper-spacing-small  \"><div class=\"button-list-title\"><h3>Programme actuel<\/h3><\/div><div class=\"button-list-container\"><div class=\"button-list-items\"><div class=\"button-list-item\"><div class=\"button-wrapper \"><a href=\"https:\/\/staging.sp-ps.ch\/wp-content\/uploads\/2022\/07\/ps_programme_0-1.pdf\"  target=\"_self\" class=\"button-link button-link-download\" >Programme du Parti socialiste suisse de 2010 en PDF<span class=\"button-media-date\">18.04.2026<\/span><\/a><\/div><\/div><div class=\"button-list-item\"><div class=\"button-wrapper \"><a href=\"https:\/\/staging.sp-ps.ch\/wp-content\/uploads\/2022\/07\/ps_programme_a5-1.pdf\"  target=\"_self\" class=\"button-link button-link-download\" >Version courte du programme du Parti socialiste Suisse de 2010 en PDF<span class=\"button-media-date\">18.04.2026<\/span><\/a><\/div><\/div><\/div><\/div><\/div>\t\t\t\t<\/div>\n\t\t\t\t<\/div>\n\t\t\t\t<div class=\"elementor-element elementor-element-250300d elementor-widget elementor-widget-spps_button_list\" data-id=\"250300d\" data-element_type=\"widget\" data-e-type=\"widget\" data-widget_type=\"spps_button_list.default\">\n\t\t\t\t<div class=\"elementor-widget-container\">\n\t\t\t\t\t<div class=\"button-list-wrapper wrapper-spacing-small  \"><div class=\"button-list-title\"><h3>Programmes pr\u00e9c\u00e9dents<\/h3><\/div><div class=\"button-list-container\"><div class=\"button-list-items\"><div class=\"button-list-item\"><div class=\"button-wrapper \"><a href=\"https:\/\/staging.sp-ps.ch\/wp-content\/uploads\/2022\/07\/1982_parteiprogramm_f-3.pdf\"  target=\"_self\" class=\"button-link button-link-download\" >Programme du Parti socialiste suisse de 1982 en PDF<span class=\"button-media-date\">05.07.2022<\/span><\/a><\/div><\/div><div class=\"button-list-item\"><div class=\"button-wrapper \"><a href=\"https:\/\/staging.sp-ps.ch\/wp-content\/uploads\/2022\/07\/1959_parteiprogramm_f-1-1.pdf\"  target=\"_self\" class=\"button-link button-link-download\" >Programme du Parti socialiste suisse de 1959 en PDF<span class=\"button-media-date\">05.07.2022<\/span><\/a><\/div><\/div><div class=\"button-list-item\"><div class=\"button-wrapper \"><a href=\"https:\/\/staging.sp-ps.ch\/wp-content\/uploads\/2022\/07\/1904_parteiprogramm_f-1.pdf\"  target=\"_self\" class=\"button-link button-link-download\" >Programme du Parti socialiste suisse de 1904 en PDF<span class=\"button-media-date\">05.07.2022<\/span><\/a><\/div><\/div><div class=\"button-list-item\"><div class=\"button-wrapper \"><a href=\"https:\/\/staging.sp-ps.ch\/wp-content\/uploads\/2022\/07\/1888_parteiprogramm_f-1.pdf\"  target=\"_self\" class=\"button-link button-link-download\" >Programme du Parti socialiste suisse de 1888 en PDF<span class=\"button-media-date\">05.07.2022<\/span><\/a><\/div><\/div><div class=\"button-list-item\"><div class=\"button-wrapper \"><a href=\"https:\/\/staging.sp-ps.ch\/wp-content\/uploads\/2022\/07\/1935_parteiprogramm_d_0-1.pdf\"  target=\"_self\" class=\"button-link button-link-download\" >Programme du Parti socialiste suisse de 1935 en PDF &#091;en allemand&#093;<span class=\"button-media-date\">05.07.2022<\/span><\/a><\/div><\/div><div class=\"button-list-item\"><div class=\"button-wrapper \"><a href=\"https:\/\/staging.sp-ps.ch\/wp-content\/uploads\/2022\/07\/1920_parteiprogramm_d-1.pdf\"  target=\"_self\" class=\"button-link button-link-download\" >Programme du Parti socialiste suisse de 1920 en PDF &#091;en allemand&#093;<span class=\"button-media-date\">05.07.2022<\/span><\/a><\/div><\/div><div class=\"button-list-item\"><div class=\"button-wrapper \"><a href=\"https:\/\/staging.sp-ps.ch\/wp-content\/uploads\/2022\/07\/1870_parteiprogramm_d_0-1.pdf\"  target=\"_self\" class=\"button-link button-link-download\" >Programme du Parti socialiste suisse de 1870 en PDF &#091;en allemand&#093;<span class=\"button-media-date\">05.07.2022<\/span><\/a><\/div><\/div><\/div><\/div><\/div>\t\t\t\t<\/div>\n\t\t\t\t<\/div>\n\t\t\t\t\t<\/div>\n\t\t<\/div>\n\t\t\t\t\t<\/div>\n\t\t<\/section>\n\t\t\t\t<\/div>\n\t\t","protected":false},"excerpt":{"rendered":"<p>Programme de parti Le programme actuel est le septi\u00e8me du genre depuis la cr\u00e9ation, il y a un si\u00e8cle, du Parti socialiste suisse. Il succ\u00e8de \u00e0 ceux de 1888, 1904, [&hellip;]<\/p>\n","protected":false},"author":1,"featured_media":0,"parent":17509,"menu_order":1,"comment_status":"closed","ping_status":"closed","template":"","meta":{"footnotes":""},"class_list":["post-30438","page","type-page","status-publish","hentry"],"_links":{"self":[{"href":"https:\/\/staging.sp-ps.ch\/fr\/wp-json\/wp\/v2\/pages\/30438","targetHints":{"allow":["GET"]}}],"collection":[{"href":"https:\/\/staging.sp-ps.ch\/fr\/wp-json\/wp\/v2\/pages"}],"about":[{"href":"https:\/\/staging.sp-ps.ch\/fr\/wp-json\/wp\/v2\/types\/page"}],"author":[{"embeddable":true,"href":"https:\/\/staging.sp-ps.ch\/fr\/wp-json\/wp\/v2\/users\/1"}],"replies":[{"embeddable":true,"href":"https:\/\/staging.sp-ps.ch\/fr\/wp-json\/wp\/v2\/comments?post=30438"}],"version-history":[{"count":6,"href":"https:\/\/staging.sp-ps.ch\/fr\/wp-json\/wp\/v2\/pages\/30438\/revisions"}],"predecessor-version":[{"id":90890,"href":"https:\/\/staging.sp-ps.ch\/fr\/wp-json\/wp\/v2\/pages\/30438\/revisions\/90890"}],"up":[{"embeddable":true,"href":"https:\/\/staging.sp-ps.ch\/fr\/wp-json\/wp\/v2\/pages\/17509"}],"wp:attachment":[{"href":"https:\/\/staging.sp-ps.ch\/fr\/wp-json\/wp\/v2\/media?parent=30438"}],"curies":[{"name":"wp","href":"https:\/\/api.w.org\/{rel}","templated":true}]}}