{"id":30460,"date":"2022-06-30T15:18:58","date_gmt":"2022-06-30T13:18:58","guid":{"rendered":"https:\/\/test.sp-ps.ch\/parti\/ps-femmes\/"},"modified":"2023-10-23T09:43:24","modified_gmt":"2023-10-23T07:43:24","slug":"ps-femmes","status":"publish","type":"page","link":"https:\/\/staging.sp-ps.ch\/fr\/parti\/ps-femmes\/","title":{"rendered":"PS femmes"},"content":{"rendered":"\t\t<div data-elementor-type=\"wp-page\" data-elementor-id=\"30460\" class=\"elementor elementor-30460 elementor-3384\" data-elementor-post-type=\"page\">\n\t\t\t\t\t\t<section class=\"elementor-section elementor-top-section elementor-element elementor-element-a93d54e elementor-section-boxed elementor-section-height-default elementor-section-height-default\" data-id=\"a93d54e\" data-element_type=\"section\" data-e-type=\"section\" data-settings=\"{&quot;jet_parallax_layout_list&quot;:[],&quot;background_background&quot;:&quot;classic&quot;}\">\n\t\t\t\t\t\t<div class=\"elementor-container elementor-column-gap-wide\">\n\t\t\t\t\t<div class=\"elementor-column elementor-col-100 elementor-top-column elementor-element elementor-element-8837592\" data-id=\"8837592\" data-element_type=\"column\" data-e-type=\"column\">\n\t\t\t<div class=\"elementor-widget-wrap elementor-element-populated\">\n\t\t\t\t\t\t<div class=\"elementor-element elementor-element-8b9257b elementor-widget elementor-widget-heading\" data-id=\"8b9257b\" data-element_type=\"widget\" data-e-type=\"widget\" data-widget_type=\"heading.default\">\n\t\t\t\t<div class=\"elementor-widget-container\">\n\t\t\t\t\t<h1 class=\"elementor-heading-title elementor-size-default\">Femmes socialistes suisses<\/h1>\t\t\t\t<\/div>\n\t\t\t\t<\/div>\n\t\t\t\t<div class=\"elementor-element elementor-element-564fd60 elementor-widget elementor-widget-jet-breadcrumbs\" data-id=\"564fd60\" data-element_type=\"widget\" data-e-type=\"widget\" data-widget_type=\"jet-breadcrumbs.default\">\n\t\t\t\t<div class=\"elementor-widget-container\">\n\t\t\t\t\t<div class=\"elementor-jet-breadcrumbs jet-blocks\">\n\t\t<div class=\"jet-breadcrumbs\">\n\t\t<div class=\"jet-breadcrumbs__content\">\n\t\t<div class=\"jet-breadcrumbs__wrap\">\n\t\t<\/div>\n\t\t<\/div>\n\t\t<\/div><\/div>\t\t\t\t<\/div>\n\t\t\t\t<\/div>\n\t\t\t\t<div class=\"elementor-element elementor-element-a54f292 elementor-widget__width-initial elementor-widget elementor-widget-text-editor\" data-id=\"a54f292\" data-element_type=\"widget\" data-e-type=\"widget\" data-widget_type=\"text-editor.default\">\n\t\t\t\t<div class=\"elementor-widget-container\">\n\t\t\t\t\t\t\t\t\t<p>Les Femmes socialistes font partie du mouvement et du parti socialiste en Suisse, qui est compos\u00e9 de divers organes et personnalit\u00e9s et qui a v\u00e9cu une histoire dynamique et active depuis le 20e si\u00e8cle.<\/p>\t\t\t\t\t\t\t\t<\/div>\n\t\t\t\t<\/div>\n\t\t\t\t\t<\/div>\n\t\t<\/div>\n\t\t\t\t\t<\/div>\n\t\t<\/section>\n\t\t\t\t<section class=\"elementor-section elementor-top-section elementor-element elementor-element-2433b58 elementor-section-full_width elementor-section-height-min-height elementor-section-height-default elementor-section-items-middle\" data-id=\"2433b58\" data-element_type=\"section\" data-e-type=\"section\" data-settings=\"{&quot;jet_parallax_layout_list&quot;:[]}\">\n\t\t\t\t\t\t<div class=\"elementor-container elementor-column-gap-no\">\n\t\t\t\t\t<div class=\"elementor-column elementor-col-100 elementor-top-column elementor-element elementor-element-48c1d14\" data-id=\"48c1d14\" data-element_type=\"column\" data-e-type=\"column\">\n\t\t\t<div class=\"elementor-widget-wrap elementor-element-populated\">\n\t\t\t\t\t\t<div class=\"elementor-element elementor-element-e6abcb1 elementor-widget elementor-widget-image\" data-id=\"e6abcb1\" data-element_type=\"widget\" data-e-type=\"widget\" data-widget_type=\"image.default\">\n\t\t\t\t<div class=\"elementor-widget-container\">\n\t\t\t\t\t\t\t\t\t\t\t\t\t\t\t<img fetchpriority=\"high\" decoding=\"async\" width=\"2400\" height=\"1602\" src=\"https:\/\/staging.sp-ps.ch\/wp-content\/uploads\/2023\/09\/DSC_0827FR.jpg\" class=\"attachment-full size-full wp-image-112683\" alt=\"\" srcset=\"https:\/\/staging.sp-ps.ch\/wp-content\/uploads\/2023\/09\/DSC_0827FR.jpg 2400w, https:\/\/staging.sp-ps.ch\/wp-content\/uploads\/2023\/09\/DSC_0827FR-300x200.jpg 300w, https:\/\/staging.sp-ps.ch\/wp-content\/uploads\/2023\/09\/DSC_0827FR-1024x684.jpg 1024w, https:\/\/staging.sp-ps.ch\/wp-content\/uploads\/2023\/09\/DSC_0827FR-768x513.jpg 768w, https:\/\/staging.sp-ps.ch\/wp-content\/uploads\/2023\/09\/DSC_0827FR-1536x1025.jpg 1536w, https:\/\/staging.sp-ps.ch\/wp-content\/uploads\/2023\/09\/DSC_0827FR-2048x1367.jpg 2048w\" sizes=\"(max-width: 2400px) 100vw, 2400px\" \/>\t\t\t\t\t\t\t\t\t\t\t\t\t\t\t<\/div>\n\t\t\t\t<\/div>\n\t\t\t\t\t<\/div>\n\t\t<\/div>\n\t\t\t\t\t<\/div>\n\t\t<\/section>\n\t\t\t\t<section class=\"elementor-section elementor-top-section elementor-element elementor-element-eab39be elementor-section-boxed elementor-section-height-default elementor-section-height-default\" data-id=\"eab39be\" data-element_type=\"section\" data-e-type=\"section\" data-settings=\"{&quot;jet_parallax_layout_list&quot;:[]}\">\n\t\t\t\t\t\t<div class=\"elementor-container elementor-column-gap-wide\">\n\t\t\t\t\t<div class=\"elementor-column elementor-col-100 elementor-top-column elementor-element elementor-element-cbbb717\" data-id=\"cbbb717\" data-element_type=\"column\" data-e-type=\"column\">\n\t\t\t<div class=\"elementor-widget-wrap elementor-element-populated\">\n\t\t\t\t\t\t<div class=\"elementor-element elementor-element-9e946ce elementor-widget elementor-widget-spps_button_list\" data-id=\"9e946ce\" data-element_type=\"widget\" data-e-type=\"widget\" data-widget_type=\"spps_button_list.default\">\n\t\t\t\t<div class=\"elementor-widget-container\">\n\t\t\t\t\t<div class=\"button-list-wrapper wrapper-spacing-default  \"><div class=\"button-list-title\"><h2>Portrait<\/h2><\/div><div class=\"button-list-container\"><div class=\"button-list-text\"><p>Les Femmes socialistes font partie du mouvement et du parti socialiste en Suisse, qui est compos\u00e9 de divers organes et personnalit\u00e9s et qui a v\u00e9cu une histoire dynamique et active depuis le 20e si\u00e8cle.<\/p><p><strong>Nous nous consid\u00e9rons comme un mouvement progressiste du f\u00e9minisme socialiste.<\/strong> Nos objectifs sont l\u2019\u00e9mancipation des femmes et l\u2019\u00e9galit\u00e9 politique, \u00e9conomique, juridique, sociale et culturelle de tous les genres. Les mesures positives visant \u00e0 mettre en \u0153uvre les droits des femmes et \u00e0 pr\u00e9venir la discrimination de toutes les personnes sur la base de leur identit\u00e9 de genre ou de leur orientation sexuelle sont au centre de notre travail politique. En outre, nous nous sommes engag\u00e9es \u00e0 augmenter la proportion de femmes en politique.<\/p><\/div><\/div><\/div>\t\t\t\t<\/div>\n\t\t\t\t<\/div>\n\t\t\t\t<div class=\"elementor-element elementor-element-135bdb5 elementor-widget elementor-widget-spps_call_to_action\" data-id=\"135bdb5\" data-element_type=\"widget\" data-e-type=\"widget\" data-widget_type=\"spps_call_to_action.default\">\n\t\t\t\t<div class=\"elementor-widget-container\">\n\t\t\t\t\t<div class=\"call-to-action-wrapper wrapper-spacing-default \" style=\"background:#E4002B\" ><div class=\"call-to-action-title\"><h2>S'engager<\/h2><\/div><div class=\"call-to-action-container\"><div class=\"call-to-action-text\"><p>Tu veux t'engager avec nous ? Alors deviens membre maintenant !<\/p><\/div><div class=\"call-to-action-buttons call-to-action-buttons-left\"><div class=\"button-wrapper \"><a href=\"https:\/\/devenir-membre.sp-ps.ch\/\"  target=\"_blank\" class=\"button-link button-link-default\"  style='color:#E4002B' onMouseOver=\"this.style.color='white';this.style.background='#E4002B'\" onMouseOut=\"this.style.color='#E4002B';this.style.background='#EBEBEB'\">Devenir membre<\/a><\/div><div class=\"button-wrapper \"><a href=\"https:\/\/staging.sp-ps.ch\/fr\/parti\/ps-femmes\/soutenez-les-femmes-socialistes-par-un-don\/\"  target=\"_self\" class=\"button-link button-link-default\"  style='color:#E4002B' onMouseOver=\"this.style.color='white';this.style.background='#E4002B'\" onMouseOut=\"this.style.color='#E4002B';this.style.background='#EBEBEB'\">Faire un don<\/a><\/div><\/div><\/div><\/div>\t\t\t\t<\/div>\n\t\t\t\t<\/div>\n\t\t\t\t\t<\/div>\n\t\t<\/div>\n\t\t\t\t\t<\/div>\n\t\t<\/section>\n\t\t\t\t<\/div>\n\t\t","protected":false},"excerpt":{"rendered":"<p>Femmes socialistes suisses Les Femmes socialistes font partie du mouvement et du parti socialiste en Suisse, qui est compos\u00e9 de divers organes et personnalit\u00e9s et qui a v\u00e9cu une histoire [&hellip;]<\/p>\n","protected":false},"author":1,"featured_media":0,"parent":30425,"menu_order":0,"comment_status":"closed","ping_status":"closed","template":"","meta":{"footnotes":""},"class_list":["post-30460","page","type-page","status-publish","hentry"],"_links":{"self":[{"href":"https:\/\/staging.sp-ps.ch\/fr\/wp-json\/wp\/v2\/pages\/30460","targetHints":{"allow":["GET"]}}],"collection":[{"href":"https:\/\/staging.sp-ps.ch\/fr\/wp-json\/wp\/v2\/pages"}],"about":[{"href":"https:\/\/staging.sp-ps.ch\/fr\/wp-json\/wp\/v2\/types\/page"}],"author":[{"embeddable":true,"href":"https:\/\/staging.sp-ps.ch\/fr\/wp-json\/wp\/v2\/users\/1"}],"replies":[{"embeddable":true,"href":"https:\/\/staging.sp-ps.ch\/fr\/wp-json\/wp\/v2\/comments?post=30460"}],"version-history":[{"count":15,"href":"https:\/\/staging.sp-ps.ch\/fr\/wp-json\/wp\/v2\/pages\/30460\/revisions"}],"predecessor-version":[{"id":116571,"href":"https:\/\/staging.sp-ps.ch\/fr\/wp-json\/wp\/v2\/pages\/30460\/revisions\/116571"}],"up":[{"embeddable":true,"href":"https:\/\/staging.sp-ps.ch\/fr\/wp-json\/wp\/v2\/pages\/30425"}],"wp:attachment":[{"href":"https:\/\/staging.sp-ps.ch\/fr\/wp-json\/wp\/v2\/media?parent=30460"}],"curies":[{"name":"wp","href":"https:\/\/api.w.org\/{rel}","templated":true}]}}