{"id":30462,"date":"2022-06-30T15:19:37","date_gmt":"2022-06-30T13:19:37","guid":{"rendered":"https:\/\/test.sp-ps.ch\/parti\/ps-migrant-e-s\/"},"modified":"2026-03-12T16:04:54","modified_gmt":"2026-03-12T15:04:54","slug":"ps-migrant-e-s","status":"publish","type":"page","link":"https:\/\/staging.sp-ps.ch\/fr\/parti\/ps-migrant-e-s\/","title":{"rendered":"PS Migrant-es"},"content":{"rendered":"\t\t<div data-elementor-type=\"wp-page\" data-elementor-id=\"30462\" class=\"elementor elementor-30462 elementor-341\" data-elementor-post-type=\"page\">\n\t\t\t\t\t\t<section class=\"elementor-section elementor-top-section elementor-element elementor-element-e46dd74 elementor-section-boxed elementor-section-height-default elementor-section-height-default\" data-id=\"e46dd74\" data-element_type=\"section\" data-e-type=\"section\" data-settings=\"{&quot;jet_parallax_layout_list&quot;:[],&quot;background_background&quot;:&quot;classic&quot;}\">\n\t\t\t\t\t\t<div class=\"elementor-container elementor-column-gap-wide\">\n\t\t\t\t\t<div class=\"elementor-column elementor-col-100 elementor-top-column elementor-element elementor-element-9b5f28d\" data-id=\"9b5f28d\" data-element_type=\"column\" data-e-type=\"column\">\n\t\t\t<div class=\"elementor-widget-wrap elementor-element-populated\">\n\t\t\t\t\t\t<div class=\"elementor-element elementor-element-5868fd1 elementor-widget elementor-widget-heading\" data-id=\"5868fd1\" data-element_type=\"widget\" data-e-type=\"widget\" data-widget_type=\"heading.default\">\n\t\t\t\t<div class=\"elementor-widget-container\">\n\t\t\t\t\t<h1 class=\"elementor-heading-title elementor-size-default\">PS Migrant-es<\/h1>\t\t\t\t<\/div>\n\t\t\t\t<\/div>\n\t\t\t\t<div class=\"elementor-element elementor-element-461bec7 elementor-widget__width-initial elementor-widget elementor-widget-text-editor\" data-id=\"461bec7\" data-element_type=\"widget\" data-e-type=\"widget\" data-widget_type=\"text-editor.default\">\n\t\t\t\t<div class=\"elementor-widget-container\">\n\t\t\t\t\t\t\t\t\t<p>Le PS Migrant-es se consid\u00e8re comme partie du mouvement d&#8217;\u00e9galit\u00e9 socialiste. Il s&#8217;engage pour la participation politique des personnes issues de la migration \u00e0 l&#8217;interieur et \u00e0 l&#8217;ext\u00e9rieur du PS.<\/p>\t\t\t\t\t\t\t\t<\/div>\n\t\t\t\t<\/div>\n\t\t\t\t\t<\/div>\n\t\t<\/div>\n\t\t\t\t\t<\/div>\n\t\t<\/section>\n\t\t\t\t<section class=\"elementor-section elementor-top-section elementor-element elementor-element-5683beb elementor-section-full_width elementor-section-height-min-height elementor-section-height-default elementor-section-items-middle\" data-id=\"5683beb\" data-element_type=\"section\" data-e-type=\"section\" data-settings=\"{&quot;jet_parallax_layout_list&quot;:[]}\">\n\t\t\t\t\t\t<div class=\"elementor-container elementor-column-gap-no\">\n\t\t\t\t\t<div class=\"elementor-column elementor-col-100 elementor-top-column elementor-element elementor-element-fc6fd64\" data-id=\"fc6fd64\" data-element_type=\"column\" data-e-type=\"column\">\n\t\t\t<div class=\"elementor-widget-wrap elementor-element-populated\">\n\t\t\t\t\t\t<div class=\"elementor-element elementor-element-479c217 elementor-widget elementor-widget-image\" data-id=\"479c217\" data-element_type=\"widget\" data-e-type=\"widget\" data-widget_type=\"image.default\">\n\t\t\t\t<div class=\"elementor-widget-container\">\n\t\t\t\t\t\t\t\t\t\t\t\t\t\t\t<img fetchpriority=\"high\" decoding=\"async\" width=\"2560\" height=\"1244\" src=\"https:\/\/staging.sp-ps.ch\/wp-content\/uploads\/2024\/06\/DSC_4945-1-scaled.jpg\" class=\"attachment-full size-full wp-image-134827\" alt=\"\" srcset=\"https:\/\/staging.sp-ps.ch\/wp-content\/uploads\/2024\/06\/DSC_4945-1-scaled.jpg 2560w, https:\/\/staging.sp-ps.ch\/wp-content\/uploads\/2024\/06\/DSC_4945-1-300x146.jpg 300w, https:\/\/staging.sp-ps.ch\/wp-content\/uploads\/2024\/06\/DSC_4945-1-1024x498.jpg 1024w, https:\/\/staging.sp-ps.ch\/wp-content\/uploads\/2024\/06\/DSC_4945-1-768x373.jpg 768w, https:\/\/staging.sp-ps.ch\/wp-content\/uploads\/2024\/06\/DSC_4945-1-1536x746.jpg 1536w, https:\/\/staging.sp-ps.ch\/wp-content\/uploads\/2024\/06\/DSC_4945-1-2048x995.jpg 2048w\" sizes=\"(max-width: 2560px) 100vw, 2560px\" \/>\t\t\t\t\t\t\t\t\t\t\t\t\t\t\t<\/div>\n\t\t\t\t<\/div>\n\t\t\t\t\t<\/div>\n\t\t<\/div>\n\t\t\t\t\t<\/div>\n\t\t<\/section>\n\t\t\t\t<section class=\"elementor-section elementor-top-section elementor-element elementor-element-8183bd6 elementor-section-boxed elementor-section-height-default elementor-section-height-default\" data-id=\"8183bd6\" data-element_type=\"section\" data-e-type=\"section\" data-settings=\"{&quot;jet_parallax_layout_list&quot;:[],&quot;background_background&quot;:&quot;classic&quot;}\">\n\t\t\t\t\t\t<div class=\"elementor-container elementor-column-gap-wide\">\n\t\t\t\t\t<div class=\"elementor-column elementor-col-100 elementor-top-column elementor-element elementor-element-fd76c9b\" data-id=\"fd76c9b\" data-element_type=\"column\" data-e-type=\"column\">\n\t\t\t<div class=\"elementor-widget-wrap elementor-element-populated\">\n\t\t\t\t\t\t<div class=\"elementor-element elementor-element-9454fa4 elementor-widget elementor-widget-text-editor\" data-id=\"9454fa4\" data-element_type=\"widget\" data-e-type=\"widget\" data-widget_type=\"text-editor.default\">\n\t\t\t\t<div class=\"elementor-widget-container\">\n\t\t\t\t\t\t\t\t\t<p>En Suisse, deux personnes sur cinq ont une histoire migratoire, qu\u2019il s\u2019agisse de leur propre parcours ou celui de leurs parents ou grands-parents. Derri\u00e8re ces chiffres se cachent des trajectoires de vie uniques, marqu\u00e9es par des nouveaux d\u00e9parts, une grande diversit\u00e9 culturelle et une volont\u00e9 profonde d\u2019int\u00e9gration. Pourtant, les migrant-es sont fortement sous-repr\u00e9sent\u00e9-es en politique. Le PS Migrant-es s&#8217;engage \u00e0 faire entendre leurs voix et \u00e0 renforcer leur participation politique.<\/p>\t\t\t\t\t\t\t\t<\/div>\n\t\t\t\t<\/div>\n\t\t\t\t<div class=\"elementor-element elementor-element-512ea68 elementor-widget elementor-widget-image\" data-id=\"512ea68\" data-element_type=\"widget\" data-e-type=\"widget\" data-widget_type=\"image.default\">\n\t\t\t\t<div class=\"elementor-widget-container\">\n\t\t\t\t\t\t\t\t\t\t\t\t\t\t\t\t<a href=\"https:\/\/staging.sp-ps.ch\/fr\/artikel\/protection-des-minorites-et-des-civil-es-en-syrie-la-suisse-doit-agir\/\" target=\"_blank\">\n\t\t\t\t\t\t\t<img decoding=\"async\" width=\"800\" height=\"450\" src=\"https:\/\/staging.sp-ps.ch\/wp-content\/uploads\/2026\/01\/Petition_Syrien_FR-1024x576.jpg\" class=\"attachment-large size-large wp-image-176948\" alt=\"\" srcset=\"https:\/\/staging.sp-ps.ch\/wp-content\/uploads\/2026\/01\/Petition_Syrien_FR-1024x576.jpg 1024w, https:\/\/staging.sp-ps.ch\/wp-content\/uploads\/2026\/01\/Petition_Syrien_FR-300x169.jpg 300w, https:\/\/staging.sp-ps.ch\/wp-content\/uploads\/2026\/01\/Petition_Syrien_FR-768x432.jpg 768w, https:\/\/staging.sp-ps.ch\/wp-content\/uploads\/2026\/01\/Petition_Syrien_FR-1536x864.jpg 1536w, https:\/\/staging.sp-ps.ch\/wp-content\/uploads\/2026\/01\/Petition_Syrien_FR-2048x1152.jpg 2048w\" sizes=\"(max-width: 800px) 100vw, 800px\" \/>\t\t\t\t\t\t\t\t<\/a>\n\t\t\t\t\t\t\t\t\t\t\t\t\t\t\t<\/div>\n\t\t\t\t<\/div>\n\t\t\t\t<div class=\"elementor-element elementor-element-0046e71 elementor-widget elementor-widget-heading\" data-id=\"0046e71\" data-element_type=\"widget\" data-e-type=\"widget\" data-widget_type=\"heading.default\">\n\t\t\t\t<div class=\"elementor-widget-container\">\n\t\t\t\t\t<h2 class=\"elementor-heading-title elementor-size-default\">Pourquoi avons-nous besoin du PS Migrant-es ?<\/h2>\t\t\t\t<\/div>\n\t\t\t\t<\/div>\n\t\t\t\t<div class=\"elementor-element elementor-element-67430d5 elementor-widget elementor-widget-text-editor\" data-id=\"67430d5\" data-element_type=\"widget\" data-e-type=\"widget\" data-widget_type=\"text-editor.default\">\n\t\t\t\t<div class=\"elementor-widget-container\">\n\t\t\t\t\t\t\t\t\t<p>Les personnes avec un parcours migratoire subissent des discriminations dans des aspects essentiels de la vie quotidienne. Un nom \u00e0 consonance \u00e9trang\u00e8re peut suffire \u00e0 r\u00e9duire leurs chances de trouver un logement. Dans le domaine des assurances, les migrant-es doivent souvent payer des primes plus \u00e9lev\u00e9es ou sont exclu-es des assurances compl\u00e9mentaires. Au quotidien, beaucoup font face \u00e0 des violences ou au racisme, que ce soit par des remarques d\u00e9plac\u00e9es, l\u2019exclusion sociale ou des contr\u00f4les policiers injustifi\u00e9s. Par ailleurs, les milieux conservateurs font souvent des migrant-es un ennemi, les caricaturant comme \u00ab diff\u00e9rent-es \u00bb ou \u00ab mena\u00e7ant-es \u00bb.<\/p><p>Le PS Migrant-es forme une communaut\u00e9 engag\u00e9e et solidaire. Ensemble, nous luttons pour que les voix des personnes issues de la migration soient entendues et que leurs droits soient renforc\u00e9s. Nous favorisons l\u2019entraide, l\u2019\u00e9change, et nous nous unissons contre toutes les formes de discrimination.<\/p>\t\t\t\t\t\t\t\t<\/div>\n\t\t\t\t<\/div>\n\t\t\t\t<div class=\"elementor-element elementor-element-74b2ab7 elementor-widget elementor-widget-spps_call_to_action\" data-id=\"74b2ab7\" data-element_type=\"widget\" data-e-type=\"widget\" data-widget_type=\"spps_call_to_action.default\">\n\t\t\t\t<div class=\"elementor-widget-container\">\n\t\t\t\t\t<div class=\"call-to-action-wrapper wrapper-spacing-default \" style=\"background:#E4002B\" ><div class=\"call-to-action-title\"><h2>S'engager<\/h2><\/div><div class=\"call-to-action-container\"><div class=\"call-to-action-text\"><p>Deviens membre d\u00e8s maintenant !<\/p><\/div><div class=\"call-to-action-buttons call-to-action-buttons-left\"><div class=\"button-wrapper \"><a href=\"https:\/\/staging.sp-ps.ch\/fr\/parti\/ps-migrant-e-s\/sengager\/\"  target=\"_self\" class=\"button-link button-link-default\"  style='color:#E4002B' onMouseOver=\"this.style.color='white';this.style.background='#E4002B'\" onMouseOut=\"this.style.color='#E4002B';this.style.background='#EBEBEB'\">Devenir membre<\/a><\/div><\/div><\/div><\/div>\t\t\t\t<\/div>\n\t\t\t\t<\/div>\n\t\t\t\t\t<\/div>\n\t\t<\/div>\n\t\t\t\t\t<\/div>\n\t\t<\/section>\n\t\t\t\t<\/div>\n\t\t","protected":false},"excerpt":{"rendered":"<p>PS Migrant-es Le PS Migrant-es se consid\u00e8re comme partie du mouvement d&#8217;\u00e9galit\u00e9 socialiste. Il s&#8217;engage pour la participation politique des personnes issues de la migration \u00e0 l&#8217;interieur et \u00e0 l&#8217;ext\u00e9rieur [&hellip;]<\/p>\n","protected":false},"author":1,"featured_media":0,"parent":30425,"menu_order":1,"comment_status":"closed","ping_status":"closed","template":"","meta":{"footnotes":""},"class_list":["post-30462","page","type-page","status-publish","hentry"],"_links":{"self":[{"href":"https:\/\/staging.sp-ps.ch\/fr\/wp-json\/wp\/v2\/pages\/30462","targetHints":{"allow":["GET"]}}],"collection":[{"href":"https:\/\/staging.sp-ps.ch\/fr\/wp-json\/wp\/v2\/pages"}],"about":[{"href":"https:\/\/staging.sp-ps.ch\/fr\/wp-json\/wp\/v2\/types\/page"}],"author":[{"embeddable":true,"href":"https:\/\/staging.sp-ps.ch\/fr\/wp-json\/wp\/v2\/users\/1"}],"replies":[{"embeddable":true,"href":"https:\/\/staging.sp-ps.ch\/fr\/wp-json\/wp\/v2\/comments?post=30462"}],"version-history":[{"count":78,"href":"https:\/\/staging.sp-ps.ch\/fr\/wp-json\/wp\/v2\/pages\/30462\/revisions"}],"predecessor-version":[{"id":180017,"href":"https:\/\/staging.sp-ps.ch\/fr\/wp-json\/wp\/v2\/pages\/30462\/revisions\/180017"}],"up":[{"embeddable":true,"href":"https:\/\/staging.sp-ps.ch\/fr\/wp-json\/wp\/v2\/pages\/30425"}],"wp:attachment":[{"href":"https:\/\/staging.sp-ps.ch\/fr\/wp-json\/wp\/v2\/media?parent=30462"}],"curies":[{"name":"wp","href":"https:\/\/api.w.org\/{rel}","templated":true}]}}