{"id":30481,"date":"2022-06-30T16:55:31","date_gmt":"2022-06-30T14:55:31","guid":{"rendered":"https:\/\/test.sp-ps.ch\/parti\/ps-queer\/"},"modified":"2025-11-13T15:44:40","modified_gmt":"2025-11-13T14:44:40","slug":"ps-queer","status":"publish","type":"page","link":"https:\/\/staging.sp-ps.ch\/fr\/parti\/ps-queer\/","title":{"rendered":"PS queer"},"content":{"rendered":"\t\t<div data-elementor-type=\"wp-page\" data-elementor-id=\"30481\" class=\"elementor elementor-30481 elementor-345\" data-elementor-post-type=\"page\">\n\t\t\t\t\t\t<section class=\"elementor-section elementor-top-section elementor-element elementor-element-76533f71 elementor-section-boxed elementor-section-height-default elementor-section-height-default\" data-id=\"76533f71\" data-element_type=\"section\" data-e-type=\"section\" data-settings=\"{&quot;jet_parallax_layout_list&quot;:[],&quot;background_background&quot;:&quot;classic&quot;}\">\n\t\t\t\t\t\t<div class=\"elementor-container elementor-column-gap-wide\">\n\t\t\t\t\t<div class=\"elementor-column elementor-col-100 elementor-top-column elementor-element elementor-element-4d8b9b8c\" data-id=\"4d8b9b8c\" data-element_type=\"column\" data-e-type=\"column\">\n\t\t\t<div class=\"elementor-widget-wrap elementor-element-populated\">\n\t\t\t\t\t\t<div class=\"elementor-element elementor-element-75460808 elementor-widget elementor-widget-heading\" data-id=\"75460808\" data-element_type=\"widget\" data-e-type=\"widget\" data-widget_type=\"heading.default\">\n\t\t\t\t<div class=\"elementor-widget-container\">\n\t\t\t\t\t<h1 class=\"elementor-heading-title elementor-size-default\">PS queer<\/h1>\t\t\t\t<\/div>\n\t\t\t\t<\/div>\n\t\t\t\t<div class=\"elementor-element elementor-element-7759c702 elementor-widget elementor-widget-jet-breadcrumbs\" data-id=\"7759c702\" data-element_type=\"widget\" data-e-type=\"widget\" data-widget_type=\"jet-breadcrumbs.default\">\n\t\t\t\t<div class=\"elementor-widget-container\">\n\t\t\t\t\t<div class=\"elementor-jet-breadcrumbs jet-blocks\">\n\t\t<div class=\"jet-breadcrumbs\">\n\t\t<div class=\"jet-breadcrumbs__content\">\n\t\t<div class=\"jet-breadcrumbs__wrap\">\n\t\t<\/div>\n\t\t<\/div>\n\t\t<\/div><\/div>\t\t\t\t<\/div>\n\t\t\t\t<\/div>\n\t\t\t\t<div class=\"elementor-element elementor-element-8bdfdf3 elementor-widget elementor-widget-text-editor\" data-id=\"8bdfdf3\" data-element_type=\"widget\" data-e-type=\"widget\" data-widget_type=\"text-editor.default\">\n\t\t\t\t<div class=\"elementor-widget-container\">\n\t\t\t\t\t\t\t\t\t<div><div class=\"\"><div id=\"post_qxyhnf4hb78mxbai7jwrbwjzaw\" class=\"a11y__section post same--user same--root  \" tabindex=\"0\" role=\"listitem\" aria-label=\"Am Dienstag, 13. Dezember um 12:07 schrieb M\u00e9lanie Rufi: Le PS queer se d\u00e9finit comme un courant queer f\u00e9ministe organis\u00e9, fond\u00e9 sur des principes sociaux-d\u00e9mocrates, actif au sein du PS Suisse. Il se compose de diff\u00e9rents groupes de travail, de groupes cantonaux et de personnes de toutes les orientations sexuelles et romantiques, de tous les modes de vie et identit\u00e9s sexuelles et de toutes les variations des caract\u00e9ristiques sexuelles inn\u00e9es.\nNous nous engageons au sein du parti socialiste ainsi qu\u2019aupr\u00e8s du public pour d\u00e9fendre les int\u00e9r\u00eats des personnes queer.\n, eine Reaktion\" data-testid=\"postView\" aria-atomic=\"true\"><div class=\"post__content \" role=\"application\" data-testid=\"postContent\" aria-hidden=\"true\"><div><div class=\"AutoHeight\"><div><div id=\"qxyhnf4hb78mxbai7jwrbwjzaw_message\" class=\"post__body   \"><div class=\"post-message post-message--collapsed\"><div class=\"post-message__text-container\"><div id=\"postMessageText_qxyhnf4hb78mxbai7jwrbwjzaw\" class=\"post-message__text\" dir=\"auto\" tabindex=\"0\" aria-readonly=\"true\"><p>Le PS queer se d\u00e9finit comme un courant queer f\u00e9ministe organis\u00e9, fond\u00e9 sur des principes sociaux-d\u00e9mocrates, actif au sein du PS Suisse. Il se compose de diff\u00e9rents groupes de travail, de groupes cantonaux et de personnes de toutes les orientations sexuelles et romantiques, de tous les modes de vie et identit\u00e9s sexuelles et variation inn\u00e9es des caract\u00e9ristiques sexu\u00e9e. <br \/><br \/>Nous nous engageons au sein du parti socialiste ainsi qu\u2019aupr\u00e8s du public pour d\u00e9fendre les int\u00e9r\u00eats des personnes queer.<\/p><\/div><\/div><\/div><\/div><\/div><\/div><\/div><\/div><\/div><\/div><\/div>\t\t\t\t\t\t\t\t<\/div>\n\t\t\t\t<\/div>\n\t\t\t\t\t<\/div>\n\t\t<\/div>\n\t\t\t\t\t<\/div>\n\t\t<\/section>\n\t\t\t\t<section class=\"elementor-section elementor-top-section elementor-element elementor-element-d08c004 elementor-section-full_width elementor-section-height-min-height elementor-section-height-default elementor-section-items-middle\" data-id=\"d08c004\" data-element_type=\"section\" data-e-type=\"section\" data-settings=\"{&quot;jet_parallax_layout_list&quot;:[]}\">\n\t\t\t\t\t\t<div class=\"elementor-container elementor-column-gap-no\">\n\t\t\t\t\t<div class=\"elementor-column elementor-col-100 elementor-top-column elementor-element elementor-element-66723ac\" data-id=\"66723ac\" data-element_type=\"column\" data-e-type=\"column\">\n\t\t\t<div class=\"elementor-widget-wrap elementor-element-populated\">\n\t\t\t\t\t\t<div class=\"elementor-element elementor-element-be8ce42 elementor-widget elementor-widget-image\" data-id=\"be8ce42\" data-element_type=\"widget\" data-e-type=\"widget\" data-widget_type=\"image.default\">\n\t\t\t\t<div class=\"elementor-widget-container\">\n\t\t\t\t\t\t\t\t\t\t\t\t\t\t\t<img fetchpriority=\"high\" decoding=\"async\" width=\"2560\" height=\"1707\" src=\"https:\/\/staging.sp-ps.ch\/wp-content\/uploads\/2022\/11\/DSC_0508-1-scaled-e1669122065348.jpg\" class=\"attachment-full size-full wp-image-85456\" alt=\"\" \/>\t\t\t\t\t\t\t\t\t\t\t\t\t\t\t<\/div>\n\t\t\t\t<\/div>\n\t\t\t\t\t<\/div>\n\t\t<\/div>\n\t\t\t\t\t<\/div>\n\t\t<\/section>\n\t\t\t\t<section class=\"elementor-section elementor-top-section elementor-element elementor-element-9f64a1b elementor-section-boxed elementor-section-height-default elementor-section-height-default\" data-id=\"9f64a1b\" data-element_type=\"section\" data-e-type=\"section\" data-settings=\"{&quot;jet_parallax_layout_list&quot;:[]}\">\n\t\t\t\t\t\t<div class=\"elementor-container elementor-column-gap-wide\">\n\t\t\t\t\t<div class=\"elementor-column elementor-col-100 elementor-top-column elementor-element elementor-element-6241cfd\" data-id=\"6241cfd\" data-element_type=\"column\" data-e-type=\"column\">\n\t\t\t<div class=\"elementor-widget-wrap elementor-element-populated\">\n\t\t\t\t\t\t<div class=\"elementor-element elementor-element-a9d012b elementor-widget elementor-widget-spps_title_text\" data-id=\"a9d012b\" data-element_type=\"widget\" data-e-type=\"widget\" data-widget_type=\"spps_title_text.default\">\n\t\t\t\t<div class=\"elementor-widget-container\">\n\t\t\t\t\t<div class=\"title-text-wrapper wrapper-spacing-default\"><div class=\"title-text-title\"><h2>\u00c0 propos de nous<\/h2><\/div><div class=\"title-text-container\"><div class=\"title-text-text\">Le PS queer est partie int\u00e9grante du Parti socialiste ainsi que du mouvement LGBTQIA+ en Suisse et au niveau international. Il est constitu\u00e9 de diff\u00e9rents comit\u00e9s et se compose de personnes aux orientations sexuelles, identit\u00e9s de genre et expressions de genre les plus diverses. Nous nous engageons au sein du Parti socialiste ainsi qu'aupr\u00e8s du grand public pour d\u00e9fendre les int\u00e9r\u00eats des personnes queer.\r\n\r\nNous luttons dans les rues, par le biais d'actions, de campagnes et dans les parlements, en Suisse et au niveau international, pour un monde queer et f\u00e9ministe qui ne conna\u00eet plus de structures discriminatoires et dans lequel chaque personne, ind\u00e9pendamment de ses attirances romantiques, de sa sexualit\u00e9, de son sexe, de sa couleur de peau, de son corps et de sa classe, peut mener une belle vie. Nous nous engageons \u00e9galement \u00e0 renforcer la repr\u00e9sentation des personnes queer dans la politique et la vie publique. La diversit\u00e9 de notre soci\u00e9t\u00e9 doit \u00eatre renforc\u00e9e et c\u00e9l\u00e9br\u00e9e ! Nous n'avons pas choisi de na\u00eetre ainsi, nous avons simplement eu de la chance !\r\n\r\nTu veux participer ou tu as des questions ? Alors \u00e9cris un mail \u00e0 Mia Jenni \u00e0 l'adresse <a href=\"mailto:psqueer@pssuisse.ch\">psqueer@pssuisse.ch<\/a>.<\/div><\/div><\/div>\t\t\t\t<\/div>\n\t\t\t\t<\/div>\n\t\t\t\t<div class=\"elementor-element elementor-element-665bc25 elementor-widget elementor-widget-spps_person_grid\" data-id=\"665bc25\" data-element_type=\"widget\" data-e-type=\"widget\" data-widget_type=\"spps_person_grid.default\">\n\t\t\t\t<div class=\"elementor-widget-container\">\n\t\t\t\t\t<div class=\"button-list-wrapper \"><div class=\"button-list-container\"><div class=\"persons persons-grid-2\"><div class=\"persons-items\"><div class=\"persons-item\"><div class=\"person-container\"><div class=\"person-portrait\"><a href=\"https:\/\/staging.sp-ps.ch\/fr\/person\/max-kranich\/\"><img decoding=\"async\" src=\"https:\/\/staging.sp-ps.ch\/wp-content\/uploads\/2022\/11\/PortraitMax-600x600.png?v=1742227019\" alt=\"Max Kranich\" loading=\"lazy\"><\/a><\/div><div class=\"person-content\"><a href=\"https:\/\/staging.sp-ps.ch\/fr\/person\/max-kranich\/\" class=\"person-name\"><p><strong>Max Kranich<\/strong><\/p><\/a><p class=\"person-position\">Co-pr\u00e9sident PS queer (il)<\/p><ul class=\"person-kontakt list-pills list-pills-grey\"><li><a href=\"tel:+41774878933\">+41 77 487 89 33<\/a><\/li><li><a href=\"mailto:spqueer@spschweiz.ch\">E-Mail<\/a><\/li><\/ul><\/div><\/div><\/div><\/div><\/div><\/div><\/div>\t\t\t\t<\/div>\n\t\t\t\t<\/div>\n\t\t\t\t<div class=\"elementor-element elementor-element-0e1bb62 elementor-widget elementor-widget-spps_person_grid\" data-id=\"0e1bb62\" data-element_type=\"widget\" data-e-type=\"widget\" data-widget_type=\"spps_person_grid.default\">\n\t\t\t\t<div class=\"elementor-widget-container\">\n\t\t\t\t\t<div class=\"button-list-wrapper \"><div class=\"button-list-container\"><div class=\"persons persons-grid-2\"><div class=\"persons-items\"><div class=\"persons-item\"><div class=\"person-container\"><div class=\"person-portrait\"><a href=\"https:\/\/staging.sp-ps.ch\/fr\/person\/jasmin-baertschi\/\"><img decoding=\"async\" src=\"https:\/\/staging.sp-ps.ch\/wp-content\/uploads\/2025\/03\/PortraitJasmin-600x600.png?v=1742226655\" alt=\"Jasmin B\u00e4rtschi\" loading=\"lazy\"><\/a><\/div><div class=\"person-content\"><a href=\"https:\/\/staging.sp-ps.ch\/fr\/person\/jasmin-baertschi\/\" class=\"person-name\"><p><strong>Jasmin B\u00e4rtschi<\/strong><\/p><\/a><p class=\"person-position\">Co-pr\u00e9sidente PS queer (elle)<\/p><ul class=\"person-kontakt list-pills list-pills-grey\"><li><a href=\"tel:+41797411260\">+41 79 741 12 60<\/a><\/li><li><a href=\"mailto:spqueer@spschweiz.ch\">E-Mail<\/a><\/li><\/ul><\/div><\/div><\/div><\/div><\/div><\/div><\/div>\t\t\t\t<\/div>\n\t\t\t\t<\/div>\n\t\t\t\t<div class=\"elementor-element elementor-element-fe4cbfd elementor-widget elementor-widget-spps_person_grid\" data-id=\"fe4cbfd\" data-element_type=\"widget\" data-e-type=\"widget\" data-widget_type=\"spps_person_grid.default\">\n\t\t\t\t<div class=\"elementor-widget-container\">\n\t\t\t\t\t<div class=\"button-list-wrapper \"><div class=\"button-list-container\"><div class=\"persons persons-grid-2\"><div class=\"persons-items\"><div class=\"persons-item\"><div class=\"person-container\"><div class=\"person-portrait\"><a href=\"https:\/\/staging.sp-ps.ch\/fr\/person\/mia-jenni\/\"><img decoding=\"async\" src=\"https:\/\/staging.sp-ps.ch\/wp-content\/uploads\/2022\/06\/mia_quadrat-2-600x600.jpg?v=1659529638\" alt=\"Mia Jenni\" loading=\"lazy\"><\/a><\/div><div class=\"person-content\"><a href=\"https:\/\/staging.sp-ps.ch\/fr\/person\/mia-jenni\/\" class=\"person-name\"><p><strong>Mia Jenni<\/strong><\/p><\/a><p class=\"person-position\">Secr\u00e9tariat PS queer (elle)<\/p><ul class=\"person-kontakt list-pills list-pills-grey\"><li><a href=\"tel:+41313296996\">+41 31 329 69 96<\/a><\/li><li><a href=\"mailto:mia.jenni@spschweiz.ch\">E-Mail<\/a><\/li><\/ul><\/div><\/div><\/div><\/div><\/div><\/div><\/div>\t\t\t\t<\/div>\n\t\t\t\t<\/div>\n\t\t\t\t<div class=\"elementor-element elementor-element-f9a0e5f elementor-widget elementor-widget-text-editor\" data-id=\"f9a0e5f\" data-element_type=\"widget\" data-e-type=\"widget\" data-widget_type=\"text-editor.default\">\n\t\t\t\t<div class=\"elementor-widget-container\">\n\t\t\t\t\t\t\t\t\t<p><strong>Comit\u00e9 Directeur:<\/strong><br \/>Mario Huber (il)<br \/>Sofia Fisch (aucun)<br \/>Ruben Calhas (il)<br \/>Anna Rosenwasser (elle)<br \/><br \/><\/p>\t\t\t\t\t\t\t\t<\/div>\n\t\t\t\t<\/div>\n\t\t\t\t\t<\/div>\n\t\t<\/div>\n\t\t\t\t\t<\/div>\n\t\t<\/section>\n\t\t\t\t<section class=\"elementor-section elementor-top-section elementor-element elementor-element-acf72fa elementor-section-boxed elementor-section-height-default elementor-section-height-default\" data-id=\"acf72fa\" data-element_type=\"section\" data-e-type=\"section\" data-settings=\"{&quot;jet_parallax_layout_list&quot;:[]}\">\n\t\t\t\t\t\t<div class=\"elementor-container elementor-column-gap-default\">\n\t\t\t\t\t<div class=\"elementor-column elementor-col-100 elementor-top-column elementor-element elementor-element-acc3bff\" data-id=\"acc3bff\" data-element_type=\"column\" data-e-type=\"column\">\n\t\t\t<div class=\"elementor-widget-wrap elementor-element-populated\">\n\t\t\t\t\t\t<div class=\"elementor-element elementor-element-2f2718b elementor-widget elementor-widget-spps_button_list\" data-id=\"2f2718b\" data-element_type=\"widget\" data-e-type=\"widget\" data-widget_type=\"spps_button_list.default\">\n\t\t\t\t<div class=\"elementor-widget-container\">\n\t\t\t\t\t<div class=\"button-list-wrapper   \"><div class=\"button-list-title\"><h2>Documentation<\/h2><\/div><div class=\"button-list-container\"><div class=\"button-list-items\"><div class=\"button-list-item\"><div class=\"button-wrapper \"><a href=\"https:\/\/staging.sp-ps.ch\/fr\/datei\/manifest-ps-queer-fr\/\"  target=\"_self\" class=\"button-link button-link-download\" >01 Manifeste<span class=\"button-media-date\">18.04.2026<\/span><\/a><\/div><\/div><div class=\"button-list-item\"><div class=\"button-wrapper \"><a href=\"https:\/\/staging.sp-ps.ch\/datei\/reglement-ps-queer\/\"  target=\"_self\" class=\"button-link button-link-download\" >02 R\u00e8glement<span class=\"button-media-date\">18.04.2026<\/span><\/a><\/div><\/div><div class=\"button-list-item\"><div class=\"button-wrapper \"><a href=\"https:\/\/staging.sp-ps.ch\/fr\/datei\/plan-annuel-ps-queer-2026-2\/\"  target=\"_self\" class=\"button-link button-link-download\" >03 Plan annuel 2026<span class=\"button-media-date\">18.04.2026<\/span><\/a><\/div><\/div><div class=\"button-list-item\"><div class=\"button-wrapper \"><a href=\"https:\/\/staging.sp-ps.ch\/fr\/datei\/manifeste-feministe-ps-queer\/\"  target=\"_self\" class=\"button-link button-link-download\" >04 Manifeste f\u00e9ministe<span class=\"button-media-date\">04.04.2023<\/span><\/a><\/div><\/div><div class=\"button-list-item\"><div class=\"button-wrapper \"><a href=\"https:\/\/staging.sp-ps.ch\/wp-content\/uploads\/2023\/10\/20231008_PP_Rechtsvsqueer_FR_final.pdf\"  target=\"_self\" class=\"button-link button-link-download\" >05 Papier de position &#34;Une r\u00e9ponse queer au revers de droite&#34;<span class=\"button-media-date\">18.04.2026<\/span><\/a><\/div><\/div><div class=\"button-list-item\"><div class=\"button-wrapper \"><a href=\"https:\/\/staging.sp-ps.ch\/fr\/datei\/papier-de-position-queerfeminisme-materiel\/\"  target=\"_self\" class=\"button-link button-link-download\" >06 Papier de position &#34;Le violet est la couleur de l'arc-en-ciel, la couleur de la lib\u00e9ration est le rouge !&#34;<span class=\"button-media-date\">18.04.2026<\/span><\/a><\/div><\/div><div class=\"button-list-item\"><div class=\"button-wrapper \"><a href=\"https:\/\/staging.sp-ps.ch\/fr\/datei\/papier-de-position-trans-inter-non-binaire-sante-ps-queer\/\"  target=\"_self\" class=\"button-link button-link-download\" >07 Papier de position &#34;Des soins de sant\u00e9 complets pour les personnes trans, non binaires et intersexu\u00e9es - d\u00e8s maintenant !&#34;<span class=\"button-media-date\">18.04.2026<\/span><\/a><\/div><\/div><\/div><\/div><\/div>\t\t\t\t<\/div>\n\t\t\t\t<\/div>\n\t\t\t\t<div class=\"elementor-element elementor-element-c1568f1 elementor-widget elementor-widget-spps_call_to_action\" data-id=\"c1568f1\" data-element_type=\"widget\" data-e-type=\"widget\" data-widget_type=\"spps_call_to_action.default\">\n\t\t\t\t<div class=\"elementor-widget-container\">\n\t\t\t\t\t<div class=\"call-to-action-wrapper  \" style=\"background:#E4002B\" ><div class=\"call-to-action-title\"><h2>S'engager<\/h2><\/div><div class=\"call-to-action-container\"><div class=\"call-to-action-text\"><p>Tu es d\u00e9j\u00e0 membre du PS et tu veux t'engager ? Deviens gratuitement membre du PS queer.<\/p><\/div><div class=\"call-to-action-buttons call-to-action-buttons-left\"><div class=\"button-wrapper \"><a href=\"\/fr\/sengager-queer\/\"  target=\"_self\" class=\"button-link button-link-default\"  style='color:#E4002B' onMouseOver=\"this.style.color='white';this.style.background='#E4002B'\" onMouseOut=\"this.style.color='#E4002B';this.style.background='#EBEBEB'\">S'engager<\/a><\/div><\/div><\/div><\/div>\t\t\t\t<\/div>\n\t\t\t\t<\/div>\n\t\t\t\t\t<\/div>\n\t\t<\/div>\n\t\t\t\t\t<\/div>\n\t\t<\/section>\n\t\t\t\t<section class=\"elementor-section elementor-top-section elementor-element elementor-element-f99a3be elementor-section-boxed elementor-section-height-default elementor-section-height-default\" data-id=\"f99a3be\" data-element_type=\"section\" data-e-type=\"section\" data-settings=\"{&quot;jet_parallax_layout_list&quot;:[]}\">\n\t\t\t\t\t\t<div class=\"elementor-container elementor-column-gap-default\">\n\t\t\t\t\t<div class=\"elementor-column elementor-col-100 elementor-top-column elementor-element elementor-element-1f55078\" data-id=\"1f55078\" data-element_type=\"column\" data-e-type=\"column\">\n\t\t\t<div class=\"elementor-widget-wrap\">\n\t\t\t\t\t\t\t<\/div>\n\t\t<\/div>\n\t\t\t\t\t<\/div>\n\t\t<\/section>\n\t\t\t\t<\/div>\n\t\t","protected":false},"excerpt":{"rendered":"<p>PS queer Le PS queer se d\u00e9finit comme un courant queer f\u00e9ministe organis\u00e9, fond\u00e9 sur des principes sociaux-d\u00e9mocrates, actif au sein du PS Suisse. Il se compose de diff\u00e9rents groupes [&hellip;]<\/p>\n","protected":false},"author":1,"featured_media":0,"parent":30425,"menu_order":3,"comment_status":"closed","ping_status":"closed","template":"","meta":{"footnotes":""},"class_list":["post-30481","page","type-page","status-publish","hentry"],"_links":{"self":[{"href":"https:\/\/staging.sp-ps.ch\/fr\/wp-json\/wp\/v2\/pages\/30481","targetHints":{"allow":["GET"]}}],"collection":[{"href":"https:\/\/staging.sp-ps.ch\/fr\/wp-json\/wp\/v2\/pages"}],"about":[{"href":"https:\/\/staging.sp-ps.ch\/fr\/wp-json\/wp\/v2\/types\/page"}],"author":[{"embeddable":true,"href":"https:\/\/staging.sp-ps.ch\/fr\/wp-json\/wp\/v2\/users\/1"}],"replies":[{"embeddable":true,"href":"https:\/\/staging.sp-ps.ch\/fr\/wp-json\/wp\/v2\/comments?post=30481"}],"version-history":[{"count":145,"href":"https:\/\/staging.sp-ps.ch\/fr\/wp-json\/wp\/v2\/pages\/30481\/revisions"}],"predecessor-version":[{"id":173071,"href":"https:\/\/staging.sp-ps.ch\/fr\/wp-json\/wp\/v2\/pages\/30481\/revisions\/173071"}],"up":[{"embeddable":true,"href":"https:\/\/staging.sp-ps.ch\/fr\/wp-json\/wp\/v2\/pages\/30425"}],"wp:attachment":[{"href":"https:\/\/staging.sp-ps.ch\/fr\/wp-json\/wp\/v2\/media?parent=30481"}],"curies":[{"name":"wp","href":"https:\/\/api.w.org\/{rel}","templated":true}]}}