{"id":30496,"date":"2022-06-30T17:27:33","date_gmt":"2022-06-30T15:27:33","guid":{"rendered":"https:\/\/test.sp-ps.ch\/parti\/forums\/"},"modified":"2023-01-13T14:43:47","modified_gmt":"2023-01-13T13:43:47","slug":"forums","status":"publish","type":"page","link":"https:\/\/staging.sp-ps.ch\/fr\/parti\/forums\/","title":{"rendered":"Forums"},"content":{"rendered":"\t\t<div data-elementor-type=\"wp-page\" data-elementor-id=\"30496\" class=\"elementor elementor-30496 elementor-359\" data-elementor-post-type=\"page\">\n\t\t\t\t\t\t<section class=\"elementor-section elementor-top-section elementor-element elementor-element-031015e elementor-section-boxed elementor-section-height-default elementor-section-height-default\" data-id=\"031015e\" data-element_type=\"section\" data-e-type=\"section\" data-settings=\"{&quot;jet_parallax_layout_list&quot;:[],&quot;background_background&quot;:&quot;classic&quot;}\">\n\t\t\t\t\t\t<div class=\"elementor-container elementor-column-gap-wide\">\n\t\t\t\t\t<div class=\"elementor-column elementor-col-100 elementor-top-column elementor-element elementor-element-c5bb882\" data-id=\"c5bb882\" data-element_type=\"column\" data-e-type=\"column\">\n\t\t\t<div class=\"elementor-widget-wrap elementor-element-populated\">\n\t\t\t\t\t\t<div class=\"elementor-element elementor-element-be91ea1 elementor-widget elementor-widget-heading\" data-id=\"be91ea1\" data-element_type=\"widget\" data-e-type=\"widget\" data-widget_type=\"heading.default\">\n\t\t\t\t<div class=\"elementor-widget-container\">\n\t\t\t\t\t<h1 class=\"elementor-heading-title elementor-size-default\">Forums<\/h1>\t\t\t\t<\/div>\n\t\t\t\t<\/div>\n\t\t\t\t<div class=\"elementor-element elementor-element-e916a51 elementor-widget elementor-widget-jet-breadcrumbs\" data-id=\"e916a51\" data-element_type=\"widget\" data-e-type=\"widget\" data-widget_type=\"jet-breadcrumbs.default\">\n\t\t\t\t<div class=\"elementor-widget-container\">\n\t\t\t\t\t<div class=\"elementor-jet-breadcrumbs jet-blocks\">\n\t\t<div class=\"jet-breadcrumbs\">\n\t\t<div class=\"jet-breadcrumbs__content\">\n\t\t<div class=\"jet-breadcrumbs__wrap\">\n\t\t<\/div>\n\t\t<\/div>\n\t\t<\/div><\/div>\t\t\t\t<\/div>\n\t\t\t\t<\/div>\n\t\t\t\t\t<\/div>\n\t\t<\/div>\n\t\t\t\t\t<\/div>\n\t\t<\/section>\n\t\t\t\t<section class=\"elementor-section elementor-top-section elementor-element elementor-element-be87240 elementor-section-boxed elementor-section-height-default elementor-section-height-default\" data-id=\"be87240\" data-element_type=\"section\" data-e-type=\"section\" data-settings=\"{&quot;jet_parallax_layout_list&quot;:[]}\">\n\t\t\t\t\t\t<div class=\"elementor-container elementor-column-gap-wide\">\n\t\t\t\t\t<div class=\"elementor-column elementor-col-100 elementor-top-column elementor-element elementor-element-db014f2\" data-id=\"db014f2\" data-element_type=\"column\" data-e-type=\"column\">\n\t\t\t<div class=\"elementor-widget-wrap elementor-element-populated\">\n\t\t\t\t\t\t<div class=\"elementor-element elementor-element-bb01d8e elementor-widget elementor-widget-spps_title_text\" data-id=\"bb01d8e\" data-element_type=\"widget\" data-e-type=\"widget\" data-widget_type=\"spps_title_text.default\">\n\t\t\t\t<div class=\"elementor-widget-container\">\n\t\t\t\t\t<div class=\"title-text-wrapper \"><div class=\"title-text-container\"><div class=\"title-text-text\"><p>A partir du 1er juillet 2022, des forums seront cr\u00e9\u00e9s au sein du PS Suisse. Il s'agit de regroupements ouverts et auto-organis\u00e9s de membres et de sympathisant-es autour de domaines d'int\u00e9r\u00eat pr\u00e9cis. Ces regroupements peuvent avoir lieu sur une base r\u00e9gionale, ils peuvent se situer \u00e0 un niveau pr\u00e9cis (par exemple la politique communale) ou \u00eatre de nature id\u00e9ologique.<\/p><p>Le Conseil de parti d\u00e9cide des demandes d'autorisation de nouveaux forums en fonction des crit\u00e8res suivants : les objectifs et les activit\u00e9s des forums doivent correspondre aux valeurs du PS Suisse. Un groupe de travail actif ou une association comparable r\u00e9unissant au moins 500 membres du PS Suisse doit avoir exist\u00e9 pendant au moins deux ans avant le d\u00e9p\u00f4t de la demande.<\/p><p>Les forums reconnus peuvent d\u00e9l\u00e9guer un-e membre au Conseil de parti et donc \u00e9galement au Congr\u00e8s.<\/p><\/div><\/div><\/div>\t\t\t\t<\/div>\n\t\t\t\t<\/div>\n\t\t\t\t\t<\/div>\n\t\t<\/div>\n\t\t\t\t\t<\/div>\n\t\t<\/section>\n\t\t\t\t<section class=\"elementor-section elementor-top-section elementor-element elementor-element-900edea elementor-section-boxed elementor-section-height-default elementor-section-height-default\" data-id=\"900edea\" data-element_type=\"section\" data-e-type=\"section\" data-settings=\"{&quot;jet_parallax_layout_list&quot;:[]}\">\n\t\t\t\t\t\t<div class=\"elementor-container elementor-column-gap-default\">\n\t\t\t\t\t<div class=\"elementor-column elementor-col-100 elementor-top-column elementor-element elementor-element-4485d30\" data-id=\"4485d30\" data-element_type=\"column\" data-e-type=\"column\">\n\t\t\t<div class=\"elementor-widget-wrap elementor-element-populated\">\n\t\t\t\t\t\t<div class=\"elementor-element elementor-element-6a595a8 elementor-widget elementor-widget-spps_button_list\" data-id=\"6a595a8\" data-element_type=\"widget\" data-e-type=\"widget\" data-widget_type=\"spps_button_list.default\">\n\t\t\t\t<div class=\"elementor-widget-container\">\n\t\t\t\t\t<div class=\"button-list-wrapper   \"><div class=\"button-list-title\"><h3>Forums actuels<\/h3><\/div><div class=\"button-list-container\"><div class=\"button-list-items\"><div class=\"button-list-item\"><div class=\"button-wrapper \"><a href=\"https:\/\/www.reform-sp.ch\/fr\/home-francais\/\"  target=\"_self\" class=\"button-link button-link-default\" >Plateforme r\u00e9formiste<span class=\"button-media-date\">18.04.2026<\/span><\/a><\/div><\/div><\/div><\/div><\/div>\t\t\t\t<\/div>\n\t\t\t\t<\/div>\n\t\t\t\t\t<\/div>\n\t\t<\/div>\n\t\t\t\t\t<\/div>\n\t\t<\/section>\n\t\t\t\t<\/div>\n\t\t","protected":false},"excerpt":{"rendered":"<p>Forums A partir du 1er juillet 2022, des forums seront cr\u00e9\u00e9s au sein du PS Suisse. Il s&#8217;agit de regroupements ouverts et auto-organis\u00e9s de membres et de sympathisant-es autour de [&hellip;]<\/p>\n","protected":false},"author":1,"featured_media":0,"parent":30425,"menu_order":10,"comment_status":"closed","ping_status":"closed","template":"","meta":{"footnotes":""},"class_list":["post-30496","page","type-page","status-publish","hentry"],"_links":{"self":[{"href":"https:\/\/staging.sp-ps.ch\/fr\/wp-json\/wp\/v2\/pages\/30496","targetHints":{"allow":["GET"]}}],"collection":[{"href":"https:\/\/staging.sp-ps.ch\/fr\/wp-json\/wp\/v2\/pages"}],"about":[{"href":"https:\/\/staging.sp-ps.ch\/fr\/wp-json\/wp\/v2\/types\/page"}],"author":[{"embeddable":true,"href":"https:\/\/staging.sp-ps.ch\/fr\/wp-json\/wp\/v2\/users\/1"}],"replies":[{"embeddable":true,"href":"https:\/\/staging.sp-ps.ch\/fr\/wp-json\/wp\/v2\/comments?post=30496"}],"version-history":[{"count":12,"href":"https:\/\/staging.sp-ps.ch\/fr\/wp-json\/wp\/v2\/pages\/30496\/revisions"}],"predecessor-version":[{"id":89061,"href":"https:\/\/staging.sp-ps.ch\/fr\/wp-json\/wp\/v2\/pages\/30496\/revisions\/89061"}],"up":[{"embeddable":true,"href":"https:\/\/staging.sp-ps.ch\/fr\/wp-json\/wp\/v2\/pages\/30425"}],"wp:attachment":[{"href":"https:\/\/staging.sp-ps.ch\/fr\/wp-json\/wp\/v2\/media?parent=30496"}],"curies":[{"name":"wp","href":"https:\/\/api.w.org\/{rel}","templated":true}]}}