{"id":30499,"date":"2023-02-16T10:25:07","date_gmt":"2023-02-16T09:25:07","guid":{"rendered":"https:\/\/test.sp-ps.ch\/parti\/parti-frere\/"},"modified":"2023-02-16T11:31:59","modified_gmt":"2023-02-16T10:31:59","slug":"parti-frere","status":"publish","type":"page","link":"https:\/\/staging.sp-ps.ch\/fr\/parti\/parti-frere\/","title":{"rendered":"Parti fr\u00e8re"},"content":{"rendered":"\t\t<div data-elementor-type=\"wp-page\" data-elementor-id=\"30499\" class=\"elementor elementor-30499 elementor-1392\" data-elementor-post-type=\"page\">\n\t\t\t\t\t\t<section class=\"elementor-section elementor-top-section elementor-element elementor-element-873810c elementor-section-boxed elementor-section-height-default elementor-section-height-default\" data-id=\"873810c\" data-element_type=\"section\" data-e-type=\"section\" data-settings=\"{&quot;jet_parallax_layout_list&quot;:[],&quot;background_background&quot;:&quot;classic&quot;}\">\n\t\t\t\t\t\t<div class=\"elementor-container elementor-column-gap-wide\">\n\t\t\t\t\t<div class=\"elementor-column elementor-col-100 elementor-top-column elementor-element elementor-element-94064e4\" data-id=\"94064e4\" data-element_type=\"column\" data-e-type=\"column\">\n\t\t\t<div class=\"elementor-widget-wrap elementor-element-populated\">\n\t\t\t\t\t\t<div class=\"elementor-element elementor-element-241c428 elementor-widget elementor-widget-heading\" data-id=\"241c428\" data-element_type=\"widget\" data-e-type=\"widget\" data-widget_type=\"heading.default\">\n\t\t\t\t<div class=\"elementor-widget-container\">\n\t\t\t\t\t<h1 class=\"elementor-heading-title elementor-size-default\">Parti fr\u00e8re<\/h1>\t\t\t\t<\/div>\n\t\t\t\t<\/div>\n\t\t\t\t<div class=\"elementor-element elementor-element-7d1b314 elementor-widget elementor-widget-jet-breadcrumbs\" data-id=\"7d1b314\" data-element_type=\"widget\" data-e-type=\"widget\" data-widget_type=\"jet-breadcrumbs.default\">\n\t\t\t\t<div class=\"elementor-widget-container\">\n\t\t\t\t\t<div class=\"elementor-jet-breadcrumbs jet-blocks\">\n\t\t<div class=\"jet-breadcrumbs\">\n\t\t<div class=\"jet-breadcrumbs__content\">\n\t\t<div class=\"jet-breadcrumbs__wrap\">\n\t\t<\/div>\n\t\t<\/div>\n\t\t<\/div><\/div>\t\t\t\t<\/div>\n\t\t\t\t<\/div>\n\t\t\t\t<div class=\"elementor-element elementor-element-f49093f elementor-widget__width-initial elementor-widget elementor-widget-text-editor\" data-id=\"f49093f\" data-element_type=\"widget\" data-e-type=\"widget\" data-widget_type=\"text-editor.default\">\n\t\t\t\t<div class=\"elementor-widget-container\">\n\t\t\t\t\t\t\t\t\t<p>Le PS suisse n\u2019entretient de relations aussi \u00e9troites avec aucun autre parti qu\u2019avec le PS europ\u00e9en (PSE). Le Parti socialiste europ\u00e9en, plus connu sous le nom de Party of European Socialists (PES), est depuis trois d\u00e9cennies le principal partenaire politique du PS suisse au niveau international. Sous la pr\u00e9sidence de l\u2019ancien Premier ministre su\u00e9dois Stefan L\u00f6vfen, il rassemble les partis sociaux-d\u00e9mocrates, socialistes et ouvriers d\u2019Europe.<\/p>\t\t\t\t\t\t\t\t<\/div>\n\t\t\t\t<\/div>\n\t\t\t\t\t<\/div>\n\t\t<\/div>\n\t\t\t\t\t<\/div>\n\t\t<\/section>\n\t\t\t\t<section class=\"elementor-section elementor-top-section elementor-element elementor-element-2446166 elementor-section-full_width elementor-section-height-default elementor-section-height-default\" data-id=\"2446166\" data-element_type=\"section\" data-e-type=\"section\" data-settings=\"{&quot;jet_parallax_layout_list&quot;:[]}\">\n\t\t\t\t\t\t<div class=\"elementor-container elementor-column-gap-no\">\n\t\t\t\t\t<div class=\"elementor-column elementor-col-100 elementor-top-column elementor-element elementor-element-51e08f4\" data-id=\"51e08f4\" data-element_type=\"column\" data-e-type=\"column\">\n\t\t\t<div class=\"elementor-widget-wrap elementor-element-populated\">\n\t\t\t\t\t\t<div class=\"elementor-element elementor-element-b23f4f8 elementor-widget elementor-widget-image\" data-id=\"b23f4f8\" data-element_type=\"widget\" data-e-type=\"widget\" data-widget_type=\"image.default\">\n\t\t\t\t<div class=\"elementor-widget-container\">\n\t\t\t\t\t\t\t\t\t\t\t\t\t\t\t<img fetchpriority=\"high\" decoding=\"async\" width=\"2400\" height=\"900\" src=\"https:\/\/staging.sp-ps.ch\/wp-content\/uploads\/2022\/04\/schwesterparteien.jpg\" class=\"attachment-full size-full wp-image-3021\" alt=\"\" srcset=\"https:\/\/staging.sp-ps.ch\/wp-content\/uploads\/2022\/04\/schwesterparteien.jpg 2400w, https:\/\/staging.sp-ps.ch\/wp-content\/uploads\/2022\/04\/schwesterparteien-300x113.jpg 300w, https:\/\/staging.sp-ps.ch\/wp-content\/uploads\/2022\/04\/schwesterparteien-1024x384.jpg 1024w, https:\/\/staging.sp-ps.ch\/wp-content\/uploads\/2022\/04\/schwesterparteien-768x288.jpg 768w, https:\/\/staging.sp-ps.ch\/wp-content\/uploads\/2022\/04\/schwesterparteien-1536x576.jpg 1536w, https:\/\/staging.sp-ps.ch\/wp-content\/uploads\/2022\/04\/schwesterparteien-2048x768.jpg 2048w\" sizes=\"(max-width: 2400px) 100vw, 2400px\" \/>\t\t\t\t\t\t\t\t\t\t\t\t\t\t\t<\/div>\n\t\t\t\t<\/div>\n\t\t\t\t\t<\/div>\n\t\t<\/div>\n\t\t\t\t\t<\/div>\n\t\t<\/section>\n\t\t\t\t<section class=\"elementor-section elementor-top-section elementor-element elementor-element-6183837 elementor-section-boxed elementor-section-height-default elementor-section-height-default\" data-id=\"6183837\" data-element_type=\"section\" data-e-type=\"section\" data-settings=\"{&quot;jet_parallax_layout_list&quot;:[],&quot;background_background&quot;:&quot;classic&quot;}\">\n\t\t\t\t\t\t<div class=\"elementor-container elementor-column-gap-wide\">\n\t\t\t\t\t<div class=\"elementor-column elementor-col-100 elementor-top-column elementor-element elementor-element-4c641b1\" data-id=\"4c641b1\" data-element_type=\"column\" data-e-type=\"column\">\n\t\t\t<div class=\"elementor-widget-wrap elementor-element-populated\">\n\t\t\t\t\t\t<div class=\"elementor-element elementor-element-67ee599 elementor-widget elementor-widget-spps_summary\" data-id=\"67ee599\" data-element_type=\"widget\" data-e-type=\"widget\" data-widget_type=\"spps_summary.default\">\n\t\t\t\t<div class=\"elementor-widget-container\">\n\t\t\t\t\t<div class=\"summary-wrapper wrapper-spacing-default\"><div class=\"summary-title\"><h2>Le plus important<\/h2><\/div><div class=\"summary-container\"><div class=\"summary-items\"><div class=\"summary-item\"><div class=\"summary-item-icon\"><img decoding=\"async\" src=\"https:\/\/staging.sp-ps.ch\/wp-content\/themes\/sp-ps-elementor-child\/images\/sp-ps_bullet_red.svg\" alt=\"\"><\/div><div class=\"summary-item-button\"><div class=\"button-wrapper \"><a href=\"#ps-europe\"  target=\"_self\" class=\"button-link button-link-default\" >Le PSE est depuis trois d\u00e9cennies le principal partenaire politique du PS suisse au niveau international. Le PS suisse est actif dans les divers r\u00e9seaux du PSE.<\/a><\/div><\/div><\/div><div class=\"summary-item\"><div class=\"summary-item-icon\"><img decoding=\"async\" src=\"https:\/\/staging.sp-ps.ch\/wp-content\/themes\/sp-ps-elementor-child\/images\/sp-ps_bullet_red.svg\" alt=\"\"><\/div><div class=\"summary-item-button\"><div class=\"button-wrapper \"><a href=\" #kongress-2018\"  target=\"_self\" class=\"button-link button-link-default\" >Un nouveau contrat social pour l\u2019Europe : le pilier europ\u00e9en des droits sociaux (European Pillar of Social Rights)<\/a><\/div><\/div><\/div><div class=\"summary-item\"><div class=\"summary-item-icon\"><img decoding=\"async\" src=\"https:\/\/staging.sp-ps.ch\/wp-content\/themes\/sp-ps-elementor-child\/images\/sp-ps_bullet_red.svg\" alt=\"\"><\/div><div class=\"summary-item-button\"><div class=\"button-wrapper \"><a href=\" #fruehere-kampagnen\"  target=\"_self\" class=\"button-link button-link-default\" >Le PSE a jou\u00e9 un r\u00f4le moteur dans l\u2019\u00e9laboration du plan d\u2019action sociale visant \u00e0 mettre en \u0153uvre les objectifs du pilier europ\u00e9en des droits sociaux.<\/a><\/div><\/div><\/div><div class=\"summary-item\"><div class=\"summary-item-icon\"><img decoding=\"async\" src=\"https:\/\/staging.sp-ps.ch\/wp-content\/themes\/sp-ps-elementor-child\/images\/sp-ps_bullet_red.svg\" alt=\"\"><\/div><div class=\"summary-item-button\"><div class=\"button-wrapper \"><a href=\" #internationale-netzwerke\"  target=\"_self\" class=\"button-link button-link-default\" >Le PS Suisse est fortements connect\u00e9 via des r\u00e9seaux internationaux.<\/a><\/div><\/div><\/div><\/div><\/div><\/div>\t\t\t\t<\/div>\n\t\t\t\t<\/div>\n\t\t\t\t<div class=\"elementor-element elementor-element-cd57eac elementor-widget elementor-widget-spps_button_list\" data-id=\"cd57eac\" data-element_type=\"widget\" data-e-type=\"widget\" data-widget_type=\"spps_button_list.default\">\n\t\t\t\t<div class=\"elementor-widget-container\">\n\t\t\t\t\t<div class=\"button-list-wrapper wrapper-spacing-small  \"><div class=\"button-list-title\"><h3>Membres<\/h3><\/div><div class=\"button-list-container\"><div class=\"button-list-text\"><p>Le PSE est n\u00e9 parall\u00e8lement \u00e0 l\u2019UE et repr\u00e9sente, avec 137 d\u00e9put\u00e9s au Parlement europ\u00e9en, le deuxi\u00e8me plus grand groupe parlementaire apr\u00e8s le Parti Populaire Europ\u00e9en PPE (S&amp;D). Le PSE comprend 33 partis fr\u00e8res issus des \u00c9tats membres de l\u2019UE ainsi que de la Norv\u00e8ge. Dix partis fr\u00e8res d\u2019Albanie, de Bosnie-Herz\u00e9govine, de Bulgarie, d\u2019Islande, de Mac\u00e9doine, de Moldavie, du Mont\u00e9n\u00e9gro, de Serbie, de Turquie et de Suisse (le PS) ont le statut de membre associ\u00e9. Treize autres partis fr\u00e8res ont le statut d\u2019observateurs : Arm\u00e9nie, Chypre du Nord, \u00c9gypte, G\u00e9orgie, Isra\u00ebl, Lettonie, Maroc, Palestine, Tunisie et les micro-\u00c9tats d\u2019Andorre et de Saint-Marin.<\/p><\/div><div class=\"button-list-items\"><div class=\"button-list-item\"><div class=\"button-wrapper \"><a href=\"https:\/\/www.socialistsanddemocrats.eu\/fr\"  target=\"_self\" class=\"button-link button-link-default\" >Site internet des sections S&D<span class=\"button-media-date\">18.04.2026<\/span><\/a><\/div><\/div><\/div><\/div><\/div>\t\t\t\t<\/div>\n\t\t\t\t<\/div>\n\t\t\t\t<div class=\"elementor-element elementor-element-5a27f1c elementor-widget elementor-widget-spps_title_text\" data-id=\"5a27f1c\" data-element_type=\"widget\" data-e-type=\"widget\" id=\"sp-europa\" data-widget_type=\"spps_title_text.default\">\n\t\t\t\t<div class=\"elementor-widget-container\">\n\t\t\t\t\t<div class=\"title-text-wrapper wrapper-spacing-default\"><div class=\"title-text-title\"><h2>PS Europe<\/h2><\/div><div class=\"title-text-container\"><div class=\"title-text-text\"><p>Le PS suisse n\u2019entretient de relations aussi \u00e9troites avec aucun autre parti qu\u2019avec le PS europ\u00e9en (PSE). Le Parti socialiste europ\u00e9en, plus connu sous le nom de Party of European Socialists (PES), est depuis trois d\u00e9cennies le principal partenaire politique du PS suisse au niveau international. Sous la pr\u00e9sidence de l\u2019ancien Premier ministre su\u00e9dois Stefan L\u00f6vfen, il rassemble les partis sociaux-d\u00e9mocrates, socialistes et ouvriers d\u2019Europe.<\/p><\/div><\/div><\/div>\t\t\t\t<\/div>\n\t\t\t\t<\/div>\n\t\t\t\t<div class=\"elementor-element elementor-element-baf4eba elementor-widget elementor-widget-spps_button_list\" data-id=\"baf4eba\" data-element_type=\"widget\" data-e-type=\"widget\" data-widget_type=\"spps_button_list.default\">\n\t\t\t\t<div class=\"elementor-widget-container\">\n\t\t\t\t\t<div class=\"button-list-wrapper wrapper-spacing-default  \"><div class=\"button-list-title\"><h2>Un nouveau contrat social : le pilier europ\u00e9en des droits sociaux<\/h2><\/div><div class=\"button-list-container\"><div class=\"button-list-text\"><p>Trop de personnes dans l\u2019Union europ\u00e9enne ont le sentiment que l\u2019UE ne les prot\u00e8ge pas suffisamment contre les in\u00e9galit\u00e9s croissantes, l\u2019augmentation du travail pr\u00e9caire, les bas salaires, le ch\u00f4mage, le faible acc\u00e8s \u00e0 la protection sociale ou les mauvaises conditions de vie. Au cours des derni\u00e8res d\u00e9cennies, la politique europ\u00e9enne s\u2019est largement concentr\u00e9e sur l\u2019efficacit\u00e9 des march\u00e9s et l\u2019application des quatre libert\u00e9s fondamentales du march\u00e9 unique europ\u00e9en. Cette focalisation a trop souvent laiss\u00e9 de c\u00f4t\u00e9 l\u2019objectif de l'UE, \u00e0 savoir la coh\u00e9sion sociale, l\u2019\u00e9galit\u00e9, l\u2019\u00e9quit\u00e9, le bien-\u00eatre et un niveau d\u2019emploi \u00e9lev\u00e9, ainsi que la lutte contre la pauvret\u00e9 et l\u2019exclusion sociale. L\u2019objectif principal du PSE a toujours \u00e9t\u00e9 de d\u00e9velopper une Union europ\u00e9enne dot\u00e9e d\u2019une forte dimension sociale et donnant la priorit\u00e9 aux droits sociaux sur les libert\u00e9s \u00e9conomiques. Apr\u00e8s une longue lutte de toutes les forces progressistes en Europe, la proclamation du pilier europ\u00e9en des droits sociaux \u00e0 G\u00f6teborg en novembre 2017 a pos\u00e9 un jalon important pour une Europe sociale. L\u2019UE s\u2019est dot\u00e9e d\u2019une liste de 20 principes qui montre la voie vers une Europe sociale forte et ouvre la voie pour un nouveau \"cadre r\u00e9glementaire social\". Apr\u00e8s des d\u00e9cennies d\u2019engagement social limit\u00e9, l\u2019UE s\u2019est enfin fix\u00e9e de nouveaux objectifs. Le pilier des droits sociaux est un succ\u00e8s important, il sert de boussole pour garantir que les futurs changements structurels puissent \u00eatre g\u00e9r\u00e9s de mani\u00e8re socialement \u00e9quitable.<\/p><\/div><div class=\"button-list-items\"><div class=\"button-list-item\"><div class=\"button-wrapper \"><a href=\"https:\/\/commission.europa.eu\/strategy-and-policy\/priorities-2019-2024\/economy-works-people\/jobs-growth-and-investment\/european-pillar-social-rights\/european-pillar-social-rights-20-principles_fr\"  target=\"_self\" class=\"button-link button-link-default\" >Pour en savoir plus sur les 20 principes du pilier europ\u00e9en des droits sociaux, cliquez ici.<span class=\"button-media-date\">18.04.2026<\/span><\/a><\/div><\/div><\/div><\/div><\/div>\t\t\t\t<\/div>\n\t\t\t\t<\/div>\n\t\t\t\t<div class=\"elementor-element elementor-element-a5e961d elementor-widget elementor-widget-spps_button_list\" data-id=\"a5e961d\" data-element_type=\"widget\" data-e-type=\"widget\" data-widget_type=\"spps_button_list.default\">\n\t\t\t\t<div class=\"elementor-widget-container\">\n\t\t\t\t\t<div class=\"button-list-wrapper wrapper-spacing-small  \"><div class=\"button-list-title\"><h3>Plan d\u2019action au sujet du pilier europ\u00e9en des droits sociaux <\/h3><\/div><div class=\"button-list-container\"><div class=\"button-list-text\"><p>Depuis les premi\u00e8res discussions sur le pilier europ\u00e9en des droits sociaux, le PSE a insist\u00e9 sur la n\u00e9cessit\u00e9 d\u2019un plan d\u2019action sociale \u00e0 part enti\u00e8re pour mettre en \u0153uvre chacun des 20 principes. Afin de s\u2019assurer que les principes b\u00e9n\u00e9ficient aux personnes en Europe, le PSE a commenc\u00e9 \u00e0 d\u00e9velopper ses propres propositions de mise en \u0153uvre d\u00e8s 2019. Dans le contexte de la pand\u00e9mie et sous la pression des forces progressistes de l\u2019UE, la Commission europ\u00e9enne a finalement commenc\u00e9 en 2020 \u00e0 \u00e9laborer le plan d\u2019action pour la mise en \u0153uvre des principes du pilier des droits sociaux, r\u00e9clam\u00e9 depuis longtemps. Le plan d\u2019action pr\u00e9sent\u00e9 en mars 2021 s\u2019appuie sur une vaste consultation au sein de l\u2019UE et d\u00e9finit une s\u00e9rie de mesures europ\u00e9ennes que la Commission s\u2019engage \u00e0 mettre en \u0153uvre au cours de son mandat actuel. Il propose \u00e9galement des objectifs cl\u00e9s pour l\u2019emploi, les comp\u00e9tences et l\u2019inclusion sociale au niveau de l'UE, \u00e0 atteindre d\u2019ici 2030.<\/p><p>Lors du sommet social de Porto du 7 mai 2021, les partenaires europ\u00e9ens se sont finalement engag\u00e9s, dans une d\u00e9claration commune, \u00e0 atteindre trois objectifs cl\u00e9s pour 2030, qui sont d\u00e9finis dans le plan d\u2019action de la Commission.<\/p><ul style ='list-style: none;'><li style =\"background-image:url('https:\/\/staging.sp-ps.ch\/wp-content\/plugins\/elementor\/assets\/images\/placeholder.png'); background-size:0px;\">Au moins 78 % des personnes \u00e2g\u00e9es de 20 \u00e0 64 ans devraient avoir un emploi.<\/li><li style =\"background-image:url('https:\/\/staging.sp-ps.ch\/wp-content\/plugins\/elementor\/assets\/images\/placeholder.png'); background-size:0px;\">Au moins 60% de tous les adultes devraient participer chaque ann\u00e9e \u00e0 une mesure de formation continue.<\/li><li style =\"background-image:url('https:\/\/staging.sp-ps.ch\/wp-content\/plugins\/elementor\/assets\/images\/placeholder.png'); background-size:0px;\">Le nombre de personnes menac\u00e9es de pauvret\u00e9 ou d\u2019exclusion sociale devrait \u00eatre r\u00e9duit d\u2019au moins 15 millions, dont au moins 5 millions d\u2019enfants.<\/li><\/ul><p>\u00a0<\/p><p>Le sommet de Porto est consid\u00e9r\u00e9 comme un moment cl\u00e9 pour les droits sociaux en Europe. Les partenaires sociaux et la soci\u00e9t\u00e9 civile demandent aux dirigeant-es de l\u2019UE d\u2019approuver le plan d\u2019action et ses objectifs cl\u00e9s, ainsi que de fixer des objectifs nationaux ambitieux susceptibles de contribuer de mani\u00e8re ad\u00e9quate \u00e0 la r\u00e9alisation des objectifs sociaux europ\u00e9ens.<\/p><\/div><\/div><\/div>\t\t\t\t<\/div>\n\t\t\t\t<\/div>\n\t\t\t\t<div class=\"elementor-element elementor-element-15873f6 elementor-widget elementor-widget-spps_call_to_action\" data-id=\"15873f6\" data-element_type=\"widget\" data-e-type=\"widget\" data-widget_type=\"spps_call_to_action.default\">\n\t\t\t\t<div class=\"elementor-widget-container\">\n\t\t\t\t\t<div class=\"call-to-action-wrapper wrapper-spacing-default \" style=\"background:#E4002B\" ><div class=\"call-to-action-title\"><h2>Rejoindre les militant-es du PSE<\/h2><\/div><div class=\"call-to-action-container\"><div class=\"call-to-action-text\"><p>Toute personne appartenant au PS et\/ou \u00e0 un parti fr\u00e8re europ\u00e9en et souhaitant s'engager avec le PS europ\u00e9en pour une Europe plus sociale est cordialement invit\u00e9e \u00e0 rejoindre les militant-es du PSE.<\/p><\/div><div class=\"call-to-action-buttons call-to-action-buttons-left\"><div class=\"button-wrapper \"><a href=\"https:\/\/activists.pes.eu\/#register\"  target=\"_blank\" class=\"button-link button-link-default\"  style='color:#E4002B' onMouseOver=\"this.style.color='white';this.style.background='#E4002B'\" onMouseOut=\"this.style.color='#E4002B';this.style.background='#EBEBEB'\">Site internet des militant-es du PSE<\/a><\/div><\/div><\/div><\/div>\t\t\t\t<\/div>\n\t\t\t\t<\/div>\n\t\t\t\t\t<\/div>\n\t\t<\/div>\n\t\t\t\t\t<\/div>\n\t\t<\/section>\n\t\t\t\t<\/div>\n\t\t","protected":false},"excerpt":{"rendered":"<p>Parti fr\u00e8re Le PS suisse n\u2019entretient de relations aussi \u00e9troites avec aucun autre parti qu\u2019avec le PS europ\u00e9en (PSE). Le Parti socialiste europ\u00e9en, plus connu sous le nom de Party [&hellip;]<\/p>\n","protected":false},"author":1,"featured_media":0,"parent":30425,"menu_order":12,"comment_status":"closed","ping_status":"closed","template":"","meta":{"footnotes":""},"class_list":["post-30499","page","type-page","status-publish","hentry"],"_links":{"self":[{"href":"https:\/\/staging.sp-ps.ch\/fr\/wp-json\/wp\/v2\/pages\/30499","targetHints":{"allow":["GET"]}}],"collection":[{"href":"https:\/\/staging.sp-ps.ch\/fr\/wp-json\/wp\/v2\/pages"}],"about":[{"href":"https:\/\/staging.sp-ps.ch\/fr\/wp-json\/wp\/v2\/types\/page"}],"author":[{"embeddable":true,"href":"https:\/\/staging.sp-ps.ch\/fr\/wp-json\/wp\/v2\/users\/1"}],"replies":[{"embeddable":true,"href":"https:\/\/staging.sp-ps.ch\/fr\/wp-json\/wp\/v2\/comments?post=30499"}],"version-history":[{"count":31,"href":"https:\/\/staging.sp-ps.ch\/fr\/wp-json\/wp\/v2\/pages\/30499\/revisions"}],"predecessor-version":[{"id":91361,"href":"https:\/\/staging.sp-ps.ch\/fr\/wp-json\/wp\/v2\/pages\/30499\/revisions\/91361"}],"up":[{"embeddable":true,"href":"https:\/\/staging.sp-ps.ch\/fr\/wp-json\/wp\/v2\/pages\/30425"}],"wp:attachment":[{"href":"https:\/\/staging.sp-ps.ch\/fr\/wp-json\/wp\/v2\/media?parent=30499"}],"curies":[{"name":"wp","href":"https:\/\/api.w.org\/{rel}","templated":true}]}}