{"id":31369,"date":"2022-07-06T15:20:09","date_gmt":"2022-07-06T13:20:09","guid":{"rendered":"https:\/\/test.sp-ps.ch\/parti\/ps-femmes\/contact\/"},"modified":"2025-10-01T12:37:19","modified_gmt":"2025-10-01T10:37:19","slug":"contact","status":"publish","type":"page","link":"https:\/\/staging.sp-ps.ch\/fr\/parti\/ps-femmes\/contact\/","title":{"rendered":"Contact"},"content":{"rendered":"\t\t<div data-elementor-type=\"wp-page\" data-elementor-id=\"31369\" class=\"elementor elementor-31369 elementor-3396\" data-elementor-post-type=\"page\">\n\t\t\t\t\t\t<section class=\"elementor-section elementor-top-section elementor-element elementor-element-93704bb elementor-section-boxed elementor-section-height-default elementor-section-height-default\" data-id=\"93704bb\" data-element_type=\"section\" data-e-type=\"section\" data-settings=\"{&quot;jet_parallax_layout_list&quot;:[],&quot;background_background&quot;:&quot;classic&quot;}\">\n\t\t\t\t\t\t<div class=\"elementor-container elementor-column-gap-wide\">\n\t\t\t\t\t<div class=\"elementor-column elementor-col-100 elementor-top-column elementor-element elementor-element-5453c61\" data-id=\"5453c61\" data-element_type=\"column\" data-e-type=\"column\">\n\t\t\t<div class=\"elementor-widget-wrap elementor-element-populated\">\n\t\t\t\t\t\t<div class=\"elementor-element elementor-element-9e27662 elementor-widget elementor-widget-heading\" data-id=\"9e27662\" data-element_type=\"widget\" data-e-type=\"widget\" data-widget_type=\"heading.default\">\n\t\t\t\t<div class=\"elementor-widget-container\">\n\t\t\t\t\t<h1 class=\"elementor-heading-title elementor-size-default\">Contact<\/h1>\t\t\t\t<\/div>\n\t\t\t\t<\/div>\n\t\t\t\t<div class=\"elementor-element elementor-element-7ac2dc1 elementor-widget elementor-widget-jet-breadcrumbs\" data-id=\"7ac2dc1\" data-element_type=\"widget\" data-e-type=\"widget\" data-widget_type=\"jet-breadcrumbs.default\">\n\t\t\t\t<div class=\"elementor-widget-container\">\n\t\t\t\t\t<div class=\"elementor-jet-breadcrumbs jet-blocks\">\n\t\t<div class=\"jet-breadcrumbs\">\n\t\t<div class=\"jet-breadcrumbs__content\">\n\t\t<div class=\"jet-breadcrumbs__wrap\">\n\t\t<\/div>\n\t\t<\/div>\n\t\t<\/div><\/div>\t\t\t\t<\/div>\n\t\t\t\t<\/div>\n\t\t\t\t<div class=\"elementor-element elementor-element-6bba970 elementor-widget__width-initial elementor-widget elementor-widget-text-editor\" data-id=\"6bba970\" data-element_type=\"widget\" data-e-type=\"widget\" data-widget_type=\"text-editor.default\">\n\t\t\t\t<div class=\"elementor-widget-container\">\n\t\t\t\t\t\t\t\t\t<p>Les Femmes socialistes font partie du mouvement et du parti socialiste en Suisse, qui est compos\u00e9 de divers organes et personnalit\u00e9s et qui a v\u00e9cu une histoire dynamique et active depuis le 20e si\u00e8cle.<\/p>\n\t\t\t\t\t\t\t\t<\/div>\n\t\t\t\t<\/div>\n\t\t\t\t\t<\/div>\n\t\t<\/div>\n\t\t\t\t\t<\/div>\n\t\t<\/section>\n\t\t\t\t<section class=\"elementor-section elementor-top-section elementor-element elementor-element-aa5c7ea elementor-section-boxed elementor-section-height-default elementor-section-height-default\" data-id=\"aa5c7ea\" data-element_type=\"section\" data-e-type=\"section\" data-settings=\"{&quot;jet_parallax_layout_list&quot;:[]}\">\n\t\t\t\t\t\t<div class=\"elementor-container elementor-column-gap-wide\">\n\t\t\t\t\t<div class=\"elementor-column elementor-col-100 elementor-top-column elementor-element elementor-element-8f3764a\" data-id=\"8f3764a\" data-element_type=\"column\" data-e-type=\"column\">\n\t\t\t<div class=\"elementor-widget-wrap elementor-element-populated\">\n\t\t\t\t\t\t<div class=\"elementor-element elementor-element-afc3830 elementor-widget elementor-widget-spps_button_list\" data-id=\"afc3830\" data-element_type=\"widget\" data-e-type=\"widget\" data-widget_type=\"spps_button_list.default\">\n\t\t\t\t<div class=\"elementor-widget-container\">\n\t\t\t\t\t<div class=\"button-list-wrapper wrapper-spacing-default  \"><div class=\"button-list-title\"><h2>Femmes socialistes suisses<\/h2><\/div><div class=\"button-list-container\"><div class=\"button-list-text\"><p>Secr\u00e9tariat central<br \/>Theaterplatz 4<br \/>Postfach<br \/>3001 Berne<\/p>\n<article id=\"post-195\" class=\"col-sm-9 post-195 page type-page status-publish hentry\"><\/article>\n<\/div><div class=\"button-list-items\"><div class=\"button-list-item\"><div class=\"button-wrapper \"><a href=\"tel:0313296990\"  target=\"_self\" class=\"button-link button-link-default\" >031 329 69 90<span class=\"button-media-date\">18.04.2026<\/span><\/a><\/div><\/div><div class=\"button-list-item\"><div class=\"button-wrapper \"><a href=\"mailto:femmes@pssuisse.ch\"  target=\"_self\" class=\"button-link button-link-default\" >femmes@pssuisse.ch<span class=\"button-media-date\">18.04.2026<\/span><\/a><\/div><\/div><\/div><\/div><\/div>\t\t\t\t<\/div>\n\t\t\t\t<\/div>\n\t\t\t\t<div class=\"elementor-element elementor-element-c391724 elementor-widget elementor-widget-spps_person_grid\" data-id=\"c391724\" data-element_type=\"widget\" data-e-type=\"widget\" data-widget_type=\"spps_person_grid.default\">\n\t\t\t\t<div class=\"elementor-widget-container\">\n\t\t\t\t\t<div class=\"button-list-wrapper wrapper-spacing-small\"><div class=\"button-list-title\"><h3>Co-Pr\u00e9sidentes<\/h3><\/div><div class=\"button-list-container\"><div class=\"persons persons-grid-2\"><div class=\"persons-items\"><div class=\"persons-item\"><div class=\"person-container\"><div class=\"person-portrait\"><a href=\"https:\/\/staging.sp-ps.ch\/fr\/person\/tamara-funiciello\/\"><img decoding=\"async\" src=\"https:\/\/staging.sp-ps.ch\/wp-content\/uploads\/2015\/05\/BE_NR_2023_SP_Funiciello_Tamara_0182-G-600x600.jpg?v=1699017891\" alt=\"Tamara Funiciello\" loading=\"lazy\"><\/a><\/div><div class=\"person-content\"><a href=\"https:\/\/staging.sp-ps.ch\/fr\/person\/tamara-funiciello\/\" class=\"person-name\"><p><strong>Tamara Funiciello<\/strong><\/p><\/a><p class=\"person-position\">Conseill\u00e8re nationale BE<\/p><ul class=\"person-kontakt list-pills list-pills-grey\"><li><a href=\"mailto:tamara.funiciello@parl.ch\">E-Mail<\/a><\/li><\/ul><\/div><\/div><\/div><div class=\"persons-item\"><div class=\"person-container\"><div class=\"person-portrait\"><a href=\"https:\/\/staging.sp-ps.ch\/fr\/person\/jessica-jaccoud\/\"><img decoding=\"async\" src=\"https:\/\/staging.sp-ps.ch\/wp-content\/uploads\/2023\/11\/VD_NR_2023_SP_Jaccoud_Jessica_0342-600x600.jpg?v=1699523951\" alt=\"Jessica Jaccoud\" loading=\"lazy\"><\/a><\/div><div class=\"person-content\"><a href=\"https:\/\/staging.sp-ps.ch\/fr\/person\/jessica-jaccoud\/\" class=\"person-name\"><p><strong>Jessica Jaccoud<\/strong><\/p><\/a><p class=\"person-position\">Conseill\u00e8re nationale VD<\/p><ul class=\"person-kontakt list-pills list-pills-grey\"><li><a href=\"mailto:jessica.jaccoud@parl.ch\">E-Mail<\/a><\/li><\/ul><\/div><\/div><\/div><\/div><\/div><\/div><\/div>\t\t\t\t<\/div>\n\t\t\t\t<\/div>\n\t\t\t\t<div class=\"elementor-element elementor-element-086140c elementor-widget elementor-widget-spps_person_grid\" data-id=\"086140c\" data-element_type=\"widget\" data-e-type=\"widget\" data-widget_type=\"spps_person_grid.default\">\n\t\t\t\t<div class=\"elementor-widget-container\">\n\t\t\t\t\t<div class=\"button-list-wrapper wrapper-spacing-small\"><div class=\"button-list-title\"><h3>Secr\u00e9taire centrale<\/h3><\/div><div class=\"button-list-container\"><div class=\"persons persons-grid-2\"><div class=\"persons-items\"><div class=\"persons-item\"><div class=\"person-container\"><div class=\"person-portrait\"><a href=\"https:\/\/staging.sp-ps.ch\/fr\/person\/julia-baumgartner-2\/\"><img decoding=\"async\" src=\"https:\/\/staging.sp-ps.ch\/wp-content\/uploads\/2022\/07\/Julia_Baumgartner_by_laurence_mueller_low-600x600.jpg?v=1755156200\" alt=\"Julia  Baumgartner\" loading=\"lazy\"><\/a><\/div><div class=\"person-content\"><a href=\"https:\/\/staging.sp-ps.ch\/fr\/person\/julia-baumgartner-2\/\" class=\"person-name\"><p><strong>Julia  Baumgartner<\/strong><\/p><\/a><p class=\"person-position\">Secr\u00e9taire centrale du PS Femmes<\/p><ul class=\"person-kontakt list-pills list-pills-grey\"><li><a href=\"tel:+41313296990\">+41 31 329 69 90<\/a><\/li><li><a href=\"mailto:julia.baumgartner@sp-frauen.ch\">E-Mail<\/a><\/li><\/ul><\/div><\/div><\/div><\/div><\/div><\/div><\/div>\t\t\t\t<\/div>\n\t\t\t\t<\/div>\n\t\t\t\t<div class=\"elementor-element elementor-element-6c6def0 elementor-widget elementor-widget-spps_person_grid\" data-id=\"6c6def0\" data-element_type=\"widget\" data-e-type=\"widget\" data-widget_type=\"spps_person_grid.default\">\n\t\t\t\t<div class=\"elementor-widget-container\">\n\t\t\t\t\t<div class=\"button-list-wrapper wrapper-spacing-small\"><div class=\"button-list-title\"><h3>Notre Comit\u00e9 directeur<\/h3><\/div><div class=\"button-list-container\"><div class=\"persons persons-grid-2\"><div class=\"persons-items\"><div class=\"persons-item\"><div class=\"person-container\"><div class=\"person-portrait\"><a href=\"https:\/\/staging.sp-ps.ch\/fr\/person\/mandy-abou-shoak\/\"><img decoding=\"async\" src=\"https:\/\/staging.sp-ps.ch\/wp-content\/uploads\/2023\/12\/1663179497633_440x440_acf_cropped_440x440_acf_cropped-600x600.jpg?v=1701442800\" alt=\"Mandy Abou Shoak\" loading=\"lazy\"><\/a><\/div><div class=\"person-content\"><a href=\"https:\/\/staging.sp-ps.ch\/fr\/person\/mandy-abou-shoak\/\" class=\"person-name\"><p><strong>Mandy Abou Shoak<\/strong><\/p><\/a><\/div><\/div><\/div><div class=\"persons-item\"><div class=\"person-container\"><div class=\"person-portrait\"><a href=\"https:\/\/staging.sp-ps.ch\/fr\/person\/tanja-blume\/\"><img decoding=\"async\" src=\"https:\/\/staging.sp-ps.ch\/wp-content\/uploads\/2023\/09\/Tanja-Blume-Foto-2-600x600.jpg?v=1695051113\" alt=\"Tanja Blume\" loading=\"lazy\"><\/a><\/div><div class=\"person-content\"><a href=\"https:\/\/staging.sp-ps.ch\/fr\/person\/tanja-blume\/\" class=\"person-name\"><p><strong>Tanja Blume<\/strong><\/p><\/a><ul class=\"person-kontakt list-pills list-pills-grey\"><li><a href=\"mailto:tanja.blume@sp-frauen.ch\">E-Mail<\/a><\/li><\/ul><\/div><\/div><\/div><div class=\"persons-item\"><div class=\"person-container\"><div class=\"person-portrait\"><a href=\"https:\/\/staging.sp-ps.ch\/fr\/person\/marilena-corti\/\"><img decoding=\"async\" src=\"https:\/\/staging.sp-ps.ch\/wp-content\/uploads\/2022\/07\/marilena_corti-600x600.jpg?v=1709397520\" alt=\"Marilena  Corti\" loading=\"lazy\"><\/a><\/div><div class=\"person-content\"><a href=\"https:\/\/staging.sp-ps.ch\/fr\/person\/marilena-corti\/\" class=\"person-name\"><p><strong>Marilena  Corti<\/strong><\/p><\/a><ul class=\"person-kontakt list-pills list-pills-grey\"><li><a href=\"mailto:marilena.corti@sp-frauen.ch\">E-Mail<\/a><\/li><\/ul><\/div><\/div><\/div><div class=\"persons-item\"><div class=\"person-container\"><div class=\"person-portrait\"><a href=\"https:\/\/staging.sp-ps.ch\/fr\/person\/mathilde-crevoisier\/\"><img decoding=\"async\" src=\"https:\/\/staging.sp-ps.ch\/wp-content\/uploads\/2022\/07\/JU_SR_2023_PS_Crevoisier_Mathilde_0421-G-600x600.jpg?v=1700564677\" alt=\"Mathilde  Crevoisier\" loading=\"lazy\"><\/a><\/div><div class=\"person-content\"><a href=\"https:\/\/staging.sp-ps.ch\/fr\/person\/mathilde-crevoisier\/\" class=\"person-name\"><p><strong>Mathilde  Crevoisier<\/strong><\/p><\/a><p class=\"person-position\">Conseill\u00e8re aux \u00c9tats JU<\/p><ul class=\"person-kontakt list-pills list-pills-grey\"><li><a href=\"mailto:mathilde.crevoisier@parl.ch\">E-Mail<\/a><\/li><\/ul><\/div><\/div><\/div><div class=\"persons-item\"><div class=\"person-container\"><div class=\"person-portrait\"><a href=\"https:\/\/staging.sp-ps.ch\/fr\/person\/martine-docourt-ducommun\/\"><img decoding=\"async\" src=\"https:\/\/staging.sp-ps.ch\/wp-content\/uploads\/2015\/06\/NE_NR_2023_SP_Docourt_Martine_0343-G-600x600.jpg?v=1698933809\" alt=\"Martine Docourt\" loading=\"lazy\"><\/a><\/div><div class=\"person-content\"><a href=\"https:\/\/staging.sp-ps.ch\/fr\/person\/martine-docourt-ducommun\/\" class=\"person-name\"><p><strong>Martine Docourt<\/strong><\/p><\/a><p class=\"person-position\">Conseill\u00e8re nationale NE<\/p><ul class=\"person-kontakt list-pills list-pills-grey\"><li><a href=\"mailto:martine.docourt@ps-femmes.ch\">E-Mail<\/a><\/li><\/ul><\/div><\/div><\/div><div class=\"persons-item\"><div class=\"person-container\"><div class=\"person-portrait\"><a href=\"https:\/\/staging.sp-ps.ch\/fr\/person\/virginia-koepfli\/\"><img decoding=\"async\" src=\"https:\/\/staging.sp-ps.ch\/wp-content\/uploads\/2022\/07\/Virginia-Kopfli-600x600.jpg?v=1709397520\" alt=\"Virginia  K\u00f6pfli\" loading=\"lazy\"><\/a><\/div><div class=\"person-content\"><a href=\"https:\/\/staging.sp-ps.ch\/fr\/person\/virginia-koepfli\/\" class=\"person-name\"><p><strong>Virginia  K\u00f6pfli<\/strong><\/p><\/a><ul class=\"person-kontakt list-pills list-pills-grey\"><li><a href=\"mailto:virginia.koepfli@sp-frauen.ch\">E-Mail<\/a><\/li><\/ul><\/div><\/div><\/div><div class=\"persons-item\"><div class=\"person-container\"><div class=\"person-portrait\"><a href=\"https:\/\/staging.sp-ps.ch\/fr\/person\/moana-mika\/\"><img decoding=\"async\" src=\"https:\/\/staging.sp-ps.ch\/wp-content\/uploads\/2023\/09\/Foto_2023-scaled-1-e1694700377803-600x600.jpg?v=1694700359\" alt=\"Moana Mika\" loading=\"lazy\"><\/a><\/div><div class=\"person-content\"><a href=\"https:\/\/staging.sp-ps.ch\/fr\/person\/moana-mika\/\" class=\"person-name\"><p><strong>Moana Mika<\/strong><\/p><\/a><ul class=\"person-kontakt list-pills list-pills-grey\"><li><a href=\"mailto:moana.mika@sp-frauen.ch\">E-Mail<\/a><\/li><\/ul><\/div><\/div><\/div><div class=\"persons-item\"><div class=\"person-container\"><div class=\"person-portrait\"><a href=\"https:\/\/staging.sp-ps.ch\/fr\/person\/iresha-udugampola\/\"><img decoding=\"async\" src=\"https:\/\/staging.sp-ps.ch\/wp-content\/uploads\/2025\/10\/Iresha-scaled-e1759314550567-600x600.jpeg?v=1759314503\" alt=\"Iresha Udugampola\" loading=\"lazy\"><\/a><\/div><div class=\"person-content\"><a href=\"https:\/\/staging.sp-ps.ch\/fr\/person\/iresha-udugampola\/\" class=\"person-name\"><p><strong>Iresha Udugampola<\/strong><\/p><\/a><\/div><\/div><\/div><div class=\"persons-item\"><div class=\"person-container\"><div class=\"person-portrait\"><a href=\"https:\/\/staging.sp-ps.ch\/fr\/person\/laurie-willommet\/\"><img decoding=\"async\" src=\"https:\/\/staging.sp-ps.ch\/wp-content\/uploads\/2022\/07\/211129_laurie_willomet-1-600x600.png?v=1709397520\" alt=\"Laurie  Willommet\" loading=\"lazy\"><\/a><\/div><div class=\"person-content\"><a href=\"https:\/\/staging.sp-ps.ch\/fr\/person\/laurie-willommet\/\" class=\"person-name\"><p><strong>Laurie  Willommet<\/strong><\/p><\/a><\/div><\/div><\/div><div class=\"persons-item\"><div class=\"person-container\"><div class=\"person-portrait\"><a href=\"https:\/\/staging.sp-ps.ch\/fr\/person\/aleksandra-zdravkovic\/\"><img decoding=\"async\" src=\"https:\/\/staging.sp-ps.ch\/wp-content\/uploads\/2021\/09\/DSCF7461_1-600x600.jpg?v=1718881263\" alt=\"Aleksandra Zdravkovi\u0107\" loading=\"lazy\"><\/a><\/div><div class=\"person-content\"><a href=\"https:\/\/staging.sp-ps.ch\/fr\/person\/aleksandra-zdravkovic\/\" class=\"person-name\"><p><strong>Aleksandra Zdravkovi\u0107<\/strong><\/p><\/a><p class=\"person-position\">Campagnes & projets, Secr\u00e9taire du PS Migrant-es<\/p><\/div><\/div><\/div><\/div><\/div><\/div><\/div>\t\t\t\t<\/div>\n\t\t\t\t<\/div>\n\t\t\t\t\t<\/div>\n\t\t<\/div>\n\t\t\t\t\t<\/div>\n\t\t<\/section>\n\t\t\t\t<\/div>\n\t\t","protected":false},"excerpt":{"rendered":"<p>Contact Les Femmes socialistes font partie du mouvement et du parti socialiste en Suisse, qui est compos\u00e9 de divers organes et personnalit\u00e9s et qui a v\u00e9cu une histoire dynamique et [&hellip;]<\/p>\n","protected":false},"author":1,"featured_media":0,"parent":30460,"menu_order":4,"comment_status":"closed","ping_status":"closed","template":"","meta":{"footnotes":""},"class_list":["post-31369","page","type-page","status-publish","hentry"],"_links":{"self":[{"href":"https:\/\/staging.sp-ps.ch\/fr\/wp-json\/wp\/v2\/pages\/31369","targetHints":{"allow":["GET"]}}],"collection":[{"href":"https:\/\/staging.sp-ps.ch\/fr\/wp-json\/wp\/v2\/pages"}],"about":[{"href":"https:\/\/staging.sp-ps.ch\/fr\/wp-json\/wp\/v2\/types\/page"}],"author":[{"embeddable":true,"href":"https:\/\/staging.sp-ps.ch\/fr\/wp-json\/wp\/v2\/users\/1"}],"replies":[{"embeddable":true,"href":"https:\/\/staging.sp-ps.ch\/fr\/wp-json\/wp\/v2\/comments?post=31369"}],"version-history":[{"count":45,"href":"https:\/\/staging.sp-ps.ch\/fr\/wp-json\/wp\/v2\/pages\/31369\/revisions"}],"predecessor-version":[{"id":169378,"href":"https:\/\/staging.sp-ps.ch\/fr\/wp-json\/wp\/v2\/pages\/31369\/revisions\/169378"}],"up":[{"embeddable":true,"href":"https:\/\/staging.sp-ps.ch\/fr\/wp-json\/wp\/v2\/pages\/30460"}],"wp:attachment":[{"href":"https:\/\/staging.sp-ps.ch\/fr\/wp-json\/wp\/v2\/media?parent=31369"}],"curies":[{"name":"wp","href":"https:\/\/api.w.org\/{rel}","templated":true}]}}