{"id":31599,"date":"2022-07-07T11:07:09","date_gmt":"2022-07-07T09:07:09","guid":{"rendered":"https:\/\/test.sp-ps.ch\/parti\/ps-migrant-e-s\/positions\/"},"modified":"2025-02-18T14:27:27","modified_gmt":"2025-02-18T13:27:27","slug":"nos-dossiers","status":"publish","type":"page","link":"https:\/\/staging.sp-ps.ch\/fr\/parti\/ps-migrant-e-s\/nos-dossiers\/","title":{"rendered":"Nos dossiers"},"content":{"rendered":"\t\t<div data-elementor-type=\"wp-page\" data-elementor-id=\"31599\" class=\"elementor elementor-31599 elementor-3427\" data-elementor-post-type=\"page\">\n\t\t\t\t\t\t<section class=\"elementor-section elementor-top-section elementor-element elementor-element-be2387b elementor-section-boxed elementor-section-height-default elementor-section-height-default\" data-id=\"be2387b\" data-element_type=\"section\" data-e-type=\"section\" data-settings=\"{&quot;jet_parallax_layout_list&quot;:[],&quot;background_background&quot;:&quot;classic&quot;}\">\n\t\t\t\t\t\t<div class=\"elementor-container elementor-column-gap-wide\">\n\t\t\t\t\t<div class=\"elementor-column elementor-col-100 elementor-top-column elementor-element elementor-element-87edfc1\" data-id=\"87edfc1\" data-element_type=\"column\" data-e-type=\"column\">\n\t\t\t<div class=\"elementor-widget-wrap elementor-element-populated\">\n\t\t\t\t\t\t<div class=\"elementor-element elementor-element-ded6d5f elementor-widget elementor-widget-heading\" data-id=\"ded6d5f\" data-element_type=\"widget\" data-e-type=\"widget\" data-widget_type=\"heading.default\">\n\t\t\t\t<div class=\"elementor-widget-container\">\n\t\t\t\t\t<h1 class=\"elementor-heading-title elementor-size-default\">Nos dossiers<\/h1>\t\t\t\t<\/div>\n\t\t\t\t<\/div>\n\t\t\t\t<div class=\"elementor-element elementor-element-491a023 elementor-widget elementor-widget-jet-breadcrumbs\" data-id=\"491a023\" data-element_type=\"widget\" data-e-type=\"widget\" data-widget_type=\"jet-breadcrumbs.default\">\n\t\t\t\t<div class=\"elementor-widget-container\">\n\t\t\t\t\t<div class=\"elementor-jet-breadcrumbs jet-blocks\">\n\t\t<div class=\"jet-breadcrumbs\">\n\t\t<div class=\"jet-breadcrumbs__content\">\n\t\t<div class=\"jet-breadcrumbs__wrap\">\n\t\t<\/div>\n\t\t<\/div>\n\t\t<\/div><\/div>\t\t\t\t<\/div>\n\t\t\t\t<\/div>\n\t\t\t\t\t<\/div>\n\t\t<\/div>\n\t\t\t\t\t<\/div>\n\t\t<\/section>\n\t\t\t\t<section class=\"elementor-section elementor-top-section elementor-element elementor-element-e3079f6 elementor-section-boxed elementor-section-height-default elementor-section-height-default\" data-id=\"e3079f6\" data-element_type=\"section\" data-e-type=\"section\" data-settings=\"{&quot;jet_parallax_layout_list&quot;:[]}\">\n\t\t\t\t\t\t<div class=\"elementor-container elementor-column-gap-wide\">\n\t\t\t\t\t<div class=\"elementor-column elementor-col-100 elementor-top-column elementor-element elementor-element-edfef98\" data-id=\"edfef98\" data-element_type=\"column\" data-e-type=\"column\">\n\t\t\t<div class=\"elementor-widget-wrap elementor-element-populated\">\n\t\t\t\t\t\t<div class=\"elementor-element elementor-element-e84a032 elementor-widget elementor-widget-spps_button_list\" data-id=\"e84a032\" data-element_type=\"widget\" data-e-type=\"widget\" data-widget_type=\"spps_button_list.default\">\n\t\t\t\t<div class=\"elementor-widget-container\">\n\t\t\t\t\t<div class=\"button-list-wrapper wrapper-spacing-default  \"><div class=\"button-list-title\"><h2>Positions<\/h2><\/div><div class=\"button-list-container\"><div class=\"button-list-items\"><div class=\"button-list-item\"><div class=\"button-wrapper \"><a href=\"https:\/\/staging.sp-ps.ch\/wp-content\/uploads\/2024\/11\/T4_Resolution_Fuer-ein-modernes-Buergerrecht_FR.pdf\"  target=\"_self\" class=\"button-link button-link-default\" >Pour un droit de la nationalit\u00e9 moderne<span class=\"button-media-date\">18.04.2026<\/span><\/a><\/div><\/div><div class=\"button-list-item\"><div class=\"button-wrapper \"><a href=\"https:\/\/staging.sp-ps.ch\/wp-content\/uploads\/2024\/11\/PS-Migrant-es_Crechesencouragement-precoce-du-langage_FR.pdf\"  target=\"_self\" class=\"button-link button-link-default\" >Cr\u00e8ches de qualit\u00e9 et l'encouragement pr\u00e9coce des langues<span class=\"button-media-date\">18.04.2026<\/span><\/a><\/div><\/div><div class=\"button-list-item\"><div class=\"button-wrapper \"><a href=\"https:\/\/staging.sp-ps.ch\/wp-content\/uploads\/2023\/04\/PS-Migr_Meme-droits-pour-tous-les-refugies-de-guerre.pdf\"  target=\"_self\" class=\"button-link button-link-download\" >Des droits \u00e9gaux pour tous les r\u00e9fugi\u00e9s de guerre<span class=\"button-media-date\">18.04.2026<\/span><\/a><\/div><\/div><div class=\"button-list-item\"><div class=\"button-wrapper \"><a href=\"https:\/\/staging.sp-ps.ch\/wp-content\/uploads\/2023\/04\/PS-Migr_Afghanistan-plan-d-action.pdf\"  target=\"_self\" class=\"button-link button-link-download\" >Afghanistan - plan d\u2019action<span class=\"button-media-date\">18.04.2026<\/span><\/a><\/div><\/div><div class=\"button-list-item\"><div class=\"button-wrapper \"><a href=\"https:\/\/staging.sp-ps.ch\/wp-content\/uploads\/2022\/07\/armut_bekampfen_f.pdf\"  target=\"_self\" class=\"button-link button-link-download\" >Droit au s\u00e9jour et aide sociale<span class=\"button-media-date\">18.04.2026<\/span><\/a><\/div><\/div><div class=\"button-list-item\"><div class=\"button-wrapper \"><a href=\"https:\/\/staging.sp-ps.ch\/wp-content\/uploads\/2022\/07\/ps-migr_crise-du-coronavirus_plan-daction_0.pdf\"  target=\"_self\" class=\"button-link button-link-download\" >Crise de corona - plan d'action<span class=\"button-media-date\">18.04.2026<\/span><\/a><\/div><\/div><div class=\"button-list-item\"><div class=\"button-wrapper \"><a href=\"https:\/\/staging.sp-ps.ch\/wp-content\/uploads\/2022\/07\/ps_migrant-e-s._egalite_des_genres.pdf\"  target=\"_self\" class=\"button-link button-link-download\" >\u00c9galit\u00e9 des genres<span class=\"button-media-date\">18.04.2026<\/span><\/a><\/div><\/div><div class=\"button-list-item\"><div class=\"button-wrapper \"><a href=\"https:\/\/staging.sp-ps.ch\/wp-content\/uploads\/2022\/07\/psmigr_double_nationalite_final.pdf\"  target=\"_self\" class=\"button-link button-link-download\" >Double nationalit\u00e9<span class=\"button-media-date\">18.04.2026<\/span><\/a><\/div><\/div><div class=\"button-list-item\"><div class=\"button-wrapper \"><a href=\"https:\/\/staging.sp-ps.ch\/wp-content\/uploads\/2022\/07\/psmigr_profilage_racial_final.pdf\"  target=\"_self\" class=\"button-link button-link-download\" >Profilage racial<span class=\"button-media-date\">18.04.2026<\/span><\/a><\/div><\/div><div class=\"button-list-item\"><div class=\"button-wrapper \"><a href=\"https:\/\/staging.sp-ps.ch\/wp-content\/uploads\/2022\/07\/psmigr_religion_et_societe_final_verabschiedet.pdf\"  target=\"_self\" class=\"button-link button-link-download\" >Religion et soci\u00e9t\u00e9<span class=\"button-media-date\">18.04.2026<\/span><\/a><\/div><\/div><div class=\"button-list-item\"><div class=\"button-wrapper \"><a href=\"https:\/\/staging.sp-ps.ch\/wp-content\/uploads\/2023\/04\/Resolution_droits-politiques_PS-Migrant-e-s-suisse_f.pdf\"  target=\"_self\" class=\"button-link button-link-download\" >Droits politiques<span class=\"button-media-date\">18.04.2026<\/span><\/a><\/div><\/div><div class=\"button-list-item\"><div class=\"button-wrapper \"><a href=\"https:\/\/staging.sp-ps.ch\/wp-content\/uploads\/2023\/04\/Resolution_droit-au-travail_F.pdf\"  target=\"_self\" class=\"button-link button-link-download\" >Droit au travail<span class=\"button-media-date\">18.04.2026<\/span><\/a><\/div><\/div><div class=\"button-list-item\"><div class=\"button-wrapper \"><a href=\"https:\/\/staging.sp-ps.ch\/wp-content\/uploads\/2023\/06\/PS-Migr_Resolution_bourses-pour-toutes-et-tous_FR-1.pdf\"  target=\"_self\" class=\"button-link button-link-download\" >Bourses d'\u00e9tudes pour toutes et tous<span class=\"button-media-date\">18.04.2026<\/span><\/a><\/div><\/div><\/div><\/div><\/div>\t\t\t\t<\/div>\n\t\t\t\t<\/div>\n\t\t\t\t\t<\/div>\n\t\t<\/div>\n\t\t\t\t\t<\/div>\n\t\t<\/section>\n\t\t\t\t<section class=\"elementor-section elementor-top-section elementor-element elementor-element-5c31b16 elementor-section-boxed elementor-section-height-default elementor-section-height-default\" data-id=\"5c31b16\" data-element_type=\"section\" data-e-type=\"section\" data-settings=\"{&quot;jet_parallax_layout_list&quot;:[]}\">\n\t\t\t\t\t\t<div class=\"elementor-container elementor-column-gap-default\">\n\t\t\t\t\t<div class=\"elementor-column elementor-col-100 elementor-top-column elementor-element elementor-element-9832265\" data-id=\"9832265\" data-element_type=\"column\" data-e-type=\"column\">\n\t\t\t<div class=\"elementor-widget-wrap elementor-element-populated\">\n\t\t\t\t\t\t<div class=\"elementor-element elementor-element-82dcc48 elementor-widget elementor-widget-spps_button_list\" data-id=\"82dcc48\" data-element_type=\"widget\" data-e-type=\"widget\" data-widget_type=\"spps_button_list.default\">\n\t\t\t\t<div class=\"elementor-widget-container\">\n\t\t\t\t\t<div class=\"button-list-wrapper wrapper-spacing-default  \"><div class=\"button-list-title\"><h2>Documents<\/h2><\/div><div class=\"button-list-container\"><div class=\"button-list-items\"><div class=\"button-list-item\"><div class=\"button-wrapper \"><a href=\"https:\/\/staging.sp-ps.ch\/wp-content\/uploads\/2024\/04\/Ausschreibung-Prasident-in-SPM-F.pdf\"  target=\"_self\" class=\"button-link button-link-download\" >Offre pour le poste de (co-) Pr\u00e9sident-e<span class=\"button-media-date\">18.04.2026<\/span><\/a><\/div><\/div><div class=\"button-list-item\"><div class=\"button-wrapper \"><a href=\"https:\/\/staging.sp-ps.ch\/wp-content\/uploads\/2023\/11\/PSMigr_Objectifs_2024-2.pdf\"  target=\"_self\" class=\"button-link button-link-download\" >Objectives 2024<span class=\"button-media-date\">18.04.2026<\/span><\/a><\/div><\/div><div class=\"button-list-item\"><div class=\"button-wrapper \"><a href=\"https:\/\/staging.sp-ps.ch\/wp-content\/uploads\/2023\/05\/230401_reglement-PS-Migrant-e-s-Suisse-1.pdf\"  target=\"_self\" class=\"button-link button-link-download\" >R\u00e8glement du PS Migrant-es Suisse (2023)<span class=\"button-media-date\">18.04.2026<\/span><\/a><\/div><\/div><div class=\"button-list-item\"><div class=\"button-wrapper \"><a href=\"https:\/\/staging.sp-ps.ch\/wp-content\/uploads\/2022\/12\/Portrait-du-PS-Migrant-e-s-suisse-2017.pdf\"  target=\"_self\" class=\"button-link button-link-download\" >Portrait du PS Migrant-es suisse (2017)<span class=\"button-media-date\">18.04.2026<\/span><\/a><\/div><\/div><div class=\"button-list-item\"><div class=\"button-wrapper \"><a href=\"https:\/\/staging.sp-ps.ch\/wp-content\/uploads\/2022\/12\/Resolution-Poursuivre-le-plan-daction-du-PS-Migrant-e-s-congres-2015.pdf\"  target=\"_self\" class=\"button-link button-link-download\" >R\u00e9solution &#34;Poursuivre le plan d'action du PS Migrant-es&#34; (congr\u00e8s 2015)<span class=\"button-media-date\">18.04.2026<\/span><\/a><\/div><\/div><div class=\"button-list-item\"><div class=\"button-wrapper \"><a href=\"https:\/\/staging.sp-ps.ch\/wp-content\/uploads\/2022\/12\/Document-conceptuel-Ameliorer-la-collaboration-avel-les-organisations-des-migrant-e-s-de-gauche-2012.pdf\"  target=\"_self\" class=\"button-link button-link-download\" >Document conceptuel &#34;Am\u00e9liorer la collaboration avel les organisations des migrant-es de gauche&#34; (2012)<span class=\"button-media-date\">18.04.2026<\/span><\/a><\/div><\/div><div class=\"button-list-item\"><div class=\"button-wrapper \"><a href=\"https:\/\/staging.sp-ps.ch\/wp-content\/uploads\/2022\/12\/Resolution-Plan-daction-visant-a-renforcer-la-participation-politique-des-immigre-e-s-au-sein-du-parti-congres-2012.pdf\"  target=\"_self\" class=\"button-link button-link-download\" >R\u00e9solution &#34;Plan d'action visant \u00e0 renforcer la participation politique des immigr\u00e9-es au sein du parti&#34; (congr\u00e8s 2012)<span class=\"button-media-date\">18.04.2026<\/span><\/a><\/div><\/div><\/div><\/div><\/div>\t\t\t\t<\/div>\n\t\t\t\t<\/div>\n\t\t\t\t\t<\/div>\n\t\t<\/div>\n\t\t\t\t\t<\/div>\n\t\t<\/section>\n\t\t\t\t<\/div>\n\t\t","protected":false},"excerpt":{"rendered":"<p>Nos dossiers Positions Pour un droit de la nationalit\u00e9 moderne10.02.2025Cr\u00e8ches de qualit\u00e9 et l&#8217;encouragement pr\u00e9coce des langues10.02.2025Des droits \u00e9gaux pour tous les r\u00e9fugi\u00e9s de guerre10.02.2025Afghanistan &#8211; plan d\u2019action10.02.2025Droit au s\u00e9jour [&hellip;]<\/p>\n","protected":false},"author":1,"featured_media":0,"parent":30462,"menu_order":1,"comment_status":"closed","ping_status":"closed","template":"","meta":{"footnotes":""},"class_list":["post-31599","page","type-page","status-publish","hentry"],"_links":{"self":[{"href":"https:\/\/staging.sp-ps.ch\/fr\/wp-json\/wp\/v2\/pages\/31599","targetHints":{"allow":["GET"]}}],"collection":[{"href":"https:\/\/staging.sp-ps.ch\/fr\/wp-json\/wp\/v2\/pages"}],"about":[{"href":"https:\/\/staging.sp-ps.ch\/fr\/wp-json\/wp\/v2\/types\/page"}],"author":[{"embeddable":true,"href":"https:\/\/staging.sp-ps.ch\/fr\/wp-json\/wp\/v2\/users\/1"}],"replies":[{"embeddable":true,"href":"https:\/\/staging.sp-ps.ch\/fr\/wp-json\/wp\/v2\/comments?post=31599"}],"version-history":[{"count":47,"href":"https:\/\/staging.sp-ps.ch\/fr\/wp-json\/wp\/v2\/pages\/31599\/revisions"}],"predecessor-version":[{"id":154267,"href":"https:\/\/staging.sp-ps.ch\/fr\/wp-json\/wp\/v2\/pages\/31599\/revisions\/154267"}],"up":[{"embeddable":true,"href":"https:\/\/staging.sp-ps.ch\/fr\/wp-json\/wp\/v2\/pages\/30462"}],"wp:attachment":[{"href":"https:\/\/staging.sp-ps.ch\/fr\/wp-json\/wp\/v2\/media?parent=31599"}],"curies":[{"name":"wp","href":"https:\/\/api.w.org\/{rel}","templated":true}]}}