{"id":31620,"date":"2022-07-07T11:43:15","date_gmt":"2022-07-07T09:43:15","guid":{"rendered":"https:\/\/test.sp-ps.ch\/parti\/ps-migrant-e-s\/sengager\/"},"modified":"2023-07-06T15:09:19","modified_gmt":"2023-07-06T13:09:19","slug":"sengager","status":"publish","type":"page","link":"https:\/\/staging.sp-ps.ch\/fr\/parti\/ps-migrant-e-s\/sengager\/","title":{"rendered":"S\u2019engager"},"content":{"rendered":"\t\t<div data-elementor-type=\"wp-page\" data-elementor-id=\"31620\" class=\"elementor elementor-31620 elementor-3433\" data-elementor-post-type=\"page\">\n\t\t\t\t\t\t<section class=\"elementor-section elementor-top-section elementor-element elementor-element-4f720bf elementor-section-boxed elementor-section-height-default elementor-section-height-default\" data-id=\"4f720bf\" data-element_type=\"section\" data-e-type=\"section\" data-settings=\"{&quot;jet_parallax_layout_list&quot;:[],&quot;background_background&quot;:&quot;classic&quot;}\">\n\t\t\t\t\t\t<div class=\"elementor-container elementor-column-gap-wide\">\n\t\t\t\t\t<div class=\"elementor-column elementor-col-100 elementor-top-column elementor-element elementor-element-663ae1a\" data-id=\"663ae1a\" data-element_type=\"column\" data-e-type=\"column\">\n\t\t\t<div class=\"elementor-widget-wrap elementor-element-populated\">\n\t\t\t\t\t\t<div class=\"elementor-element elementor-element-0e235f8 elementor-widget elementor-widget-heading\" data-id=\"0e235f8\" data-element_type=\"widget\" data-e-type=\"widget\" data-widget_type=\"heading.default\">\n\t\t\t\t<div class=\"elementor-widget-container\">\n\t\t\t\t\t<h1 class=\"elementor-heading-title elementor-size-default\">Adh\u00e9rer au PS Migrant-es<\/h1>\t\t\t\t<\/div>\n\t\t\t\t<\/div>\n\t\t\t\t<div class=\"elementor-element elementor-element-f15f1bd elementor-widget elementor-widget-jet-breadcrumbs\" data-id=\"f15f1bd\" data-element_type=\"widget\" data-e-type=\"widget\" data-widget_type=\"jet-breadcrumbs.default\">\n\t\t\t\t<div class=\"elementor-widget-container\">\n\t\t\t\t\t<div class=\"elementor-jet-breadcrumbs jet-blocks\">\n\t\t<div class=\"jet-breadcrumbs\">\n\t\t<div class=\"jet-breadcrumbs__content\">\n\t\t<div class=\"jet-breadcrumbs__wrap\">\n\t\t<\/div>\n\t\t<\/div>\n\t\t<\/div><\/div>\t\t\t\t<\/div>\n\t\t\t\t<\/div>\n\t\t\t\t<div class=\"elementor-element elementor-element-259407a elementor-widget__width-initial elementor-widget elementor-widget-text-editor\" data-id=\"259407a\" data-element_type=\"widget\" data-e-type=\"widget\" data-widget_type=\"text-editor.default\">\n\t\t\t\t<div class=\"elementor-widget-container\">\n\t\t\t\t\t\t\t\t\tLe PS dispose incontestablement d\u2019une bonne r\u00e9putation aupr\u00e8s des personnes immigr\u00e9es en Suisse. Bon nombre le consid\u00e8re susceptible de r\u00e9pondre \u00e0 leurs espoirs et leurs attentes. Il n\u2019en demeure pas moins que ces m\u00eames personnes sont souvent sous-repr\u00e9sent\u00e9es au sein m\u00eame du parti. Cela doit changer.\t\t\t\t\t\t\t\t<\/div>\n\t\t\t\t<\/div>\n\t\t\t\t\t<\/div>\n\t\t<\/div>\n\t\t\t\t\t<\/div>\n\t\t<\/section>\n\t\t\t\t<section class=\"elementor-section elementor-top-section elementor-element elementor-element-f7a8bf1 elementor-section-boxed elementor-section-height-default elementor-section-height-default\" data-id=\"f7a8bf1\" data-element_type=\"section\" data-e-type=\"section\" data-settings=\"{&quot;jet_parallax_layout_list&quot;:[]}\">\n\t\t\t\t\t\t<div class=\"elementor-container elementor-column-gap-wide\">\n\t\t\t\t\t<div class=\"elementor-column elementor-col-100 elementor-top-column elementor-element elementor-element-3ba250d\" data-id=\"3ba250d\" data-element_type=\"column\" data-e-type=\"column\">\n\t\t\t<div class=\"elementor-widget-wrap elementor-element-populated\">\n\t\t\t\t\t\t<div class=\"elementor-element elementor-element-bf627d5 elementor-widget elementor-widget-spps_title_text\" data-id=\"bf627d5\" data-element_type=\"widget\" data-e-type=\"widget\" data-widget_type=\"spps_title_text.default\">\n\t\t\t\t<div class=\"elementor-widget-container\">\n\t\t\t\t\t<div class=\"title-text-wrapper wrapper-spacing-default\"><div class=\"title-text-title\"><h2>Adh\u00e9rer au PS Migrant-es<\/h2><\/div><div class=\"title-text-container\"><\/div><\/div>\t\t\t\t<\/div>\n\t\t\t\t<\/div>\n\t\t\t\t<div class=\"elementor-element elementor-element-22a772d elementor-widget elementor-widget-wpforms\" data-id=\"22a772d\" data-element_type=\"widget\" data-e-type=\"widget\" data-widget_type=\"wpforms.default\">\n\t\t\t\t<div class=\"elementor-widget-container\">\n\t\t\t\t\t<div class=\"wpforms-container wpforms-container-full\" id=\"wpforms-3746\"><form id=\"wpforms-form-3746\" class=\"wpforms-validate wpforms-form wpforms-ajax-form\" data-formid=\"3746\" method=\"post\" enctype=\"multipart\/form-data\" action=\"\/fr\/wp-json\/wp\/v2\/pages\/31620\" data-token=\"2a660cfaf555aab7b8b6141ff1b2c615\" data-token-time=\"1776500394\"><noscript class=\"wpforms-error-noscript\">Veuillez activer JavaScript dans votre navigateur pour remplir ce formulaire.<\/noscript><div class=\"wpforms-field-container\"><div id=\"wpforms-3746-field_1-container\" class=\"wpforms-field wpforms-field-checkbox\" data-field-id=\"1\"><label class=\"wpforms-field-label\">Choix  <span class=\"wpforms-required-label\">*<\/span><\/label><ul id=\"wpforms-3746-field_1\" class=\"wpforms-field-required\" data-choice-limit=\"2\"><li class=\"choice-1 depth-1 wpforms-selected\"><input type=\"checkbox\" id=\"wpforms-3746-field_1_1\" data-rule-check-limit=\"true\" name=\"wpforms[fields][1][]\" value=\"Je souhaite \u00eatre membre du PS Migrant-e-s \" required  checked='checked'><label class=\"wpforms-field-label-inline\" for=\"wpforms-3746-field_1_1\">Je souhaite \u00eatre membre du PS Migrant-e-s<\/label><\/li><li class=\"choice-2 depth-1\"><input type=\"checkbox\" id=\"wpforms-3746-field_1_2\" data-rule-check-limit=\"true\" name=\"wpforms[fields][1][]\" value=\"Je souhaite \u00eatre membre du PS (sinon, vous serez automatiquement enregistr\u00e9 comme sympathisant-e du PS Suisse) \" required ><label class=\"wpforms-field-label-inline\" for=\"wpforms-3746-field_1_2\">Je souhaite \u00eatre membre du PS (sinon, vous serez automatiquement enregistr\u00e9 comme sympathisant-e du PS Suisse)<\/label><\/li><li class=\"choice-3 depth-1\"><input type=\"checkbox\" id=\"wpforms-3746-field_1_3\" data-rule-check-limit=\"true\" name=\"wpforms[fields][1][]\" value=\"Je suis d\u00e9j\u00e0 membre du PS \" required ><label class=\"wpforms-field-label-inline\" for=\"wpforms-3746-field_1_3\">Je suis d\u00e9j\u00e0 membre du PS<\/label><\/li><\/ul><\/div><div id=\"wpforms-3746-field_2-container\" class=\"wpforms-field wpforms-field-name wpforms-one-half wpforms-first\" data-field-id=\"2\"><label class=\"wpforms-field-label\" for=\"wpforms-3746-field_2\">Pr\u00e9nom <span class=\"wpforms-required-label\">*<\/span><\/label><input type=\"text\" id=\"wpforms-3746-field_2\" class=\"wpforms-field-large wpforms-field-required\" name=\"wpforms[fields][2]\" required><\/div><div id=\"wpforms-3746-field_3-container\" class=\"wpforms-field wpforms-field-name wpforms-one-half\" data-field-id=\"3\"><label class=\"wpforms-field-label\" for=\"wpforms-3746-field_3\">Nom  <span class=\"wpforms-required-label\">*<\/span><\/label><input type=\"text\" id=\"wpforms-3746-field_3\" class=\"wpforms-field-large wpforms-field-required\" name=\"wpforms[fields][3]\" required><\/div><div id=\"wpforms-3746-field_21-container\" class=\"wpforms-field wpforms-field-text\" data-field-id=\"21\"><label class=\"wpforms-field-label\" for=\"wpforms-3746-field_21\">Rue, num\u00e9ro <span class=\"wpforms-required-label\">*<\/span><\/label><input type=\"text\" id=\"wpforms-3746-field_21\" class=\"wpforms-field-large wpforms-field-required\" name=\"wpforms[fields][21]\" required><\/div><div id=\"wpforms-3746-field_22-container\" class=\"wpforms-field wpforms-field-text wpforms-one-third wpforms-first\" data-field-id=\"22\"><label class=\"wpforms-field-label\" for=\"wpforms-3746-field_22\">CP <span class=\"wpforms-required-label\">*<\/span><\/label><input type=\"text\" id=\"wpforms-3746-field_22\" class=\"wpforms-field-large wpforms-field-required\" name=\"wpforms[fields][22]\" required><\/div><div id=\"wpforms-3746-field_23-container\" class=\"wpforms-field wpforms-field-text wpforms-two-thirds\" data-field-id=\"23\"><label class=\"wpforms-field-label\" for=\"wpforms-3746-field_23\">Lieu <span class=\"wpforms-required-label\">*<\/span><\/label><input type=\"text\" id=\"wpforms-3746-field_23\" class=\"wpforms-field-large wpforms-field-required\" name=\"wpforms[fields][23]\" required><\/div><div id=\"wpforms-3746-field_5-container\" class=\"wpforms-field wpforms-field-email\" data-field-id=\"5\"><label class=\"wpforms-field-label\" for=\"wpforms-3746-field_5\">Courriel <span class=\"wpforms-required-label\">*<\/span><\/label><input type=\"email\" id=\"wpforms-3746-field_5\" class=\"wpforms-field-large wpforms-field-required\" name=\"wpforms[fields][5]\" spellcheck=\"false\" required><\/div><div id=\"wpforms-3746-field_9-container\" class=\"wpforms-field wpforms-field-phone\" data-field-id=\"9\"><label class=\"wpforms-field-label\" for=\"wpforms-3746-field_9\">T\u00e9l\u00e9phone <span class=\"wpforms-required-label\">*<\/span><\/label><input type=\"tel\" id=\"wpforms-3746-field_9\" class=\"wpforms-field-large wpforms-field-required wpforms-smart-phone-field\" data-rule-smart-phone-field=\"true\" name=\"wpforms[fields][9]\" aria-label=\"T\u00e9l\u00e9phone\" required><\/div><div id=\"wpforms-3746-field_20-container\" class=\"wpforms-field wpforms-field-text wpforms-full\" data-field-id=\"20\"><label class=\"wpforms-field-label\" for=\"wpforms-3746-field_20\">Date de naissance <span class=\"wpforms-required-label\">*<\/span><\/label><input type=\"text\" id=\"wpforms-3746-field_20\" class=\"wpforms-field-large wpforms-field-required\" name=\"wpforms[fields][20]\" required><\/div><div id=\"wpforms-3746-field_12-container\" class=\"wpforms-field wpforms-field-select wpforms-full wpforms-field-select-style-classic\" data-field-id=\"12\"><label class=\"wpforms-field-label\" for=\"wpforms-3746-field_12\">Genre <span class=\"wpforms-required-label\">*<\/span><\/label><select id=\"wpforms-3746-field_12\" class=\"wpforms-field-large wpforms-field-required\" name=\"wpforms[fields][12]\" required=\"required\"><option value=\"\" class=\"placeholder\" disabled  selected='selected'>S\u00e9lectionner<\/option><option value=\"M\"  class=\"choice-2 depth-1\"  >M<\/option><option value=\"Mme\"  class=\"choice-3 depth-1\"  >Mme<\/option><option value=\"autre\"  class=\"choice-4 depth-1\"  >autre<\/option><\/select><\/div><div id=\"wpforms-3746-field_13-container\" class=\"wpforms-field wpforms-field-text\" data-field-id=\"13\"><label class=\"wpforms-field-label\" for=\"wpforms-3746-field_13\">Pays d&#039;origine<\/label><input type=\"text\" id=\"wpforms-3746-field_13\" class=\"wpforms-field-large\" name=\"wpforms[fields][13]\" ><\/div><div id=\"wpforms-3746-field_14-container\" class=\"wpforms-field wpforms-field-text\" data-field-id=\"14\"><label class=\"wpforms-field-label\" for=\"wpforms-3746-field_14\">Nationalit\u00e9s<\/label><input type=\"text\" id=\"wpforms-3746-field_14\" class=\"wpforms-field-large\" name=\"wpforms[fields][14]\" ><\/div><div id=\"wpforms-3746-field_16-container\" class=\"wpforms-field wpforms-field-textarea wpforms-full\" data-field-id=\"16\"><label class=\"wpforms-field-label\" for=\"wpforms-3746-field_16\">Remarques<\/label><textarea id=\"wpforms-3746-field_16\" class=\"wpforms-field-large\" name=\"wpforms[fields][16]\" ><\/textarea><\/div><\/div><!-- .wpforms-field-container --><div class=\"wpforms-submit-container\" ><input type=\"hidden\" name=\"wpforms[id]\" value=\"3746\"><input type=\"hidden\" name=\"page_title\" value=\"\"><input type=\"hidden\" name=\"page_url\" value=\"https:\/\/staging.sp-ps.ch\/fr\/wp-json\/wp\/v2\/pages\/31620\"><input type=\"hidden\" name=\"url_referer\" value=\"\"><button type=\"submit\" name=\"wpforms[submit]\" id=\"wpforms-submit-3746\" class=\"wpforms-submit\" data-alt-text=\"Soumettre...\" data-submit-text=\"Soumettre\" aria-live=\"assertive\" value=\"wpforms-submit\">Soumettre<\/button><img decoding=\"async\" src=\"https:\/\/staging.sp-ps.ch\/wp-content\/plugins\/wpforms\/assets\/images\/submit-spin.svg\" class=\"wpforms-submit-spinner\" style=\"display: none;\" width=\"26\" height=\"26\" alt=\"Chargement en cours\"><\/div><\/form><\/div>  <!-- .wpforms-container -->\t\t\t\t<\/div>\n\t\t\t\t<\/div>\n\t\t\t\t\t<\/div>\n\t\t<\/div>\n\t\t\t\t\t<\/div>\n\t\t<\/section>\n\t\t\t\t<\/div>\n\t\t","protected":false},"excerpt":{"rendered":"<p>Adh\u00e9rer au PS Migrant-es Le PS dispose incontestablement d\u2019une bonne r\u00e9putation aupr\u00e8s des personnes immigr\u00e9es en Suisse. Bon nombre le consid\u00e8re susceptible de r\u00e9pondre \u00e0 leurs espoirs et leurs attentes. [&hellip;]<\/p>\n","protected":false},"author":1,"featured_media":0,"parent":30462,"menu_order":5,"comment_status":"closed","ping_status":"closed","template":"","meta":{"footnotes":""},"class_list":["post-31620","page","type-page","status-publish","hentry"],"_links":{"self":[{"href":"https:\/\/staging.sp-ps.ch\/fr\/wp-json\/wp\/v2\/pages\/31620","targetHints":{"allow":["GET"]}}],"collection":[{"href":"https:\/\/staging.sp-ps.ch\/fr\/wp-json\/wp\/v2\/pages"}],"about":[{"href":"https:\/\/staging.sp-ps.ch\/fr\/wp-json\/wp\/v2\/types\/page"}],"author":[{"embeddable":true,"href":"https:\/\/staging.sp-ps.ch\/fr\/wp-json\/wp\/v2\/users\/1"}],"replies":[{"embeddable":true,"href":"https:\/\/staging.sp-ps.ch\/fr\/wp-json\/wp\/v2\/comments?post=31620"}],"version-history":[{"count":5,"href":"https:\/\/staging.sp-ps.ch\/fr\/wp-json\/wp\/v2\/pages\/31620\/revisions"}],"predecessor-version":[{"id":105025,"href":"https:\/\/staging.sp-ps.ch\/fr\/wp-json\/wp\/v2\/pages\/31620\/revisions\/105025"}],"up":[{"embeddable":true,"href":"https:\/\/staging.sp-ps.ch\/fr\/wp-json\/wp\/v2\/pages\/30462"}],"wp:attachment":[{"href":"https:\/\/staging.sp-ps.ch\/fr\/wp-json\/wp\/v2\/media?parent=31620"}],"curies":[{"name":"wp","href":"https:\/\/api.w.org\/{rel}","templated":true}]}}