{"id":31774,"date":"2022-07-08T14:05:31","date_gmt":"2022-07-08T12:05:31","guid":{"rendered":"https:\/\/test.sp-ps.ch\/parti\/ps-60\/positions\/"},"modified":"2026-03-16T12:13:46","modified_gmt":"2026-03-16T11:13:46","slug":"positions","status":"publish","type":"page","link":"https:\/\/staging.sp-ps.ch\/fr\/parti\/ps-60\/positions\/","title":{"rendered":"Positions"},"content":{"rendered":"\t\t<div data-elementor-type=\"wp-page\" data-elementor-id=\"31774\" class=\"elementor elementor-31774 elementor-3292\" data-elementor-post-type=\"page\">\n\t\t\t\t\t\t<section class=\"elementor-section elementor-top-section elementor-element elementor-element-19d719d elementor-section-boxed elementor-section-height-default elementor-section-height-default\" data-id=\"19d719d\" data-element_type=\"section\" data-e-type=\"section\" data-settings=\"{&quot;jet_parallax_layout_list&quot;:[],&quot;background_background&quot;:&quot;classic&quot;}\">\n\t\t\t\t\t\t<div class=\"elementor-container elementor-column-gap-wide\">\n\t\t\t\t\t<div class=\"elementor-column elementor-col-100 elementor-top-column elementor-element elementor-element-029c9bd\" data-id=\"029c9bd\" data-element_type=\"column\" data-e-type=\"column\">\n\t\t\t<div class=\"elementor-widget-wrap elementor-element-populated\">\n\t\t\t\t\t\t<div class=\"elementor-element elementor-element-ee40f5a elementor-widget elementor-widget-heading\" data-id=\"ee40f5a\" data-element_type=\"widget\" data-e-type=\"widget\" data-widget_type=\"heading.default\">\n\t\t\t\t<div class=\"elementor-widget-container\">\n\t\t\t\t\t<h1 class=\"elementor-heading-title elementor-size-default\">Positions<\/h1>\t\t\t\t<\/div>\n\t\t\t\t<\/div>\n\t\t\t\t<div class=\"elementor-element elementor-element-e10a27b elementor-widget elementor-widget-jet-breadcrumbs\" data-id=\"e10a27b\" data-element_type=\"widget\" data-e-type=\"widget\" data-widget_type=\"jet-breadcrumbs.default\">\n\t\t\t\t<div class=\"elementor-widget-container\">\n\t\t\t\t\t<div class=\"elementor-jet-breadcrumbs jet-blocks\">\n\t\t<div class=\"jet-breadcrumbs\">\n\t\t<div class=\"jet-breadcrumbs__content\">\n\t\t<div class=\"jet-breadcrumbs__wrap\">\n\t\t<\/div>\n\t\t<\/div>\n\t\t<\/div><\/div>\t\t\t\t<\/div>\n\t\t\t\t<\/div>\n\t\t\t\t\t<\/div>\n\t\t<\/div>\n\t\t\t\t\t<\/div>\n\t\t<\/section>\n\t\t\t\t<section class=\"elementor-section elementor-top-section elementor-element elementor-element-c2d8d5e elementor-section-boxed elementor-section-height-default elementor-section-height-default\" data-id=\"c2d8d5e\" data-element_type=\"section\" data-e-type=\"section\" data-settings=\"{&quot;jet_parallax_layout_list&quot;:[]}\">\n\t\t\t\t\t\t<div class=\"elementor-container elementor-column-gap-wide\">\n\t\t\t\t\t<div class=\"elementor-column elementor-col-100 elementor-top-column elementor-element elementor-element-77eb173\" data-id=\"77eb173\" data-element_type=\"column\" data-e-type=\"column\">\n\t\t\t<div class=\"elementor-widget-wrap elementor-element-populated\">\n\t\t\t\t\t\t<div class=\"elementor-element elementor-element-20713c2 elementor-widget elementor-widget-spps_button_list\" data-id=\"20713c2\" data-element_type=\"widget\" data-e-type=\"widget\" data-widget_type=\"spps_button_list.default\">\n\t\t\t\t<div class=\"elementor-widget-container\">\n\t\t\t\t\t<div class=\"button-list-wrapper wrapper-spacing-default  \"><div class=\"button-list-title\"><h2>R\u00e9solutions<\/h2><\/div><div class=\"button-list-container\"><div class=\"button-list-items\"><div class=\"button-list-item\"><div class=\"button-wrapper \"><a href=\"https:\/\/staging.sp-ps.ch\/wp-content\/uploads\/2026\/03\/SP60_TXT_Resolution_Medienpolitik_Vorschlag_FR.pdf\"  target=\"_blank\" class=\"button-link button-link-download\" >Pour l'avenir de la politique m\u00e9diatique suisse :  rejetez l'initiative anti SSR le 8 mars 2026 <span class=\"button-media-date\">18.04.2026<\/span><\/a><\/div><\/div><div class=\"button-list-item\"><div class=\"button-wrapper \"><a href=\"https:\/\/staging.sp-ps.ch\/wp-content\/uploads\/2026\/03\/SP60_Resolution_Gesundheitssystem_def_fr.pdf\"  target=\"_blank\" class=\"button-link button-link-download\" >Le syst\u00e8me de sant\u00e9 est un service public !<span class=\"button-media-date\">18.04.2026<\/span><\/a><\/div><\/div><div class=\"button-list-item\"><div class=\"button-wrapper \"><a href=\"https:\/\/staging.sp-ps.ch\/wp-content\/uploads\/2026\/03\/SP60_Resolution_BVG-Teuerungsausgleich_DV_2025-01-24_fr_v01.pdf\"  target=\"_blank\" class=\"button-link button-link-download\" >Compensation du rench\u00e9rissement pour les rentes du 2e pilier !<span class=\"button-media-date\">18.04.2026<\/span><\/a><\/div><\/div><div class=\"button-list-item\"><div class=\"button-wrapper \"><a href=\"https:\/\/staging.sp-ps.ch\/wp-content\/uploads\/2026\/03\/SP60_Pfade_KuenstlicheIntelligenz_DV_2025-01-24_fr_v01.pdf\"  target=\"_blank\" class=\"button-link button-link-download\" >R\u00e9flexions et propositions sur l'intelligence artificielle<span class=\"button-media-date\">18.04.2026<\/span><\/a><\/div><\/div><div class=\"button-list-item\"><div class=\"button-wrapper \"><a href=\"https:\/\/staging.sp-ps.ch\/wp-content\/uploads\/2026\/03\/PS60_Resolution_Groupe_de_travail_sociale_lutter_contre_la_pauvrete_CM-Juin-2024_fr_vDEF.pdf\"  target=\"_blank\" class=\"button-link button-link-download\" >Des revenus d\u00e9cents pour \u00e9viter la pauvret\u00e9 !<span class=\"button-media-date\">18.04.2026<\/span><\/a><\/div><\/div><div class=\"button-list-item button-list-item-hidden\"><div class=\"button-wrapper \"><a href=\"https:\/\/staging.sp-ps.ch\/wp-content\/uploads\/2026\/03\/PS60_ProjetResolution_AutomatismePrestations_CM2024_fr_vDEF-002.pdf\"  target=\"_blank\" class=\"button-link button-link-download\" >Acc\u00e8s automatique aux prestations sociales<span class=\"button-media-date\">18.04.2026<\/span><\/a><\/div><\/div><div class=\"button-list-item button-list-item-hidden\"><div class=\"button-wrapper \"><a href=\"https:\/\/staging.sp-ps.ch\/wp-content\/uploads\/2026\/03\/PS60_Resolution_LPP21_CM2024_fr_vDEF.pdf\"  target=\"_blank\" class=\"button-link button-link-download\" >Pour des rentes d\u00e9centes : NON \u00e0 LPP21<span class=\"button-media-date\">18.04.2026<\/span><\/a><\/div><\/div><div class=\"button-list-item button-list-item-hidden\"><div class=\"button-wrapper \"><a href=\"https:\/\/staging.sp-ps.ch\/wp-content\/uploads\/2026\/03\/PS60_Resolution_Barblan_Reto_Vieillir-en-Suisse-resolution-fr_vDEF-002.pdf\"  target=\"_blank\" class=\"button-link button-link-download\" >Vieillir, l'autre mis\u00e8re des immigr\u00e9-es<span class=\"button-media-date\">18.04.2026<\/span><\/a><\/div><\/div><div class=\"button-list-item button-list-item-hidden\"><div class=\"button-wrapper \"><a href=\"https:\/\/staging.sp-ps.ch\/wp-content\/uploads\/2023\/05\/Resolution-AD2023_fr_ali-def.pdf\"  target=\"_blank\" class=\"button-link button-link-download\" >Un tournant social s'impose d'urgence dans la Berne f\u00e9d\u00e9rale<span class=\"button-media-date\">18.04.2026<\/span><\/a><\/div><\/div><div class=\"button-list-item button-list-item-hidden\"><div class=\"button-wrapper \"><a href=\"https:\/\/staging.sp-ps.ch\/wp-content\/uploads\/2022\/08\/resolutionmk2022_fr-ali-def_1-1.pdf\"  target=\"_blank\" class=\"button-link button-link-download\" >Augmenter les rentes AVS au lieu d\u2019offrir des cadeaux fiscaux aux riches !<span class=\"button-media-date\">18.04.2026<\/span><\/a><\/div><\/div><div class=\"button-list-item button-list-item-hidden\"><div class=\"button-wrapper \"><a href=\"https:\/\/staging.sp-ps.ch\/wp-content\/uploads\/2022\/07\/3-resolution-hk-2021-def_fr_ali_0.pdf\"  target=\"_blank\" class=\"button-link button-link-download\" >Pour des soins de sant\u00e9 sociaux, globaux, autod\u00e9termin\u00e9s et adapt\u00e9s \u00e0 l'\u00e2ge<span class=\"button-media-date\">18.04.2026<\/span><\/a><\/div><\/div><div class=\"button-list-item button-list-item-hidden\"><div class=\"button-wrapper \"><a href=\"https:\/\/staging.sp-ps.ch\/wp-content\/uploads\/2022\/07\/b3-resolution_f-2-versand-def_0_1.pdf\"  target=\"_blank\" class=\"button-link button-link-download\" >Les rentes de l\u2019AVS doivent augmenter !<span class=\"button-media-date\">18.04.2026<\/span><\/a><\/div><\/div><div class=\"button-list-item button-list-item-hidden\"><div class=\"button-wrapper \"><a href=\"https:\/\/staging.sp-ps.ch\/wp-content\/uploads\/2022\/07\/resolution-ps60covid_fr_1.pdf\"  target=\"_blank\" class=\"button-link button-link-download\" >La participation des personnes retrait\u00e9es \u00e0 la vie en soci\u00e9t\u00e9 \u2013 aussi pendant la crise du coronavirus<span class=\"button-media-date\">18.04.2026<\/span><\/a><\/div><\/div><div class=\"button-list-item button-list-item-hidden\"><div class=\"button-wrapper \"><a href=\"https:\/\/staging.sp-ps.ch\/wp-content\/uploads\/2022\/07\/resolution_zu_medienvielfalt_fr_2.pdf\"  target=\"_blank\" class=\"button-link button-link-download\" >R\u00e9solution sur la diversit\u00e9 des m\u00e9dias <span class=\"button-media-date\">18.04.2026<\/span><\/a><\/div><\/div><div class=\"button-list-item button-list-item-hidden\"><div class=\"button-wrapper \"><a href=\"https:\/\/staging.sp-ps.ch\/wp-content\/uploads\/2022\/07\/resolution_-_aide_sociale_-_oct18_-_f1.pdf\"  target=\"_self\" class=\"button-link button-link-download\" >Stop au d\u00e9mant\u00e8lement de l\u2019aide social !<span class=\"button-media-date\">18.04.2026<\/span><\/a><\/div><\/div><div class=\"button-list-item button-list-item-hidden\"><div class=\"button-wrapper \"><a href=\"https:\/\/staging.sp-ps.ch\/wp-content\/uploads\/2022\/07\/resolution_wohnen_f_2.pdf\"  target=\"_blank\" class=\"button-link button-link-download\" >Des logements abordables pour tous \u2013 m\u00eame \u00e0 l\u2019\u00e2ge de la retraite !<span class=\"button-media-date\">18.04.2026<\/span><\/a><\/div><\/div><div class=\"button-list-item button-list-item-hidden\"><div class=\"button-wrapper \"><a href=\"https:\/\/staging.sp-ps.ch\/wp-content\/uploads\/2022\/07\/resolution_ag_wohnen_fr_2.pdf\"  target=\"_blank\" class=\"button-link button-link-download\" >R\u00e9solution du GT \u00ab Logements \u00bb <span class=\"button-media-date\">18.04.2026<\/span><\/a><\/div><\/div><div class=\"button-list-item button-list-item-hidden\"><div class=\"button-wrapper \"><a href=\"https:\/\/staging.sp-ps.ch\/wp-content\/uploads\/2026\/03\/SP60_Resolution_EL-Reform_zurueck_an_den_Absender_fr.pdf\"  target=\"_blank\" class=\"button-link button-link-download\" >R\u00e9forme PC \u2013 retour \u00e0 l\u2019exp\u00e9diteur !<span class=\"button-media-date\">18.04.2026<\/span><\/a><\/div><\/div><div class=\"button-list-item button-list-item-hidden\"><div class=\"button-wrapper \"><a href=\"https:\/\/staging.sp-ps.ch\/wp-content\/uploads\/2022\/07\/resolution_unternehmenssteuerreform_iii_f_2.pdf\"  target=\"_blank\" class=\"button-link button-link-download\" >R\u00e9forme de l\u2019imposition des entreprises III<span class=\"button-media-date\">18.04.2026<\/span><\/a><\/div><\/div><div class=\"button-list-item button-list-item-hidden\"><div class=\"button-wrapper \"><a href=\"https:\/\/staging.sp-ps.ch\/wp-content\/uploads\/2022\/07\/resolution_ps60plus_fr_0_1.pdf\"  target=\"_blank\" class=\"button-link button-link-download\" >Une politique de sant\u00e9 pour l\u2019\u00eatre humain!<span class=\"button-media-date\">18.04.2026<\/span><\/a><\/div><\/div><div class=\"button-list-item button-list-item-hidden\"><div class=\"button-wrapper \"><a href=\"https:\/\/staging.sp-ps.ch\/wp-content\/uploads\/2022\/07\/starke_ahv_f_0_1.pdf\"  target=\"_blank\" class=\"button-link button-link-download\" >R\u00e9solution \u00ab AVS+ \u00bb<span class=\"button-media-date\">18.04.2026<\/span><\/a><\/div><\/div><div class=\"button-list-item button-list-item-hidden\"><div class=\"button-wrapper \"><a href=\"https:\/\/staging.sp-ps.ch\/wp-content\/uploads\/2022\/07\/ps60_sur_la_prevoyance_vieillesse_2020_0_0.pdf\"  target=\"_blank\" class=\"button-link button-link-download\" >La Pr\u00e9voyance vieillesse 2020 : pas de cette fa\u00e7on!<span class=\"button-media-date\">18.04.2026<\/span><\/a><\/div><\/div><div class=\"button-list-item button-list-item-hidden\"><div class=\"button-wrapper \"><a href=\"https:\/\/staging.sp-ps.ch\/wp-content\/uploads\/2022\/07\/resolution_sept15_0_1.pdf\"  target=\"_blank\" class=\"button-link button-link-download\" >Droit au travail \u00e9galement \u00e0 partir de 50 ans<span class=\"button-media-date\">18.04.2026<\/span><\/a><\/div><\/div><div class=\"button-list-item button-list-item-hidden\"><div class=\"button-wrapper \"><a href=\"https:\/\/staging.sp-ps.ch\/wp-content\/uploads\/2022\/07\/resolution_du_ps60_def_franz_1.pdf\"  target=\"_blank\" class=\"button-link button-link-download\" >Contre la r\u00e9introduction du statut de saisonnier<span class=\"button-media-date\">18.04.2026<\/span><\/a><\/div><\/div><div class=\"button-list-item button-list-item-hidden\"><div class=\"button-wrapper \"><a href=\"https:\/\/staging.sp-ps.ch\/wp-content\/uploads\/2022\/07\/el-pflege_reso-fra_0_1.pdf\"  target=\"_blank\" class=\"button-link button-link-download\" >Pr\u00e9server les prestations compl\u00e9mentaires  pour emp\u00eacher la paup\u00e9risation des personnes \u00e2g\u00e9es<span class=\"button-media-date\">18.04.2026<\/span><\/a><\/div><\/div><div class=\"button-list-item button-list-item-hidden\"><div class=\"button-wrapper \"><a href=\"https:\/\/staging.sp-ps.ch\/wp-content\/uploads\/2022\/07\/resolution_ohne_menschenrechte_stirbt_die_demokratie_nov_2014_f_0_1.pdf\"  target=\"_blank\" class=\"button-link button-link-download\" >Sans droits humains, la d\u00e9mocratie suisse se meurt<span class=\"button-media-date\">18.04.2026<\/span><\/a><\/div><\/div><div class=\"button-list-item button-list-item-hidden\"><div class=\"button-wrapper \"><a href=\"https:\/\/staging.sp-ps.ch\/wp-content\/uploads\/2022\/07\/resolution_pas_de_mesures_dausterite_sur_le_dos_des_personnes_agees_1.pdf\"  target=\"_blank\" class=\"button-link button-link-download\" >Pas de mesures d\u2019aust\u00e9rit\u00e9 sur le dos des personnes \u00e2g\u00e9es <span class=\"button-media-date\">18.04.2026<\/span><\/a><\/div><\/div><\/div><div class=\"button-list-more\"><div class=\"button-wrapper button-wrapper-right\"><a href=\"#\" class=\"button-link button-link-open button-link-toggle-on\" data-button-list-toggle>Autres documents<\/a><a href=\"#\" class=\"button-link button-link-close button-link-toggle-off\" data-button-list-toggle>Fermer<\/a><\/div><\/div><\/div><\/div>\t\t\t\t<\/div>\n\t\t\t\t<\/div>\n\t\t\t\t<div class=\"elementor-element elementor-element-e10245f elementor-widget elementor-widget-spps_button_list\" data-id=\"e10245f\" data-element_type=\"widget\" data-e-type=\"widget\" data-widget_type=\"spps_button_list.default\">\n\t\t\t\t<div class=\"elementor-widget-container\">\n\t\t\t\t\t<div class=\"button-list-wrapper wrapper-spacing-default  \"><div class=\"button-list-title\"><h2>Prise de position et consultations<\/h2><\/div><div class=\"button-list-container\"><div class=\"button-list-items\"><div class=\"button-list-item\"><div class=\"button-wrapper \"><a href=\"https:\/\/staging.sp-ps.ch\/wp-content\/uploads\/2023\/03\/fr-PS60plus-Positionspapier_Betreuung-def.pdf\"  target=\"_self\" class=\"button-link button-link-download\" >\u00ab Nous prenons parti pour des soins et du soutien de qualit\u00e9 pour les personnes \u00e2g\u00e9es. \u00bb Papier de position du PS60+ pour une politique globale de la vieillesse. ( 1er Mars 2023 )<span class=\"button-media-date\">18.04.2026<\/span><\/a><\/div><\/div><div class=\"button-list-item\"><div class=\"button-wrapper \"><a href=\"https:\/\/staging.sp-ps.ch\/wp-content\/uploads\/2022\/09\/Bericht-AGWohnen-Bentw.C.-11.07.2022-DV-20220831-jpp.mg_fr_ali.pdf\"  target=\"_self\" class=\"button-link button-link-download\" >\u00ab Habiter au temps de l\u2019\u00e2ge avanc\u00e9 \u00bb Rapport du groupe de travail logement, en fran\u00e7ais, uniquement le chapitre C ( 11.07.2022 )<span class=\"button-media-date\">18.04.2026<\/span><\/a><\/div><\/div><div class=\"button-list-item\"><div class=\"button-wrapper \"><a href=\"https:\/\/staging.sp-ps.ch\/wp-content\/uploads\/2022\/09\/Bericht-AGWohnen-11.07.2022-DV-20220831-jpp-mg.pdf\"  target=\"_self\" class=\"button-link button-link-download\" >\u00ab Habiter au temps de l\u2019\u00e2ge avanc\u00e9 \u00bb Rapport complet en allemand ( 11.07.2022 ) <span class=\"button-media-date\">18.04.2026<\/span><\/a><\/div><\/div><div class=\"button-list-item\"><div class=\"button-wrapper \"><a href=\"https:\/\/staging.sp-ps.ch\/wp-content\/uploads\/2022\/05\/sp60_vernehmlassung_bvg-revision_0.pdf\"  target=\"_self\" class=\"button-link button-link-download\" >Vernehmlassung zur Revision der beruflichen Vorsorge (BVG-Reform) &#091; en allemend &#093; (2020)<span class=\"button-media-date\">18.04.2026<\/span><\/a><\/div><\/div><div class=\"button-list-item\"><div class=\"button-wrapper \"><a href=\"https:\/\/staging.sp-ps.ch\/wp-content\/uploads\/2022\/05\/sp60_vernehmlassung_aenderung_verordnung-elv_0.pdf\"  target=\"_self\" class=\"button-link button-link-download\" >Vernehmlassung \u00c4nderung Verordnung \u00fcber Erg\u00e4nzungsleistungen - Ausf\u00fchrungsbestimmungen zur EL-Reform &#091; en allemend &#093; (2019)<span class=\"button-media-date\">18.04.2026<\/span><\/a><\/div><\/div><div class=\"button-list-item button-list-item-hidden\"><div class=\"button-wrapper \"><a href=\"https:\/\/staging.sp-ps.ch\/wp-content\/uploads\/2022\/07\/construction_de_logements_dutilite_publique_1.pdf\"  target=\"_self\" class=\"button-link button-link-download\" >Papier de position 'Construction de logements d\u2019utilit\u00e9 publique' ( 2018 ) <span class=\"button-media-date\">18.04.2026<\/span><\/a><\/div><\/div><div class=\"button-list-item button-list-item-hidden\"><div class=\"button-wrapper \"><a href=\"https:\/\/staging.sp-ps.ch\/wp-content\/uploads\/2022\/07\/resolution_reforme_pc_-_retour_a_lexpediteur__1.pdf\"  target=\"_self\" class=\"button-link button-link-download\" >Papier de position 'Migration'<span class=\"button-media-date\">18.04.2026<\/span><\/a><\/div><\/div><div class=\"button-list-item button-list-item-hidden\"><div class=\"button-wrapper \"><a href=\"https:\/\/staging.sp-ps.ch\/wp-content\/uploads\/2022\/07\/pf17_-_exigences_fondamentales_du_ps60_1.pdf\"  target=\"_self\" class=\"button-link button-link-download\" >Project fiscal 17 ( PF17 ) - Exigences fondamentales du PS60+ ( 2017 )<span class=\"button-media-date\">18.04.2026<\/span><\/a><\/div><\/div><div class=\"button-list-item button-list-item-hidden\"><div class=\"button-wrapper \"><a href=\"https:\/\/staging.sp-ps.ch\/wp-content\/uploads\/2022\/05\/nachbesserung_pflegefinanz._dez_2015_1_0.pdf\"  target=\"_self\" class=\"button-link button-link-download\" >Vernehmlassung zur Nachbesserung der Pflegefinanzierung &#091;en allemand&#093; (2015)<span class=\"button-media-date\">18.04.2026<\/span><\/a><\/div><\/div><div class=\"button-list-item button-list-item-hidden\"><div class=\"button-wrapper \"><a href=\"https:\/\/staging.sp-ps.ch\/wp-content\/uploads\/2022\/05\/vernehmlassung_rentenreform_2020_0_0.pdf\"  target=\"_self\" class=\"button-link button-link-download\" >Vernehmlassung der SP60+ zur Rentenreform &#091; en allemend &#093; (2014) <span class=\"button-media-date\">18.04.2026<\/span><\/a><\/div><\/div><\/div><div class=\"button-list-more\"><div class=\"button-wrapper button-wrapper-right\"><a href=\"#\" class=\"button-link button-link-open button-link-toggle-on\" data-button-list-toggle>Autres documents<\/a><a href=\"#\" class=\"button-link button-link-close button-link-toggle-off\" data-button-list-toggle>Fermer<\/a><\/div><\/div><\/div><\/div>\t\t\t\t<\/div>\n\t\t\t\t<\/div>\n\t\t\t\t\t<\/div>\n\t\t<\/div>\n\t\t\t\t\t<\/div>\n\t\t<\/section>\n\t\t\t\t<\/div>\n\t\t","protected":false},"excerpt":{"rendered":"<p>Positions R\u00e9solutions Pour l&#8217;avenir de la politique m\u00e9diatique suisse : rejetez l&#8217;initiative anti SSR le 8 mars 2026 16.03.2026Le syst\u00e8me de sant\u00e9 est un service public !16.03.2026Compensation du rench\u00e9rissement pour [&hellip;]<\/p>\n","protected":false},"author":1,"featured_media":0,"parent":30479,"menu_order":0,"comment_status":"closed","ping_status":"closed","template":"","meta":{"footnotes":""},"class_list":["post-31774","page","type-page","status-publish","hentry"],"_links":{"self":[{"href":"https:\/\/staging.sp-ps.ch\/fr\/wp-json\/wp\/v2\/pages\/31774","targetHints":{"allow":["GET"]}}],"collection":[{"href":"https:\/\/staging.sp-ps.ch\/fr\/wp-json\/wp\/v2\/pages"}],"about":[{"href":"https:\/\/staging.sp-ps.ch\/fr\/wp-json\/wp\/v2\/types\/page"}],"author":[{"embeddable":true,"href":"https:\/\/staging.sp-ps.ch\/fr\/wp-json\/wp\/v2\/users\/1"}],"replies":[{"embeddable":true,"href":"https:\/\/staging.sp-ps.ch\/fr\/wp-json\/wp\/v2\/comments?post=31774"}],"version-history":[{"count":149,"href":"https:\/\/staging.sp-ps.ch\/fr\/wp-json\/wp\/v2\/pages\/31774\/revisions"}],"predecessor-version":[{"id":180297,"href":"https:\/\/staging.sp-ps.ch\/fr\/wp-json\/wp\/v2\/pages\/31774\/revisions\/180297"}],"up":[{"embeddable":true,"href":"https:\/\/staging.sp-ps.ch\/fr\/wp-json\/wp\/v2\/pages\/30479"}],"wp:attachment":[{"href":"https:\/\/staging.sp-ps.ch\/fr\/wp-json\/wp\/v2\/media?parent=31774"}],"curies":[{"name":"wp","href":"https:\/\/api.w.org\/{rel}","templated":true}]}}