{"id":31892,"date":"2022-07-08T14:39:55","date_gmt":"2022-07-08T12:39:55","guid":{"rendered":"https:\/\/test.sp-ps.ch\/parti\/ps-60\/adherer\/"},"modified":"2022-08-08T15:40:03","modified_gmt":"2022-08-08T13:40:03","slug":"adherer","status":"publish","type":"page","link":"https:\/\/staging.sp-ps.ch\/fr\/parti\/ps-60\/adherer\/","title":{"rendered":"Adh\u00e9rer"},"content":{"rendered":"\t\t<div data-elementor-type=\"wp-page\" data-elementor-id=\"31892\" class=\"elementor elementor-31892 elementor-3328\" data-elementor-post-type=\"page\">\n\t\t\t\t\t\t<section class=\"elementor-section elementor-top-section elementor-element elementor-element-e8a2b13 elementor-section-boxed elementor-section-height-default elementor-section-height-default\" data-id=\"e8a2b13\" data-element_type=\"section\" data-e-type=\"section\" data-settings=\"{&quot;jet_parallax_layout_list&quot;:[],&quot;background_background&quot;:&quot;classic&quot;}\">\n\t\t\t\t\t\t<div class=\"elementor-container elementor-column-gap-wide\">\n\t\t\t\t\t<div class=\"elementor-column elementor-col-100 elementor-top-column elementor-element elementor-element-379531e\" data-id=\"379531e\" data-element_type=\"column\" data-e-type=\"column\">\n\t\t\t<div class=\"elementor-widget-wrap elementor-element-populated\">\n\t\t\t\t\t\t<div class=\"elementor-element elementor-element-b2cc0b0 elementor-widget elementor-widget-heading\" data-id=\"b2cc0b0\" data-element_type=\"widget\" data-e-type=\"widget\" data-widget_type=\"heading.default\">\n\t\t\t\t<div class=\"elementor-widget-container\">\n\t\t\t\t\t<h1 class=\"elementor-heading-title elementor-size-default\">Adh\u00e9rer<\/h1>\t\t\t\t<\/div>\n\t\t\t\t<\/div>\n\t\t\t\t<div class=\"elementor-element elementor-element-1f32af3 elementor-widget elementor-widget-jet-breadcrumbs\" data-id=\"1f32af3\" data-element_type=\"widget\" data-e-type=\"widget\" data-widget_type=\"jet-breadcrumbs.default\">\n\t\t\t\t<div class=\"elementor-widget-container\">\n\t\t\t\t\t<div class=\"elementor-jet-breadcrumbs jet-blocks\">\n\t\t<div class=\"jet-breadcrumbs\">\n\t\t<div class=\"jet-breadcrumbs__content\">\n\t\t<div class=\"jet-breadcrumbs__wrap\">\n\t\t<\/div>\n\t\t<\/div>\n\t\t<\/div><\/div>\t\t\t\t<\/div>\n\t\t\t\t<\/div>\n\t\t\t\t<div class=\"elementor-element elementor-element-e6fb8c6 elementor-widget__width-initial elementor-widget elementor-widget-text-editor\" data-id=\"e6fb8c6\" data-element_type=\"widget\" data-e-type=\"widget\" data-widget_type=\"text-editor.default\">\n\t\t\t\t<div class=\"elementor-widget-container\">\n\t\t\t\t\t\t\t\t\tTous les membres du PS Suisse \u00e2g\u00e9s de plus de 60 ans peuvent adh\u00e9rer au PS60+.\t\t\t\t\t\t\t\t<\/div>\n\t\t\t\t<\/div>\n\t\t\t\t\t<\/div>\n\t\t<\/div>\n\t\t\t\t\t<\/div>\n\t\t<\/section>\n\t\t\t\t<section class=\"elementor-section elementor-top-section elementor-element elementor-element-e9b1d0b elementor-section-boxed elementor-section-height-default elementor-section-height-default\" data-id=\"e9b1d0b\" data-element_type=\"section\" data-e-type=\"section\" data-settings=\"{&quot;jet_parallax_layout_list&quot;:[]}\">\n\t\t\t\t\t\t<div class=\"elementor-container elementor-column-gap-wide\">\n\t\t\t\t\t<div class=\"elementor-column elementor-col-100 elementor-top-column elementor-element elementor-element-ad348b5\" data-id=\"ad348b5\" data-element_type=\"column\" data-e-type=\"column\">\n\t\t\t<div class=\"elementor-widget-wrap elementor-element-populated\">\n\t\t\t\t\t\t<div class=\"elementor-element elementor-element-4ac1913 elementor-widget elementor-widget-spps_title_text\" data-id=\"4ac1913\" data-element_type=\"widget\" data-e-type=\"widget\" data-widget_type=\"spps_title_text.default\">\n\t\t\t\t<div class=\"elementor-widget-container\">\n\t\t\t\t\t<div class=\"title-text-wrapper wrapper-spacing-default\"><div class=\"title-text-title\"><h2> Formulaire d'adh\u00e9sion PS60+<\/h2><\/div><div class=\"title-text-container\"><\/div><\/div>\t\t\t\t<\/div>\n\t\t\t\t<\/div>\n\t\t\t\t<div class=\"elementor-element elementor-element-585aea7 elementor-widget elementor-widget-wpforms\" data-id=\"585aea7\" data-element_type=\"widget\" data-e-type=\"widget\" data-widget_type=\"wpforms.default\">\n\t\t\t\t<div class=\"elementor-widget-container\">\n\t\t\t\t\t<div class=\"wpforms-container wpforms-container-full\" id=\"wpforms-42297\"><form id=\"wpforms-form-42297\" class=\"wpforms-validate wpforms-form wpforms-ajax-form\" data-formid=\"42297\" method=\"post\" enctype=\"multipart\/form-data\" action=\"\/fr\/wp-json\/wp\/v2\/pages\/31892\" data-token=\"45dd84a0883242e3410210069499198f\" data-token-time=\"1776679846\"><noscript class=\"wpforms-error-noscript\">Veuillez activer JavaScript dans votre navigateur pour remplir ce formulaire.<\/noscript><div class=\"wpforms-field-container\"><div id=\"wpforms-42297-field_1-container\" class=\"wpforms-field wpforms-field-checkbox\" data-field-id=\"1\"><label class=\"wpforms-field-label\">Adh\u00e9rer au PS 60+ <span class=\"wpforms-required-label\">*<\/span><\/label><ul id=\"wpforms-42297-field_1\" class=\"wpforms-field-required\" data-choice-limit=\"1\"><li class=\"choice-1 depth-1 wpforms-selected\"><input type=\"checkbox\" id=\"wpforms-42297-field_1_1\" data-rule-check-limit=\"true\" name=\"wpforms[fields][1][]\" value=\"Je rejoins le PS 60+ (gratuitement) en \u00e9tant d\u00e9j\u00e0 membre du PS \" required  checked='checked'><label class=\"wpforms-field-label-inline\" for=\"wpforms-42297-field_1_1\">Je rejoins le PS 60+ (gratuitement) en \u00e9tant d\u00e9j\u00e0 membre du PS<\/label><\/li><li class=\"choice-2 depth-1\"><input type=\"checkbox\" id=\"wpforms-42297-field_1_2\" data-rule-check-limit=\"true\" name=\"wpforms[fields][1][]\" value=\"Je rejoins le PS 60+ et le PS (l\u2019adh\u00e9sion au Parti n\u00e9cessite une cotisation)\" required ><label class=\"wpforms-field-label-inline\" for=\"wpforms-42297-field_1_2\">Je rejoins le PS 60+ et le PS (l\u2019adh\u00e9sion au Parti n\u00e9cessite une cotisation)<\/label><\/li><\/ul><\/div><div id=\"wpforms-42297-field_21-container\" class=\"wpforms-field wpforms-field-name\" data-field-id=\"21\"><label class=\"wpforms-field-label\" for=\"wpforms-42297-field_21\">Section du PS <\/label><input type=\"text\" id=\"wpforms-42297-field_21\" class=\"wpforms-field-large\" name=\"wpforms[fields][21]\" ><\/div><div id=\"wpforms-42297-field_2-container\" class=\"wpforms-field wpforms-field-name wpforms-one-half wpforms-first\" data-field-id=\"2\"><label class=\"wpforms-field-label\" for=\"wpforms-42297-field_2\">Pr\u00e9nom <span class=\"wpforms-required-label\">*<\/span><\/label><input type=\"text\" id=\"wpforms-42297-field_2\" class=\"wpforms-field-large wpforms-field-required\" name=\"wpforms[fields][2]\" required><\/div><div id=\"wpforms-42297-field_3-container\" class=\"wpforms-field wpforms-field-name wpforms-one-half\" data-field-id=\"3\"><label class=\"wpforms-field-label\" for=\"wpforms-42297-field_3\">Nom  <span class=\"wpforms-required-label\">*<\/span><\/label><input type=\"text\" id=\"wpforms-42297-field_3\" class=\"wpforms-field-large wpforms-field-required\" name=\"wpforms[fields][3]\" required><\/div><div id=\"wpforms-42297-field_23-container\" class=\"wpforms-field wpforms-field-text\" data-field-id=\"23\"><label class=\"wpforms-field-label\" for=\"wpforms-42297-field_23\">Rue, num\u00e9ro <span class=\"wpforms-required-label\">*<\/span><\/label><input type=\"text\" id=\"wpforms-42297-field_23\" class=\"wpforms-field-large wpforms-field-required\" name=\"wpforms[fields][23]\" required><\/div><div id=\"wpforms-42297-field_24-container\" class=\"wpforms-field wpforms-field-text wpforms-one-third wpforms-first\" data-field-id=\"24\"><label class=\"wpforms-field-label\" for=\"wpforms-42297-field_24\">CP <span class=\"wpforms-required-label\">*<\/span><\/label><input type=\"text\" id=\"wpforms-42297-field_24\" class=\"wpforms-field-large wpforms-field-required\" name=\"wpforms[fields][24]\" required><\/div><div id=\"wpforms-42297-field_25-container\" class=\"wpforms-field wpforms-field-text wpforms-two-thirds\" data-field-id=\"25\"><label class=\"wpforms-field-label\" for=\"wpforms-42297-field_25\">Lieu <span class=\"wpforms-required-label\">*<\/span><\/label><input type=\"text\" id=\"wpforms-42297-field_25\" class=\"wpforms-field-large wpforms-field-required\" name=\"wpforms[fields][25]\" required><\/div><div id=\"wpforms-42297-field_5-container\" class=\"wpforms-field wpforms-field-email\" data-field-id=\"5\"><label class=\"wpforms-field-label\" for=\"wpforms-42297-field_5\">Courriel <span class=\"wpforms-required-label\">*<\/span><\/label><input type=\"email\" id=\"wpforms-42297-field_5\" class=\"wpforms-field-large wpforms-field-required\" name=\"wpforms[fields][5]\" spellcheck=\"false\" required><\/div><div id=\"wpforms-42297-field_9-container\" class=\"wpforms-field wpforms-field-phone\" data-field-id=\"9\"><label class=\"wpforms-field-label\" for=\"wpforms-42297-field_9\">T\u00e9l\u00e9phone<\/label><input type=\"tel\" id=\"wpforms-42297-field_9\" class=\"wpforms-field-large wpforms-smart-phone-field\" data-rule-smart-phone-field=\"true\" name=\"wpforms[fields][9]\" aria-label=\"T\u00e9l\u00e9phone\" ><\/div><div id=\"wpforms-42297-field_22-container\" class=\"wpforms-field wpforms-field-phone\" data-field-id=\"22\"><label class=\"wpforms-field-label\" for=\"wpforms-42297-field_22\">Portable<\/label><input type=\"tel\" id=\"wpforms-42297-field_22\" class=\"wpforms-field-large wpforms-smart-phone-field\" data-rule-smart-phone-field=\"true\" name=\"wpforms[fields][22]\" aria-label=\"Portable\" ><\/div><div id=\"wpforms-42297-field_20-container\" class=\"wpforms-field wpforms-field-text wpforms-full\" data-field-id=\"20\"><label class=\"wpforms-field-label\" for=\"wpforms-42297-field_20\">Date de naissance <span class=\"wpforms-required-label\">*<\/span><\/label><input type=\"text\" id=\"wpforms-42297-field_20\" class=\"wpforms-field-large wpforms-field-required\" name=\"wpforms[fields][20]\" required><\/div><div id=\"wpforms-42297-field_16-container\" class=\"wpforms-field wpforms-field-textarea wpforms-full\" data-field-id=\"16\"><label class=\"wpforms-field-label\" for=\"wpforms-42297-field_16\">Remarques <\/label><textarea id=\"wpforms-42297-field_16\" class=\"wpforms-field-large\" name=\"wpforms[fields][16]\" ><\/textarea><\/div><\/div><!-- .wpforms-field-container --><div class=\"wpforms-recaptcha-container wpforms-is-turnstile\" ><div class=\"wpforms-turnstile\" data-sitekey=\"0x4AAAAAAASYRmUHE6WiRhxp\" data-action=\"FormID-42297\"><\/div><input type=\"text\" name=\"g-recaptcha-hidden\" class=\"wpforms-recaptcha-hidden\" style=\"position:absolute!important;clip:rect(0,0,0,0)!important;height:1px!important;width:1px!important;border:0!important;overflow:hidden!important;padding:0!important;margin:0!important;\" data-rule-turnstile=\"1\"><\/div><div class=\"wpforms-submit-container\" ><input type=\"hidden\" name=\"wpforms[id]\" value=\"42297\"><input type=\"hidden\" name=\"page_title\" value=\"\"><input type=\"hidden\" name=\"page_url\" value=\"https:\/\/staging.sp-ps.ch\/fr\/wp-json\/wp\/v2\/pages\/31892\"><input type=\"hidden\" name=\"url_referer\" value=\"\"><button type=\"submit\" name=\"wpforms[submit]\" id=\"wpforms-submit-42297\" class=\"wpforms-submit\" data-alt-text=\"Soumettre...\" data-submit-text=\"Soumettre\" aria-live=\"assertive\" value=\"wpforms-submit\">Soumettre<\/button><img decoding=\"async\" src=\"https:\/\/staging.sp-ps.ch\/wp-content\/plugins\/wpforms\/assets\/images\/submit-spin.svg\" class=\"wpforms-submit-spinner\" style=\"display: none;\" width=\"26\" height=\"26\" alt=\"Chargement en cours\"><\/div><\/form><\/div>  <!-- .wpforms-container -->\t\t\t\t<\/div>\n\t\t\t\t<\/div>\n\t\t\t\t\t<\/div>\n\t\t<\/div>\n\t\t\t\t\t<\/div>\n\t\t<\/section>\n\t\t\t\t<\/div>\n\t\t","protected":false},"excerpt":{"rendered":"<p>Adh\u00e9rer Tous les membres du PS Suisse \u00e2g\u00e9s de plus de 60 ans peuvent adh\u00e9rer au PS60+. Formulaire d&#8217;adh\u00e9sion PS60+<\/p>\n","protected":false},"author":1,"featured_media":0,"parent":30479,"menu_order":5,"comment_status":"closed","ping_status":"closed","template":"","meta":{"footnotes":""},"class_list":["post-31892","page","type-page","status-publish","hentry"],"_links":{"self":[{"href":"https:\/\/staging.sp-ps.ch\/fr\/wp-json\/wp\/v2\/pages\/31892","targetHints":{"allow":["GET"]}}],"collection":[{"href":"https:\/\/staging.sp-ps.ch\/fr\/wp-json\/wp\/v2\/pages"}],"about":[{"href":"https:\/\/staging.sp-ps.ch\/fr\/wp-json\/wp\/v2\/types\/page"}],"author":[{"embeddable":true,"href":"https:\/\/staging.sp-ps.ch\/fr\/wp-json\/wp\/v2\/users\/1"}],"replies":[{"embeddable":true,"href":"https:\/\/staging.sp-ps.ch\/fr\/wp-json\/wp\/v2\/comments?post=31892"}],"version-history":[{"count":2,"href":"https:\/\/staging.sp-ps.ch\/fr\/wp-json\/wp\/v2\/pages\/31892\/revisions"}],"predecessor-version":[{"id":42514,"href":"https:\/\/staging.sp-ps.ch\/fr\/wp-json\/wp\/v2\/pages\/31892\/revisions\/42514"}],"up":[{"embeddable":true,"href":"https:\/\/staging.sp-ps.ch\/fr\/wp-json\/wp\/v2\/pages\/30479"}],"wp:attachment":[{"href":"https:\/\/staging.sp-ps.ch\/fr\/wp-json\/wp\/v2\/media?parent=31892"}],"curies":[{"name":"wp","href":"https:\/\/api.w.org\/{rel}","templated":true}]}}