{"id":31897,"date":"2022-07-08T14:51:41","date_gmt":"2022-07-08T12:51:41","guid":{"rendered":"https:\/\/test.sp-ps.ch\/parti\/ps-60\/contact\/"},"modified":"2026-03-12T17:25:49","modified_gmt":"2026-03-12T16:25:49","slug":"contact","status":"publish","type":"page","link":"https:\/\/staging.sp-ps.ch\/fr\/parti\/ps-60\/contact\/","title":{"rendered":"Contact"},"content":{"rendered":"\t\t<div data-elementor-type=\"wp-page\" data-elementor-id=\"31897\" class=\"elementor elementor-31897 elementor-3315\" data-elementor-post-type=\"page\">\n\t\t\t\t\t\t<section class=\"elementor-section elementor-top-section elementor-element elementor-element-4045c050 elementor-section-boxed elementor-section-height-default elementor-section-height-default\" data-id=\"4045c050\" data-element_type=\"section\" data-e-type=\"section\" data-settings=\"{&quot;jet_parallax_layout_list&quot;:[]}\">\n\t\t\t\t\t\t<div class=\"elementor-container elementor-column-gap-default\">\n\t\t\t\t\t<div class=\"elementor-column elementor-col-100 elementor-top-column elementor-element elementor-element-5ca279f4\" data-id=\"5ca279f4\" data-element_type=\"column\" data-e-type=\"column\">\n\t\t\t<div class=\"elementor-widget-wrap elementor-element-populated\">\n\t\t\t\t\t\t<div class=\"elementor-element elementor-element-f18a968 elementor-widget elementor-widget-spps_button_list\" data-id=\"f18a968\" data-element_type=\"widget\" data-e-type=\"widget\" data-widget_type=\"spps_button_list.default\">\n\t\t\t\t<div class=\"elementor-widget-container\">\n\t\t\t\t\t<div class=\"button-list-wrapper wrapper-spacing-default  \"><div class=\"button-list-title\"><h2>PS60+<\/h2><\/div><div class=\"button-list-container\"><div class=\"button-list-text\"><p>Secr\u00e9tariat central<br \/>Theaterplatz 4<br \/>Postfach<br \/>3001 Berne<\/p><\/div><div class=\"button-list-items\"><div class=\"button-list-item\"><div class=\"button-wrapper \"><a href=\"tel:0313296968\"  target=\"_self\" class=\"button-link button-link-default\" >031 329 69 68<span class=\"button-media-date\">18.04.2026<\/span><\/a><\/div><\/div><div class=\"button-list-item\"><div class=\"button-wrapper \"><a href=\"mailto:60plus@spschweiz.ch\"  target=\"_self\" class=\"button-link button-link-default\" >60plus@pssuisse.ch<span class=\"button-media-date\">18.04.2026<\/span><\/a><\/div><\/div><div class=\"button-list-item\"><div class=\"button-wrapper \"><a href=\"https:\/\/staging.sp-ps.ch\/wp-content\/uploads\/2022\/07\/ps_60_f-logos2.zip\"  target=\"_blank\" class=\"button-link button-link-download\" >T\u00e9l\u00e9charcher logos PS60+<span class=\"button-media-date\">18.04.2026<\/span><\/a><\/div><\/div><div class=\"button-list-item\"><div class=\"button-wrapper \"><a href=\"https:\/\/staging.sp-ps.ch\/fr\/soutiens-les-activites-du-ps60-par-un-don\/\"  target=\"_blank\" class=\"button-link button-link-default\" >Faire un don<span class=\"button-media-date\">18.04.2026<\/span><\/a><\/div><\/div><\/div><\/div><\/div>\t\t\t\t<\/div>\n\t\t\t\t<\/div>\n\t\t\t\t<div class=\"elementor-element elementor-element-0a26b44 elementor-widget elementor-widget-spps_button_list\" data-id=\"0a26b44\" data-element_type=\"widget\" data-e-type=\"widget\" data-widget_type=\"spps_button_list.default\">\n\t\t\t\t<div class=\"elementor-widget-container\">\n\t\t\t\t\t<div class=\"button-list-wrapper wrapper-spacing-default  \"><div class=\"button-list-title\"><h2>Organisation<\/h2><\/div><div class=\"button-list-container\"><div class=\"button-list-items\"><div class=\"button-list-item\"><div class=\"button-wrapper \"><a href=\"https:\/\/staging.sp-ps.ch\/fr\/parti\/ps-60\/a-propos\/\"  target=\"_blank\" class=\"button-link button-link-default\" >Membres de la direction (CD)<span class=\"button-media-date\">20.06.2023<\/span><\/a><\/div><\/div><div class=\"button-list-item\"><div class=\"button-wrapper \"><a href=\"https:\/\/staging.sp-ps.ch\/wp-content\/uploads\/2022\/09\/Re%CC%80glement-PS60au-01-01-2022-fr_ali-korr-10-09-2022.pdf\"  target=\"_blank\" class=\"button-link button-link-download\" >R\u00e8glement du PS60+ au 1er janvier 2022<span class=\"button-media-date\">01.01.2022<\/span><\/a><\/div><\/div><\/div><\/div><\/div>\t\t\t\t<\/div>\n\t\t\t\t<\/div>\n\t\t\t\t\t<\/div>\n\t\t<\/div>\n\t\t\t\t\t<\/div>\n\t\t<\/section>\n\t\t\t\t<\/div>\n\t\t","protected":false},"excerpt":{"rendered":"<p>PS60+ Secr\u00e9tariat centralTheaterplatz 4Postfach3001 Berne 031 329 69 6812.03.202660plus@pssuisse.ch12.03.2026T\u00e9l\u00e9charcher logos PS60+12.03.2026Faire un don12.03.2026 Organisation Membres de la direction (CD)20.06.2023R\u00e8glement du PS60+ au 1er janvier 202201.01.2022<\/p>\n","protected":false},"author":1,"featured_media":0,"parent":30479,"menu_order":4,"comment_status":"closed","ping_status":"closed","template":"","meta":{"footnotes":""},"class_list":["post-31897","page","type-page","status-publish","hentry"],"_links":{"self":[{"href":"https:\/\/staging.sp-ps.ch\/fr\/wp-json\/wp\/v2\/pages\/31897","targetHints":{"allow":["GET"]}}],"collection":[{"href":"https:\/\/staging.sp-ps.ch\/fr\/wp-json\/wp\/v2\/pages"}],"about":[{"href":"https:\/\/staging.sp-ps.ch\/fr\/wp-json\/wp\/v2\/types\/page"}],"author":[{"embeddable":true,"href":"https:\/\/staging.sp-ps.ch\/fr\/wp-json\/wp\/v2\/users\/1"}],"replies":[{"embeddable":true,"href":"https:\/\/staging.sp-ps.ch\/fr\/wp-json\/wp\/v2\/comments?post=31897"}],"version-history":[{"count":34,"href":"https:\/\/staging.sp-ps.ch\/fr\/wp-json\/wp\/v2\/pages\/31897\/revisions"}],"predecessor-version":[{"id":180070,"href":"https:\/\/staging.sp-ps.ch\/fr\/wp-json\/wp\/v2\/pages\/31897\/revisions\/180070"}],"up":[{"embeddable":true,"href":"https:\/\/staging.sp-ps.ch\/fr\/wp-json\/wp\/v2\/pages\/30479"}],"wp:attachment":[{"href":"https:\/\/staging.sp-ps.ch\/fr\/wp-json\/wp\/v2\/media?parent=31897"}],"curies":[{"name":"wp","href":"https:\/\/api.w.org\/{rel}","templated":true}]}}