{"id":60709,"date":"2022-08-11T13:36:16","date_gmt":"2022-08-11T11:36:16","guid":{"rendered":"https:\/\/test.sp-ps.ch\/parti\/ps-queer\/sengager\/"},"modified":"2022-08-27T15:18:14","modified_gmt":"2022-08-27T13:18:14","slug":"sengager-queer","status":"publish","type":"page","link":"https:\/\/staging.sp-ps.ch\/fr\/sengager-queer\/","title":{"rendered":"S\u2019engager"},"content":{"rendered":"\t\t<div data-elementor-type=\"wp-page\" data-elementor-id=\"60709\" class=\"elementor elementor-60709 elementor-60109\" data-elementor-post-type=\"page\">\n\t\t\t\t\t\t<section class=\"elementor-section elementor-top-section elementor-element elementor-element-e9e44d5 elementor-section-boxed elementor-section-height-default elementor-section-height-default\" data-id=\"e9e44d5\" data-element_type=\"section\" data-e-type=\"section\" data-settings=\"{&quot;jet_parallax_layout_list&quot;:[],&quot;background_background&quot;:&quot;classic&quot;}\">\n\t\t\t\t\t\t<div class=\"elementor-container elementor-column-gap-wide\">\n\t\t\t\t\t<div class=\"elementor-column elementor-col-100 elementor-top-column elementor-element elementor-element-caf60cf\" data-id=\"caf60cf\" data-element_type=\"column\" data-e-type=\"column\">\n\t\t\t<div class=\"elementor-widget-wrap elementor-element-populated\">\n\t\t\t\t\t\t<div class=\"elementor-element elementor-element-4b40d64 elementor-widget elementor-widget-heading\" data-id=\"4b40d64\" data-element_type=\"widget\" data-e-type=\"widget\" data-widget_type=\"heading.default\">\n\t\t\t\t<div class=\"elementor-widget-container\">\n\t\t\t\t\t<h1 class=\"elementor-heading-title elementor-size-default\">S\u2019engager<\/h1>\t\t\t\t<\/div>\n\t\t\t\t<\/div>\n\t\t\t\t<div class=\"elementor-element elementor-element-fcc81e4 elementor-widget elementor-widget-jet-breadcrumbs\" data-id=\"fcc81e4\" data-element_type=\"widget\" data-e-type=\"widget\" data-widget_type=\"jet-breadcrumbs.default\">\n\t\t\t\t<div class=\"elementor-widget-container\">\n\t\t\t\t\t<div class=\"elementor-jet-breadcrumbs jet-blocks\">\n\t\t<div class=\"jet-breadcrumbs\">\n\t\t<div class=\"jet-breadcrumbs__content\">\n\t\t<div class=\"jet-breadcrumbs__wrap\">\n\t\t<\/div>\n\t\t<\/div>\n\t\t<\/div><\/div>\t\t\t\t<\/div>\n\t\t\t\t<\/div>\n\t\t\t\t<div class=\"elementor-element elementor-element-857e293 elementor-widget elementor-widget-text-editor\" data-id=\"857e293\" data-element_type=\"widget\" data-e-type=\"widget\" data-widget_type=\"text-editor.default\">\n\t\t\t\t<div class=\"elementor-widget-container\">\n\t\t\t\t\t\t\t\t\tLe PS queer est partie int\u00e9grante du Parti socialiste ainsi que du mouvement LGBTQIA+ en Suisse et au niveau international. Il est constitu\u00e9 de diff\u00e9rents comit\u00e9s et se compose de personnes aux orientations sexuelles, identit\u00e9s de genre et expressions de genre les plus diverses. Nous nous engageons au sein du Parti socialiste ainsi qu&#8217;aupr\u00e8s du grand public pour d\u00e9fendre les int\u00e9r\u00eats des personnes queer.\t\t\t\t\t\t\t\t<\/div>\n\t\t\t\t<\/div>\n\t\t\t\t\t<\/div>\n\t\t<\/div>\n\t\t\t\t\t<\/div>\n\t\t<\/section>\n\t\t\t\t<section class=\"elementor-section elementor-top-section elementor-element elementor-element-2c610d6 elementor-section-boxed elementor-section-height-default elementor-section-height-default\" data-id=\"2c610d6\" data-element_type=\"section\" data-e-type=\"section\" data-settings=\"{&quot;jet_parallax_layout_list&quot;:[]}\">\n\t\t\t\t\t\t<div class=\"elementor-container elementor-column-gap-wide\">\n\t\t\t\t\t<div class=\"elementor-column elementor-col-100 elementor-top-column elementor-element elementor-element-84dd22f\" data-id=\"84dd22f\" data-element_type=\"column\" data-e-type=\"column\">\n\t\t\t<div class=\"elementor-widget-wrap elementor-element-populated\">\n\t\t\t\t\t\t<div class=\"elementor-element elementor-element-4e33c2b elementor-widget elementor-widget-spps_title_text\" data-id=\"4e33c2b\" data-element_type=\"widget\" data-e-type=\"widget\" data-widget_type=\"spps_title_text.default\">\n\t\t\t\t<div class=\"elementor-widget-container\">\n\t\t\t\t\t<div class=\"title-text-wrapper wrapper-spacing-default\"><div class=\"title-text-title\"><h2>Devenir membre du PS queer<\/h2><\/div><div class=\"title-text-container\"><\/div><\/div>\t\t\t\t<\/div>\n\t\t\t\t<\/div>\n\t\t\t\t<div class=\"elementor-element elementor-element-792230b elementor-widget elementor-widget-wpforms\" data-id=\"792230b\" data-element_type=\"widget\" data-e-type=\"widget\" data-widget_type=\"wpforms.default\">\n\t\t\t\t<div class=\"elementor-widget-container\">\n\t\t\t\t\t<div class=\"wpforms-container wpforms-container-full\" id=\"wpforms-42291\"><form id=\"wpforms-form-42291\" class=\"wpforms-validate wpforms-form wpforms-ajax-form\" data-formid=\"42291\" method=\"post\" enctype=\"multipart\/form-data\" action=\"\/fr\/wp-json\/wp\/v2\/pages\/60709\" data-token=\"0b38220e85cfda560bc788b2d46a8f07\" data-token-time=\"1776499744\"><noscript class=\"wpforms-error-noscript\">Veuillez activer JavaScript dans votre navigateur pour remplir ce formulaire.<\/noscript><div class=\"wpforms-field-container\"><div id=\"wpforms-42291-field_26-container\" class=\"wpforms-field wpforms-field-radio wpforms-conditional-trigger\" data-field-id=\"26\"><label class=\"wpforms-field-label\">Adh\u00e9rer au PS queer <span class=\"wpforms-required-label\">*<\/span><\/label><ul id=\"wpforms-42291-field_26\" class=\"wpforms-field-required\"><li class=\"choice-1 depth-1\"><input type=\"radio\" id=\"wpforms-42291-field_26_1\" name=\"wpforms[fields][26]\" value=\"Je rejoins le PS queer (gratuitement) en \u00e9tant d\u00e9j\u00e0 membre du PS\" required ><label class=\"wpforms-field-label-inline\" for=\"wpforms-42291-field_26_1\">Je rejoins le PS queer (gratuitement) en \u00e9tant d\u00e9j\u00e0 membre du PS<\/label><\/li><li class=\"choice-2 depth-1\"><input type=\"radio\" id=\"wpforms-42291-field_26_2\" name=\"wpforms[fields][26]\" value=\"Je rejoins le PS queer et le PS (l\u2019adh\u00e9sion au Parti n\u00e9cessite une cotisation)\" required ><label class=\"wpforms-field-label-inline\" for=\"wpforms-42291-field_26_2\">Je rejoins le PS queer et le PS (l\u2019adh\u00e9sion au Parti n\u00e9cessite une cotisation)<\/label><\/li><\/ul><\/div><div id=\"wpforms-42291-field_21-container\" class=\"wpforms-field wpforms-field-name wpforms-conditional-field wpforms-conditional-show\" data-field-id=\"21\" style=\"display:none;\"><label class=\"wpforms-field-label\" for=\"wpforms-42291-field_21\">Section du PS <\/label><input type=\"text\" id=\"wpforms-42291-field_21\" class=\"wpforms-field-large\" name=\"wpforms[fields][21]\" ><\/div><div id=\"wpforms-42291-field_2-container\" class=\"wpforms-field wpforms-field-name wpforms-one-half wpforms-first\" data-field-id=\"2\"><label class=\"wpforms-field-label\" for=\"wpforms-42291-field_2\">Pr\u00e9nom <span class=\"wpforms-required-label\">*<\/span><\/label><input type=\"text\" id=\"wpforms-42291-field_2\" class=\"wpforms-field-large wpforms-field-required\" name=\"wpforms[fields][2]\" required><\/div><div id=\"wpforms-42291-field_3-container\" class=\"wpforms-field wpforms-field-name wpforms-one-half\" data-field-id=\"3\"><label class=\"wpforms-field-label\" for=\"wpforms-42291-field_3\">Nom  <span class=\"wpforms-required-label\">*<\/span><\/label><input type=\"text\" id=\"wpforms-42291-field_3\" class=\"wpforms-field-large wpforms-field-required\" name=\"wpforms[fields][3]\" required><\/div><div id=\"wpforms-42291-field_23-container\" class=\"wpforms-field wpforms-field-text\" data-field-id=\"23\"><label class=\"wpforms-field-label\" for=\"wpforms-42291-field_23\">Rue, num\u00e9ro <span class=\"wpforms-required-label\">*<\/span><\/label><input type=\"text\" id=\"wpforms-42291-field_23\" class=\"wpforms-field-large wpforms-field-required\" name=\"wpforms[fields][23]\" required><\/div><div id=\"wpforms-42291-field_24-container\" class=\"wpforms-field wpforms-field-text wpforms-one-third wpforms-first\" data-field-id=\"24\"><label class=\"wpforms-field-label\" for=\"wpforms-42291-field_24\">CP <span class=\"wpforms-required-label\">*<\/span><\/label><input type=\"text\" id=\"wpforms-42291-field_24\" class=\"wpforms-field-large wpforms-field-required\" name=\"wpforms[fields][24]\" required><\/div><div id=\"wpforms-42291-field_25-container\" class=\"wpforms-field wpforms-field-text wpforms-two-thirds\" data-field-id=\"25\"><label class=\"wpforms-field-label\" for=\"wpforms-42291-field_25\">Lieu <span class=\"wpforms-required-label\">*<\/span><\/label><input type=\"text\" id=\"wpforms-42291-field_25\" class=\"wpforms-field-large wpforms-field-required\" name=\"wpforms[fields][25]\" required><\/div><div id=\"wpforms-42291-field_5-container\" class=\"wpforms-field wpforms-field-email\" data-field-id=\"5\"><label class=\"wpforms-field-label\" for=\"wpforms-42291-field_5\">Courriel <span class=\"wpforms-required-label\">*<\/span><\/label><input type=\"email\" id=\"wpforms-42291-field_5\" class=\"wpforms-field-large wpforms-field-required\" name=\"wpforms[fields][5]\" spellcheck=\"false\" required><\/div><div id=\"wpforms-42291-field_9-container\" class=\"wpforms-field wpforms-field-phone\" data-field-id=\"9\"><label class=\"wpforms-field-label\" for=\"wpforms-42291-field_9\">T\u00e9l\u00e9phone<\/label><input type=\"tel\" id=\"wpforms-42291-field_9\" class=\"wpforms-field-large wpforms-smart-phone-field\" data-rule-smart-phone-field=\"true\" name=\"wpforms[fields][9]\" aria-label=\"T\u00e9l\u00e9phone\" ><\/div><div id=\"wpforms-42291-field_22-container\" class=\"wpforms-field wpforms-field-phone\" data-field-id=\"22\"><label class=\"wpforms-field-label\" for=\"wpforms-42291-field_22\">Portable<\/label><input type=\"tel\" id=\"wpforms-42291-field_22\" class=\"wpforms-field-large wpforms-smart-phone-field\" data-rule-smart-phone-field=\"true\" name=\"wpforms[fields][22]\" aria-label=\"Portable\" ><\/div><div id=\"wpforms-42291-field_29-container\" class=\"wpforms-field wpforms-field-text\" data-field-id=\"29\"><label class=\"wpforms-field-label\" for=\"wpforms-42291-field_29\">Date de naissance <span class=\"wpforms-required-label\">*<\/span><\/label><input type=\"text\" id=\"wpforms-42291-field_29\" class=\"wpforms-field-medium wpforms-field-required\" name=\"wpforms[fields][29]\" required><\/div><div id=\"wpforms-42291-field_16-container\" class=\"wpforms-field wpforms-field-textarea wpforms-full\" data-field-id=\"16\"><label class=\"wpforms-field-label\" for=\"wpforms-42291-field_16\">Remarques <\/label><textarea id=\"wpforms-42291-field_16\" class=\"wpforms-field-large\" name=\"wpforms[fields][16]\" ><\/textarea><\/div><\/div><!-- .wpforms-field-container --><div class=\"wpforms-submit-container\" ><input type=\"hidden\" name=\"wpforms[id]\" value=\"42291\"><input type=\"hidden\" name=\"page_title\" value=\"\"><input type=\"hidden\" name=\"page_url\" value=\"https:\/\/staging.sp-ps.ch\/fr\/wp-json\/wp\/v2\/pages\/60709\"><input type=\"hidden\" name=\"url_referer\" value=\"\"><button type=\"submit\" name=\"wpforms[submit]\" id=\"wpforms-submit-42291\" class=\"wpforms-submit\" data-alt-text=\"Soumettre...\" data-submit-text=\"Soumettre\" aria-live=\"assertive\" value=\"wpforms-submit\">Soumettre<\/button><img decoding=\"async\" src=\"https:\/\/staging.sp-ps.ch\/wp-content\/plugins\/wpforms\/assets\/images\/submit-spin.svg\" class=\"wpforms-submit-spinner\" style=\"display: none;\" width=\"26\" height=\"26\" alt=\"Chargement en cours\"><\/div><\/form><\/div>  <!-- .wpforms-container -->\t\t\t\t<\/div>\n\t\t\t\t<\/div>\n\t\t\t\t<div class=\"elementor-element elementor-element-903ae62 elementor-widget elementor-widget-spps_call_to_action\" data-id=\"903ae62\" data-element_type=\"widget\" data-e-type=\"widget\" data-widget_type=\"spps_call_to_action.default\">\n\t\t\t\t<div class=\"elementor-widget-container\">\n\t\t\t\t\t<div class=\"call-to-action-wrapper wrapper-spacing-default \" style=\"background:#E4002B\" ><div class=\"call-to-action-title\"><h2>Devenir membre du PS queer<\/h2><\/div><div class=\"call-to-action-container\"><div class=\"call-to-action-text\"><p>Bist du bereits SP-Mitglied und f\u00fchlst dich angesprochen? Werde kostenlos Mitglied der SP queer.<\/p><\/div><div class=\"call-to-action-buttons call-to-action-buttons-left\"><\/div><\/div><\/div>\t\t\t\t<\/div>\n\t\t\t\t<\/div>\n\t\t\t\t\t<\/div>\n\t\t<\/div>\n\t\t\t\t\t<\/div>\n\t\t<\/section>\n\t\t\t\t<\/div>\n\t\t","protected":false},"excerpt":{"rendered":"<p>S\u2019engager Le PS queer est partie int\u00e9grante du Parti socialiste ainsi que du mouvement LGBTQIA+ en Suisse et au niveau international. Il est constitu\u00e9 de diff\u00e9rents comit\u00e9s et se compose [&hellip;]<\/p>\n","protected":false},"author":1,"featured_media":0,"parent":0,"menu_order":0,"comment_status":"closed","ping_status":"closed","template":"","meta":{"footnotes":""},"class_list":["post-60709","page","type-page","status-publish","hentry"],"_links":{"self":[{"href":"https:\/\/staging.sp-ps.ch\/fr\/wp-json\/wp\/v2\/pages\/60709","targetHints":{"allow":["GET"]}}],"collection":[{"href":"https:\/\/staging.sp-ps.ch\/fr\/wp-json\/wp\/v2\/pages"}],"about":[{"href":"https:\/\/staging.sp-ps.ch\/fr\/wp-json\/wp\/v2\/types\/page"}],"author":[{"embeddable":true,"href":"https:\/\/staging.sp-ps.ch\/fr\/wp-json\/wp\/v2\/users\/1"}],"replies":[{"embeddable":true,"href":"https:\/\/staging.sp-ps.ch\/fr\/wp-json\/wp\/v2\/comments?post=60709"}],"version-history":[{"count":5,"href":"https:\/\/staging.sp-ps.ch\/fr\/wp-json\/wp\/v2\/pages\/60709\/revisions"}],"predecessor-version":[{"id":77465,"href":"https:\/\/staging.sp-ps.ch\/fr\/wp-json\/wp\/v2\/pages\/60709\/revisions\/77465"}],"wp:attachment":[{"href":"https:\/\/staging.sp-ps.ch\/fr\/wp-json\/wp\/v2\/media?parent=60709"}],"curies":[{"name":"wp","href":"https:\/\/api.w.org\/{rel}","templated":true}]}}