{"id":67248,"date":"2016-07-28T11:21:40","date_gmt":"2016-07-28T09:21:40","guid":{"rendered":"https:\/\/test.sp-ps.ch\/conseilleres-et-conseillers-en-naturalisation\/"},"modified":"2024-08-20T09:29:17","modified_gmt":"2024-08-20T07:29:17","slug":"conseilleres-et-conseillers-en-naturalisation","status":"publish","type":"page","link":"https:\/\/staging.sp-ps.ch\/fr\/conseilleres-et-conseillers-en-naturalisation\/","title":{"rendered":"Conseill\u00e8res et conseillers en naturalisation"},"content":{"rendered":"\t\t<div data-elementor-type=\"wp-post\" data-elementor-id=\"67248\" class=\"elementor elementor-67248 elementor-66843\" data-elementor-post-type=\"page\">\n\t\t\t\t\t\t<section class=\"elementor-section elementor-top-section elementor-element elementor-element-62f6b307c2e27 elementor-section-boxed elementor-section-height-default elementor-section-height-default\" data-id=\"62f6b307c2e27\" data-element_type=\"section\" data-e-type=\"section\" data-settings=\"{&quot;jet_parallax_layout_list&quot;:[],&quot;background_background&quot;:&quot;classic&quot;}\">\n\t\t\t\t\t\t<div class=\"elementor-container elementor-column-gap-wide\">\n\t\t\t\t\t<div class=\"elementor-column elementor-col-100 elementor-top-column elementor-element elementor-element-62f6b307c2e28\" data-id=\"62f6b307c2e28\" data-element_type=\"column\" data-e-type=\"column\">\n\t\t\t<div class=\"elementor-widget-wrap elementor-element-populated\">\n\t\t\t\t\t\t<div class=\"elementor-element elementor-element-62f6b307c2da4 elementor-widget elementor-widget-heading\" data-id=\"62f6b307c2da4\" data-element_type=\"widget\" data-e-type=\"widget\" data-widget_type=\"heading.default\">\n\t\t\t\t<div class=\"elementor-widget-container\">\n\t\t\t\t\t<h1 class=\"elementor-heading-title elementor-size-default\">Conseill\u00e8res et conseillers en naturalisation<\/h1>\t\t\t\t<\/div>\n\t\t\t\t<\/div>\n\t\t\t\t<div class=\"elementor-element elementor-element-62f6b307c2e12 elementor-widget elementor-widget-jet-breadcrumbs\" data-id=\"62f6b307c2e12\" data-element_type=\"widget\" data-e-type=\"widget\" data-widget_type=\"jet-breadcrumbs.default\">\n\t\t\t\t<div class=\"elementor-widget-container\">\n\t\t\t\t\t<div class=\"elementor-jet-breadcrumbs jet-blocks\">\n\t\t<div class=\"jet-breadcrumbs\">\n\t\t<div class=\"jet-breadcrumbs__content\">\n\t\t<div class=\"jet-breadcrumbs__wrap\">\n\t\t<\/div>\n\t\t<\/div>\n\t\t<\/div><\/div>\t\t\t\t<\/div>\n\t\t\t\t<\/div>\n\t\t\t\t\t<\/div>\n\t\t<\/div>\n\t\t\t\t\t<\/div>\n\t\t<\/section>\n\t\t\t\t<section class=\"elementor-section elementor-top-section elementor-element elementor-element-62f6b307c2e2a elementor-section-boxed elementor-section-height-default elementor-section-height-default\" data-id=\"62f6b307c2e2a\" data-element_type=\"section\" data-e-type=\"section\" data-settings=\"{&quot;jet_parallax_layout_list&quot;:[]}\">\n\t\t\t\t\t\t<div class=\"elementor-container elementor-column-gap-default\">\n\t\t\t\t\t<div class=\"elementor-column elementor-col-100 elementor-top-column elementor-element elementor-element-62f6b307c2e2b\" data-id=\"62f6b307c2e2b\" data-element_type=\"column\" data-e-type=\"column\">\n\t\t\t<div class=\"elementor-widget-wrap elementor-element-populated\">\n\t\t\t\t\t\t<div class=\"elementor-element elementor-element-62f6b307c2e2c elementor-widget elementor-widget-spacer\" data-id=\"62f6b307c2e2c\" data-element_type=\"widget\" data-e-type=\"widget\" data-widget_type=\"spacer.default\">\n\t\t\t\t<div class=\"elementor-widget-container\">\n\t\t\t\t\t\t\t<div class=\"elementor-spacer\">\n\t\t\t<div class=\"elementor-spacer-inner\"><\/div>\n\t\t<\/div>\n\t\t\t\t\t\t<\/div>\n\t\t\t\t<\/div>\n\t\t\t\t\t<\/div>\n\t\t<\/div>\n\t\t\t\t\t<\/div>\n\t\t<\/section>\n\t\t\t\t<section class=\"elementor-section elementor-top-section elementor-element elementor-element-62f6b307c2e2e elementor-section-boxed elementor-section-height-default elementor-section-height-default\" data-id=\"62f6b307c2e2e\" data-element_type=\"section\" data-e-type=\"section\" data-settings=\"{&quot;jet_parallax_layout_list&quot;:[]}\">\n\t\t\t\t\t\t<div class=\"elementor-container elementor-column-gap-no\">\n\t\t\t\t\t<div class=\"elementor-column elementor-col-100 elementor-top-column elementor-element elementor-element-62f6b307c2e2f\" data-id=\"62f6b307c2e2f\" data-element_type=\"column\" data-e-type=\"column\">\n\t\t\t<div class=\"elementor-widget-wrap elementor-element-populated\">\n\t\t\t\t\t\t<div class=\"elementor-element elementor-element-62f6b307bf300 elementor-widget elementor-widget-text-editor\" data-id=\"62f6b307bf300\" data-element_type=\"widget\" data-e-type=\"widget\" data-widget_type=\"text-editor.default\">\n\t\t\t\t<div class=\"elementor-widget-container\">\n\t\t\t\t\t\t\t\t\t<p><a href=\"http:\/\/staging.sp-ps.ch\/fr\/campagnes\/autres-campagnes-et-debats\/davantage-de-suisse\" target=\"_self\">Retour \u00e0 l&#8217;appel<\/a><\/p><p>Les membres du groupe parlementaire et les membres du PS Migrant-e-s figurant ici se tiennent \u00e0 disposition en tant que \u00ab conseill\u00e8re\/conseiller en naturalisation \u00bb. Elles\/ils peuvent \u00eatre contact\u00e9-e-s par e-mail et elles\/ils pr\u00eateront volontiers assistance aux personnes qui en ont besoin.<\/p><p><strong>Argovie<\/strong><\/p><ul><li><strong><a href=\"mailto:cedric.wermuth@gmail.com\">C\u00e9dric Wermuth<\/a><\/strong>, Conseiller national (allemand, fran\u00e7ais, anglais)<\/li><\/ul><p><strong>B\u00e2le-Ville<\/strong><\/p><ul><li><strong><a href=\"mailto:mustafa.atici@atici.ch\">Mustafa Atici<\/a><\/strong>, <span class=\"st\">Pr\u00e9sident du PS Migrant-e-s<\/span>, Grossrat Basel-Stadt (allemand, turc, kurde)<\/li><li><strong><a href=\"mailto:edibe.goelgeli@gmail.com\">Edibe G\u00f6lgeli<\/a><\/strong>, D\u00e9put\u00e9e au Grand conseil (allemand, kurde)<\/li><li><strong><a href=\"mailto:berfimpala@icloud.com\">Berfim Pala<\/a><\/strong>, Candidate pour le Grand conseil (allemand, turc, anglais)<\/li><li><strong><a href=\"mailto:dariyusch.pourmohsen@sp-bs.ch\">Dariyusch Pour Mohsen<\/a><\/strong>, Secr\u00e9taire du parti PS B\u00e2le-Ville (allemand, persan, dari)<\/li><li><strong><a href=\"mailto:derya_s89@hotmail.com%20\">Derya Tokay-Sahin<\/a><\/strong>, Strafrichterin (allemand, turc)<\/li><li><strong><a href=\"mailto:sarah.d.wyss@gmail.com\">Sarah Wyss<\/a><\/strong>, D\u00e9put\u00e9e au Grand conseil (allemand, fran\u00e7ais)<\/li><\/ul><p><strong>B\u00e2le-Campagne<\/strong><\/p><ul><li><a href=\"mailto:marc.fischer.4132@gmail.com\"><strong>Marc Fischer<\/strong><\/a> (allemand, fran\u00e7ais, anglais, portugais, italien)<\/li><\/ul><p><strong>Berne<\/strong><\/p><ul><li><strong><a href=\"mailto:tamara.funiciello@hotmail.ch\">Tamara Funiciello<\/a><\/strong>, Pr\u00e9sidente JS Suisse (allemand)<\/li><li><strong><a href=\"mailto:leyla.guel@spschweiz.ch\">Leyla G\u00fcl<\/a><\/strong>, Co-secr\u00e9taire g\u00e9n\u00e9rale PS Suisse (allemand, turc)<\/li><li><strong><a href=\"mailto:momoham1964@gmail.com\">Mohammed Hamdaoui<\/a><\/strong>, Conseiller communal Biele, Grossrat Kanton Bern (fran\u00e7ais)<\/li><li><strong><a href=\"mailto:margret.kienernellen@parl.ch\">Margrit Kiener Nellen<\/a><\/strong>, Conseill\u00e8re nationale (allemand, fran\u00e7ais, italien, anglais, espagnol, portugais)<\/li><li><strong><a href=\"mailto:darshikka84@googlemail.com\">Darshikka Krishnanantham-Vadivelu<\/a><\/strong>, Conseill\u00e8re communal Thun (allemand, tamoul, anglais)<\/li><\/ul><p><strong>Fribourg<\/strong><\/p><ul><li><strong><a href=\"mailto:christian.levrat@parl.ch\">Christian Levrat<\/a><\/strong>, Conseiller aux \u00c9tats, <span class=\"st\">Pr\u00e9sident du PS Suisse <\/span>(fran\u00e7ais, allemand)<\/li><li><strong><a href=\"mailto:chrysmbiya@hotmail.com\">Chrystel Mbiya<\/a><\/strong>, (fran\u00e7ais, ling\u00e1la, anglais, allemand)<\/li><li><strong><a href=\"mailto:feyrouz.ounaies@gmail.com\">Feyrouz Ounaies<\/a><\/strong>, (fran\u00e7ais, arabe, allemand, espagnol)<\/li><li><strong><a href=\"mailto:valerie.piller_carrard@parl.ch\">Val\u00e9rie Piller Carrard<\/a><\/strong>, Conseill\u00e8re nationale\u00a0(fran\u00e7ais)<\/li><li><strong><a href=\"mailto:jean-francois.steiert@parl.ch\">Jean-Fran\u00e7ois Steiert<\/a><\/strong>, Conseiller national (fran\u00e7ais, allemand)<\/li><li><strong><a href=\"mailto:rezan.zehre@hotmail.com\">R\u00eazan Zehr\u00ea<\/a><\/strong>, Conseil PS Migrant-e-s (fran\u00e7ais, kurde, turc)<\/li><\/ul><p><strong>Gen\u00e8ve<\/strong><\/p><ul><li><strong><a href=\"mailto:taimoor.aliassi@gmail.com\">Taimoor Aliassi<\/a><\/strong>, Conseil PS Migrant-e-s (fran\u00e7ais, kurde, farsi)<\/li><li><strong><a href=\"mailto:cruzblo@bluewin.ch\">Cruz Melchor Eya Nchama<\/a><\/strong>,<span lang=\"fr\"> Commission Naturalisation <\/span>Grand-Saconnex (fran\u00e7ais, espagnol, portugais, anglais)<\/li><li><strong><a href=\"mailto:Laurence%20Fehlmann%20Rielle%20&lt;laurencefr@me.com&gt;\">Laurence Fehlmann Rielle<\/a><\/strong>, Conseill\u00e8re nationale (fran\u00e7ais)<\/li><\/ul><p><strong>Glaris<\/strong><\/p><ul><li><strong><a href=\"mailto:noahgo24@gmail.com\">Nawzad Kareem<\/a><\/strong>, Conseil PS Migrant-e-s (allemand, kurde-sorani, arabe)<\/li><\/ul><p><strong>Grisons<\/strong><\/p><ul><li><a href=\"mailto:k_xanim@yahoo.de\"><strong>Hanim Kurt<\/strong><\/a> (allemand, turc, kurde)<\/li><\/ul><p><strong>Lucerne<\/strong><\/p><ul><li><strong><a href=\"mailto:y.fanaj@gmail.com\">Ylfete Fanaj<\/a><\/strong>, D\u00e9put\u00e9e au Grand conseil (allemand, albanais, anglais)<\/li><li><strong><a href=\"mailto:simroth@hotmail.com\">Simon Roth<\/a><\/strong>, Conseiller communal, ancien membre commission naturalisation (allemand, anglais)<\/li><\/ul><p><strong>Neuch\u00e2tel<\/strong><\/p><ul><li><strong><a href=\"mailto:eln_zwygart@bluewin.ch\">Laura Zwygart-de Falco<\/a><\/strong>, D\u00e9put\u00e9e au Grand conseil (fran\u00e7ais, italien)<\/li><\/ul><p><strong>Schaffhouse<\/strong><\/p><ul><li><strong><a href=\"mailto:osman.osmani@unia.ch\">Osman Osmani<\/a><\/strong>, Vize-Pr\u00e9sident PS Migrant-e-s (allemand, albanais)<\/li><\/ul><p><strong>Soleure<\/strong><\/p><ul><li><strong><a href=\"mailto:ganapath.sutha@gmail.com\">Suthakaran Ganapathipillai<\/a><\/strong> (allemand, anglais, tamoul)<\/li><\/ul><p><strong>Saint-Gall<\/strong><\/p><ul><li><strong><a href=\"mailto:arber.bullakaj@gmail.com\">Arber Bullakaj<\/a><\/strong>, Conseiller communal Wil (allemand, albanais, anglais)<\/li><li><strong><a href=\"mailto:bg@barbara-gysi.ch\">Barbara Gysi<\/a><\/strong>, Conseill\u00e8re nationale, Vizepr\u00e4sidentin SP Schweiz (allemand)<\/li><li><strong><a href=\"mailto:info@vica-mitrovic.ch\">Vica Mitrovic<\/a><\/strong>, Conseiller communal St. Gallen (allemand, serbe)<\/li><\/ul><p><strong>Tessin<\/strong><\/p><ul><li><a href=\"cecilia@ceciliabernasconi.ch\">Cecilia Bernasconi<\/a>, (allemand, italien)<\/li><\/ul><p><strong>Vaud<\/strong><\/p><ul><li><strong><a href=\"mailto:ilia1402@hotmail.com\">Alexandra \u0130lic<\/a><\/strong> (fran\u00e7ais, serbe, anglais)<\/li><li><strong><a href=\"mailto:cesla.amarelle@parl.ch%20\">Cesla Amarelle<\/a><\/strong>, Conseill\u00e8re nationale (fran\u00e7ais, espagnol, anglais, italien)<\/li><li><strong><a href=\"mailto:ikurt@bluewin.ch\">Ihsan Kurt<\/a><\/strong>, Vice-Pr\u00e9sident PS Migrant-e-s (fran\u00e7ais, turc, kurde)<\/li><li><strong><a href=\"mailto:magnin.r.f@bluewin.ch\">Rosemarie Magnin-Tornare<\/a><\/strong>, Ancien conseill\u00e8re communale \u00e0 Chavannes (fran\u00e7ais)<\/li><li><strong><a href=\"mailto:ada.marra@parl.ch\">Ada Marra<\/a><\/strong>, Conseill\u00e8re nationale (fran\u00e7ais, italien, espagnol)<\/li><li><strong><a href=\"mailto:roger.nordmann@parl.ch\">Roger Nordmann<\/a><\/strong>, Pr\u00e9sident du Groupe socialiste du Parlement (fran\u00e7ais, allemand)<\/li><li><strong><a href=\"mailto:romano.myriam@gmail.com\">Myriam Romano-Malgrifa<\/a><\/strong>, D\u00e9put\u00e9e au Grand conseil, Municipale (fran\u00e7ais, italien)<\/li><li><strong><a href=\"mailto:jean_christophe.schwaab@parl.ch\">Jean Christophe Schwaab<\/a><\/strong>, Conseiller national (fran\u00e7ais, allemand, anglais)<\/li><li><strong><a href=\"mailto:sheu_ervin@hotmail.com\">Ervin Sheu<\/a><\/strong>, Conseil PS Migrant-e-s (fran\u00e7ais, albanais, allemand)<\/li><\/ul><p><strong>Valais<\/strong><\/p><ul><li><strong><a href=\"mailto:fred.nouchi@bluewin.ch\">Fr\u00e9d Nouchi<\/a><\/strong>, Vice-Pr\u00e9sident SP MigrantInnen (fran\u00e7ais)<\/li><li><strong><a href=\"mailto:mathias.reynard@parl.ch\">Mathias Reynard<\/a><\/strong>, Conseiller national (fran\u00e7ais)<\/li><\/ul><p><strong>Zoug<\/strong><\/p><ul><li><strong><a href=\"mailto:i@rupan.ch\">Rupan Sivaganesan<\/a><\/strong>, D\u00e9put\u00e9 au Grand Conseil (allemand, tamoul)<\/li><\/ul><p><strong>Zurich<\/strong><\/p><ul><li><strong><a href=\"mailto:Angelo.Barrile@parl.ch\">Angelo Barrile<\/a><\/strong>, Conseiller national (allemand, italien)<\/li><li><strong><a href=\"mailto:isabel.bartal@bartal.ch\">Isabel Bartal<\/a><\/strong>, D\u00e9put\u00e9e au Grand conseil (allemand, portugais)<\/li><li><strong><a href=\"mailto:francoise.bassand@bluewin.ch\">Fran\u00e7oise Bassand<\/a><\/strong>,\u00a0Vice-Pr\u00e9sidente PS Migrant-e-s (allemand, fran\u00e7ais)<\/li><li><strong><a href=\"mailto:Salvatore.DiConcilio@zuerich.ch\">Salvatore Di Concilio<\/a><\/strong> (allemand, italien)<\/li><li><strong><a href=\"mailto:nadia.huberson@sunrise.ch\">Nadia Huberson<\/a><\/strong>, Comit\u00e9 PS Zurich 11 (allemand, fran\u00e7ais)<\/li><li><strong><a href=\"mailto:jahreiss@bluewin.ch\">Fiammetta Jahreiss<\/a><\/strong>, Ancien Pr\u00e9sidente <span lang=\"fr\">Commission Naturalisation <\/span>(allemand)<\/li><li><strong><a href=\"mailto:andrew.katumba@bluewin.ch\">Andrew Katumba<\/a><\/strong>, D\u00e9put\u00e9 au Grand Conseil (allemand)<\/li><li><strong><a href=\"mailto:mattea.meyer@parl.ch\">Mattea Meyer<\/a><\/strong>, Conseill\u00e8re nationale (allemand)<\/li><li><strong><a href=\"mailto:p.pedergnana@gmail.com\">Pearl Pedergnana<\/a><\/strong>, ancien conseill\u00e8re municipale Winterthur (allemand, anglais)<\/li><li><strong><a href=\"mailto:felix.steger@gmx.ch\">Felix Steger<\/a><\/strong>, Comit\u00e9 directeur au PS Canton Zurich (allemand, anglais, espagnol)<\/li><li><strong><a href=\"mailto:cafer.sterk@outlook.com\">Cafer Sterk<\/a><\/strong>, Co-Pr\u00e9sident PS Migrant-e-s au Canton Zurich (allemand, kurde, turc)<\/li><\/ul>\t\t\t\t\t\t\t\t<\/div>\n\t\t\t\t<\/div>\n\t\t\t\t\t<\/div>\n\t\t<\/div>\n\t\t\t\t\t<\/div>\n\t\t<\/section>\n\t\t\t\t<\/div>\n\t\t","protected":false},"excerpt":{"rendered":"<p>Les membres du groupe parlementaire et les membres du PS Migrant-e-s figurant ici se tiennent \u00e0 disposition en tant que \u00ab conseill\u00e8re\/conseiller en naturalisation \u00bb. Elles\/ils pr\u00eateront volontiers assistance aux personnes qui en ont besoin.<\/p>\n","protected":false},"author":1,"featured_media":0,"parent":0,"menu_order":0,"comment_status":"open","ping_status":"closed","template":"","meta":{"footnotes":""},"class_list":["post-67248","page","type-page","status-publish","hentry"],"_links":{"self":[{"href":"https:\/\/staging.sp-ps.ch\/fr\/wp-json\/wp\/v2\/pages\/67248","targetHints":{"allow":["GET"]}}],"collection":[{"href":"https:\/\/staging.sp-ps.ch\/fr\/wp-json\/wp\/v2\/pages"}],"about":[{"href":"https:\/\/staging.sp-ps.ch\/fr\/wp-json\/wp\/v2\/types\/page"}],"author":[{"embeddable":true,"href":"https:\/\/staging.sp-ps.ch\/fr\/wp-json\/wp\/v2\/users\/1"}],"replies":[{"embeddable":true,"href":"https:\/\/staging.sp-ps.ch\/fr\/wp-json\/wp\/v2\/comments?post=67248"}],"version-history":[{"count":3,"href":"https:\/\/staging.sp-ps.ch\/fr\/wp-json\/wp\/v2\/pages\/67248\/revisions"}],"predecessor-version":[{"id":139301,"href":"https:\/\/staging.sp-ps.ch\/fr\/wp-json\/wp\/v2\/pages\/67248\/revisions\/139301"}],"wp:attachment":[{"href":"https:\/\/staging.sp-ps.ch\/fr\/wp-json\/wp\/v2\/media?parent=67248"}],"curies":[{"name":"wp","href":"https:\/\/api.w.org\/{rel}","templated":true}]}}