{"id":67294,"date":"2017-04-19T00:00:00","date_gmt":"2017-04-18T22:00:00","guid":{"rendered":"https:\/\/test.sp-ps.ch\/declarer-son-bien-a-letranger\/"},"modified":"2017-04-19T00:00:00","modified_gmt":"2017-04-18T22:00:00","slug":"declarer-son-bien-a-letranger","status":"publish","type":"page","link":"https:\/\/staging.sp-ps.ch\/fr\/parti\/ps-migrant-e-s\/declarer-son-bien-a-letranger\/","title":{"rendered":"D\u00e9clarer son bien \u00e0 l\u2019\u00e9tranger !"},"content":{"rendered":"\t\t<div data-elementor-type=\"wp-post\" data-elementor-id=\"67294\" class=\"elementor elementor-67294 elementor-66922\" data-elementor-post-type=\"page\">\n\t\t\t\t\t\t<section class=\"elementor-section elementor-top-section elementor-element elementor-element-62f6b33b3a957 elementor-section-boxed elementor-section-height-default elementor-section-height-default\" data-id=\"62f6b33b3a957\" data-element_type=\"section\" data-e-type=\"section\" data-settings=\"{&quot;jet_parallax_layout_list&quot;:[],&quot;background_background&quot;:&quot;classic&quot;}\">\n\t\t\t\t\t\t<div class=\"elementor-container elementor-column-gap-wide\">\n\t\t\t\t\t<div class=\"elementor-column elementor-col-100 elementor-top-column elementor-element elementor-element-62f6b33b3a958\" data-id=\"62f6b33b3a958\" data-element_type=\"column\" data-e-type=\"column\">\n\t\t\t<div class=\"elementor-widget-wrap elementor-element-populated\">\n\t\t\t\t\t\t<div class=\"elementor-element elementor-element-62f6b33b3a8b7 elementor-widget elementor-widget-heading\" data-id=\"62f6b33b3a8b7\" data-element_type=\"widget\" data-e-type=\"widget\" data-widget_type=\"heading.default\">\n\t\t\t\t<div class=\"elementor-widget-container\">\n\t\t\t\t\t<h1 class=\"elementor-heading-title elementor-size-default\">D\u00e9clarer son bien \u00e0 l\u2019\u00e9tranger !<\/h1>\t\t\t\t<\/div>\n\t\t\t\t<\/div>\n\t\t\t\t<div class=\"elementor-element elementor-element-62f6b33b3a938 elementor-widget elementor-widget-jet-breadcrumbs\" data-id=\"62f6b33b3a938\" data-element_type=\"widget\" data-e-type=\"widget\" data-widget_type=\"jet-breadcrumbs.default\">\n\t\t\t\t<div class=\"elementor-widget-container\">\n\t\t\t\t\t<div class=\"elementor-jet-breadcrumbs jet-blocks\">\n\t\t<div class=\"jet-breadcrumbs\">\n\t\t<div class=\"jet-breadcrumbs__content\">\n\t\t<div class=\"jet-breadcrumbs__wrap\">\n\t\t<\/div>\n\t\t<\/div>\n\t\t<\/div><\/div>\t\t\t\t<\/div>\n\t\t\t\t<\/div>\n\t\t\t\t<div class=\"elementor-element elementor-element-62f6b33b3a954 elementor-widget__width-initial elementor-widget elementor-widget-text-editor\" data-id=\"62f6b33b3a954\" data-element_type=\"widget\" data-e-type=\"widget\" data-widget_type=\"text-editor.default\">\n\t\t\t\t<div class=\"elementor-widget-container\">\n\t\t\t\t\t\t\t\t\tBeaucoup ne le savent pas, beaucoup \u2013 et certains m\u00eame parmi les autorit\u00e9s \u2013 sont mal inform\u00e9s. C\u2019est pourtant le cas : qui poss\u00e8de un bien \u00e0 l\u2019\u00e9tranger doit, dans tous les cas, le mentionner dans sa d\u00e9claration fiscale en Suisse \u2013 et cela m\u00eame s\u2019il paie d\u00e9j\u00e0 des imp\u00f4ts \u00e0 l\u2019\u00e9tranger.\t\t\t\t\t\t\t\t<\/div>\n\t\t\t\t<\/div>\n\t\t\t\t\t<\/div>\n\t\t<\/div>\n\t\t\t\t\t<\/div>\n\t\t<\/section>\n\t\t\t\t<section class=\"elementor-section elementor-top-section elementor-element elementor-element-62f6b33b3a95b elementor-section-boxed elementor-section-height-default elementor-section-height-default\" data-id=\"62f6b33b3a95b\" data-element_type=\"section\" data-e-type=\"section\" data-settings=\"{&quot;jet_parallax_layout_list&quot;:[]}\">\n\t\t\t\t\t\t<div class=\"elementor-container elementor-column-gap-default\">\n\t\t\t\t\t<div class=\"elementor-column elementor-col-100 elementor-top-column elementor-element elementor-element-62f6b33b3a95c\" data-id=\"62f6b33b3a95c\" data-element_type=\"column\" data-e-type=\"column\">\n\t\t\t<div class=\"elementor-widget-wrap elementor-element-populated\">\n\t\t\t\t\t\t<div class=\"elementor-element elementor-element-62f6b33b3a95d elementor-widget elementor-widget-spacer\" data-id=\"62f6b33b3a95d\" data-element_type=\"widget\" data-e-type=\"widget\" data-widget_type=\"spacer.default\">\n\t\t\t\t<div class=\"elementor-widget-container\">\n\t\t\t\t\t\t\t<div class=\"elementor-spacer\">\n\t\t\t<div class=\"elementor-spacer-inner\"><\/div>\n\t\t<\/div>\n\t\t\t\t\t\t<\/div>\n\t\t\t\t<\/div>\n\t\t\t\t\t<\/div>\n\t\t<\/div>\n\t\t\t\t\t<\/div>\n\t\t<\/section>\n\t\t\t\t<section class=\"elementor-section elementor-top-section elementor-element elementor-element-62f6b33b3a960 elementor-section-boxed elementor-section-height-default elementor-section-height-default\" data-id=\"62f6b33b3a960\" data-element_type=\"section\" data-e-type=\"section\" data-settings=\"{&quot;jet_parallax_layout_list&quot;:[]}\">\n\t\t\t\t\t\t<div class=\"elementor-container elementor-column-gap-no\">\n\t\t\t\t\t<div class=\"elementor-column elementor-col-100 elementor-top-column elementor-element elementor-element-62f6b33b3a961\" data-id=\"62f6b33b3a961\" data-element_type=\"column\" data-e-type=\"column\">\n\t\t\t<div class=\"elementor-widget-wrap elementor-element-populated\">\n\t\t\t\t\t\t<div class=\"elementor-element elementor-element-62f6b33b35564 elementor-widget elementor-widget-text-editor\" data-id=\"62f6b33b35564\" data-element_type=\"widget\" data-e-type=\"widget\" data-widget_type=\"text-editor.default\">\n\t\t\t\t<div class=\"elementor-widget-container\">\n\t\t\t\t\t\t\t\t\t<p>Le PS Migrant-e-s lance un appel pour que l&rsquo;on annonce aux autorit&eacute;s fiscales de Suisse les &eacute;ventuelles possessions de biens &agrave; l&rsquo;&eacute;tranger, tant qu&rsquo;il est encore possible de compl&eacute;ter sa d&eacute;claration fiscale en 2017. Au cours de cette ann&eacute;e, les banques rassemblent toutes les informations que les administrations fiscales se transmettront &agrave; travers l&rsquo;Europe d&egrave;s 2018, dans le cadre du programme d&rsquo;&eacute;change automatique d&rsquo;informations (EAI) C&rsquo;est pourquoi il est important que nos d&eacute;clarations fiscales soient conformes aux exigences internationales avant l&rsquo;ann&eacute;e prochaine.<p>De nombreuses personnes issues de la migration et qui vivent en Suisse et y travaillent poss&egrave;dent encore une maison dans leur pays natal. Un compte en banque est, la plupart du temps, li&eacute; &agrave; un tel bien foncier, ne serait-ce que pour en payer la facture d&rsquo;&eacute;lectricit&eacute; ou en percevoir les loyers. Les autorit&eacute;s fiscales suisses seront automatiquement inform&eacute;es au sujet de ce genre de compte d&egrave;s 2018. Elles seront par cons&eacute;quent automatiquement au courant de la possession de tels biens.<\/p><p>Avant qu&rsquo;il en soit ainsi, toutes et tous devraient d&eacute;clarer leurs biens fonciers &agrave; l&rsquo;&eacute;tranger aux autorit&eacute;s fiscales suisses &ndash; que ce soit sous la forme d&rsquo;une simple d&eacute;claration ou au moyen d&rsquo;une &laquo; auto-d&eacute;nonciation impunie &raquo;. Peu d&rsquo;argent est en jeu, et les autorit&eacute;s fiscales ne posent g&eacute;n&eacute;ralement pas de probl&egrave;me lors de telles annonces. Des arri&eacute;r&eacute;s jusqu&rsquo;&agrave; maximum 10 ans sont &agrave; payer &ndash; par exemple lorsque les contribuables, par la d&eacute;claration d&rsquo;un nouveau bien, se retrouvent soumis &agrave; un taux d&rsquo;imposition plus &eacute;lev&eacute;.<\/p><\/p>\n\t\t\t\t\t\t\t\t<\/div>\n\t\t\t\t<\/div>\n\t\t\t\t<div class=\"elementor-element elementor-element-62f6b33b3558a elementor-widget elementor-widget-spps_button_list\" data-id=\"62f6b33b3558a\" data-element_type=\"widget\" data-e-type=\"widget\" data-widget_type=\"spps_button_list.default\">\n\t\t\t\t<div class=\"elementor-widget-container\">\n\t\t\t\t\t<div class=\"button-list-wrapper wrapper-spacing-small  \"><div class=\"button-list-container\"><div class=\"button-list-items\"><div class=\"button-list-item\"><div class=\"button-wrapper \"><a href=\"https:\/\/staging.sp-ps.ch\/sites\/default\/files\/documents\/denonciation_spontanee_gt.pptx\"  target=\"_self\" class=\"button-link button-link-default\" >Comment d\u00e9clarer aux imp\u00f4ts suisses les biens, revenus et avoirs \u00e0 l\u2019\u00e9tranger<span class=\"button-media-date\">18.04.2026<\/span><\/a><\/div><\/div><div class=\"button-list-item\"><div class=\"button-wrapper \"><a href=\"https:\/\/www.parlament.ch\/fr\/ratsbetrieb\/suche-curia-vista\/geschaeft?AffairId=20173219\"  target=\"_self\" class=\"button-link button-link-default\" >Interpellation du CN Beat Jans (PS, B\u00e2le) 'Information des contribuables propri\u00e9taires de biens immobiliers \u00e0 l'\u00e9tranger'<span class=\"button-media-date\">18.04.2026<\/span><\/a><\/div><\/div><\/div><\/div><\/div>\t\t\t\t<\/div>\n\t\t\t\t<\/div>\n\t\t\t\t\t<\/div>\n\t\t<\/div>\n\t\t\t\t\t<\/div>\n\t\t<\/section>\n\t\t\t\t<\/div>\n\t\t","protected":false},"excerpt":{"rendered":"","protected":false},"author":1,"featured_media":0,"parent":30462,"menu_order":0,"comment_status":"open","ping_status":"closed","template":"","meta":{"footnotes":""},"class_list":["post-67294","page","type-page","status-publish","hentry"],"_links":{"self":[{"href":"https:\/\/staging.sp-ps.ch\/fr\/wp-json\/wp\/v2\/pages\/67294","targetHints":{"allow":["GET"]}}],"collection":[{"href":"https:\/\/staging.sp-ps.ch\/fr\/wp-json\/wp\/v2\/pages"}],"about":[{"href":"https:\/\/staging.sp-ps.ch\/fr\/wp-json\/wp\/v2\/types\/page"}],"author":[{"embeddable":true,"href":"https:\/\/staging.sp-ps.ch\/fr\/wp-json\/wp\/v2\/users\/1"}],"replies":[{"embeddable":true,"href":"https:\/\/staging.sp-ps.ch\/fr\/wp-json\/wp\/v2\/comments?post=67294"}],"version-history":[{"count":0,"href":"https:\/\/staging.sp-ps.ch\/fr\/wp-json\/wp\/v2\/pages\/67294\/revisions"}],"up":[{"embeddable":true,"href":"https:\/\/staging.sp-ps.ch\/fr\/wp-json\/wp\/v2\/pages\/30462"}],"wp:attachment":[{"href":"https:\/\/staging.sp-ps.ch\/fr\/wp-json\/wp\/v2\/media?parent=67294"}],"curies":[{"name":"wp","href":"https:\/\/api.w.org\/{rel}","templated":true}]}}