{"id":67357,"date":"2021-06-28T00:00:00","date_gmt":"2021-06-27T22:00:00","guid":{"rendered":"https:\/\/test.sp-ps.ch\/ps60-conference-dautomne-du-30-octobre-2021\/"},"modified":"2021-06-28T00:00:00","modified_gmt":"2021-06-27T22:00:00","slug":"ps60-conference-dautomne-du-30-octobre-2021","status":"publish","type":"page","link":"https:\/\/staging.sp-ps.ch\/fr\/parti\/ps-60\/ps60-conference-dautomne-du-30-octobre-2021\/","title":{"rendered":"PS60+ Conf\u00e9rence d\u2019automne du 30 octobre 2021"},"content":{"rendered":"\t\t<div data-elementor-type=\"wp-post\" data-elementor-id=\"67357\" class=\"elementor elementor-67357 elementor-66898\" data-elementor-post-type=\"page\">\n\t\t\t\t\t\t<section class=\"elementor-section elementor-top-section elementor-element elementor-element-62f6b388eb4c8 elementor-section-boxed elementor-section-height-default elementor-section-height-default\" data-id=\"62f6b388eb4c8\" data-element_type=\"section\" data-e-type=\"section\" data-settings=\"{&quot;jet_parallax_layout_list&quot;:[],&quot;background_background&quot;:&quot;classic&quot;}\">\n\t\t\t\t\t\t<div class=\"elementor-container elementor-column-gap-wide\">\n\t\t\t\t\t<div class=\"elementor-column elementor-col-100 elementor-top-column elementor-element elementor-element-62f6b388eb4c9\" data-id=\"62f6b388eb4c9\" data-element_type=\"column\" data-e-type=\"column\">\n\t\t\t<div class=\"elementor-widget-wrap elementor-element-populated\">\n\t\t\t\t\t\t<div class=\"elementor-element elementor-element-62f6b388eb445 elementor-widget elementor-widget-heading\" data-id=\"62f6b388eb445\" data-element_type=\"widget\" data-e-type=\"widget\" data-widget_type=\"heading.default\">\n\t\t\t\t<div class=\"elementor-widget-container\">\n\t\t\t\t\t<h1 class=\"elementor-heading-title elementor-size-default\">PS60+ Conf\u00e9rence d\u2019automne du 30 octobre 2021<\/h1>\t\t\t\t<\/div>\n\t\t\t\t<\/div>\n\t\t\t\t<div class=\"elementor-element elementor-element-62f6b388eb4b2 elementor-widget elementor-widget-jet-breadcrumbs\" data-id=\"62f6b388eb4b2\" data-element_type=\"widget\" data-e-type=\"widget\" data-widget_type=\"jet-breadcrumbs.default\">\n\t\t\t\t<div class=\"elementor-widget-container\">\n\t\t\t\t\t<div class=\"elementor-jet-breadcrumbs jet-blocks\">\n\t\t<div class=\"jet-breadcrumbs\">\n\t\t<div class=\"jet-breadcrumbs__content\">\n\t\t<div class=\"jet-breadcrumbs__wrap\">\n\t\t<\/div>\n\t\t<\/div>\n\t\t<\/div><\/div>\t\t\t\t<\/div>\n\t\t\t\t<\/div>\n\t\t\t\t\t<\/div>\n\t\t<\/div>\n\t\t\t\t\t<\/div>\n\t\t<\/section>\n\t\t\t\t<section class=\"elementor-section elementor-top-section elementor-element elementor-element-62f6b388eb4cc elementor-section-boxed elementor-section-height-default elementor-section-height-default\" data-id=\"62f6b388eb4cc\" data-element_type=\"section\" data-e-type=\"section\" data-settings=\"{&quot;jet_parallax_layout_list&quot;:[]}\">\n\t\t\t\t\t\t<div class=\"elementor-container elementor-column-gap-default\">\n\t\t\t\t\t<div class=\"elementor-column elementor-col-100 elementor-top-column elementor-element elementor-element-62f6b388eb4cd\" data-id=\"62f6b388eb4cd\" data-element_type=\"column\" data-e-type=\"column\">\n\t\t\t<div class=\"elementor-widget-wrap elementor-element-populated\">\n\t\t\t\t\t\t<div class=\"elementor-element elementor-element-62f6b388eb4d3 elementor-widget elementor-widget-spacer\" data-id=\"62f6b388eb4d3\" data-element_type=\"widget\" data-e-type=\"widget\" data-widget_type=\"spacer.default\">\n\t\t\t\t<div class=\"elementor-widget-container\">\n\t\t\t\t\t\t\t<div class=\"elementor-spacer\">\n\t\t\t<div class=\"elementor-spacer-inner\"><\/div>\n\t\t<\/div>\n\t\t\t\t\t\t<\/div>\n\t\t\t\t<\/div>\n\t\t\t\t\t<\/div>\n\t\t<\/div>\n\t\t\t\t\t<\/div>\n\t\t<\/section>\n\t\t\t\t<section class=\"elementor-section elementor-top-section elementor-element elementor-element-62f6b388eb4d5 elementor-section-boxed elementor-section-height-default elementor-section-height-default\" data-id=\"62f6b388eb4d5\" data-element_type=\"section\" data-e-type=\"section\" data-settings=\"{&quot;jet_parallax_layout_list&quot;:[]}\">\n\t\t\t\t\t\t<div class=\"elementor-container elementor-column-gap-no\">\n\t\t\t\t\t<div class=\"elementor-column elementor-col-100 elementor-top-column elementor-element elementor-element-62f6b388eb4d6\" data-id=\"62f6b388eb4d6\" data-element_type=\"column\" data-e-type=\"column\">\n\t\t\t<div class=\"elementor-widget-wrap elementor-element-populated\">\n\t\t\t\t\t\t<div class=\"elementor-element elementor-element-62f6b3889350f elementor-widget elementor-widget-text-editor\" data-id=\"62f6b3889350f\" data-element_type=\"widget\" data-e-type=\"widget\" data-widget_type=\"text-editor.default\">\n\t\t\t\t<div class=\"elementor-widget-container\">\n\t\t\t\t\t\t\t\t\t<p><strong>Pour des soins de sant&eacute; sociaux et adapt&eacute;s &agrave; l&rsquo;&acirc;ge<\/strong><p>Les probl&egrave;mes du secteur de la sant&eacute; sont connus depuis longtemps. Cependant, la crise du coronavirus nous a une fois de plus montr&eacute; de mani&egrave;re radicale &agrave; quel point la population d&eacute;pend d&#8217;un syst&egrave;me de sant&eacute; performant qui permet &agrave; tous d&#8217;avoir acc&egrave;s &agrave; des services de soins et d&#8217;assistance dans toutes les situations de la vie. Quatre semaines avant le vote sur l&#8217;initiative sur les soins infirmiers, nous soutenons &eacute;galement les pr&eacute;occupations du personnel dans le domaine des soins et de l&#8217;assistance.<\/p><p>La Conf&eacute;rence se concentrait donc sur la n&eacute;cessit&eacute; d&#8217;une action politique et sur les revendications du PS60+.<\/p><\/p>\n\t\t\t\t\t\t\t\t<\/div>\n\t\t\t\t<\/div>\n\t\t\t\t<div class=\"elementor-element elementor-element-62f6b388b7a2b elementor-widget elementor-widget-spps_button_list\" data-id=\"62f6b388b7a2b\" data-element_type=\"widget\" data-e-type=\"widget\" data-widget_type=\"spps_button_list.default\">\n\t\t\t\t<div class=\"elementor-widget-container\">\n\t\t\t\t\t<div class=\"button-list-wrapper wrapper-spacing-small  \"><div class=\"button-list-title\"><h3>Documents<\/h3><\/div><div class=\"button-list-container\"><div class=\"button-list-items\"><div class=\"button-list-item\"><div class=\"button-wrapper \"><a href=\"https:\/\/staging.sp-ps.ch\/fr\/publications\/communiques-de-presse\/laccompagnement-ne-doit-pas-etre-un-luxe\"  target=\"_self\" class=\"button-link button-link-default\" >Communiqu\u00e9s de presse PS60+ : L\u2019accompagnement ne doit pas \u00eatre un luxe<span class=\"button-media-date\">18.04.2026<\/span><\/a><\/div><\/div><div class=\"button-list-item\"><div class=\"button-wrapper \"><a href=\"https:\/\/staging.sp-ps.ch\/wp-content\/uploads\/2021\/06\/1-fra-programm_herbstkonferenz-v-211018-def.pdf\"  target=\"_self\" class=\"button-link button-link-default\" >Programme de la Conf\u00e9rence d\u2019automne - mis \u00e0 jour le 19.10.2021<span class=\"button-media-date\">18.04.2026<\/span><\/a><\/div><\/div><div class=\"button-list-item\"><div class=\"button-wrapper \"><a href=\"https:\/\/staging.sp-ps.ch\/wp-content\/uploads\/2021\/06\/4-recommandation-de-vote-hk-2021-fr-def_ali.pdf\"  target=\"_self\" class=\"button-link button-link-default\" >Recommandation de vote adopt\u00e9e \u00e0 la Conf\u00e9rence d'automne 2021<span class=\"button-media-date\">18.04.2026<\/span><\/a><\/div><\/div><div class=\"button-list-item\"><div class=\"button-wrapper \"><a href=\"https:\/\/staging.sp-ps.ch\/wp-content\/uploads\/2021\/06\/3-resolution-hk-2021-def_fr_ali.pdf\"  target=\"_self\" class=\"button-link button-link-default\" >R\u00e9solution adopt\u00e9e \u00e0 la Conf\u00e9rence d'automne 2021<span class=\"button-media-date\">18.04.2026<\/span><\/a><\/div><\/div><\/div><\/div><\/div>\t\t\t\t<\/div>\n\t\t\t\t<\/div>\n\t\t\t\t<div class=\"elementor-element elementor-element-62f6b388e7605 elementor-widget elementor-widget-spps_button_list\" data-id=\"62f6b388e7605\" data-element_type=\"widget\" data-e-type=\"widget\" data-widget_type=\"spps_button_list.default\">\n\t\t\t\t<div class=\"elementor-widget-container\">\n\t\t\t\t\t<div class=\"button-list-wrapper wrapper-spacing-small  \"><div class=\"button-list-title\"><h3>Documents pr\u00e9sent\u00e9s lors de la conf\u00e9rence d'automne 2021<\/h3><\/div><div class=\"button-list-container\"><div class=\"button-list-items\"><div class=\"button-list-item\"><div class=\"button-wrapper \"><a href=\"https:\/\/staging.sp-ps.ch\/wp-content\/uploads\/2021\/06\/baptiste-hurni-hk2021-def_3.pdf\"  target=\"_self\" class=\"button-link button-link-default\" >Baptiste Hurni : Du point de vue des patients <span class=\"button-media-date\">18.04.2026<\/span><\/a><\/div><\/div><div class=\"button-list-item\"><div class=\"button-wrapper \"><a href=\"https:\/\/staging.sp-ps.ch\/wp-content\/uploads\/2021\/06\/211030_herbstagungsp60_bagysi_fr_mac_0.pdf\"  target=\"_self\" class=\"button-link button-link-default\" >Barbara Gysi : Plus que des applaudissements : ce dont le personnel infirmier et les aidants ont vraiment besoin<span class=\"button-media-date\">18.04.2026<\/span><\/a><\/div><\/div><div class=\"button-list-item\"><div class=\"button-wrapper \"><a href=\"https:\/\/staging.sp-ps.ch\/wp-content\/uploads\/2021\/06\/intervention-laurent-kurth-pss60_conference_automne_neuchatel_30oct21.pdf\"  target=\"_self\" class=\"button-link button-link-default\" >Laurent Kurth : Intervention<span class=\"button-media-date\">18.04.2026<\/span><\/a><\/div><\/div><div class=\"button-list-item\"><div class=\"button-wrapper \"><a href=\"https:\/\/staging.sp-ps.ch\/wp-content\/uploads\/2021\/06\/20211021_ppt_cure_palliative-fr_0.pdf\"  target=\"_self\" class=\"button-link button-link-default\" >Marina Carobbio Guscetti : Des soins et une assistance de qualit\u00e9 pour les personnes \u00e2g\u00e9es<span class=\"button-media-date\">18.04.2026<\/span><\/a><\/div><\/div><\/div><\/div><\/div>\t\t\t\t<\/div>\n\t\t\t\t<\/div>\n\t\t\t\t<div class=\"elementor-element elementor-element-62f6b388e762e elementor-widget elementor-widget-spps_button_list\" data-id=\"62f6b388e762e\" data-element_type=\"widget\" data-e-type=\"widget\" data-widget_type=\"spps_button_list.default\">\n\t\t\t\t<div class=\"elementor-widget-container\">\n\t\t\t\t\t<div class=\"button-list-wrapper wrapper-spacing-small  \"><div class=\"button-list-title\"><h3>Photos de la conf\u00e9rence d'automne 2022<\/h3><\/div><div class=\"button-list-container\"><div class=\"button-list-items\"><div class=\"button-list-item\"><div class=\"button-wrapper \"><a href=\"https:\/\/staging.sp-ps.ch\/sites\/default\/files\/documents\/5-arthur-henry-img_1530_0.png\"  target=\"_self\" class=\"button-link button-link-default\" >Arthur Henry<span class=\"button-media-date\">18.04.2026<\/span><\/a><\/div><\/div><div class=\"button-list-item\"><div class=\"button-wrapper \"><a href=\"https:\/\/staging.sp-ps.ch\/sites\/default\/files\/documents\/4-baptiste-hurni-img_5331d_0.png\"  target=\"_self\" class=\"button-link button-link-default\" >Baptiste Hurni<span class=\"button-media-date\">18.04.2026<\/span><\/a><\/div><\/div><div class=\"button-list-item\"><div class=\"button-wrapper \"><a href=\"https:\/\/staging.sp-ps.ch\/sites\/default\/files\/documents\/3-barbara-gysi-img_5327d_0.png\"  target=\"_self\" class=\"button-link button-link-default\" >Barbara Gysi<span class=\"button-media-date\">18.04.2026<\/span><\/a><\/div><\/div><div class=\"button-list-item\"><div class=\"button-wrapper \"><a href=\"https:\/\/staging.sp-ps.ch\/sites\/default\/files\/documents\/1-laurent-kurth-img_5322d_0.png\"  target=\"_self\" class=\"button-link button-link-default\" >Laurent Kurth<span class=\"button-media-date\">18.04.2026<\/span><\/a><\/div><\/div><div class=\"button-list-item\"><div class=\"button-wrapper \"><a href=\"https:\/\/staging.sp-ps.ch\/sites\/default\/files\/documents\/2-marina-carobbio-guscetti-img_5324d_0.png\"  target=\"_self\" class=\"button-link button-link-default\" >Marina Carobbio<span class=\"button-media-date\">18.04.2026<\/span><\/a><\/div><\/div><\/div><\/div><\/div>\t\t\t\t<\/div>\n\t\t\t\t<\/div>\n\t\t\t\t\t<\/div>\n\t\t<\/div>\n\t\t\t\t\t<\/div>\n\t\t<\/section>\n\t\t\t\t<\/div>\n\t\t","protected":false},"excerpt":{"rendered":"","protected":false},"author":1,"featured_media":64742,"parent":30479,"menu_order":0,"comment_status":"open","ping_status":"closed","template":"","meta":{"footnotes":""},"class_list":["post-67357","page","type-page","status-publish","has-post-thumbnail","hentry"],"_links":{"self":[{"href":"https:\/\/staging.sp-ps.ch\/fr\/wp-json\/wp\/v2\/pages\/67357","targetHints":{"allow":["GET"]}}],"collection":[{"href":"https:\/\/staging.sp-ps.ch\/fr\/wp-json\/wp\/v2\/pages"}],"about":[{"href":"https:\/\/staging.sp-ps.ch\/fr\/wp-json\/wp\/v2\/types\/page"}],"author":[{"embeddable":true,"href":"https:\/\/staging.sp-ps.ch\/fr\/wp-json\/wp\/v2\/users\/1"}],"replies":[{"embeddable":true,"href":"https:\/\/staging.sp-ps.ch\/fr\/wp-json\/wp\/v2\/comments?post=67357"}],"version-history":[{"count":0,"href":"https:\/\/staging.sp-ps.ch\/fr\/wp-json\/wp\/v2\/pages\/67357\/revisions"}],"up":[{"embeddable":true,"href":"https:\/\/staging.sp-ps.ch\/fr\/wp-json\/wp\/v2\/pages\/30479"}],"wp:featuredmedia":[{"embeddable":true,"href":"https:\/\/staging.sp-ps.ch\/fr\/wp-json\/wp\/v2\/media\/64742"}],"wp:attachment":[{"href":"https:\/\/staging.sp-ps.ch\/fr\/wp-json\/wp\/v2\/media?parent=67357"}],"curies":[{"name":"wp","href":"https:\/\/api.w.org\/{rel}","templated":true}]}}