{"id":67467,"date":"2015-08-31T15:16:00","date_gmt":"2015-08-31T13:16:00","guid":{"rendered":"https:\/\/test.sp-ps.ch\/solidarite-avec-les-refugie-e-s\/"},"modified":"2015-08-31T15:16:00","modified_gmt":"2015-08-31T13:16:00","slug":"solidarite-avec-les-refugie-e-s","status":"publish","type":"page","link":"https:\/\/staging.sp-ps.ch\/fr\/solidarite-avec-les-refugie-e-s\/","title":{"rendered":"solidarit\u00e9 avec les r\u00e9fugi\u00e9-e-s"},"content":{"rendered":"\t\t<div data-elementor-type=\"wp-post\" data-elementor-id=\"67467\" class=\"elementor elementor-67467 elementor-67041\" data-elementor-post-type=\"page\">\n\t\t\t\t\t\t<section class=\"elementor-section elementor-top-section elementor-element elementor-element-62f6b419e4eed elementor-section-boxed elementor-section-height-default elementor-section-height-default\" data-id=\"62f6b419e4eed\" data-element_type=\"section\" data-e-type=\"section\" data-settings=\"{&quot;jet_parallax_layout_list&quot;:[],&quot;background_background&quot;:&quot;classic&quot;}\">\n\t\t\t\t\t\t<div class=\"elementor-container elementor-column-gap-wide\">\n\t\t\t\t\t<div class=\"elementor-column elementor-col-100 elementor-top-column elementor-element elementor-element-62f6b419e4eef\" data-id=\"62f6b419e4eef\" data-element_type=\"column\" data-e-type=\"column\">\n\t\t\t<div class=\"elementor-widget-wrap elementor-element-populated\">\n\t\t\t\t\t\t<div class=\"elementor-element elementor-element-62f6b419e4e56 elementor-widget elementor-widget-heading\" data-id=\"62f6b419e4e56\" data-element_type=\"widget\" data-e-type=\"widget\" data-widget_type=\"heading.default\">\n\t\t\t\t<div class=\"elementor-widget-container\">\n\t\t\t\t\t<h1 class=\"elementor-heading-title elementor-size-default\">solidarit\u00e9 avec les r\u00e9fugi\u00e9-e-s<\/h1>\t\t\t\t<\/div>\n\t\t\t\t<\/div>\n\t\t\t\t<div class=\"elementor-element elementor-element-62f6b419e4ed5 elementor-widget elementor-widget-jet-breadcrumbs\" data-id=\"62f6b419e4ed5\" data-element_type=\"widget\" data-e-type=\"widget\" data-widget_type=\"jet-breadcrumbs.default\">\n\t\t\t\t<div class=\"elementor-widget-container\">\n\t\t\t\t\t<div class=\"elementor-jet-breadcrumbs jet-blocks\">\n\t\t<div class=\"jet-breadcrumbs\">\n\t\t<div class=\"jet-breadcrumbs__content\">\n\t\t<div class=\"jet-breadcrumbs__wrap\">\n\t\t<\/div>\n\t\t<\/div>\n\t\t<\/div><\/div>\t\t\t\t<\/div>\n\t\t\t\t<\/div>\n\t\t\t\t\t<\/div>\n\t\t<\/div>\n\t\t\t\t\t<\/div>\n\t\t<\/section>\n\t\t\t\t<section class=\"elementor-section elementor-top-section elementor-element elementor-element-62f6b419e4ef1 elementor-section-boxed elementor-section-height-default elementor-section-height-default\" data-id=\"62f6b419e4ef1\" data-element_type=\"section\" data-e-type=\"section\" data-settings=\"{&quot;jet_parallax_layout_list&quot;:[]}\">\n\t\t\t\t\t\t<div class=\"elementor-container elementor-column-gap-default\">\n\t\t\t\t\t<div class=\"elementor-column elementor-col-100 elementor-top-column elementor-element elementor-element-62f6b419e4ef2\" data-id=\"62f6b419e4ef2\" data-element_type=\"column\" data-e-type=\"column\">\n\t\t\t<div class=\"elementor-widget-wrap elementor-element-populated\">\n\t\t\t\t\t\t<div class=\"elementor-element elementor-element-62f6b419e4ef3 elementor-widget elementor-widget-spacer\" data-id=\"62f6b419e4ef3\" data-element_type=\"widget\" data-e-type=\"widget\" data-widget_type=\"spacer.default\">\n\t\t\t\t<div class=\"elementor-widget-container\">\n\t\t\t\t\t\t\t<div class=\"elementor-spacer\">\n\t\t\t<div class=\"elementor-spacer-inner\"><\/div>\n\t\t<\/div>\n\t\t\t\t\t\t<\/div>\n\t\t\t\t<\/div>\n\t\t\t\t\t<\/div>\n\t\t<\/div>\n\t\t\t\t\t<\/div>\n\t\t<\/section>\n\t\t\t\t<section class=\"elementor-section elementor-top-section elementor-element elementor-element-62f6b419e4ef5 elementor-section-boxed elementor-section-height-default elementor-section-height-default\" data-id=\"62f6b419e4ef5\" data-element_type=\"section\" data-e-type=\"section\" data-settings=\"{&quot;jet_parallax_layout_list&quot;:[]}\">\n\t\t\t\t\t\t<div class=\"elementor-container elementor-column-gap-no\">\n\t\t\t\t\t<div class=\"elementor-column elementor-col-100 elementor-top-column elementor-element elementor-element-62f6b419e4ef6\" data-id=\"62f6b419e4ef6\" data-element_type=\"column\" data-e-type=\"column\">\n\t\t\t<div class=\"elementor-widget-wrap elementor-element-populated\">\n\t\t\t\t\t\t<div class=\"elementor-element elementor-element-62f6b419e16a0 elementor-widget elementor-widget-text-editor\" data-id=\"62f6b419e16a0\" data-element_type=\"widget\" data-e-type=\"widget\" data-widget_type=\"text-editor.default\">\n\t\t\t\t<div class=\"elementor-widget-container\">\n\t\t\t\t\t\t\t\t\t<p>&ccedil;a <strong>tu <\/strong>peux le faire:<ul>\t<li>Engage-toi au sein de ta commune pour l&rsquo;accueil des r&eacute;fugi&eacute;-e-s, en visitant un centre de demandeur-euse-s d&rsquo;asile et en &eacute;changeant avec eux.<\/li>\t<li>Prends part au festival &laquo;&nbsp;Solidarit&eacute; sans fronti&egrave;res&nbsp;&raquo; du 26 septembre 2015, de 14h &agrave; 23h, &agrave; Sch&uuml;tzenmatte &agrave; Berne <a href=\"http:\/\/www.sosf.ch\/fr\/agenda\/festival-stop-renvois.html?zur=5\">http:\/\/www.sosf.ch\/fr\/agenda\/festival-stop-renvois.html<\/a><\/li>\t<li>Soutiens le projet de Solidar Suisse, qui fournit de l&rsquo;aide aux r&eacute;fugi&eacute;-e-s syrien-ne-s au Liban : <a href=\"http:\/\/www.solidar.ch\/fr\/projet\/liban-aide-aux-refugies-syriens-au-liban\">http:\/\/www.solidar.ch\/fr\/projet\/liban-aide-aux-refugies-syriens-au-liban<\/a><\/li>\t<li>Donne tes points cumulus &agrave; des r&eacute;fugi&eacute;-e-s <a href=\"http:\/\/solicarte.ch\/fr\/la-solikarte\/\">http:\/\/solicarte.ch\/fr\/la-solikarte\/<\/a><\/li>\t<li>Engage-toi ou apporte ton soutien &agrave; un mouvement qui lutte pour l&rsquo;aide ou la d&eacute;fense des droits des r&eacute;fugi&eacute;-e-s&nbsp;:<br>\tGE &ndash; Reliance, soutien scolaire:<br>\t&nbsp;<a href=\"http:\/\/www.asile.ch\/vivre-ensemble\/2015\/08\/31\/reliance-recherche-des-benevoles\/\">http:\/\/www.asile.ch\/vivre-ensemble\/2015\/08\/31\/reliance-recherche-des-benevoles\/<\/a><br>\tVD &ndash; Solidarit&eacute; &Eacute;glises Migration<br>\t<a href=\"http:\/\/www.eglisemigrationvd.com\/wpweb\" target=\"_blank\">http:\/\/www.eglisemigrationvd.com\/wpweb<\/a><\/li>\t<li>Engage-toi ou apporte ton soutien &agrave; une association qui lutte contre la discrimination des personnes &eacute;trang&egrave;res&nbsp;: <a href=\"http:\/\/www.asile.ch\/vivre-ensemble\" target=\"_blank\">http:\/\/www.asile.ch\/vivre-ensemble<\/a>, <a href=\"https:\/\/www.osar.ch\/\">https:\/\/www.osar.ch<\/a><\/li><\/ul><p><strong>Enfin, combats le racisme quotidien et l&rsquo;inhumanit&eacute; qui grignotent du terrain jour apr&egrave;s jour!<\/strong><\/p><\/p>\n\t\t\t\t\t\t\t\t<\/div>\n\t\t\t\t<\/div>\n\t\t\t\t\t<\/div>\n\t\t<\/div>\n\t\t\t\t\t<\/div>\n\t\t<\/section>\n\t\t\t\t<\/div>\n\t\t","protected":false},"excerpt":{"rendered":"","protected":false},"author":1,"featured_media":0,"parent":0,"menu_order":0,"comment_status":"open","ping_status":"closed","template":"","meta":{"footnotes":""},"class_list":["post-67467","page","type-page","status-publish","hentry"],"_links":{"self":[{"href":"https:\/\/staging.sp-ps.ch\/fr\/wp-json\/wp\/v2\/pages\/67467","targetHints":{"allow":["GET"]}}],"collection":[{"href":"https:\/\/staging.sp-ps.ch\/fr\/wp-json\/wp\/v2\/pages"}],"about":[{"href":"https:\/\/staging.sp-ps.ch\/fr\/wp-json\/wp\/v2\/types\/page"}],"author":[{"embeddable":true,"href":"https:\/\/staging.sp-ps.ch\/fr\/wp-json\/wp\/v2\/users\/1"}],"replies":[{"embeddable":true,"href":"https:\/\/staging.sp-ps.ch\/fr\/wp-json\/wp\/v2\/comments?post=67467"}],"version-history":[{"count":0,"href":"https:\/\/staging.sp-ps.ch\/fr\/wp-json\/wp\/v2\/pages\/67467\/revisions"}],"wp:attachment":[{"href":"https:\/\/staging.sp-ps.ch\/fr\/wp-json\/wp\/v2\/media?parent=67467"}],"curies":[{"name":"wp","href":"https:\/\/api.w.org\/{rel}","templated":true}]}}