{"id":67471,"date":"2016-09-13T11:21:15","date_gmt":"2016-09-13T09:21:15","guid":{"rendered":"https:\/\/test.sp-ps.ch\/aide-a-la-naturalisation\/"},"modified":"2022-08-17T22:42:19","modified_gmt":"2022-08-17T20:42:19","slug":"aide-a-la-naturalisation","status":"publish","type":"page","link":"https:\/\/staging.sp-ps.ch\/fr\/aide-a-la-naturalisation\/","title":{"rendered":"Aide \u00e0 la naturalisation"},"content":{"rendered":"\t\t<div data-elementor-type=\"wp-post\" data-elementor-id=\"67471\" class=\"elementor elementor-67471 elementor-67172\" data-elementor-post-type=\"page\">\n\t\t\t\t\t\t<section class=\"elementor-section elementor-top-section elementor-element elementor-element-62f6b41ee7bb0 elementor-section-boxed elementor-section-height-default elementor-section-height-default\" data-id=\"62f6b41ee7bb0\" data-element_type=\"section\" data-e-type=\"section\" data-settings=\"{&quot;jet_parallax_layout_list&quot;:[],&quot;background_background&quot;:&quot;classic&quot;}\">\n\t\t\t\t\t\t<div class=\"elementor-container elementor-column-gap-wide\">\n\t\t\t\t\t<div class=\"elementor-column elementor-col-100 elementor-top-column elementor-element elementor-element-62f6b41ee7bb2\" data-id=\"62f6b41ee7bb2\" data-element_type=\"column\" data-e-type=\"column\">\n\t\t\t<div class=\"elementor-widget-wrap elementor-element-populated\">\n\t\t\t\t\t\t<div class=\"elementor-element elementor-element-62f6b41ee7b27 elementor-widget elementor-widget-heading\" data-id=\"62f6b41ee7b27\" data-element_type=\"widget\" data-e-type=\"widget\" data-widget_type=\"heading.default\">\n\t\t\t\t<div class=\"elementor-widget-container\">\n\t\t\t\t\t<h1 class=\"elementor-heading-title elementor-size-default\">Aide \u00e0 la naturalisation<\/h1>\t\t\t\t<\/div>\n\t\t\t\t<\/div>\n\t\t\t\t<div class=\"elementor-element elementor-element-62f6b41ee7b98 elementor-widget elementor-widget-jet-breadcrumbs\" data-id=\"62f6b41ee7b98\" data-element_type=\"widget\" data-e-type=\"widget\" data-widget_type=\"jet-breadcrumbs.default\">\n\t\t\t\t<div class=\"elementor-widget-container\">\n\t\t\t\t\t<div class=\"elementor-jet-breadcrumbs jet-blocks\">\n\t\t<div class=\"jet-breadcrumbs\">\n\t\t<div class=\"jet-breadcrumbs__content\">\n\t\t<div class=\"jet-breadcrumbs__wrap\">\n\t\t<\/div>\n\t\t<\/div>\n\t\t<\/div><\/div>\t\t\t\t<\/div>\n\t\t\t\t<\/div>\n\t\t\t\t\t<\/div>\n\t\t<\/div>\n\t\t\t\t\t<\/div>\n\t\t<\/section>\n\t\t\t\t<section class=\"elementor-section elementor-top-section elementor-element elementor-element-62f6b41ee7bb4 elementor-section-boxed elementor-section-height-default elementor-section-height-default\" data-id=\"62f6b41ee7bb4\" data-element_type=\"section\" data-e-type=\"section\" data-settings=\"{&quot;jet_parallax_layout_list&quot;:[]}\">\n\t\t\t\t\t\t<div class=\"elementor-container elementor-column-gap-default\">\n\t\t\t\t\t<div class=\"elementor-column elementor-col-100 elementor-top-column elementor-element elementor-element-62f6b41ee7bb5\" data-id=\"62f6b41ee7bb5\" data-element_type=\"column\" data-e-type=\"column\">\n\t\t\t<div class=\"elementor-widget-wrap elementor-element-populated\">\n\t\t\t\t\t\t<div class=\"elementor-element elementor-element-62f6b41ee7bb6 elementor-widget elementor-widget-spacer\" data-id=\"62f6b41ee7bb6\" data-element_type=\"widget\" data-e-type=\"widget\" data-widget_type=\"spacer.default\">\n\t\t\t\t<div class=\"elementor-widget-container\">\n\t\t\t\t\t\t\t<div class=\"elementor-spacer\">\n\t\t\t<div class=\"elementor-spacer-inner\"><\/div>\n\t\t<\/div>\n\t\t\t\t\t\t<\/div>\n\t\t\t\t<\/div>\n\t\t\t\t\t<\/div>\n\t\t<\/div>\n\t\t\t\t\t<\/div>\n\t\t<\/section>\n\t\t\t\t<section class=\"elementor-section elementor-top-section elementor-element elementor-element-62f6b41ee7bb9 elementor-section-boxed elementor-section-height-default elementor-section-height-default\" data-id=\"62f6b41ee7bb9\" data-element_type=\"section\" data-e-type=\"section\" data-settings=\"{&quot;jet_parallax_layout_list&quot;:[]}\">\n\t\t\t\t\t\t<div class=\"elementor-container elementor-column-gap-no\">\n\t\t\t\t\t<div class=\"elementor-column elementor-col-100 elementor-top-column elementor-element elementor-element-62f6b41ee7bba\" data-id=\"62f6b41ee7bba\" data-element_type=\"column\" data-e-type=\"column\">\n\t\t\t<div class=\"elementor-widget-wrap elementor-element-populated\">\n\t\t\t\t\t\t<div class=\"elementor-element elementor-element-62f6b41ee3ed6 elementor-widget elementor-widget-text-editor\" data-id=\"62f6b41ee3ed6\" data-element_type=\"widget\" data-e-type=\"widget\" data-widget_type=\"text-editor.default\">\n\t\t\t\t<div class=\"elementor-widget-container\">\n\t\t\t\t\t\t\t\t\t<p>Afin de pouvoir r\u00e9pondre \u00e0 votre requ\u00eate le plus rapidement possible, nous vous demandons de remplir le formulaire suivant.<\/p><p>\u00a0<\/p><p>\u00a0<\/p>\t\t\t\t\t\t\t\t<\/div>\n\t\t\t\t<\/div>\n\t\t\t\t<div class=\"elementor-element elementor-element-6b8b7fa elementor-widget elementor-widget-wpforms\" data-id=\"6b8b7fa\" data-element_type=\"widget\" data-e-type=\"widget\" data-widget_type=\"wpforms.default\">\n\t\t\t\t<div class=\"elementor-widget-container\">\n\t\t\t\t\t<div class=\"wpforms-container wpforms-container-full\" id=\"wpforms-35155\"><form id=\"wpforms-form-35155\" class=\"wpforms-validate wpforms-form wpforms-ajax-form\" data-formid=\"35155\" method=\"post\" enctype=\"multipart\/form-data\" action=\"\/fr\/wp-json\/wp\/v2\/pages\/67471\" data-token=\"896375a8af82e3aaf85c91fb415c29f8\" data-token-time=\"1776772468\"><noscript class=\"wpforms-error-noscript\">Veuillez activer JavaScript dans votre navigateur pour remplir ce formulaire.<\/noscript><div class=\"wpforms-field-container\"><div id=\"wpforms-35155-field_7-container\" class=\"wpforms-field wpforms-field-name\" data-field-id=\"7\"><label class=\"wpforms-field-label\" for=\"wpforms-35155-field_7\">Pr\u00e9nom <span class=\"wpforms-required-label\">*<\/span><\/label><input type=\"text\" id=\"wpforms-35155-field_7\" class=\"wpforms-field-large wpforms-field-required\" name=\"wpforms[fields][7]\" required><\/div><div id=\"wpforms-35155-field_38-container\" class=\"wpforms-field wpforms-field-name\" data-field-id=\"38\"><label class=\"wpforms-field-label\" for=\"wpforms-35155-field_38\">Nom <span class=\"wpforms-required-label\">*<\/span><\/label><input type=\"text\" id=\"wpforms-35155-field_38\" class=\"wpforms-field-large wpforms-field-required\" name=\"wpforms[fields][38]\" required><\/div><div id=\"wpforms-35155-field_8-container\" class=\"wpforms-field wpforms-field-email\" data-field-id=\"8\"><label class=\"wpforms-field-label\" for=\"wpforms-35155-field_8\">Courriel <span class=\"wpforms-required-label\">*<\/span><\/label><input type=\"email\" id=\"wpforms-35155-field_8\" class=\"wpforms-field-large wpforms-field-required\" name=\"wpforms[fields][8]\" spellcheck=\"false\" required><\/div><div id=\"wpforms-35155-field_39-container\" class=\"wpforms-field wpforms-field-phone\" data-field-id=\"39\"><label class=\"wpforms-field-label\" for=\"wpforms-35155-field_39\">T\u00e9l\u00e9phone<\/label><input type=\"tel\" id=\"wpforms-35155-field_39\" class=\"wpforms-field-large wpforms-smart-phone-field\" data-rule-smart-phone-field=\"true\" name=\"wpforms[fields][39]\" aria-label=\"T\u00e9l\u00e9phone\" ><\/div><div id=\"wpforms-35155-field_41-container\" class=\"wpforms-field wpforms-field-select wpforms-field-select-style-classic\" data-field-id=\"41\"><label class=\"wpforms-field-label\" for=\"wpforms-35155-field_41\">Canton <span class=\"wpforms-required-label\">*<\/span><\/label><select id=\"wpforms-35155-field_41\" class=\"wpforms-field-large wpforms-field-required\" name=\"wpforms[fields][41]\" required=\"required\"><option value=\"\" class=\"placeholder\" disabled  selected='selected'>s\u00e9lectionner<\/option><option value=\"Aargau\"  class=\"choice-4 depth-1\"  >Aargau<\/option><option value=\"Appenzell Ausserrhoden\"  class=\"choice-5 depth-1\"  >Appenzell Ausserrhoden<\/option><option value=\"Appenzell Innerrhoden\"  class=\"choice-6 depth-1\"  >Appenzell Innerrhoden<\/option><option value=\"Basel-Land\"  class=\"choice-7 depth-1\"  >Basel-Land<\/option><option value=\"Basel-Stadt\"  class=\"choice-8 depth-1\"  >Basel-Stadt<\/option><option value=\"Berne\"  class=\"choice-9 depth-1\"  >Berne<\/option><option value=\"Fribourg\/Freiburg\"  class=\"choice-10 depth-1\"  >Fribourg\/Freiburg<\/option><option value=\"Gen\u00e8ve\"  class=\"choice-11 depth-1\"  >Gen\u00e8ve<\/option><option value=\"Glarus\"  class=\"choice-12 depth-1\"  >Glarus<\/option><option value=\"Graub\u00fcnden\"  class=\"choice-13 depth-1\"  >Graub\u00fcnden<\/option><option value=\"Jura\"  class=\"choice-14 depth-1\"  >Jura<\/option><option value=\"Luzern\"  class=\"choice-15 depth-1\"  >Luzern<\/option><option value=\"Neuch\u00e2tel\"  class=\"choice-16 depth-1\"  >Neuch\u00e2tel<\/option><option value=\"Nidwalden\"  class=\"choice-17 depth-1\"  >Nidwalden<\/option><option value=\"Obwalden\"  class=\"choice-18 depth-1\"  >Obwalden<\/option><option value=\"St. Gallen\"  class=\"choice-19 depth-1\"  >St. Gallen<\/option><option value=\"Schaffhausen\"  class=\"choice-20 depth-1\"  >Schaffhausen<\/option><option value=\"Schwyz\"  class=\"choice-21 depth-1\"  >Schwyz<\/option><option value=\"Solothurn\"  class=\"choice-22 depth-1\"  >Solothurn<\/option><option value=\"Thurgau\"  class=\"choice-23 depth-1\"  >Thurgau<\/option><option value=\"Ticino\"  class=\"choice-24 depth-1\"  >Ticino<\/option><option value=\"Uri\"  class=\"choice-25 depth-1\"  >Uri<\/option><option value=\"Vaud\"  class=\"choice-26 depth-1\"  >Vaud<\/option><option value=\"Valais \/ Wallis\"  class=\"choice-27 depth-1\"  >Valais \/ Wallis<\/option><option value=\"Zug\"  class=\"choice-28 depth-1\"  >Zug<\/option><option value=\"Z\u00fcrich\"  class=\"choice-29 depth-1\"  >Z\u00fcrich<\/option><\/select><\/div><div id=\"wpforms-35155-field_43-container\" class=\"wpforms-field wpforms-field-select wpforms-field-select-style-classic\" data-field-id=\"43\"><label class=\"wpforms-field-label\" for=\"wpforms-35155-field_43\">Langue de pr\u00e9dilection  <span class=\"wpforms-required-label\">*<\/span><\/label><select id=\"wpforms-35155-field_43\" class=\"wpforms-field-large wpforms-field-required\" name=\"wpforms[fields][43]\" required=\"required\"><option value=\"allemand\"  selected='selected' class=\"choice-4 depth-1\"  >allemand<\/option><option value=\"fran\u00e7ais\"  class=\"choice-5 depth-1\"  >fran\u00e7ais<\/option><option value=\"italien\"  class=\"choice-6 depth-1\"  >italien<\/option><option value=\"albanais\"  class=\"choice-7 depth-1\"  >albanais<\/option><option value=\"arabe\"  class=\"choice-8 depth-1\"  >arabe<\/option><option value=\"dari\"  class=\"choice-9 depth-1\"  >dari<\/option><option value=\"anglais\"  class=\"choice-10 depth-1\"  >anglais<\/option><option value=\"farsi\"  class=\"choice-11 depth-1\"  >farsi<\/option><option value=\"kurde\"  class=\"choice-12 depth-1\"  >kurde<\/option><option value=\"kurde-sorani\"  class=\"choice-13 depth-1\"  >kurde-sorani<\/option><option value=\"ling\u00e1la\"  class=\"choice-14 depth-1\"  >ling\u00e1la<\/option><option value=\"persan\"  class=\"choice-15 depth-1\"  >persan<\/option><option value=\"portugais\"  class=\"choice-16 depth-1\"  >portugais<\/option><option value=\"serbe\"  class=\"choice-17 depth-1\"  >serbe<\/option><option value=\"espagnol\"  class=\"choice-18 depth-1\"  >espagnol<\/option><option value=\"tamoul\"  class=\"choice-19 depth-1\"  >tamoul<\/option><option value=\"turc\"  class=\"choice-20 depth-1\"  >turc<\/option><\/select><\/div><div id=\"wpforms-35155-field_44-container\" class=\"wpforms-field wpforms-field-select wpforms-field-select-style-classic\" data-field-id=\"44\"><label class=\"wpforms-field-label\" for=\"wpforms-35155-field_44\">Permis de s\u00e9jour<\/label><select id=\"wpforms-35155-field_44\" class=\"wpforms-field-large\" name=\"wpforms[fields][44]\"><option value=\"\" class=\"placeholder\" disabled  selected='selected'>Aucun<\/option><option value=\"autorisation de s\u00e9jour (livret B)\"  class=\"choice-4 depth-1\"  >autorisation de s\u00e9jour (livret B)<\/option><option value=\"autorisation d\u2019\u00e9tablissement (livret C)\"  class=\"choice-5 depth-1\"  >autorisation d\u2019\u00e9tablissement (livret C)<\/option><option value=\"utorisation de s\u00e9jour avec activit\u00e9 lucrative (livret Cii)\"  class=\"choice-6 depth-1\"  >utorisation de s\u00e9jour avec activit\u00e9 lucrative (livret Cii)<\/option><option value=\"autorisation frontali\u00e8re (livret G)\"  class=\"choice-7 depth-1\"  >autorisation frontali\u00e8re (livret G)<\/option><option value=\"autorisation de courte dur\u00e9e (livret L)\"  class=\"choice-8 depth-1\"  >autorisation de courte dur\u00e9e (livret L)<\/option><option value=\"\u00e9trangers admis provisoirement (livret F)\"  class=\"choice-9 depth-1\"  >\u00e9trangers admis provisoirement (livret F)<\/option><option value=\"requ\u00e9rants d\u2019asile (livret N)\"  class=\"choice-10 depth-1\"  >requ\u00e9rants d\u2019asile (livret N)<\/option><option value=\"personnes \u00e0 prot\u00e9ger (livret S)\"  class=\"choice-11 depth-1\"  >personnes \u00e0 prot\u00e9ger (livret S)<\/option><\/select><\/div><div id=\"wpforms-35155-field_37-container\" class=\"wpforms-field wpforms-field-textarea wpforms-full\" data-field-id=\"37\"><label class=\"wpforms-field-label\" for=\"wpforms-35155-field_37\">Remarque<\/label><textarea id=\"wpforms-35155-field_37\" class=\"wpforms-field-medium\" name=\"wpforms[fields][37]\" ><\/textarea><\/div><\/div><!-- .wpforms-field-container --><div class=\"wpforms-submit-container\" ><input type=\"hidden\" name=\"wpforms[id]\" value=\"35155\"><input type=\"hidden\" name=\"page_title\" value=\"\"><input type=\"hidden\" name=\"page_url\" value=\"https:\/\/staging.sp-ps.ch\/fr\/wp-json\/wp\/v2\/pages\/67471\"><input type=\"hidden\" name=\"url_referer\" value=\"\"><button type=\"submit\" name=\"wpforms[submit]\" id=\"wpforms-submit-35155\" class=\"wpforms-submit\" data-alt-text=\"Soumettre...\" data-submit-text=\"Soumettre\" aria-live=\"assertive\" value=\"wpforms-submit\">Soumettre<\/button><img decoding=\"async\" src=\"https:\/\/staging.sp-ps.ch\/wp-content\/plugins\/wpforms\/assets\/images\/submit-spin.svg\" class=\"wpforms-submit-spinner\" style=\"display: none;\" width=\"26\" height=\"26\" alt=\"Chargement en cours\"><\/div><\/form><\/div>  <!-- .wpforms-container -->\t\t\t\t<\/div>\n\t\t\t\t<\/div>\n\t\t\t\t\t<\/div>\n\t\t<\/div>\n\t\t\t\t\t<\/div>\n\t\t<\/section>\n\t\t\t\t<\/div>\n\t\t","protected":false},"excerpt":{"rendered":"<p>Aide \u00e0 la naturalisation Afin de pouvoir r\u00e9pondre \u00e0 votre requ\u00eate le plus rapidement possible, nous vous demandons de remplir le formulaire suivant. \u00a0 \u00a0<\/p>\n","protected":false},"author":1,"featured_media":0,"parent":0,"menu_order":0,"comment_status":"open","ping_status":"closed","template":"","meta":{"footnotes":""},"class_list":["post-67471","page","type-page","status-publish","hentry"],"_links":{"self":[{"href":"https:\/\/staging.sp-ps.ch\/fr\/wp-json\/wp\/v2\/pages\/67471","targetHints":{"allow":["GET"]}}],"collection":[{"href":"https:\/\/staging.sp-ps.ch\/fr\/wp-json\/wp\/v2\/pages"}],"about":[{"href":"https:\/\/staging.sp-ps.ch\/fr\/wp-json\/wp\/v2\/types\/page"}],"author":[{"embeddable":true,"href":"https:\/\/staging.sp-ps.ch\/fr\/wp-json\/wp\/v2\/users\/1"}],"replies":[{"embeddable":true,"href":"https:\/\/staging.sp-ps.ch\/fr\/wp-json\/wp\/v2\/comments?post=67471"}],"version-history":[{"count":6,"href":"https:\/\/staging.sp-ps.ch\/fr\/wp-json\/wp\/v2\/pages\/67471\/revisions"}],"predecessor-version":[{"id":74197,"href":"https:\/\/staging.sp-ps.ch\/fr\/wp-json\/wp\/v2\/pages\/67471\/revisions\/74197"}],"wp:attachment":[{"href":"https:\/\/staging.sp-ps.ch\/fr\/wp-json\/wp\/v2\/media?parent=67471"}],"curies":[{"name":"wp","href":"https:\/\/api.w.org\/{rel}","templated":true}]}}