{"id":67515,"date":"2021-03-08T13:11:50","date_gmt":"2021-03-08T12:11:50","guid":{"rendered":"https:\/\/test.sp-ps.ch\/commander-le-guide-sur-le-testament\/"},"modified":"2023-03-07T14:40:41","modified_gmt":"2023-03-07T13:40:41","slug":"commander-le-guide-sur-le-testament","status":"publish","type":"page","link":"https:\/\/staging.sp-ps.ch\/fr\/faire-un-don\/transmettre-les-valeurs-du-ps-suisse-par-lintermediaire-dun-legs\/commander-le-guide-sur-le-testament\/","title":{"rendered":"Commander le guide sur le testament"},"content":{"rendered":"\t\t<div data-elementor-type=\"wp-post\" data-elementor-id=\"67515\" class=\"elementor elementor-67515 elementor-67128\" data-elementor-post-type=\"page\">\n\t\t\t\t\t\t<section class=\"elementor-section elementor-top-section elementor-element elementor-element-62f6b456d67fc elementor-section-boxed elementor-section-height-default elementor-section-height-default\" data-id=\"62f6b456d67fc\" data-element_type=\"section\" data-e-type=\"section\" data-settings=\"{&quot;jet_parallax_layout_list&quot;:[],&quot;background_background&quot;:&quot;classic&quot;}\">\n\t\t\t\t\t\t<div class=\"elementor-container elementor-column-gap-wide\">\n\t\t\t\t\t<div class=\"elementor-column elementor-col-100 elementor-top-column elementor-element elementor-element-62f6b456d67fd\" data-id=\"62f6b456d67fd\" data-element_type=\"column\" data-e-type=\"column\">\n\t\t\t<div class=\"elementor-widget-wrap elementor-element-populated\">\n\t\t\t\t\t\t<div class=\"elementor-element elementor-element-62f6b456d6773 elementor-widget elementor-widget-heading\" data-id=\"62f6b456d6773\" data-element_type=\"widget\" data-e-type=\"widget\" data-widget_type=\"heading.default\">\n\t\t\t\t<div class=\"elementor-widget-container\">\n\t\t\t\t\t<h1 class=\"elementor-heading-title elementor-size-default\">Commander le guide sur le testament<\/h1>\t\t\t\t<\/div>\n\t\t\t\t<\/div>\n\t\t\t\t<div class=\"elementor-element elementor-element-62f6b456d67e5 elementor-widget elementor-widget-jet-breadcrumbs\" data-id=\"62f6b456d67e5\" data-element_type=\"widget\" data-e-type=\"widget\" data-widget_type=\"jet-breadcrumbs.default\">\n\t\t\t\t<div class=\"elementor-widget-container\">\n\t\t\t\t\t<div class=\"elementor-jet-breadcrumbs jet-blocks\">\n\t\t<div class=\"jet-breadcrumbs\">\n\t\t<div class=\"jet-breadcrumbs__content\">\n\t\t<div class=\"jet-breadcrumbs__wrap\">\n\t\t<\/div>\n\t\t<\/div>\n\t\t<\/div><\/div>\t\t\t\t<\/div>\n\t\t\t\t<\/div>\n\t\t\t\t<div class=\"elementor-element elementor-element-56ab80c elementor-widget elementor-widget-text-editor\" data-id=\"56ab80c\" data-element_type=\"widget\" data-e-type=\"widget\" data-widget_type=\"text-editor.default\">\n\t\t\t\t<div class=\"elementor-widget-container\">\n\t\t\t\t\t\t\t\t\tLa brochure du PS est con\u00e7ue de mani\u00e8re \u00e0 vous permettre de prendre en compte les cons\u00e9quences d\u2019un testament, comme de s\u2019assurer qu\u2019il sera juridiquement respect\u00e9. La brochure contient \u00e9galement des informations importantes sur le mandat pour cause d&#8217;inaptitude et les directives anticip\u00e9es. La brochure contient des informations importantes relatives aux mandats pour cause d\u2019inaptitude et aux directives anticip\u00e9es.\t\t\t\t\t\t\t\t<\/div>\n\t\t\t\t<\/div>\n\t\t\t\t\t<\/div>\n\t\t<\/div>\n\t\t\t\t\t<\/div>\n\t\t<\/section>\n\t\t\t\t<section class=\"elementor-section elementor-top-section elementor-element elementor-element-62f6b456d6802 elementor-section-boxed elementor-section-height-default elementor-section-height-default\" data-id=\"62f6b456d6802\" data-element_type=\"section\" data-e-type=\"section\" data-settings=\"{&quot;jet_parallax_layout_list&quot;:[]}\">\n\t\t\t\t\t\t<div class=\"elementor-container elementor-column-gap-wide\">\n\t\t\t\t\t<div class=\"elementor-column elementor-col-100 elementor-top-column elementor-element elementor-element-62f6b456d6803\" data-id=\"62f6b456d6803\" data-element_type=\"column\" data-e-type=\"column\">\n\t\t\t<div class=\"elementor-widget-wrap elementor-element-populated\">\n\t\t\t\t\t\t<div class=\"elementor-element elementor-element-b8841e8 elementor-widget elementor-widget-image\" data-id=\"b8841e8\" data-element_type=\"widget\" data-e-type=\"widget\" data-widget_type=\"image.default\">\n\t\t\t\t<div class=\"elementor-widget-container\">\n\t\t\t\t\t\t\t\t\t\t\t\t\t\t\t<img fetchpriority=\"high\" decoding=\"async\" width=\"1920\" height=\"900\" src=\"https:\/\/staging.sp-ps.ch\/wp-content\/uploads\/2022\/08\/Testmentratgeber_Header_fr.png\" class=\"attachment-full size-full wp-image-72545\" alt=\"\" srcset=\"https:\/\/staging.sp-ps.ch\/wp-content\/uploads\/2022\/08\/Testmentratgeber_Header_fr.png 1920w, https:\/\/staging.sp-ps.ch\/wp-content\/uploads\/2022\/08\/Testmentratgeber_Header_fr-300x141.png 300w, https:\/\/staging.sp-ps.ch\/wp-content\/uploads\/2022\/08\/Testmentratgeber_Header_fr-1024x480.png 1024w, https:\/\/staging.sp-ps.ch\/wp-content\/uploads\/2022\/08\/Testmentratgeber_Header_fr-768x360.png 768w, https:\/\/staging.sp-ps.ch\/wp-content\/uploads\/2022\/08\/Testmentratgeber_Header_fr-1536x720.png 1536w\" sizes=\"(max-width: 1920px) 100vw, 1920px\" \/>\t\t\t\t\t\t\t\t\t\t\t\t\t\t\t<\/div>\n\t\t\t\t<\/div>\n\t\t\t\t<div class=\"elementor-element elementor-element-add4eee elementor-widget elementor-widget-spps_title_text\" data-id=\"add4eee\" data-element_type=\"widget\" data-e-type=\"widget\" data-widget_type=\"spps_title_text.default\">\n\t\t\t\t<div class=\"elementor-widget-container\">\n\t\t\t\t\t<div class=\"title-text-wrapper \"><div class=\"title-text-container\"><div class=\"title-text-text\"><p>Merci de m\u2019envoyer, gratuitement et sans engagement, la brochure sp\u00e9cifique du PS :<\/p><\/div><\/div><\/div>\t\t\t\t<\/div>\n\t\t\t\t<\/div>\n\t\t\t\t<div class=\"elementor-element elementor-element-eab19d0 elementor-widget elementor-widget-wpforms\" data-id=\"eab19d0\" data-element_type=\"widget\" data-e-type=\"widget\" data-widget_type=\"wpforms.default\">\n\t\t\t\t<div class=\"elementor-widget-container\">\n\t\t\t\t\t<div class=\"wpforms-container wpforms-container-full\" id=\"wpforms-42303\"><form id=\"wpforms-form-42303\" class=\"wpforms-validate wpforms-form wpforms-ajax-form\" data-formid=\"42303\" method=\"post\" enctype=\"multipart\/form-data\" action=\"\/fr\/wp-json\/wp\/v2\/pages\/67515\" data-token=\"0a7c4c7b9254f6ed5bac9159bf18de07\" data-token-time=\"1776524030\"><noscript class=\"wpforms-error-noscript\">Veuillez activer JavaScript dans votre navigateur pour remplir ce formulaire.<\/noscript><div class=\"wpforms-field-container\"><div id=\"wpforms-42303-field_24-container\" class=\"wpforms-field wpforms-field-radio\" data-field-id=\"24\"><label class=\"wpforms-field-label\">Salutation <span class=\"wpforms-required-label\">*<\/span><\/label><ul id=\"wpforms-42303-field_24\" class=\"wpforms-field-required\"><li class=\"choice-2 depth-1\"><input type=\"radio\" id=\"wpforms-42303-field_24_2\" name=\"wpforms[fields][24]\" value=\"Madame\" required ><label class=\"wpforms-field-label-inline\" for=\"wpforms-42303-field_24_2\">Madame<\/label><\/li><li class=\"choice-1 depth-1\"><input type=\"radio\" id=\"wpforms-42303-field_24_1\" name=\"wpforms[fields][24]\" value=\"Monsieur\" required ><label class=\"wpforms-field-label-inline\" for=\"wpforms-42303-field_24_1\">Monsieur<\/label><\/li><li class=\"choice-4 depth-1\"><input type=\"radio\" id=\"wpforms-42303-field_24_4\" name=\"wpforms[fields][24]\" value=\"Appel neutre\" required ><label class=\"wpforms-field-label-inline\" for=\"wpforms-42303-field_24_4\">Appel neutre<\/label><\/li><\/ul><\/div><div id=\"wpforms-42303-field_2-container\" class=\"wpforms-field wpforms-field-name wpforms-one-half wpforms-first\" data-field-id=\"2\"><label class=\"wpforms-field-label\" for=\"wpforms-42303-field_2\">Pr\u00e9nom <span class=\"wpforms-required-label\">*<\/span><\/label><input type=\"text\" id=\"wpforms-42303-field_2\" class=\"wpforms-field-large wpforms-field-required\" name=\"wpforms[fields][2]\" required><\/div><div id=\"wpforms-42303-field_3-container\" class=\"wpforms-field wpforms-field-name wpforms-one-half\" data-field-id=\"3\"><label class=\"wpforms-field-label\" for=\"wpforms-42303-field_3\">Nom de famille <span class=\"wpforms-required-label\">*<\/span><\/label><input type=\"text\" id=\"wpforms-42303-field_3\" class=\"wpforms-field-large wpforms-field-required\" name=\"wpforms[fields][3]\" required><\/div><div id=\"wpforms-42303-field_28-container\" class=\"wpforms-field wpforms-field-text\" data-field-id=\"28\"><label class=\"wpforms-field-label\" for=\"wpforms-42303-field_28\">Rue, num\u00e9ro <span class=\"wpforms-required-label\">*<\/span><\/label><input type=\"text\" id=\"wpforms-42303-field_28\" class=\"wpforms-field-large wpforms-field-required\" name=\"wpforms[fields][28]\" required><\/div><div id=\"wpforms-42303-field_29-container\" class=\"wpforms-field wpforms-field-text wpforms-one-third wpforms-first\" data-field-id=\"29\"><label class=\"wpforms-field-label\" for=\"wpforms-42303-field_29\">NPA <span class=\"wpforms-required-label\">*<\/span><\/label><input type=\"text\" id=\"wpforms-42303-field_29\" class=\"wpforms-field-large wpforms-field-required\" name=\"wpforms[fields][29]\" required><\/div><div id=\"wpforms-42303-field_30-container\" class=\"wpforms-field wpforms-field-text wpforms-two-thirds\" data-field-id=\"30\"><label class=\"wpforms-field-label\" for=\"wpforms-42303-field_30\">Lieu <span class=\"wpforms-required-label\">*<\/span><\/label><input type=\"text\" id=\"wpforms-42303-field_30\" class=\"wpforms-field-large wpforms-field-required\" name=\"wpforms[fields][30]\" required><\/div><div id=\"wpforms-42303-field_25-container\" class=\"wpforms-field wpforms-field-date-time\" data-field-id=\"25\"><label class=\"wpforms-field-label\">Date de naissance (facultatif)<\/label><div class=\"wpforms-field-date-dropdown-wrap wpforms-field-medium\"><select name=\"wpforms[fields][25][date][d]\" id=\"wpforms-42303-field_25-day\" class=\"wpforms-field-date-time-date-day\" ><option value=\"\" class=\"placeholder\" selected disabled>JJ<\/option><option value=\"1\" >1<\/option><option value=\"2\" >2<\/option><option value=\"3\" >3<\/option><option value=\"4\" >4<\/option><option value=\"5\" >5<\/option><option value=\"6\" >6<\/option><option value=\"7\" >7<\/option><option value=\"8\" >8<\/option><option value=\"9\" >9<\/option><option value=\"10\" >10<\/option><option value=\"11\" >11<\/option><option value=\"12\" >12<\/option><option value=\"13\" >13<\/option><option value=\"14\" >14<\/option><option value=\"15\" >15<\/option><option value=\"16\" >16<\/option><option value=\"17\" >17<\/option><option value=\"18\" >18<\/option><option value=\"19\" >19<\/option><option value=\"20\" >20<\/option><option value=\"21\" >21<\/option><option value=\"22\" >22<\/option><option value=\"23\" >23<\/option><option value=\"24\" >24<\/option><option value=\"25\" >25<\/option><option value=\"26\" >26<\/option><option value=\"27\" >27<\/option><option value=\"28\" >28<\/option><option value=\"29\" >29<\/option><option value=\"30\" >30<\/option><option value=\"31\" >31<\/option><\/select><select name=\"wpforms[fields][25][date][m]\" id=\"wpforms-42303-field_25-month\" class=\"wpforms-field-date-time-date-month\" ><option value=\"\" class=\"placeholder\" selected disabled>MM<\/option><option value=\"1\" >1<\/option><option value=\"2\" >2<\/option><option value=\"3\" >3<\/option><option value=\"4\" >4<\/option><option value=\"5\" >5<\/option><option value=\"6\" >6<\/option><option value=\"7\" >7<\/option><option value=\"8\" >8<\/option><option value=\"9\" >9<\/option><option value=\"10\" >10<\/option><option value=\"11\" >11<\/option><option value=\"12\" >12<\/option><\/select><select name=\"wpforms[fields][25][date][y]\" id=\"wpforms-42303-field_25-year\" class=\"wpforms-field-date-time-date-year\" ><option value=\"\" class=\"placeholder\" selected disabled>AAAA<\/option><option value=\"2027\" >2027<\/option><option value=\"2026\" >2026<\/option><option value=\"2025\" >2025<\/option><option value=\"2024\" >2024<\/option><option value=\"2023\" >2023<\/option><option value=\"2022\" >2022<\/option><option value=\"2021\" >2021<\/option><option value=\"2020\" >2020<\/option><option value=\"2019\" >2019<\/option><option value=\"2018\" >2018<\/option><option value=\"2017\" >2017<\/option><option value=\"2016\" >2016<\/option><option value=\"2015\" >2015<\/option><option value=\"2014\" >2014<\/option><option value=\"2013\" >2013<\/option><option value=\"2012\" >2012<\/option><option value=\"2011\" >2011<\/option><option value=\"2010\" >2010<\/option><option value=\"2009\" >2009<\/option><option value=\"2008\" >2008<\/option><option value=\"2007\" >2007<\/option><option value=\"2006\" >2006<\/option><option value=\"2005\" >2005<\/option><option value=\"2004\" >2004<\/option><option value=\"2003\" >2003<\/option><option value=\"2002\" >2002<\/option><option value=\"2001\" >2001<\/option><option value=\"2000\" >2000<\/option><option value=\"1999\" >1999<\/option><option value=\"1998\" >1998<\/option><option value=\"1997\" >1997<\/option><option value=\"1996\" >1996<\/option><option value=\"1995\" >1995<\/option><option value=\"1994\" >1994<\/option><option value=\"1993\" >1993<\/option><option value=\"1992\" >1992<\/option><option value=\"1991\" >1991<\/option><option value=\"1990\" >1990<\/option><option value=\"1989\" >1989<\/option><option value=\"1988\" >1988<\/option><option value=\"1987\" >1987<\/option><option value=\"1986\" >1986<\/option><option value=\"1985\" >1985<\/option><option value=\"1984\" >1984<\/option><option value=\"1983\" >1983<\/option><option value=\"1982\" >1982<\/option><option value=\"1981\" >1981<\/option><option value=\"1980\" >1980<\/option><option value=\"1979\" >1979<\/option><option value=\"1978\" >1978<\/option><option value=\"1977\" >1977<\/option><option value=\"1976\" >1976<\/option><option value=\"1975\" >1975<\/option><option value=\"1974\" >1974<\/option><option value=\"1973\" >1973<\/option><option value=\"1972\" >1972<\/option><option value=\"1971\" >1971<\/option><option value=\"1970\" >1970<\/option><option value=\"1969\" >1969<\/option><option value=\"1968\" >1968<\/option><option value=\"1967\" >1967<\/option><option value=\"1966\" >1966<\/option><option value=\"1965\" >1965<\/option><option value=\"1964\" >1964<\/option><option value=\"1963\" >1963<\/option><option value=\"1962\" >1962<\/option><option value=\"1961\" >1961<\/option><option value=\"1960\" >1960<\/option><option value=\"1959\" >1959<\/option><option value=\"1958\" >1958<\/option><option value=\"1957\" >1957<\/option><option value=\"1956\" >1956<\/option><option value=\"1955\" >1955<\/option><option value=\"1954\" >1954<\/option><option value=\"1953\" >1953<\/option><option value=\"1952\" >1952<\/option><option value=\"1951\" >1951<\/option><option value=\"1950\" >1950<\/option><option value=\"1949\" >1949<\/option><option value=\"1948\" >1948<\/option><option value=\"1947\" >1947<\/option><option value=\"1946\" >1946<\/option><option value=\"1945\" >1945<\/option><option value=\"1944\" >1944<\/option><option value=\"1943\" >1943<\/option><option value=\"1942\" >1942<\/option><option value=\"1941\" >1941<\/option><option value=\"1940\" >1940<\/option><option value=\"1939\" >1939<\/option><option value=\"1938\" >1938<\/option><option value=\"1937\" >1937<\/option><option value=\"1936\" >1936<\/option><option value=\"1935\" >1935<\/option><option value=\"1934\" >1934<\/option><option value=\"1933\" >1933<\/option><option value=\"1932\" >1932<\/option><option value=\"1931\" >1931<\/option><option value=\"1930\" >1930<\/option><option value=\"1929\" >1929<\/option><option value=\"1928\" >1928<\/option><option value=\"1927\" >1927<\/option><option value=\"1926\" >1926<\/option><option value=\"1925\" >1925<\/option><option value=\"1924\" >1924<\/option><option value=\"1923\" >1923<\/option><option value=\"1922\" >1922<\/option><option value=\"1921\" >1921<\/option><option value=\"1920\" >1920<\/option><\/select><\/div><\/div><div id=\"wpforms-42303-field_5-container\" class=\"wpforms-field wpforms-field-email\" data-field-id=\"5\"><label class=\"wpforms-field-label\" for=\"wpforms-42303-field_5\">E-mail (facultatif)<\/label><input type=\"email\" id=\"wpforms-42303-field_5\" class=\"wpforms-field-large\" name=\"wpforms[fields][5]\" spellcheck=\"false\" ><\/div><div id=\"wpforms-42303-field_9-container\" class=\"wpforms-field wpforms-field-phone\" data-field-id=\"9\"><label class=\"wpforms-field-label\" for=\"wpforms-42303-field_9\">T\u00e9l\u00e9phone (facultatif)<\/label><input type=\"tel\" id=\"wpforms-42303-field_9\" class=\"wpforms-field-large wpforms-smart-phone-field\" data-rule-smart-phone-field=\"true\" name=\"wpforms[fields][9]\" aria-label=\"T\u00e9l\u00e9phone (facultatif)\" ><\/div><div id=\"wpforms-42303-field_1-container\" class=\"wpforms-field wpforms-field-checkbox\" data-field-id=\"1\"><label class=\"wpforms-field-label\">Questions<\/label><ul id=\"wpforms-42303-field_1\" data-choice-limit=\"1\"><li class=\"choice-1 depth-1\"><input type=\"checkbox\" id=\"wpforms-42303-field_1_1\" data-rule-check-limit=\"true\" name=\"wpforms[fields][1][]\" value=\"J\u2019ai des questions \u00e0 vous poser et souhaite un entretien personnalis\u00e9. Merci de m\u2019appeler.\"  ><label class=\"wpforms-field-label-inline\" for=\"wpforms-42303-field_1_1\">J\u2019ai des questions \u00e0 vous poser et souhaite un entretien personnalis\u00e9. Merci de m\u2019appeler.<\/label><\/li><\/ul><\/div><div id=\"wpforms-42303-field_16-container\" class=\"wpforms-field wpforms-field-textarea wpforms-full\" data-field-id=\"16\"><label class=\"wpforms-field-label\" for=\"wpforms-42303-field_16\">Remarques (facultatif)<\/label><textarea id=\"wpforms-42303-field_16\" class=\"wpforms-field-large\" name=\"wpforms[fields][16]\" ><\/textarea><\/div><div id=\"wpforms-42303-field_31-container\" class=\"wpforms-field wpforms-field-hidden\" data-field-id=\"31\"><input type=\"hidden\" id=\"wpforms-42303-field_31\" name=\"wpforms[fields][31]\" value=\" \"><\/div><\/div><!-- .wpforms-field-container --><div class=\"wpforms-submit-container\" ><input type=\"hidden\" name=\"wpforms[id]\" value=\"42303\"><input type=\"hidden\" name=\"page_title\" value=\"\"><input type=\"hidden\" name=\"page_url\" value=\"https:\/\/staging.sp-ps.ch\/fr\/wp-json\/wp\/v2\/pages\/67515\"><input type=\"hidden\" name=\"url_referer\" value=\"\"><button type=\"submit\" name=\"wpforms[submit]\" id=\"wpforms-submit-42303\" class=\"wpforms-submit\" data-alt-text=\"Soumettre...\" data-submit-text=\"Soumettre\" aria-live=\"assertive\" value=\"wpforms-submit\">Soumettre<\/button><img decoding=\"async\" src=\"https:\/\/staging.sp-ps.ch\/wp-content\/plugins\/wpforms\/assets\/images\/submit-spin.svg\" class=\"wpforms-submit-spinner\" style=\"display: none;\" width=\"26\" height=\"26\" alt=\"Chargement en cours\"><\/div><\/form><\/div>  <!-- .wpforms-container -->\t\t\t\t<\/div>\n\t\t\t\t<\/div>\n\t\t\t\t\t<\/div>\n\t\t<\/div>\n\t\t\t\t\t<\/div>\n\t\t<\/section>\n\t\t\t\t<\/div>\n\t\t","protected":false},"excerpt":{"rendered":"<p>Commander le guide sur le testament La brochure du PS est con\u00e7ue de mani\u00e8re \u00e0 vous permettre de prendre en compte les cons\u00e9quences d\u2019un testament, comme de s\u2019assurer qu\u2019il sera [&hellip;]<\/p>\n","protected":false},"author":1,"featured_media":0,"parent":67654,"menu_order":0,"comment_status":"open","ping_status":"closed","template":"","meta":{"footnotes":""},"class_list":["post-67515","page","type-page","status-publish","hentry"],"_links":{"self":[{"href":"https:\/\/staging.sp-ps.ch\/fr\/wp-json\/wp\/v2\/pages\/67515","targetHints":{"allow":["GET"]}}],"collection":[{"href":"https:\/\/staging.sp-ps.ch\/fr\/wp-json\/wp\/v2\/pages"}],"about":[{"href":"https:\/\/staging.sp-ps.ch\/fr\/wp-json\/wp\/v2\/types\/page"}],"author":[{"embeddable":true,"href":"https:\/\/staging.sp-ps.ch\/fr\/wp-json\/wp\/v2\/users\/1"}],"replies":[{"embeddable":true,"href":"https:\/\/staging.sp-ps.ch\/fr\/wp-json\/wp\/v2\/comments?post=67515"}],"version-history":[{"count":18,"href":"https:\/\/staging.sp-ps.ch\/fr\/wp-json\/wp\/v2\/pages\/67515\/revisions"}],"predecessor-version":[{"id":93567,"href":"https:\/\/staging.sp-ps.ch\/fr\/wp-json\/wp\/v2\/pages\/67515\/revisions\/93567"}],"up":[{"embeddable":true,"href":"https:\/\/staging.sp-ps.ch\/fr\/wp-json\/wp\/v2\/pages\/67654"}],"wp:attachment":[{"href":"https:\/\/staging.sp-ps.ch\/fr\/wp-json\/wp\/v2\/media?parent=67515"}],"curies":[{"name":"wp","href":"https:\/\/api.w.org\/{rel}","templated":true}]}}