{"id":67603,"date":"2020-02-25T00:00:00","date_gmt":"2020-02-24T23:00:00","guid":{"rendered":"https:\/\/test.sp-ps.ch\/faire-un-don-non-a-linitiative-de-resiliation-2\/"},"modified":"2020-02-25T00:00:00","modified_gmt":"2020-02-24T23:00:00","slug":"faire-un-don-non-a-linitiative-de-resiliation-2","status":"publish","type":"page","link":"https:\/\/staging.sp-ps.ch\/fr\/faire-un-don-non-a-linitiative-de-resiliation-2\/","title":{"rendered":"Faire un don &#8211; Non \u00e0 l&#8217;initiative de r\u00e9siliation"},"content":{"rendered":"\t\t<div data-elementor-type=\"wp-post\" data-elementor-id=\"67603\" class=\"elementor elementor-67603 elementor-67192\" data-elementor-post-type=\"page\">\n\t\t\t\t\t\t<section class=\"elementor-section elementor-top-section elementor-element elementor-element-62f6b4cd5ea5e elementor-section-boxed elementor-section-height-default elementor-section-height-default\" data-id=\"62f6b4cd5ea5e\" data-element_type=\"section\" data-e-type=\"section\" data-settings=\"{&quot;jet_parallax_layout_list&quot;:[],&quot;background_background&quot;:&quot;classic&quot;}\">\n\t\t\t\t\t\t<div class=\"elementor-container elementor-column-gap-wide\">\n\t\t\t\t\t<div class=\"elementor-column elementor-col-100 elementor-top-column elementor-element elementor-element-62f6b4cd5ea5f\" data-id=\"62f6b4cd5ea5f\" data-element_type=\"column\" data-e-type=\"column\">\n\t\t\t<div class=\"elementor-widget-wrap elementor-element-populated\">\n\t\t\t\t\t\t<div class=\"elementor-element elementor-element-62f6b4cd5e981 elementor-widget elementor-widget-heading\" data-id=\"62f6b4cd5e981\" data-element_type=\"widget\" data-e-type=\"widget\" data-widget_type=\"heading.default\">\n\t\t\t\t<div class=\"elementor-widget-container\">\n\t\t\t\t\t<h1 class=\"elementor-heading-title elementor-size-default\">Faire un don &#8211; Non \u00e0 l&#8217;initiative de r\u00e9siliation<\/h1>\t\t\t\t<\/div>\n\t\t\t\t<\/div>\n\t\t\t\t<div class=\"elementor-element elementor-element-62f6b4cd5ea43 elementor-widget elementor-widget-jet-breadcrumbs\" data-id=\"62f6b4cd5ea43\" data-element_type=\"widget\" data-e-type=\"widget\" data-widget_type=\"jet-breadcrumbs.default\">\n\t\t\t\t<div class=\"elementor-widget-container\">\n\t\t\t\t\t<div class=\"elementor-jet-breadcrumbs jet-blocks\">\n\t\t<div class=\"jet-breadcrumbs\">\n\t\t<div class=\"jet-breadcrumbs__content\">\n\t\t<div class=\"jet-breadcrumbs__wrap\">\n\t\t<\/div>\n\t\t<\/div>\n\t\t<\/div><\/div>\t\t\t\t<\/div>\n\t\t\t\t<\/div>\n\t\t\t\t<div class=\"elementor-element elementor-element-62f6b4cd5ea5c elementor-widget__width-initial elementor-widget elementor-widget-text-editor\" data-id=\"62f6b4cd5ea5c\" data-element_type=\"widget\" data-e-type=\"widget\" data-widget_type=\"text-editor.default\">\n\t\t\t\t<div class=\"elementor-widget-container\">\n\t\t\t\t\t\t\t\t\tVous souvenez-vous encore de ce dimanche de f\u00e9vrier 2014\u2009? L\u2019initiative contre l&#8217;immigration de masse \u00e9tait alors accept\u00e9e de justesse, contrairement \u00e0 ce que nous laissaient penser les sondages. Nous devons emp\u00eacher \u00e0 tout prix que cela se r\u00e9p\u00e8te avec l\u2019initiative de r\u00e9siliation.\t\t\t\t\t\t\t\t<\/div>\n\t\t\t\t<\/div>\n\t\t\t\t\t<\/div>\n\t\t<\/div>\n\t\t\t\t\t<\/div>\n\t\t<\/section>\n\t\t\t\t<section class=\"elementor-section elementor-top-section elementor-element elementor-element-62f6b4cd5ea61 elementor-section-boxed elementor-section-height-default elementor-section-height-default\" data-id=\"62f6b4cd5ea61\" data-element_type=\"section\" data-e-type=\"section\" data-settings=\"{&quot;jet_parallax_layout_list&quot;:[]}\">\n\t\t\t\t\t\t<div class=\"elementor-container elementor-column-gap-default\">\n\t\t\t\t\t<div class=\"elementor-column elementor-col-100 elementor-top-column elementor-element elementor-element-62f6b4cd5ea63\" data-id=\"62f6b4cd5ea63\" data-element_type=\"column\" data-e-type=\"column\">\n\t\t\t<div class=\"elementor-widget-wrap elementor-element-populated\">\n\t\t\t\t\t\t<div class=\"elementor-element elementor-element-62f6b4cd5ea64 elementor-widget elementor-widget-spacer\" data-id=\"62f6b4cd5ea64\" data-element_type=\"widget\" data-e-type=\"widget\" data-widget_type=\"spacer.default\">\n\t\t\t\t<div class=\"elementor-widget-container\">\n\t\t\t\t\t\t\t<div class=\"elementor-spacer\">\n\t\t\t<div class=\"elementor-spacer-inner\"><\/div>\n\t\t<\/div>\n\t\t\t\t\t\t<\/div>\n\t\t\t\t<\/div>\n\t\t\t\t\t<\/div>\n\t\t<\/div>\n\t\t\t\t\t<\/div>\n\t\t<\/section>\n\t\t\t\t<section class=\"elementor-section elementor-top-section elementor-element elementor-element-62f6b4cd5ea65 elementor-section-boxed elementor-section-height-default elementor-section-height-default\" data-id=\"62f6b4cd5ea65\" data-element_type=\"section\" data-e-type=\"section\" data-settings=\"{&quot;jet_parallax_layout_list&quot;:[]}\">\n\t\t\t\t\t\t<div class=\"elementor-container elementor-column-gap-no\">\n\t\t\t\t\t<div class=\"elementor-column elementor-col-100 elementor-top-column elementor-element elementor-element-62f6b4cd5ea66\" data-id=\"62f6b4cd5ea66\" data-element_type=\"column\" data-e-type=\"column\">\n\t\t\t<div class=\"elementor-widget-wrap elementor-element-populated\">\n\t\t\t\t\t\t<div class=\"elementor-element elementor-element-62f6b4cd58d53 elementor-widget elementor-widget-text-editor\" data-id=\"62f6b4cd58d53\" data-element_type=\"widget\" data-e-type=\"widget\" data-widget_type=\"text-editor.default\">\n\t\t\t\t<div class=\"elementor-widget-container\">\n\t\t\t\t\t\t\t\t\t<p>&nbsp;<div class=\"rnw-widget-container\">&nbsp;<\/div><script src=\"https:\/\/tamaro.raisenow.com\/sp-schweiz\/latest\/widget.js\"><\/script><script>window.rnw.tamaro.runWidget('.rnw-widget-container', {\tlanguage: 'fr',\ttestMode: false,\tdebug: false,\tpurposes: ['p1'],\tpurposeDetails: {    \tp1: {    \t\tstored_campaign_id: 26530853,    \t},    },    translations: {        de: {        \tpurposes: {           \t\tp1: 'Nein zur K&uuml;ndigungsinitiative',        \t},    \t},    \tfr: {        \tpurposes: {           \t\tp1: 'Non &agrave; l\\'initiative de limitation',        \t},    \t},    \tit: {        \tpurposes: {           \t\tp1: 'No all\\'iniziativa per la disdetta',        \t},    \t},     },\tpaymentFormPrefill: {     \tstored_customer_email_permission: true,     \tstored_customer_donation_receipt: true,     \tstored_customer_country: 'CH',     \tstored_sxt_address_source: '1008',     \t    },                })<\/script><style type=\"text\/css\">:root {      --tamaro-primary-color: #e4022d;      --tamaro-primary-color__hover: rgba(228,2,45,0.75);      --tamaro-primary-bg-color: rgba(228,2,45,0.03);      --tamaro-border-color: #b5b5b5;    }<\/style><\/p>\n\t\t\t\t\t\t\t\t<\/div>\n\t\t\t\t<\/div>\n\t\t\t\t\t<\/div>\n\t\t<\/div>\n\t\t\t\t\t<\/div>\n\t\t<\/section>\n\t\t\t\t<\/div>\n\t\t","protected":false},"excerpt":{"rendered":"","protected":false},"author":1,"featured_media":0,"parent":0,"menu_order":0,"comment_status":"open","ping_status":"closed","template":"","meta":{"footnotes":""},"class_list":["post-67603","page","type-page","status-publish","hentry"],"_links":{"self":[{"href":"https:\/\/staging.sp-ps.ch\/fr\/wp-json\/wp\/v2\/pages\/67603","targetHints":{"allow":["GET"]}}],"collection":[{"href":"https:\/\/staging.sp-ps.ch\/fr\/wp-json\/wp\/v2\/pages"}],"about":[{"href":"https:\/\/staging.sp-ps.ch\/fr\/wp-json\/wp\/v2\/types\/page"}],"author":[{"embeddable":true,"href":"https:\/\/staging.sp-ps.ch\/fr\/wp-json\/wp\/v2\/users\/1"}],"replies":[{"embeddable":true,"href":"https:\/\/staging.sp-ps.ch\/fr\/wp-json\/wp\/v2\/comments?post=67603"}],"version-history":[{"count":0,"href":"https:\/\/staging.sp-ps.ch\/fr\/wp-json\/wp\/v2\/pages\/67603\/revisions"}],"wp:attachment":[{"href":"https:\/\/staging.sp-ps.ch\/fr\/wp-json\/wp\/v2\/media?parent=67603"}],"curies":[{"name":"wp","href":"https:\/\/api.w.org\/{rel}","templated":true}]}}