{"id":67615,"date":"2022-02-28T00:00:00","date_gmt":"2022-02-27T23:00:00","guid":{"rendered":"https:\/\/test.sp-ps.ch\/faire-un-don-soutien-aux-personnes-qui-fuient-la-guerre-en-ukraine\/"},"modified":"2022-02-28T00:00:00","modified_gmt":"2022-02-27T23:00:00","slug":"faire-un-don-soutien-aux-personnes-qui-fuient-la-guerre-en-ukraine","status":"publish","type":"page","link":"https:\/\/staging.sp-ps.ch\/fr\/faire-un-don-soutien-aux-personnes-qui-fuient-la-guerre-en-ukraine\/","title":{"rendered":"Faire un don : Soutien aux personnes qui fuient la guerre en Ukraine"},"content":{"rendered":"\t\t<div data-elementor-type=\"wp-post\" data-elementor-id=\"67615\" class=\"elementor elementor-67615 elementor-67175\" data-elementor-post-type=\"page\">\n\t\t\t\t\t\t<section class=\"elementor-section elementor-top-section elementor-element elementor-element-62f6b4e07ecf3 elementor-section-boxed elementor-section-height-default elementor-section-height-default\" data-id=\"62f6b4e07ecf3\" data-element_type=\"section\" data-e-type=\"section\" data-settings=\"{&quot;jet_parallax_layout_list&quot;:[],&quot;background_background&quot;:&quot;classic&quot;}\">\n\t\t\t\t\t\t<div class=\"elementor-container elementor-column-gap-wide\">\n\t\t\t\t\t<div class=\"elementor-column elementor-col-100 elementor-top-column elementor-element elementor-element-62f6b4e07ecf4\" data-id=\"62f6b4e07ecf4\" data-element_type=\"column\" data-e-type=\"column\">\n\t\t\t<div class=\"elementor-widget-wrap elementor-element-populated\">\n\t\t\t\t\t\t<div class=\"elementor-element elementor-element-62f6b4e07ec8c elementor-widget elementor-widget-heading\" data-id=\"62f6b4e07ec8c\" data-element_type=\"widget\" data-e-type=\"widget\" data-widget_type=\"heading.default\">\n\t\t\t\t<div class=\"elementor-widget-container\">\n\t\t\t\t\t<h1 class=\"elementor-heading-title elementor-size-default\">Faire un don : Soutien aux personnes qui fuient la guerre en Ukraine<\/h1>\t\t\t\t<\/div>\n\t\t\t\t<\/div>\n\t\t\t\t<div class=\"elementor-element elementor-element-62f6b4e07ece0 elementor-widget elementor-widget-jet-breadcrumbs\" data-id=\"62f6b4e07ece0\" data-element_type=\"widget\" data-e-type=\"widget\" data-widget_type=\"jet-breadcrumbs.default\">\n\t\t\t\t<div class=\"elementor-widget-container\">\n\t\t\t\t\t<div class=\"elementor-jet-breadcrumbs jet-blocks\">\n\t\t<div class=\"jet-breadcrumbs\">\n\t\t<div class=\"jet-breadcrumbs__content\">\n\t\t<div class=\"jet-breadcrumbs__wrap\">\n\t\t<\/div>\n\t\t<\/div>\n\t\t<\/div><\/div>\t\t\t\t<\/div>\n\t\t\t\t<\/div>\n\t\t\t\t<div class=\"elementor-element elementor-element-62f6b4e07ecf1 elementor-widget__width-initial elementor-widget elementor-widget-text-editor\" data-id=\"62f6b4e07ecf1\" data-element_type=\"widget\" data-e-type=\"widget\" data-widget_type=\"text-editor.default\">\n\t\t\t\t<div class=\"elementor-widget-container\">\n\t\t\t\t\t\t\t\t\tAu vu de la situation dramatique, nous aimerions aujourd&#8217;hui vous demander de faire un don pour l&#8217;aide directe sur place. Le PS Suisse lance une campagne de dons avec pour objectif de r\u00e9colter 50 000 francs. Les premiers 10 000 francs seront vers\u00e9s par le PS Suisse lui-m\u00eame. Le montant r\u00e9colt\u00e9 sera int\u00e9gralement vers\u00e9 mercredi \u00e0 l&#8217;\u0153uvre d&#8217;entraide Solidar Suisse, une organisation-s\u0153ur du PS Suisse. Cette ONG reconnue soutiendra les personnes r\u00e9fugi\u00e9es dans les pays voisins de l&#8217;Ukraine en leur fournissant notamment de la nourriture, des couvertures, des articles d&#8217;hygi\u00e8ne et des m\u00e9dicaments.\t\t\t\t\t\t\t\t<\/div>\n\t\t\t\t<\/div>\n\t\t\t\t\t<\/div>\n\t\t<\/div>\n\t\t\t\t\t<\/div>\n\t\t<\/section>\n\t\t\t\t<section class=\"elementor-section elementor-top-section elementor-element elementor-element-62f6b4e07ecf5 elementor-section-boxed elementor-section-height-default elementor-section-height-default\" data-id=\"62f6b4e07ecf5\" data-element_type=\"section\" data-e-type=\"section\" data-settings=\"{&quot;jet_parallax_layout_list&quot;:[]}\">\n\t\t\t\t\t\t<div class=\"elementor-container elementor-column-gap-default\">\n\t\t\t\t\t<div class=\"elementor-column elementor-col-100 elementor-top-column elementor-element elementor-element-62f6b4e07ecf6\" data-id=\"62f6b4e07ecf6\" data-element_type=\"column\" data-e-type=\"column\">\n\t\t\t<div class=\"elementor-widget-wrap elementor-element-populated\">\n\t\t\t\t\t\t<div class=\"elementor-element elementor-element-62f6b4e07ecf7 elementor-widget elementor-widget-spacer\" data-id=\"62f6b4e07ecf7\" data-element_type=\"widget\" data-e-type=\"widget\" data-widget_type=\"spacer.default\">\n\t\t\t\t<div class=\"elementor-widget-container\">\n\t\t\t\t\t\t\t<div class=\"elementor-spacer\">\n\t\t\t<div class=\"elementor-spacer-inner\"><\/div>\n\t\t<\/div>\n\t\t\t\t\t\t<\/div>\n\t\t\t\t<\/div>\n\t\t\t\t\t<\/div>\n\t\t<\/div>\n\t\t\t\t\t<\/div>\n\t\t<\/section>\n\t\t\t\t<section class=\"elementor-section elementor-top-section elementor-element elementor-element-62f6b4e07ecf8 elementor-section-boxed elementor-section-height-default elementor-section-height-default\" data-id=\"62f6b4e07ecf8\" data-element_type=\"section\" data-e-type=\"section\" data-settings=\"{&quot;jet_parallax_layout_list&quot;:[]}\">\n\t\t\t\t\t\t<div class=\"elementor-container elementor-column-gap-no\">\n\t\t\t\t\t<div class=\"elementor-column elementor-col-100 elementor-top-column elementor-element elementor-element-62f6b4e07ecf9\" data-id=\"62f6b4e07ecf9\" data-element_type=\"column\" data-e-type=\"column\">\n\t\t\t<div class=\"elementor-widget-wrap elementor-element-populated\">\n\t\t\t\t\t\t<div class=\"elementor-element elementor-element-62f6b4e07aff8 elementor-widget elementor-widget-text-editor\" data-id=\"62f6b4e07aff8\" data-element_type=\"widget\" data-e-type=\"widget\" data-widget_type=\"text-editor.default\">\n\t\t\t\t<div class=\"elementor-widget-container\">\n\t\t\t\t\t\t\t\t\t<div class=\"rnw-widget-container\">&nbsp;<script src=\"https:\/\/tamaro.raisenow.com\/sp-schweiz\/latest\/widget.js\"><\/script><script>window.rnw.tamaro.runWidget('.rnw-widget-container', {\tlanguage: 'fr',\ttestMode: false,\tdebug: false,\tpurposes: ['p1'],\tpurposeDetails: {\t\tp1: {\t\t\tstored_campaign_id: 30991397,\t\t},\t},\tpaymentTypes: [\t\t'onetime',\t\t\t],\ttranslations: {\t\tde: {\t\t\tpurposes: {\t\t\t\tp1: 'Hilfe f&uuml;r die Menschen auf der Flucht vor dem Krieg in der Ukraine',\t\t\t},\t\t\tpayment_methods: {\t\t\t\tdd: 'Lastschriftenverfahren (LSV\/DD)',\t\t\t},\t\t},\t\tfr: {\t\t\tpurposes: {\t\t\t\tp1: 'Soutien aux personnes qui fuient la guerre en Ukraine',\t\t\t},\t\t\tpayment_methods: {\t\t\t\tdd: 'Recouvrement direct (LSV\/DD)',\t\t\t},\t\t},\t\tit: {\t\t\tpurposes: {\t\t\t\tp1: 'PS Svizzero',\t\t\t},\t\t\tpayment_methods: {\t\t\t\tdd: 'Addebito diretto (LSV\/DD)',\t\t\t},\t\t}, \t},\tshowStoredCustomerEmailPermission: false,\tpaymentFormPrefill: {\t\tstored_customer_email_permission: true,\t\tstored_customer_donation_receipt: true,\t\tstored_customer_country: 'CH',\t\tstored_sxt_address_source: '1008',\t\tstored_sxt_product_id: '209933',\t\t\t},\tamounts: [\t\t{\t\t\t\"if\": \"paymentType() == onetime\",\t\t\t\"then\": [50,100,200,400],\t\t},\t\t{\t\t\t\"if\": \"recurringInterval() == monthly && paymentType() == recurring\",\t\t\t\"then\": [10,20,30,50],\t\t},\t\t{\t\t\t\"if\": \"recurringInterval() == quarterly && paymentType() == recurring\",\t\t\t\"then\": [30,60,90,150],\t\t},\t\t{\t\t\t\"if\": \"recurringInterval() == semestral && paymentType() == recurring\",\t\t\t\"then\": [60,120,180,300],\t\t},\t\t{\t\t\t\"if\": \"recurringInterval() == yearly && paymentType() == recurring\",\t\t\t\"then\": [120,240,360,600],\t\t},\t],\tpaymentSlipDeliveryTypes: [\t\t{\t\t\t\"if\": \"paymentType() == onetime\",\t\t\t\"then\": ['download','mail'],\t\t},\t\t{\t\t\t\"if\": \"paymentType() == recurring\",\t\t\t\"then\": ['mail'],\t\t},\t],\t\t\t})<\/script><style type=\"text\/css\">:root {\t\t--tamaro-primary-color: #E4002B;\t\t--tamaro-primary-color__hover: rgba(228,0,43,0.75);\t\t--tamaro-primary-bg-color: rgba(228,0,43,0.03);\t\t--tamaro-border-color: #b5b5b5;\t\t\/*font-size: inherit;*\/\t}<\/style><\/div>\n\t\t\t\t\t\t\t\t<\/div>\n\t\t\t\t<\/div>\n\t\t\t\t\t<\/div>\n\t\t<\/div>\n\t\t\t\t\t<\/div>\n\t\t<\/section>\n\t\t\t\t<\/div>\n\t\t","protected":false},"excerpt":{"rendered":"","protected":false},"author":1,"featured_media":0,"parent":0,"menu_order":0,"comment_status":"open","ping_status":"closed","template":"","meta":{"footnotes":""},"class_list":["post-67615","page","type-page","status-publish","hentry"],"_links":{"self":[{"href":"https:\/\/staging.sp-ps.ch\/fr\/wp-json\/wp\/v2\/pages\/67615","targetHints":{"allow":["GET"]}}],"collection":[{"href":"https:\/\/staging.sp-ps.ch\/fr\/wp-json\/wp\/v2\/pages"}],"about":[{"href":"https:\/\/staging.sp-ps.ch\/fr\/wp-json\/wp\/v2\/types\/page"}],"author":[{"embeddable":true,"href":"https:\/\/staging.sp-ps.ch\/fr\/wp-json\/wp\/v2\/users\/1"}],"replies":[{"embeddable":true,"href":"https:\/\/staging.sp-ps.ch\/fr\/wp-json\/wp\/v2\/comments?post=67615"}],"version-history":[{"count":0,"href":"https:\/\/staging.sp-ps.ch\/fr\/wp-json\/wp\/v2\/pages\/67615\/revisions"}],"wp:attachment":[{"href":"https:\/\/staging.sp-ps.ch\/fr\/wp-json\/wp\/v2\/media?parent=67615"}],"curies":[{"name":"wp","href":"https:\/\/api.w.org\/{rel}","templated":true}]}}