{"id":67629,"date":"2021-05-08T00:00:00","date_gmt":"2021-05-07T22:00:00","guid":{"rendered":"https:\/\/test.sp-ps.ch\/assemblee-des-delegue-e-s-numerique-08-05-2021\/"},"modified":"2021-05-08T00:00:00","modified_gmt":"2021-05-07T22:00:00","slug":"assemblee-des-delegue-e-s-numerique-08-05-2021","status":"publish","type":"page","link":"https:\/\/staging.sp-ps.ch\/fr\/assemblee-des-delegue-e-s-numerique-08-05-2021\/","title":{"rendered":"Assembl\u00e9e des d\u00e9l\u00e9gu\u00e9-e-s num\u00e9rique 08.05.2021"},"content":{"rendered":"\t\t<div data-elementor-type=\"wp-post\" data-elementor-id=\"67629\" class=\"elementor elementor-67629 elementor-67220\" data-elementor-post-type=\"page\">\n\t\t\t\t\t\t<section class=\"elementor-section elementor-top-section elementor-element elementor-element-62f6b4fc4bb1e elementor-section-boxed elementor-section-height-default elementor-section-height-default\" data-id=\"62f6b4fc4bb1e\" data-element_type=\"section\" data-e-type=\"section\" data-settings=\"{&quot;jet_parallax_layout_list&quot;:[],&quot;background_background&quot;:&quot;classic&quot;}\">\n\t\t\t\t\t\t<div class=\"elementor-container elementor-column-gap-wide\">\n\t\t\t\t\t<div class=\"elementor-column elementor-col-100 elementor-top-column elementor-element elementor-element-62f6b4fc4bb1f\" data-id=\"62f6b4fc4bb1f\" data-element_type=\"column\" data-e-type=\"column\">\n\t\t\t<div class=\"elementor-widget-wrap elementor-element-populated\">\n\t\t\t\t\t\t<div class=\"elementor-element elementor-element-62f6b4fc4ba92 elementor-widget elementor-widget-heading\" data-id=\"62f6b4fc4ba92\" data-element_type=\"widget\" data-e-type=\"widget\" data-widget_type=\"heading.default\">\n\t\t\t\t<div class=\"elementor-widget-container\">\n\t\t\t\t\t<h1 class=\"elementor-heading-title elementor-size-default\">Assembl\u00e9e des d\u00e9l\u00e9gu\u00e9-e-s num\u00e9rique 08.05.2021<\/h1>\t\t\t\t<\/div>\n\t\t\t\t<\/div>\n\t\t\t\t<div class=\"elementor-element elementor-element-62f6b4fc4bb06 elementor-widget elementor-widget-jet-breadcrumbs\" data-id=\"62f6b4fc4bb06\" data-element_type=\"widget\" data-e-type=\"widget\" data-widget_type=\"jet-breadcrumbs.default\">\n\t\t\t\t<div class=\"elementor-widget-container\">\n\t\t\t\t\t<div class=\"elementor-jet-breadcrumbs jet-blocks\">\n\t\t<div class=\"jet-breadcrumbs\">\n\t\t<div class=\"jet-breadcrumbs__content\">\n\t\t<div class=\"jet-breadcrumbs__wrap\">\n\t\t<\/div>\n\t\t<\/div>\n\t\t<\/div><\/div>\t\t\t\t<\/div>\n\t\t\t\t<\/div>\n\t\t\t\t\t<\/div>\n\t\t<\/div>\n\t\t\t\t\t<\/div>\n\t\t<\/section>\n\t\t\t\t<section class=\"elementor-section elementor-top-section elementor-element elementor-element-62f6b4fc4bb21 elementor-section-boxed elementor-section-height-default elementor-section-height-default\" data-id=\"62f6b4fc4bb21\" data-element_type=\"section\" data-e-type=\"section\" data-settings=\"{&quot;jet_parallax_layout_list&quot;:[]}\">\n\t\t\t\t\t\t<div class=\"elementor-container elementor-column-gap-default\">\n\t\t\t\t\t<div class=\"elementor-column elementor-col-100 elementor-top-column elementor-element elementor-element-62f6b4fc4bb22\" data-id=\"62f6b4fc4bb22\" data-element_type=\"column\" data-e-type=\"column\">\n\t\t\t<div class=\"elementor-widget-wrap elementor-element-populated\">\n\t\t\t\t\t\t<div class=\"elementor-element elementor-element-62f6b4fc4bb23 elementor-widget elementor-widget-spacer\" data-id=\"62f6b4fc4bb23\" data-element_type=\"widget\" data-e-type=\"widget\" data-widget_type=\"spacer.default\">\n\t\t\t\t<div class=\"elementor-widget-container\">\n\t\t\t\t\t\t\t<div class=\"elementor-spacer\">\n\t\t\t<div class=\"elementor-spacer-inner\"><\/div>\n\t\t<\/div>\n\t\t\t\t\t\t<\/div>\n\t\t\t\t<\/div>\n\t\t\t\t\t<\/div>\n\t\t<\/div>\n\t\t\t\t\t<\/div>\n\t\t<\/section>\n\t\t\t\t<section class=\"elementor-section elementor-top-section elementor-element elementor-element-62f6b4fc4bb24 elementor-section-boxed elementor-section-height-default elementor-section-height-default\" data-id=\"62f6b4fc4bb24\" data-element_type=\"section\" data-e-type=\"section\" data-settings=\"{&quot;jet_parallax_layout_list&quot;:[]}\">\n\t\t\t\t\t\t<div class=\"elementor-container elementor-column-gap-no\">\n\t\t\t\t\t<div class=\"elementor-column elementor-col-100 elementor-top-column elementor-element elementor-element-62f6b4fc4bb25\" data-id=\"62f6b4fc4bb25\" data-element_type=\"column\" data-e-type=\"column\">\n\t\t\t<div class=\"elementor-widget-wrap elementor-element-populated\">\n\t\t\t\t\t\t<div class=\"elementor-element elementor-element-62f6b4fb83a9e elementor-widget elementor-widget-text-editor\" data-id=\"62f6b4fb83a9e\" data-element_type=\"widget\" data-e-type=\"widget\" data-widget_type=\"text-editor.default\">\n\t\t\t\t<div class=\"elementor-widget-container\">\n\t\t\t\t\t\t\t\t\t<p>Samedi, 8 mai 2021, 10h30<h3>Retransmission en direct<\/h3><div class=\"lyte-wrapper\" style=\"width:420px;max-width:100%;margin:5px;\"><div class=\"lyMe hidef\" id=\"WYL_QRJyBnfYy-Y\"><div id=\"lyte_QRJyBnfYy-Y\" data-src=\"https:\/\/staging.sp-ps.ch\/youtubeLyteCache.php?origThumbUrl=%2F%2Fi.ytimg.com%2Fvi%2FQRJyBnfYy-Y%2Fhqdefault.jpg\" class=\"pL\"><div class=\"tC\"><div class=\"tT\"><\/div><\/div><div class=\"play\"><\/div><div class=\"ctrl\"><div class=\"Lctrl\"><\/div><div class=\"Rctrl\"><\/div><\/div><\/div><noscript><a href=\"https:\/\/youtu.be\/QRJyBnfYy-Y\" rel=\"nofollow\"><img fetchpriority=\"high\" decoding=\"async\" src=\"https:\/\/staging.sp-ps.ch\/youtubeLyteCache.php?origThumbUrl=https%3A%2F%2Fi.ytimg.com%2Fvi%2FQRJyBnfYy-Y%2F0.jpg\" alt=\"YouTube video thumbnail\" width=\"420\" height=\"216\" \/><br \/>Lire cette vid\u00e9o sur YouTube<\/a><\/noscript><\/div><\/div><div class=\"lL\" style=\"max-width:100%;width:420px;margin:5px;\"><\/div><\/p><h3>Retransmission en fran&ccedil;ais<\/h3><div class=\"lyte-wrapper\" style=\"width:420px;max-width:100%;margin:5px;\"><div class=\"lyMe hidef\" id=\"WYL_QoiEgGV_8c0\"><div id=\"lyte_QoiEgGV_8c0\" data-src=\"https:\/\/staging.sp-ps.ch\/youtubeLyteCache.php?origThumbUrl=%2F%2Fi.ytimg.com%2Fvi%2FQoiEgGV_8c0%2Fhqdefault.jpg\" class=\"pL\"><div class=\"tC\"><div class=\"tT\"><\/div><\/div><div class=\"play\"><\/div><div class=\"ctrl\"><div class=\"Lctrl\"><\/div><div class=\"Rctrl\"><\/div><\/div><\/div><noscript><a href=\"https:\/\/youtu.be\/QoiEgGV_8c0\" rel=\"nofollow\"><img decoding=\"async\" src=\"https:\/\/staging.sp-ps.ch\/youtubeLyteCache.php?origThumbUrl=https%3A%2F%2Fi.ytimg.com%2Fvi%2FQoiEgGV_8c0%2F0.jpg\" alt=\"YouTube video thumbnail\" width=\"420\" height=\"216\" \/><br \/>Lire cette vid\u00e9o sur YouTube<\/a><\/noscript><\/div><\/div><div class=\"lL\" style=\"max-width:100%;width:420px;margin:5px;\"><\/div><\/p><\/p>\n\t\t\t\t\t\t\t\t<\/div>\n\t\t\t\t<\/div>\n\t\t\t\t<div class=\"elementor-element elementor-element-62f6b4fb91073 elementor-widget elementor-widget-spps_button_list\" data-id=\"62f6b4fb91073\" data-element_type=\"widget\" data-e-type=\"widget\" data-widget_type=\"spps_button_list.default\">\n\t\t\t\t<div class=\"elementor-widget-container\">\n\t\t\t\t\t<div class=\"button-list-wrapper wrapper-spacing-small  \"><div class=\"button-list-title\"><h3>Proc\u00e8s-verbal du 8 mai 2021<\/h3><\/div><div class=\"button-list-container\"><div class=\"button-list-items\"><div class=\"button-list-item\"><div class=\"button-wrapper \"><a href=\"https:\/\/staging.sp-ps.ch\/wp-content\/uploads\/2021\/05\/dv_protokoll_08052021_def_0.pdf\"  target=\"_self\" class=\"button-link button-link-default\" >Proc\u00e8s-verbal de l'Assembl\u00e9e des d\u00e9l\u00e9gu\u00e9-e-s du 8 mai 2021<span class=\"button-media-date\">21.04.2026<\/span><\/a><\/div><\/div><\/div><\/div><\/div>\t\t\t\t<\/div>\n\t\t\t\t<\/div>\n\t\t\t\t<div class=\"elementor-element elementor-element-62f6b4fbc7063 elementor-widget elementor-widget-spps_button_list\" data-id=\"62f6b4fbc7063\" data-element_type=\"widget\" data-e-type=\"widget\" data-widget_type=\"spps_button_list.default\">\n\t\t\t\t<div class=\"elementor-widget-container\">\n\t\t\t\t\t<div class=\"button-list-wrapper wrapper-spacing-small  \"><div class=\"button-list-title\"><h3>R\u00e9solutions approuv\u00e9es<\/h3><\/div><div class=\"button-list-container\"><div class=\"button-list-items\"><div class=\"button-list-item\"><div class=\"button-wrapper \"><a href=\"https:\/\/staging.sp-ps.ch\/wp-content\/uploads\/2021\/05\/genozid_an_uigurinnen_f_0.pdf\"  target=\"_self\" class=\"button-link button-link-default\" >Contre le g\u00e9nocide des ou\u00efghour-e-s<span class=\"button-media-date\">21.04.2026<\/span><\/a><\/div><\/div><div class=\"button-list-item\"><div class=\"button-wrapper \"><a href=\"https:\/\/staging.sp-ps.ch\/wp-content\/uploads\/2021\/05\/klimagerechtigkeit_f_0.pdf\"  target=\"_self\" class=\"button-link button-link-default\" >Ensemble vers la justice climatique !<span class=\"button-media-date\">21.04.2026<\/span><\/a><\/div><\/div><div class=\"button-list-item\"><div class=\"button-wrapper \"><a href=\"https:\/\/staging.sp-ps.ch\/wp-content\/uploads\/2021\/05\/zukunftsfahiger_finanzplatz_f_0.pdf\"  target=\"_self\" class=\"button-link button-link-default\" >Pour une place financi\u00e8re durable <span class=\"button-media-date\">21.04.2026<\/span><\/a><\/div><\/div><div class=\"button-list-item\"><div class=\"button-wrapper \"><a href=\"https:\/\/staging.sp-ps.ch\/wp-content\/uploads\/2021\/05\/corona-impfstoffe_f_0.pdf\"  target=\"_self\" class=\"button-link button-link-default\" >Sortir rapidement et solidairement de la pand\u00e9mie : pour un acc\u00e8s \u00e9quitable mondial au vaccin contre le Coronavirus <span class=\"button-media-date\">21.04.2026<\/span><\/a><\/div><\/div><\/div><\/div><\/div>\t\t\t\t<\/div>\n\t\t\t\t<\/div>\n\t\t\t\t<div class=\"elementor-element elementor-element-62f6b4fbedc41 elementor-widget elementor-widget-spps_button_list\" data-id=\"62f6b4fbedc41\" data-element_type=\"widget\" data-e-type=\"widget\" data-widget_type=\"spps_button_list.default\">\n\t\t\t\t<div class=\"elementor-widget-container\">\n\t\t\t\t\t<div class=\"button-list-wrapper wrapper-spacing-small  \"><div class=\"button-list-title\"><h3>Documentation finale <\/h3><\/div><div class=\"button-list-container\"><div class=\"button-list-items\"><div class=\"button-list-item\"><div class=\"button-wrapper \"><a href=\"https:\/\/staging.sp-ps.ch\/wp-content\/uploads\/2021\/05\/antrage_covid-papier_f.pdf\"  target=\"_self\" class=\"button-link button-link-default\" >Amendements au papier de position '\u00c9merger de la crise dans un pays solidaire, f\u00e9ministe, \u00e9cologique'<span class=\"button-media-date\">21.04.2026<\/span><\/a><\/div><\/div><div class=\"button-list-item\"><div class=\"button-wrapper \"><a href=\"https:\/\/staging.sp-ps.ch\/wp-content\/uploads\/2021\/05\/instruktionsheft_f_0.pdf\"  target=\"_self\" class=\"button-link button-link-default\" >Cahier d'instructions sur l'outil num\u00e9rique<span class=\"button-media-date\">21.04.2026<\/span><\/a><\/div><\/div><div class=\"button-list-item\"><div class=\"button-wrapper \"><a href=\"https:\/\/staging.sp-ps.ch\/wp-content\/uploads\/2021\/05\/schlussdokumentation_f_def_4.pdf\"  target=\"_self\" class=\"button-link button-link-default\" >Documentation finale<span class=\"button-media-date\">21.04.2026<\/span><\/a><\/div><\/div><div class=\"button-list-item\"><div class=\"button-wrapper \"><a href=\"https:\/\/tsueri.cloud\/s\/Hoa6qPFq4YXXKgJ\"  target=\"_self\" class=\"button-link button-link-default\" >Vid\u00e9o pour les demandes de prise de parole<span class=\"button-media-date\">21.04.2026<\/span><\/a><\/div><\/div><div class=\"button-list-item\"><div class=\"button-wrapper \"><a href=\"https:\/\/tsueri.cloud\/s\/gLLK4JjZaT5tw4W\"  target=\"_self\" class=\"button-link button-link-default\" >Vid\u00e9o pour les inscriptions\/enregistrements<span class=\"button-media-date\">21.04.2026<\/span><\/a><\/div><\/div><\/div><\/div><\/div>\t\t\t\t<\/div>\n\t\t\t\t<\/div>\n\t\t\t\t<div class=\"elementor-element elementor-element-62f6b4fc20ed7 elementor-widget elementor-widget-spps_button_list\" data-id=\"62f6b4fc20ed7\" data-element_type=\"widget\" data-e-type=\"widget\" data-widget_type=\"spps_button_list.default\">\n\t\t\t\t<div class=\"elementor-widget-container\">\n\t\t\t\t\t<div class=\"button-list-wrapper wrapper-spacing-small  \"><div class=\"button-list-title\"><h3>Envoi 1 (du 7 avril 2021)<\/h3><\/div><div class=\"button-list-container\"><div class=\"button-list-items\"><div class=\"button-list-item\"><div class=\"button-wrapper \"><a href=\"https:\/\/staging.sp-ps.ch\/wp-content\/uploads\/2021\/05\/versandheft_f_def_15.pdf\"  target=\"_self\" class=\"button-link button-link-default\" >Invitation Assembl\u00e9e des d\u00e9l\u00e9gu\u00e9-e-s num\u00e9rique du 8 mai 2021<span class=\"button-media-date\">21.04.2026<\/span><\/a><\/div><\/div><div class=\"button-list-item\"><div class=\"button-wrapper \"><a href=\"https:\/\/staging.sp-ps.ch\/wp-content\/uploads\/2021\/05\/sps_covid-broschure_f.pdf\"  target=\"_self\" class=\"button-link button-link-default\" >Papier de position du PS Suisse sur le financement solidaire de la crise li\u00e9e au coronavirus <span class=\"button-media-date\">21.04.2026<\/span><\/a><\/div><\/div><div class=\"button-list-item\"><div class=\"button-wrapper \"><a href=\"https:\/\/staging.sp-ps.ch\/wp-content\/uploads\/2021\/05\/dv_protokoll_13022021_def.pdf\"  target=\"_self\" class=\"button-link button-link-default\" >Proc\u00e8s-verbal de l\u2019Assembl\u00e9e des d\u00e9l\u00e9gu\u00e9-e-s num\u00e9rique du 13 f\u00e9vrier 2021<span class=\"button-media-date\">21.04.2026<\/span><\/a><\/div><\/div><\/div><\/div><\/div>\t\t\t\t<\/div>\n\t\t\t\t<\/div>\n\t\t\t\t<div class=\"elementor-element elementor-element-62f6b4fc2dff8 elementor-widget elementor-widget-spps_button_list\" data-id=\"62f6b4fc2dff8\" data-element_type=\"widget\" data-e-type=\"widget\" data-widget_type=\"spps_button_list.default\">\n\t\t\t\t<div class=\"elementor-widget-container\">\n\t\t\t\t\t<div class=\"button-list-wrapper wrapper-spacing-small  \"><div class=\"button-list-title\"><h3>Papier de la Pr\u00e9sidence  (Papier de travail, non amendable)<\/h3><\/div><div class=\"button-list-container\"><div class=\"button-list-items\"><div class=\"button-list-item\"><div class=\"button-wrapper \"><a href=\"https:\/\/staging.sp-ps.ch\/wp-content\/uploads\/2021\/05\/analysepapier_finanzierung_corona_krise_f.pdf\"  target=\"_self\" class=\"button-link button-link-default\" >Financement solidaire des co\u00fbts li\u00e9s au coronavirus, lutte contre la pr\u00e9carisation, gestion de la crise climatique <span class=\"button-media-date\">21.04.2026<\/span><\/a><\/div><\/div><\/div><\/div><\/div>\t\t\t\t<\/div>\n\t\t\t\t<\/div>\n\t\t\t\t<div class=\"elementor-element elementor-element-62f6b4fc47c70 elementor-widget elementor-widget-spps_button_list\" data-id=\"62f6b4fc47c70\" data-element_type=\"widget\" data-e-type=\"widget\" data-widget_type=\"spps_button_list.default\">\n\t\t\t\t<div class=\"elementor-widget-container\">\n\t\t\t\t\t<div class=\"button-list-wrapper wrapper-spacing-small  \"><div class=\"button-list-title\"><h3>M\u00e9dias<\/h3><\/div><div class=\"button-list-container\"><div class=\"button-list-items\"><div class=\"button-list-item\"><div class=\"button-wrapper \"><a href=\"https:\/\/staging.sp-ps.ch\/wp-content\/uploads\/2021\/05\/210508_-_discours_f_cw_-_gbo.pdf\"  target=\"_self\" class=\"button-link button-link-default\" >Discours de C\u00e9dric Wermuth, co-pr\u00e9sident du PS Suisse<span class=\"button-media-date\">21.04.2026<\/span><\/a><\/div><\/div><div class=\"button-list-item\"><div class=\"button-wrapper \"><a href=\"https:\/\/staging.sp-ps.ch\/wp-content\/uploads\/2021\/05\/210504_medieneinladung_dv_8mai2021_fr_0.pdf\"  target=\"_self\" class=\"button-link button-link-default\" >Invitation aux m\u00e9dias<span class=\"button-media-date\">21.04.2026<\/span><\/a><\/div><\/div><\/div><\/div><\/div>\t\t\t\t<\/div>\n\t\t\t\t<\/div>\n\t\t\t\t\t<\/div>\n\t\t<\/div>\n\t\t\t\t\t<\/div>\n\t\t<\/section>\n\t\t\t\t<\/div>\n\t\t","protected":false},"excerpt":{"rendered":"","protected":false},"author":1,"featured_media":63939,"parent":0,"menu_order":0,"comment_status":"open","ping_status":"closed","template":"","meta":{"footnotes":""},"class_list":["post-67629","page","type-page","status-publish","has-post-thumbnail","hentry"],"_links":{"self":[{"href":"https:\/\/staging.sp-ps.ch\/fr\/wp-json\/wp\/v2\/pages\/67629","targetHints":{"allow":["GET"]}}],"collection":[{"href":"https:\/\/staging.sp-ps.ch\/fr\/wp-json\/wp\/v2\/pages"}],"about":[{"href":"https:\/\/staging.sp-ps.ch\/fr\/wp-json\/wp\/v2\/types\/page"}],"author":[{"embeddable":true,"href":"https:\/\/staging.sp-ps.ch\/fr\/wp-json\/wp\/v2\/users\/1"}],"replies":[{"embeddable":true,"href":"https:\/\/staging.sp-ps.ch\/fr\/wp-json\/wp\/v2\/comments?post=67629"}],"version-history":[{"count":0,"href":"https:\/\/staging.sp-ps.ch\/fr\/wp-json\/wp\/v2\/pages\/67629\/revisions"}],"wp:featuredmedia":[{"embeddable":true,"href":"https:\/\/staging.sp-ps.ch\/fr\/wp-json\/wp\/v2\/media\/63939"}],"wp:attachment":[{"href":"https:\/\/staging.sp-ps.ch\/fr\/wp-json\/wp\/v2\/media?parent=67629"}],"curies":[{"name":"wp","href":"https:\/\/api.w.org\/{rel}","templated":true}]}}